{"id":1612,"date":"2020-07-28T10:31:20","date_gmt":"2020-07-28T10:31:20","guid":{"rendered":"https:\/\/distribucionarc.com\/?post_type=product&#038;p=1612"},"modified":"2020-09-27T10:27:06","modified_gmt":"2020-09-27T10:27:06","slug":"otomatik-bildircin-yumurtasi-soyucu","status":"publish","type":"product","link":"https:\/\/distribucionarc.com\/tr\/producto\/peladora-automatica-de-huevos-de-codorniz\/","title":{"rendered":"Otomatik b\u0131ld\u0131rc\u0131n yumurtas\u0131 soyma makinesi"},"content":{"rendered":"<h2>Otomatik b\u0131ld\u0131rc\u0131n yumurtas\u0131 soyma makinesi<\/h2>\n<p>Kullan\u0131m\u0131 kolayd\u0131r, s\u0131k\u0131c\u0131 i\u015flemlerle u\u011fra\u015fman\u0131za gerek kalmaz. Yar\u0131 otomatik \u00e7al\u0131\u015fma i\u00e7in yumurtaya hafif\u00e7e t\u0131klamak yeterlidir. B\u0131ld\u0131rc\u0131n yumurtas\u0131 soyma i\u015fleminin zarar verme oran\u0131 d\u00fc\u015f\u00fckt\u00fcr.<\/p>\n<p>La <strong>b\u0131ld\u0131rc\u0131n ku\u015fu yumurta soyaca\u011f\u0131 <span style=\"color: #ff0000;\">\u0130LE<\/span><span style=\"color: #0000ff;\">R<\/span>C<\/strong> 25W motor kullan\u0131r, <span style=\"color: #008000;\"><strong>D\u00fc\u015f\u00fck g\u00fc\u00e7 t\u00fcketimi, ancak y\u00fcksek \u00e7al\u0131\u015fma verimlili\u011fi<\/strong><\/span>. Soyulma h\u0131z\u0131 h\u0131zl\u0131d\u0131r. <strong>50 kg\/saat&#039;e kadar \u00fcretim<\/strong>, zaman ve i\u015f\u00e7ilik maliyetini etkili bir \u015fekilde azalt\u0131r.<\/p>\n<p>O <strong>b\u0131ld\u0131rc\u0131n yumurtas\u0131 soyaca\u011f\u0131 <span style=\"color: #ff0000;\">\u0130LE<\/span><span style=\"color: #0000ff;\">R<\/span>CPAH1<\/strong>\u00a0G\u0131daya uygun 304 paslanmaz \u00e7elikten \u00fcretilmi\u015ftir. Sa\u011flamd\u0131r ve kolay kolay paslanmaz, uzun s\u00fcreli kullan\u0131m i\u00e7in birinci s\u0131n\u0131f bir makine olmas\u0131n\u0131 sa\u011flar.<\/p>\n<p>Yumurta kabu\u011funu y\u0131rtmak i\u00e7in hortum d\u00f6n\u00fc\u015f tasar\u0131m\u0131n\u0131 kullanarak soyma i\u015flemini ger\u00e7ekle\u015ftirin. Hortumlar\u0131m\u0131zda hijyenik, sa\u011fl\u0131kl\u0131 ve g\u00fcvenli olan g\u0131da s\u0131n\u0131f\u0131 hammaddeler kullan\u0131lmaktad\u0131r.<\/p>\n<p>Boyutu <strong>yumurta soyaca\u011f\u0131<\/strong> K\u00fc\u00e7\u00fckt\u00fcr, ta\u015f\u0131nmas\u0131 ve ta\u015f\u0131nmas\u0131 kolayd\u0131r. \u00c7ok fazla yer kaplamaz, farkl\u0131 mutfak tiplerine uygundur.<\/p>\n<h6><\/h6>\n<h6>Garanti<strong>\u00a0<span style=\"color: #ff0000;\">\u0130LE<\/span><span style=\"color: #0000ff;\">R<\/span>\u00c7 2 YIL<\/strong><\/h6>\n<h6><span style=\"color: #008000;\">d\u00fc\u015f\u00fck t\u00fcketimli daha verimli motor 18w<\/span><\/h6>\n<h6>teknik destek dahildir.<\/h6>\n<p>&nbsp;<\/p>\n<table role=\"presentation\" width=\"100%\" cellspacing=\"0\" cellpadding=\"0\">\n<tbody>\n<tr>\n<td class=\"attrLabels\">G\u00fc\u00e7:<\/td>\n<td width=\"50.0%\">18B<\/td>\n<\/tr>\n<tr>\n<td class=\"attrLabels\">Gerilim:<\/td>\n<td width=\"50.0%\">110V \u2013 220V 50Hz \u2013 60Hz<\/td>\n<td class=\"attrLabels\">A\u011f\u0131rl\u0131k:<\/td>\n<td width=\"50.0%\">2,5 kg<\/td>\n<\/tr>\n<tr>\n<td class=\"attrLabels\">Da\u011f\u0131t\u0131m \u00fclkesi:<\/td>\n<td width=\"50.0%\">\u0130spanya, Almanya, ABD<\/td>\n<td class=\"attrLabels\">Y\u00fckseklik:<\/td>\n<td width=\"50.0%\">11 santim<\/td>\n<\/tr>\n<tr>\n<td class=\"attrLabels\">Marka:<\/td>\n<td width=\"50.0%\">ARK<\/td>\n<td class=\"attrLabels\">Uzun:<\/td>\n<td width=\"50.0%\">40cm<\/td>\n<\/tr>\n<tr>\n<td class=\"attrLabels\">\u00dcr\u00fcn tipi:<\/td>\n<td width=\"50.0%\">B\u0131ld\u0131rc\u0131n Yumurtas\u0131 Soyucu<\/td>\n<td class=\"attrLabels\">Geni\u015f:<\/td>\n<td width=\"50.0%\">\u00a018cm<\/td>\n<\/tr>\n<tr>\n<td class=\"attrLabels\">\u00dcretici numaras\u0131:<\/td>\n<td width=\"50.0%\">ARCPAH1<\/td>\n<td class=\"attrLabels\">\u00c7al\u0131\u015fma h\u0131z\u0131:<\/td>\n<td width=\"50.0%\">\u00a0saatte 50 kg<\/td>\n<\/tr>\n<tr>\n<td class=\"attrLabels\">Malzeme:<\/td>\n<td width=\"50.0%\">Paslanmaz \u00e7elik, g\u0131da s\u0131n\u0131f\u0131 hortumlar<\/td>\n<td class=\"attrLabels\">\u00a0Garanti:<\/td>\n<td width=\"50.0%\">2 YIL<\/td>\n<\/tr>\n<tr>\n<td class=\"attrLabels\">Renk:<\/td>\n<td width=\"50.0%\">G\u00fcm\u00fc\u015f<\/td>\n<td class=\"attrLabels\"><\/td>\n<td width=\"50.0%\"><\/td>\n<\/tr>\n<tr>\n<td class=\"attrLabels\">Kurulum ara\u00e7lar\u0131:<\/td>\n<td width=\"50.0%\">Evet<\/td>\n<td class=\"attrLabels\"><\/td>\n<td width=\"50.0%\"><\/td>\n<\/tr>\n<\/tbody>\n<\/table>","protected":false},"excerpt":{"rendered":"<h2>Otomatik b\u0131ld\u0131rc\u0131n yumurtas\u0131 soyma makinesi<\/h2>\n<p>Yemeklerinizi ve tapaslar\u0131n\u0131z\u0131 haz\u0131rlarken zamandan tasarruf edin, bu <strong>otomatik soyucu <span style=\"color: #ff0000;\">\u0130LE<\/span><span style=\"color: #0000ff;\">R<\/span>CPAH1<\/strong> Temiz, kesiksiz bir \u00fcr\u00fcn elde etmek i\u00e7in tek bir d\u00fc\u011fmeye basman\u0131z yeterli.<\/p>\n<p><strong>Profesyonel b\u0131ld\u0131rc\u0131n yumurtas\u0131 soyma makinesi <span style=\"color: #ff0000;\">\u0130LE<\/span><span style=\"color: #0000ff;\">R<\/span>C<\/strong>, birinci s\u0131n\u0131f 304 paslanmaz \u00e7elikten \u00fcretilmi\u015ftir, dayan\u0131kl\u0131d\u0131r ve kullan\u0131m\u0131 g\u00fcvenlidir. Yumurtalar\u0131 y\u00fcksek verimle ve az k\u0131r\u0131lmayla soyabilmektedir. \u00c7\u0131kt\u0131ya kadar <strong>60 kg\/saat<\/strong>, manuel soyma s\u00fcresini \u00f6nemli \u00f6l\u00e7\u00fcde azalt\u0131r. Boyutu k\u00fc\u00e7\u00fck oldu\u011fundan ta\u015f\u0131nmas\u0131 ve ta\u015f\u0131nmas\u0131 kolayd\u0131r. Otel, restoran, bar ve catering sekt\u00f6r\u00fcne uygundur.<\/p>\n<h6>Garanti<strong>\u00a0<span style=\"color: #ff0000;\">\u0130LE<\/span><span style=\"color: #0000ff;\">R<\/span>\u00c7 2 YIL<\/strong><\/h6>\n<h6><span style=\"color: #008000;\">d\u00fc\u015f\u00fck t\u00fcketimli daha verimli motor 18w<\/span><\/h6>\n<h6>teknik destek dahildir.<\/h6>","protected":false},"featured_media":1619,"comment_status":"open","ping_status":"closed","template":"","meta":{"wds_primary_product_brand":0,"wds_primary_product_cat":0},"product_brand":[],"product_cat":[43,61],"product_tag":[],"class_list":{"0":"post-1612","1":"product","2":"type-product","3":"status-publish","4":"has-post-thumbnail","6":"product_cat-cortadoras-de-alimentos","7":"product_cat-peladoras-de-alimentos","8":"product_shipping_class-hosteleria","10":"first","11":"instock","12":"sale","13":"taxable","14":"shipping-taxable","15":"purchasable","16":"product-type-simple"},"yoast_head":"<!-- This site is optimized with the Yoast SEO Premium plugin v24.9 (Yoast SEO v26.1) - https:\/\/yoast.com\/wordpress\/plugins\/seo\/ -->\n<title>Peladora autom\u00e1tica de huevos de codorniz - distribuci\u00f3n ARC<\/title>\n<meta name=\"robots\" content=\"index, follow, max-snippet:-1, max-image-preview:large, max-video-preview:-1\" \/>\n<link rel=\"canonical\" href=\"https:\/\/distribucionarc.com\/tr\/urun\/otomatik-bildircin-yumurtasi-soyucu\/\" \/>\n<meta property=\"og:locale\" content=\"tr_TR\" \/>\n<meta property=\"og:type\" content=\"article\" \/>\n<meta property=\"og:title\" content=\"Peladora autom\u00e1tica de huevos de codorniz\" \/>\n<meta property=\"og:description\" content=\"Peladora autom\u00e1tica de huevos de codorniz Ahorre tiempo para elaborar sus platos y tapas, con esta peladora autom\u00e1tica ARCPAH1 tan solo tendr\u00e1 que presionar un bot\u00f3n para obtener un producto limpio y sin cortes.  M\u00e1quina profesional para pelar huevos de codorniz ARC, hecha de acero inoxidable 304 premium, es duradera y segura de usar. Puede pelar huevos con alta eficiencia y con poca rotura. Salida de hasta 60 kg \/ h, reduce significativamente el tiempo de pelado manual. El tama\u00f1o es peque\u00f1o, conveniente para mover y transportar. Adecuado para hoteles, restaurantes, bar e industria de catering. Garant\u00eda\u00a0ARC 2 A\u00d1OS motor m\u00e1s eficiente bajo consumo 18w soporte t\u00e9cnico\u00a0incluido.\" \/>\n<meta property=\"og:url\" content=\"https:\/\/distribucionarc.com\/tr\/urun\/otomatik-bildircin-yumurtasi-soyucu\/\" \/>\n<meta property=\"og:site_name\" content=\"distribuci\u00f3n ARC\" \/>\n<meta property=\"article:modified_time\" content=\"2020-09-27T10:27:06+00:00\" \/>\n<meta property=\"og:image\" content=\"https:\/\/distribucionarc.com\/wp-content\/uploads\/2020\/07\/Peladora-autom\u00e1tica-de-huevos-de-codorniz-0.jpg\" \/>\n\t<meta property=\"og:image:width\" content=\"1600\" \/>\n\t<meta property=\"og:image:height\" content=\"1600\" \/>\n\t<meta property=\"og:image:type\" content=\"image\/jpeg\" \/>\n<meta name=\"twitter:card\" content=\"summary_large_image\" \/>\n<meta name=\"twitter:label1\" content=\"Tahmini okuma s\u00fcresi\" \/>\n\t<meta name=\"twitter:data1\" content=\"1 dakika\" \/>\n<script type=\"application\/ld+json\" class=\"yoast-schema-graph\">{\"@context\":\"https:\/\/schema.org\",\"@graph\":[{\"@type\":\"WebPage\",\"@id\":\"https:\/\/distribucionarc.com\/sk\/producto\/peladora-automatica-de-huevos-de-codorniz\/\",\"url\":\"https:\/\/distribucionarc.com\/sk\/producto\/peladora-automatica-de-huevos-de-codorniz\/\",\"name\":\"Peladora autom\u00e1tica de huevos de codorniz - distribuci\u00f3n ARC\",\"isPartOf\":{\"@id\":\"https:\/\/distribucionarc.com\/ro\/#website\"},\"primaryImageOfPage\":{\"@id\":\"https:\/\/distribucionarc.com\/sk\/producto\/peladora-automatica-de-huevos-de-codorniz\/#primaryimage\"},\"image\":{\"@id\":\"https:\/\/distribucionarc.com\/sk\/producto\/peladora-automatica-de-huevos-de-codorniz\/#primaryimage\"},\"thumbnailUrl\":\"https:\/\/distribucionarc.com\/wp-content\/uploads\/2020\/07\/Peladora-autom\u00e1tica-de-huevos-de-codorniz-0.jpg\",\"datePublished\":\"2020-07-28T10:31:20+00:00\",\"dateModified\":\"2020-09-27T10:27:06+00:00\",\"breadcrumb\":{\"@id\":\"https:\/\/distribucionarc.com\/sk\/producto\/peladora-automatica-de-huevos-de-codorniz\/#breadcrumb\"},\"inLanguage\":\"tr\",\"potentialAction\":[{\"@type\":\"ReadAction\",\"target\":[\"https:\/\/distribucionarc.com\/sk\/producto\/peladora-automatica-de-huevos-de-codorniz\/\"]}]},{\"@type\":\"ImageObject\",\"inLanguage\":\"tr\",\"@id\":\"https:\/\/distribucionarc.com\/sk\/producto\/peladora-automatica-de-huevos-de-codorniz\/#primaryimage\",\"url\":\"https:\/\/distribucionarc.com\/wp-content\/uploads\/2020\/07\/Peladora-autom\u00e1tica-de-huevos-de-codorniz-0.jpg\",\"contentUrl\":\"https:\/\/distribucionarc.com\/wp-content\/uploads\/2020\/07\/Peladora-autom\u00e1tica-de-huevos-de-codorniz-0.jpg\",\"width\":1600,\"height\":1600,\"caption\":\"Peladora autom\u00e1tica de huevos de codorniz\"},{\"@type\":\"BreadcrumbList\",\"@id\":\"https:\/\/distribucionarc.com\/sk\/producto\/peladora-automatica-de-huevos-de-codorniz\/#breadcrumb\",\"itemListElement\":[{\"@type\":\"ListItem\",\"position\":1,\"name\":\"Portada\",\"item\":\"https:\/\/distribucionarc.com\/ar\/\"},{\"@type\":\"ListItem\",\"position\":2,\"name\":\"Proizvodi\",\"item\":\"https:\/\/www.distribucionarc.com\/hr\/ducan\/\"},{\"@type\":\"ListItem\",\"position\":3,\"name\":\"Peladora autom\u00e1tica de huevos de codorniz\"}]},{\"@type\":\"WebSite\",\"@id\":\"https:\/\/distribucionarc.com\/ro\/#website\",\"url\":\"https:\/\/distribucionarc.com\/ro\/\",\"name\":\"distribuci\u00f3n ARC\",\"description\":\"Empresa especializada en la fabricaci\u00f3n y distribuci\u00f3n de maquinaria industrial, selladoras de latas, Maquinas de hacer pastillas, Maquinas de cortar carne...\",\"publisher\":{\"@id\":\"https:\/\/distribucionarc.com\/ro\/#organization\"},\"potentialAction\":[{\"@type\":\"SearchAction\",\"target\":{\"@type\":\"EntryPoint\",\"urlTemplate\":\"https:\/\/distribucionarc.com\/ro\/?s={search_term_string}\"},\"query-input\":{\"@type\":\"PropertyValueSpecification\",\"valueRequired\":true,\"valueName\":\"search_term_string\"}}],\"inLanguage\":\"tr\"},{\"@type\":\"Organization\",\"@id\":\"https:\/\/distribucionarc.com\/ro\/#organization\",\"name\":\"Distribuci\u00f3n ARC\",\"url\":\"https:\/\/distribucionarc.com\/ro\/\",\"logo\":{\"@type\":\"ImageObject\",\"inLanguage\":\"tr\",\"@id\":\"https:\/\/distribucionarc.com\/ro\/#\/schema\/logo\/image\/\",\"url\":\"https:\/\/distribucionarc.com\/wp-content\/uploads\/2024\/10\/distribucion-ARC-COLOR-SIN-FONDO-e1732295305345.png\",\"contentUrl\":\"https:\/\/distribucionarc.com\/wp-content\/uploads\/2024\/10\/distribucion-ARC-COLOR-SIN-FONDO-e1732295305345.png\",\"width\":1164,\"height\":558,\"caption\":\"Distribuci\u00f3n ARC\"},\"image\":{\"@id\":\"https:\/\/distribucionarc.com\/ro\/#\/schema\/logo\/image\/\"},\"description\":\"Empresa especializada en la fabricaci\u00f3n y distribuci\u00f3n de maquinaria industrial para los sectores alimentario y farmac\u00e9utico. Nos especializamos en: M\u00e1quinas de cortar carne Fabricaci\u00f3n de comprimidos Sistemas de transporte industrial L\u00edneas de embotellado Dosificadores Y mucho m\u00e1s... Ofrecemos soluciones innovadoras y personalizadas para optimizar los procesos productivos de tu empresa.\",\"email\":\"Admistracion@distribucionarc.com\",\"telephone\":\"+34 643496664\",\"legalName\":\"ARC TECH SOLUTIONS\",\"foundingDate\":\"2024-04-09\",\"vatID\":\"B55480172\",\"numberOfEmployees\":{\"@type\":\"QuantitativeValue\",\"minValue\":\"1\",\"maxValue\":\"10\"}}]}<\/script>\n<!-- \/ Yoast SEO Premium plugin. -->","yoast_head_json":{"title":"Otomatik b\u0131ld\u0131rc\u0131n yumurtas\u0131 soyucu - ARC da\u011f\u0131t\u0131m","robots":{"index":"index","follow":"follow","max-snippet":"max-snippet:-1","max-image-preview":"max-image-preview:large","max-video-preview":"max-video-preview:-1"},"canonical":"https:\/\/distribucionarc.com\/tr\/urun\/otomatik-bildircin-yumurtasi-soyucu\/","og_locale":"tr_TR","og_type":"article","og_title":"Peladora autom\u00e1tica de huevos de codorniz","og_description":"Peladora autom\u00e1tica de huevos de codorniz Ahorre tiempo para elaborar sus platos y tapas, con esta peladora autom\u00e1tica ARCPAH1 tan solo tendr\u00e1 que presionar un bot\u00f3n para obtener un producto limpio y sin cortes.  M\u00e1quina profesional para pelar huevos de codorniz ARC, hecha de acero inoxidable 304 premium, es duradera y segura de usar. Puede pelar huevos con alta eficiencia y con poca rotura. Salida de hasta 60 kg \/ h, reduce significativamente el tiempo de pelado manual. El tama\u00f1o es peque\u00f1o, conveniente para mover y transportar. Adecuado para hoteles, restaurantes, bar e industria de catering. Garant\u00eda\u00a0ARC 2 A\u00d1OS motor m\u00e1s eficiente bajo consumo 18w soporte t\u00e9cnico\u00a0incluido.","og_url":"https:\/\/distribucionarc.com\/tr\/urun\/otomatik-bildircin-yumurtasi-soyucu\/","og_site_name":"distribuci\u00f3n ARC","article_modified_time":"2020-09-27T10:27:06+00:00","og_image":[{"width":1600,"height":1600,"url":"https:\/\/distribucionarc.com\/wp-content\/uploads\/2020\/07\/Peladora-autom\u00e1tica-de-huevos-de-codorniz-0.jpg","type":"image\/jpeg"}],"twitter_card":"summary_large_image","twitter_misc":{"Tahmini okuma s\u00fcresi":"1 dakika"},"schema":{"@context":"https:\/\/schema.org","@graph":[{"@type":"WebPage","@id":"https:\/\/distribucionarc.com\/sk\/producto\/peladora-automatica-de-huevos-de-codorniz\/","url":"https:\/\/distribucionarc.com\/sk\/producto\/peladora-automatica-de-huevos-de-codorniz\/","name":"Otomatik b\u0131ld\u0131rc\u0131n yumurtas\u0131 soyucu - ARC da\u011f\u0131t\u0131m","isPartOf":{"@id":"https:\/\/distribucionarc.com\/ro\/#website"},"primaryImageOfPage":{"@id":"https:\/\/distribucionarc.com\/sk\/producto\/peladora-automatica-de-huevos-de-codorniz\/#primaryimage"},"image":{"@id":"https:\/\/distribucionarc.com\/sk\/producto\/peladora-automatica-de-huevos-de-codorniz\/#primaryimage"},"thumbnailUrl":"https:\/\/distribucionarc.com\/wp-content\/uploads\/2020\/07\/Peladora-autom\u00e1tica-de-huevos-de-codorniz-0.jpg","datePublished":"2020-07-28T10:31:20+00:00","dateModified":"2020-09-27T10:27:06+00:00","breadcrumb":{"@id":"https:\/\/distribucionarc.com\/sk\/producto\/peladora-automatica-de-huevos-de-codorniz\/#breadcrumb"},"inLanguage":"tr","potentialAction":[{"@type":"ReadAction","target":["https:\/\/distribucionarc.com\/sk\/producto\/peladora-automatica-de-huevos-de-codorniz\/"]}]},{"@type":"ImageObject","inLanguage":"tr","@id":"https:\/\/distribucionarc.com\/sk\/producto\/peladora-automatica-de-huevos-de-codorniz\/#primaryimage","url":"https:\/\/distribucionarc.com\/wp-content\/uploads\/2020\/07\/Peladora-autom\u00e1tica-de-huevos-de-codorniz-0.jpg","contentUrl":"https:\/\/distribucionarc.com\/wp-content\/uploads\/2020\/07\/Peladora-autom\u00e1tica-de-huevos-de-codorniz-0.jpg","width":1600,"height":1600,"caption":"Peladora autom\u00e1tica de huevos de codorniz"},{"@type":"BreadcrumbList","@id":"https:\/\/distribucionarc.com\/sk\/producto\/peladora-automatica-de-huevos-de-codorniz\/#breadcrumb","itemListElement":[{"@type":"ListItem","position":1,"name":"Portada","item":"https:\/\/distribucionarc.com\/ar\/"},{"@type":"ListItem","position":2,"name":"Proizvodi","item":"https:\/\/www.distribucionarc.com\/hr\/ducan\/"},{"@type":"ListItem","position":3,"name":"Peladora autom\u00e1tica de huevos de codorniz"}]},{"@type":"WebSite","@id":"https:\/\/distribucionarc.com\/ro\/#website","url":"https:\/\/distribucionarc.com\/ro\/","name":"ARC da\u011f\u0131t\u0131m\u0131","description":"End\u00fcstriyel makinelerin \u00fcretimi ve da\u011f\u0131t\u0131m\u0131 konusunda uzmanla\u015fm\u0131\u015f \u015firket, kutu m\u00fch\u00fcrleme makineleri, tablet yapma makineleri, et kesme makineleri...","publisher":{"@id":"https:\/\/distribucionarc.com\/ro\/#organization"},"potentialAction":[{"@type":"SearchAction","target":{"@type":"EntryPoint","urlTemplate":"https:\/\/distribucionarc.com\/ro\/?s={search_term_string}"},"query-input":{"@type":"PropertyValueSpecification","valueRequired":true,"valueName":"search_term_string"}}],"inLanguage":"tr"},{"@type":"Organization","@id":"https:\/\/distribucionarc.com\/ro\/#organization","name":"ARC Da\u011f\u0131t\u0131m\u0131","url":"https:\/\/distribucionarc.com\/ro\/","logo":{"@type":"ImageObject","inLanguage":"tr","@id":"https:\/\/distribucionarc.com\/ro\/#\/schema\/logo\/image\/","url":"https:\/\/distribucionarc.com\/wp-content\/uploads\/2024\/10\/distribucion-ARC-COLOR-SIN-FONDO-e1732295305345.png","contentUrl":"https:\/\/distribucionarc.com\/wp-content\/uploads\/2024\/10\/distribucion-ARC-COLOR-SIN-FONDO-e1732295305345.png","width":1164,"height":558,"caption":"Distribuci\u00f3n ARC"},"image":{"@id":"https:\/\/distribucionarc.com\/ro\/#\/schema\/logo\/image\/"},"description":"\u015eirket, g\u0131da ve ila\u00e7 sekt\u00f6rleri i\u00e7in end\u00fcstriyel makine \u00fcretimi ve da\u011f\u0131t\u0131m\u0131 konusunda uzmanla\u015fm\u0131\u015ft\u0131r. Uzmanl\u0131k alanlar\u0131m\u0131z Et kesme makineleri Tablet \u00fcretimi End\u00fcstriyel ta\u015f\u0131ma sistemleri \u015ei\u015feleme hatlar\u0131 Dozajlama makineleri Ve \u00e7ok daha fazlas\u0131... \u015eirketinizin \u00fcretim s\u00fcre\u00e7lerini optimize etmek i\u00e7in yenilik\u00e7i ve \u00f6zelle\u015ftirilmi\u015f \u00e7\u00f6z\u00fcmler sunuyoruz.","email":"Admistracion@distribucionarc.com","telephone":"+34 643496664","legalName":"ARC TECH SOLUTIONS","foundingDate":"2024-04-09","vatID":"B55480172","numberOfEmployees":{"@type":"QuantitativeValue","minValue":"1","maxValue":"10"}}]}},"_links":{"self":[{"href":"https:\/\/distribucionarc.com\/tr\/wp-json\/wp\/v2\/product\/1612","targetHints":{"allow":["GET"]}}],"collection":[{"href":"https:\/\/distribucionarc.com\/tr\/wp-json\/wp\/v2\/product"}],"about":[{"href":"https:\/\/distribucionarc.com\/tr\/wp-json\/wp\/v2\/types\/product"}],"replies":[{"embeddable":true,"href":"https:\/\/distribucionarc.com\/tr\/wp-json\/wp\/v2\/comments?post=1612"}],"version-history":[{"count":0,"href":"https:\/\/distribucionarc.com\/tr\/wp-json\/wp\/v2\/product\/1612\/revisions"}],"wp:featuredmedia":[{"embeddable":true,"href":"https:\/\/distribucionarc.com\/tr\/wp-json\/wp\/v2\/media\/1619"}],"wp:attachment":[{"href":"https:\/\/distribucionarc.com\/tr\/wp-json\/wp\/v2\/media?parent=1612"}],"wp:term":[{"taxonomy":"product_brand","embeddable":true,"href":"https:\/\/distribucionarc.com\/tr\/wp-json\/wp\/v2\/product_brand?post=1612"},{"taxonomy":"product_cat","embeddable":true,"href":"https:\/\/distribucionarc.com\/tr\/wp-json\/wp\/v2\/product_cat?post=1612"},{"taxonomy":"product_tag","embeddable":true,"href":"https:\/\/distribucionarc.com\/tr\/wp-json\/wp\/v2\/product_tag?post=1612"}],"curies":[{"name":"wp","href":"https:\/\/api.w.org\/{rel}","templated":true}]}}