{"id":1641,"date":"2020-07-28T16:23:12","date_gmt":"2020-07-28T16:23:12","guid":{"rendered":"https:\/\/distribucionarc.com\/?post_type=product&#038;p=1641"},"modified":"2020-09-27T16:40:39","modified_gmt":"2020-09-27T16:40:39","slug":"patlamis-misir-makinesi","status":"publish","type":"product","link":"https:\/\/distribucionarc.com\/tr\/producto\/maquina-para-palomitas\/","title":{"rendered":"Patlam\u0131\u015f m\u0131s\u0131r makinesi"},"content":{"rendered":"<h3>Patlam\u0131\u015f m\u0131s\u0131r makinesi<\/h3>\n<p>La\u00a0<strong>patlam\u0131\u015f m\u0131s\u0131r makinesi<\/strong>\u00a0\u00c7o\u011funlukla y\u00fcksek kaliteli paslanmaz \u00e7elikten yap\u0131lm\u0131\u015f olup, temizlenmesi \u00e7ok kolayd\u0131r ve korozyona kar\u015f\u0131 etkili bir \u015fekilde korunur. Ek olarak,\u00a0<strong>tencerenin teflon kaplamas\u0131<\/strong>\u00a0Patlam\u0131\u015f m\u0131s\u0131r\u0131n k\u0131zarmas\u0131n\u0131 veya yanmas\u0131n\u0131 \u00f6nler. Tencerenin \u00e7ap\u0131 18,5 cm&#039;dir<\/p>\n<p>Paneller\u00a0<strong>temperli camdan yap\u0131lm\u0131\u015f<\/strong>. Bir kaza durumunda par\u00e7alanmak yerine k\u00fc\u00e7\u00fck par\u00e7alara ayr\u0131l\u0131rlar.\u00a0<strong>patlam\u0131\u015f m\u0131s\u0131r makinesi\u00a0<span style=\"color: #ff0000;\">\u0130LE<span style=\"color: #0000ff;\">R<\/span><\/span>C<\/strong> K\u00fc\u00e7\u00fck kap\u0131larda bulunan \u00fc\u00e7 adet ge\u00e7i\u015f anahtar\u0131 ile donat\u0131lm\u0131\u015ft\u0131r. S\u0131cakl\u0131\u011f\u0131 kontrol etmek i\u00e7in makineyi ve kar\u0131\u015ft\u0131rma fonksiyonunu etkinle\u015ftirin.<\/p>\n<p>La\u00a0<strong>patlam\u0131\u015f m\u0131s\u0131r makinesi\u00a0<span style=\"color: #ff0000;\">\u0130LE<\/span><span style=\"color: #0000ff;\">R<\/span>CMPC02<\/strong>\u00a01350 watt ile \u00e7al\u0131\u015f\u0131r, y\u00fcksek g\u00fcc\u00fc ve otomatik termostat\u0131 sayesinde \u00e7al\u0131\u015fma s\u0131cakl\u0131\u011f\u0131na h\u0131zl\u0131 bir \u015fekilde ula\u015f\u0131r. garantili\u00a0<span style=\"color: #008000;\"><strong>Y\u00fcksek i\u015f verimlili\u011fi ve d\u00fc\u015f\u00fck enerji t\u00fcketimi<\/strong><\/span>. Bu sayede saatte yakla\u015f\u0131k 5 kg \u00fcretim yapabilmektedir.<\/p>\n<h6><strong>Garanti\u00a0<span style=\"color: #ff0000;\">\u0130LE<\/span><span style=\"color: #0000ff;\">R<\/span>C<\/strong><strong>\u00a02 YIL<\/strong><\/h6>\n<h6><span style=\"color: #008000;\"><strong>Verimli patlam\u0131\u015f m\u0131s\u0131r makinesi, d\u00fc\u015f\u00fck t\u00fcketim 1350w<\/strong><\/span><\/h6>\n<h6><strong>teknik destek dahil<\/strong><\/h6>\n<p>&nbsp;<\/p>\n<table role=\"presentation\" width=\"100%\" cellspacing=\"0\" cellpadding=\"0\">\n<tbody>\n<tr>\n<td class=\"attrLabels\">\u00dcretici Numaras\u0131:<\/td>\n<td width=\"50.0%\">ARCMPC02<\/td>\n<\/tr>\n<tr>\n<td class=\"attrLabels\">Da\u011f\u0131t\u0131m \u00fclkesi:<\/td>\n<td width=\"50.0%\">\u0130spanya, Almanya, ABD<\/td>\n<td class=\"attrLabels\">A\u011f\u0131rl\u0131k:<\/td>\n<td width=\"50.0%\">22 kg<\/td>\n<\/tr>\n<tr>\n<td class=\"attrLabels\">Marka:<\/td>\n<td width=\"50.0%\">ARK<\/td>\n<td class=\"attrLabels\">Y\u00fcksek:<\/td>\n<td width=\"50.0%\">75cm<\/td>\n<\/tr>\n<tr>\n<td class=\"attrLabels\">Renk:<\/td>\n<td width=\"50.0%\">Pembe<\/td>\n<td class=\"attrLabels\">Uzun:<\/td>\n<td width=\"50.0%\">56cm<\/td>\n<\/tr>\n<tr>\n<td class=\"attrLabels\">\u00dcr\u00fcn tipi:<\/td>\n<td width=\"50.0%\">Arabal\u0131 patlam\u0131\u015f m\u0131s\u0131r makinesi<\/td>\n<td class=\"attrLabels\">Geni\u015f:<\/td>\n<td width=\"50.0%\">52cm<\/td>\n<\/tr>\n<tr>\n<td class=\"attrLabels\">Tencere boyutu:<\/td>\n<td width=\"50.0%\">223g<\/td>\n<td class=\"attrLabels\">G\u00fc\u00e7:<\/td>\n<td width=\"50.0%\">1350W<\/td>\n<\/tr>\n<tr>\n<td class=\"attrLabels\">Malzeme:<\/td>\n<td width=\"50.0%\">g\u0131daya uygun paslanmaz \u00e7elik<\/td>\n<td class=\"attrLabels\">Gerilim:<\/td>\n<td width=\"50.0%\">220V \u2013 60Hz<\/td>\n<\/tr>\n<tr>\n<td class=\"attrLabels\">Makine boyutu:<\/td>\n<td width=\"50.0%\">56x52x75cm<\/td>\n<td class=\"attrLabels\">Yetenek:<\/td>\n<td width=\"50.0%\">16L<\/td>\n<\/tr>\n<tr>\n<td class=\"attrLabels\">Kurulum ara\u00e7lar\u0131:<\/td>\n<td width=\"50.0%\">Evet<\/td>\n<td class=\"attrLabels\">\u00dcretme:<\/td>\n<td width=\"50.0%\">saatte 50 kg<\/td>\n<\/tr>\n<\/tbody>\n<\/table>\n<p>&nbsp;<\/p>","protected":false},"excerpt":{"rendered":"<h2>Patlam\u0131\u015f m\u0131s\u0131r makinesi<\/h2>\n<p>Avantajlardan yararlan\u0131n<strong>\u00a0patlam\u0131\u015f m\u0131s\u0131r makinesi\u00a0<span style=\"color: #ff0000;\">\u0130LE<\/span><span style=\"color: #0000ff;\">R<\/span>CMPC02<\/strong>\u00a0\u0130ster sinemalarda, ister marketlerde, ister festivallerde m\u00fckemmel bir lezzet deneyimine kendinizi ikna edin!<\/p>\n<p>Makine\u00a0<strong>patlam\u0131\u015f m\u0131s\u0131r\u00a0<span style=\"color: #ff0000;\">\u0130LE<\/span><span style=\"color: #0000ff;\">R<\/span>C<\/strong> Gastronomi alan\u0131nda profesyonel kullan\u0131m i\u00e7in \u00f6zel olarak tasarlanm\u0131\u015ft\u0131r ve olduk\u00e7a ilgi \u00e7ekicidir. Ne\u015feli tasar\u0131m\u0131, \u00e7arp\u0131c\u0131 k\u0131rm\u0131z\u0131 rengi ve emaye tavan\u0131yla oldu\u011fu kadar \u0131s\u0131tmal\u0131 ve ayd\u0131nlatmal\u0131 haznesi, kar\u0131\u015ft\u0131rma sistemi ve otomatik termostat\u0131yla da g\u00f6z dolduruyor.<\/p>\n<h6><strong>Garanti<span style=\"color: #ff0000;\">\u00a0\u0130LE<\/span><span style=\"color: #0000ff;\">R<\/span>C<\/strong><strong>\u00a02 YIL<\/strong><\/h6>\n<h6><span style=\"color: #008000;\"><strong>Verimli patlam\u0131\u015f m\u0131s\u0131r makinesi, d\u00fc\u015f\u00fck t\u00fcketim 1350w<\/strong><\/span><\/h6>\n<h6><strong>teknik destek dahil<\/strong><\/h6>","protected":false},"featured_media":1630,"comment_status":"open","ping_status":"closed","template":"","meta":{"wds_primary_product_brand":0,"wds_primary_product_cat":0},"product_brand":[],"product_cat":[56],"product_tag":[],"class_list":{"0":"post-1641","1":"product","2":"type-product","3":"status-publish","4":"has-post-thumbnail","6":"product_cat-maquinaria-para-ferias","7":"product_shipping_class-hosteleria","9":"first","10":"instock","11":"sale","12":"taxable","13":"shipping-taxable","14":"purchasable","15":"product-type-simple"},"yoast_head":"<!-- This site is optimized with the Yoast SEO Premium plugin v24.9 (Yoast SEO v26.1) - https:\/\/yoast.com\/wordpress\/plugins\/seo\/ -->\n<title>Maquina para palomitas - distribuci\u00f3n ARC<\/title>\n<meta name=\"robots\" content=\"index, follow, max-snippet:-1, max-image-preview:large, max-video-preview:-1\" \/>\n<link rel=\"canonical\" href=\"https:\/\/distribucionarc.com\/tr\/urun\/patlamis-misir-makinesi\/\" \/>\n<meta property=\"og:locale\" content=\"tr_TR\" \/>\n<meta property=\"og:type\" content=\"article\" \/>\n<meta property=\"og:title\" content=\"Maquina para palomitas\" \/>\n<meta property=\"og:description\" content=\"Maquina para palomitas Saca partido a la\u00a0m\u00e1quina de palomitas\u00a0ARCMPC02\u00a0y d\u00e9jate convencer por una excelente experiencia de sabor, \u00a1ya sea en cines, mercadillos o festivales!  La m\u00e1quina de\u00a0palomitas de ma\u00edz\u00a0ARC ha sido especialmente dise\u00f1ada para el uso profesional en gastronom\u00eda y resulta toda una atracci\u00f3n. No solo impresiona por su dise\u00f1o alegre, el llamativo color rojo, y techo esmaltado, sino tambi\u00e9n por su c\u00e1mara calefactada e iluminada, sistema de agitaci\u00f3n y termostato autom\u00e1tico. Garant\u00eda\u00a0ARC\u00a02 A\u00d1OS M\u00e1quina de palomitas eficiente, bajo consumo 1350w soporte t\u00e9cnico incluido\" \/>\n<meta property=\"og:url\" content=\"https:\/\/distribucionarc.com\/tr\/urun\/patlamis-misir-makinesi\/\" \/>\n<meta property=\"og:site_name\" content=\"distribuci\u00f3n ARC\" \/>\n<meta property=\"article:modified_time\" content=\"2020-09-27T16:40:39+00:00\" \/>\n<meta property=\"og:image\" content=\"https:\/\/distribucionarc.com\/wp-content\/uploads\/2020\/07\/M\u00e1quina-para-palomitas-con-carro-1.jpg\" \/>\n\t<meta property=\"og:image:width\" content=\"1600\" \/>\n\t<meta property=\"og:image:height\" content=\"1600\" \/>\n\t<meta property=\"og:image:type\" content=\"image\/jpeg\" \/>\n<meta name=\"twitter:card\" content=\"summary_large_image\" \/>\n<meta name=\"twitter:label1\" content=\"Tahmini okuma s\u00fcresi\" \/>\n\t<meta name=\"twitter:data1\" content=\"1 dakika\" \/>\n<script type=\"application\/ld+json\" class=\"yoast-schema-graph\">{\"@context\":\"https:\/\/schema.org\",\"@graph\":[{\"@type\":\"WebPage\",\"@id\":\"https:\/\/distribucionarc.com\/sl\/producto\/maquina-para-palomitas\/\",\"url\":\"https:\/\/distribucionarc.com\/sl\/producto\/maquina-para-palomitas\/\",\"name\":\"Maquina para palomitas - distribuci\u00f3n ARC\",\"isPartOf\":{\"@id\":\"https:\/\/distribucionarc.com\/de\/#website\"},\"primaryImageOfPage\":{\"@id\":\"https:\/\/distribucionarc.com\/sl\/producto\/maquina-para-palomitas\/#primaryimage\"},\"image\":{\"@id\":\"https:\/\/distribucionarc.com\/sl\/producto\/maquina-para-palomitas\/#primaryimage\"},\"thumbnailUrl\":\"https:\/\/distribucionarc.com\/wp-content\/uploads\/2020\/07\/M\u00e1quina-para-palomitas-con-carro-1.jpg\",\"datePublished\":\"2020-07-28T16:23:12+00:00\",\"dateModified\":\"2020-09-27T16:40:39+00:00\",\"breadcrumb\":{\"@id\":\"https:\/\/distribucionarc.com\/sl\/producto\/maquina-para-palomitas\/#breadcrumb\"},\"inLanguage\":\"tr\",\"potentialAction\":[{\"@type\":\"ReadAction\",\"target\":[\"https:\/\/distribucionarc.com\/sl\/producto\/maquina-para-palomitas\/\"]}]},{\"@type\":\"ImageObject\",\"inLanguage\":\"tr\",\"@id\":\"https:\/\/distribucionarc.com\/sl\/producto\/maquina-para-palomitas\/#primaryimage\",\"url\":\"https:\/\/distribucionarc.com\/wp-content\/uploads\/2020\/07\/M\u00e1quina-para-palomitas-con-carro-1.jpg\",\"contentUrl\":\"https:\/\/distribucionarc.com\/wp-content\/uploads\/2020\/07\/M\u00e1quina-para-palomitas-con-carro-1.jpg\",\"width\":1600,\"height\":1600,\"caption\":\"M\u00e1quina para palomitas\"},{\"@type\":\"BreadcrumbList\",\"@id\":\"https:\/\/distribucionarc.com\/sl\/producto\/maquina-para-palomitas\/#breadcrumb\",\"itemListElement\":[{\"@type\":\"ListItem\",\"position\":1,\"name\":\"Portada\",\"item\":\"https:\/\/distribucionarc.com\/pl\/\"},{\"@type\":\"ListItem\",\"position\":2,\"name\":\"Produkty\",\"item\":\"https:\/\/distribucionarc.com\/pl\/shop\/\"},{\"@type\":\"ListItem\",\"position\":3,\"name\":\"Maquina para palomitas\"}]},{\"@type\":\"WebSite\",\"@id\":\"https:\/\/distribucionarc.com\/de\/#website\",\"url\":\"https:\/\/distribucionarc.com\/de\/\",\"name\":\"distribuci\u00f3n ARC\",\"description\":\"Empresa especializada en la fabricaci\u00f3n y distribuci\u00f3n de maquinaria industrial, selladoras de latas, Maquinas de hacer pastillas, Maquinas de cortar carne...\",\"publisher\":{\"@id\":\"https:\/\/distribucionarc.com\/de\/#organization\"},\"potentialAction\":[{\"@type\":\"SearchAction\",\"target\":{\"@type\":\"EntryPoint\",\"urlTemplate\":\"https:\/\/distribucionarc.com\/de\/?s={search_term_string}\"},\"query-input\":{\"@type\":\"PropertyValueSpecification\",\"valueRequired\":true,\"valueName\":\"search_term_string\"}}],\"inLanguage\":\"tr\"},{\"@type\":\"Organization\",\"@id\":\"https:\/\/distribucionarc.com\/de\/#organization\",\"name\":\"Distribuci\u00f3n ARC\",\"url\":\"https:\/\/distribucionarc.com\/de\/\",\"logo\":{\"@type\":\"ImageObject\",\"inLanguage\":\"tr\",\"@id\":\"https:\/\/distribucionarc.com\/de\/#\/schema\/logo\/image\/\",\"url\":\"https:\/\/distribucionarc.com\/wp-content\/uploads\/2024\/10\/distribucion-ARC-COLOR-SIN-FONDO-e1732295305345.png\",\"contentUrl\":\"https:\/\/distribucionarc.com\/wp-content\/uploads\/2024\/10\/distribucion-ARC-COLOR-SIN-FONDO-e1732295305345.png\",\"width\":1164,\"height\":558,\"caption\":\"Distribuci\u00f3n ARC\"},\"image\":{\"@id\":\"https:\/\/distribucionarc.com\/de\/#\/schema\/logo\/image\/\"},\"description\":\"Empresa especializada en la fabricaci\u00f3n y distribuci\u00f3n de maquinaria industrial para los sectores alimentario y farmac\u00e9utico. Nos especializamos en: M\u00e1quinas de cortar carne Fabricaci\u00f3n de comprimidos Sistemas de transporte industrial L\u00edneas de embotellado Dosificadores Y mucho m\u00e1s... Ofrecemos soluciones innovadoras y personalizadas para optimizar los procesos productivos de tu empresa.\",\"email\":\"Admistracion@distribucionarc.com\",\"telephone\":\"+34 643496664\",\"legalName\":\"ARC TECH SOLUTIONS\",\"foundingDate\":\"2024-04-09\",\"vatID\":\"B55480172\",\"numberOfEmployees\":{\"@type\":\"QuantitativeValue\",\"minValue\":\"1\",\"maxValue\":\"10\"}}]}<\/script>\n<!-- \/ Yoast SEO Premium plugin. -->","yoast_head_json":{"title":"Patlam\u0131\u015f m\u0131s\u0131r makinesi - ARC da\u011f\u0131t\u0131m\u0131","robots":{"index":"index","follow":"follow","max-snippet":"max-snippet:-1","max-image-preview":"max-image-preview:large","max-video-preview":"max-video-preview:-1"},"canonical":"https:\/\/distribucionarc.com\/tr\/urun\/patlamis-misir-makinesi\/","og_locale":"tr_TR","og_type":"article","og_title":"Maquina para palomitas","og_description":"Maquina para palomitas Saca partido a la\u00a0m\u00e1quina de palomitas\u00a0ARCMPC02\u00a0y d\u00e9jate convencer por una excelente experiencia de sabor, \u00a1ya sea en cines, mercadillos o festivales!  La m\u00e1quina de\u00a0palomitas de ma\u00edz\u00a0ARC ha sido especialmente dise\u00f1ada para el uso profesional en gastronom\u00eda y resulta toda una atracci\u00f3n. No solo impresiona por su dise\u00f1o alegre, el llamativo color rojo, y techo esmaltado, sino tambi\u00e9n por su c\u00e1mara calefactada e iluminada, sistema de agitaci\u00f3n y termostato autom\u00e1tico. Garant\u00eda\u00a0ARC\u00a02 A\u00d1OS M\u00e1quina de palomitas eficiente, bajo consumo 1350w soporte t\u00e9cnico incluido","og_url":"https:\/\/distribucionarc.com\/tr\/urun\/patlamis-misir-makinesi\/","og_site_name":"distribuci\u00f3n ARC","article_modified_time":"2020-09-27T16:40:39+00:00","og_image":[{"width":1600,"height":1600,"url":"https:\/\/distribucionarc.com\/wp-content\/uploads\/2020\/07\/M\u00e1quina-para-palomitas-con-carro-1.jpg","type":"image\/jpeg"}],"twitter_card":"summary_large_image","twitter_misc":{"Tahmini okuma s\u00fcresi":"1 dakika"},"schema":{"@context":"https:\/\/schema.org","@graph":[{"@type":"WebPage","@id":"https:\/\/distribucionarc.com\/sl\/producto\/maquina-para-palomitas\/","url":"https:\/\/distribucionarc.com\/sl\/producto\/maquina-para-palomitas\/","name":"Patlam\u0131\u015f m\u0131s\u0131r makinesi - ARC da\u011f\u0131t\u0131m\u0131","isPartOf":{"@id":"https:\/\/distribucionarc.com\/de\/#website"},"primaryImageOfPage":{"@id":"https:\/\/distribucionarc.com\/sl\/producto\/maquina-para-palomitas\/#primaryimage"},"image":{"@id":"https:\/\/distribucionarc.com\/sl\/producto\/maquina-para-palomitas\/#primaryimage"},"thumbnailUrl":"https:\/\/distribucionarc.com\/wp-content\/uploads\/2020\/07\/M\u00e1quina-para-palomitas-con-carro-1.jpg","datePublished":"2020-07-28T16:23:12+00:00","dateModified":"2020-09-27T16:40:39+00:00","breadcrumb":{"@id":"https:\/\/distribucionarc.com\/sl\/producto\/maquina-para-palomitas\/#breadcrumb"},"inLanguage":"tr","potentialAction":[{"@type":"ReadAction","target":["https:\/\/distribucionarc.com\/sl\/producto\/maquina-para-palomitas\/"]}]},{"@type":"ImageObject","inLanguage":"tr","@id":"https:\/\/distribucionarc.com\/sl\/producto\/maquina-para-palomitas\/#primaryimage","url":"https:\/\/distribucionarc.com\/wp-content\/uploads\/2020\/07\/M\u00e1quina-para-palomitas-con-carro-1.jpg","contentUrl":"https:\/\/distribucionarc.com\/wp-content\/uploads\/2020\/07\/M\u00e1quina-para-palomitas-con-carro-1.jpg","width":1600,"height":1600,"caption":"M\u00e1quina para palomitas"},{"@type":"BreadcrumbList","@id":"https:\/\/distribucionarc.com\/sl\/producto\/maquina-para-palomitas\/#breadcrumb","itemListElement":[{"@type":"ListItem","position":1,"name":"Portada","item":"https:\/\/distribucionarc.com\/pl\/"},{"@type":"ListItem","position":2,"name":"Produkty","item":"https:\/\/distribucionarc.com\/pl\/shop\/"},{"@type":"ListItem","position":3,"name":"Maquina para palomitas"}]},{"@type":"WebSite","@id":"https:\/\/distribucionarc.com\/de\/#website","url":"https:\/\/distribucionarc.com\/de\/","name":"ARC da\u011f\u0131t\u0131m\u0131","description":"End\u00fcstriyel makinelerin \u00fcretimi ve da\u011f\u0131t\u0131m\u0131 konusunda uzmanla\u015fm\u0131\u015f \u015firket, kutu m\u00fch\u00fcrleme makineleri, tablet yapma makineleri, et kesme makineleri...","publisher":{"@id":"https:\/\/distribucionarc.com\/de\/#organization"},"potentialAction":[{"@type":"SearchAction","target":{"@type":"EntryPoint","urlTemplate":"https:\/\/distribucionarc.com\/de\/?s={search_term_string}"},"query-input":{"@type":"PropertyValueSpecification","valueRequired":true,"valueName":"search_term_string"}}],"inLanguage":"tr"},{"@type":"Organization","@id":"https:\/\/distribucionarc.com\/de\/#organization","name":"ARC Da\u011f\u0131t\u0131m\u0131","url":"https:\/\/distribucionarc.com\/de\/","logo":{"@type":"ImageObject","inLanguage":"tr","@id":"https:\/\/distribucionarc.com\/de\/#\/schema\/logo\/image\/","url":"https:\/\/distribucionarc.com\/wp-content\/uploads\/2024\/10\/distribucion-ARC-COLOR-SIN-FONDO-e1732295305345.png","contentUrl":"https:\/\/distribucionarc.com\/wp-content\/uploads\/2024\/10\/distribucion-ARC-COLOR-SIN-FONDO-e1732295305345.png","width":1164,"height":558,"caption":"Distribuci\u00f3n ARC"},"image":{"@id":"https:\/\/distribucionarc.com\/de\/#\/schema\/logo\/image\/"},"description":"\u015eirket, g\u0131da ve ila\u00e7 sekt\u00f6rleri i\u00e7in end\u00fcstriyel makine \u00fcretimi ve da\u011f\u0131t\u0131m\u0131 konusunda uzmanla\u015fm\u0131\u015ft\u0131r. Uzmanl\u0131k alanlar\u0131m\u0131z Et kesme makineleri Tablet \u00fcretimi End\u00fcstriyel ta\u015f\u0131ma sistemleri \u015ei\u015feleme hatlar\u0131 Dozajlama makineleri Ve \u00e7ok daha fazlas\u0131... \u015eirketinizin \u00fcretim s\u00fcre\u00e7lerini optimize etmek i\u00e7in yenilik\u00e7i ve \u00f6zelle\u015ftirilmi\u015f \u00e7\u00f6z\u00fcmler sunuyoruz.","email":"Admistracion@distribucionarc.com","telephone":"+34 643496664","legalName":"ARC TECH SOLUTIONS","foundingDate":"2024-04-09","vatID":"B55480172","numberOfEmployees":{"@type":"QuantitativeValue","minValue":"1","maxValue":"10"}}]}},"_links":{"self":[{"href":"https:\/\/distribucionarc.com\/tr\/wp-json\/wp\/v2\/product\/1641","targetHints":{"allow":["GET"]}}],"collection":[{"href":"https:\/\/distribucionarc.com\/tr\/wp-json\/wp\/v2\/product"}],"about":[{"href":"https:\/\/distribucionarc.com\/tr\/wp-json\/wp\/v2\/types\/product"}],"replies":[{"embeddable":true,"href":"https:\/\/distribucionarc.com\/tr\/wp-json\/wp\/v2\/comments?post=1641"}],"version-history":[{"count":0,"href":"https:\/\/distribucionarc.com\/tr\/wp-json\/wp\/v2\/product\/1641\/revisions"}],"wp:featuredmedia":[{"embeddable":true,"href":"https:\/\/distribucionarc.com\/tr\/wp-json\/wp\/v2\/media\/1630"}],"wp:attachment":[{"href":"https:\/\/distribucionarc.com\/tr\/wp-json\/wp\/v2\/media?parent=1641"}],"wp:term":[{"taxonomy":"product_brand","embeddable":true,"href":"https:\/\/distribucionarc.com\/tr\/wp-json\/wp\/v2\/product_brand?post=1641"},{"taxonomy":"product_cat","embeddable":true,"href":"https:\/\/distribucionarc.com\/tr\/wp-json\/wp\/v2\/product_cat?post=1641"},{"taxonomy":"product_tag","embeddable":true,"href":"https:\/\/distribucionarc.com\/tr\/wp-json\/wp\/v2\/product_tag?post=1641"}],"curies":[{"name":"wp","href":"https:\/\/api.w.org\/{rel}","templated":true}]}}