{"id":1656,"date":"2020-07-29T10:18:14","date_gmt":"2020-07-29T10:18:14","guid":{"rendered":"https:\/\/distribucionarc.com\/?post_type=product&#038;p=1656"},"modified":"2020-10-21T09:34:08","modified_gmt":"2020-10-21T09:34:08","slug":"meyve-sebze-ezici","status":"publish","type":"product","link":"https:\/\/distribucionarc.com\/tr\/producto\/trituradora-de-frutas-y-verduras\/","title":{"rendered":"Meyve ve sebze k\u0131r\u0131c\u0131"},"content":{"rendered":"<h3>Meyve ve sebze k\u0131r\u0131c\u0131<\/h3>\n<p>Bu <strong>domates sosu yapmak i\u00e7in k\u0131r\u0131c\u0131<\/strong> Paslanmaz \u00e7elikten yap\u0131lm\u0131\u015ft\u0131r. G\u0131da ile temas eden t\u00fcm par\u00e7alar en iyi g\u0131da kalitesine sahip 304 paslanmaz \u00e7elikten imal edilmi\u015ftir.<\/p>\n<p>Bu<strong> sos yapma makinesi <span style=\"color: #ff0000;\">\u0130LE<\/span><span style=\"color: #0000ff;\">R<\/span>C<\/strong> A\u00e7\u0131ktaki motorlarla kar\u015f\u0131la\u015ft\u0131r\u0131ld\u0131\u011f\u0131nda \u00e7ok daha dayan\u0131kl\u0131 olan, paslanmaz \u00e7elik d\u0131\u015f g\u00f6vdeli, uluslararas\u0131 300W saf bak\u0131r motoru benimser. ek olarak<span style=\"color: #008000;\"><strong> d\u00fc\u015f\u00fck enerji t\u00fcketimini te\u015fvik etmek<\/strong><\/span>.<\/p>\n<p>O <strong>domates i\u015flemcisi <span style=\"color: #ff0000;\">\u0130LE<\/span><span style=\"color: #0000ff;\">R<\/span>CTTE1<\/strong>22 cm&#039;lik geni\u015f \u00e7apl\u0131 hunisi ile dut, domates gibi bol miktarda meyveyi ayn\u0131 anda yerle\u015ftirebilirsiniz. Besleyicinin a\u00e7\u0131s\u0131 ayarlanabilir; Besleyici kelep\u00e7esi s\u0131\u00e7ramay\u0131 etkili bir \u015fekilde \u00f6nler; At\u0131klar\u0131 etkili bir \u015fekilde bo\u015faltmak i\u00e7in korna filtresi; Rahat hareket etmek i\u00e7in ergonomik sap.<\/p>\n<p>Bu domates ve sos s\u00fczgecinin su ge\u00e7irmezlik seviyesi II. seviyedir, bu da makinenin temizli\u011fini son derece kolayla\u015ft\u0131r\u0131r; D\u00fc\u015f\u00fck g\u00fcr\u00fclt\u00fc sayesinde istedi\u011finiz zaman yemek pi\u015firmenin keyfini \u00e7\u0131karabilirsiniz<\/p>\n<p>Is\u0131y\u0131 h\u0131zl\u0131 bir \u015fekilde da\u011f\u0131tmaya ve servis \u00f6mr\u00fcn\u00fc uzatmaya yard\u0131mc\u0131 olan geni\u015f bir \u0131s\u0131 da\u011f\u0131tma delikleri y\u00fczeyi ile donat\u0131lm\u0131\u015ft\u0131r.<strong> meyve ve sebze i\u015flemcisi <span style=\"color: #ff0000;\">\u0130LE<\/span><span style=\"color: #0000ff;\">R<\/span>C.<\/strong><\/p>\n<p>&nbsp;<\/p>\n<h6>Garanti<strong>\u00a0<\/strong><span style=\"color: #ff0000;\"><strong>\u0130LE<\/strong><\/span><span style=\"color: #0000ff;\"><strong>R<\/strong><\/span><strong>\u00c7 2 YIL<\/strong><\/h6>\n<h6><span style=\"color: #008000;\">en verimli motor d\u00fc\u015f\u00fck t\u00fcketim 300w<\/span><\/h6>\n<h6>teknik destek dahildir.<\/h6>\n<p>&nbsp;<\/p>\n<table role=\"presentation\" width=\"100%\" cellspacing=\"0\" cellpadding=\"0\">\n<tbody>\n<tr>\n<td class=\"attrLabels\">G\u00fc\u00e7:<\/td>\n<td width=\"50.0%\">300W<\/td>\n<\/tr>\n<tr>\n<td class=\"attrLabels\">Gerilim:<\/td>\n<td width=\"50.0%\">220V 50Hz<\/td>\n<td class=\"attrLabels\">A\u011f\u0131rl\u0131k:<\/td>\n<td width=\"50.0%\">18 kg<\/td>\n<\/tr>\n<tr>\n<td class=\"attrLabels\">Da\u011f\u0131t\u0131m \u00fclkesi:<\/td>\n<td width=\"50.0%\">\u0130spanya, Almanya, ABD<\/td>\n<td class=\"attrLabels\">Y\u00fckseklik:<\/td>\n<td width=\"50.0%\">34,5 cm<\/td>\n<\/tr>\n<tr>\n<td class=\"attrLabels\">Marka:<\/td>\n<td width=\"50.0%\">ARK<\/td>\n<td class=\"attrLabels\">Uzun:<\/td>\n<td width=\"50.0%\">20cm<\/td>\n<\/tr>\n<tr>\n<td class=\"attrLabels\">\u00dcr\u00fcn tipi:<\/td>\n<td width=\"50.0%\">Meyve ve sebze i\u015flemcisi<\/td>\n<td class=\"attrLabels\">Geni\u015f:<\/td>\n<td width=\"50.0%\">\u00a050cm<\/td>\n<\/tr>\n<tr>\n<td class=\"attrLabels\">\u00dcretici numaras\u0131:<\/td>\n<td width=\"50.0%\">ARCTTE1<\/td>\n<td class=\"attrLabels\">\u00c7al\u0131\u015fma h\u0131z\u0131:<\/td>\n<td width=\"50.0%\">\u00a0Saatte 90 ila 160 Kg<\/td>\n<\/tr>\n<tr>\n<td class=\"attrLabels\">Malzeme:<\/td>\n<td width=\"50.0%\">paslanmaz \u00e7elik, bak\u0131r motor<\/td>\n<td class=\"attrLabels\">Giri\u015f \u00e7ap\u0131:<\/td>\n<td width=\"50.0%\">22cm<\/td>\n<\/tr>\n<tr>\n<td class=\"attrLabels\">Renk:<\/td>\n<td width=\"50.0%\">G\u00fcm\u00fc\u015f<\/td>\n<td class=\"attrLabels\">Garanti:<\/td>\n<td width=\"50.0%\">2 YIL<\/td>\n<\/tr>\n<tr>\n<td class=\"attrLabels\">Kurulum ara\u00e7lar\u0131:<\/td>\n<td width=\"50.0%\">Evet<\/td>\n<td class=\"attrLabels\"><\/td>\n<td width=\"50.0%\"><\/td>\n<\/tr>\n<\/tbody>\n<\/table>\n<p>&nbsp;<\/p>\n<p>&nbsp;<\/p>","protected":false},"excerpt":{"rendered":"<h2>Meyve ve sebze k\u0131r\u0131c\u0131<\/h2>\n<p>Bu <strong>domates k\u0131r\u0131c\u0131 <span style=\"color: #ff0000;\">\u0130LE<\/span><span style=\"color: #0000ff;\">R<\/span>CTTE1<\/strong> Kendi soslar\u0131n\u0131z\u0131 ve re\u00e7ellerinizi yapmak i\u00e7in idealdir, tek tu\u015fla taze ve lezzetli bir \u00fcr\u00fcn elde edersiniz.<\/p>\n<p><strong>g\u0131da de\u011firmeni<span style=\"color: #ff0000;\"> \u0130LE<\/span><span style=\"color: #0000ff;\">R<\/span>C<\/strong> Ticari, paslanmaz \u00e7elikten yap\u0131lm\u0131\u015f olup, montaj\u0131 ve temizli\u011fi kolayd\u0131r. Dayan\u0131kl\u0131l\u0131\u011f\u0131n\u0131 art\u0131rmak i\u00e7in paslanmaz \u00e7elik d\u0131\u015f kaplamal\u0131 uluslararas\u0131 saf bak\u0131r motoru benimser. Geni\u015f \u00e7apl\u0131 huni, yeterli miktarda meyvenin beslenmesini kolayla\u015ft\u0131r\u0131r. \u00c7e\u015fitli tatlarda re\u00e7eller yapmak i\u00e7in m\u00fckemmeldir.<\/p>\n<h6>Garanti<strong>\u00a0<\/strong><span style=\"color: #ff0000;\"><strong>\u0130LE<\/strong><\/span><span style=\"color: #0000ff;\"><strong>R<\/strong><\/span><strong>\u00c7 2 YIL<\/strong><\/h6>\n<h6><span style=\"color: #008000;\">en verimli motor d\u00fc\u015f\u00fck t\u00fcketim 300w<\/span><\/h6>\n<h6>teknik destek dahildir.<\/h6>\n<h6><\/h6>","protected":false},"featured_media":1663,"comment_status":"open","ping_status":"closed","template":"","meta":{"wds_primary_product_brand":0,"wds_primary_product_cat":0},"product_brand":[],"product_cat":[43,55],"product_tag":[],"class_list":{"0":"post-1656","1":"product","2":"type-product","3":"status-publish","4":"has-post-thumbnail","6":"product_cat-cortadoras-de-alimentos","7":"product_cat-extractor-prensa-de-aceites","8":"product_shipping_class-hosteleria","10":"first","11":"instock","12":"sale","13":"taxable","14":"shipping-taxable","15":"purchasable","16":"product-type-simple"},"yoast_head":"<!-- This site is optimized with the Yoast SEO Premium plugin v24.9 (Yoast SEO v26.1) - https:\/\/yoast.com\/wordpress\/plugins\/seo\/ -->\n<title>Trituradora de frutas y verduras - distribuci\u00f3n ARC<\/title>\n<meta name=\"robots\" content=\"index, follow, max-snippet:-1, max-image-preview:large, max-video-preview:-1\" \/>\n<link rel=\"canonical\" href=\"https:\/\/www.distribucionarc.com\/sl\/producto\/trituradora-de-frutas-y-verduras\/\" \/>\n<meta property=\"og:locale\" content=\"tr_TR\" \/>\n<meta property=\"og:type\" content=\"article\" \/>\n<meta property=\"og:title\" content=\"Trituradora de frutas y verduras\" \/>\n<meta property=\"og:description\" content=\"Trituradora de frutas y verduras Esta trituradora de tomates ARCTTE1 es la indicada para elaborar tus propias salsas y mermeladas, tan solo con un bot\u00f3n obtendr\u00e1s un producto fresco y sabroso.  Triturador de alimentos ARC comercial, est\u00e1 hecho de acero inoxidable, es f\u00e1cil de ensamblar y limpiar. Adopta un motor internacional de cobre puro con una carcasa exterior de acero inoxidable para favorecer a su durabilidad. El embudo de gran di\u00e1metro facilita la alimentaci\u00f3n suficiente de las frutas. Perfecto para hacer las mermeladas de varios sabores. Garant\u00eda\u00a0ARC 2 A\u00d1OS motor m\u00e1s eficiente bajo consumo 300w soporte t\u00e9cnico\u00a0incluido.\" \/>\n<meta property=\"og:url\" content=\"https:\/\/www.distribucionarc.com\/sl\/producto\/trituradora-de-frutas-y-verduras\/\" \/>\n<meta property=\"og:site_name\" content=\"distribuci\u00f3n ARC\" \/>\n<meta property=\"article:modified_time\" content=\"2020-10-21T09:34:08+00:00\" \/>\n<meta property=\"og:image\" content=\"https:\/\/www.distribucionarc.com\/wp-content\/uploads\/2020\/07\/Trituradora-de-frutas-y-verduras-0.jpg\" \/>\n\t<meta property=\"og:image:width\" content=\"1600\" \/>\n\t<meta property=\"og:image:height\" content=\"1600\" \/>\n\t<meta property=\"og:image:type\" content=\"image\/jpeg\" \/>\n<meta name=\"twitter:card\" content=\"summary_large_image\" \/>\n<meta name=\"twitter:label1\" content=\"Tahmini okuma s\u00fcresi\" \/>\n\t<meta name=\"twitter:data1\" content=\"1 dakika\" \/>\n<script type=\"application\/ld+json\" class=\"yoast-schema-graph\">{\"@context\":\"https:\/\/schema.org\",\"@graph\":[{\"@type\":\"WebPage\",\"@id\":\"https:\/\/www.distribucionarc.com\/sl\/producto\/trituradora-de-frutas-y-verduras\/\",\"url\":\"https:\/\/www.distribucionarc.com\/sl\/producto\/trituradora-de-frutas-y-verduras\/\",\"name\":\"Trituradora de frutas y verduras - distribuci\u00f3n ARC\",\"isPartOf\":{\"@id\":\"https:\/\/www.distribucionarc.com\/de\/#website\"},\"primaryImageOfPage\":{\"@id\":\"https:\/\/www.distribucionarc.com\/sl\/producto\/trituradora-de-frutas-y-verduras\/#primaryimage\"},\"image\":{\"@id\":\"https:\/\/www.distribucionarc.com\/sl\/producto\/trituradora-de-frutas-y-verduras\/#primaryimage\"},\"thumbnailUrl\":\"https:\/\/distribucionarc.com\/wp-content\/uploads\/2020\/07\/Trituradora-de-frutas-y-verduras-0.jpg\",\"datePublished\":\"2020-07-29T10:18:14+00:00\",\"dateModified\":\"2020-10-21T09:34:08+00:00\",\"breadcrumb\":{\"@id\":\"https:\/\/www.distribucionarc.com\/sl\/producto\/trituradora-de-frutas-y-verduras\/#breadcrumb\"},\"inLanguage\":\"tr\",\"potentialAction\":[{\"@type\":\"ReadAction\",\"target\":[\"https:\/\/www.distribucionarc.com\/sl\/producto\/trituradora-de-frutas-y-verduras\/\"]}]},{\"@type\":\"ImageObject\",\"inLanguage\":\"tr\",\"@id\":\"https:\/\/www.distribucionarc.com\/sl\/producto\/trituradora-de-frutas-y-verduras\/#primaryimage\",\"url\":\"https:\/\/distribucionarc.com\/wp-content\/uploads\/2020\/07\/Trituradora-de-frutas-y-verduras-0.jpg\",\"contentUrl\":\"https:\/\/distribucionarc.com\/wp-content\/uploads\/2020\/07\/Trituradora-de-frutas-y-verduras-0.jpg\",\"width\":1600,\"height\":1600,\"caption\":\"Trituradora de frutas y verduras\"},{\"@type\":\"BreadcrumbList\",\"@id\":\"https:\/\/www.distribucionarc.com\/sl\/producto\/trituradora-de-frutas-y-verduras\/#breadcrumb\",\"itemListElement\":[{\"@type\":\"ListItem\",\"position\":1,\"name\":\"Portada\",\"item\":\"https:\/\/www.distribucionarc.com\/en\/\"},{\"@type\":\"ListItem\",\"position\":2,\"name\":\"Products\",\"item\":\"https:\/\/www.distribucionarc.com\/en\/shop\/\"},{\"@type\":\"ListItem\",\"position\":3,\"name\":\"Trituradora de frutas y verduras\"}]},{\"@type\":\"WebSite\",\"@id\":\"https:\/\/www.distribucionarc.com\/de\/#website\",\"url\":\"https:\/\/www.distribucionarc.com\/de\/\",\"name\":\"distribuci\u00f3n ARC\",\"description\":\"Empresa especializada en la fabricaci\u00f3n y distribuci\u00f3n de maquinaria industrial, selladoras de latas, Maquinas de hacer pastillas, Maquinas de cortar carne...\",\"publisher\":{\"@id\":\"https:\/\/www.distribucionarc.com\/de\/#organization\"},\"potentialAction\":[{\"@type\":\"SearchAction\",\"target\":{\"@type\":\"EntryPoint\",\"urlTemplate\":\"https:\/\/www.distribucionarc.com\/de\/?s={search_term_string}\"},\"query-input\":{\"@type\":\"PropertyValueSpecification\",\"valueRequired\":true,\"valueName\":\"search_term_string\"}}],\"inLanguage\":\"tr\"},{\"@type\":\"Organization\",\"@id\":\"https:\/\/www.distribucionarc.com\/de\/#organization\",\"name\":\"Distribuci\u00f3n ARC\",\"url\":\"https:\/\/www.distribucionarc.com\/de\/\",\"logo\":{\"@type\":\"ImageObject\",\"inLanguage\":\"tr\",\"@id\":\"https:\/\/www.distribucionarc.com\/de\/#\/schema\/logo\/image\/\",\"url\":\"https:\/\/distribucionarc.com\/wp-content\/uploads\/2024\/10\/distribucion-ARC-COLOR-SIN-FONDO-e1732295305345.png\",\"contentUrl\":\"https:\/\/distribucionarc.com\/wp-content\/uploads\/2024\/10\/distribucion-ARC-COLOR-SIN-FONDO-e1732295305345.png\",\"width\":1164,\"height\":558,\"caption\":\"Distribuci\u00f3n ARC\"},\"image\":{\"@id\":\"https:\/\/www.distribucionarc.com\/de\/#\/schema\/logo\/image\/\"},\"description\":\"Empresa especializada en la fabricaci\u00f3n y distribuci\u00f3n de maquinaria industrial para los sectores alimentario y farmac\u00e9utico. Nos especializamos en: M\u00e1quinas de cortar carne Fabricaci\u00f3n de comprimidos Sistemas de transporte industrial L\u00edneas de embotellado Dosificadores Y mucho m\u00e1s... Ofrecemos soluciones innovadoras y personalizadas para optimizar los procesos productivos de tu empresa.\",\"email\":\"Admistracion@distribucionarc.com\",\"telephone\":\"+34 643496664\",\"legalName\":\"ARC TECH SOLUTIONS\",\"foundingDate\":\"2024-04-09\",\"vatID\":\"B55480172\",\"numberOfEmployees\":{\"@type\":\"QuantitativeValue\",\"minValue\":\"1\",\"maxValue\":\"10\"}}]}<\/script>\n<!-- \/ Yoast SEO Premium plugin. -->","yoast_head_json":{"title":"Meyve ve sebze par\u00e7alay\u0131c\u0131 - ARC da\u011f\u0131t\u0131m\u0131","robots":{"index":"index","follow":"follow","max-snippet":"max-snippet:-1","max-image-preview":"max-image-preview:large","max-video-preview":"max-video-preview:-1"},"canonical":"https:\/\/www.distribucionarc.com\/sl\/producto\/trituradora-de-frutas-y-verduras\/","og_locale":"tr_TR","og_type":"article","og_title":"Trituradora de frutas y verduras","og_description":"Trituradora de frutas y verduras Esta trituradora de tomates ARCTTE1 es la indicada para elaborar tus propias salsas y mermeladas, tan solo con un bot\u00f3n obtendr\u00e1s un producto fresco y sabroso.  Triturador de alimentos ARC comercial, est\u00e1 hecho de acero inoxidable, es f\u00e1cil de ensamblar y limpiar. Adopta un motor internacional de cobre puro con una carcasa exterior de acero inoxidable para favorecer a su durabilidad. El embudo de gran di\u00e1metro facilita la alimentaci\u00f3n suficiente de las frutas. Perfecto para hacer las mermeladas de varios sabores. Garant\u00eda\u00a0ARC 2 A\u00d1OS motor m\u00e1s eficiente bajo consumo 300w soporte t\u00e9cnico\u00a0incluido.","og_url":"https:\/\/www.distribucionarc.com\/sl\/producto\/trituradora-de-frutas-y-verduras\/","og_site_name":"distribuci\u00f3n ARC","article_modified_time":"2020-10-21T09:34:08+00:00","og_image":[{"width":1600,"height":1600,"url":"https:\/\/www.distribucionarc.com\/wp-content\/uploads\/2020\/07\/Trituradora-de-frutas-y-verduras-0.jpg","type":"image\/jpeg"}],"twitter_card":"summary_large_image","twitter_misc":{"Tahmini okuma s\u00fcresi":"1 dakika"},"schema":{"@context":"https:\/\/schema.org","@graph":[{"@type":"WebPage","@id":"https:\/\/www.distribucionarc.com\/sl\/producto\/trituradora-de-frutas-y-verduras\/","url":"https:\/\/www.distribucionarc.com\/sl\/producto\/trituradora-de-frutas-y-verduras\/","name":"Meyve ve sebze par\u00e7alay\u0131c\u0131 - ARC da\u011f\u0131t\u0131m\u0131","isPartOf":{"@id":"https:\/\/www.distribucionarc.com\/de\/#website"},"primaryImageOfPage":{"@id":"https:\/\/www.distribucionarc.com\/sl\/producto\/trituradora-de-frutas-y-verduras\/#primaryimage"},"image":{"@id":"https:\/\/www.distribucionarc.com\/sl\/producto\/trituradora-de-frutas-y-verduras\/#primaryimage"},"thumbnailUrl":"https:\/\/distribucionarc.com\/wp-content\/uploads\/2020\/07\/Trituradora-de-frutas-y-verduras-0.jpg","datePublished":"2020-07-29T10:18:14+00:00","dateModified":"2020-10-21T09:34:08+00:00","breadcrumb":{"@id":"https:\/\/www.distribucionarc.com\/sl\/producto\/trituradora-de-frutas-y-verduras\/#breadcrumb"},"inLanguage":"tr","potentialAction":[{"@type":"ReadAction","target":["https:\/\/www.distribucionarc.com\/sl\/producto\/trituradora-de-frutas-y-verduras\/"]}]},{"@type":"ImageObject","inLanguage":"tr","@id":"https:\/\/www.distribucionarc.com\/sl\/producto\/trituradora-de-frutas-y-verduras\/#primaryimage","url":"https:\/\/distribucionarc.com\/wp-content\/uploads\/2020\/07\/Trituradora-de-frutas-y-verduras-0.jpg","contentUrl":"https:\/\/distribucionarc.com\/wp-content\/uploads\/2020\/07\/Trituradora-de-frutas-y-verduras-0.jpg","width":1600,"height":1600,"caption":"Trituradora de frutas y verduras"},{"@type":"BreadcrumbList","@id":"https:\/\/www.distribucionarc.com\/sl\/producto\/trituradora-de-frutas-y-verduras\/#breadcrumb","itemListElement":[{"@type":"ListItem","position":1,"name":"Portada","item":"https:\/\/www.distribucionarc.com\/en\/"},{"@type":"ListItem","position":2,"name":"Products","item":"https:\/\/www.distribucionarc.com\/en\/shop\/"},{"@type":"ListItem","position":3,"name":"Trituradora de frutas y verduras"}]},{"@type":"WebSite","@id":"https:\/\/www.distribucionarc.com\/de\/#website","url":"https:\/\/www.distribucionarc.com\/de\/","name":"ARC da\u011f\u0131t\u0131m\u0131","description":"End\u00fcstriyel makinelerin \u00fcretimi ve da\u011f\u0131t\u0131m\u0131 konusunda uzmanla\u015fm\u0131\u015f \u015firket, kutu m\u00fch\u00fcrleme makineleri, tablet yapma makineleri, et kesme makineleri...","publisher":{"@id":"https:\/\/www.distribucionarc.com\/de\/#organization"},"potentialAction":[{"@type":"SearchAction","target":{"@type":"EntryPoint","urlTemplate":"https:\/\/www.distribucionarc.com\/de\/?s={search_term_string}"},"query-input":{"@type":"PropertyValueSpecification","valueRequired":true,"valueName":"search_term_string"}}],"inLanguage":"tr"},{"@type":"Organization","@id":"https:\/\/www.distribucionarc.com\/de\/#organization","name":"ARC Da\u011f\u0131t\u0131m\u0131","url":"https:\/\/www.distribucionarc.com\/de\/","logo":{"@type":"ImageObject","inLanguage":"tr","@id":"https:\/\/www.distribucionarc.com\/de\/#\/schema\/logo\/image\/","url":"https:\/\/distribucionarc.com\/wp-content\/uploads\/2024\/10\/distribucion-ARC-COLOR-SIN-FONDO-e1732295305345.png","contentUrl":"https:\/\/distribucionarc.com\/wp-content\/uploads\/2024\/10\/distribucion-ARC-COLOR-SIN-FONDO-e1732295305345.png","width":1164,"height":558,"caption":"Distribuci\u00f3n ARC"},"image":{"@id":"https:\/\/www.distribucionarc.com\/de\/#\/schema\/logo\/image\/"},"description":"\u015eirket, g\u0131da ve ila\u00e7 sekt\u00f6rleri i\u00e7in end\u00fcstriyel makine \u00fcretimi ve da\u011f\u0131t\u0131m\u0131 konusunda uzmanla\u015fm\u0131\u015ft\u0131r. Uzmanl\u0131k alanlar\u0131m\u0131z Et kesme makineleri Tablet \u00fcretimi End\u00fcstriyel ta\u015f\u0131ma sistemleri \u015ei\u015feleme hatlar\u0131 Dozajlama makineleri Ve \u00e7ok daha fazlas\u0131... \u015eirketinizin \u00fcretim s\u00fcre\u00e7lerini optimize etmek i\u00e7in yenilik\u00e7i ve \u00f6zelle\u015ftirilmi\u015f \u00e7\u00f6z\u00fcmler sunuyoruz.","email":"Admistracion@distribucionarc.com","telephone":"+34 643496664","legalName":"ARC TECH SOLUTIONS","foundingDate":"2024-04-09","vatID":"B55480172","numberOfEmployees":{"@type":"QuantitativeValue","minValue":"1","maxValue":"10"}}]}},"_links":{"self":[{"href":"https:\/\/distribucionarc.com\/tr\/wp-json\/wp\/v2\/product\/1656","targetHints":{"allow":["GET"]}}],"collection":[{"href":"https:\/\/distribucionarc.com\/tr\/wp-json\/wp\/v2\/product"}],"about":[{"href":"https:\/\/distribucionarc.com\/tr\/wp-json\/wp\/v2\/types\/product"}],"replies":[{"embeddable":true,"href":"https:\/\/distribucionarc.com\/tr\/wp-json\/wp\/v2\/comments?post=1656"}],"version-history":[{"count":0,"href":"https:\/\/distribucionarc.com\/tr\/wp-json\/wp\/v2\/product\/1656\/revisions"}],"wp:featuredmedia":[{"embeddable":true,"href":"https:\/\/distribucionarc.com\/tr\/wp-json\/wp\/v2\/media\/1663"}],"wp:attachment":[{"href":"https:\/\/distribucionarc.com\/tr\/wp-json\/wp\/v2\/media?parent=1656"}],"wp:term":[{"taxonomy":"product_brand","embeddable":true,"href":"https:\/\/distribucionarc.com\/tr\/wp-json\/wp\/v2\/product_brand?post=1656"},{"taxonomy":"product_cat","embeddable":true,"href":"https:\/\/distribucionarc.com\/tr\/wp-json\/wp\/v2\/product_cat?post=1656"},{"taxonomy":"product_tag","embeddable":true,"href":"https:\/\/distribucionarc.com\/tr\/wp-json\/wp\/v2\/product_tag?post=1656"}],"curies":[{"name":"wp","href":"https:\/\/api.w.org\/{rel}","templated":true}]}}