{"id":1682,"date":"2020-07-29T11:46:30","date_gmt":"2020-07-29T11:46:30","guid":{"rendered":"https:\/\/distribucionarc.com\/?post_type=product&#038;p=1682"},"modified":"2023-02-06T12:52:21","modified_gmt":"2023-02-06T12:52:21","slug":"7-katli-cikolata-cesmesi","status":"publish","type":"product","link":"https:\/\/distribucionarc.com\/tr\/producto\/fuente-de-chocolate-7-niveles\/","title":{"rendered":"\u00c7ikolata \u00e7e\u015fmesi 7 seviye"},"content":{"rendered":"<h3>\u00c7ikolata \u00e7e\u015fmesi 7 seviye<\/h3>\n<p>La <strong>\u00e7ikolata \u00e7e\u015fmesi<\/strong> ile ilgili <strong><span style=\"color: #ff0000;\">\u0130LE<\/span><span style=\"color: #0000ff;\">R<\/span>C<\/strong> bir var <span style=\"color: #008000;\"><strong>Enerji tasarrufu sa\u011flayan yeni nesil sistem<\/strong><\/span> ve cihaz\u0131 otomatik kontrol ve sabit s\u0131cakl\u0131kla \u0131s\u0131t\u0131n. \u00c7ikolatay\u0131 en h\u0131zl\u0131 \u015fekilde eritin, \u00e7e\u015fmeyi oda s\u0131cakl\u0131\u011f\u0131na ayarlayabilirsiniz. Bu sayede \u00e7ikolatan\u0131n bile\u015fimi de\u011fi\u015fmemektedir.<\/p>\n<p>G\u0131da s\u0131n\u0131f\u0131 304 paslanmaz \u00e7elikten yap\u0131lm\u0131\u015f, <strong>\u00e7ikolata \u00e7e\u015fmesi <span style=\"color: #ff0000;\">\u0130LE<\/span><span style=\"color: #0000ff;\">R<\/span>CFCH7<\/strong> S\u0131z\u0131nt\u0131 problemlerini \u00f6nlemek i\u00e7in tamamen kapal\u0131d\u0131r. Sessiz ve verimli motoru onu ziyafetler, d\u00fc\u011f\u00fcnler, b\u00fcfeler, etkinlikler, partiler vb. i\u00e7in ideal k\u0131lar.<\/p>\n<h6>Garanti<strong>\u00a0<span style=\"color: #ff0000;\">\u0130LE<\/span><span style=\"color: #0000ff;\">R<\/span>C<\/strong><\/h6>\n<h6><span style=\"color: #008000;\"><strong>Verimli \u00e7ikolata \u00e7e\u015fmesi, d\u00fc\u015f\u00fck t\u00fcketim 200w + 100W<\/strong><\/span><\/h6>\n<h6>teknik destek dahil<\/h6>\n<p>&nbsp;<\/p>\n<table role=\"presentation\" width=\"100%\" cellspacing=\"0\" cellpadding=\"0\">\n<tbody>\n<tr>\n<td class=\"attrLabels\">Garanti:<\/td>\n<td width=\"50.0%\">ARK 2 YIL<\/td>\n<\/tr>\n<tr>\n<td class=\"attrLabels\">Da\u011f\u0131t\u0131m \u00fclkesi:<\/td>\n<td width=\"50.0%\">\u0130spanya, Almanya, ABD<\/td>\n<td class=\"attrLabels\">A\u011f\u0131rl\u0131k:<\/td>\n<td width=\"50.0%\">23 kg<\/td>\n<\/tr>\n<tr>\n<td class=\"attrLabels\">Marka:<\/td>\n<td width=\"50.0%\">ARK<\/td>\n<td class=\"attrLabels\">Y\u00fckseklik:<\/td>\n<td width=\"50.0%\">\u00a0100cm<\/td>\n<\/tr>\n<tr>\n<td class=\"attrLabels\">Renk:<\/td>\n<td width=\"50.0%\">G\u00fcm\u00fc\u015f<\/td>\n<td class=\"attrLabels\">Uzun:<\/td>\n<td width=\"50.0%\">40cm<\/td>\n<\/tr>\n<tr>\n<td class=\"attrLabels\">\u00dcr\u00fcn tipi:<\/td>\n<td width=\"50.0%\">\u00e7ikolata \u00e7e\u015fmesi<\/td>\n<td class=\"attrLabels\">Geni\u015f:<\/td>\n<td width=\"50.0%\">40cm<\/td>\n<\/tr>\n<tr>\n<td class=\"attrLabels\">\u00dcretici numaras\u0131:<\/td>\n<td width=\"50.0%\">ARCFCH7<\/td>\n<td class=\"attrLabels\">G\u00fc\u00e7:<\/td>\n<td width=\"50.0%\">200+100W<\/td>\n<\/tr>\n<tr>\n<td class=\"attrLabels\">Malzeme:<\/td>\n<td width=\"50.0%\">paslanmaz \u00e7elik<\/td>\n<td class=\"attrLabels\">S\u0131cakl\u0131k aral\u0131\u011f\u0131:<\/td>\n<td width=\"50.0%\">30\u00b0 \u2013 150\u00b0C<\/td>\n<\/tr>\n<tr>\n<td class=\"attrLabels\">seviyeler:<\/td>\n<td width=\"50.0%\">7<\/td>\n<td class=\"attrLabels\">Maksimum \u00e7ap:<\/td>\n<td width=\"50.0%\">40cm<\/td>\n<\/tr>\n<tr>\n<td class=\"attrLabels\">Kurulum ara\u00e7lar\u0131:<\/td>\n<td width=\"50.0%\">Evet<\/td>\n<td class=\"attrLabels\">Yetenek:<\/td>\n<td width=\"50.0%\">10L<\/td>\n<\/tr>\n<\/tbody>\n<\/table>\n<p>&nbsp;<\/p>","protected":false},"excerpt":{"rendered":"<h2>\u00c7ikolata \u00e7e\u015fmesi 7 seviye<\/h2>\n<p>La <strong>\u00e7ikolata \u00e7e\u015fmesi<\/strong> ile ilgili <strong><span style=\"color: #ff0000;\">\u0130LE<\/span><span style=\"color: #0000ff;\">R<\/span>C<\/strong> E\u015fsiz bir \u015felale efekti yaratmak i\u00e7in 7 seviyeye sahiptir.<\/p>\n<p>Bu sayede i\u015ftah a\u00e7\u0131c\u0131 ve ipeksi bir g\u00f6r\u00fcn\u00fcmle a\u015fa\u011f\u0131ya inen \u00e7ikolata <strong>\u00e7ikolata \u00e7e\u015fmesi <span style=\"color: #ff0000;\">\u0130LE<\/span><span style=\"color: #0000ff;\">R<\/span>CFCH7<\/strong> Ola\u011fan\u00fcst\u00fc bir keyif olabilir, benzersiz etkiler yarat\u0131r. Ayr\u0131ca s\u00fctl\u00fc \u00e7ikolata, bitter \u00e7ikolata, dulce de leche, \u00e7ilek, elma, kurabiye, dondurma toplar\u0131, f\u0131st\u0131k toplar\u0131 ve \u00e7ok daha fazlas\u0131 gibi di\u011fer yiyeceklerle de de\u011fi\u015ftirilebilir.<\/p>\n<h6>Garanti<strong>\u00a0<span style=\"color: #ff0000;\">\u0130LE<\/span><span style=\"color: #0000ff;\">R<\/span>C<\/strong><\/h6>\n<h6><span style=\"color: #008000;\"><strong>Verimli \u00e7ikolata \u00e7e\u015fmesi, d\u00fc\u015f\u00fck t\u00fcketim 200w + 100W<\/strong><\/span><\/h6>\n<h6>teknik destek dahil<\/h6>\n<p>&nbsp;<\/p>\n<p>&nbsp;<\/p>","protected":false},"featured_media":1689,"comment_status":"open","ping_status":"closed","template":"","meta":{"wds_primary_product_brand":0,"wds_primary_product_cat":0},"product_brand":[],"product_cat":[57,56],"product_tag":[],"class_list":{"0":"post-1682","1":"product","2":"type-product","3":"status-publish","4":"has-post-thumbnail","6":"product_cat-dosificadores-dispensadores","7":"product_cat-maquinaria-para-ferias","8":"product_shipping_class-hosteleria","10":"first","11":"instock","12":"sale","13":"taxable","14":"shipping-taxable","15":"purchasable","16":"product-type-simple"},"yoast_head":"<!-- This site is optimized with the Yoast SEO Premium plugin v24.9 (Yoast SEO v26.1) - https:\/\/yoast.com\/wordpress\/plugins\/seo\/ -->\n<title>Fuente de chocolate 7 niveles - distribuci\u00f3n ARC<\/title>\n<meta name=\"robots\" content=\"index, follow, max-snippet:-1, max-image-preview:large, max-video-preview:-1\" \/>\n<link rel=\"canonical\" href=\"https:\/\/distribucionarc.com\/tr\/urun\/7-katli-cikolata-cesmesi\/\" \/>\n<meta property=\"og:locale\" content=\"tr_TR\" \/>\n<meta property=\"og:type\" content=\"article\" \/>\n<meta property=\"og:title\" content=\"Fuente de chocolate 7 niveles\" \/>\n<meta property=\"og:description\" content=\"Fuente de chocolate 7 niveles La fuente de chocolate de ARC dispone de 7 niveles para producir un efecto cascada inigualable.  El chocolate que desciende apetitosamente y con un aspecto sedoso por esta fuente de chocolate ARCFCH7 puede ser un placer extraordinario, crea efectos \u00fanicos. Adem\u00e1s, tambi\u00e9n puede sustituirse con otros alimentos, tales como chocolate con leche, chocolate negro, dulce de leche, fresa, manzana, galletas, bolas de helado, bolas de cacahuete, y muchos m\u00e1s. Garant\u00eda\u00a0ARC Fuente de chocolate eficiente, bajo consumo 200w + 100W soporte t\u00e9cnico\u00a0incluido &nbsp;  &nbsp;\" \/>\n<meta property=\"og:url\" content=\"https:\/\/distribucionarc.com\/tr\/urun\/7-katli-cikolata-cesmesi\/\" \/>\n<meta property=\"og:site_name\" content=\"distribuci\u00f3n ARC\" \/>\n<meta property=\"article:modified_time\" content=\"2023-02-06T12:52:21+00:00\" \/>\n<meta property=\"og:image\" content=\"https:\/\/distribucionarc.com\/wp-content\/uploads\/2020\/07\/Fuente-de-chocolate-7-niveles-0.jpg\" \/>\n\t<meta property=\"og:image:width\" content=\"1600\" \/>\n\t<meta property=\"og:image:height\" content=\"1600\" \/>\n\t<meta property=\"og:image:type\" content=\"image\/jpeg\" \/>\n<meta name=\"twitter:card\" content=\"summary_large_image\" \/>\n<meta name=\"twitter:label1\" content=\"Tahmini okuma s\u00fcresi\" \/>\n\t<meta name=\"twitter:data1\" content=\"1 dakika\" \/>\n<script type=\"application\/ld+json\" class=\"yoast-schema-graph\">{\"@context\":\"https:\/\/schema.org\",\"@graph\":[{\"@type\":\"WebPage\",\"@id\":\"https:\/\/distribucionarc.com\/nl\/producto\/fuente-de-chocolate-7-niveles\/\",\"url\":\"https:\/\/distribucionarc.com\/nl\/producto\/fuente-de-chocolate-7-niveles\/\",\"name\":\"Fuente de chocolate 7 niveles - distribuci\u00f3n ARC\",\"isPartOf\":{\"@id\":\"https:\/\/distribucionarc.com\/de\/#website\"},\"primaryImageOfPage\":{\"@id\":\"https:\/\/distribucionarc.com\/nl\/producto\/fuente-de-chocolate-7-niveles\/#primaryimage\"},\"image\":{\"@id\":\"https:\/\/distribucionarc.com\/nl\/producto\/fuente-de-chocolate-7-niveles\/#primaryimage\"},\"thumbnailUrl\":\"https:\/\/distribucionarc.com\/wp-content\/uploads\/2020\/07\/Fuente-de-chocolate-7-niveles-0.jpg\",\"datePublished\":\"2020-07-29T11:46:30+00:00\",\"dateModified\":\"2023-02-06T12:52:21+00:00\",\"breadcrumb\":{\"@id\":\"https:\/\/distribucionarc.com\/nl\/producto\/fuente-de-chocolate-7-niveles\/#breadcrumb\"},\"inLanguage\":\"tr\",\"potentialAction\":[{\"@type\":\"ReadAction\",\"target\":[\"https:\/\/distribucionarc.com\/nl\/producto\/fuente-de-chocolate-7-niveles\/\"]}]},{\"@type\":\"ImageObject\",\"inLanguage\":\"tr\",\"@id\":\"https:\/\/distribucionarc.com\/nl\/producto\/fuente-de-chocolate-7-niveles\/#primaryimage\",\"url\":\"https:\/\/distribucionarc.com\/wp-content\/uploads\/2020\/07\/Fuente-de-chocolate-7-niveles-0.jpg\",\"contentUrl\":\"https:\/\/distribucionarc.com\/wp-content\/uploads\/2020\/07\/Fuente-de-chocolate-7-niveles-0.jpg\",\"width\":1600,\"height\":1600,\"caption\":\"Fuente de chocolate 7 niveles\"},{\"@type\":\"BreadcrumbList\",\"@id\":\"https:\/\/distribucionarc.com\/nl\/producto\/fuente-de-chocolate-7-niveles\/#breadcrumb\",\"itemListElement\":[{\"@type\":\"ListItem\",\"position\":1,\"name\":\"Portada\",\"item\":\"https:\/\/distribucionarc.com\/pl\/\"},{\"@type\":\"ListItem\",\"position\":2,\"name\":\"Produkty\",\"item\":\"https:\/\/distribucionarc.com\/pl\/shop\/\"},{\"@type\":\"ListItem\",\"position\":3,\"name\":\"Fuente de chocolate 7 niveles\"}]},{\"@type\":\"WebSite\",\"@id\":\"https:\/\/distribucionarc.com\/de\/#website\",\"url\":\"https:\/\/distribucionarc.com\/de\/\",\"name\":\"distribuci\u00f3n ARC\",\"description\":\"Empresa especializada en la fabricaci\u00f3n y distribuci\u00f3n de maquinaria industrial, selladoras de latas, Maquinas de hacer pastillas, Maquinas de cortar carne...\",\"publisher\":{\"@id\":\"https:\/\/distribucionarc.com\/de\/#organization\"},\"potentialAction\":[{\"@type\":\"SearchAction\",\"target\":{\"@type\":\"EntryPoint\",\"urlTemplate\":\"https:\/\/distribucionarc.com\/de\/?s={search_term_string}\"},\"query-input\":{\"@type\":\"PropertyValueSpecification\",\"valueRequired\":true,\"valueName\":\"search_term_string\"}}],\"inLanguage\":\"tr\"},{\"@type\":\"Organization\",\"@id\":\"https:\/\/distribucionarc.com\/de\/#organization\",\"name\":\"Distribuci\u00f3n ARC\",\"url\":\"https:\/\/distribucionarc.com\/de\/\",\"logo\":{\"@type\":\"ImageObject\",\"inLanguage\":\"tr\",\"@id\":\"https:\/\/distribucionarc.com\/de\/#\/schema\/logo\/image\/\",\"url\":\"https:\/\/distribucionarc.com\/wp-content\/uploads\/2024\/10\/distribucion-ARC-COLOR-SIN-FONDO-e1732295305345.png\",\"contentUrl\":\"https:\/\/distribucionarc.com\/wp-content\/uploads\/2024\/10\/distribucion-ARC-COLOR-SIN-FONDO-e1732295305345.png\",\"width\":1164,\"height\":558,\"caption\":\"Distribuci\u00f3n ARC\"},\"image\":{\"@id\":\"https:\/\/distribucionarc.com\/de\/#\/schema\/logo\/image\/\"},\"description\":\"Empresa especializada en la fabricaci\u00f3n y distribuci\u00f3n de maquinaria industrial para los sectores alimentario y farmac\u00e9utico. Nos especializamos en: M\u00e1quinas de cortar carne Fabricaci\u00f3n de comprimidos Sistemas de transporte industrial L\u00edneas de embotellado Dosificadores Y mucho m\u00e1s... Ofrecemos soluciones innovadoras y personalizadas para optimizar los procesos productivos de tu empresa.\",\"email\":\"Admistracion@distribucionarc.com\",\"telephone\":\"+34 643496664\",\"legalName\":\"ARC TECH SOLUTIONS\",\"foundingDate\":\"2024-04-09\",\"vatID\":\"B55480172\",\"numberOfEmployees\":{\"@type\":\"QuantitativeValue\",\"minValue\":\"1\",\"maxValue\":\"10\"}}]}<\/script>\n<!-- \/ Yoast SEO Premium plugin. -->","yoast_head_json":{"title":"\u00c7ikolata \u00e7e\u015fmesi 7 seviye - ARC da\u011f\u0131t\u0131m\u0131","robots":{"index":"index","follow":"follow","max-snippet":"max-snippet:-1","max-image-preview":"max-image-preview:large","max-video-preview":"max-video-preview:-1"},"canonical":"https:\/\/distribucionarc.com\/tr\/urun\/7-katli-cikolata-cesmesi\/","og_locale":"tr_TR","og_type":"article","og_title":"Fuente de chocolate 7 niveles","og_description":"Fuente de chocolate 7 niveles La fuente de chocolate de ARC dispone de 7 niveles para producir un efecto cascada inigualable.  El chocolate que desciende apetitosamente y con un aspecto sedoso por esta fuente de chocolate ARCFCH7 puede ser un placer extraordinario, crea efectos \u00fanicos. Adem\u00e1s, tambi\u00e9n puede sustituirse con otros alimentos, tales como chocolate con leche, chocolate negro, dulce de leche, fresa, manzana, galletas, bolas de helado, bolas de cacahuete, y muchos m\u00e1s. Garant\u00eda\u00a0ARC Fuente de chocolate eficiente, bajo consumo 200w + 100W soporte t\u00e9cnico\u00a0incluido &nbsp;  &nbsp;","og_url":"https:\/\/distribucionarc.com\/tr\/urun\/7-katli-cikolata-cesmesi\/","og_site_name":"distribuci\u00f3n ARC","article_modified_time":"2023-02-06T12:52:21+00:00","og_image":[{"width":1600,"height":1600,"url":"https:\/\/distribucionarc.com\/wp-content\/uploads\/2020\/07\/Fuente-de-chocolate-7-niveles-0.jpg","type":"image\/jpeg"}],"twitter_card":"summary_large_image","twitter_misc":{"Tahmini okuma s\u00fcresi":"1 dakika"},"schema":{"@context":"https:\/\/schema.org","@graph":[{"@type":"WebPage","@id":"https:\/\/distribucionarc.com\/nl\/producto\/fuente-de-chocolate-7-niveles\/","url":"https:\/\/distribucionarc.com\/nl\/producto\/fuente-de-chocolate-7-niveles\/","name":"\u00c7ikolata \u00e7e\u015fmesi 7 seviye - ARC da\u011f\u0131t\u0131m\u0131","isPartOf":{"@id":"https:\/\/distribucionarc.com\/de\/#website"},"primaryImageOfPage":{"@id":"https:\/\/distribucionarc.com\/nl\/producto\/fuente-de-chocolate-7-niveles\/#primaryimage"},"image":{"@id":"https:\/\/distribucionarc.com\/nl\/producto\/fuente-de-chocolate-7-niveles\/#primaryimage"},"thumbnailUrl":"https:\/\/distribucionarc.com\/wp-content\/uploads\/2020\/07\/Fuente-de-chocolate-7-niveles-0.jpg","datePublished":"2020-07-29T11:46:30+00:00","dateModified":"2023-02-06T12:52:21+00:00","breadcrumb":{"@id":"https:\/\/distribucionarc.com\/nl\/producto\/fuente-de-chocolate-7-niveles\/#breadcrumb"},"inLanguage":"tr","potentialAction":[{"@type":"ReadAction","target":["https:\/\/distribucionarc.com\/nl\/producto\/fuente-de-chocolate-7-niveles\/"]}]},{"@type":"ImageObject","inLanguage":"tr","@id":"https:\/\/distribucionarc.com\/nl\/producto\/fuente-de-chocolate-7-niveles\/#primaryimage","url":"https:\/\/distribucionarc.com\/wp-content\/uploads\/2020\/07\/Fuente-de-chocolate-7-niveles-0.jpg","contentUrl":"https:\/\/distribucionarc.com\/wp-content\/uploads\/2020\/07\/Fuente-de-chocolate-7-niveles-0.jpg","width":1600,"height":1600,"caption":"Fuente de chocolate 7 niveles"},{"@type":"BreadcrumbList","@id":"https:\/\/distribucionarc.com\/nl\/producto\/fuente-de-chocolate-7-niveles\/#breadcrumb","itemListElement":[{"@type":"ListItem","position":1,"name":"Portada","item":"https:\/\/distribucionarc.com\/pl\/"},{"@type":"ListItem","position":2,"name":"Produkty","item":"https:\/\/distribucionarc.com\/pl\/shop\/"},{"@type":"ListItem","position":3,"name":"Fuente de chocolate 7 niveles"}]},{"@type":"WebSite","@id":"https:\/\/distribucionarc.com\/de\/#website","url":"https:\/\/distribucionarc.com\/de\/","name":"ARC da\u011f\u0131t\u0131m\u0131","description":"End\u00fcstriyel makinelerin \u00fcretimi ve da\u011f\u0131t\u0131m\u0131 konusunda uzmanla\u015fm\u0131\u015f \u015firket, kutu m\u00fch\u00fcrleme makineleri, tablet yapma makineleri, et kesme makineleri...","publisher":{"@id":"https:\/\/distribucionarc.com\/de\/#organization"},"potentialAction":[{"@type":"SearchAction","target":{"@type":"EntryPoint","urlTemplate":"https:\/\/distribucionarc.com\/de\/?s={search_term_string}"},"query-input":{"@type":"PropertyValueSpecification","valueRequired":true,"valueName":"search_term_string"}}],"inLanguage":"tr"},{"@type":"Organization","@id":"https:\/\/distribucionarc.com\/de\/#organization","name":"ARC Da\u011f\u0131t\u0131m\u0131","url":"https:\/\/distribucionarc.com\/de\/","logo":{"@type":"ImageObject","inLanguage":"tr","@id":"https:\/\/distribucionarc.com\/de\/#\/schema\/logo\/image\/","url":"https:\/\/distribucionarc.com\/wp-content\/uploads\/2024\/10\/distribucion-ARC-COLOR-SIN-FONDO-e1732295305345.png","contentUrl":"https:\/\/distribucionarc.com\/wp-content\/uploads\/2024\/10\/distribucion-ARC-COLOR-SIN-FONDO-e1732295305345.png","width":1164,"height":558,"caption":"Distribuci\u00f3n ARC"},"image":{"@id":"https:\/\/distribucionarc.com\/de\/#\/schema\/logo\/image\/"},"description":"\u015eirket, g\u0131da ve ila\u00e7 sekt\u00f6rleri i\u00e7in end\u00fcstriyel makine \u00fcretimi ve da\u011f\u0131t\u0131m\u0131 konusunda uzmanla\u015fm\u0131\u015ft\u0131r. Uzmanl\u0131k alanlar\u0131m\u0131z Et kesme makineleri Tablet \u00fcretimi End\u00fcstriyel ta\u015f\u0131ma sistemleri \u015ei\u015feleme hatlar\u0131 Dozajlama makineleri Ve \u00e7ok daha fazlas\u0131... \u015eirketinizin \u00fcretim s\u00fcre\u00e7lerini optimize etmek i\u00e7in yenilik\u00e7i ve \u00f6zelle\u015ftirilmi\u015f \u00e7\u00f6z\u00fcmler sunuyoruz.","email":"Admistracion@distribucionarc.com","telephone":"+34 643496664","legalName":"ARC TECH SOLUTIONS","foundingDate":"2024-04-09","vatID":"B55480172","numberOfEmployees":{"@type":"QuantitativeValue","minValue":"1","maxValue":"10"}}]}},"_links":{"self":[{"href":"https:\/\/distribucionarc.com\/tr\/wp-json\/wp\/v2\/product\/1682","targetHints":{"allow":["GET"]}}],"collection":[{"href":"https:\/\/distribucionarc.com\/tr\/wp-json\/wp\/v2\/product"}],"about":[{"href":"https:\/\/distribucionarc.com\/tr\/wp-json\/wp\/v2\/types\/product"}],"replies":[{"embeddable":true,"href":"https:\/\/distribucionarc.com\/tr\/wp-json\/wp\/v2\/comments?post=1682"}],"version-history":[{"count":0,"href":"https:\/\/distribucionarc.com\/tr\/wp-json\/wp\/v2\/product\/1682\/revisions"}],"wp:featuredmedia":[{"embeddable":true,"href":"https:\/\/distribucionarc.com\/tr\/wp-json\/wp\/v2\/media\/1689"}],"wp:attachment":[{"href":"https:\/\/distribucionarc.com\/tr\/wp-json\/wp\/v2\/media?parent=1682"}],"wp:term":[{"taxonomy":"product_brand","embeddable":true,"href":"https:\/\/distribucionarc.com\/tr\/wp-json\/wp\/v2\/product_brand?post=1682"},{"taxonomy":"product_cat","embeddable":true,"href":"https:\/\/distribucionarc.com\/tr\/wp-json\/wp\/v2\/product_cat?post=1682"},{"taxonomy":"product_tag","embeddable":true,"href":"https:\/\/distribucionarc.com\/tr\/wp-json\/wp\/v2\/product_tag?post=1682"}],"curies":[{"name":"wp","href":"https:\/\/api.w.org\/{rel}","templated":true}]}}