{"id":17659,"date":"2025-07-29T22:09:56","date_gmt":"2025-07-29T20:09:56","guid":{"rendered":"https:\/\/distribucionarc.com\/?post_type=product&#038;p=17659"},"modified":"2025-07-29T22:09:56","modified_gmt":"2025-07-29T20:09:56","slug":"5-kilo-granul-toz-buz-icin-otomatik-paketleme-makinesi","status":"publish","type":"product","link":"https:\/\/distribucionarc.com\/tr\/producto\/maquina-envasadora-automatica-5-kilos-para-hielo-polvos-granulado-2\/","title":{"rendered":"Gran\u00fcl Toz Buz i\u00e7in 5 kilo Otomatik Paketleme Makinesi"},"content":{"rendered":"<h3 data-section-id=\"lq3r78\" data-start=\"744\" data-end=\"830\">\ud83e\uddc3 DARZD-720BQ Otomatik Pn\u00f6matik Paketleme Makinesi \u2013 \u00c7ok Y\u00f6nl\u00fc, Hassas ve Sa\u011flam<\/h3>\n<p data-start=\"832\" data-end=\"1162\">La <strong data-start=\"835\" data-end=\"884\">Pn\u00f6matik paketleme makinesi modeli DARZD-720BQ<\/strong> Geni\u015f bir \u00fcr\u00fcn yelpazesine uyum sa\u011flayacak \u015fekilde tasarlanm\u0131\u015f olup, kapasitesiyle \u00f6ne \u00e7\u0131kmaktad\u0131r. <strong data-start=\"980\" data-end=\"1013\">d\u00fc\u015f\u00fck s\u0131cakl\u0131klarda \u00e7al\u0131\u015fmak<\/strong> ve paket <strong data-start=\"1024\" data-end=\"1067\">torba ba\u015f\u0131na 60 gramdan 5 kiloya kadar<\/strong>Bu sayede hem g\u0131da hem de end\u00fcstriyel sekt\u00f6rler i\u00e7in ideal bir \u00e7\u00f6z\u00fcm haline geliyor.<\/p>\n<p data-start=\"1164\" data-end=\"1586\">En dikkat \u00e7ekici \u00f6zelliklerinden biri de, <strong data-start=\"1227\" data-end=\"1274\">60 gr&#039;l\u0131k buz k\u00fcp\u00fc po\u015fetleri \u00fcretin<\/strong>Sa\u011flam yap\u0131s\u0131 ve so\u011fuk ve nemli ortamlara performans\u0131n\u0131 etkilemeden dayanacak \u015fekilde haz\u0131rlanm\u0131\u015f i\u00e7 bile\u015fenleri sayesinde, pn\u00f6matik sistemi ve tasar\u0131m\u0131 <strong data-start=\"1454\" data-end=\"1485\">arka conta<\/strong> K\u0131r\u0131lgan veya \u0131slak \u00fcr\u00fcnlerde bile hava ge\u00e7irmez, dayan\u0131kl\u0131 ve hassas paketleme imkan\u0131 sa\u011flarlar.<\/p>\n<h3 data-section-id=\"1imxdde\" data-start=\"1588\" data-end=\"1630\">\u2705 Bu makine i\u00e7in ideal \u00fcr\u00fcnler:<\/h3>\n<h4 data-start=\"1632\" data-end=\"1667\">\ud83e\uddca <strong data-start=\"1640\" data-end=\"1667\">So\u011futulmu\u015f \u00fcr\u00fcnler:<\/strong><\/h4>\n<ul data-start=\"1668\" data-end=\"1797\">\n<li data-start=\"1668\" data-end=\"1714\">\n<p data-start=\"1670\" data-end=\"1714\">\u00c7antalar dolusu <strong data-start=\"1680\" data-end=\"1700\">buz k\u00fcpleri<\/strong> (60 gr \u2013 5 kg)<\/p>\n<\/li>\n<li data-start=\"1715\" data-end=\"1765\">\n<p data-start=\"1717\" data-end=\"1765\"><strong data-start=\"1717\" data-end=\"1740\">Dondurulmu\u015f sebzeler<\/strong>, do\u011franm\u0131\u015f veya porsiyonlanm\u0131\u015f<\/p>\n<\/li>\n<li data-start=\"1766\" data-end=\"1797\">\n<p data-start=\"1768\" data-end=\"1797\"><strong data-start=\"1768\" data-end=\"1797\">Dondurulmu\u015f do\u011franm\u0131\u015f meyve<\/strong><\/p>\n<\/li>\n<\/ul>\n<h4 data-start=\"1799\" data-end=\"1838\">\ud83e\udd5c <strong data-start=\"1807\" data-end=\"1838\">Kuru ve d\u00f6kme \u00fcr\u00fcnler:<\/strong><\/h4>\n<ul data-start=\"1839\" data-end=\"1970\">\n<li data-start=\"1839\" data-end=\"1872\">\n<p data-start=\"1841\" data-end=\"1872\"><strong data-start=\"1841\" data-end=\"1872\">Tah\u0131llar, pirin\u00e7 ve baklagiller<\/strong><\/p>\n<\/li>\n<li data-start=\"1873\" data-end=\"1902\">\n<p data-start=\"1875\" data-end=\"1902\"><strong data-start=\"1875\" data-end=\"1902\">Kuruyemi\u015fler ve tohumlar<\/strong><\/p>\n<\/li>\n<li data-start=\"1903\" data-end=\"1938\">\n<p data-start=\"1905\" data-end=\"1938\"><strong data-start=\"1905\" data-end=\"1938\">Unlar ve g\u0131da tozlar\u0131<\/strong><\/p>\n<\/li>\n<li data-start=\"1939\" data-end=\"1970\">\n<p data-start=\"1941\" data-end=\"1970\"><strong data-start=\"1941\" data-end=\"1970\">Kahve gran\u00fclleri veya \u015feker<\/strong><\/p>\n<\/li>\n<\/ul>\n<h4 data-start=\"1972\" data-end=\"2010\">\ud83e\uddea <strong data-start=\"1980\" data-end=\"2010\">G\u0131da d\u0131\u015f\u0131 \u00fcr\u00fcnler:<\/strong><\/h4>\n<ul data-start=\"2011\" data-end=\"2101\">\n<li data-start=\"2011\" data-end=\"2037\">\n<p data-start=\"2013\" data-end=\"2037\"><strong data-start=\"2013\" data-end=\"2037\">Toz deterjanlar<\/strong><\/p>\n<\/li>\n<li data-start=\"2038\" data-end=\"2073\">\n<p data-start=\"2040\" data-end=\"2073\"><strong data-start=\"2040\" data-end=\"2073\">Gran\u00fcl kimyasallar<\/strong><\/p>\n<\/li>\n<li data-start=\"2074\" data-end=\"2101\">\n<p data-start=\"2076\" data-end=\"2101\"><strong data-start=\"2076\" data-end=\"2101\">Kat\u0131 g\u00fcbreler<\/strong><\/p>\n<\/li>\n<\/ul>\n<p data-start=\"2103\" data-end=\"2367\">Kapasitesi sayesinde <strong data-start=\"2129\" data-end=\"2176\">kab\u0131n uzunlu\u011funu 3 ila 40 cm aras\u0131nda ayarlay\u0131n<\/strong>ve yelpazesi <strong data-start=\"2192\" data-end=\"2214\">61 ila 72 cm film<\/strong>, farkl\u0131 \u00e7anta formatlar\u0131na kolayca uyum sa\u011flar. Ayr\u0131ca, \u015fu h\u0131zda \u00e7al\u0131\u015fabilir: <strong data-start=\"2311\" data-end=\"2339\">Dakikada 5 ila 10 torba<\/strong>\u00b12 g do\u011frulukla.<\/p>\n<p data-start=\"2369\" data-end=\"2613\">Kaliteli bile\u015fenlerle donat\u0131lm\u0131\u015f, 1000 W motora sahip olan makine, 110 V veya 220 V, 50\u201360 Hz voltajlarla uyumludur. CE sertifikas\u0131 ve sa\u011flam \u00e7elik yap\u0131s\u0131yla zorlu i\u015fler ve s\u00fcrekli \u00fcretim hatlar\u0131 i\u00e7in idealdir.<\/p>\n<hr data-start=\"2615\" data-end=\"2618\" \/>\n<h3 data-section-id=\"nfhvb4\" data-start=\"2620\" data-end=\"2652\">\ud83d\udcca Teknik \u00d6zellikler<\/h3>\n<div class=\"_tableContainer_80l1q_1\">\n<div class=\"_tableWrapper_80l1q_14 group flex w-fit flex-col-reverse\" tabindex=\"-1\">\n<table class=\"w-fit min-w-(--thread-content-width)\" data-start=\"2654\" data-end=\"3905\">\n<thead data-start=\"2654\" data-end=\"2737\">\n<tr data-start=\"2654\" data-end=\"2737\">\n<th data-start=\"2654\" data-end=\"2690\" data-col-size=\"sm\"><strong data-start=\"2656\" data-end=\"2674\">\u00d6zellik<\/strong><\/th>\n<th data-start=\"2690\" data-end=\"2737\" data-col-size=\"sm\"><strong data-start=\"2692\" data-end=\"2710\">\u015eartname<\/strong><\/th>\n<\/tr>\n<\/thead>\n<tbody data-start=\"2821\" data-end=\"3905\">\n<tr data-start=\"2821\" data-end=\"2903\">\n<td data-start=\"2821\" data-end=\"2856\" data-col-size=\"sm\">\u00dcr\u00fcn modeli<\/td>\n<td data-start=\"2856\" data-end=\"2903\" data-col-size=\"sm\">DARZD-720BQ<\/td>\n<\/tr>\n<tr data-start=\"2904\" data-end=\"2986\">\n<td data-start=\"2904\" data-end=\"2939\" data-col-size=\"sm\">S\u0131zd\u0131rmazl\u0131k t\u00fcr\u00fc<\/td>\n<td data-start=\"2939\" data-end=\"2986\" data-col-size=\"sm\">Arka conta<\/td>\n<\/tr>\n<tr data-start=\"2987\" data-end=\"3070\">\n<td data-start=\"2987\" data-end=\"3022\" data-col-size=\"sm\">Tart\u0131m aral\u0131\u011f\u0131<\/td>\n<td data-start=\"3022\" data-end=\"3070\" data-col-size=\"sm\">50 \u2013 5000 gr<\/td>\n<\/tr>\n<tr data-start=\"3071\" data-end=\"3154\">\n<td data-start=\"3071\" data-end=\"3106\" data-col-size=\"sm\">Paketleme h\u0131z\u0131<\/td>\n<td data-start=\"3106\" data-end=\"3154\" data-col-size=\"sm\">5 \u2013 10 torba\/dakika<\/td>\n<\/tr>\n<tr data-start=\"3155\" data-end=\"3238\">\n<td data-start=\"3155\" data-end=\"3190\" data-col-size=\"sm\">Konteynerin uzunlu\u011fu<\/td>\n<td data-start=\"3190\" data-end=\"3238\" data-col-size=\"sm\">3 \u2013 40 cm<\/td>\n<\/tr>\n<tr data-start=\"3239\" data-end=\"3322\">\n<td data-start=\"3239\" data-end=\"3274\" data-col-size=\"sm\">Konteynerin geni\u015fli\u011fi<\/td>\n<td data-start=\"3274\" data-end=\"3322\" data-col-size=\"sm\">29 \u2013 35 cm<\/td>\n<\/tr>\n<tr data-start=\"3323\" data-end=\"3406\">\n<td data-start=\"3323\" data-end=\"3358\" data-col-size=\"sm\">Film geni\u015fli\u011fi<\/td>\n<td data-start=\"3358\" data-end=\"3406\" data-col-size=\"sm\">61 \u2013 72 cm<\/td>\n<\/tr>\n<tr data-start=\"3407\" data-end=\"3489\">\n<td data-start=\"3407\" data-end=\"3442\" data-col-size=\"sm\">Paketleme hassasiyeti<\/td>\n<td data-start=\"3442\" data-end=\"3489\" data-col-size=\"sm\">\u00b12 g (malzemeye ba\u011fl\u0131 olarak)<\/td>\n<\/tr>\n<tr data-start=\"3490\" data-end=\"3572\">\n<td data-start=\"3490\" data-end=\"3525\" data-col-size=\"sm\">Ba\u015fvuru<\/td>\n<td data-start=\"3525\" data-end=\"3572\" data-col-size=\"sm\">Tozlar \/ Gran\u00fcller \/ Buz \/ Dondurulmu\u015f<\/td>\n<\/tr>\n<tr data-start=\"3573\" data-end=\"3655\">\n<td data-start=\"3573\" data-end=\"3608\" data-col-size=\"sm\">Gerilim<\/td>\n<td data-start=\"3608\" data-end=\"3655\" data-col-size=\"sm\">110V \/ 220V, 50Hz \u2013 60Hz<\/td>\n<\/tr>\n<tr data-start=\"3656\" data-end=\"3738\">\n<td data-start=\"3656\" data-end=\"3691\" data-col-size=\"sm\">Motor g\u00fcc\u00fc<\/td>\n<td data-start=\"3691\" data-end=\"3738\" data-col-size=\"sm\">1000W<\/td>\n<\/tr>\n<tr data-start=\"3739\" data-end=\"3821\">\n<td data-start=\"3739\" data-end=\"3774\" data-col-size=\"sm\">Makine a\u011f\u0131rl\u0131\u011f\u0131<\/td>\n<td data-start=\"3774\" data-end=\"3821\" data-col-size=\"sm\">belirtilmemi\u015f<\/td>\n<\/tr>\n<tr data-start=\"3822\" data-end=\"3905\">\n<td data-start=\"3822\" data-end=\"3857\" data-col-size=\"sm\">Makine boyutlar\u0131<\/td>\n<td data-start=\"3857\" data-end=\"3905\" data-col-size=\"sm\">890 \u00d7 1040 \u00d7 2360 mm<\/td>\n<\/tr>\n<\/tbody>\n<\/table>\n<p>&nbsp;<\/p>\n<\/div>\n<\/div>\n<div style=\"border: 2px solid #0c2a6b; border-radius: 10px; padding: 20px; background-color: #ffffff; font-family: 'Swis 721', sans-serif; color: #0c2a6b;\">\n<h2 style=\"color: #0c2a6b; font-family: 'Heavitas', sans-serif; font-size: 22px; margin-top: 0;\">\ud83d\udd27 Makineniz i\u00e7in ARC Deste\u011fi<\/h2>\n<p>ARC Distribution olarak, kapsaml\u0131 sat\u0131\u015f sonras\u0131 hizmet sunmaya kararl\u0131y\u0131z. Bu makine i\u00e7in mevcut temel ara\u00e7lar \u015funlard\u0131r:<\/p>\n<div style=\"display: flex; flex-direction: column; gap: 15px; margin-top: 15px;\">\n<div style=\"border-left: 5px solid #7aadd2; padding-left: 15px;\">\n<h3 style=\"margin: 0; font-size: 18px;\">\ud83d\udee0\ufe0f Uluslararas\u0131 Teknik Servis<\/h3>\n<p style=\"margin: 5px 0;\">\u00dclkeye ve konuma g\u00f6re servis merkezinizi bulun. Sertifikal\u0131 profesyonel teknik servis.<\/p>\n<p><a style=\"color: #0c2a6b; text-decoration: underline;\" href=\"https:\/\/distribucionarc.com\/tr\/teknik-servis\/\" target=\"_blank\" rel=\"noopener\">Teknik servise bak\u0131n<\/a><\/p>\n<\/div>\n<div style=\"border-left: 5px solid #7aadd2; padding-left: 15px;\">\n<h3 style=\"margin: 0; font-size: 18px;\">\ud83e\uddea \u00d6nleyici Bak\u0131m<\/h3>\n<p style=\"margin: 5px 0;\">D\u00fczenli kontroller, teknik temizlik ve \u00f6zel ayarlamalar ile makinenizin \u00f6mr\u00fcn\u00fc uzat\u0131n.<\/p>\n<p><a style=\"color: #0c2a6b; text-decoration: underline;\" href=\"https:\/\/distribucionarc.com\/tr\/ark-onleyici-bakim\/\" target=\"_blank\" rel=\"noopener\">Bak\u0131m plan\u0131na bak\u0131n<\/a><\/p>\n<\/div>\n<div style=\"border-left: 5px solid #7aadd2; padding-left: 15px;\">\n<h3 style=\"margin: 0; font-size: 18px;\">\ud83d\udcc4 ARC Garantisi \u2013 Tip A<\/h3>\n<p style=\"margin: 5px 0;\">Bu makine, kapsanan s\u00fcre boyunca onar\u0131m, yedek par\u00e7a ve tam destek sa\u011flayan A Tipi Garanti kapsam\u0131ndad\u0131r.<\/p>\n<p><a style=\"color: #0c2a6b; text-decoration: underline;\" href=\"https:\/\/distribucionarc.com\/tr\/garanti-dagitim-yayi\/\" target=\"_blank\" rel=\"noopener\">Garanti ko\u015fullar\u0131n\u0131 kontrol edin<\/a><\/p>\n<\/div>\n<\/div>\n<\/div>\n<p>&nbsp;<\/p>","protected":false},"excerpt":{"rendered":"<p>Toz, gran\u00fcl ve hatta buz torbalar\u0131 i\u00e7in ideal, otomatik pn\u00f6matik paketleme makinesi. D\u00fc\u015f\u00fck s\u0131cakl\u0131klarda \u00e7al\u0131\u015fabilen, 60 gr&#039;dan 5 kg&#039;a kadar paketleme yapabilen ve \u00e7ok \u00e7e\u015fitli g\u0131da ve end\u00fcstriyel \u00fcr\u00fcnlere uyum sa\u011flayabilen bir makinedir.<\/p>","protected":false},"featured_media":17648,"comment_status":"open","ping_status":"closed","template":"","meta":{"wds_primary_product_brand":0,"wds_primary_product_cat":0},"product_brand":[],"product_cat":[22,15,21],"product_tag":[],"class_list":{"0":"post-17659","1":"product","2":"type-product","3":"status-publish","4":"has-post-thumbnail","6":"product_cat-llenadora-de-bolsas-granos-y-polvo","7":"product_cat-llenadoras-y-selladoras-automaticas-flow-pack-sachet","8":"product_cat-maquinas-llenadoras","9":"product_shipping_class-express","11":"first","12":"instock","13":"taxable","14":"shipping-taxable","15":"purchasable","16":"product-type-simple"},"yoast_head":"<!-- This site is optimized with the Yoast SEO Premium plugin v24.9 (Yoast SEO v26.1) - https:\/\/yoast.com\/wordpress\/plugins\/seo\/ -->\n<title>M\u00e1quina Envasadora Autom\u00e1tica 5 kilos Para Hielo Polvos Granulado - distribuci\u00f3n ARC<\/title>\n<meta name=\"description\" content=\"Envasadora neum\u00e1tica DARZD-720BQ para hielo en cubitos, polvos, granulados y bolsas de hasta 5 kg. Trabaja a bajas temperaturas. Precisa, resistente y vers\u00e1til.\" \/>\n<meta name=\"robots\" content=\"index, follow, max-snippet:-1, max-image-preview:large, max-video-preview:-1\" \/>\n<link rel=\"canonical\" href=\"https:\/\/distribucionarc.com\/tr\/urun\/5-kilo-granul-toz-buz-icin-otomatik-paketleme-makinesi\/\" \/>\n<meta property=\"og:locale\" content=\"tr_TR\" \/>\n<meta property=\"og:type\" content=\"article\" \/>\n<meta property=\"og:title\" content=\"M\u00e1quina Envasadora Autom\u00e1tica 5 kilos Para Hielo Polvos Granulado\" \/>\n<meta property=\"og:description\" content=\"Envasadora neum\u00e1tica DARZD-720BQ para hielo en cubitos, polvos, granulados y bolsas de hasta 5 kg. Trabaja a bajas temperaturas. Precisa, resistente y vers\u00e1til.\" \/>\n<meta property=\"og:url\" content=\"https:\/\/distribucionarc.com\/tr\/urun\/5-kilo-granul-toz-buz-icin-otomatik-paketleme-makinesi\/\" \/>\n<meta property=\"og:site_name\" content=\"distribuci\u00f3n ARC\" \/>\n<meta property=\"og:image\" content=\"https:\/\/distribucionarc.com\/wp-content\/uploads\/2025\/07\/Maquina-envasadora-automatica-para-hielo-en-cubitos.jpg\" \/>\n\t<meta property=\"og:image:width\" content=\"800\" \/>\n\t<meta property=\"og:image:height\" content=\"800\" \/>\n\t<meta property=\"og:image:type\" content=\"image\/jpeg\" \/>\n<meta name=\"twitter:card\" content=\"summary_large_image\" \/>\n<meta name=\"twitter:label1\" content=\"Tahmini okuma s\u00fcresi\" \/>\n\t<meta name=\"twitter:data1\" content=\"3 dakika\" \/>\n<script type=\"application\/ld+json\" class=\"yoast-schema-graph\">{\"@context\":\"https:\/\/schema.org\",\"@graph\":[{\"@type\":\"WebPage\",\"@id\":\"https:\/\/distribucionarc.com\/pt\/producto\/maquina-envasadora-automatica-5-kilos-para-hielo-polvos-granulado-2\/\",\"url\":\"https:\/\/distribucionarc.com\/pt\/producto\/maquina-envasadora-automatica-5-kilos-para-hielo-polvos-granulado-2\/\",\"name\":\"M\u00e1quina Envasadora Autom\u00e1tica 5 kilos Para Hielo Polvos Granulado - distribuci\u00f3n ARC\",\"isPartOf\":{\"@id\":\"https:\/\/www.distribucionarc.com\/sl\/#website\"},\"primaryImageOfPage\":{\"@id\":\"https:\/\/distribucionarc.com\/pt\/producto\/maquina-envasadora-automatica-5-kilos-para-hielo-polvos-granulado-2\/#primaryimage\"},\"image\":{\"@id\":\"https:\/\/distribucionarc.com\/pt\/producto\/maquina-envasadora-automatica-5-kilos-para-hielo-polvos-granulado-2\/#primaryimage\"},\"thumbnailUrl\":\"https:\/\/distribucionarc.com\/wp-content\/uploads\/2025\/07\/Maquina-envasadora-automatica-para-hielo-en-cubitos.jpg\",\"datePublished\":\"2025-07-29T20:09:56+00:00\",\"description\":\"Envasadora neum\u00e1tica DARZD-720BQ para hielo en cubitos, polvos, granulados y bolsas de hasta 5 kg. Trabaja a bajas temperaturas. Precisa, resistente y vers\u00e1til.\",\"breadcrumb\":{\"@id\":\"https:\/\/distribucionarc.com\/pt\/producto\/maquina-envasadora-automatica-5-kilos-para-hielo-polvos-granulado-2\/#breadcrumb\"},\"inLanguage\":\"tr\",\"potentialAction\":[{\"@type\":\"ReadAction\",\"target\":[\"https:\/\/distribucionarc.com\/pt\/producto\/maquina-envasadora-automatica-5-kilos-para-hielo-polvos-granulado-2\/\"]}]},{\"@type\":\"ImageObject\",\"inLanguage\":\"tr\",\"@id\":\"https:\/\/distribucionarc.com\/pt\/producto\/maquina-envasadora-automatica-5-kilos-para-hielo-polvos-granulado-2\/#primaryimage\",\"url\":\"https:\/\/distribucionarc.com\/wp-content\/uploads\/2025\/07\/Maquina-envasadora-automatica-para-hielo-en-cubitos.jpg\",\"contentUrl\":\"https:\/\/distribucionarc.com\/wp-content\/uploads\/2025\/07\/Maquina-envasadora-automatica-para-hielo-en-cubitos.jpg\",\"width\":800,\"height\":800,\"caption\":\"M\u00e1quina envasadora DARZD-720BQ en proceso de empaquetado de bolsas de cubitos de hielo de 60 g\"},{\"@type\":\"BreadcrumbList\",\"@id\":\"https:\/\/distribucionarc.com\/pt\/producto\/maquina-envasadora-automatica-5-kilos-para-hielo-polvos-granulado-2\/#breadcrumb\",\"itemListElement\":[{\"@type\":\"ListItem\",\"position\":1,\"name\":\"Portada\",\"item\":\"https:\/\/www.distribucionarc.com\/\"},{\"@type\":\"ListItem\",\"position\":2,\"name\":\"\u00dcr\u00fcnler\",\"item\":\"https:\/\/www.distribucionarc.com\/tr\/magaza\/\"},{\"@type\":\"ListItem\",\"position\":3,\"name\":\"M\u00e1quina Envasadora Autom\u00e1tica 5 kilos Para Hielo Polvos Granulado\"}]},{\"@type\":\"WebSite\",\"@id\":\"https:\/\/www.distribucionarc.com\/sl\/#website\",\"url\":\"https:\/\/www.distribucionarc.com\/sl\/\",\"name\":\"distribuci\u00f3n ARC\",\"description\":\"Empresa especializada en la fabricaci\u00f3n y distribuci\u00f3n de maquinaria industrial, selladoras de latas, Maquinas de hacer pastillas, Maquinas de cortar carne...\",\"publisher\":{\"@id\":\"https:\/\/www.distribucionarc.com\/sl\/#organization\"},\"potentialAction\":[{\"@type\":\"SearchAction\",\"target\":{\"@type\":\"EntryPoint\",\"urlTemplate\":\"https:\/\/www.distribucionarc.com\/sl\/?s={search_term_string}\"},\"query-input\":{\"@type\":\"PropertyValueSpecification\",\"valueRequired\":true,\"valueName\":\"search_term_string\"}}],\"inLanguage\":\"tr\"},{\"@type\":\"Organization\",\"@id\":\"https:\/\/www.distribucionarc.com\/sl\/#organization\",\"name\":\"Distribuci\u00f3n ARC\",\"url\":\"https:\/\/www.distribucionarc.com\/sl\/\",\"logo\":{\"@type\":\"ImageObject\",\"inLanguage\":\"tr\",\"@id\":\"https:\/\/www.distribucionarc.com\/sl\/#\/schema\/logo\/image\/\",\"url\":\"https:\/\/distribucionarc.com\/wp-content\/uploads\/2024\/10\/distribucion-ARC-COLOR-SIN-FONDO-e1732295305345.png\",\"contentUrl\":\"https:\/\/distribucionarc.com\/wp-content\/uploads\/2024\/10\/distribucion-ARC-COLOR-SIN-FONDO-e1732295305345.png\",\"width\":1164,\"height\":558,\"caption\":\"Distribuci\u00f3n ARC\"},\"image\":{\"@id\":\"https:\/\/www.distribucionarc.com\/sl\/#\/schema\/logo\/image\/\"},\"description\":\"Empresa especializada en la fabricaci\u00f3n y distribuci\u00f3n de maquinaria industrial para los sectores alimentario y farmac\u00e9utico. Nos especializamos en: M\u00e1quinas de cortar carne Fabricaci\u00f3n de comprimidos Sistemas de transporte industrial L\u00edneas de embotellado Dosificadores Y mucho m\u00e1s... Ofrecemos soluciones innovadoras y personalizadas para optimizar los procesos productivos de tu empresa.\",\"email\":\"Admistracion@distribucionarc.com\",\"telephone\":\"+34 643496664\",\"legalName\":\"ARC TECH SOLUTIONS\",\"foundingDate\":\"2024-04-09\",\"vatID\":\"B55480172\",\"numberOfEmployees\":{\"@type\":\"QuantitativeValue\",\"minValue\":\"1\",\"maxValue\":\"10\"}}]}<\/script>\n<!-- \/ Yoast SEO Premium plugin. -->","yoast_head_json":{"title":"Gran\u00fcl Toz Buz i\u00e7in 5 Kilo Otomatik Paketleme Makinesi - ARC Da\u011f\u0131t\u0131m","description":"DARZD-720BQ, 5 kg&#039;a kadar buz k\u00fcpleri, tozlar, gran\u00fcller ve torbalar i\u00e7in pn\u00f6matik paketleme makinesidir. D\u00fc\u015f\u00fck s\u0131cakl\u0131klarda \u00e7al\u0131\u015f\u0131r. Hassas, dayan\u0131kl\u0131 ve \u00e7ok y\u00f6nl\u00fcd\u00fcr.","robots":{"index":"index","follow":"follow","max-snippet":"max-snippet:-1","max-image-preview":"max-image-preview:large","max-video-preview":"max-video-preview:-1"},"canonical":"https:\/\/distribucionarc.com\/tr\/urun\/5-kilo-granul-toz-buz-icin-otomatik-paketleme-makinesi\/","og_locale":"tr_TR","og_type":"article","og_title":"M\u00e1quina Envasadora Autom\u00e1tica 5 kilos Para Hielo Polvos Granulado","og_description":"Envasadora neum\u00e1tica DARZD-720BQ para hielo en cubitos, polvos, granulados y bolsas de hasta 5 kg. Trabaja a bajas temperaturas. Precisa, resistente y vers\u00e1til.","og_url":"https:\/\/distribucionarc.com\/tr\/urun\/5-kilo-granul-toz-buz-icin-otomatik-paketleme-makinesi\/","og_site_name":"distribuci\u00f3n ARC","og_image":[{"width":800,"height":800,"url":"https:\/\/distribucionarc.com\/wp-content\/uploads\/2025\/07\/Maquina-envasadora-automatica-para-hielo-en-cubitos.jpg","type":"image\/jpeg"}],"twitter_card":"summary_large_image","twitter_misc":{"Tahmini okuma s\u00fcresi":"3 dakika"},"schema":{"@context":"https:\/\/schema.org","@graph":[{"@type":"WebPage","@id":"https:\/\/distribucionarc.com\/pt\/producto\/maquina-envasadora-automatica-5-kilos-para-hielo-polvos-granulado-2\/","url":"https:\/\/distribucionarc.com\/pt\/producto\/maquina-envasadora-automatica-5-kilos-para-hielo-polvos-granulado-2\/","name":"Gran\u00fcl Toz Buz i\u00e7in 5 Kilo Otomatik Paketleme Makinesi - ARC Da\u011f\u0131t\u0131m","isPartOf":{"@id":"https:\/\/www.distribucionarc.com\/sl\/#website"},"primaryImageOfPage":{"@id":"https:\/\/distribucionarc.com\/pt\/producto\/maquina-envasadora-automatica-5-kilos-para-hielo-polvos-granulado-2\/#primaryimage"},"image":{"@id":"https:\/\/distribucionarc.com\/pt\/producto\/maquina-envasadora-automatica-5-kilos-para-hielo-polvos-granulado-2\/#primaryimage"},"thumbnailUrl":"https:\/\/distribucionarc.com\/wp-content\/uploads\/2025\/07\/Maquina-envasadora-automatica-para-hielo-en-cubitos.jpg","datePublished":"2025-07-29T20:09:56+00:00","description":"DARZD-720BQ, 5 kg&#039;a kadar buz k\u00fcpleri, tozlar, gran\u00fcller ve torbalar i\u00e7in pn\u00f6matik paketleme makinesidir. D\u00fc\u015f\u00fck s\u0131cakl\u0131klarda \u00e7al\u0131\u015f\u0131r. Hassas, dayan\u0131kl\u0131 ve \u00e7ok y\u00f6nl\u00fcd\u00fcr.","breadcrumb":{"@id":"https:\/\/distribucionarc.com\/pt\/producto\/maquina-envasadora-automatica-5-kilos-para-hielo-polvos-granulado-2\/#breadcrumb"},"inLanguage":"tr","potentialAction":[{"@type":"ReadAction","target":["https:\/\/distribucionarc.com\/pt\/producto\/maquina-envasadora-automatica-5-kilos-para-hielo-polvos-granulado-2\/"]}]},{"@type":"ImageObject","inLanguage":"tr","@id":"https:\/\/distribucionarc.com\/pt\/producto\/maquina-envasadora-automatica-5-kilos-para-hielo-polvos-granulado-2\/#primaryimage","url":"https:\/\/distribucionarc.com\/wp-content\/uploads\/2025\/07\/Maquina-envasadora-automatica-para-hielo-en-cubitos.jpg","contentUrl":"https:\/\/distribucionarc.com\/wp-content\/uploads\/2025\/07\/Maquina-envasadora-automatica-para-hielo-en-cubitos.jpg","width":800,"height":800,"caption":"M\u00e1quina envasadora DARZD-720BQ en proceso de empaquetado de bolsas de cubitos de hielo de 60 g"},{"@type":"BreadcrumbList","@id":"https:\/\/distribucionarc.com\/pt\/producto\/maquina-envasadora-automatica-5-kilos-para-hielo-polvos-granulado-2\/#breadcrumb","itemListElement":[{"@type":"ListItem","position":1,"name":"Portada","item":"https:\/\/www.distribucionarc.com\/"},{"@type":"ListItem","position":2,"name":"\u00dcr\u00fcnler","item":"https:\/\/www.distribucionarc.com\/tr\/magaza\/"},{"@type":"ListItem","position":3,"name":"M\u00e1quina Envasadora Autom\u00e1tica 5 kilos Para Hielo Polvos Granulado"}]},{"@type":"WebSite","@id":"https:\/\/www.distribucionarc.com\/sl\/#website","url":"https:\/\/www.distribucionarc.com\/sl\/","name":"ARC da\u011f\u0131t\u0131m\u0131","description":"End\u00fcstriyel makinelerin \u00fcretimi ve da\u011f\u0131t\u0131m\u0131 konusunda uzmanla\u015fm\u0131\u015f \u015firket, kutu m\u00fch\u00fcrleme makineleri, tablet yapma makineleri, et kesme makineleri...","publisher":{"@id":"https:\/\/www.distribucionarc.com\/sl\/#organization"},"potentialAction":[{"@type":"SearchAction","target":{"@type":"EntryPoint","urlTemplate":"https:\/\/www.distribucionarc.com\/sl\/?s={search_term_string}"},"query-input":{"@type":"PropertyValueSpecification","valueRequired":true,"valueName":"search_term_string"}}],"inLanguage":"tr"},{"@type":"Organization","@id":"https:\/\/www.distribucionarc.com\/sl\/#organization","name":"ARC Da\u011f\u0131t\u0131m\u0131","url":"https:\/\/www.distribucionarc.com\/sl\/","logo":{"@type":"ImageObject","inLanguage":"tr","@id":"https:\/\/www.distribucionarc.com\/sl\/#\/schema\/logo\/image\/","url":"https:\/\/distribucionarc.com\/wp-content\/uploads\/2024\/10\/distribucion-ARC-COLOR-SIN-FONDO-e1732295305345.png","contentUrl":"https:\/\/distribucionarc.com\/wp-content\/uploads\/2024\/10\/distribucion-ARC-COLOR-SIN-FONDO-e1732295305345.png","width":1164,"height":558,"caption":"Distribuci\u00f3n ARC"},"image":{"@id":"https:\/\/www.distribucionarc.com\/sl\/#\/schema\/logo\/image\/"},"description":"\u015eirket, g\u0131da ve ila\u00e7 sekt\u00f6rleri i\u00e7in end\u00fcstriyel makine \u00fcretimi ve da\u011f\u0131t\u0131m\u0131 konusunda uzmanla\u015fm\u0131\u015ft\u0131r. Uzmanl\u0131k alanlar\u0131m\u0131z Et kesme makineleri Tablet \u00fcretimi End\u00fcstriyel ta\u015f\u0131ma sistemleri \u015ei\u015feleme hatlar\u0131 Dozajlama makineleri Ve \u00e7ok daha fazlas\u0131... \u015eirketinizin \u00fcretim s\u00fcre\u00e7lerini optimize etmek i\u00e7in yenilik\u00e7i ve \u00f6zelle\u015ftirilmi\u015f \u00e7\u00f6z\u00fcmler sunuyoruz.","email":"Admistracion@distribucionarc.com","telephone":"+34 643496664","legalName":"ARC TECH SOLUTIONS","foundingDate":"2024-04-09","vatID":"B55480172","numberOfEmployees":{"@type":"QuantitativeValue","minValue":"1","maxValue":"10"}}]}},"_links":{"self":[{"href":"https:\/\/distribucionarc.com\/tr\/wp-json\/wp\/v2\/product\/17659","targetHints":{"allow":["GET"]}}],"collection":[{"href":"https:\/\/distribucionarc.com\/tr\/wp-json\/wp\/v2\/product"}],"about":[{"href":"https:\/\/distribucionarc.com\/tr\/wp-json\/wp\/v2\/types\/product"}],"replies":[{"embeddable":true,"href":"https:\/\/distribucionarc.com\/tr\/wp-json\/wp\/v2\/comments?post=17659"}],"version-history":[{"count":1,"href":"https:\/\/distribucionarc.com\/tr\/wp-json\/wp\/v2\/product\/17659\/revisions"}],"predecessor-version":[{"id":17660,"href":"https:\/\/distribucionarc.com\/tr\/wp-json\/wp\/v2\/product\/17659\/revisions\/17660"}],"wp:featuredmedia":[{"embeddable":true,"href":"https:\/\/distribucionarc.com\/tr\/wp-json\/wp\/v2\/media\/17648"}],"wp:attachment":[{"href":"https:\/\/distribucionarc.com\/tr\/wp-json\/wp\/v2\/media?parent=17659"}],"wp:term":[{"taxonomy":"product_brand","embeddable":true,"href":"https:\/\/distribucionarc.com\/tr\/wp-json\/wp\/v2\/product_brand?post=17659"},{"taxonomy":"product_cat","embeddable":true,"href":"https:\/\/distribucionarc.com\/tr\/wp-json\/wp\/v2\/product_cat?post=17659"},{"taxonomy":"product_tag","embeddable":true,"href":"https:\/\/distribucionarc.com\/tr\/wp-json\/wp\/v2\/product_tag?post=17659"}],"curies":[{"name":"wp","href":"https:\/\/api.w.org\/{rel}","templated":true}]}}