{"id":17778,"date":"2025-08-21T01:39:52","date_gmt":"2025-08-20T23:39:52","guid":{"rendered":"https:\/\/distribucionarc.com\/?post_type=product&#038;p=17778"},"modified":"2025-08-21T01:39:53","modified_gmt":"2025-08-20T23:39:53","slug":"soguk-is-ve-neme-egilimli-urunler-icin-salinimli-granulator-kirici","status":"publish","type":"product","link":"https:\/\/distribucionarc.com\/tr\/producto\/triturador-granulador-oscilante-trabajo-en-frio-productos-humedad\/","title":{"rendered":"Sal\u0131n\u0131ml\u0131 Gran\u00fclat\u00f6r K\u0131r\u0131c\u0131 So\u011fuk i\u015f nem \u00fcr\u00fcnleri"},"content":{"rendered":"<p data-start=\"790\" data-end=\"1407\">O <strong data-start=\"793\" data-end=\"805\">YARK-160<\/strong> bu bir <strong data-start=\"812\" data-end=\"854\">sal\u0131n\u0131ml\u0131 de\u011firmen\/k\u0131r\u0131c\u0131\/gran\u00fclat\u00f6r<\/strong> y\u00fcksek performans i\u00e7in tasarlanm\u0131\u015f <strong data-start=\"889\" data-end=\"922\">y\u00fcksek nemli \u00fcr\u00fcnler<\/strong> herhangi biri <strong data-start=\"925\" data-end=\"947\">\u0131s\u0131ya duyarl\u0131<\/strong>Onun sal\u0131n\u0131m\u0131 <strong data-start=\"963\" data-end=\"971\">360\u00b0<\/strong> ile <strong data-start=\"974\" data-end=\"992\">\u224860 d\u00f6ng\u00fc\/dakika<\/strong> \u00fcretir <strong data-start=\"1000\" data-end=\"1017\">yumu\u015fak kesme<\/strong>, ile <strong data-start=\"1023\" data-end=\"1040\">d\u00fc\u015f\u00fck s\u00fcrt\u00fcnme<\/strong> Ve <strong data-start=\"1043\" data-end=\"1071\">minimum termal y\u00fckselme<\/strong>, izin veren <strong data-start=\"1088\" data-end=\"1133\">ezme, deaglomerasyon ve so\u011fuk gran\u00fclasyon<\/strong> malzeme olmadan <strong data-start=\"1154\" data-end=\"1200\">erir, k\u00fcmelenir veya \u00f6zelliklerini kaybeder<\/strong>.<br data-start=\"1201\" data-end=\"1204\" \/>\u00c7izgiler i\u00e7in tasarland\u0131 <strong data-start=\"1224\" data-end=\"1237\">devam et<\/strong> ve yo\u011fun vardiyalar, teklifler <strong data-start=\"1266\" data-end=\"1294\">kontroll\u00fc par\u00e7ac\u0131k boyut da\u011f\u0131l\u0131m\u0131<\/strong> (a\u011fa g\u00f6re) optimize etmek i\u00e7in <strong data-start=\"1324\" data-end=\"1373\">kar\u0131\u015ft\u0131rma, dozajlama, ekstr\u00fczyon, tabletleme<\/strong> Ve <strong data-start=\"1376\" data-end=\"1387\">ak\u0131c\u0131l\u0131k<\/strong> Son \u00fcr\u00fcn\u00fcn.<\/p>\n<p data-start=\"1409\" data-end=\"1452\"><strong data-start=\"1409\" data-end=\"1450\">Uygulamalar ve materyaller (\u00f6rnekler):<\/strong><\/p>\n<ul data-start=\"1453\" data-end=\"2008\">\n<li data-start=\"1453\" data-end=\"1659\">\n<p data-start=\"1455\" data-end=\"1659\"><strong data-start=\"1455\" data-end=\"1471\">Beslenme<\/strong>: \u00e7ikolata\/kakao (eritilmemi\u015f), konsantre et sular\u0131\/\u201cAvecrem\u201d, \u0131slak \u015feker, \u0131slak deniz tuzu, ya\u011fl\u0131 baharatlar, kalan nemi olan kurutulmu\u015f meyveler, \u00f6n kar\u0131\u015f\u0131mlar ve yeniden yap\u0131lanmalar.<\/p>\n<\/li>\n<li data-start=\"1660\" data-end=\"1804\">\n<p data-start=\"1662\" data-end=\"1804\"><strong data-start=\"1662\" data-end=\"1678\">\u0130la\u00e7<\/strong>: <strong data-start=\"1680\" data-end=\"1702\">\u0131slak gran\u00fclasyon<\/strong> tablet tozlar\u0131, yeniden ezilmi\u015f tabletler, <strong data-start=\"1756\" data-end=\"1773\">da\u011f\u0131lm\u0131\u015f<\/strong> kar\u0131\u015ft\u0131rma\/kaps\u00fclleme i\u015fleminden \u00f6nce.<\/p>\n<\/li>\n<li data-start=\"1805\" data-end=\"1906\">\n<p data-start=\"1807\" data-end=\"1906\"><strong data-start=\"1807\" data-end=\"1820\">Kozmetik<\/strong>: sabun bazlar\u0131, mumlar, balsamlar ve macunlar; boyut kontrol\u00fc <strong data-start=\"1882\" data-end=\"1903\">a\u015f\u0131r\u0131 \u0131s\u0131nmadan<\/strong>.<\/p>\n<\/li>\n<li data-start=\"1907\" data-end=\"2008\">\n<p data-start=\"1909\" data-end=\"2008\"><strong data-start=\"1909\" data-end=\"1920\">Kimya<\/strong>: higroskopik\/reaktif tozlar, \u00f6nceden gran\u00fcle edilmi\u015f <strong data-start=\"1972\" data-end=\"1988\">dozaj<\/strong> Ve <strong data-start=\"1991\" data-end=\"2007\">s\u0131k\u0131\u015ft\u0131rma<\/strong>.<\/p>\n<\/li>\n<\/ul>\n<p data-start=\"2010\" data-end=\"2031\"><strong data-start=\"2010\" data-end=\"2029\">Temel faydalar\u0131:<\/strong><\/p>\n<ul data-start=\"2032\" data-end=\"2494\">\n<li data-start=\"2032\" data-end=\"2117\">\n<p data-start=\"2034\" data-end=\"2117\"><strong data-start=\"2034\" data-end=\"2053\">So\u011fuk i\u015f<\/strong> \u2192 daha az yap\u0131\u015fma, daha az sorunlu cezalar, <strong data-start=\"2097\" data-end=\"2114\">kararl\u0131 ak\u0131\u015f<\/strong>.<\/p>\n<\/li>\n<li data-start=\"2118\" data-end=\"2213\">\n<p data-start=\"2120\" data-end=\"2213\"><strong data-start=\"2120\" data-end=\"2146\">Kapasite 200\u2013300 kg\/saat<\/strong> ile <strong data-start=\"2151\" data-end=\"2167\">2,2 kW motor<\/strong> \u2192 <strong data-start=\"2170\" data-end=\"2195\">enerji verimlili\u011fi<\/strong> Ve <strong data-start=\"2198\" data-end=\"2210\">sa\u011flaml\u0131k<\/strong>.<\/p>\n<\/li>\n<li data-start=\"2214\" data-end=\"2314\">\n<p data-start=\"2216\" data-end=\"2314\"><strong data-start=\"2216\" data-end=\"2236\">Paslanmaz \u00e7elik<\/strong>, boyutuna g\u00f6re kompakt tasar\u0131m, <strong data-start=\"2270\" data-end=\"2289\">a\u011f de\u011fi\u015fimi<\/strong> Ve <strong data-start=\"2292\" data-end=\"2311\">h\u0131zl\u0131 temizlik<\/strong>.<\/p>\n<\/li>\n<li data-start=\"2315\" data-end=\"2396\">\n<p data-start=\"2317\" data-end=\"2396\"><strong data-start=\"2317\" data-end=\"2341\">\u00c7evrimi\u00e7i entegrasyon<\/strong>: uyarlanabilir hazne, homojen \u00e7\u0131kt\u0131, g\u00fcvenli \u00e7al\u0131\u015fma.<\/p>\n<\/li>\n<li data-start=\"2397\" data-end=\"2494\">\n<p data-start=\"2399\" data-end=\"2494\"><strong data-start=\"2399\" data-end=\"2424\">\u0130spanya&#039;da ARC Deste\u011fi<\/strong>: dan\u0131\u015fmanl\u0131k, opsiyonel devreye alma, yedek par\u00e7a ve bak\u0131m.<\/p>\n<\/li>\n<\/ul>\n<blockquote data-start=\"2496\" data-end=\"2710\">\n<p data-start=\"2498\" data-end=\"2710\"><strong data-start=\"2498\" data-end=\"2542\">Daha y\u00fcksek modellerde de mevcuttur<\/strong> (daha b\u00fcy\u00fck a\u011f\u0131z ve ak\u0131\u015f h\u0131z\u0131 &gt;300 kg\/saat). <strong data-start=\"2583\" data-end=\"2595\">malzeme<\/strong>, <strong data-start=\"2597\" data-end=\"2613\">% nem<\/strong>, <strong data-start=\"2615\" data-end=\"2643\">giri\u015f\/\u00e7\u0131k\u0131\u015f boyutu<\/strong> Ve <strong data-start=\"2646\" data-end=\"2665\">hedef ak\u0131\u015f h\u0131z\u0131<\/strong> seni tavsiye etmek i\u00e7in <strong data-start=\"2684\" data-end=\"2693\">a\u011f<\/strong> ve yap\u0131land\u0131rma.<\/p>\n<\/blockquote>\n<table class=\"tabla-especificaciones yark-160\">\n<thead>\n<tr>\n<th colspan=\"2\">Teknik \u00f6zellikler \u2014 YARK-160<\/th>\n<\/tr>\n<\/thead>\n<tbody>\n<tr>\n<td>Modeli<\/td>\n<td>YARK-160<\/td>\n<\/tr>\n<tr>\n<td>\u00dcretim kapasitesi<\/td>\n<td>200\u2013300 kg\/saat (malzemeye, neme ve fileye ba\u011fl\u0131 olarak)<\/td>\n<\/tr>\n<tr>\n<td>Sal\u0131n\u0131m rotorunun \u00e7ap\u0131<\/td>\n<td>160 mm<\/td>\n<\/tr>\n<tr>\n<td>Seyahat\/sal\u0131n\u0131m a\u00e7\u0131s\u0131<\/td>\n<td>360\u00b0<\/td>\n<\/tr>\n<tr>\n<td>Sal\u0131n\u0131m frekans\u0131<\/td>\n<td>\u2248 60 d\u00f6ng\u00fc\/dakika<\/td>\n<\/tr>\n<tr>\n<td>Motor g\u00fcc\u00fc<\/td>\n<td>2,2 kW<\/td>\n<\/tr>\n<tr>\n<td>A\u011f\u0131rl\u0131k<\/td>\n<td>330 kilo<\/td>\n<\/tr>\n<tr>\n<td>Boyutlar (U \u00d7 G \u00d7 Y)<\/td>\n<td>950 \u00d7 750 \u00d7 1240 mm<\/td>\n<\/tr>\n<tr>\n<td>\u0130n\u015faat malzemesi<\/td>\n<td>Paslanmaz \u00e7elik (sa\u011flam yap\u0131, kolay temizlik)<\/td>\n<\/tr>\n<tr>\n<td>Operasyonlar<\/td>\n<td>K\u0131rma, so\u011fuk \u0131slak gran\u00fclasyon, deaglomerasyon, homojenizasyon<\/td>\n<\/tr>\n<tr>\n<td>\u00d6nleyici bak\u0131m<\/td>\n<td><a href=\"https:\/\/distribucionarc.com\/tr\/ark-onleyici-bakim\/\" target=\"_blank\" rel=\"noopener\">ARC \u00d6nleyici Bak\u0131m Plan\u0131<\/a><\/td>\n<\/tr>\n<tr>\n<td>Teknik servis<\/td>\n<td><a href=\"https:\/\/distribucionarc.com\/tr\/teknik-servis\/\" target=\"_blank\" rel=\"noopener\">Uzman teknik servis (\u00fclkeye ve konuma g\u00f6re arama)<\/a><\/td>\n<\/tr>\n<tr>\n<td>Uygulanabilir garanti<\/td>\n<td>A Tipi \u2014 <a href=\"https:\/\/distribucionarc.com\/tr\/garanti-dagitim-yayi\/\" target=\"_blank\" rel=\"noopener\">ARC Da\u011f\u0131t\u0131m Garantisi<\/a><\/td>\n<\/tr>\n<\/tbody>\n<\/table>\n<p>&nbsp;<\/p>\n<p>&nbsp;<\/p>","protected":false},"excerpt":{"rendered":"<p>O <strong data-start=\"400\" data-end=\"412\">YARK-160<\/strong> bu bir <strong data-start=\"419\" data-end=\"454\">sal\u0131n\u0131ml\u0131 k\u0131r\u0131c\u0131-gran\u00fclat\u00f6r<\/strong> ile ilgili <strong data-start=\"458\" data-end=\"491\">y\u00fcksek kapasite (200\u2013300 kg\/saat)<\/strong> i\u00e7in <strong data-start=\"497\" data-end=\"527\">so\u011fuk \u0131slak gran\u00fclasyon<\/strong>G\u0131da, eczane, kozmetik ve kimyasallar i\u00e7in idealdir: <strong data-start=\"582\" data-end=\"620\">erimeyi, yap\u0131\u015fmay\u0131 ve topaklanmay\u0131 \u00f6nler<\/strong>, geli\u015ftirir <strong data-start=\"632\" data-end=\"641\">ak\u0131\u015f<\/strong> ve <strong data-start=\"647\" data-end=\"663\">homojenlik<\/strong> Gran\u00fclat\u0131n. <strong data-start=\"679\" data-end=\"718\">Avrupa ve Amerika Birle\u015fik Devletleri&#039;nde ARC Teknik Servisi<\/strong>\u00a0Ve <strong data-start=\"721\" data-end=\"740\">A tipi garanti<\/strong>.<\/p>","protected":false},"featured_media":17784,"comment_status":"open","ping_status":"closed","template":"","meta":{"wds_primary_product_brand":0,"wds_primary_product_cat":0},"product_brand":[],"product_cat":[326],"product_tag":[],"class_list":{"0":"post-17778","1":"product","2":"type-product","3":"status-publish","4":"has-post-thumbnail","6":"product_cat-trituradoras-industriales","8":"first","9":"instock","10":"taxable","11":"shipping-taxable","12":"purchasable","13":"product-type-simple"},"yoast_head":"<!-- This site is optimized with the Yoast SEO Premium plugin v24.9 (Yoast SEO v26.1) - https:\/\/yoast.com\/wordpress\/plugins\/seo\/ -->\n<title>Triturador Granulador Oscilante Trabajo en fr\u00edo productos humedad - distribuci\u00f3n ARC<\/title>\n<meta name=\"description\" content=\"YARK-160: triturador oscilante 200\u2013300 kg\/h para granulaci\u00f3n h\u00fameda en fr\u00edo en alimentos, farmacia y cosm\u00e9tica. Garant\u00eda tipo A y SAT ARC en Europa y estados unidos\" \/>\n<meta name=\"robots\" content=\"index, follow, max-snippet:-1, max-image-preview:large, max-video-preview:-1\" \/>\n<link rel=\"canonical\" href=\"https:\/\/distribucionarc.com\/tr\/urun\/soguk-is-ve-neme-egilimli-urunler-icin-salinimli-granulator-kirici\/\" \/>\n<meta property=\"og:locale\" content=\"tr_TR\" \/>\n<meta property=\"og:type\" content=\"article\" \/>\n<meta property=\"og:title\" content=\"Triturador Granulador Oscilante Trabajo en fr\u00edo productos humedad\" \/>\n<meta property=\"og:description\" content=\"YARK-160: triturador oscilante 200\u2013300 kg\/h para granulaci\u00f3n h\u00fameda en fr\u00edo en alimentos, farmacia y cosm\u00e9tica. Garant\u00eda tipo A y SAT ARC en Europa y estados unidos\" \/>\n<meta property=\"og:url\" content=\"https:\/\/distribucionarc.com\/tr\/urun\/soguk-is-ve-neme-egilimli-urunler-icin-salinimli-granulator-kirici\/\" \/>\n<meta property=\"og:site_name\" content=\"distribuci\u00f3n ARC\" \/>\n<meta property=\"article:modified_time\" content=\"2025-08-20T23:39:53+00:00\" \/>\n<meta property=\"og:image\" content=\"https:\/\/distribucionarc.com\/wp-content\/uploads\/2025\/08\/Granulador-industrial-YARK-160-vista-lateral-derecha-completa.jpeg\" \/>\n\t<meta property=\"og:image:width\" content=\"800\" \/>\n\t<meta property=\"og:image:height\" content=\"800\" \/>\n\t<meta property=\"og:image:type\" content=\"image\/jpeg\" \/>\n<meta name=\"twitter:card\" content=\"summary_large_image\" \/>\n<meta name=\"twitter:label1\" content=\"Tahmini okuma s\u00fcresi\" \/>\n\t<meta name=\"twitter:data1\" content=\"2 dakika\" \/>\n<script type=\"application\/ld+json\" class=\"yoast-schema-graph\">{\"@context\":\"https:\/\/schema.org\",\"@graph\":[{\"@type\":\"WebPage\",\"@id\":\"https:\/\/distribucionarc.com\/pt\/producto\/triturador-granulador-oscilante-trabajo-en-frio-productos-humedad\/\",\"url\":\"https:\/\/distribucionarc.com\/pt\/producto\/triturador-granulador-oscilante-trabajo-en-frio-productos-humedad\/\",\"name\":\"Triturador Granulador Oscilante Trabajo en fr\u00edo productos humedad - distribuci\u00f3n ARC\",\"isPartOf\":{\"@id\":\"https:\/\/www.distribucionarc.com\/sl\/#website\"},\"primaryImageOfPage\":{\"@id\":\"https:\/\/distribucionarc.com\/pt\/producto\/triturador-granulador-oscilante-trabajo-en-frio-productos-humedad\/#primaryimage\"},\"image\":{\"@id\":\"https:\/\/distribucionarc.com\/pt\/producto\/triturador-granulador-oscilante-trabajo-en-frio-productos-humedad\/#primaryimage\"},\"thumbnailUrl\":\"https:\/\/distribucionarc.com\/wp-content\/uploads\/2025\/08\/Granulador-industrial-YARK-160-vista-lateral-derecha-completa.jpeg\",\"datePublished\":\"2025-08-20T23:39:52+00:00\",\"dateModified\":\"2025-08-20T23:39:53+00:00\",\"description\":\"YARK-160: triturador oscilante 200\u2013300 kg\/h para granulaci\u00f3n h\u00fameda en fr\u00edo en alimentos, farmacia y cosm\u00e9tica. Garant\u00eda tipo A y SAT ARC en Europa y estados unidos\",\"breadcrumb\":{\"@id\":\"https:\/\/distribucionarc.com\/pt\/producto\/triturador-granulador-oscilante-trabajo-en-frio-productos-humedad\/#breadcrumb\"},\"inLanguage\":\"tr\",\"potentialAction\":[{\"@type\":\"ReadAction\",\"target\":[\"https:\/\/distribucionarc.com\/pt\/producto\/triturador-granulador-oscilante-trabajo-en-frio-productos-humedad\/\"]}]},{\"@type\":\"ImageObject\",\"inLanguage\":\"tr\",\"@id\":\"https:\/\/distribucionarc.com\/pt\/producto\/triturador-granulador-oscilante-trabajo-en-frio-productos-humedad\/#primaryimage\",\"url\":\"https:\/\/distribucionarc.com\/wp-content\/uploads\/2025\/08\/Granulador-industrial-YARK-160-vista-lateral-derecha-completa.jpeg\",\"contentUrl\":\"https:\/\/distribucionarc.com\/wp-content\/uploads\/2025\/08\/Granulador-industrial-YARK-160-vista-lateral-derecha-completa.jpeg\",\"width\":800,\"height\":800,\"caption\":\"Vista lateral completa del YARK-160 en posici\u00f3n de trabajo\"},{\"@type\":\"BreadcrumbList\",\"@id\":\"https:\/\/distribucionarc.com\/pt\/producto\/triturador-granulador-oscilante-trabajo-en-frio-productos-humedad\/#breadcrumb\",\"itemListElement\":[{\"@type\":\"ListItem\",\"position\":1,\"name\":\"Portada\",\"item\":\"https:\/\/www.distribucionarc.com\/\"},{\"@type\":\"ListItem\",\"position\":2,\"name\":\"\u00dcr\u00fcnler\",\"item\":\"https:\/\/www.distribucionarc.com\/tr\/magaza\/\"},{\"@type\":\"ListItem\",\"position\":3,\"name\":\"Triturador Granulador Oscilante Trabajo en fr\u00edo productos humedad\"}]},{\"@type\":\"WebSite\",\"@id\":\"https:\/\/www.distribucionarc.com\/sl\/#website\",\"url\":\"https:\/\/www.distribucionarc.com\/sl\/\",\"name\":\"distribuci\u00f3n ARC\",\"description\":\"Empresa especializada en la fabricaci\u00f3n y distribuci\u00f3n de maquinaria industrial, selladoras de latas, Maquinas de hacer pastillas, Maquinas de cortar carne...\",\"publisher\":{\"@id\":\"https:\/\/www.distribucionarc.com\/sl\/#organization\"},\"potentialAction\":[{\"@type\":\"SearchAction\",\"target\":{\"@type\":\"EntryPoint\",\"urlTemplate\":\"https:\/\/www.distribucionarc.com\/sl\/?s={search_term_string}\"},\"query-input\":{\"@type\":\"PropertyValueSpecification\",\"valueRequired\":true,\"valueName\":\"search_term_string\"}}],\"inLanguage\":\"tr\"},{\"@type\":\"Organization\",\"@id\":\"https:\/\/www.distribucionarc.com\/sl\/#organization\",\"name\":\"Distribuci\u00f3n ARC\",\"url\":\"https:\/\/www.distribucionarc.com\/sl\/\",\"logo\":{\"@type\":\"ImageObject\",\"inLanguage\":\"tr\",\"@id\":\"https:\/\/www.distribucionarc.com\/sl\/#\/schema\/logo\/image\/\",\"url\":\"https:\/\/distribucionarc.com\/wp-content\/uploads\/2024\/10\/distribucion-ARC-COLOR-SIN-FONDO-e1732295305345.png\",\"contentUrl\":\"https:\/\/distribucionarc.com\/wp-content\/uploads\/2024\/10\/distribucion-ARC-COLOR-SIN-FONDO-e1732295305345.png\",\"width\":1164,\"height\":558,\"caption\":\"Distribuci\u00f3n ARC\"},\"image\":{\"@id\":\"https:\/\/www.distribucionarc.com\/sl\/#\/schema\/logo\/image\/\"},\"description\":\"Empresa especializada en la fabricaci\u00f3n y distribuci\u00f3n de maquinaria industrial para los sectores alimentario y farmac\u00e9utico. Nos especializamos en: M\u00e1quinas de cortar carne Fabricaci\u00f3n de comprimidos Sistemas de transporte industrial L\u00edneas de embotellado Dosificadores Y mucho m\u00e1s... Ofrecemos soluciones innovadoras y personalizadas para optimizar los procesos productivos de tu empresa.\",\"email\":\"Admistracion@distribucionarc.com\",\"telephone\":\"+34 643496664\",\"legalName\":\"ARC TECH SOLUTIONS\",\"foundingDate\":\"2024-04-09\",\"vatID\":\"B55480172\",\"numberOfEmployees\":{\"@type\":\"QuantitativeValue\",\"minValue\":\"1\",\"maxValue\":\"10\"}}]}<\/script>\n<!-- \/ Yoast SEO Premium plugin. -->","yoast_head_json":{"title":"Sal\u0131n\u0131ml\u0131 Gran\u00fclat\u00f6r K\u0131r\u0131c\u0131 Nem e\u011filimli \u00fcr\u00fcnlerin so\u011fuk i\u015flenmesi - ARC da\u011f\u0131l\u0131m\u0131","description":"YARK-160: G\u0131da, ila\u00e7 ve kozmetik end\u00fcstrilerinde so\u011fuk \u0131slak gran\u00fclasyon i\u00e7in 200\u2013300 kg\/saat sal\u0131n\u0131ml\u0131 k\u0131r\u0131c\u0131. Avrupa ve Amerika Birle\u015fik Devletleri&#039;nde A tipi garanti ve SAT ARC.","robots":{"index":"index","follow":"follow","max-snippet":"max-snippet:-1","max-image-preview":"max-image-preview:large","max-video-preview":"max-video-preview:-1"},"canonical":"https:\/\/distribucionarc.com\/tr\/urun\/soguk-is-ve-neme-egilimli-urunler-icin-salinimli-granulator-kirici\/","og_locale":"tr_TR","og_type":"article","og_title":"Triturador Granulador Oscilante Trabajo en fr\u00edo productos humedad","og_description":"YARK-160: triturador oscilante 200\u2013300 kg\/h para granulaci\u00f3n h\u00fameda en fr\u00edo en alimentos, farmacia y cosm\u00e9tica. Garant\u00eda tipo A y SAT ARC en Europa y estados unidos","og_url":"https:\/\/distribucionarc.com\/tr\/urun\/soguk-is-ve-neme-egilimli-urunler-icin-salinimli-granulator-kirici\/","og_site_name":"distribuci\u00f3n ARC","article_modified_time":"2025-08-20T23:39:53+00:00","og_image":[{"width":800,"height":800,"url":"https:\/\/distribucionarc.com\/wp-content\/uploads\/2025\/08\/Granulador-industrial-YARK-160-vista-lateral-derecha-completa.jpeg","type":"image\/jpeg"}],"twitter_card":"summary_large_image","twitter_misc":{"Tahmini okuma s\u00fcresi":"2 dakika"},"schema":{"@context":"https:\/\/schema.org","@graph":[{"@type":"WebPage","@id":"https:\/\/distribucionarc.com\/pt\/producto\/triturador-granulador-oscilante-trabajo-en-frio-productos-humedad\/","url":"https:\/\/distribucionarc.com\/pt\/producto\/triturador-granulador-oscilante-trabajo-en-frio-productos-humedad\/","name":"Sal\u0131n\u0131ml\u0131 Gran\u00fclat\u00f6r K\u0131r\u0131c\u0131 Nem e\u011filimli \u00fcr\u00fcnlerin so\u011fuk i\u015flenmesi - ARC da\u011f\u0131l\u0131m\u0131","isPartOf":{"@id":"https:\/\/www.distribucionarc.com\/sl\/#website"},"primaryImageOfPage":{"@id":"https:\/\/distribucionarc.com\/pt\/producto\/triturador-granulador-oscilante-trabajo-en-frio-productos-humedad\/#primaryimage"},"image":{"@id":"https:\/\/distribucionarc.com\/pt\/producto\/triturador-granulador-oscilante-trabajo-en-frio-productos-humedad\/#primaryimage"},"thumbnailUrl":"https:\/\/distribucionarc.com\/wp-content\/uploads\/2025\/08\/Granulador-industrial-YARK-160-vista-lateral-derecha-completa.jpeg","datePublished":"2025-08-20T23:39:52+00:00","dateModified":"2025-08-20T23:39:53+00:00","description":"YARK-160: G\u0131da, ila\u00e7 ve kozmetik end\u00fcstrilerinde so\u011fuk \u0131slak gran\u00fclasyon i\u00e7in 200\u2013300 kg\/saat sal\u0131n\u0131ml\u0131 k\u0131r\u0131c\u0131. Avrupa ve Amerika Birle\u015fik Devletleri&#039;nde A tipi garanti ve SAT ARC.","breadcrumb":{"@id":"https:\/\/distribucionarc.com\/pt\/producto\/triturador-granulador-oscilante-trabajo-en-frio-productos-humedad\/#breadcrumb"},"inLanguage":"tr","potentialAction":[{"@type":"ReadAction","target":["https:\/\/distribucionarc.com\/pt\/producto\/triturador-granulador-oscilante-trabajo-en-frio-productos-humedad\/"]}]},{"@type":"ImageObject","inLanguage":"tr","@id":"https:\/\/distribucionarc.com\/pt\/producto\/triturador-granulador-oscilante-trabajo-en-frio-productos-humedad\/#primaryimage","url":"https:\/\/distribucionarc.com\/wp-content\/uploads\/2025\/08\/Granulador-industrial-YARK-160-vista-lateral-derecha-completa.jpeg","contentUrl":"https:\/\/distribucionarc.com\/wp-content\/uploads\/2025\/08\/Granulador-industrial-YARK-160-vista-lateral-derecha-completa.jpeg","width":800,"height":800,"caption":"Vista lateral completa del YARK-160 en posici\u00f3n de trabajo"},{"@type":"BreadcrumbList","@id":"https:\/\/distribucionarc.com\/pt\/producto\/triturador-granulador-oscilante-trabajo-en-frio-productos-humedad\/#breadcrumb","itemListElement":[{"@type":"ListItem","position":1,"name":"Portada","item":"https:\/\/www.distribucionarc.com\/"},{"@type":"ListItem","position":2,"name":"\u00dcr\u00fcnler","item":"https:\/\/www.distribucionarc.com\/tr\/magaza\/"},{"@type":"ListItem","position":3,"name":"Triturador Granulador Oscilante Trabajo en fr\u00edo productos humedad"}]},{"@type":"WebSite","@id":"https:\/\/www.distribucionarc.com\/sl\/#website","url":"https:\/\/www.distribucionarc.com\/sl\/","name":"ARC da\u011f\u0131t\u0131m\u0131","description":"End\u00fcstriyel makinelerin \u00fcretimi ve da\u011f\u0131t\u0131m\u0131 konusunda uzmanla\u015fm\u0131\u015f \u015firket, kutu m\u00fch\u00fcrleme makineleri, tablet yapma makineleri, et kesme makineleri...","publisher":{"@id":"https:\/\/www.distribucionarc.com\/sl\/#organization"},"potentialAction":[{"@type":"SearchAction","target":{"@type":"EntryPoint","urlTemplate":"https:\/\/www.distribucionarc.com\/sl\/?s={search_term_string}"},"query-input":{"@type":"PropertyValueSpecification","valueRequired":true,"valueName":"search_term_string"}}],"inLanguage":"tr"},{"@type":"Organization","@id":"https:\/\/www.distribucionarc.com\/sl\/#organization","name":"ARC Da\u011f\u0131t\u0131m\u0131","url":"https:\/\/www.distribucionarc.com\/sl\/","logo":{"@type":"ImageObject","inLanguage":"tr","@id":"https:\/\/www.distribucionarc.com\/sl\/#\/schema\/logo\/image\/","url":"https:\/\/distribucionarc.com\/wp-content\/uploads\/2024\/10\/distribucion-ARC-COLOR-SIN-FONDO-e1732295305345.png","contentUrl":"https:\/\/distribucionarc.com\/wp-content\/uploads\/2024\/10\/distribucion-ARC-COLOR-SIN-FONDO-e1732295305345.png","width":1164,"height":558,"caption":"Distribuci\u00f3n ARC"},"image":{"@id":"https:\/\/www.distribucionarc.com\/sl\/#\/schema\/logo\/image\/"},"description":"\u015eirket, g\u0131da ve ila\u00e7 sekt\u00f6rleri i\u00e7in end\u00fcstriyel makine \u00fcretimi ve da\u011f\u0131t\u0131m\u0131 konusunda uzmanla\u015fm\u0131\u015ft\u0131r. Uzmanl\u0131k alanlar\u0131m\u0131z Et kesme makineleri Tablet \u00fcretimi End\u00fcstriyel ta\u015f\u0131ma sistemleri \u015ei\u015feleme hatlar\u0131 Dozajlama makineleri Ve \u00e7ok daha fazlas\u0131... \u015eirketinizin \u00fcretim s\u00fcre\u00e7lerini optimize etmek i\u00e7in yenilik\u00e7i ve \u00f6zelle\u015ftirilmi\u015f \u00e7\u00f6z\u00fcmler sunuyoruz.","email":"Admistracion@distribucionarc.com","telephone":"+34 643496664","legalName":"ARC TECH SOLUTIONS","foundingDate":"2024-04-09","vatID":"B55480172","numberOfEmployees":{"@type":"QuantitativeValue","minValue":"1","maxValue":"10"}}]}},"_links":{"self":[{"href":"https:\/\/distribucionarc.com\/tr\/wp-json\/wp\/v2\/product\/17778","targetHints":{"allow":["GET"]}}],"collection":[{"href":"https:\/\/distribucionarc.com\/tr\/wp-json\/wp\/v2\/product"}],"about":[{"href":"https:\/\/distribucionarc.com\/tr\/wp-json\/wp\/v2\/types\/product"}],"replies":[{"embeddable":true,"href":"https:\/\/distribucionarc.com\/tr\/wp-json\/wp\/v2\/comments?post=17778"}],"version-history":[{"count":1,"href":"https:\/\/distribucionarc.com\/tr\/wp-json\/wp\/v2\/product\/17778\/revisions"}],"predecessor-version":[{"id":17785,"href":"https:\/\/distribucionarc.com\/tr\/wp-json\/wp\/v2\/product\/17778\/revisions\/17785"}],"wp:featuredmedia":[{"embeddable":true,"href":"https:\/\/distribucionarc.com\/tr\/wp-json\/wp\/v2\/media\/17784"}],"wp:attachment":[{"href":"https:\/\/distribucionarc.com\/tr\/wp-json\/wp\/v2\/media?parent=17778"}],"wp:term":[{"taxonomy":"product_brand","embeddable":true,"href":"https:\/\/distribucionarc.com\/tr\/wp-json\/wp\/v2\/product_brand?post=17778"},{"taxonomy":"product_cat","embeddable":true,"href":"https:\/\/distribucionarc.com\/tr\/wp-json\/wp\/v2\/product_cat?post=17778"},{"taxonomy":"product_tag","embeddable":true,"href":"https:\/\/distribucionarc.com\/tr\/wp-json\/wp\/v2\/product_tag?post=17778"}],"curies":[{"name":"wp","href":"https:\/\/api.w.org\/{rel}","templated":true}]}}