{"id":1815,"date":"2020-07-31T11:24:52","date_gmt":"2020-07-31T11:24:52","guid":{"rendered":"https:\/\/distribucionarc.com\/?post_type=product&#038;p=1815"},"modified":"2022-10-15T21:48:50","modified_gmt":"2022-10-15T21:48:50","slug":"otomatik-tahil-dozajlama-kapama-makinesi-2","status":"publish","type":"product","link":"https:\/\/distribucionarc.com\/tr\/producto\/dosificadora-selladora-automatica-de-granos-2\/","title":{"rendered":"200g otomatik tah\u0131l s\u0131zd\u0131rmazl\u0131k da\u011f\u0131t\u0131c\u0131s\u0131"},"content":{"rendered":"<h3>Tah\u0131llar, unlar ve tozlar i\u00e7in otomatik kapatma da\u011f\u0131t\u0131c\u0131s\u0131<\/h3>\n<p>La\u00a0<strong>dozaj m\u00fch\u00fcrleyen<\/strong>\u00a0ile ilgili\u00a0<strong><span style=\"color: #ff0000;\">\u0130LE<\/span><span style=\"color: #0000ff;\">R<\/span>C<\/strong>\u00a0Tamamen otomatik olup t\u00fcm proses boyunca tart\u0131m, kesme, sarma ve kesme i\u015flemleri yap\u0131lmaktad\u0131r.\u00a0<strong>paketleme ve tartma makinesi<\/strong>\u00a0Sorunsuz ve az g\u00fcr\u00fclt\u00fcl\u00fc \u00e7al\u0131\u015fan \u00e7ift titre\u015fim sistemine sahiptir.<\/p>\n<p>B\u00fcy\u00fck hazne\u00a0<strong><span style=\"color: #ff0000;\">\u0130LE<\/span><span style=\"color: #0000ff;\">R<\/span>CMSAG200<\/strong> verimli dolum yap\u0131lmas\u0131na olanak sa\u011flar. Bu 3 tarafl\u0131 bir conta t\u00fcr\u00fcd\u00fcr. Ka\u011f\u0131t geni\u015fli\u011fi: 18 cm (yani bitmi\u015f \u00fcr\u00fcn torbas\u0131n\u0131n geni\u015fli\u011fi 8 cm). Ka\u011f\u0131t uzunlu\u011fu: 1-16cm. Paketleme aral\u0131\u011f\u0131: 1-200g kapasite. Bu <strong>otomatik tart\u0131 makinesi<\/strong>\u00a0\u0130nce toz, kimyasal toz, yenilebilir toz, kahve tozu ve di\u011fer kuru ve hareketli malzemeler i\u00e7in uygundur.<\/p>\n<p>Mikrobilgisayar kontrol sistemi <strong>y\u00fcksek hassasiyet<\/strong>\u00a0tart\u0131m ve dolum i\u015flemini do\u011fru yapar ve hatalar\u0131 azalt\u0131r. \u00c7ift kontrol ekranlar\u0131n\u0131n kullan\u0131m\u0131 kolayd\u0131r.<\/p>\n<p>Geminin t\u00fcm g\u00f6vdesi <strong>m\u00fch\u00fcrleme ve tartma makinesi<\/strong> G\u0131da s\u0131n\u0131f\u0131 paslanmaz \u00e7elikten yap\u0131lm\u0131\u015f, uzun s\u00fcre sa\u011flam ve dayan\u0131kl\u0131d\u0131r. Sa\u011flam buklelerle a\u00e7\u0131lmas\u0131 ve kapat\u0131lmas\u0131 kolayd\u0131r. Is\u0131 da\u011f\u0131tma fan\u0131 s\u00fcrekli kullan\u0131m i\u00e7in tasarlanm\u0131\u015ft\u0131r.<\/p>\n<p>Makine iki par\u00e7a halinde birle\u015ftirildi\u011finden (s\u00f6k\u00fclebilir), d\u00f6rt tekerlek kolay hareket ve kolay \u00e7al\u0131\u015fma i\u00e7in tasarlanm\u0131\u015ft\u0131r.<\/p>\n<h6><strong>Garanti\u00a0<span style=\"color: #ff0000;\">\u0130LE<\/span><span style=\"color: #0000ff;\">R<\/span>\u00c7 2 YIL<\/strong><\/h6>\n<h6><span style=\"color: #008000;\">Verimli otomatik kapat\u0131c\u0131 da\u011f\u0131t\u0131c\u0131, d\u00fc\u015f\u00fck t\u00fcketim 100w<\/span><\/h6>\n<h6><strong>teknik destek dahil<\/strong><\/h6>\n<p>&nbsp;<\/p>\n<table role=\"presentation\" width=\"100%\" cellspacing=\"0\" cellpadding=\"0\">\n<tbody>\n<tr>\n<td class=\"attrLabels\">Marka:<\/td>\n<td width=\"50.0%\">ARK<\/td>\n<\/tr>\n<tr>\n<td class=\"attrLabels\">Da\u011f\u0131t\u0131m \u00fclkesi:<\/td>\n<td width=\"50.0%\">\u0130spanya, Almanya, ABD<\/td>\n<td class=\"attrLabels\">A\u011f\u0131rl\u0131k:<\/td>\n<td width=\"50.0%\">66 kg<\/td>\n<\/tr>\n<tr>\n<td class=\"attrLabels\">Marka:<\/td>\n<td width=\"50.0%\">ARK<\/td>\n<td class=\"attrLabels\">Y\u00fckseklik:<\/td>\n<td width=\"50.0%\">141cm<\/td>\n<\/tr>\n<tr>\n<td class=\"attrLabels\">Renk:<\/td>\n<td width=\"50.0%\">G\u00fcm\u00fc\u015f<\/td>\n<td class=\"attrLabels\">Uzun:<\/td>\n<td width=\"50.0%\">52cm<\/td>\n<\/tr>\n<tr>\n<td class=\"attrLabels\">\u00dcr\u00fcn tipi:<\/td>\n<td width=\"50.0%\">Otomatik s\u0131zd\u0131rmazl\u0131k da\u011f\u0131t\u0131c\u0131s\u0131<\/td>\n<td class=\"attrLabels\">Geni\u015f:<\/td>\n<td width=\"50.0%\">62cm<\/td>\n<\/tr>\n<tr>\n<td class=\"attrLabels\">\u00dcretici numaras\u0131:<\/td>\n<td width=\"50.0%\">ARCMSAG200<\/td>\n<td class=\"attrLabels\">G\u00fc\u00e7:<\/td>\n<td width=\"50.0%\">100W<\/td>\n<\/tr>\n<tr>\n<td class=\"attrLabels\">Malzeme:<\/td>\n<td width=\"50.0%\">paslanmaz \u00e7elik, mikrobilgisayarlar, otomatik kontrol<\/td>\n<td class=\"attrLabels\">giri\u015f voltaj\u0131<\/td>\n<td width=\"50.0%\">220V \u2013 60Hz<\/td>\n<\/tr>\n<tr>\n<td class=\"attrLabels\">Garanti:<\/td>\n<td width=\"50.0%\">\u00a0 2 Y\u0131l<\/td>\n<td class=\"attrLabels\">Paketleme h\u0131z\u0131:<\/td>\n<td width=\"50.0%\">Dakikada 8 \u2013 12 torba<\/td>\n<\/tr>\n<tr>\n<td class=\"attrLabels\">Kurulum ara\u00e7lar\u0131:<\/td>\n<td width=\"50.0%\">Evet<\/td>\n<td class=\"attrLabels\">Paketleme kapasitesi:<\/td>\n<td width=\"50.0%\">\u00a00 \u2013 200 gram<\/td>\n<\/tr>\n<\/tbody>\n<\/table>","protected":false},"excerpt":{"rendered":"<h2>Tah\u0131llar, unlar ve tozlar i\u00e7in otomatik kapatma da\u011f\u0131t\u0131c\u0131s\u0131<\/h2>\n<p><strong><span style=\"color: #ff0000;\">\u0130LE<\/span><span style=\"color: #0000ff;\">R<\/span>C<\/strong>\u00a0toz, tah\u0131l ve unlarla \u00e7al\u0131\u015fan end\u00fcstriler i\u00e7in \u00e7e\u015fitli \u00e7\u00f6z\u00fcmler sunmaktad\u0131r. Torbalar\u0131n kapat\u0131lmas\u0131n\u0131 sa\u011flayan standart sistemlerimiz oldu\u011fu gibi, paketleme i\u00e7in vakum \u00fcreten sistemlerimiz de mevcuttur.<\/p>\n<p>La\u00a0<strong>otomatik yap\u0131\u015ft\u0131rma makinesi <span style=\"color: #ff0000;\">\u0130LE<\/span><span style=\"color: #0000ff;\">R<\/span>CMSAG200<\/strong>\u00a0\u00dc\u00e7 tarafl\u0131 toz torbas\u0131 sa\u011flam ve g\u00fcvenilirdir. Hepsini birle\u015ftir <strong>tart\u0131m ve paketleme fonksiyonlar\u0131<\/strong>, \u00fcretimi te\u015fvik etmek. Evlat edinmek <strong>maskeleme i\u00e7in \u00e7ift titre\u015fim sistemleri<\/strong> <strong>\u00e7ok verimli<\/strong>. Toz, par\u00e7ac\u0131klar ve di\u011fer kuru ve hareketli malzemeler i\u00e7in m\u00fckemmeldir; filtre ka\u011f\u0131d\u0131, kompozit film, al\u00fcminyum folyo torbalar, dokunmam\u0131\u015f, ya\u011fl\u0131 ka\u011f\u0131t, \u0131s\u0131yla kapat\u0131lm\u0131\u015f plastik torbalar ve di\u011fer \u0131s\u0131yla kapat\u0131labilir ambalaj malzemeleri i\u00e7in uygundur.<\/p>\n<h6><strong>Garanti\u00a0<span style=\"color: #ff0000;\">\u0130LE<\/span><span style=\"color: #0000ff;\">R<\/span>\u00c7 2 YIL<\/strong><\/h6>\n<h6><span style=\"color: #008000;\">Verimli otomatik kapat\u0131c\u0131 da\u011f\u0131t\u0131c\u0131, d\u00fc\u015f\u00fck t\u00fcketim 100w<\/span><\/h6>\n<h6><strong>teknik destek dahil<\/strong><\/h6>","protected":false},"featured_media":1822,"comment_status":"open","ping_status":"closed","template":"","meta":{"wds_primary_product_brand":0,"wds_primary_product_cat":0},"product_brand":[],"product_cat":[18,22,15,21,27],"product_tag":[],"class_list":{"0":"post-1815","1":"product","2":"type-product","3":"status-publish","4":"has-post-thumbnail","6":"product_cat-dosificadoras","7":"product_cat-llenadora-de-bolsas-granos-y-polvo","8":"product_cat-llenadoras-y-selladoras-automaticas-flow-pack-sachet","9":"product_cat-maquinas-llenadoras","10":"product_cat-selladoras-de-bolsas","11":"product_shipping_class-express","13":"first","14":"instock","15":"taxable","16":"shipping-taxable","17":"purchasable","18":"product-type-simple"},"yoast_head":"<!-- This site is optimized with the Yoast SEO Premium plugin v24.9 (Yoast SEO v26.1) - https:\/\/yoast.com\/wordpress\/plugins\/seo\/ -->\n<title>Dosificadora selladora autom\u00e1tica de granos 200g - distribuci\u00f3n ARC<\/title>\n<meta name=\"robots\" content=\"index, follow, max-snippet:-1, max-image-preview:large, max-video-preview:-1\" \/>\n<link rel=\"canonical\" href=\"https:\/\/www.distribucionarc.com\/tr\/producto\/dosificadora-selladora-automatica-de-granos-2\/\" \/>\n<meta property=\"og:locale\" content=\"tr_TR\" \/>\n<meta property=\"og:type\" content=\"article\" \/>\n<meta property=\"og:title\" content=\"Dosificadora selladora autom\u00e1tica de granos 200g\" \/>\n<meta property=\"og:description\" content=\"Dosificadora selladora autom\u00e1tica de granos, harinas polvos ARC\u00a0ofrece varios tipos de soluciones para las industrias que trabajan con polvos, granos y harinas. Tenemos sistemas est\u00e1ndar que permiten sellar las bolsas y tambi\u00e9n sistemas que generan vac\u00edo a los empaques.  La\u00a0m\u00e1quina de sellado autom\u00e1tico ARCMSAG200\u00a0de tres caras para bolsas de polvo es estable y confiable. Combina todas las funciones de pesaje y embalaje, para favorecer la producci\u00f3n. Adopta sistemas de doble vibraci\u00f3n para un enmascaramiento muy eficiente. Es perfecto para polvo, part\u00edculas y otros materiales secos y m\u00f3viles, adecuado para papel de filtro, pel\u00edcula compuesta, bolsas de papel de aluminio, no tejido, papel engrasado, bolsas de pl\u00e1stico termosellados y otros materiales de embalaje termosellable. Garant\u00eda\u00a0ARC 2 A\u00d1OS Dosificadora selladora autom\u00e1tica eficiente, bajo consumo 100w soporte t\u00e9cnico incluido\" \/>\n<meta property=\"og:url\" content=\"https:\/\/www.distribucionarc.com\/tr\/producto\/dosificadora-selladora-automatica-de-granos-2\/\" \/>\n<meta property=\"og:site_name\" content=\"distribuci\u00f3n ARC\" \/>\n<meta property=\"article:modified_time\" content=\"2022-10-15T21:48:50+00:00\" \/>\n<meta property=\"og:image\" content=\"https:\/\/distribucionarc.com\/wp-content\/uploads\/2020\/07\/Dosificadora-selladora-autom\u00e1tica-de-granos-200-0.jpg\" \/>\n\t<meta property=\"og:image:width\" content=\"1600\" \/>\n\t<meta property=\"og:image:height\" content=\"1600\" \/>\n\t<meta property=\"og:image:type\" content=\"image\/jpeg\" \/>\n<meta name=\"twitter:card\" content=\"summary_large_image\" \/>\n<meta name=\"twitter:label1\" content=\"Tahmini okuma s\u00fcresi\" \/>\n\t<meta name=\"twitter:data1\" content=\"2 dakika\" \/>\n<script type=\"application\/ld+json\" class=\"yoast-schema-graph\">{\"@context\":\"https:\/\/schema.org\",\"@graph\":[{\"@type\":\"WebPage\",\"@id\":\"https:\/\/www.distribucionarc.com\/tr\/producto\/dosificadora-selladora-automatica-de-granos-2\/\",\"url\":\"https:\/\/www.distribucionarc.com\/tr\/producto\/dosificadora-selladora-automatica-de-granos-2\/\",\"name\":\"Dosificadora selladora autom\u00e1tica de granos 200g - distribuci\u00f3n ARC\",\"isPartOf\":{\"@id\":\"https:\/\/www.distribucionarc.com\/sl\/#website\"},\"primaryImageOfPage\":{\"@id\":\"https:\/\/www.distribucionarc.com\/tr\/producto\/dosificadora-selladora-automatica-de-granos-2\/#primaryimage\"},\"image\":{\"@id\":\"https:\/\/www.distribucionarc.com\/tr\/producto\/dosificadora-selladora-automatica-de-granos-2\/#primaryimage\"},\"thumbnailUrl\":\"https:\/\/distribucionarc.com\/wp-content\/uploads\/2020\/07\/Dosificadora-selladora-autom\u00e1tica-de-granos-200-0.jpg\",\"datePublished\":\"2020-07-31T11:24:52+00:00\",\"dateModified\":\"2022-10-15T21:48:50+00:00\",\"breadcrumb\":{\"@id\":\"https:\/\/www.distribucionarc.com\/tr\/producto\/dosificadora-selladora-automatica-de-granos-2\/#breadcrumb\"},\"inLanguage\":\"tr\",\"potentialAction\":[{\"@type\":\"ReadAction\",\"target\":[\"https:\/\/www.distribucionarc.com\/tr\/producto\/dosificadora-selladora-automatica-de-granos-2\/\"]}]},{\"@type\":\"ImageObject\",\"inLanguage\":\"tr\",\"@id\":\"https:\/\/www.distribucionarc.com\/tr\/producto\/dosificadora-selladora-automatica-de-granos-2\/#primaryimage\",\"url\":\"https:\/\/distribucionarc.com\/wp-content\/uploads\/2020\/07\/Dosificadora-selladora-autom\u00e1tica-de-granos-200-0.jpg\",\"contentUrl\":\"https:\/\/distribucionarc.com\/wp-content\/uploads\/2020\/07\/Dosificadora-selladora-autom\u00e1tica-de-granos-200-0.jpg\",\"width\":1600,\"height\":1600,\"caption\":\"Dosificadora selladora autom\u00e1tica de granos 200\"},{\"@type\":\"BreadcrumbList\",\"@id\":\"https:\/\/www.distribucionarc.com\/tr\/producto\/dosificadora-selladora-automatica-de-granos-2\/#breadcrumb\",\"itemListElement\":[{\"@type\":\"ListItem\",\"position\":1,\"name\":\"Portada\",\"item\":\"https:\/\/www.distribucionarc.com\/\"},{\"@type\":\"ListItem\",\"position\":2,\"name\":\"\u00dcr\u00fcnler\",\"item\":\"https:\/\/www.distribucionarc.com\/tr\/magaza\/\"},{\"@type\":\"ListItem\",\"position\":3,\"name\":\"Dosificadora selladora autom\u00e1tica de granos 200g\"}]},{\"@type\":\"WebSite\",\"@id\":\"https:\/\/www.distribucionarc.com\/sl\/#website\",\"url\":\"https:\/\/www.distribucionarc.com\/sl\/\",\"name\":\"distribuci\u00f3n ARC\",\"description\":\"Empresa especializada en la fabricaci\u00f3n y distribuci\u00f3n de maquinaria industrial, selladoras de latas, Maquinas de hacer pastillas, Maquinas de cortar carne...\",\"publisher\":{\"@id\":\"https:\/\/www.distribucionarc.com\/sl\/#organization\"},\"potentialAction\":[{\"@type\":\"SearchAction\",\"target\":{\"@type\":\"EntryPoint\",\"urlTemplate\":\"https:\/\/www.distribucionarc.com\/sl\/?s={search_term_string}\"},\"query-input\":{\"@type\":\"PropertyValueSpecification\",\"valueRequired\":true,\"valueName\":\"search_term_string\"}}],\"inLanguage\":\"tr\"},{\"@type\":\"Organization\",\"@id\":\"https:\/\/www.distribucionarc.com\/sl\/#organization\",\"name\":\"Distribuci\u00f3n ARC\",\"url\":\"https:\/\/www.distribucionarc.com\/sl\/\",\"logo\":{\"@type\":\"ImageObject\",\"inLanguage\":\"tr\",\"@id\":\"https:\/\/www.distribucionarc.com\/sl\/#\/schema\/logo\/image\/\",\"url\":\"https:\/\/distribucionarc.com\/wp-content\/uploads\/2024\/10\/distribucion-ARC-COLOR-SIN-FONDO-e1732295305345.png\",\"contentUrl\":\"https:\/\/distribucionarc.com\/wp-content\/uploads\/2024\/10\/distribucion-ARC-COLOR-SIN-FONDO-e1732295305345.png\",\"width\":1164,\"height\":558,\"caption\":\"Distribuci\u00f3n ARC\"},\"image\":{\"@id\":\"https:\/\/www.distribucionarc.com\/sl\/#\/schema\/logo\/image\/\"},\"description\":\"Empresa especializada en la fabricaci\u00f3n y distribuci\u00f3n de maquinaria industrial para los sectores alimentario y farmac\u00e9utico. Nos especializamos en: M\u00e1quinas de cortar carne Fabricaci\u00f3n de comprimidos Sistemas de transporte industrial L\u00edneas de embotellado Dosificadores Y mucho m\u00e1s... Ofrecemos soluciones innovadoras y personalizadas para optimizar los procesos productivos de tu empresa.\",\"email\":\"Admistracion@distribucionarc.com\",\"telephone\":\"+34 643496664\",\"legalName\":\"ARC TECH SOLUTIONS\",\"foundingDate\":\"2024-04-09\",\"vatID\":\"B55480172\",\"numberOfEmployees\":{\"@type\":\"QuantitativeValue\",\"minValue\":\"1\",\"maxValue\":\"10\"}}]}<\/script>\n<!-- \/ Yoast SEO Premium plugin. -->","yoast_head_json":{"title":"Otomatik tah\u0131l kapatma dispenseri 200g - ARC da\u011f\u0131t\u0131m\u0131","robots":{"index":"index","follow":"follow","max-snippet":"max-snippet:-1","max-image-preview":"max-image-preview:large","max-video-preview":"max-video-preview:-1"},"canonical":"https:\/\/www.distribucionarc.com\/tr\/producto\/dosificadora-selladora-automatica-de-granos-2\/","og_locale":"tr_TR","og_type":"article","og_title":"Dosificadora selladora autom\u00e1tica de granos 200g","og_description":"Dosificadora selladora autom\u00e1tica de granos, harinas polvos ARC\u00a0ofrece varios tipos de soluciones para las industrias que trabajan con polvos, granos y harinas. Tenemos sistemas est\u00e1ndar que permiten sellar las bolsas y tambi\u00e9n sistemas que generan vac\u00edo a los empaques.  La\u00a0m\u00e1quina de sellado autom\u00e1tico ARCMSAG200\u00a0de tres caras para bolsas de polvo es estable y confiable. Combina todas las funciones de pesaje y embalaje, para favorecer la producci\u00f3n. Adopta sistemas de doble vibraci\u00f3n para un enmascaramiento muy eficiente. Es perfecto para polvo, part\u00edculas y otros materiales secos y m\u00f3viles, adecuado para papel de filtro, pel\u00edcula compuesta, bolsas de papel de aluminio, no tejido, papel engrasado, bolsas de pl\u00e1stico termosellados y otros materiales de embalaje termosellable. Garant\u00eda\u00a0ARC 2 A\u00d1OS Dosificadora selladora autom\u00e1tica eficiente, bajo consumo 100w soporte t\u00e9cnico incluido","og_url":"https:\/\/www.distribucionarc.com\/tr\/producto\/dosificadora-selladora-automatica-de-granos-2\/","og_site_name":"distribuci\u00f3n ARC","article_modified_time":"2022-10-15T21:48:50+00:00","og_image":[{"width":1600,"height":1600,"url":"https:\/\/distribucionarc.com\/wp-content\/uploads\/2020\/07\/Dosificadora-selladora-autom\u00e1tica-de-granos-200-0.jpg","type":"image\/jpeg"}],"twitter_card":"summary_large_image","twitter_misc":{"Tahmini okuma s\u00fcresi":"2 dakika"},"schema":{"@context":"https:\/\/schema.org","@graph":[{"@type":"WebPage","@id":"https:\/\/www.distribucionarc.com\/tr\/producto\/dosificadora-selladora-automatica-de-granos-2\/","url":"https:\/\/www.distribucionarc.com\/tr\/producto\/dosificadora-selladora-automatica-de-granos-2\/","name":"Otomatik tah\u0131l kapatma dispenseri 200g - ARC da\u011f\u0131t\u0131m\u0131","isPartOf":{"@id":"https:\/\/www.distribucionarc.com\/sl\/#website"},"primaryImageOfPage":{"@id":"https:\/\/www.distribucionarc.com\/tr\/producto\/dosificadora-selladora-automatica-de-granos-2\/#primaryimage"},"image":{"@id":"https:\/\/www.distribucionarc.com\/tr\/producto\/dosificadora-selladora-automatica-de-granos-2\/#primaryimage"},"thumbnailUrl":"https:\/\/distribucionarc.com\/wp-content\/uploads\/2020\/07\/Dosificadora-selladora-autom\u00e1tica-de-granos-200-0.jpg","datePublished":"2020-07-31T11:24:52+00:00","dateModified":"2022-10-15T21:48:50+00:00","breadcrumb":{"@id":"https:\/\/www.distribucionarc.com\/tr\/producto\/dosificadora-selladora-automatica-de-granos-2\/#breadcrumb"},"inLanguage":"tr","potentialAction":[{"@type":"ReadAction","target":["https:\/\/www.distribucionarc.com\/tr\/producto\/dosificadora-selladora-automatica-de-granos-2\/"]}]},{"@type":"ImageObject","inLanguage":"tr","@id":"https:\/\/www.distribucionarc.com\/tr\/producto\/dosificadora-selladora-automatica-de-granos-2\/#primaryimage","url":"https:\/\/distribucionarc.com\/wp-content\/uploads\/2020\/07\/Dosificadora-selladora-autom\u00e1tica-de-granos-200-0.jpg","contentUrl":"https:\/\/distribucionarc.com\/wp-content\/uploads\/2020\/07\/Dosificadora-selladora-autom\u00e1tica-de-granos-200-0.jpg","width":1600,"height":1600,"caption":"Dosificadora selladora autom\u00e1tica de granos 200"},{"@type":"BreadcrumbList","@id":"https:\/\/www.distribucionarc.com\/tr\/producto\/dosificadora-selladora-automatica-de-granos-2\/#breadcrumb","itemListElement":[{"@type":"ListItem","position":1,"name":"Portada","item":"https:\/\/www.distribucionarc.com\/"},{"@type":"ListItem","position":2,"name":"\u00dcr\u00fcnler","item":"https:\/\/www.distribucionarc.com\/tr\/magaza\/"},{"@type":"ListItem","position":3,"name":"Dosificadora selladora autom\u00e1tica de granos 200g"}]},{"@type":"WebSite","@id":"https:\/\/www.distribucionarc.com\/sl\/#website","url":"https:\/\/www.distribucionarc.com\/sl\/","name":"ARC da\u011f\u0131t\u0131m\u0131","description":"End\u00fcstriyel makinelerin \u00fcretimi ve da\u011f\u0131t\u0131m\u0131 konusunda uzmanla\u015fm\u0131\u015f \u015firket, kutu m\u00fch\u00fcrleme makineleri, tablet yapma makineleri, et kesme makineleri...","publisher":{"@id":"https:\/\/www.distribucionarc.com\/sl\/#organization"},"potentialAction":[{"@type":"SearchAction","target":{"@type":"EntryPoint","urlTemplate":"https:\/\/www.distribucionarc.com\/sl\/?s={search_term_string}"},"query-input":{"@type":"PropertyValueSpecification","valueRequired":true,"valueName":"search_term_string"}}],"inLanguage":"tr"},{"@type":"Organization","@id":"https:\/\/www.distribucionarc.com\/sl\/#organization","name":"ARC Da\u011f\u0131t\u0131m\u0131","url":"https:\/\/www.distribucionarc.com\/sl\/","logo":{"@type":"ImageObject","inLanguage":"tr","@id":"https:\/\/www.distribucionarc.com\/sl\/#\/schema\/logo\/image\/","url":"https:\/\/distribucionarc.com\/wp-content\/uploads\/2024\/10\/distribucion-ARC-COLOR-SIN-FONDO-e1732295305345.png","contentUrl":"https:\/\/distribucionarc.com\/wp-content\/uploads\/2024\/10\/distribucion-ARC-COLOR-SIN-FONDO-e1732295305345.png","width":1164,"height":558,"caption":"Distribuci\u00f3n ARC"},"image":{"@id":"https:\/\/www.distribucionarc.com\/sl\/#\/schema\/logo\/image\/"},"description":"\u015eirket, g\u0131da ve ila\u00e7 sekt\u00f6rleri i\u00e7in end\u00fcstriyel makine \u00fcretimi ve da\u011f\u0131t\u0131m\u0131 konusunda uzmanla\u015fm\u0131\u015ft\u0131r. Uzmanl\u0131k alanlar\u0131m\u0131z Et kesme makineleri Tablet \u00fcretimi End\u00fcstriyel ta\u015f\u0131ma sistemleri \u015ei\u015feleme hatlar\u0131 Dozajlama makineleri Ve \u00e7ok daha fazlas\u0131... \u015eirketinizin \u00fcretim s\u00fcre\u00e7lerini optimize etmek i\u00e7in yenilik\u00e7i ve \u00f6zelle\u015ftirilmi\u015f \u00e7\u00f6z\u00fcmler sunuyoruz.","email":"Admistracion@distribucionarc.com","telephone":"+34 643496664","legalName":"ARC TECH SOLUTIONS","foundingDate":"2024-04-09","vatID":"B55480172","numberOfEmployees":{"@type":"QuantitativeValue","minValue":"1","maxValue":"10"}}]}},"_links":{"self":[{"href":"https:\/\/distribucionarc.com\/tr\/wp-json\/wp\/v2\/product\/1815","targetHints":{"allow":["GET"]}}],"collection":[{"href":"https:\/\/distribucionarc.com\/tr\/wp-json\/wp\/v2\/product"}],"about":[{"href":"https:\/\/distribucionarc.com\/tr\/wp-json\/wp\/v2\/types\/product"}],"replies":[{"embeddable":true,"href":"https:\/\/distribucionarc.com\/tr\/wp-json\/wp\/v2\/comments?post=1815"}],"version-history":[{"count":0,"href":"https:\/\/distribucionarc.com\/tr\/wp-json\/wp\/v2\/product\/1815\/revisions"}],"wp:featuredmedia":[{"embeddable":true,"href":"https:\/\/distribucionarc.com\/tr\/wp-json\/wp\/v2\/media\/1822"}],"wp:attachment":[{"href":"https:\/\/distribucionarc.com\/tr\/wp-json\/wp\/v2\/media?parent=1815"}],"wp:term":[{"taxonomy":"product_brand","embeddable":true,"href":"https:\/\/distribucionarc.com\/tr\/wp-json\/wp\/v2\/product_brand?post=1815"},{"taxonomy":"product_cat","embeddable":true,"href":"https:\/\/distribucionarc.com\/tr\/wp-json\/wp\/v2\/product_cat?post=1815"},{"taxonomy":"product_tag","embeddable":true,"href":"https:\/\/distribucionarc.com\/tr\/wp-json\/wp\/v2\/product_tag?post=1815"}],"curies":[{"name":"wp","href":"https:\/\/api.w.org\/{rel}","templated":true}]}}