{"id":1829,"date":"2020-07-31T11:57:58","date_gmt":"2020-07-31T11:57:58","guid":{"rendered":"https:\/\/distribucionarc.com\/?post_type=product&#038;p=1829"},"modified":"2022-02-03T13:17:21","modified_gmt":"2022-02-03T13:17:21","slug":"dolgu-dozlayici-toz-tane-un-2kg","status":"publish","type":"product","link":"https:\/\/distribucionarc.com\/tr\/producto\/llenadora-dosificadora-de-polvos-granos-harinas-2kg\/","title":{"rendered":"Tozlar, tah\u0131llar ve unlar i\u00e7in dozaj dolgusu 2Kg"},"content":{"rendered":"<h3>Tozlar, tah\u0131llar ve unlar i\u00e7in dozaj dolgusu<\/h3>\n<p>Kasa ve hazne\u00a0<strong>dolgu maddesi<\/strong>\u00a0ile ilgili<span style=\"color: #ff0000;\">\u00a0<\/span><strong><span style=\"color: #ff0000;\">\u0130LE<\/span><span style=\"color: #0000ff;\">R<\/span>C<\/strong>\u00a0Uzun s\u00fcre kullan\u0131m i\u00e7in dayan\u0131kl\u0131, g\u0131da s\u0131n\u0131f\u0131 paslanmaz \u00e7elikten yap\u0131lm\u0131\u015ft\u0131r. G\u00fc\u00e7l\u00fc tokalar\u0131 sayesinde kolay a\u00e7\u0131l\u0131p kapat\u0131labilir. Hazne kapasitesi: 25\u201350 Kg.<\/p>\n<p>\u015eeffaf bir pencere ile<strong> da\u011f\u0131t\u0131c\u0131 <span style=\"color: #ff0000;\">\u0130LE<\/span><span style=\"color: #0000ff;\">R<\/span>CDLE2<\/strong>\u00a0g\u00f6r\u00fcn\u00fcr, kullan\u0131c\u0131lar\u0131n dahili i\u015fleyi\u015fi g\u00f6zlemlemesine olanak tan\u0131r. Dozajlama i\u00e7in ayak pedal\u0131 ile dolum i\u015flemine kat\u0131labilirler. 4 evrensel tekerle\u011fin ta\u015f\u0131nmas\u0131 kolayd\u0131r<\/p>\n<p>Y\u00fcksek hassasiyetli mikrobilgisayar kontrol sistemi, tart\u0131m ve dolum s\u00fcrecini bilimsel hale getirir ve hatalar\u0131 azalt\u0131r. Kullan\u0131m\u0131 kolay.\u00a0<strong>dolum makinas\u0131<\/strong> Doldurma h\u0131z\u0131n\u0131 h\u0131zland\u0131ran ve dolgu malzemesinin sorunsuz akmas\u0131n\u0131 sa\u011flayan y\u00fcksek g\u00fc\u00e7l\u00fc bir vibrat\u00f6re sahiptir. Dolum a\u011f\u0131rl\u0131\u011f\u0131: 10-2000g.<\/p>\n<p>Giri\u015f ses d\u00fczeyi bir \u00f6l\u00e7ekle ayarlanabilir ve \u00e7\u0131k\u0131\u015f ses d\u00fczeyi de ayarlanabilir. Otomatik maskeleme i\u00e7in k\u0131z\u0131l\u00f6tesi end\u00fcksiyon cihaz\u0131yla donat\u0131lm\u0131\u015ft\u0131r.<\/p>\n<p>Bu<strong>\u00a0otomatik tart\u0131 makinesi<\/strong>\u00a0\u0130nce toz, kimyasal toz, yenilebilir toz, kahve tozu ve di\u011fer kuru ve hareketli malzemeler i\u00e7in uygundur.<\/p>\n<h6><strong>Garanti\u00a0<span style=\"color: #ff0000;\">\u0130LE<\/span><span style=\"color: #0000ff;\">R<\/span>\u00c7 2 YIL<\/strong><\/h6>\n<h6><span style=\"color: #008000;\">Verimli otomatik da\u011f\u0131t\u0131c\u0131, d\u00fc\u015f\u00fck t\u00fcketim 250w<\/span><\/h6>\n<h6><strong>teknik destek dahil<\/strong><\/h6>\n<p>&nbsp;<\/p>\n<p>&nbsp;<\/p>\n<table role=\"presentation\" width=\"100%\" cellspacing=\"0\" cellpadding=\"0\">\n<tbody>\n<tr>\n<td class=\"attrLabels\">Marka:<\/td>\n<td width=\"50.0%\">ARK<\/td>\n<\/tr>\n<tr>\n<td class=\"attrLabels\">Da\u011f\u0131t\u0131m \u00fclkesi:<\/td>\n<td width=\"50.0%\">\u0130spanya, Almanya, ABD<\/td>\n<td class=\"attrLabels\">A\u011f\u0131rl\u0131k:<\/td>\n<td width=\"50.0%\">50kg<\/td>\n<\/tr>\n<tr>\n<td class=\"attrLabels\">Marka:<\/td>\n<td width=\"50.0%\">ARK<\/td>\n<td class=\"attrLabels\">Y\u00fckseklik:<\/td>\n<td width=\"50.0%\">130cm<\/td>\n<\/tr>\n<tr>\n<td class=\"attrLabels\">Renk:<\/td>\n<td width=\"50.0%\">G\u00fcm\u00fc\u015f<\/td>\n<td class=\"attrLabels\">Uzun:<\/td>\n<td width=\"50.0%\">36cm<\/td>\n<\/tr>\n<tr>\n<td class=\"attrLabels\">\u00dcr\u00fcn tipi:<\/td>\n<td width=\"50.0%\">Otomatik doldurma da\u011f\u0131t\u0131c\u0131s\u0131<\/td>\n<td class=\"attrLabels\">Geni\u015f:<\/td>\n<td width=\"50.0%\">57cm<\/td>\n<\/tr>\n<tr>\n<td class=\"attrLabels\">\u00dcretici numaras\u0131:<\/td>\n<td width=\"50.0%\">ARCDLE2<\/td>\n<td class=\"attrLabels\">G\u00fc\u00e7:<\/td>\n<td width=\"50.0%\">250W<\/td>\n<\/tr>\n<tr>\n<td class=\"attrLabels\">Malzeme:<\/td>\n<td width=\"50.0%\">paslanmaz \u00e7elik, mikrobilgisayarlar, otomatik kontrol<\/td>\n<td class=\"attrLabels\">giri\u015f voltaj\u0131<\/td>\n<td width=\"50.0%\">220V \u2013 60Hz<\/td>\n<\/tr>\n<tr>\n<td class=\"attrLabels\">Garanti:<\/td>\n<td width=\"50.0%\">\u00a0 2 Y\u0131l<\/td>\n<td class=\"attrLabels\">Paketleme h\u0131z\u0131:<\/td>\n<td width=\"50.0%\">Dakikada 6 \u2013 12 torba<\/td>\n<\/tr>\n<tr>\n<td class=\"attrLabels\">Kurulum ara\u00e7lar\u0131:<\/td>\n<td width=\"50.0%\">Evet<\/td>\n<td class=\"attrLabels\">Paketleme kapasitesi:<\/td>\n<td width=\"50.0%\">\u00a010 \u2013 2000 gram<\/td>\n<\/tr>\n<\/tbody>\n<\/table>","protected":false},"excerpt":{"rendered":"<h2>Tozlar, tah\u0131llar ve unlar i\u00e7in dozaj dolgusu<\/h2>\n<p><span style=\"color: #ff0000;\"><strong>\u0130LE<\/strong><\/span><span style=\"color: #0000ff;\"><strong>R<\/strong><\/span><strong>C<\/strong>\u00a0toz, tah\u0131l ve unlarla \u00e7al\u0131\u015fan end\u00fcstriler i\u00e7in \u00e7e\u015fitli \u00e7\u00f6z\u00fcmler sunmaktad\u0131r. Bununla\u00a0<strong>da\u011f\u0131t\u0131c\u0131<\/strong> ile ilgili <strong>2 kg<\/strong>, \u00fcretiminiz anl\u0131k olacakt\u0131r.<\/p>\n<p>Bu\u00a0<strong>toz dolum makinas\u0131<\/strong>\u00a0Her t\u00fcrl\u00fc partik\u00fcl, toz ve bile\u015fenin emniyete al\u0131nmas\u0131nda iyi bir yard\u0131mc\u0131 olarak g\u00f6rev yapar. Bu\u00a0<strong>dolgu maddesi<\/strong>\u00a0ile ilgili<strong>\u00a0<span style=\"color: #ff0000;\">\u0130LE<\/span><span style=\"color: #0000ff;\">R<\/span>C<\/strong>\u00a0Par\u00e7ac\u0131k filtresi, dolum i\u015fleminin y\u00fcksek h\u0131z\u0131n\u0131 ve hassasiyetini tam olarak garanti eden otomatik bir mikrobilgisayar kontrol sistemine sahiptir. Farkl\u0131 ihtiya\u00e7lar\u0131 kar\u015f\u0131layabilecek harika bir cihazd\u0131r. End\u00fcstriyel kullan\u0131m i\u00e7in m\u00fckemmeldir.<\/p>\n<h6><strong>Garanti\u00a0<span style=\"color: #ff0000;\">\u0130LE<\/span><span style=\"color: #0000ff;\">R<\/span>\u00c7 2 YIL<\/strong><\/h6>\n<h6><span style=\"color: #008000;\">Verimli otomatik da\u011f\u0131t\u0131c\u0131, d\u00fc\u015f\u00fck t\u00fcketim 250w<\/span><\/h6>\n<h6><strong>teknik destek dahil<\/strong><\/h6>","protected":false},"featured_media":1836,"comment_status":"open","ping_status":"closed","template":"","meta":{"wds_primary_product_brand":0,"wds_primary_product_cat":0},"product_brand":[],"product_cat":[22,21],"product_tag":[],"class_list":{"0":"post-1829","1":"product","2":"type-product","3":"status-publish","4":"has-post-thumbnail","6":"product_cat-llenadora-de-bolsas-granos-y-polvo","7":"product_cat-maquinas-llenadoras","8":"product_shipping_class-hosteleria","10":"first","11":"outofstock","12":"sale","13":"taxable","14":"shipping-taxable","15":"purchasable","16":"product-type-simple"},"yoast_head":"<!-- This site is optimized with the Yoast SEO Premium plugin v24.9 (Yoast SEO v26.1) - https:\/\/yoast.com\/wordpress\/plugins\/seo\/ -->\n<title>Llenadora dosificadora de polvos, granos, harinas 2Kg - distribuci\u00f3n ARC<\/title>\n<meta name=\"robots\" content=\"index, follow, max-snippet:-1, max-image-preview:large, max-video-preview:-1\" \/>\n<link rel=\"canonical\" href=\"https:\/\/distribucionarc.com\/tr\/urun\/dolgu-dozlayici-toz-tane-un-2kg\/\" \/>\n<meta property=\"og:locale\" content=\"tr_TR\" \/>\n<meta property=\"og:type\" content=\"article\" \/>\n<meta property=\"og:title\" content=\"Llenadora dosificadora de polvos, granos, harinas 2Kg\" \/>\n<meta property=\"og:description\" content=\"Llenadora dosificadora de polvos, granos, harinas ARC\u00a0ofrece varios tipos de soluciones para las industrias que trabajan con polvos, granos y harinas. Con esta\u00a0dosificadora de 2\u00a0Kg, su producci\u00f3n ser\u00e1 instant\u00e1nea.  Esta\u00a0m\u00e1quina de llenado de polvo\u00a0sirve como un buen asistente en el asegurador de todo tipo de part\u00edculas, polvo y componentes. Esta\u00a0llenadora\u00a0de\u00a0ARC\u00a0de part\u00edculas dispone de un sistema autom\u00e1tico de control con microordenador, garantizando plenamente la alta velocidad y precisi\u00f3n del proceso de llenado. Es un dispositivo maravilloso que puede satisfacer diferentes necesidades. Perfecto para uso industrial. Garant\u00eda\u00a0ARC 2 A\u00d1OS Dosificadora autom\u00e1tica eficiente, bajo consumo 250w soporte t\u00e9cnico incluido\" \/>\n<meta property=\"og:url\" content=\"https:\/\/distribucionarc.com\/tr\/urun\/dolgu-dozlayici-toz-tane-un-2kg\/\" \/>\n<meta property=\"og:site_name\" content=\"distribuci\u00f3n ARC\" \/>\n<meta property=\"article:modified_time\" content=\"2022-02-03T13:17:21+00:00\" \/>\n<meta property=\"og:image\" content=\"https:\/\/distribucionarc.com\/wp-content\/uploads\/2020\/07\/Llenadora-dosificadora-de-polvos-granos-harinas-2Kg-0.jpg\" \/>\n\t<meta property=\"og:image:width\" content=\"1600\" \/>\n\t<meta property=\"og:image:height\" content=\"1600\" \/>\n\t<meta property=\"og:image:type\" content=\"image\/jpeg\" \/>\n<meta name=\"twitter:card\" content=\"summary_large_image\" \/>\n<meta name=\"twitter:label1\" content=\"Tahmini okuma s\u00fcresi\" \/>\n\t<meta name=\"twitter:data1\" content=\"1 dakika\" \/>\n<script type=\"application\/ld+json\" class=\"yoast-schema-graph\">{\"@context\":\"https:\/\/schema.org\",\"@graph\":[{\"@type\":\"WebPage\",\"@id\":\"https:\/\/distribucionarc.com\/fr\/producto\/llenadora-dosificadora-de-polvos-granos-harinas-2kg\/\",\"url\":\"https:\/\/distribucionarc.com\/fr\/producto\/llenadora-dosificadora-de-polvos-granos-harinas-2kg\/\",\"name\":\"Llenadora dosificadora de polvos, granos, harinas 2Kg - distribuci\u00f3n ARC\",\"isPartOf\":{\"@id\":\"https:\/\/distribucionarc.com\/de\/#website\"},\"primaryImageOfPage\":{\"@id\":\"https:\/\/distribucionarc.com\/fr\/producto\/llenadora-dosificadora-de-polvos-granos-harinas-2kg\/#primaryimage\"},\"image\":{\"@id\":\"https:\/\/distribucionarc.com\/fr\/producto\/llenadora-dosificadora-de-polvos-granos-harinas-2kg\/#primaryimage\"},\"thumbnailUrl\":\"https:\/\/distribucionarc.com\/wp-content\/uploads\/2020\/07\/Llenadora-dosificadora-de-polvos-granos-harinas-2Kg-0.jpg\",\"datePublished\":\"2020-07-31T11:57:58+00:00\",\"dateModified\":\"2022-02-03T13:17:21+00:00\",\"breadcrumb\":{\"@id\":\"https:\/\/distribucionarc.com\/fr\/producto\/llenadora-dosificadora-de-polvos-granos-harinas-2kg\/#breadcrumb\"},\"inLanguage\":\"tr\",\"potentialAction\":[{\"@type\":\"ReadAction\",\"target\":[\"https:\/\/distribucionarc.com\/fr\/producto\/llenadora-dosificadora-de-polvos-granos-harinas-2kg\/\"]}]},{\"@type\":\"ImageObject\",\"inLanguage\":\"tr\",\"@id\":\"https:\/\/distribucionarc.com\/fr\/producto\/llenadora-dosificadora-de-polvos-granos-harinas-2kg\/#primaryimage\",\"url\":\"https:\/\/distribucionarc.com\/wp-content\/uploads\/2020\/07\/Llenadora-dosificadora-de-polvos-granos-harinas-2Kg-0.jpg\",\"contentUrl\":\"https:\/\/distribucionarc.com\/wp-content\/uploads\/2020\/07\/Llenadora-dosificadora-de-polvos-granos-harinas-2Kg-0.jpg\",\"width\":1600,\"height\":1600,\"caption\":\"Llenadora dosificadora de polvos granos harinas 2Kg\"},{\"@type\":\"BreadcrumbList\",\"@id\":\"https:\/\/distribucionarc.com\/fr\/producto\/llenadora-dosificadora-de-polvos-granos-harinas-2kg\/#breadcrumb\",\"itemListElement\":[{\"@type\":\"ListItem\",\"position\":1,\"name\":\"Portada\",\"item\":\"https:\/\/distribucionarc.com\/pl\/\"},{\"@type\":\"ListItem\",\"position\":2,\"name\":\"Produkty\",\"item\":\"https:\/\/distribucionarc.com\/pl\/shop\/\"},{\"@type\":\"ListItem\",\"position\":3,\"name\":\"Llenadora dosificadora de polvos, granos, harinas 2Kg\"}]},{\"@type\":\"WebSite\",\"@id\":\"https:\/\/distribucionarc.com\/de\/#website\",\"url\":\"https:\/\/distribucionarc.com\/de\/\",\"name\":\"distribuci\u00f3n ARC\",\"description\":\"Empresa especializada en la fabricaci\u00f3n y distribuci\u00f3n de maquinaria industrial, selladoras de latas, Maquinas de hacer pastillas, Maquinas de cortar carne...\",\"publisher\":{\"@id\":\"https:\/\/distribucionarc.com\/de\/#organization\"},\"potentialAction\":[{\"@type\":\"SearchAction\",\"target\":{\"@type\":\"EntryPoint\",\"urlTemplate\":\"https:\/\/distribucionarc.com\/de\/?s={search_term_string}\"},\"query-input\":{\"@type\":\"PropertyValueSpecification\",\"valueRequired\":true,\"valueName\":\"search_term_string\"}}],\"inLanguage\":\"tr\"},{\"@type\":\"Organization\",\"@id\":\"https:\/\/distribucionarc.com\/de\/#organization\",\"name\":\"Distribuci\u00f3n ARC\",\"url\":\"https:\/\/distribucionarc.com\/de\/\",\"logo\":{\"@type\":\"ImageObject\",\"inLanguage\":\"tr\",\"@id\":\"https:\/\/distribucionarc.com\/de\/#\/schema\/logo\/image\/\",\"url\":\"https:\/\/distribucionarc.com\/wp-content\/uploads\/2024\/10\/distribucion-ARC-COLOR-SIN-FONDO-e1732295305345.png\",\"contentUrl\":\"https:\/\/distribucionarc.com\/wp-content\/uploads\/2024\/10\/distribucion-ARC-COLOR-SIN-FONDO-e1732295305345.png\",\"width\":1164,\"height\":558,\"caption\":\"Distribuci\u00f3n ARC\"},\"image\":{\"@id\":\"https:\/\/distribucionarc.com\/de\/#\/schema\/logo\/image\/\"},\"description\":\"Empresa especializada en la fabricaci\u00f3n y distribuci\u00f3n de maquinaria industrial para los sectores alimentario y farmac\u00e9utico. Nos especializamos en: M\u00e1quinas de cortar carne Fabricaci\u00f3n de comprimidos Sistemas de transporte industrial L\u00edneas de embotellado Dosificadores Y mucho m\u00e1s... Ofrecemos soluciones innovadoras y personalizadas para optimizar los procesos productivos de tu empresa.\",\"email\":\"Admistracion@distribucionarc.com\",\"telephone\":\"+34 643496664\",\"legalName\":\"ARC TECH SOLUTIONS\",\"foundingDate\":\"2024-04-09\",\"vatID\":\"B55480172\",\"numberOfEmployees\":{\"@type\":\"QuantitativeValue\",\"minValue\":\"1\",\"maxValue\":\"10\"}}]}<\/script>\n<!-- \/ Yoast SEO Premium plugin. -->","yoast_head_json":{"title":"Tozlar, tah\u0131llar ve unlar i\u00e7in dozaj dolgusu 2Kg - ARC da\u011f\u0131t\u0131m\u0131","robots":{"index":"index","follow":"follow","max-snippet":"max-snippet:-1","max-image-preview":"max-image-preview:large","max-video-preview":"max-video-preview:-1"},"canonical":"https:\/\/distribucionarc.com\/tr\/urun\/dolgu-dozlayici-toz-tane-un-2kg\/","og_locale":"tr_TR","og_type":"article","og_title":"Llenadora dosificadora de polvos, granos, harinas 2Kg","og_description":"Llenadora dosificadora de polvos, granos, harinas ARC\u00a0ofrece varios tipos de soluciones para las industrias que trabajan con polvos, granos y harinas. Con esta\u00a0dosificadora de 2\u00a0Kg, su producci\u00f3n ser\u00e1 instant\u00e1nea.  Esta\u00a0m\u00e1quina de llenado de polvo\u00a0sirve como un buen asistente en el asegurador de todo tipo de part\u00edculas, polvo y componentes. Esta\u00a0llenadora\u00a0de\u00a0ARC\u00a0de part\u00edculas dispone de un sistema autom\u00e1tico de control con microordenador, garantizando plenamente la alta velocidad y precisi\u00f3n del proceso de llenado. Es un dispositivo maravilloso que puede satisfacer diferentes necesidades. Perfecto para uso industrial. Garant\u00eda\u00a0ARC 2 A\u00d1OS Dosificadora autom\u00e1tica eficiente, bajo consumo 250w soporte t\u00e9cnico incluido","og_url":"https:\/\/distribucionarc.com\/tr\/urun\/dolgu-dozlayici-toz-tane-un-2kg\/","og_site_name":"distribuci\u00f3n ARC","article_modified_time":"2022-02-03T13:17:21+00:00","og_image":[{"width":1600,"height":1600,"url":"https:\/\/distribucionarc.com\/wp-content\/uploads\/2020\/07\/Llenadora-dosificadora-de-polvos-granos-harinas-2Kg-0.jpg","type":"image\/jpeg"}],"twitter_card":"summary_large_image","twitter_misc":{"Tahmini okuma s\u00fcresi":"1 dakika"},"schema":{"@context":"https:\/\/schema.org","@graph":[{"@type":"WebPage","@id":"https:\/\/distribucionarc.com\/fr\/producto\/llenadora-dosificadora-de-polvos-granos-harinas-2kg\/","url":"https:\/\/distribucionarc.com\/fr\/producto\/llenadora-dosificadora-de-polvos-granos-harinas-2kg\/","name":"Tozlar, tah\u0131llar ve unlar i\u00e7in dozaj dolgusu 2Kg - ARC da\u011f\u0131t\u0131m\u0131","isPartOf":{"@id":"https:\/\/distribucionarc.com\/de\/#website"},"primaryImageOfPage":{"@id":"https:\/\/distribucionarc.com\/fr\/producto\/llenadora-dosificadora-de-polvos-granos-harinas-2kg\/#primaryimage"},"image":{"@id":"https:\/\/distribucionarc.com\/fr\/producto\/llenadora-dosificadora-de-polvos-granos-harinas-2kg\/#primaryimage"},"thumbnailUrl":"https:\/\/distribucionarc.com\/wp-content\/uploads\/2020\/07\/Llenadora-dosificadora-de-polvos-granos-harinas-2Kg-0.jpg","datePublished":"2020-07-31T11:57:58+00:00","dateModified":"2022-02-03T13:17:21+00:00","breadcrumb":{"@id":"https:\/\/distribucionarc.com\/fr\/producto\/llenadora-dosificadora-de-polvos-granos-harinas-2kg\/#breadcrumb"},"inLanguage":"tr","potentialAction":[{"@type":"ReadAction","target":["https:\/\/distribucionarc.com\/fr\/producto\/llenadora-dosificadora-de-polvos-granos-harinas-2kg\/"]}]},{"@type":"ImageObject","inLanguage":"tr","@id":"https:\/\/distribucionarc.com\/fr\/producto\/llenadora-dosificadora-de-polvos-granos-harinas-2kg\/#primaryimage","url":"https:\/\/distribucionarc.com\/wp-content\/uploads\/2020\/07\/Llenadora-dosificadora-de-polvos-granos-harinas-2Kg-0.jpg","contentUrl":"https:\/\/distribucionarc.com\/wp-content\/uploads\/2020\/07\/Llenadora-dosificadora-de-polvos-granos-harinas-2Kg-0.jpg","width":1600,"height":1600,"caption":"Llenadora dosificadora de polvos granos harinas 2Kg"},{"@type":"BreadcrumbList","@id":"https:\/\/distribucionarc.com\/fr\/producto\/llenadora-dosificadora-de-polvos-granos-harinas-2kg\/#breadcrumb","itemListElement":[{"@type":"ListItem","position":1,"name":"Portada","item":"https:\/\/distribucionarc.com\/pl\/"},{"@type":"ListItem","position":2,"name":"Produkty","item":"https:\/\/distribucionarc.com\/pl\/shop\/"},{"@type":"ListItem","position":3,"name":"Llenadora dosificadora de polvos, granos, harinas 2Kg"}]},{"@type":"WebSite","@id":"https:\/\/distribucionarc.com\/de\/#website","url":"https:\/\/distribucionarc.com\/de\/","name":"ARC da\u011f\u0131t\u0131m\u0131","description":"End\u00fcstriyel makinelerin \u00fcretimi ve da\u011f\u0131t\u0131m\u0131 konusunda uzmanla\u015fm\u0131\u015f \u015firket, kutu m\u00fch\u00fcrleme makineleri, tablet yapma makineleri, et kesme makineleri...","publisher":{"@id":"https:\/\/distribucionarc.com\/de\/#organization"},"potentialAction":[{"@type":"SearchAction","target":{"@type":"EntryPoint","urlTemplate":"https:\/\/distribucionarc.com\/de\/?s={search_term_string}"},"query-input":{"@type":"PropertyValueSpecification","valueRequired":true,"valueName":"search_term_string"}}],"inLanguage":"tr"},{"@type":"Organization","@id":"https:\/\/distribucionarc.com\/de\/#organization","name":"ARC Da\u011f\u0131t\u0131m\u0131","url":"https:\/\/distribucionarc.com\/de\/","logo":{"@type":"ImageObject","inLanguage":"tr","@id":"https:\/\/distribucionarc.com\/de\/#\/schema\/logo\/image\/","url":"https:\/\/distribucionarc.com\/wp-content\/uploads\/2024\/10\/distribucion-ARC-COLOR-SIN-FONDO-e1732295305345.png","contentUrl":"https:\/\/distribucionarc.com\/wp-content\/uploads\/2024\/10\/distribucion-ARC-COLOR-SIN-FONDO-e1732295305345.png","width":1164,"height":558,"caption":"Distribuci\u00f3n ARC"},"image":{"@id":"https:\/\/distribucionarc.com\/de\/#\/schema\/logo\/image\/"},"description":"\u015eirket, g\u0131da ve ila\u00e7 sekt\u00f6rleri i\u00e7in end\u00fcstriyel makine \u00fcretimi ve da\u011f\u0131t\u0131m\u0131 konusunda uzmanla\u015fm\u0131\u015ft\u0131r. Uzmanl\u0131k alanlar\u0131m\u0131z Et kesme makineleri Tablet \u00fcretimi End\u00fcstriyel ta\u015f\u0131ma sistemleri \u015ei\u015feleme hatlar\u0131 Dozajlama makineleri Ve \u00e7ok daha fazlas\u0131... \u015eirketinizin \u00fcretim s\u00fcre\u00e7lerini optimize etmek i\u00e7in yenilik\u00e7i ve \u00f6zelle\u015ftirilmi\u015f \u00e7\u00f6z\u00fcmler sunuyoruz.","email":"Admistracion@distribucionarc.com","telephone":"+34 643496664","legalName":"ARC TECH SOLUTIONS","foundingDate":"2024-04-09","vatID":"B55480172","numberOfEmployees":{"@type":"QuantitativeValue","minValue":"1","maxValue":"10"}}]}},"_links":{"self":[{"href":"https:\/\/distribucionarc.com\/tr\/wp-json\/wp\/v2\/product\/1829","targetHints":{"allow":["GET"]}}],"collection":[{"href":"https:\/\/distribucionarc.com\/tr\/wp-json\/wp\/v2\/product"}],"about":[{"href":"https:\/\/distribucionarc.com\/tr\/wp-json\/wp\/v2\/types\/product"}],"replies":[{"embeddable":true,"href":"https:\/\/distribucionarc.com\/tr\/wp-json\/wp\/v2\/comments?post=1829"}],"version-history":[{"count":0,"href":"https:\/\/distribucionarc.com\/tr\/wp-json\/wp\/v2\/product\/1829\/revisions"}],"wp:featuredmedia":[{"embeddable":true,"href":"https:\/\/distribucionarc.com\/tr\/wp-json\/wp\/v2\/media\/1836"}],"wp:attachment":[{"href":"https:\/\/distribucionarc.com\/tr\/wp-json\/wp\/v2\/media?parent=1829"}],"wp:term":[{"taxonomy":"product_brand","embeddable":true,"href":"https:\/\/distribucionarc.com\/tr\/wp-json\/wp\/v2\/product_brand?post=1829"},{"taxonomy":"product_cat","embeddable":true,"href":"https:\/\/distribucionarc.com\/tr\/wp-json\/wp\/v2\/product_cat?post=1829"},{"taxonomy":"product_tag","embeddable":true,"href":"https:\/\/distribucionarc.com\/tr\/wp-json\/wp\/v2\/product_tag?post=1829"}],"curies":[{"name":"wp","href":"https:\/\/api.w.org\/{rel}","templated":true}]}}