{"id":2090,"date":"2020-08-07T16:07:51","date_gmt":"2020-08-07T16:07:51","guid":{"rendered":"https:\/\/distribucionarc.com\/?post_type=product&#038;p=2090"},"modified":"2020-09-30T09:01:58","modified_gmt":"2020-09-30T09:01:58","slug":"sarap-presi-suyu-sikacagi-meyve-sikacagi-18l","status":"publish","type":"product","link":"https:\/\/distribucionarc.com\/tr\/producto\/prensa-de-vino-extractor-de-zumo-exprimidor-de-frutas-18l\/","title":{"rendered":"\u015earap presi, meyve suyu s\u0131kaca\u011f\u0131, meyve s\u0131kaca\u011f\u0131 18L"},"content":{"rendered":"<h3>\u015earap presi, meyve suyu s\u0131kaca\u011f\u0131, meyve s\u0131kaca\u011f\u0131 18L<\/h3>\n<p>ile presleme <strong>meyve s\u0131kaca\u011f\u0131 <span style=\"color: #ff0000;\">\u0130LE<\/span><span style=\"color: #0000ff;\">R<\/span>C<\/strong> Maserasyona (\u00e7ok do\u011franm\u0131\u015f meyve) ba\u011fl\u0131 olarak h\u0131zl\u0131 ve kolay olacakt\u0131r. Her meyve t\u00fcr\u00fc kendi haz\u0131rl\u0131k t\u00fcr\u00fcn\u00fc gerektirir.<\/p>\n<p>Elde edilen meyve suyu miktar\u0131 elbette operat\u00f6r\u00fcn \u00e7abas\u0131na de\u011fil meyvenin su i\u00e7eri\u011fine ba\u011fl\u0131d\u0131r. Meyve iyi haz\u0131rlanm\u0131\u015fsa tek elle kolayl\u0131kla bast\u0131r\u0131labilir.<\/p>\n<p>B\u00fct\u00fcn, ikiye b\u00f6l\u00fcnm\u00fc\u015f ve d\u00f6rde b\u00f6l\u00fcnm\u00fc\u015f meyveleri presleyemezsiniz. Vidal\u0131 presler bunun i\u00e7in tasarlanmam\u0131\u015ft\u0131r, en iyi sonu\u00e7 i\u00e7in meyvenin iyice ezilmesi tavsiye edilir.<\/p>\n<p>La <strong>\u015farap bask\u0131 aya\u011f\u0131 <span style=\"color: #ff0000;\">\u0130LE<\/span><span style=\"color: #0000ff;\">R<\/span>CPEF18<\/strong> Manuel ve mekanik olarak \u00e7al\u0131\u015ft\u0131r\u0131labilen s\u00fcrekli \u00e7elik \u015faft, sa\u011flam paslanmaz \u00e7elik toplama hunisi, <strong>varil<\/strong> yap\u0131lm\u0131\u015f <strong>sa\u011flam kay\u0131n sap\u0131<\/strong> Tad\u0131 daha iyi korur ve i\u015flem s\u0131ras\u0131nda stabilite sa\u011flar.<\/p>\n<h6><strong>Garanti\u00a0<\/strong><span style=\"color: #ff0000;\"><strong>\u0130LE<\/strong><\/span><span style=\"color: #0000ff;\"><strong>R<\/strong><\/span><strong>\u00c7 2 YIL<\/strong><\/h6>\n<h6><strong>teknik destek dahil<\/strong><\/h6>\n<p>&nbsp;<\/p>\n<table width=\"100%\">\n<tbody>\n<tr>\n<td>Adam:<\/td>\n<td width=\"50%\">Manuel<\/td>\n<td colspan=\"2\" width=\"327\"><\/td>\n<\/tr>\n<tr>\n<td>Da\u011f\u0131t\u0131m \u00fclkesi:<\/td>\n<td width=\"50%\">\u0130spanya, Almanya, ABD<\/td>\n<td>A\u011f\u0131rl\u0131k:<\/td>\n<td width=\"50%\">13 kg<\/td>\n<\/tr>\n<tr>\n<td>Marka:<\/td>\n<td width=\"50%\">ARK<\/td>\n<td>Y\u00fckseklik:<\/td>\n<td width=\"50%\">70cm<\/td>\n<\/tr>\n<tr>\n<td>Renk:<\/td>\n<td width=\"50%\">G\u00fcm\u00fc\u015f<\/td>\n<td>Uzun:<\/td>\n<td width=\"50%\">\u00a037cm<\/td>\n<\/tr>\n<tr>\n<td>\u00dcr\u00fcn tipi:<\/td>\n<td width=\"50%\">meyve s\u0131kaca\u011f\u0131, \u015farap presi<\/td>\n<td>Geni\u015f:<\/td>\n<td width=\"50%\">37cm<\/td>\n<\/tr>\n<tr>\n<td>\u00dcretici numaras\u0131:<\/td>\n<td width=\"50%\">ARCPEF18<\/td>\n<td>\u00dcretme:<\/td>\n<td width=\"50%\">18L<\/td>\n<\/tr>\n<tr>\n<td>Malzeme:<\/td>\n<td width=\"50%\">kay\u0131n a\u011fac\u0131, g\u0131da s\u0131n\u0131f\u0131 paslanmaz \u00e7elik, \u00e7elik<\/td>\n<td>Sepet boyutu:<\/td>\n<td width=\"50%\">26x26cm<\/td>\n<\/tr>\n<tr>\n<td>Namlu boyutlar\u0131:<\/td>\n<td width=\"50%\">37cm \u00c7ap<\/td>\n<td>Te\u00e7hizat:<\/td>\n<td width=\"50%\">Bas\u0131n bezi dahil<\/td>\n<\/tr>\n<tr>\n<td>Namlu y\u00fcksekli\u011fi:<\/td>\n<td width=\"50%\">70cm<\/td>\n<td>Garanti:<\/td>\n<td width=\"50%\">2 YIL<\/td>\n<\/tr>\n<\/tbody>\n<\/table>","protected":false},"excerpt":{"rendered":"<div class=\"woocommerce-product-details__short-description\">\n<h2>\u015earap presi, meyve suyu s\u0131kaca\u011f\u0131, meyve s\u0131kaca\u011f\u0131 18L<\/h2>\n<p>O<strong> meyve s\u0131kaca\u011f\u0131 <span style=\"color: #ff0000;\">\u0130LE<\/span><span style=\"color: #0000ff;\">R<\/span>C<\/strong> Sa\u011flam bir <strong>y\u00fcksek meyve suyu verimi<\/strong>; Metal \u015faft yap\u0131s\u0131ndan dolay\u0131 y\u00fcksek bas\u0131n\u00e7 uygular. Di\u011fer tedarik\u00e7ilerin preslerinden farkl\u0131 olarak, presin tamburu <strong>sa\u011flam kay\u0131n a\u011fac\u0131ndan yap\u0131lm\u0131\u015ft\u0131r <\/strong>i\u00e7in<strong> Tad\u0131 daha iyi koruyun<\/strong>.<strong> yetenek\u00a0<\/strong>sepet maksimum<strong> 18 litre.<br \/>\n<\/strong><\/p>\n<h6><strong>Garanti\u00a0<\/strong><span style=\"color: #ff0000;\"><strong>\u0130LE<\/strong><\/span><span style=\"color: #0000ff;\"><strong>R<\/strong><\/span><strong>\u00c7 2 YIL<\/strong><\/h6>\n<h6><strong>teknik destek dahil<\/strong><\/h6>\n<h6><\/h6>\n<\/div>","protected":false},"featured_media":2091,"comment_status":"open","ping_status":"closed","template":"","meta":{"wds_primary_product_brand":0,"wds_primary_product_cat":0},"product_brand":[],"product_cat":[30,65,67],"product_tag":[],"class_list":{"0":"post-2090","1":"product","2":"type-product","3":"status-publish","4":"has-post-thumbnail","6":"product_cat-maquinaria-apicola","7":"product_cat-maquinaria-industrial-para-procesar-fruta-verdura-panales","8":"product_cat-prensas-de-frutas-trituradoras","9":"product_shipping_class-hosteleria","11":"first","12":"instock","13":"sale","14":"taxable","15":"shipping-taxable","16":"purchasable","17":"product-type-simple"},"yoast_head":"<!-- This site is optimized with the Yoast SEO Premium plugin v24.9 (Yoast SEO v26.1) - https:\/\/yoast.com\/wordpress\/plugins\/seo\/ -->\n<title>Prensa de vino, extractor de zumo, exprimidor de frutas 18L - distribuci\u00f3n ARC<\/title>\n<meta name=\"robots\" content=\"index, follow, max-snippet:-1, max-image-preview:large, max-video-preview:-1\" \/>\n<link rel=\"canonical\" href=\"https:\/\/www.distribucionarc.com\/producto\/prensa-de-vino-extractor-de-zumo-exprimidor-de-frutas-18l\/\" \/>\n<meta property=\"og:locale\" content=\"tr_TR\" \/>\n<meta property=\"og:type\" content=\"article\" \/>\n<meta property=\"og:title\" content=\"Prensa de vino, extractor de zumo, exprimidor de frutas 18L\" \/>\n<meta property=\"og:description\" content=\"Prensa de vino, extractor de zumo, exprimidor de frutas 18L El extractor de bayas ARC es robusto con un alto rendimiento de zumo; ejerce una alta presi\u00f3n debido a la construcci\u00f3n del eje de metal.\u00a0A diferencia de las prensas de otros proveedores, el\u00a0barril de\u00a0la\u00a0prensa est\u00e1 hecho de madera de haya robusta para conservar mejor el sabor. La capacidad\u00a0m\u00e1xima\u00a0de la cesta es de 18 litros.  Garant\u00eda\u00a0ARC 2 A\u00d1OS soporte t\u00e9cnico\u00a0incluido\" \/>\n<meta property=\"og:url\" content=\"https:\/\/www.distribucionarc.com\/producto\/prensa-de-vino-extractor-de-zumo-exprimidor-de-frutas-18l\/\" \/>\n<meta property=\"og:site_name\" content=\"distribuci\u00f3n ARC\" \/>\n<meta property=\"article:modified_time\" content=\"2020-09-30T09:01:58+00:00\" \/>\n<meta property=\"og:image\" content=\"https:\/\/www.distribucionarc.com\/wp-content\/uploads\/2020\/08\/Prensa-de-vino-extractor-de-zumo-exprimidor-de-frutas-18L-0.jpg\" \/>\n\t<meta property=\"og:image:width\" content=\"1000\" \/>\n\t<meta property=\"og:image:height\" content=\"1000\" \/>\n\t<meta property=\"og:image:type\" content=\"image\/jpeg\" \/>\n<meta name=\"twitter:card\" content=\"summary_large_image\" \/>\n<meta name=\"twitter:label1\" content=\"Tahmini okuma s\u00fcresi\" \/>\n\t<meta name=\"twitter:data1\" content=\"1 dakika\" \/>\n<script type=\"application\/ld+json\" class=\"yoast-schema-graph\">{\"@context\":\"https:\/\/schema.org\",\"@graph\":[{\"@type\":\"WebPage\",\"@id\":\"https:\/\/www.distribucionarc.com\/producto\/prensa-de-vino-extractor-de-zumo-exprimidor-de-frutas-18l\/\",\"url\":\"https:\/\/www.distribucionarc.com\/producto\/prensa-de-vino-extractor-de-zumo-exprimidor-de-frutas-18l\/\",\"name\":\"Prensa de vino, extractor de zumo, exprimidor de frutas 18L - distribuci\u00f3n ARC\",\"isPartOf\":{\"@id\":\"https:\/\/distribucionarc.com\/pl\/#website\"},\"primaryImageOfPage\":{\"@id\":\"https:\/\/www.distribucionarc.com\/producto\/prensa-de-vino-extractor-de-zumo-exprimidor-de-frutas-18l\/#primaryimage\"},\"image\":{\"@id\":\"https:\/\/www.distribucionarc.com\/producto\/prensa-de-vino-extractor-de-zumo-exprimidor-de-frutas-18l\/#primaryimage\"},\"thumbnailUrl\":\"https:\/\/distribucionarc.com\/wp-content\/uploads\/2020\/08\/Prensa-de-vino-extractor-de-zumo-exprimidor-de-frutas-18L-0.jpg\",\"datePublished\":\"2020-08-07T16:07:51+00:00\",\"dateModified\":\"2020-09-30T09:01:58+00:00\",\"breadcrumb\":{\"@id\":\"https:\/\/www.distribucionarc.com\/producto\/prensa-de-vino-extractor-de-zumo-exprimidor-de-frutas-18l\/#breadcrumb\"},\"inLanguage\":\"tr\",\"potentialAction\":[{\"@type\":\"ReadAction\",\"target\":[\"https:\/\/www.distribucionarc.com\/producto\/prensa-de-vino-extractor-de-zumo-exprimidor-de-frutas-18l\/\"]}]},{\"@type\":\"ImageObject\",\"inLanguage\":\"tr\",\"@id\":\"https:\/\/www.distribucionarc.com\/producto\/prensa-de-vino-extractor-de-zumo-exprimidor-de-frutas-18l\/#primaryimage\",\"url\":\"https:\/\/distribucionarc.com\/wp-content\/uploads\/2020\/08\/Prensa-de-vino-extractor-de-zumo-exprimidor-de-frutas-18L-0.jpg\",\"contentUrl\":\"https:\/\/distribucionarc.com\/wp-content\/uploads\/2020\/08\/Prensa-de-vino-extractor-de-zumo-exprimidor-de-frutas-18L-0.jpg\",\"width\":1000,\"height\":1000,\"caption\":\"Prensa de vino extractor de zumo exprimidor de frutas 18L\"},{\"@type\":\"BreadcrumbList\",\"@id\":\"https:\/\/www.distribucionarc.com\/producto\/prensa-de-vino-extractor-de-zumo-exprimidor-de-frutas-18l\/#breadcrumb\",\"itemListElement\":[{\"@type\":\"ListItem\",\"position\":1,\"name\":\"Portada\",\"item\":\"https:\/\/www.distribucionarc.com\/tr\/\"},{\"@type\":\"ListItem\",\"position\":2,\"name\":\"Izdelki\",\"item\":\"https:\/\/www.distribucionarc.com\/sl\/trgovina\/\"},{\"@type\":\"ListItem\",\"position\":3,\"name\":\"Prensa de vino, extractor de zumo, exprimidor de frutas 18L\"}]},{\"@type\":\"WebSite\",\"@id\":\"https:\/\/distribucionarc.com\/pl\/#website\",\"url\":\"https:\/\/distribucionarc.com\/pl\/\",\"name\":\"distribuci\u00f3n ARC\",\"description\":\"Empresa especializada en la fabricaci\u00f3n y distribuci\u00f3n de maquinaria industrial, selladoras de latas, Maquinas de hacer pastillas, Maquinas de cortar carne...\",\"publisher\":{\"@id\":\"https:\/\/distribucionarc.com\/pl\/#organization\"},\"potentialAction\":[{\"@type\":\"SearchAction\",\"target\":{\"@type\":\"EntryPoint\",\"urlTemplate\":\"https:\/\/distribucionarc.com\/pl\/?s={search_term_string}\"},\"query-input\":{\"@type\":\"PropertyValueSpecification\",\"valueRequired\":true,\"valueName\":\"search_term_string\"}}],\"inLanguage\":\"tr\"},{\"@type\":\"Organization\",\"@id\":\"https:\/\/distribucionarc.com\/pl\/#organization\",\"name\":\"Distribuci\u00f3n ARC\",\"url\":\"https:\/\/distribucionarc.com\/pl\/\",\"logo\":{\"@type\":\"ImageObject\",\"inLanguage\":\"tr\",\"@id\":\"https:\/\/distribucionarc.com\/pl\/#\/schema\/logo\/image\/\",\"url\":\"https:\/\/distribucionarc.com\/wp-content\/uploads\/2024\/10\/distribucion-ARC-COLOR-SIN-FONDO-e1732295305345.png\",\"contentUrl\":\"https:\/\/distribucionarc.com\/wp-content\/uploads\/2024\/10\/distribucion-ARC-COLOR-SIN-FONDO-e1732295305345.png\",\"width\":1164,\"height\":558,\"caption\":\"Distribuci\u00f3n ARC\"},\"image\":{\"@id\":\"https:\/\/distribucionarc.com\/pl\/#\/schema\/logo\/image\/\"},\"description\":\"Empresa especializada en la fabricaci\u00f3n y distribuci\u00f3n de maquinaria industrial para los sectores alimentario y farmac\u00e9utico. Nos especializamos en: M\u00e1quinas de cortar carne Fabricaci\u00f3n de comprimidos Sistemas de transporte industrial L\u00edneas de embotellado Dosificadores Y mucho m\u00e1s... Ofrecemos soluciones innovadoras y personalizadas para optimizar los procesos productivos de tu empresa.\",\"email\":\"Admistracion@distribucionarc.com\",\"telephone\":\"+34 643496664\",\"legalName\":\"ARC TECH SOLUTIONS\",\"foundingDate\":\"2024-04-09\",\"vatID\":\"B55480172\",\"numberOfEmployees\":{\"@type\":\"QuantitativeValue\",\"minValue\":\"1\",\"maxValue\":\"10\"}}]}<\/script>\n<!-- \/ Yoast SEO Premium plugin. -->","yoast_head_json":{"title":"\u015earap presi, meyve suyu s\u0131kaca\u011f\u0131, meyve s\u0131kaca\u011f\u0131 18L - ARC da\u011f\u0131t\u0131m","robots":{"index":"index","follow":"follow","max-snippet":"max-snippet:-1","max-image-preview":"max-image-preview:large","max-video-preview":"max-video-preview:-1"},"canonical":"https:\/\/www.distribucionarc.com\/producto\/prensa-de-vino-extractor-de-zumo-exprimidor-de-frutas-18l\/","og_locale":"tr_TR","og_type":"article","og_title":"Prensa de vino, extractor de zumo, exprimidor de frutas 18L","og_description":"Prensa de vino, extractor de zumo, exprimidor de frutas 18L El extractor de bayas ARC es robusto con un alto rendimiento de zumo; ejerce una alta presi\u00f3n debido a la construcci\u00f3n del eje de metal.\u00a0A diferencia de las prensas de otros proveedores, el\u00a0barril de\u00a0la\u00a0prensa est\u00e1 hecho de madera de haya robusta para conservar mejor el sabor. La capacidad\u00a0m\u00e1xima\u00a0de la cesta es de 18 litros.  Garant\u00eda\u00a0ARC 2 A\u00d1OS soporte t\u00e9cnico\u00a0incluido","og_url":"https:\/\/www.distribucionarc.com\/producto\/prensa-de-vino-extractor-de-zumo-exprimidor-de-frutas-18l\/","og_site_name":"distribuci\u00f3n ARC","article_modified_time":"2020-09-30T09:01:58+00:00","og_image":[{"width":1000,"height":1000,"url":"https:\/\/www.distribucionarc.com\/wp-content\/uploads\/2020\/08\/Prensa-de-vino-extractor-de-zumo-exprimidor-de-frutas-18L-0.jpg","type":"image\/jpeg"}],"twitter_card":"summary_large_image","twitter_misc":{"Tahmini okuma s\u00fcresi":"1 dakika"},"schema":{"@context":"https:\/\/schema.org","@graph":[{"@type":"WebPage","@id":"https:\/\/www.distribucionarc.com\/producto\/prensa-de-vino-extractor-de-zumo-exprimidor-de-frutas-18l\/","url":"https:\/\/www.distribucionarc.com\/producto\/prensa-de-vino-extractor-de-zumo-exprimidor-de-frutas-18l\/","name":"\u015earap presi, meyve suyu s\u0131kaca\u011f\u0131, meyve s\u0131kaca\u011f\u0131 18L - ARC da\u011f\u0131t\u0131m","isPartOf":{"@id":"https:\/\/distribucionarc.com\/pl\/#website"},"primaryImageOfPage":{"@id":"https:\/\/www.distribucionarc.com\/producto\/prensa-de-vino-extractor-de-zumo-exprimidor-de-frutas-18l\/#primaryimage"},"image":{"@id":"https:\/\/www.distribucionarc.com\/producto\/prensa-de-vino-extractor-de-zumo-exprimidor-de-frutas-18l\/#primaryimage"},"thumbnailUrl":"https:\/\/distribucionarc.com\/wp-content\/uploads\/2020\/08\/Prensa-de-vino-extractor-de-zumo-exprimidor-de-frutas-18L-0.jpg","datePublished":"2020-08-07T16:07:51+00:00","dateModified":"2020-09-30T09:01:58+00:00","breadcrumb":{"@id":"https:\/\/www.distribucionarc.com\/producto\/prensa-de-vino-extractor-de-zumo-exprimidor-de-frutas-18l\/#breadcrumb"},"inLanguage":"tr","potentialAction":[{"@type":"ReadAction","target":["https:\/\/www.distribucionarc.com\/producto\/prensa-de-vino-extractor-de-zumo-exprimidor-de-frutas-18l\/"]}]},{"@type":"ImageObject","inLanguage":"tr","@id":"https:\/\/www.distribucionarc.com\/producto\/prensa-de-vino-extractor-de-zumo-exprimidor-de-frutas-18l\/#primaryimage","url":"https:\/\/distribucionarc.com\/wp-content\/uploads\/2020\/08\/Prensa-de-vino-extractor-de-zumo-exprimidor-de-frutas-18L-0.jpg","contentUrl":"https:\/\/distribucionarc.com\/wp-content\/uploads\/2020\/08\/Prensa-de-vino-extractor-de-zumo-exprimidor-de-frutas-18L-0.jpg","width":1000,"height":1000,"caption":"Prensa de vino extractor de zumo exprimidor de frutas 18L"},{"@type":"BreadcrumbList","@id":"https:\/\/www.distribucionarc.com\/producto\/prensa-de-vino-extractor-de-zumo-exprimidor-de-frutas-18l\/#breadcrumb","itemListElement":[{"@type":"ListItem","position":1,"name":"Portada","item":"https:\/\/www.distribucionarc.com\/tr\/"},{"@type":"ListItem","position":2,"name":"Izdelki","item":"https:\/\/www.distribucionarc.com\/sl\/trgovina\/"},{"@type":"ListItem","position":3,"name":"Prensa de vino, extractor de zumo, exprimidor de frutas 18L"}]},{"@type":"WebSite","@id":"https:\/\/distribucionarc.com\/pl\/#website","url":"https:\/\/distribucionarc.com\/pl\/","name":"ARC da\u011f\u0131t\u0131m\u0131","description":"End\u00fcstriyel makinelerin \u00fcretimi ve da\u011f\u0131t\u0131m\u0131 konusunda uzmanla\u015fm\u0131\u015f \u015firket, kutu m\u00fch\u00fcrleme makineleri, tablet yapma makineleri, et kesme makineleri...","publisher":{"@id":"https:\/\/distribucionarc.com\/pl\/#organization"},"potentialAction":[{"@type":"SearchAction","target":{"@type":"EntryPoint","urlTemplate":"https:\/\/distribucionarc.com\/pl\/?s={search_term_string}"},"query-input":{"@type":"PropertyValueSpecification","valueRequired":true,"valueName":"search_term_string"}}],"inLanguage":"tr"},{"@type":"Organization","@id":"https:\/\/distribucionarc.com\/pl\/#organization","name":"ARC Da\u011f\u0131t\u0131m\u0131","url":"https:\/\/distribucionarc.com\/pl\/","logo":{"@type":"ImageObject","inLanguage":"tr","@id":"https:\/\/distribucionarc.com\/pl\/#\/schema\/logo\/image\/","url":"https:\/\/distribucionarc.com\/wp-content\/uploads\/2024\/10\/distribucion-ARC-COLOR-SIN-FONDO-e1732295305345.png","contentUrl":"https:\/\/distribucionarc.com\/wp-content\/uploads\/2024\/10\/distribucion-ARC-COLOR-SIN-FONDO-e1732295305345.png","width":1164,"height":558,"caption":"Distribuci\u00f3n ARC"},"image":{"@id":"https:\/\/distribucionarc.com\/pl\/#\/schema\/logo\/image\/"},"description":"\u015eirket, g\u0131da ve ila\u00e7 sekt\u00f6rleri i\u00e7in end\u00fcstriyel makine \u00fcretimi ve da\u011f\u0131t\u0131m\u0131 konusunda uzmanla\u015fm\u0131\u015ft\u0131r. Uzmanl\u0131k alanlar\u0131m\u0131z Et kesme makineleri Tablet \u00fcretimi End\u00fcstriyel ta\u015f\u0131ma sistemleri \u015ei\u015feleme hatlar\u0131 Dozajlama makineleri Ve \u00e7ok daha fazlas\u0131... \u015eirketinizin \u00fcretim s\u00fcre\u00e7lerini optimize etmek i\u00e7in yenilik\u00e7i ve \u00f6zelle\u015ftirilmi\u015f \u00e7\u00f6z\u00fcmler sunuyoruz.","email":"Admistracion@distribucionarc.com","telephone":"+34 643496664","legalName":"ARC TECH SOLUTIONS","foundingDate":"2024-04-09","vatID":"B55480172","numberOfEmployees":{"@type":"QuantitativeValue","minValue":"1","maxValue":"10"}}]}},"_links":{"self":[{"href":"https:\/\/distribucionarc.com\/tr\/wp-json\/wp\/v2\/product\/2090","targetHints":{"allow":["GET"]}}],"collection":[{"href":"https:\/\/distribucionarc.com\/tr\/wp-json\/wp\/v2\/product"}],"about":[{"href":"https:\/\/distribucionarc.com\/tr\/wp-json\/wp\/v2\/types\/product"}],"replies":[{"embeddable":true,"href":"https:\/\/distribucionarc.com\/tr\/wp-json\/wp\/v2\/comments?post=2090"}],"version-history":[{"count":0,"href":"https:\/\/distribucionarc.com\/tr\/wp-json\/wp\/v2\/product\/2090\/revisions"}],"wp:featuredmedia":[{"embeddable":true,"href":"https:\/\/distribucionarc.com\/tr\/wp-json\/wp\/v2\/media\/2091"}],"wp:attachment":[{"href":"https:\/\/distribucionarc.com\/tr\/wp-json\/wp\/v2\/media?parent=2090"}],"wp:term":[{"taxonomy":"product_brand","embeddable":true,"href":"https:\/\/distribucionarc.com\/tr\/wp-json\/wp\/v2\/product_brand?post=2090"},{"taxonomy":"product_cat","embeddable":true,"href":"https:\/\/distribucionarc.com\/tr\/wp-json\/wp\/v2\/product_cat?post=2090"},{"taxonomy":"product_tag","embeddable":true,"href":"https:\/\/distribucionarc.com\/tr\/wp-json\/wp\/v2\/product_tag?post=2090"}],"curies":[{"name":"wp","href":"https:\/\/api.w.org\/{rel}","templated":true}]}}