{"id":2101,"date":"2020-08-10T09:48:43","date_gmt":"2020-08-10T09:48:43","guid":{"rendered":"https:\/\/distribucionarc.com\/?post_type=product&#038;p=2101"},"modified":"2020-09-30T09:26:00","modified_gmt":"2020-09-30T09:26:00","slug":"meyve-kirici-ogutucu-ile-krank-7l","status":"publish","type":"product","link":"https:\/\/distribucionarc.com\/tr\/producto\/trituradora-molinillo-de-frutas-con-manivela-7l\/","title":{"rendered":"K\u0131r\u0131c\u0131, el krankl\u0131 meyve \u00f6\u011f\u00fct\u00fcc\u00fc 7L"},"content":{"rendered":"<h3>7L Verimli El Krankl\u0131 Meyve K\u0131r\u0131c\u0131<\/h3>\n<p>Elma, armut, ayva ve ilgili meyve t\u00fcrleri ileri i\u015flemler i\u00e7in \u00f6zellikle idealdir. Nispeten sert olan hamur,\u00a0<strong>meyve de\u011firmeni\u00a0<span style=\"color: #ff0000;\">\u0130LE<\/span><span style=\"color: #0000ff;\">R<\/span>C<\/strong>; Ortaya \u00e7\u0131kan maserasyon, meyve suyu verimini artt\u0131r\u0131r ve meyvenin preslenmesine olanak tan\u0131r. Yumu\u015fak veya yumu\u015fak posal\u0131 meyvelerin, \u00e7ekirdekleri meyve suyunun tad\u0131n\u0131 ac\u0131la\u015ft\u0131rd\u0131\u011f\u0131 i\u00e7in de\u011firmende ezilmesine gerek yoktur.<\/p>\n<p>Olgun ve iyi meyve kullan\u0131rsan\u0131z kaliteli meyve suyu elde edersiniz. Olgunla\u015fmam\u0131\u015f, fazla olgunla\u015fm\u0131\u015f, \u00e7\u00fcr\u00fck veya k\u0131r\u0131k meyveler ay\u0131klanmal\u0131d\u0131r. Meyveyi i\u015flemeden \u00f6nce i\u00e7me suyuyla iyice temizleyin, b\u00f6ylece p\u00fcreye kir girmez.<\/p>\n<p>Bununla\u00a0<strong>meyve veya sebze par\u00e7alay\u0131c\u0131<\/strong>\u00a0<strong><span style=\"color: #ff0000;\">\u0130LE<\/span><span style=\"color: #0000ff;\">R<\/span>CTMVF7 <\/strong>\u00f6\u011f\u00fctme tam olarak do\u011fru tutarl\u0131l\u0131\u011fa ula\u015f\u0131r. Sa\u011flam kesme \u00fcnitesi (al\u00fcminyum ala\u015f\u0131m), 50 cm&#039;lik direksiyon simidi sayesinde verimli bir manuel tahrik ile sorunsuz bir \u015fekilde y\u00f6nlendirilir. <strong>daha az \u00e7abayla daha h\u0131zl\u0131 sonu\u00e7lar<\/strong>. Paslanmaz \u00e7elik huni, kare \u00e7elik borudan yap\u0131lm\u0131\u015f bir taban \u00e7er\u00e7evesi \u00fczerine monte edilmi\u015ftir. Huninin kapasitesi 7 litredir. Taban \u00e7er\u00e7evesi sa\u011flam bir tutu\u015f i\u00e7in lastik ayaklarla donat\u0131lm\u0131\u015ft\u0131r.<\/p>\n<h6><strong>Garanti\u00a0<\/strong><span style=\"color: #ff0000;\"><strong>\u0130LE<\/strong><\/span><span style=\"color: #0000ff;\"><strong>R<\/strong><\/span><strong>\u00c7 2 YIL<\/strong><\/h6>\n<h6><strong>teknik destek dahil<\/strong><\/h6>\n<p>&nbsp;<\/p>\n<table width=\"100%\">\n<tbody>\n<tr>\n<td>Adam:<\/td>\n<td width=\"50%\">Manuel<\/td>\n<td colspan=\"2\" width=\"327\"><\/td>\n<\/tr>\n<tr>\n<td>Da\u011f\u0131t\u0131m \u00fclkesi:<\/td>\n<td width=\"50%\">\u0130spanya, Almanya, ABD<\/td>\n<td>A\u011f\u0131rl\u0131k:<\/td>\n<td width=\"50%\">8,7 kg<\/td>\n<\/tr>\n<tr>\n<td>Marka:<\/td>\n<td width=\"50%\">ARK<\/td>\n<td>Y\u00fckseklik:<\/td>\n<td width=\"50%\">35cm<\/td>\n<\/tr>\n<tr>\n<td>Renk:<\/td>\n<td width=\"50%\">G\u00fcm\u00fc\u015f<\/td>\n<td>Uzun:<\/td>\n<td width=\"50%\">\u00a057cm<\/td>\n<\/tr>\n<tr>\n<td>\u00dcr\u00fcn tipi:<\/td>\n<td width=\"50%\">meyve s\u0131kaca\u011f\u0131, \u015farap presi<\/td>\n<td>Geni\u015f:<\/td>\n<td width=\"50%\">47cm<\/td>\n<\/tr>\n<tr>\n<td>\u00dcretici numaras\u0131:<\/td>\n<td width=\"50%\">ARCTMVF7<\/td>\n<td>Sepet boyutu:<\/td>\n<td width=\"50%\">34x31cm<\/td>\n<\/tr>\n<tr>\n<td>Malzeme:<\/td>\n<td width=\"50%\">\u00a0g\u0131da s\u0131n\u0131f\u0131 paslanmaz \u00e7elik, al\u00fcminyum ala\u015f\u0131m\u0131<\/td>\n<td>Te\u00e7hizat:<\/td>\n<td width=\"50%\">Volanl\u0131 krank<\/td>\n<\/tr>\n<tr>\n<td>Yetenek:<\/td>\n<td width=\"50%\">7 litre<\/td>\n<td>Volan \u00e7ap\u0131:<\/td>\n<td width=\"50%\">50cm<\/td>\n<\/tr>\n<tr>\n<td>Namlu y\u00fcksekli\u011fi:<\/td>\n<td width=\"50%\">18cm<\/td>\n<td>\u00a0Garanti:<\/td>\n<td width=\"50%\">2 YIL<\/td>\n<\/tr>\n<\/tbody>\n<\/table>","protected":false},"excerpt":{"rendered":"<h2>Verimli 7L ile meyve k\u0131r\u0131c\u0131<\/h2>\n<p>\u0130yi bir meyve suyu, \u015farap, \u015f\u0131ra, elma \u015farab\u0131 vb. yapman\u0131n anahtar\u0131. sayesinde lezzetli ve p\u00fcr\u00fczs\u00fcz bir p\u00fcre yapmakt\u0131r.<strong>\u00a0\u00f6\u011f\u00fct\u00fcc\u00fcler\u00a0<span style=\"color: #ff0000;\">\u0130LE<\/span><span style=\"color: #0000ff;\">R<\/span>C<\/strong>. Elektrik g\u00fcc\u00fcnden ba\u011f\u0131ms\u0131z olarak an\u0131nda ve her yerde kullan\u0131ma haz\u0131r.<\/p>\n<p>B\u00fcy\u00fck huni meyveyi do\u011framak i\u00e7in 7 litre kapasiteye sahiptir. Sa\u011flam <strong>meyve k\u0131y\u0131c\u0131<\/strong> Kesici, direksiyon simidi ile sorunsuz bir \u015fekilde harekete ge\u00e7irilir ve k\u0131sa s\u00fcrede, h\u0131zl\u0131 ve rahat bir \u015fekilde b\u00fcy\u00fck miktarda do\u011franabilir.<\/p>\n<h6><strong>Garanti\u00a0<\/strong><span style=\"color: #ff0000;\"><strong>\u0130LE<\/strong><\/span><span style=\"color: #0000ff;\"><strong>R<\/strong><\/span><strong>\u00c7 2 YIL<\/strong><\/h6>\n<h6><strong>teknik destek dahil<\/strong><\/h6>\n<p>&nbsp;<\/p>","protected":false},"featured_media":2102,"comment_status":"open","ping_status":"closed","template":"","meta":{"wds_primary_product_brand":0,"wds_primary_product_cat":0},"product_brand":[],"product_cat":[30,65,68],"product_tag":[],"class_list":{"0":"post-2101","1":"product","2":"type-product","3":"status-publish","4":"has-post-thumbnail","6":"product_cat-maquinaria-apicola","7":"product_cat-maquinaria-industrial-para-procesar-fruta-verdura-panales","8":"product_cat-trituradoras-picadoras-de-frutas-y-verduras","9":"product_shipping_class-hosteleria","11":"first","12":"instock","13":"sale","14":"taxable","15":"shipping-taxable","16":"purchasable","17":"product-type-simple"},"yoast_head":"<!-- This site is optimized with the Yoast SEO Premium plugin v24.9 (Yoast SEO v26.1) - https:\/\/yoast.com\/wordpress\/plugins\/seo\/ -->\n<title>Trituradora, molinillo de frutas con manivela 7L - distribuci\u00f3n ARC<\/title>\n<meta name=\"robots\" content=\"index, follow, max-snippet:-1, max-image-preview:large, max-video-preview:-1\" \/>\n<link rel=\"canonical\" href=\"https:\/\/www.distribucionarc.com\/el\/producto\/trituradora-molinillo-de-frutas-con-manivela-7l\/\" \/>\n<meta property=\"og:locale\" content=\"tr_TR\" \/>\n<meta property=\"og:type\" content=\"article\" \/>\n<meta property=\"og:title\" content=\"Trituradora, molinillo de frutas con manivela 7L\" \/>\n<meta property=\"og:description\" content=\"Trituradora de frutas con eficiente 7L La clave para elaborar un buen zumo, jugo, vino, mosto, sidra etc. Es elaborar un sabroso y suave pur\u00e9 gracias a las\u00a0molinillos de\u00a0ARC. Listos para usar de inmediato y en cualquier lugar, independientemente de la energ\u00eda el\u00e9ctrica.  El embudo grande tiene una capacidad de 7 litros, para picar la fruta. La robusta picadora de fruta de corte se pone en movimiento suavemente con el volante y se puede picar una gran cantidad de forma r\u00e1pida y c\u00f3moda en poco tiempo. Garant\u00eda\u00a0ARC 2 A\u00d1OS soporte t\u00e9cnico\u00a0incluido &nbsp;\" \/>\n<meta property=\"og:url\" content=\"https:\/\/www.distribucionarc.com\/el\/producto\/trituradora-molinillo-de-frutas-con-manivela-7l\/\" \/>\n<meta property=\"og:site_name\" content=\"distribuci\u00f3n ARC\" \/>\n<meta property=\"article:modified_time\" content=\"2020-09-30T09:26:00+00:00\" \/>\n<meta property=\"og:image\" content=\"https:\/\/www.distribucionarc.com\/wp-content\/uploads\/2020\/08\/Trituradora-molinillo-de-frutas-con-manivela-7L-0.jpg\" \/>\n\t<meta property=\"og:image:width\" content=\"1000\" \/>\n\t<meta property=\"og:image:height\" content=\"1000\" \/>\n\t<meta property=\"og:image:type\" content=\"image\/jpeg\" \/>\n<meta name=\"twitter:card\" content=\"summary_large_image\" \/>\n<meta name=\"twitter:label1\" content=\"Tahmini okuma s\u00fcresi\" \/>\n\t<meta name=\"twitter:data1\" content=\"1 dakika\" \/>\n<script type=\"application\/ld+json\" class=\"yoast-schema-graph\">{\"@context\":\"https:\/\/schema.org\",\"@graph\":[{\"@type\":\"WebPage\",\"@id\":\"https:\/\/www.distribucionarc.com\/el\/producto\/trituradora-molinillo-de-frutas-con-manivela-7l\/\",\"url\":\"https:\/\/www.distribucionarc.com\/el\/producto\/trituradora-molinillo-de-frutas-con-manivela-7l\/\",\"name\":\"Trituradora, molinillo de frutas con manivela 7L - distribuci\u00f3n ARC\",\"isPartOf\":{\"@id\":\"https:\/\/www.distribucionarc.com\/sl\/#website\"},\"primaryImageOfPage\":{\"@id\":\"https:\/\/www.distribucionarc.com\/el\/producto\/trituradora-molinillo-de-frutas-con-manivela-7l\/#primaryimage\"},\"image\":{\"@id\":\"https:\/\/www.distribucionarc.com\/el\/producto\/trituradora-molinillo-de-frutas-con-manivela-7l\/#primaryimage\"},\"thumbnailUrl\":\"https:\/\/distribucionarc.com\/wp-content\/uploads\/2020\/08\/Trituradora-molinillo-de-frutas-con-manivela-7L-0.jpg\",\"datePublished\":\"2020-08-10T09:48:43+00:00\",\"dateModified\":\"2020-09-30T09:26:00+00:00\",\"breadcrumb\":{\"@id\":\"https:\/\/www.distribucionarc.com\/el\/producto\/trituradora-molinillo-de-frutas-con-manivela-7l\/#breadcrumb\"},\"inLanguage\":\"tr\",\"potentialAction\":[{\"@type\":\"ReadAction\",\"target\":[\"https:\/\/www.distribucionarc.com\/el\/producto\/trituradora-molinillo-de-frutas-con-manivela-7l\/\"]}]},{\"@type\":\"ImageObject\",\"inLanguage\":\"tr\",\"@id\":\"https:\/\/www.distribucionarc.com\/el\/producto\/trituradora-molinillo-de-frutas-con-manivela-7l\/#primaryimage\",\"url\":\"https:\/\/distribucionarc.com\/wp-content\/uploads\/2020\/08\/Trituradora-molinillo-de-frutas-con-manivela-7L-0.jpg\",\"contentUrl\":\"https:\/\/distribucionarc.com\/wp-content\/uploads\/2020\/08\/Trituradora-molinillo-de-frutas-con-manivela-7L-0.jpg\",\"width\":1000,\"height\":1000,\"caption\":\"Trituradora molinillo de frutas con manivela 7L\"},{\"@type\":\"BreadcrumbList\",\"@id\":\"https:\/\/www.distribucionarc.com\/el\/producto\/trituradora-molinillo-de-frutas-con-manivela-7l\/#breadcrumb\",\"itemListElement\":[{\"@type\":\"ListItem\",\"position\":1,\"name\":\"Portada\",\"item\":\"https:\/\/www.distribucionarc.com\/\"},{\"@type\":\"ListItem\",\"position\":2,\"name\":\"\u00dcr\u00fcnler\",\"item\":\"https:\/\/www.distribucionarc.com\/tr\/magaza\/\"},{\"@type\":\"ListItem\",\"position\":3,\"name\":\"Trituradora, molinillo de frutas con manivela 7L\"}]},{\"@type\":\"WebSite\",\"@id\":\"https:\/\/www.distribucionarc.com\/sl\/#website\",\"url\":\"https:\/\/www.distribucionarc.com\/sl\/\",\"name\":\"distribuci\u00f3n ARC\",\"description\":\"Empresa especializada en la fabricaci\u00f3n y distribuci\u00f3n de maquinaria industrial, selladoras de latas, Maquinas de hacer pastillas, Maquinas de cortar carne...\",\"publisher\":{\"@id\":\"https:\/\/www.distribucionarc.com\/sl\/#organization\"},\"potentialAction\":[{\"@type\":\"SearchAction\",\"target\":{\"@type\":\"EntryPoint\",\"urlTemplate\":\"https:\/\/www.distribucionarc.com\/sl\/?s={search_term_string}\"},\"query-input\":{\"@type\":\"PropertyValueSpecification\",\"valueRequired\":true,\"valueName\":\"search_term_string\"}}],\"inLanguage\":\"tr\"},{\"@type\":\"Organization\",\"@id\":\"https:\/\/www.distribucionarc.com\/sl\/#organization\",\"name\":\"Distribuci\u00f3n ARC\",\"url\":\"https:\/\/www.distribucionarc.com\/sl\/\",\"logo\":{\"@type\":\"ImageObject\",\"inLanguage\":\"tr\",\"@id\":\"https:\/\/www.distribucionarc.com\/sl\/#\/schema\/logo\/image\/\",\"url\":\"https:\/\/distribucionarc.com\/wp-content\/uploads\/2024\/10\/distribucion-ARC-COLOR-SIN-FONDO-e1732295305345.png\",\"contentUrl\":\"https:\/\/distribucionarc.com\/wp-content\/uploads\/2024\/10\/distribucion-ARC-COLOR-SIN-FONDO-e1732295305345.png\",\"width\":1164,\"height\":558,\"caption\":\"Distribuci\u00f3n ARC\"},\"image\":{\"@id\":\"https:\/\/www.distribucionarc.com\/sl\/#\/schema\/logo\/image\/\"},\"description\":\"Empresa especializada en la fabricaci\u00f3n y distribuci\u00f3n de maquinaria industrial para los sectores alimentario y farmac\u00e9utico. Nos especializamos en: M\u00e1quinas de cortar carne Fabricaci\u00f3n de comprimidos Sistemas de transporte industrial L\u00edneas de embotellado Dosificadores Y mucho m\u00e1s... Ofrecemos soluciones innovadoras y personalizadas para optimizar los procesos productivos de tu empresa.\",\"email\":\"Admistracion@distribucionarc.com\",\"telephone\":\"+34 643496664\",\"legalName\":\"ARC TECH SOLUTIONS\",\"foundingDate\":\"2024-04-09\",\"vatID\":\"B55480172\",\"numberOfEmployees\":{\"@type\":\"QuantitativeValue\",\"minValue\":\"1\",\"maxValue\":\"10\"}}]}<\/script>\n<!-- \/ Yoast SEO Premium plugin. -->","yoast_head_json":{"title":"K\u0131r\u0131c\u0131, krankl\u0131 meyve \u00f6\u011f\u00fct\u00fcc\u00fc 7L - ARC da\u011f\u0131t\u0131m\u0131","robots":{"index":"index","follow":"follow","max-snippet":"max-snippet:-1","max-image-preview":"max-image-preview:large","max-video-preview":"max-video-preview:-1"},"canonical":"https:\/\/www.distribucionarc.com\/el\/producto\/trituradora-molinillo-de-frutas-con-manivela-7l\/","og_locale":"tr_TR","og_type":"article","og_title":"Trituradora, molinillo de frutas con manivela 7L","og_description":"Trituradora de frutas con eficiente 7L La clave para elaborar un buen zumo, jugo, vino, mosto, sidra etc. Es elaborar un sabroso y suave pur\u00e9 gracias a las\u00a0molinillos de\u00a0ARC. Listos para usar de inmediato y en cualquier lugar, independientemente de la energ\u00eda el\u00e9ctrica.  El embudo grande tiene una capacidad de 7 litros, para picar la fruta. La robusta picadora de fruta de corte se pone en movimiento suavemente con el volante y se puede picar una gran cantidad de forma r\u00e1pida y c\u00f3moda en poco tiempo. Garant\u00eda\u00a0ARC 2 A\u00d1OS soporte t\u00e9cnico\u00a0incluido &nbsp;","og_url":"https:\/\/www.distribucionarc.com\/el\/producto\/trituradora-molinillo-de-frutas-con-manivela-7l\/","og_site_name":"distribuci\u00f3n ARC","article_modified_time":"2020-09-30T09:26:00+00:00","og_image":[{"width":1000,"height":1000,"url":"https:\/\/www.distribucionarc.com\/wp-content\/uploads\/2020\/08\/Trituradora-molinillo-de-frutas-con-manivela-7L-0.jpg","type":"image\/jpeg"}],"twitter_card":"summary_large_image","twitter_misc":{"Tahmini okuma s\u00fcresi":"1 dakika"},"schema":{"@context":"https:\/\/schema.org","@graph":[{"@type":"WebPage","@id":"https:\/\/www.distribucionarc.com\/el\/producto\/trituradora-molinillo-de-frutas-con-manivela-7l\/","url":"https:\/\/www.distribucionarc.com\/el\/producto\/trituradora-molinillo-de-frutas-con-manivela-7l\/","name":"K\u0131r\u0131c\u0131, krankl\u0131 meyve \u00f6\u011f\u00fct\u00fcc\u00fc 7L - ARC da\u011f\u0131t\u0131m\u0131","isPartOf":{"@id":"https:\/\/www.distribucionarc.com\/sl\/#website"},"primaryImageOfPage":{"@id":"https:\/\/www.distribucionarc.com\/el\/producto\/trituradora-molinillo-de-frutas-con-manivela-7l\/#primaryimage"},"image":{"@id":"https:\/\/www.distribucionarc.com\/el\/producto\/trituradora-molinillo-de-frutas-con-manivela-7l\/#primaryimage"},"thumbnailUrl":"https:\/\/distribucionarc.com\/wp-content\/uploads\/2020\/08\/Trituradora-molinillo-de-frutas-con-manivela-7L-0.jpg","datePublished":"2020-08-10T09:48:43+00:00","dateModified":"2020-09-30T09:26:00+00:00","breadcrumb":{"@id":"https:\/\/www.distribucionarc.com\/el\/producto\/trituradora-molinillo-de-frutas-con-manivela-7l\/#breadcrumb"},"inLanguage":"tr","potentialAction":[{"@type":"ReadAction","target":["https:\/\/www.distribucionarc.com\/el\/producto\/trituradora-molinillo-de-frutas-con-manivela-7l\/"]}]},{"@type":"ImageObject","inLanguage":"tr","@id":"https:\/\/www.distribucionarc.com\/el\/producto\/trituradora-molinillo-de-frutas-con-manivela-7l\/#primaryimage","url":"https:\/\/distribucionarc.com\/wp-content\/uploads\/2020\/08\/Trituradora-molinillo-de-frutas-con-manivela-7L-0.jpg","contentUrl":"https:\/\/distribucionarc.com\/wp-content\/uploads\/2020\/08\/Trituradora-molinillo-de-frutas-con-manivela-7L-0.jpg","width":1000,"height":1000,"caption":"Trituradora molinillo de frutas con manivela 7L"},{"@type":"BreadcrumbList","@id":"https:\/\/www.distribucionarc.com\/el\/producto\/trituradora-molinillo-de-frutas-con-manivela-7l\/#breadcrumb","itemListElement":[{"@type":"ListItem","position":1,"name":"Portada","item":"https:\/\/www.distribucionarc.com\/"},{"@type":"ListItem","position":2,"name":"\u00dcr\u00fcnler","item":"https:\/\/www.distribucionarc.com\/tr\/magaza\/"},{"@type":"ListItem","position":3,"name":"Trituradora, molinillo de frutas con manivela 7L"}]},{"@type":"WebSite","@id":"https:\/\/www.distribucionarc.com\/sl\/#website","url":"https:\/\/www.distribucionarc.com\/sl\/","name":"ARC da\u011f\u0131t\u0131m\u0131","description":"End\u00fcstriyel makinelerin \u00fcretimi ve da\u011f\u0131t\u0131m\u0131 konusunda uzmanla\u015fm\u0131\u015f \u015firket, kutu m\u00fch\u00fcrleme makineleri, tablet yapma makineleri, et kesme makineleri...","publisher":{"@id":"https:\/\/www.distribucionarc.com\/sl\/#organization"},"potentialAction":[{"@type":"SearchAction","target":{"@type":"EntryPoint","urlTemplate":"https:\/\/www.distribucionarc.com\/sl\/?s={search_term_string}"},"query-input":{"@type":"PropertyValueSpecification","valueRequired":true,"valueName":"search_term_string"}}],"inLanguage":"tr"},{"@type":"Organization","@id":"https:\/\/www.distribucionarc.com\/sl\/#organization","name":"ARC Da\u011f\u0131t\u0131m\u0131","url":"https:\/\/www.distribucionarc.com\/sl\/","logo":{"@type":"ImageObject","inLanguage":"tr","@id":"https:\/\/www.distribucionarc.com\/sl\/#\/schema\/logo\/image\/","url":"https:\/\/distribucionarc.com\/wp-content\/uploads\/2024\/10\/distribucion-ARC-COLOR-SIN-FONDO-e1732295305345.png","contentUrl":"https:\/\/distribucionarc.com\/wp-content\/uploads\/2024\/10\/distribucion-ARC-COLOR-SIN-FONDO-e1732295305345.png","width":1164,"height":558,"caption":"Distribuci\u00f3n ARC"},"image":{"@id":"https:\/\/www.distribucionarc.com\/sl\/#\/schema\/logo\/image\/"},"description":"\u015eirket, g\u0131da ve ila\u00e7 sekt\u00f6rleri i\u00e7in end\u00fcstriyel makine \u00fcretimi ve da\u011f\u0131t\u0131m\u0131 konusunda uzmanla\u015fm\u0131\u015ft\u0131r. Uzmanl\u0131k alanlar\u0131m\u0131z Et kesme makineleri Tablet \u00fcretimi End\u00fcstriyel ta\u015f\u0131ma sistemleri \u015ei\u015feleme hatlar\u0131 Dozajlama makineleri Ve \u00e7ok daha fazlas\u0131... \u015eirketinizin \u00fcretim s\u00fcre\u00e7lerini optimize etmek i\u00e7in yenilik\u00e7i ve \u00f6zelle\u015ftirilmi\u015f \u00e7\u00f6z\u00fcmler sunuyoruz.","email":"Admistracion@distribucionarc.com","telephone":"+34 643496664","legalName":"ARC TECH SOLUTIONS","foundingDate":"2024-04-09","vatID":"B55480172","numberOfEmployees":{"@type":"QuantitativeValue","minValue":"1","maxValue":"10"}}]}},"_links":{"self":[{"href":"https:\/\/distribucionarc.com\/tr\/wp-json\/wp\/v2\/product\/2101","targetHints":{"allow":["GET"]}}],"collection":[{"href":"https:\/\/distribucionarc.com\/tr\/wp-json\/wp\/v2\/product"}],"about":[{"href":"https:\/\/distribucionarc.com\/tr\/wp-json\/wp\/v2\/types\/product"}],"replies":[{"embeddable":true,"href":"https:\/\/distribucionarc.com\/tr\/wp-json\/wp\/v2\/comments?post=2101"}],"version-history":[{"count":0,"href":"https:\/\/distribucionarc.com\/tr\/wp-json\/wp\/v2\/product\/2101\/revisions"}],"wp:featuredmedia":[{"embeddable":true,"href":"https:\/\/distribucionarc.com\/tr\/wp-json\/wp\/v2\/media\/2102"}],"wp:attachment":[{"href":"https:\/\/distribucionarc.com\/tr\/wp-json\/wp\/v2\/media?parent=2101"}],"wp:term":[{"taxonomy":"product_brand","embeddable":true,"href":"https:\/\/distribucionarc.com\/tr\/wp-json\/wp\/v2\/product_brand?post=2101"},{"taxonomy":"product_cat","embeddable":true,"href":"https:\/\/distribucionarc.com\/tr\/wp-json\/wp\/v2\/product_cat?post=2101"},{"taxonomy":"product_tag","embeddable":true,"href":"https:\/\/distribucionarc.com\/tr\/wp-json\/wp\/v2\/product_tag?post=2101"}],"curies":[{"name":"wp","href":"https:\/\/api.w.org\/{rel}","templated":true}]}}