{"id":2166,"date":"2020-08-11T10:41:54","date_gmt":"2020-08-11T10:41:54","guid":{"rendered":"https:\/\/distribucionarc.com\/?post_type=product&#038;p=2166"},"modified":"2020-09-30T09:54:34","modified_gmt":"2020-09-30T09:54:34","slug":"vidali-pres-suyu-sikacagi-mini-meyve-sikacagi-3l","status":"publish","type":"product","link":"https:\/\/distribucionarc.com\/tr\/producto\/prensa-de-tornillo-extractor-de-zumo-mini-exprimidor-de-frutas-3l\/","title":{"rendered":"Vidal\u0131 pres, meyve suyu s\u0131kaca\u011f\u0131, 3L mini meyve s\u0131kaca\u011f\u0131"},"content":{"rendered":"<h3>Vidal\u0131 pres, meyve suyu s\u0131kaca\u011f\u0131, 3L mini meyve s\u0131kaca\u011f\u0131<\/h3>\n<p>ile presleme\u00a0<strong>meyve s\u0131kaca\u011f\u0131\u00a0<span style=\"color: #ff0000;\">\u0130LE<\/span><span style=\"color: #0000ff;\">R<\/span>C<\/strong>\u00a0Maserasyona (\u00e7ok do\u011franm\u0131\u015f meyve) ba\u011fl\u0131 olarak h\u0131zl\u0131 ve kolay olacakt\u0131r. Her meyve t\u00fcr\u00fc kendi haz\u0131rl\u0131k t\u00fcr\u00fcn\u00fc gerektirir.<\/p>\n<p>Elde edilen meyve suyunun miktar\u0131 elbette operat\u00f6r\u00fcn \u00e7abas\u0131na de\u011fil, meyvenin su i\u00e7eri\u011fine ba\u011fl\u0131d\u0131r. Meyve iyi haz\u0131rlanm\u0131\u015fsa tek elle kolayl\u0131kla bast\u0131r\u0131labilir. B\u00fct\u00fcn, ikiye b\u00f6l\u00fcnm\u00fc\u015f ve d\u00f6rde b\u00f6l\u00fcnm\u00fc\u015f meyveler bas\u0131lamaz.\u00a0<strong>vida presleri<\/strong>\u00a0Bunun i\u00e7in tasarlanmam\u0131\u015ft\u0131r, en iyi sonucu almak i\u00e7in meyvenin iyice ezilmesi tavsiye edilir.<\/p>\n<p>La\u00a0<strong>\u015farap bask\u0131 aya\u011f\u0131 <span style=\"color: #ff0000;\">\u0130LE<\/span><span style=\"color: #0000ff;\">R<\/span>CPEFA3.2<\/strong>\u00a0 D\u00f6nen bask\u0131 mekanizmas\u0131na sahip d\u00f6nen bir \u015fafta sahiptir. Bu\u00a0<strong>vida meyvenin kolayca bast\u0131r\u0131lmas\u0131n\u0131 sa\u011flar<\/strong>, sa\u011flam paslanmaz \u00e7elik toplama hunisi, Meyve sepeti paslanmaz \u00e7elikten yap\u0131lm\u0131\u015ft\u0131r, bask\u0131 plakas\u0131 ve damlama tepsisi de g\u0131daya uygun bir kaplama ile kaplanm\u0131\u015ft\u0131r. T\u00fcm aksesuarlar kolayca s\u00f6k\u00fcl\u00fcp temizlenebilir<\/p>\n<h6><strong>Garanti\u00a0<\/strong><span style=\"color: #ff0000;\"><strong>\u0130LE<\/strong><\/span><span style=\"color: #0000ff;\"><strong>R<\/strong><\/span><strong>\u00c7 2 YIL<\/strong><\/h6>\n<h6><strong>teknik destek dahil<\/strong><\/h6>\n<p>&nbsp;<\/p>\n<table width=\"100%\">\n<tbody>\n<tr>\n<td>Adam:<\/td>\n<td width=\"50%\">Manuel<\/td>\n<td colspan=\"2\" width=\"327\"><\/td>\n<\/tr>\n<tr>\n<td>Da\u011f\u0131t\u0131m \u00fclkesi:<\/td>\n<td width=\"50%\">\u0130spanya, Almanya, ABD<\/td>\n<td>A\u011f\u0131rl\u0131k:<\/td>\n<td width=\"50%\">3,7 kg<\/td>\n<\/tr>\n<tr>\n<td>Marka:<\/td>\n<td width=\"50%\">ARK<\/td>\n<td>Y\u00fckseklik:<\/td>\n<td width=\"50%\">37cm<\/td>\n<\/tr>\n<tr>\n<td>Renk:<\/td>\n<td width=\"50%\">G\u00fcm\u00fc\u015f<\/td>\n<td>Uzun:<\/td>\n<td width=\"50%\">\u00a032cm<\/td>\n<\/tr>\n<tr>\n<td>\u00dcr\u00fcn tipi:<\/td>\n<td width=\"50%\">meyve s\u0131kaca\u011f\u0131, \u015farap presi<\/td>\n<td>Geni\u015f:<\/td>\n<td width=\"50%\">30cm<\/td>\n<\/tr>\n<tr>\n<td>\u00dcretici numaras\u0131:<\/td>\n<td width=\"50%\">ARCPEFA3.2<\/td>\n<td>Yetenek:<\/td>\n<td width=\"50%\">2,5L<\/td>\n<\/tr>\n<tr>\n<td>Malzeme:<\/td>\n<td width=\"50%\">\u00a0g\u0131da s\u0131n\u0131f\u0131 paslanmaz \u00e7elik, plastik<\/td>\n<td>Sepet boyutu:<\/td>\n<td width=\"50%\">18x11,5 cm<\/td>\n<\/tr>\n<tr>\n<td>Namlu boyutlar\u0131:<\/td>\n<td width=\"50%\">16,5 cm \u00c7ap<\/td>\n<td>Te\u00e7hizat:<\/td>\n<td width=\"50%\">Bas\u0131n bezi dahil<\/td>\n<\/tr>\n<tr>\n<td>Namlu y\u00fcksekli\u011fi:<\/td>\n<td width=\"50%\">12,5 cm<\/td>\n<td>Garanti:<\/td>\n<td width=\"50%\">2 YIL<\/td>\n<\/tr>\n<\/tbody>\n<\/table>","protected":false},"excerpt":{"rendered":"<h2>Vidal\u0131 pres, meyve suyu s\u0131kaca\u011f\u0131, 3L mini meyve s\u0131kaca\u011f\u0131<\/h2>\n<p>O<strong>\u00a0meyve s\u0131kaca\u011f\u0131<span style=\"color: #ff0000;\">\u00a0\u0130LE<\/span><span style=\"color: #0000ff;\">R<\/span>C<\/strong>\u00a0Sa\u011flam bir\u00a0<strong>y\u00fcksek meyve suyu verimi<\/strong>; D\u00f6ner vidal\u0131 yap\u0131s\u0131 nedeniyle y\u00fcksek bas\u0131n\u00e7 uygular. Pratik\u00a0<strong>meyve s\u0131kaca\u011f\u0131\u00a0<\/strong><b><strong>F<\/strong>rotalar<\/b>\u00a0h\u0131zl\u0131 bir \u015fekilde monte edilebilir. \u00c7ift meyve sepeti paslanmaz \u00e7elikten yap\u0131lm\u0131\u015ft\u0131r. Elektrik g\u00fcc\u00fcnden ba\u011f\u0131ms\u0131z olarak an\u0131nda ve her yerde kullan\u0131ma haz\u0131r.<\/p>\n<h6><strong>Garanti\u00a0<\/strong><span style=\"color: #ff0000;\"><strong>\u0130LE<\/strong><\/span><span style=\"color: #0000ff;\"><strong>R<\/strong><\/span><strong>\u00c7 2 YIL<\/strong><\/h6>\n<h6><strong>teknik destek dahil<\/strong><\/h6>","protected":false},"featured_media":2167,"comment_status":"open","ping_status":"closed","template":"","meta":{"wds_primary_product_brand":0,"wds_primary_product_cat":0},"product_brand":[],"product_cat":[30,65,67],"product_tag":[],"class_list":{"0":"post-2166","1":"product","2":"type-product","3":"status-publish","4":"has-post-thumbnail","6":"product_cat-maquinaria-apicola","7":"product_cat-maquinaria-industrial-para-procesar-fruta-verdura-panales","8":"product_cat-prensas-de-frutas-trituradoras","9":"product_shipping_class-hosteleria","11":"first","12":"instock","13":"sale","14":"taxable","15":"shipping-taxable","16":"purchasable","17":"product-type-simple"},"yoast_head":"<!-- This site is optimized with the Yoast SEO Premium plugin v24.9 (Yoast SEO v26.1) - https:\/\/yoast.com\/wordpress\/plugins\/seo\/ -->\n<title>Prensa de tornillo, extractor de zumo,\u00a0 mini exprimidor de frutas 3L - distribuci\u00f3n ARC<\/title>\n<meta name=\"robots\" content=\"index, follow, max-snippet:-1, max-image-preview:large, max-video-preview:-1\" \/>\n<link rel=\"canonical\" href=\"https:\/\/www.distribucionarc.com\/fr\/producto\/prensa-de-tornillo-extractor-de-zumo-mini-exprimidor-de-frutas-3l\/\" \/>\n<meta property=\"og:locale\" content=\"tr_TR\" \/>\n<meta property=\"og:type\" content=\"article\" \/>\n<meta property=\"og:title\" content=\"Prensa de tornillo, extractor de zumo,\u00a0 mini exprimidor de frutas 3L\" \/>\n<meta property=\"og:description\" content=\"Prensa de tornillo, extractor de zumo,\u00a0 mini exprimidor de frutas 3L El\u00a0extractor de bayas\u00a0ARC\u00a0es robusto con un\u00a0alto rendimiento de zumo; ejerce una alta presi\u00f3n debido a la construcci\u00f3n del tornillo giratorio. El pr\u00e1ctico\u00a0exprimidor de\u00a0frutas\u00a0se puede montar r\u00e1pidamente.\u00a0La cesta de fruta doble est\u00e1 fabricada en acero inoxidable. Listos para usar de inmediato y en cualquier lugar, independientemente de la energ\u00eda el\u00e9ctrica. Garant\u00eda\u00a0ARC 2 A\u00d1OS soporte t\u00e9cnico\u00a0incluido\" \/>\n<meta property=\"og:url\" content=\"https:\/\/www.distribucionarc.com\/fr\/producto\/prensa-de-tornillo-extractor-de-zumo-mini-exprimidor-de-frutas-3l\/\" \/>\n<meta property=\"og:site_name\" content=\"distribuci\u00f3n ARC\" \/>\n<meta property=\"article:modified_time\" content=\"2020-09-30T09:54:34+00:00\" \/>\n<meta property=\"og:image\" content=\"https:\/\/www.distribucionarc.com\/wp-content\/uploads\/2020\/08\/Prensa-de-tornillo-extractor-de-zumo-mini-exprimidor-de-frutas-acero-3L-0.jpg\" \/>\n\t<meta property=\"og:image:width\" content=\"1000\" \/>\n\t<meta property=\"og:image:height\" content=\"1000\" \/>\n\t<meta property=\"og:image:type\" content=\"image\/jpeg\" \/>\n<meta name=\"twitter:card\" content=\"summary_large_image\" \/>\n<meta name=\"twitter:label1\" content=\"Tahmini okuma s\u00fcresi\" \/>\n\t<meta name=\"twitter:data1\" content=\"1 dakika\" \/>\n<script type=\"application\/ld+json\" class=\"yoast-schema-graph\">{\"@context\":\"https:\/\/schema.org\",\"@graph\":[{\"@type\":\"WebPage\",\"@id\":\"https:\/\/www.distribucionarc.com\/fr\/producto\/prensa-de-tornillo-extractor-de-zumo-mini-exprimidor-de-frutas-3l\/\",\"url\":\"https:\/\/www.distribucionarc.com\/fr\/producto\/prensa-de-tornillo-extractor-de-zumo-mini-exprimidor-de-frutas-3l\/\",\"name\":\"Prensa de tornillo, extractor de zumo,\u00a0 mini exprimidor de frutas 3L - distribuci\u00f3n ARC\",\"isPartOf\":{\"@id\":\"https:\/\/distribucionarc.com\/de\/#website\"},\"primaryImageOfPage\":{\"@id\":\"https:\/\/www.distribucionarc.com\/fr\/producto\/prensa-de-tornillo-extractor-de-zumo-mini-exprimidor-de-frutas-3l\/#primaryimage\"},\"image\":{\"@id\":\"https:\/\/www.distribucionarc.com\/fr\/producto\/prensa-de-tornillo-extractor-de-zumo-mini-exprimidor-de-frutas-3l\/#primaryimage\"},\"thumbnailUrl\":\"https:\/\/distribucionarc.com\/wp-content\/uploads\/2020\/08\/Prensa-de-tornillo-extractor-de-zumo-mini-exprimidor-de-frutas-acero-3L-0.jpg\",\"datePublished\":\"2020-08-11T10:41:54+00:00\",\"dateModified\":\"2020-09-30T09:54:34+00:00\",\"breadcrumb\":{\"@id\":\"https:\/\/www.distribucionarc.com\/fr\/producto\/prensa-de-tornillo-extractor-de-zumo-mini-exprimidor-de-frutas-3l\/#breadcrumb\"},\"inLanguage\":\"tr\",\"potentialAction\":[{\"@type\":\"ReadAction\",\"target\":[\"https:\/\/www.distribucionarc.com\/fr\/producto\/prensa-de-tornillo-extractor-de-zumo-mini-exprimidor-de-frutas-3l\/\"]}]},{\"@type\":\"ImageObject\",\"inLanguage\":\"tr\",\"@id\":\"https:\/\/www.distribucionarc.com\/fr\/producto\/prensa-de-tornillo-extractor-de-zumo-mini-exprimidor-de-frutas-3l\/#primaryimage\",\"url\":\"https:\/\/distribucionarc.com\/wp-content\/uploads\/2020\/08\/Prensa-de-tornillo-extractor-de-zumo-mini-exprimidor-de-frutas-acero-3L-0.jpg\",\"contentUrl\":\"https:\/\/distribucionarc.com\/wp-content\/uploads\/2020\/08\/Prensa-de-tornillo-extractor-de-zumo-mini-exprimidor-de-frutas-acero-3L-0.jpg\",\"width\":1000,\"height\":1000,\"caption\":\"Prensa de tornillo extractor de zumo mini exprimidor de frutas 3L\"},{\"@type\":\"BreadcrumbList\",\"@id\":\"https:\/\/www.distribucionarc.com\/fr\/producto\/prensa-de-tornillo-extractor-de-zumo-mini-exprimidor-de-frutas-3l\/#breadcrumb\",\"itemListElement\":[{\"@type\":\"ListItem\",\"position\":1,\"name\":\"Portada\",\"item\":\"https:\/\/distribucionarc.com\/pl\/\"},{\"@type\":\"ListItem\",\"position\":2,\"name\":\"Produkty\",\"item\":\"https:\/\/distribucionarc.com\/pl\/shop\/\"},{\"@type\":\"ListItem\",\"position\":3,\"name\":\"Prensa de tornillo, extractor de zumo,\u00a0 mini exprimidor de frutas 3L\"}]},{\"@type\":\"WebSite\",\"@id\":\"https:\/\/distribucionarc.com\/de\/#website\",\"url\":\"https:\/\/distribucionarc.com\/de\/\",\"name\":\"distribuci\u00f3n ARC\",\"description\":\"Empresa especializada en la fabricaci\u00f3n y distribuci\u00f3n de maquinaria industrial, selladoras de latas, Maquinas de hacer pastillas, Maquinas de cortar carne...\",\"publisher\":{\"@id\":\"https:\/\/distribucionarc.com\/de\/#organization\"},\"potentialAction\":[{\"@type\":\"SearchAction\",\"target\":{\"@type\":\"EntryPoint\",\"urlTemplate\":\"https:\/\/distribucionarc.com\/de\/?s={search_term_string}\"},\"query-input\":{\"@type\":\"PropertyValueSpecification\",\"valueRequired\":true,\"valueName\":\"search_term_string\"}}],\"inLanguage\":\"tr\"},{\"@type\":\"Organization\",\"@id\":\"https:\/\/distribucionarc.com\/de\/#organization\",\"name\":\"Distribuci\u00f3n ARC\",\"url\":\"https:\/\/distribucionarc.com\/de\/\",\"logo\":{\"@type\":\"ImageObject\",\"inLanguage\":\"tr\",\"@id\":\"https:\/\/distribucionarc.com\/de\/#\/schema\/logo\/image\/\",\"url\":\"https:\/\/distribucionarc.com\/wp-content\/uploads\/2024\/10\/distribucion-ARC-COLOR-SIN-FONDO-e1732295305345.png\",\"contentUrl\":\"https:\/\/distribucionarc.com\/wp-content\/uploads\/2024\/10\/distribucion-ARC-COLOR-SIN-FONDO-e1732295305345.png\",\"width\":1164,\"height\":558,\"caption\":\"Distribuci\u00f3n ARC\"},\"image\":{\"@id\":\"https:\/\/distribucionarc.com\/de\/#\/schema\/logo\/image\/\"},\"description\":\"Empresa especializada en la fabricaci\u00f3n y distribuci\u00f3n de maquinaria industrial para los sectores alimentario y farmac\u00e9utico. Nos especializamos en: M\u00e1quinas de cortar carne Fabricaci\u00f3n de comprimidos Sistemas de transporte industrial L\u00edneas de embotellado Dosificadores Y mucho m\u00e1s... Ofrecemos soluciones innovadoras y personalizadas para optimizar los procesos productivos de tu empresa.\",\"email\":\"Admistracion@distribucionarc.com\",\"telephone\":\"+34 643496664\",\"legalName\":\"ARC TECH SOLUTIONS\",\"foundingDate\":\"2024-04-09\",\"vatID\":\"B55480172\",\"numberOfEmployees\":{\"@type\":\"QuantitativeValue\",\"minValue\":\"1\",\"maxValue\":\"10\"}}]}<\/script>\n<!-- \/ Yoast SEO Premium plugin. -->","yoast_head_json":{"title":"Vidal\u0131 pres, meyve suyu s\u0131kaca\u011f\u0131, 3L mini meyve s\u0131kaca\u011f\u0131 - ARC da\u011f\u0131t\u0131m\u0131","robots":{"index":"index","follow":"follow","max-snippet":"max-snippet:-1","max-image-preview":"max-image-preview:large","max-video-preview":"max-video-preview:-1"},"canonical":"https:\/\/www.distribucionarc.com\/fr\/producto\/prensa-de-tornillo-extractor-de-zumo-mini-exprimidor-de-frutas-3l\/","og_locale":"tr_TR","og_type":"article","og_title":"Prensa de tornillo, extractor de zumo,\u00a0 mini exprimidor de frutas 3L","og_description":"Prensa de tornillo, extractor de zumo,\u00a0 mini exprimidor de frutas 3L El\u00a0extractor de bayas\u00a0ARC\u00a0es robusto con un\u00a0alto rendimiento de zumo; ejerce una alta presi\u00f3n debido a la construcci\u00f3n del tornillo giratorio. El pr\u00e1ctico\u00a0exprimidor de\u00a0frutas\u00a0se puede montar r\u00e1pidamente.\u00a0La cesta de fruta doble est\u00e1 fabricada en acero inoxidable. Listos para usar de inmediato y en cualquier lugar, independientemente de la energ\u00eda el\u00e9ctrica. Garant\u00eda\u00a0ARC 2 A\u00d1OS soporte t\u00e9cnico\u00a0incluido","og_url":"https:\/\/www.distribucionarc.com\/fr\/producto\/prensa-de-tornillo-extractor-de-zumo-mini-exprimidor-de-frutas-3l\/","og_site_name":"distribuci\u00f3n ARC","article_modified_time":"2020-09-30T09:54:34+00:00","og_image":[{"width":1000,"height":1000,"url":"https:\/\/www.distribucionarc.com\/wp-content\/uploads\/2020\/08\/Prensa-de-tornillo-extractor-de-zumo-mini-exprimidor-de-frutas-acero-3L-0.jpg","type":"image\/jpeg"}],"twitter_card":"summary_large_image","twitter_misc":{"Tahmini okuma s\u00fcresi":"1 dakika"},"schema":{"@context":"https:\/\/schema.org","@graph":[{"@type":"WebPage","@id":"https:\/\/www.distribucionarc.com\/fr\/producto\/prensa-de-tornillo-extractor-de-zumo-mini-exprimidor-de-frutas-3l\/","url":"https:\/\/www.distribucionarc.com\/fr\/producto\/prensa-de-tornillo-extractor-de-zumo-mini-exprimidor-de-frutas-3l\/","name":"Vidal\u0131 pres, meyve suyu s\u0131kaca\u011f\u0131, 3L mini meyve s\u0131kaca\u011f\u0131 - ARC da\u011f\u0131t\u0131m\u0131","isPartOf":{"@id":"https:\/\/distribucionarc.com\/de\/#website"},"primaryImageOfPage":{"@id":"https:\/\/www.distribucionarc.com\/fr\/producto\/prensa-de-tornillo-extractor-de-zumo-mini-exprimidor-de-frutas-3l\/#primaryimage"},"image":{"@id":"https:\/\/www.distribucionarc.com\/fr\/producto\/prensa-de-tornillo-extractor-de-zumo-mini-exprimidor-de-frutas-3l\/#primaryimage"},"thumbnailUrl":"https:\/\/distribucionarc.com\/wp-content\/uploads\/2020\/08\/Prensa-de-tornillo-extractor-de-zumo-mini-exprimidor-de-frutas-acero-3L-0.jpg","datePublished":"2020-08-11T10:41:54+00:00","dateModified":"2020-09-30T09:54:34+00:00","breadcrumb":{"@id":"https:\/\/www.distribucionarc.com\/fr\/producto\/prensa-de-tornillo-extractor-de-zumo-mini-exprimidor-de-frutas-3l\/#breadcrumb"},"inLanguage":"tr","potentialAction":[{"@type":"ReadAction","target":["https:\/\/www.distribucionarc.com\/fr\/producto\/prensa-de-tornillo-extractor-de-zumo-mini-exprimidor-de-frutas-3l\/"]}]},{"@type":"ImageObject","inLanguage":"tr","@id":"https:\/\/www.distribucionarc.com\/fr\/producto\/prensa-de-tornillo-extractor-de-zumo-mini-exprimidor-de-frutas-3l\/#primaryimage","url":"https:\/\/distribucionarc.com\/wp-content\/uploads\/2020\/08\/Prensa-de-tornillo-extractor-de-zumo-mini-exprimidor-de-frutas-acero-3L-0.jpg","contentUrl":"https:\/\/distribucionarc.com\/wp-content\/uploads\/2020\/08\/Prensa-de-tornillo-extractor-de-zumo-mini-exprimidor-de-frutas-acero-3L-0.jpg","width":1000,"height":1000,"caption":"Prensa de tornillo extractor de zumo mini exprimidor de frutas 3L"},{"@type":"BreadcrumbList","@id":"https:\/\/www.distribucionarc.com\/fr\/producto\/prensa-de-tornillo-extractor-de-zumo-mini-exprimidor-de-frutas-3l\/#breadcrumb","itemListElement":[{"@type":"ListItem","position":1,"name":"Portada","item":"https:\/\/distribucionarc.com\/pl\/"},{"@type":"ListItem","position":2,"name":"Produkty","item":"https:\/\/distribucionarc.com\/pl\/shop\/"},{"@type":"ListItem","position":3,"name":"Prensa de tornillo, extractor de zumo,\u00a0 mini exprimidor de frutas 3L"}]},{"@type":"WebSite","@id":"https:\/\/distribucionarc.com\/de\/#website","url":"https:\/\/distribucionarc.com\/de\/","name":"ARC da\u011f\u0131t\u0131m\u0131","description":"End\u00fcstriyel makinelerin \u00fcretimi ve da\u011f\u0131t\u0131m\u0131 konusunda uzmanla\u015fm\u0131\u015f \u015firket, kutu m\u00fch\u00fcrleme makineleri, tablet yapma makineleri, et kesme makineleri...","publisher":{"@id":"https:\/\/distribucionarc.com\/de\/#organization"},"potentialAction":[{"@type":"SearchAction","target":{"@type":"EntryPoint","urlTemplate":"https:\/\/distribucionarc.com\/de\/?s={search_term_string}"},"query-input":{"@type":"PropertyValueSpecification","valueRequired":true,"valueName":"search_term_string"}}],"inLanguage":"tr"},{"@type":"Organization","@id":"https:\/\/distribucionarc.com\/de\/#organization","name":"ARC Da\u011f\u0131t\u0131m\u0131","url":"https:\/\/distribucionarc.com\/de\/","logo":{"@type":"ImageObject","inLanguage":"tr","@id":"https:\/\/distribucionarc.com\/de\/#\/schema\/logo\/image\/","url":"https:\/\/distribucionarc.com\/wp-content\/uploads\/2024\/10\/distribucion-ARC-COLOR-SIN-FONDO-e1732295305345.png","contentUrl":"https:\/\/distribucionarc.com\/wp-content\/uploads\/2024\/10\/distribucion-ARC-COLOR-SIN-FONDO-e1732295305345.png","width":1164,"height":558,"caption":"Distribuci\u00f3n ARC"},"image":{"@id":"https:\/\/distribucionarc.com\/de\/#\/schema\/logo\/image\/"},"description":"\u015eirket, g\u0131da ve ila\u00e7 sekt\u00f6rleri i\u00e7in end\u00fcstriyel makine \u00fcretimi ve da\u011f\u0131t\u0131m\u0131 konusunda uzmanla\u015fm\u0131\u015ft\u0131r. Uzmanl\u0131k alanlar\u0131m\u0131z Et kesme makineleri Tablet \u00fcretimi End\u00fcstriyel ta\u015f\u0131ma sistemleri \u015ei\u015feleme hatlar\u0131 Dozajlama makineleri Ve \u00e7ok daha fazlas\u0131... \u015eirketinizin \u00fcretim s\u00fcre\u00e7lerini optimize etmek i\u00e7in yenilik\u00e7i ve \u00f6zelle\u015ftirilmi\u015f \u00e7\u00f6z\u00fcmler sunuyoruz.","email":"Admistracion@distribucionarc.com","telephone":"+34 643496664","legalName":"ARC TECH SOLUTIONS","foundingDate":"2024-04-09","vatID":"B55480172","numberOfEmployees":{"@type":"QuantitativeValue","minValue":"1","maxValue":"10"}}]}},"_links":{"self":[{"href":"https:\/\/distribucionarc.com\/tr\/wp-json\/wp\/v2\/product\/2166","targetHints":{"allow":["GET"]}}],"collection":[{"href":"https:\/\/distribucionarc.com\/tr\/wp-json\/wp\/v2\/product"}],"about":[{"href":"https:\/\/distribucionarc.com\/tr\/wp-json\/wp\/v2\/types\/product"}],"replies":[{"embeddable":true,"href":"https:\/\/distribucionarc.com\/tr\/wp-json\/wp\/v2\/comments?post=2166"}],"version-history":[{"count":0,"href":"https:\/\/distribucionarc.com\/tr\/wp-json\/wp\/v2\/product\/2166\/revisions"}],"wp:featuredmedia":[{"embeddable":true,"href":"https:\/\/distribucionarc.com\/tr\/wp-json\/wp\/v2\/media\/2167"}],"wp:attachment":[{"href":"https:\/\/distribucionarc.com\/tr\/wp-json\/wp\/v2\/media?parent=2166"}],"wp:term":[{"taxonomy":"product_brand","embeddable":true,"href":"https:\/\/distribucionarc.com\/tr\/wp-json\/wp\/v2\/product_brand?post=2166"},{"taxonomy":"product_cat","embeddable":true,"href":"https:\/\/distribucionarc.com\/tr\/wp-json\/wp\/v2\/product_cat?post=2166"},{"taxonomy":"product_tag","embeddable":true,"href":"https:\/\/distribucionarc.com\/tr\/wp-json\/wp\/v2\/product_tag?post=2166"}],"curies":[{"name":"wp","href":"https:\/\/api.w.org\/{rel}","templated":true}]}}