{"id":2186,"date":"2020-08-11T15:21:24","date_gmt":"2020-08-11T15:21:24","guid":{"rendered":"https:\/\/distribucionarc.com\/?post_type=product&#038;p=2186"},"modified":"2020-09-30T10:02:02","modified_gmt":"2020-09-30T10:02:02","slug":"sarap-meyve-bal-40l-icin-su-pres-hidropres","status":"publish","type":"product","link":"https:\/\/distribucionarc.com\/tr\/producto\/prensa-de-agua-hidroprensa-para-vino-frutas-miel-40l\/","title":{"rendered":"Su presi, \u015farap, meyve, bal i\u00e7in hidropres 40L"},"content":{"rendered":"<h2>Su presi, \u015farap, meyve, bal i\u00e7in hidropres 40L<\/h2>\n<p>T\u00fcm \u00f6zelliklerini koruyan taze meyve suyunu i\u015flemenin en h\u0131zl\u0131 yolu. Ezilmi\u015f meyveyi i\u00e7ine eklemeniz yeterlidir.<strong>\u00a0su bas\u0131n\u00a0<span style=\"color: #ff0000;\">\u0130LE<\/span><span style=\"color: #0000ff;\">R<\/span>C<\/strong>, muslu\u011fu a\u00e7\u0131n ve gelen musluk suyunun bas\u0131nc\u0131n\u0131n zemin malzemesini i\u00e7eriden d\u0131\u015far\u0131ya sepet deste\u011fine do\u011fru bast\u0131rmas\u0131n\u0131 izleyin.<\/p>\n<p>Ustaca basit bir s\u00fcr\u00fcc\u00fc<strong>\u00a0<span style=\"color: #008000;\">enerji tasarrufu<\/span><\/strong>: Hortumu su borusuna ba\u011flay\u0131n ve muslu\u011fu a\u00e7\u0131n. Musluk suyu, yerle\u015fik kau\u00e7uk membran\u0131 d\u0131\u015far\u0131 do\u011fru geni\u015fletir ve \u0131zgaray\u0131 sepet \u0131zgaras\u0131na do\u011fru bast\u0131r\u0131r. Musluk a\u00e7\u0131l\u0131p kapat\u0131larak bas\u0131n\u00e7 kuvveti ve s\u00fcresi ayarlanabilir.<\/p>\n<p>O\u00a0<strong>h\u0131zl\u0131 basma<\/strong>\u00a0ve\u00a0<strong>k\u0131sa ak\u0131\u015f yollar\u0131<\/strong>\u00a0vitaminleri koruyun; Meyve suyu harika bir taze aromay\u0131 koruyacakt\u0131r. Uygulanan 3 barl\u0131k y\u00fcksek bas\u0131n\u00e7 sayesinde\u00a0<strong>meyve s\u0131kaca\u011f\u0131\u00a0<span style=\"color: #ff0000;\">\u0130LE<\/span><span style=\"color: #0000ff;\">R<\/span>CPHA40<\/strong>\u00a0bir tane al\u0131rs\u0131n\u00a0<strong>meyve suyu verimi<\/strong>\u00a0istisnai olarak\u00a0<strong>y\u00fcksek<\/strong>Pres sepeti k\u0131smen dolu olsa bile.<\/p>\n<h6><\/h6>\n<h6><strong>Garanti\u00a0<\/strong><span style=\"color: #ff0000;\"><strong>\u0130LE<\/strong><\/span><span style=\"color: #0000ff;\"><strong>R<\/strong><\/span><strong>\u00c7 2 YIL<\/strong><\/h6>\n<h6><span style=\"color: #0000ff;\">Elektriksiz, su bas\u0131n\u00e7l\u0131 (3 bar) pres<\/span><\/h6>\n<h6><strong>teknik destek dahil<\/strong><\/h6>\n<p>&nbsp;<\/p>\n<table width=\"100%\">\n<tbody>\n<tr>\n<td>Adam:<\/td>\n<td width=\"50%\">Hidropres<\/td>\n<td colspan=\"2\" width=\"327\"><\/td>\n<\/tr>\n<tr>\n<td>Da\u011f\u0131t\u0131m \u00fclkesi:<\/td>\n<td width=\"50%\">\u0130spanya, Almanya, ABD<\/td>\n<td>A\u011f\u0131rl\u0131k:<\/td>\n<td width=\"50%\">18 kg<\/td>\n<\/tr>\n<tr>\n<td>Marka:<\/td>\n<td width=\"50%\">ARK<\/td>\n<td>Y\u00fckseklik:<\/td>\n<td width=\"50%\">90cm<\/td>\n<\/tr>\n<tr>\n<td>Renk:<\/td>\n<td width=\"50%\">G\u00fcm\u00fc\u015f<\/td>\n<td>Uzun:<\/td>\n<td width=\"50%\">60cm<\/td>\n<\/tr>\n<tr>\n<td>\u00dcr\u00fcn tipi:<\/td>\n<td width=\"50%\">meyve s\u0131kaca\u011f\u0131, \u015farap presi<\/td>\n<td>Geni\u015f:<\/td>\n<td width=\"50%\">60cm<\/td>\n<\/tr>\n<tr>\n<td>\u00dcretici numaras\u0131:<\/td>\n<td width=\"50%\">ARCPHA40<\/td>\n<td>Yetenek:<\/td>\n<td width=\"50%\">40L<\/td>\n<\/tr>\n<tr>\n<td>Malzeme:<\/td>\n<td width=\"50%\">\u00a0g\u0131da s\u0131n\u0131f\u0131 paslanmaz \u00e7elik, g\u0131da s\u0131n\u0131f\u0131 kau\u00e7uk membran<\/td>\n<td>Sepet boyutu:<\/td>\n<td width=\"50%\">48x41cm<\/td>\n<\/tr>\n<tr>\n<td>Namlu boyutlar\u0131:<\/td>\n<td width=\"50%\">41cm \u00c7ap<\/td>\n<td>Te\u00e7hizat:<\/td>\n<td width=\"50%\">Bas\u0131n bezi dahil<\/td>\n<\/tr>\n<tr>\n<td>Namlu y\u00fcksekli\u011fi:<\/td>\n<td width=\"50%\">48cm<\/td>\n<td>Garanti:<\/td>\n<td width=\"50%\">2 YIL<\/td>\n<\/tr>\n<\/tbody>\n<\/table>","protected":false},"excerpt":{"rendered":"<h2>Su presi, \u015farap, meyve, bal i\u00e7in hidropres 40L<\/h2>\n<p>Las<strong>\u00a0hidrolik k\u0131r\u0131c\u0131lar\u00a0<span style=\"color: #ff0000;\">\u0130LE<\/span><span style=\"color: #0000ff;\">R<\/span>C<\/strong>\u00a0Meyve sular\u0131 yapmak, petekleri, \u015f\u0131ray\u0131, \u015farab\u0131, elma \u015farab\u0131n\u0131 vb. i\u015flemek i\u00e7in en iyi \u00e7\u00f6z\u00fcmd\u00fcrler.<span style=\"color: #008000;\">\u00a0<\/span><strong><span style=\"color: #008000;\">Olmadan<\/span>\u00a0<\/strong>the<strong>\u00a0<span style=\"color: #008000;\">elektrik enerjisine ihtiya\u00e7<\/span><\/strong><span style=\"color: #008000;\">\u00a0<\/span>ve fiziksel \u00e7aba harcamadan<\/p>\n<p>sayesinde\u00a0<strong>hidrolik presler\u00a0<span style=\"color: #ff0000;\">\u0130LE<\/span><span style=\"color: #0000ff;\">R<\/span>C<\/strong>\u00a0presleme olacak<strong>\u00a0h\u0131zl\u0131<\/strong>\u00a0ve ile\u00a0<strong>k\u0131sa ak\u0131\u015f yollar\u0131\u00a0<\/strong>vitaminlerin korunmas\u0131na yard\u0131mc\u0131 olmak; Harika taze kokulu bir \u00fcr\u00fcn elde edeceksiniz. Y\u00fcksek bas\u0131n\u00e7 sayesinde bir\u00a0<strong>performans\u00a0<\/strong>istisnai olarak meyve suyu\u00a0<strong>y\u00fcksek<\/strong><\/p>\n<h6><strong>Garanti<span style=\"color: #ff0000;\">\u00a0<\/span><\/strong><span style=\"color: #ff0000;\"><strong>\u0130LE<\/strong><\/span><span style=\"color: #0000ff;\"><strong>R<\/strong><\/span><strong>\u00c7 2 YIL<\/strong><\/h6>\n<h6><span style=\"color: #0000ff;\">Elektriksiz, su bas\u0131n\u00e7l\u0131 (3 bar) pres<\/span><\/h6>\n<h6><strong>teknik destek dahil<\/strong><\/h6>","protected":false},"featured_media":2187,"comment_status":"open","ping_status":"closed","template":"","meta":{"wds_primary_product_brand":0,"wds_primary_product_cat":0},"product_brand":[],"product_cat":[30,65,67],"product_tag":[],"class_list":{"0":"post-2186","1":"product","2":"type-product","3":"status-publish","4":"has-post-thumbnail","6":"product_cat-maquinaria-apicola","7":"product_cat-maquinaria-industrial-para-procesar-fruta-verdura-panales","8":"product_cat-prensas-de-frutas-trituradoras","9":"product_shipping_class-hosteleria","11":"first","12":"instock","13":"sale","14":"taxable","15":"shipping-taxable","16":"purchasable","17":"product-type-simple"},"yoast_head":"<!-- This site is optimized with the Yoast SEO Premium plugin v24.9 (Yoast SEO v26.1) - https:\/\/yoast.com\/wordpress\/plugins\/seo\/ -->\n<title>Prensa de agua, Hidroprensa para vino, frutas, miel 40L - distribuci\u00f3n ARC<\/title>\n<meta name=\"robots\" content=\"index, follow, max-snippet:-1, max-image-preview:large, max-video-preview:-1\" \/>\n<link rel=\"canonical\" href=\"https:\/\/www.distribucionarc.com\/tr\/producto\/prensa-de-agua-hidroprensa-para-vino-frutas-miel-40l\/\" \/>\n<meta property=\"og:locale\" content=\"tr_TR\" \/>\n<meta property=\"og:type\" content=\"article\" \/>\n<meta property=\"og:title\" content=\"Prensa de agua, Hidroprensa para vino, frutas, miel 40L\" \/>\n<meta property=\"og:description\" content=\"Prensa de agua, Hidroprensa para vino, frutas, miel 40L Las\u00a0trituradoras hidr\u00e1ulicas\u00a0ARC\u00a0son la mejor soluci\u00f3n para realizar zumos, procesar panales de miel, mostos, vino, sidra, etc.\u00a0Sin\u00a0la\u00a0necesidad de energ\u00eda el\u00e9ctrica\u00a0y sin esfuerzo f\u00edsico  Gracias a las\u00a0Prensas hidr\u00e1ulicas\u00a0ARC\u00a0el\u00a0prensado ser\u00e1\u00a0r\u00e1pido\u00a0y con\u00a0recorridos cortos de flujo\u00a0ayudando a\u00a0proteger las vitaminas;\u00a0obtendr\u00e1 un producto con un aroma maravillosamente fresco.\u00a0Gracias a la alta presi\u00f3n se obtiene un\u00a0rendimiento\u00a0de zumo\u00a0excepcionalmente\u00a0alto Garant\u00eda\u00a0ARC 2 A\u00d1OS Prensa sin electricidad,\u00a0 presi\u00f3n de agua\u00a0(3 bar) soporte t\u00e9cnico\u00a0incluido\" \/>\n<meta property=\"og:url\" content=\"https:\/\/www.distribucionarc.com\/tr\/producto\/prensa-de-agua-hidroprensa-para-vino-frutas-miel-40l\/\" \/>\n<meta property=\"og:site_name\" content=\"distribuci\u00f3n ARC\" \/>\n<meta property=\"article:modified_time\" content=\"2020-09-30T10:02:02+00:00\" \/>\n<meta property=\"og:image\" content=\"https:\/\/www.distribucionarc.com\/wp-content\/uploads\/2020\/08\/Prensa-de-agua-Hidro-prensa-para-frutas-verduras-miel-40L-0.jpg\" \/>\n\t<meta property=\"og:image:width\" content=\"1000\" \/>\n\t<meta property=\"og:image:height\" content=\"1000\" \/>\n\t<meta property=\"og:image:type\" content=\"image\/jpeg\" \/>\n<meta name=\"twitter:card\" content=\"summary_large_image\" \/>\n<meta name=\"twitter:label1\" content=\"Tahmini okuma s\u00fcresi\" \/>\n\t<meta name=\"twitter:data1\" content=\"1 dakika\" \/>\n<script type=\"application\/ld+json\" class=\"yoast-schema-graph\">{\"@context\":\"https:\/\/schema.org\",\"@graph\":[{\"@type\":\"WebPage\",\"@id\":\"https:\/\/www.distribucionarc.com\/tr\/producto\/prensa-de-agua-hidroprensa-para-vino-frutas-miel-40l\/\",\"url\":\"https:\/\/www.distribucionarc.com\/tr\/producto\/prensa-de-agua-hidroprensa-para-vino-frutas-miel-40l\/\",\"name\":\"Prensa de agua, Hidroprensa para vino, frutas, miel 40L - distribuci\u00f3n ARC\",\"isPartOf\":{\"@id\":\"https:\/\/distribucionarc.com\/bg\/#website\"},\"primaryImageOfPage\":{\"@id\":\"https:\/\/www.distribucionarc.com\/tr\/producto\/prensa-de-agua-hidroprensa-para-vino-frutas-miel-40l\/#primaryimage\"},\"image\":{\"@id\":\"https:\/\/www.distribucionarc.com\/tr\/producto\/prensa-de-agua-hidroprensa-para-vino-frutas-miel-40l\/#primaryimage\"},\"thumbnailUrl\":\"https:\/\/distribucionarc.com\/wp-content\/uploads\/2020\/08\/Prensa-de-agua-Hidro-prensa-para-frutas-verduras-miel-40L-0.jpg\",\"datePublished\":\"2020-08-11T15:21:24+00:00\",\"dateModified\":\"2020-09-30T10:02:02+00:00\",\"breadcrumb\":{\"@id\":\"https:\/\/www.distribucionarc.com\/tr\/producto\/prensa-de-agua-hidroprensa-para-vino-frutas-miel-40l\/#breadcrumb\"},\"inLanguage\":\"tr\",\"potentialAction\":[{\"@type\":\"ReadAction\",\"target\":[\"https:\/\/www.distribucionarc.com\/tr\/producto\/prensa-de-agua-hidroprensa-para-vino-frutas-miel-40l\/\"]}]},{\"@type\":\"ImageObject\",\"inLanguage\":\"tr\",\"@id\":\"https:\/\/www.distribucionarc.com\/tr\/producto\/prensa-de-agua-hidroprensa-para-vino-frutas-miel-40l\/#primaryimage\",\"url\":\"https:\/\/distribucionarc.com\/wp-content\/uploads\/2020\/08\/Prensa-de-agua-Hidro-prensa-para-frutas-verduras-miel-40L-0.jpg\",\"contentUrl\":\"https:\/\/distribucionarc.com\/wp-content\/uploads\/2020\/08\/Prensa-de-agua-Hidro-prensa-para-frutas-verduras-miel-40L-0.jpg\",\"width\":1000,\"height\":1000,\"caption\":\"Prensa de agua Hidro prensa para frutas verduras miel 40L\"},{\"@type\":\"BreadcrumbList\",\"@id\":\"https:\/\/www.distribucionarc.com\/tr\/producto\/prensa-de-agua-hidroprensa-para-vino-frutas-miel-40l\/#breadcrumb\",\"itemListElement\":[{\"@type\":\"ListItem\",\"position\":1,\"name\":\"Portada\",\"item\":\"https:\/\/distribucionarc.com\/el\/\"},{\"@type\":\"ListItem\",\"position\":2,\"name\":\"Proizvodi\",\"item\":\"https:\/\/www.distribucionarc.com\/hr\/ducan\/\"},{\"@type\":\"ListItem\",\"position\":3,\"name\":\"Prensa de agua, Hidroprensa para vino, frutas, miel 40L\"}]},{\"@type\":\"WebSite\",\"@id\":\"https:\/\/distribucionarc.com\/bg\/#website\",\"url\":\"https:\/\/distribucionarc.com\/bg\/\",\"name\":\"distribuci\u00f3n ARC\",\"description\":\"Empresa especializada en la fabricaci\u00f3n y distribuci\u00f3n de maquinaria industrial, selladoras de latas, Maquinas de hacer pastillas, Maquinas de cortar carne...\",\"publisher\":{\"@id\":\"https:\/\/distribucionarc.com\/bg\/#organization\"},\"potentialAction\":[{\"@type\":\"SearchAction\",\"target\":{\"@type\":\"EntryPoint\",\"urlTemplate\":\"https:\/\/distribucionarc.com\/bg\/?s={search_term_string}\"},\"query-input\":{\"@type\":\"PropertyValueSpecification\",\"valueRequired\":true,\"valueName\":\"search_term_string\"}}],\"inLanguage\":\"tr\"},{\"@type\":\"Organization\",\"@id\":\"https:\/\/distribucionarc.com\/bg\/#organization\",\"name\":\"Distribuci\u00f3n ARC\",\"url\":\"https:\/\/distribucionarc.com\/bg\/\",\"logo\":{\"@type\":\"ImageObject\",\"inLanguage\":\"tr\",\"@id\":\"https:\/\/distribucionarc.com\/bg\/#\/schema\/logo\/image\/\",\"url\":\"https:\/\/distribucionarc.com\/wp-content\/uploads\/2024\/10\/distribucion-ARC-COLOR-SIN-FONDO-e1732295305345.png\",\"contentUrl\":\"https:\/\/distribucionarc.com\/wp-content\/uploads\/2024\/10\/distribucion-ARC-COLOR-SIN-FONDO-e1732295305345.png\",\"width\":1164,\"height\":558,\"caption\":\"Distribuci\u00f3n ARC\"},\"image\":{\"@id\":\"https:\/\/distribucionarc.com\/bg\/#\/schema\/logo\/image\/\"},\"description\":\"Empresa especializada en la fabricaci\u00f3n y distribuci\u00f3n de maquinaria industrial para los sectores alimentario y farmac\u00e9utico. Nos especializamos en: M\u00e1quinas de cortar carne Fabricaci\u00f3n de comprimidos Sistemas de transporte industrial L\u00edneas de embotellado Dosificadores Y mucho m\u00e1s... Ofrecemos soluciones innovadoras y personalizadas para optimizar los procesos productivos de tu empresa.\",\"email\":\"Admistracion@distribucionarc.com\",\"telephone\":\"+34 643496664\",\"legalName\":\"ARC TECH SOLUTIONS\",\"foundingDate\":\"2024-04-09\",\"vatID\":\"B55480172\",\"numberOfEmployees\":{\"@type\":\"QuantitativeValue\",\"minValue\":\"1\",\"maxValue\":\"10\"}}]}<\/script>\n<!-- \/ Yoast SEO Premium plugin. -->","yoast_head_json":{"title":"Su presi, \u015earap, meyve ve bal i\u00e7in Hydropress 40L - ARC da\u011f\u0131t\u0131m\u0131","robots":{"index":"index","follow":"follow","max-snippet":"max-snippet:-1","max-image-preview":"max-image-preview:large","max-video-preview":"max-video-preview:-1"},"canonical":"https:\/\/www.distribucionarc.com\/tr\/producto\/prensa-de-agua-hidroprensa-para-vino-frutas-miel-40l\/","og_locale":"tr_TR","og_type":"article","og_title":"Prensa de agua, Hidroprensa para vino, frutas, miel 40L","og_description":"Prensa de agua, Hidroprensa para vino, frutas, miel 40L Las\u00a0trituradoras hidr\u00e1ulicas\u00a0ARC\u00a0son la mejor soluci\u00f3n para realizar zumos, procesar panales de miel, mostos, vino, sidra, etc.\u00a0Sin\u00a0la\u00a0necesidad de energ\u00eda el\u00e9ctrica\u00a0y sin esfuerzo f\u00edsico  Gracias a las\u00a0Prensas hidr\u00e1ulicas\u00a0ARC\u00a0el\u00a0prensado ser\u00e1\u00a0r\u00e1pido\u00a0y con\u00a0recorridos cortos de flujo\u00a0ayudando a\u00a0proteger las vitaminas;\u00a0obtendr\u00e1 un producto con un aroma maravillosamente fresco.\u00a0Gracias a la alta presi\u00f3n se obtiene un\u00a0rendimiento\u00a0de zumo\u00a0excepcionalmente\u00a0alto Garant\u00eda\u00a0ARC 2 A\u00d1OS Prensa sin electricidad,\u00a0 presi\u00f3n de agua\u00a0(3 bar) soporte t\u00e9cnico\u00a0incluido","og_url":"https:\/\/www.distribucionarc.com\/tr\/producto\/prensa-de-agua-hidroprensa-para-vino-frutas-miel-40l\/","og_site_name":"distribuci\u00f3n ARC","article_modified_time":"2020-09-30T10:02:02+00:00","og_image":[{"width":1000,"height":1000,"url":"https:\/\/www.distribucionarc.com\/wp-content\/uploads\/2020\/08\/Prensa-de-agua-Hidro-prensa-para-frutas-verduras-miel-40L-0.jpg","type":"image\/jpeg"}],"twitter_card":"summary_large_image","twitter_misc":{"Tahmini okuma s\u00fcresi":"1 dakika"},"schema":{"@context":"https:\/\/schema.org","@graph":[{"@type":"WebPage","@id":"https:\/\/www.distribucionarc.com\/tr\/producto\/prensa-de-agua-hidroprensa-para-vino-frutas-miel-40l\/","url":"https:\/\/www.distribucionarc.com\/tr\/producto\/prensa-de-agua-hidroprensa-para-vino-frutas-miel-40l\/","name":"Su presi, \u015earap, meyve ve bal i\u00e7in Hydropress 40L - ARC da\u011f\u0131t\u0131m\u0131","isPartOf":{"@id":"https:\/\/distribucionarc.com\/bg\/#website"},"primaryImageOfPage":{"@id":"https:\/\/www.distribucionarc.com\/tr\/producto\/prensa-de-agua-hidroprensa-para-vino-frutas-miel-40l\/#primaryimage"},"image":{"@id":"https:\/\/www.distribucionarc.com\/tr\/producto\/prensa-de-agua-hidroprensa-para-vino-frutas-miel-40l\/#primaryimage"},"thumbnailUrl":"https:\/\/distribucionarc.com\/wp-content\/uploads\/2020\/08\/Prensa-de-agua-Hidro-prensa-para-frutas-verduras-miel-40L-0.jpg","datePublished":"2020-08-11T15:21:24+00:00","dateModified":"2020-09-30T10:02:02+00:00","breadcrumb":{"@id":"https:\/\/www.distribucionarc.com\/tr\/producto\/prensa-de-agua-hidroprensa-para-vino-frutas-miel-40l\/#breadcrumb"},"inLanguage":"tr","potentialAction":[{"@type":"ReadAction","target":["https:\/\/www.distribucionarc.com\/tr\/producto\/prensa-de-agua-hidroprensa-para-vino-frutas-miel-40l\/"]}]},{"@type":"ImageObject","inLanguage":"tr","@id":"https:\/\/www.distribucionarc.com\/tr\/producto\/prensa-de-agua-hidroprensa-para-vino-frutas-miel-40l\/#primaryimage","url":"https:\/\/distribucionarc.com\/wp-content\/uploads\/2020\/08\/Prensa-de-agua-Hidro-prensa-para-frutas-verduras-miel-40L-0.jpg","contentUrl":"https:\/\/distribucionarc.com\/wp-content\/uploads\/2020\/08\/Prensa-de-agua-Hidro-prensa-para-frutas-verduras-miel-40L-0.jpg","width":1000,"height":1000,"caption":"Prensa de agua Hidro prensa para frutas verduras miel 40L"},{"@type":"BreadcrumbList","@id":"https:\/\/www.distribucionarc.com\/tr\/producto\/prensa-de-agua-hidroprensa-para-vino-frutas-miel-40l\/#breadcrumb","itemListElement":[{"@type":"ListItem","position":1,"name":"Portada","item":"https:\/\/distribucionarc.com\/el\/"},{"@type":"ListItem","position":2,"name":"Proizvodi","item":"https:\/\/www.distribucionarc.com\/hr\/ducan\/"},{"@type":"ListItem","position":3,"name":"Prensa de agua, Hidroprensa para vino, frutas, miel 40L"}]},{"@type":"WebSite","@id":"https:\/\/distribucionarc.com\/bg\/#website","url":"https:\/\/distribucionarc.com\/bg\/","name":"ARC da\u011f\u0131t\u0131m\u0131","description":"End\u00fcstriyel makinelerin \u00fcretimi ve da\u011f\u0131t\u0131m\u0131 konusunda uzmanla\u015fm\u0131\u015f \u015firket, kutu m\u00fch\u00fcrleme makineleri, tablet yapma makineleri, et kesme makineleri...","publisher":{"@id":"https:\/\/distribucionarc.com\/bg\/#organization"},"potentialAction":[{"@type":"SearchAction","target":{"@type":"EntryPoint","urlTemplate":"https:\/\/distribucionarc.com\/bg\/?s={search_term_string}"},"query-input":{"@type":"PropertyValueSpecification","valueRequired":true,"valueName":"search_term_string"}}],"inLanguage":"tr"},{"@type":"Organization","@id":"https:\/\/distribucionarc.com\/bg\/#organization","name":"ARC Da\u011f\u0131t\u0131m\u0131","url":"https:\/\/distribucionarc.com\/bg\/","logo":{"@type":"ImageObject","inLanguage":"tr","@id":"https:\/\/distribucionarc.com\/bg\/#\/schema\/logo\/image\/","url":"https:\/\/distribucionarc.com\/wp-content\/uploads\/2024\/10\/distribucion-ARC-COLOR-SIN-FONDO-e1732295305345.png","contentUrl":"https:\/\/distribucionarc.com\/wp-content\/uploads\/2024\/10\/distribucion-ARC-COLOR-SIN-FONDO-e1732295305345.png","width":1164,"height":558,"caption":"Distribuci\u00f3n ARC"},"image":{"@id":"https:\/\/distribucionarc.com\/bg\/#\/schema\/logo\/image\/"},"description":"\u015eirket, g\u0131da ve ila\u00e7 sekt\u00f6rleri i\u00e7in end\u00fcstriyel makine \u00fcretimi ve da\u011f\u0131t\u0131m\u0131 konusunda uzmanla\u015fm\u0131\u015ft\u0131r. Uzmanl\u0131k alanlar\u0131m\u0131z Et kesme makineleri Tablet \u00fcretimi End\u00fcstriyel ta\u015f\u0131ma sistemleri \u015ei\u015feleme hatlar\u0131 Dozajlama makineleri Ve \u00e7ok daha fazlas\u0131... \u015eirketinizin \u00fcretim s\u00fcre\u00e7lerini optimize etmek i\u00e7in yenilik\u00e7i ve \u00f6zelle\u015ftirilmi\u015f \u00e7\u00f6z\u00fcmler sunuyoruz.","email":"Admistracion@distribucionarc.com","telephone":"+34 643496664","legalName":"ARC TECH SOLUTIONS","foundingDate":"2024-04-09","vatID":"B55480172","numberOfEmployees":{"@type":"QuantitativeValue","minValue":"1","maxValue":"10"}}]}},"_links":{"self":[{"href":"https:\/\/distribucionarc.com\/tr\/wp-json\/wp\/v2\/product\/2186","targetHints":{"allow":["GET"]}}],"collection":[{"href":"https:\/\/distribucionarc.com\/tr\/wp-json\/wp\/v2\/product"}],"about":[{"href":"https:\/\/distribucionarc.com\/tr\/wp-json\/wp\/v2\/types\/product"}],"replies":[{"embeddable":true,"href":"https:\/\/distribucionarc.com\/tr\/wp-json\/wp\/v2\/comments?post=2186"}],"version-history":[{"count":0,"href":"https:\/\/distribucionarc.com\/tr\/wp-json\/wp\/v2\/product\/2186\/revisions"}],"wp:featuredmedia":[{"embeddable":true,"href":"https:\/\/distribucionarc.com\/tr\/wp-json\/wp\/v2\/media\/2187"}],"wp:attachment":[{"href":"https:\/\/distribucionarc.com\/tr\/wp-json\/wp\/v2\/media?parent=2186"}],"wp:term":[{"taxonomy":"product_brand","embeddable":true,"href":"https:\/\/distribucionarc.com\/tr\/wp-json\/wp\/v2\/product_brand?post=2186"},{"taxonomy":"product_cat","embeddable":true,"href":"https:\/\/distribucionarc.com\/tr\/wp-json\/wp\/v2\/product_cat?post=2186"},{"taxonomy":"product_tag","embeddable":true,"href":"https:\/\/distribucionarc.com\/tr\/wp-json\/wp\/v2\/product_tag?post=2186"}],"curies":[{"name":"wp","href":"https:\/\/api.w.org\/{rel}","templated":true}]}}