{"id":2213,"date":"2020-08-12T12:24:14","date_gmt":"2020-08-12T12:24:14","guid":{"rendered":"https:\/\/distribucionarc.com\/?post_type=product&#038;p=2213"},"modified":"2020-09-30T10:54:15","modified_gmt":"2020-09-30T10:54:15","slug":"ari-kovanlari-icin-sigara-icen-arilar-icin-duman-ufleyici","status":"publish","type":"product","link":"https:\/\/distribucionarc.com\/tr\/producto\/ahumador-para-colmenas-soplador-de-humo-para-abejas\/","title":{"rendered":"Kovanlar i\u00e7in sigara i\u00e7en, ar\u0131lar i\u00e7in duman \u00fcfleyici\u00a0"},"content":{"rendered":"<h3>Kovanlar i\u00e7in sigara i\u00e7en, ar\u0131lar i\u00e7in duman \u00fcfleyici<\/h3>\n<p>Kazan\u0131n etraf\u0131ndaki koruyucu \u0131zgara, \u0131s\u0131 kalkan\u0131 g\u00f6revi g\u00f6r\u00fcr; dolay\u0131s\u0131yla kullan\u0131c\u0131y\u0131 yan\u0131klardan korur. Izgaraya kolayca asabilmenizi sa\u011flayan kancalara sahiptir. <strong>duman \u00fcfleyici <span style=\"color: #ff0000;\">\u0130LE<\/span><span style=\"color: #0000ff;\">R<\/span>CSHA0<\/strong>1. Altta a\u00e7\u0131lan delikler optimum havaland\u0131rma sa\u011flayarak duman\u0131n tam potansiyeline ula\u015fmas\u0131n\u0131 sa\u011flar.<\/p>\n<p>O <strong>ar\u0131 i\u00e7en <span style=\"color: #ff0000;\">\u0130LE<\/span><span style=\"color: #0000ff;\">R<\/span>C<\/strong> 10,5 cm \u00e7ap\u0131ndad\u0131r. K\u00f6r\u00fck dayan\u0131kl\u0131 s\u0131\u011f\u0131r derisinden yap\u0131lm\u0131\u015ft\u0131r ve bu nedenle pratik ve profesyonel kullan\u0131ma olanak tan\u0131r. Kazan, y\u00fcksek s\u0131cakl\u0131klara dayan\u0131kl\u0131 olmas\u0131 i\u00e7in galvanizli \u00e7elikten yap\u0131lm\u0131\u015ft\u0131r.<\/p>\n<h6><strong>Garanti\u00a0<\/strong><span style=\"color: #ff0000;\"><strong>\u0130LE<\/strong><\/span><span style=\"color: #0000ff;\"><strong>R<\/strong><\/span><strong>\u00c7 2 YIL<\/strong><\/h6>\n<h6><strong>teknik destek dahil<\/strong><\/h6>\n<p>&nbsp;<\/p>\n<table width=\"100%\">\n<tbody>\n<tr>\n<td width=\"18%\">Da\u011f\u0131t\u0131m \u00fclkesi:<\/td>\n<td width=\"29%\">\u0130spanya, Almanya, ABD<\/td>\n<td width=\"20%\">A\u011f\u0131rl\u0131k:<\/td>\n<td width=\"30%\">0,72 kg<\/td>\n<\/tr>\n<tr>\n<td width=\"18%\">Marka:<\/td>\n<td width=\"29%\">ARK<\/td>\n<td width=\"20%\">Y\u00fckseklik:<\/td>\n<td width=\"30%\">10,4 cm<\/td>\n<\/tr>\n<tr>\n<td width=\"18%\">Renk:<\/td>\n<td width=\"29%\">G\u00fcm\u00fc\u015f<\/td>\n<td width=\"20%\">Uzun:<\/td>\n<td width=\"30%\">\u00a028cm<\/td>\n<\/tr>\n<tr>\n<td width=\"18%\">\u00dcr\u00fcn tipi:<\/td>\n<td width=\"29%\">meyve s\u0131kaca\u011f\u0131, \u015farap presi<\/td>\n<td width=\"20%\">Geni\u015f:<\/td>\n<td width=\"30%\">28cm<\/td>\n<\/tr>\n<tr>\n<td width=\"18%\">\u00dcretici numaras\u0131:<\/td>\n<td width=\"29%\">ARCSHA01<\/td>\n<td width=\"20%\">\u00c7ap:<\/td>\n<td width=\"30%\">28cm<\/td>\n<\/tr>\n<tr>\n<td width=\"18%\">Malzeme:<\/td>\n<td width=\"29%\">\u00a0galvanizli \u00e7elik, dana derisi<\/td>\n<td colspan=\"2\" width=\"50%\">&nbsp;<\/td>\n<\/tr>\n<\/tbody>\n<\/table>","protected":false},"excerpt":{"rendered":"<h2>Kovanlar i\u00e7in sigara i\u00e7en, ar\u0131lar i\u00e7in duman \u00fcfleyici<\/h2>\n<p>S\u00fcr\u00fcy\u00fc rahats\u0131z etmeden kendinizi sokmalardan koruyun. O <strong>duman \u00fcfleyici <span style=\"color: #ff0000;\">\u0130LE<\/span><span style=\"color: #0000ff;\">R<\/span>C<\/strong> Galvanizli \u00e7elik ve y\u00fcksek kaliteli s\u0131\u011f\u0131r derisinden yap\u0131lm\u0131\u015f olup, basit kullan\u0131m\u0131 sayesinde amat\u00f6r, yeni ba\u015flayan ve profesyonel ar\u0131c\u0131lar i\u00e7in m\u00fckemmeldir.<\/p>\n<h6><strong>Garanti\u00a0<\/strong><span style=\"color: #ff0000;\"><strong>\u0130LE<\/strong><\/span><span style=\"color: #0000ff;\"><strong>R<\/strong><\/span><strong>\u00c7 2 YIL<\/strong><\/h6>\n<h6><strong>teknik destek dahil<\/strong><\/h6>","protected":false},"featured_media":2216,"comment_status":"open","ping_status":"closed","template":"","meta":{"wds_primary_product_brand":0,"wds_primary_product_cat":0},"product_brand":[],"product_cat":[30],"product_tag":[],"class_list":{"0":"post-2213","1":"product","2":"type-product","3":"status-publish","4":"has-post-thumbnail","6":"product_cat-maquinaria-apicola","8":"first","9":"instock","10":"sale","11":"taxable","12":"shipping-taxable","13":"purchasable","14":"product-type-simple"},"yoast_head":"<!-- This site is optimized with the Yoast SEO Premium plugin v24.9 (Yoast SEO v26.1) - https:\/\/yoast.com\/wordpress\/plugins\/seo\/ -->\n<title>Ahumador para colmenas, soplador de humo para abejas\u00a0 - distribuci\u00f3n ARC<\/title>\n<meta name=\"robots\" content=\"index, follow, max-snippet:-1, max-image-preview:large, max-video-preview:-1\" \/>\n<link rel=\"canonical\" href=\"https:\/\/www.distribucionarc.com\/ro\/producto\/ahumador-para-colmenas-soplador-de-humo-para-abejas\/\" \/>\n<meta property=\"og:locale\" content=\"tr_TR\" \/>\n<meta property=\"og:type\" content=\"article\" \/>\n<meta property=\"og:title\" content=\"Ahumador para colmenas, soplador de humo para abejas\u00a0\" \/>\n<meta property=\"og:description\" content=\"Ahumador para colmenas, soplador de humo para abejas Prot\u00e9gete de las picaduras sin molestar al enjambre.\u00a0El soplador de humo ARC fabricado en acero galvanizado y piel de vacuno de alta calidad es perfecto para apicultores aficionados, principiantes y profesionales gracias a su sencillo funcionamiento. Garant\u00eda\u00a0ARC 2 A\u00d1OS soporte t\u00e9cnico\u00a0incluido\" \/>\n<meta property=\"og:url\" content=\"https:\/\/www.distribucionarc.com\/ro\/producto\/ahumador-para-colmenas-soplador-de-humo-para-abejas\/\" \/>\n<meta property=\"og:site_name\" content=\"distribuci\u00f3n ARC\" \/>\n<meta property=\"article:modified_time\" content=\"2020-09-30T10:54:15+00:00\" \/>\n<meta property=\"og:image\" content=\"https:\/\/www.distribucionarc.com\/wp-content\/uploads\/2020\/08\/Ahumador-para-colmenas-soplador-de-humo-para-abejas-2.jpg\" \/>\n\t<meta property=\"og:image:width\" content=\"1000\" \/>\n\t<meta property=\"og:image:height\" content=\"1000\" \/>\n\t<meta property=\"og:image:type\" content=\"image\/jpeg\" \/>\n<meta name=\"twitter:card\" content=\"summary_large_image\" \/>\n<meta name=\"twitter:label1\" content=\"Tahmini okuma s\u00fcresi\" \/>\n\t<meta name=\"twitter:data1\" content=\"1 dakika\" \/>\n<script type=\"application\/ld+json\" class=\"yoast-schema-graph\">{\"@context\":\"https:\/\/schema.org\",\"@graph\":[{\"@type\":\"WebPage\",\"@id\":\"https:\/\/www.distribucionarc.com\/ro\/producto\/ahumador-para-colmenas-soplador-de-humo-para-abejas\/\",\"url\":\"https:\/\/www.distribucionarc.com\/ro\/producto\/ahumador-para-colmenas-soplador-de-humo-para-abejas\/\",\"name\":\"Ahumador para colmenas, soplador de humo para abejas\u00a0 - distribuci\u00f3n ARC\",\"isPartOf\":{\"@id\":\"https:\/\/www.distribucionarc.com\/sl\/#website\"},\"primaryImageOfPage\":{\"@id\":\"https:\/\/www.distribucionarc.com\/ro\/producto\/ahumador-para-colmenas-soplador-de-humo-para-abejas\/#primaryimage\"},\"image\":{\"@id\":\"https:\/\/www.distribucionarc.com\/ro\/producto\/ahumador-para-colmenas-soplador-de-humo-para-abejas\/#primaryimage\"},\"thumbnailUrl\":\"https:\/\/distribucionarc.com\/wp-content\/uploads\/2020\/08\/Ahumador-para-colmenas-soplador-de-humo-para-abejas-2.jpg\",\"datePublished\":\"2020-08-12T12:24:14+00:00\",\"dateModified\":\"2020-09-30T10:54:15+00:00\",\"breadcrumb\":{\"@id\":\"https:\/\/www.distribucionarc.com\/ro\/producto\/ahumador-para-colmenas-soplador-de-humo-para-abejas\/#breadcrumb\"},\"inLanguage\":\"tr\",\"potentialAction\":[{\"@type\":\"ReadAction\",\"target\":[\"https:\/\/www.distribucionarc.com\/ro\/producto\/ahumador-para-colmenas-soplador-de-humo-para-abejas\/\"]}]},{\"@type\":\"ImageObject\",\"inLanguage\":\"tr\",\"@id\":\"https:\/\/www.distribucionarc.com\/ro\/producto\/ahumador-para-colmenas-soplador-de-humo-para-abejas\/#primaryimage\",\"url\":\"https:\/\/distribucionarc.com\/wp-content\/uploads\/2020\/08\/Ahumador-para-colmenas-soplador-de-humo-para-abejas-2.jpg\",\"contentUrl\":\"https:\/\/distribucionarc.com\/wp-content\/uploads\/2020\/08\/Ahumador-para-colmenas-soplador-de-humo-para-abejas-2.jpg\",\"width\":1000,\"height\":1000,\"caption\":\"Ahumador para colmenas soplador de humo para abejas\"},{\"@type\":\"BreadcrumbList\",\"@id\":\"https:\/\/www.distribucionarc.com\/ro\/producto\/ahumador-para-colmenas-soplador-de-humo-para-abejas\/#breadcrumb\",\"itemListElement\":[{\"@type\":\"ListItem\",\"position\":1,\"name\":\"Portada\",\"item\":\"https:\/\/www.distribucionarc.com\/\"},{\"@type\":\"ListItem\",\"position\":2,\"name\":\"\u00dcr\u00fcnler\",\"item\":\"https:\/\/www.distribucionarc.com\/tr\/magaza\/\"},{\"@type\":\"ListItem\",\"position\":3,\"name\":\"Ahumador para colmenas, soplador de humo para abejas\u00a0\"}]},{\"@type\":\"WebSite\",\"@id\":\"https:\/\/www.distribucionarc.com\/sl\/#website\",\"url\":\"https:\/\/www.distribucionarc.com\/sl\/\",\"name\":\"distribuci\u00f3n ARC\",\"description\":\"Empresa especializada en la fabricaci\u00f3n y distribuci\u00f3n de maquinaria industrial, selladoras de latas, Maquinas de hacer pastillas, Maquinas de cortar carne...\",\"publisher\":{\"@id\":\"https:\/\/www.distribucionarc.com\/sl\/#organization\"},\"potentialAction\":[{\"@type\":\"SearchAction\",\"target\":{\"@type\":\"EntryPoint\",\"urlTemplate\":\"https:\/\/www.distribucionarc.com\/sl\/?s={search_term_string}\"},\"query-input\":{\"@type\":\"PropertyValueSpecification\",\"valueRequired\":true,\"valueName\":\"search_term_string\"}}],\"inLanguage\":\"tr\"},{\"@type\":\"Organization\",\"@id\":\"https:\/\/www.distribucionarc.com\/sl\/#organization\",\"name\":\"Distribuci\u00f3n ARC\",\"url\":\"https:\/\/www.distribucionarc.com\/sl\/\",\"logo\":{\"@type\":\"ImageObject\",\"inLanguage\":\"tr\",\"@id\":\"https:\/\/www.distribucionarc.com\/sl\/#\/schema\/logo\/image\/\",\"url\":\"https:\/\/distribucionarc.com\/wp-content\/uploads\/2024\/10\/distribucion-ARC-COLOR-SIN-FONDO-e1732295305345.png\",\"contentUrl\":\"https:\/\/distribucionarc.com\/wp-content\/uploads\/2024\/10\/distribucion-ARC-COLOR-SIN-FONDO-e1732295305345.png\",\"width\":1164,\"height\":558,\"caption\":\"Distribuci\u00f3n ARC\"},\"image\":{\"@id\":\"https:\/\/www.distribucionarc.com\/sl\/#\/schema\/logo\/image\/\"},\"description\":\"Empresa especializada en la fabricaci\u00f3n y distribuci\u00f3n de maquinaria industrial para los sectores alimentario y farmac\u00e9utico. Nos especializamos en: M\u00e1quinas de cortar carne Fabricaci\u00f3n de comprimidos Sistemas de transporte industrial L\u00edneas de embotellado Dosificadores Y mucho m\u00e1s... Ofrecemos soluciones innovadoras y personalizadas para optimizar los procesos productivos de tu empresa.\",\"email\":\"Admistracion@distribucionarc.com\",\"telephone\":\"+34 643496664\",\"legalName\":\"ARC TECH SOLUTIONS\",\"foundingDate\":\"2024-04-09\",\"vatID\":\"B55480172\",\"numberOfEmployees\":{\"@type\":\"QuantitativeValue\",\"minValue\":\"1\",\"maxValue\":\"10\"}}]}<\/script>\n<!-- \/ Yoast SEO Premium plugin. -->","yoast_head_json":{"title":"Kovanlar i\u00e7in sigara i\u00e7ici, ar\u0131lar i\u00e7in duman \u00fcfleyici - ARC da\u011f\u0131t\u0131m\u0131","robots":{"index":"index","follow":"follow","max-snippet":"max-snippet:-1","max-image-preview":"max-image-preview:large","max-video-preview":"max-video-preview:-1"},"canonical":"https:\/\/www.distribucionarc.com\/ro\/producto\/ahumador-para-colmenas-soplador-de-humo-para-abejas\/","og_locale":"tr_TR","og_type":"article","og_title":"Ahumador para colmenas, soplador de humo para abejas\u00a0","og_description":"Ahumador para colmenas, soplador de humo para abejas Prot\u00e9gete de las picaduras sin molestar al enjambre.\u00a0El soplador de humo ARC fabricado en acero galvanizado y piel de vacuno de alta calidad es perfecto para apicultores aficionados, principiantes y profesionales gracias a su sencillo funcionamiento. Garant\u00eda\u00a0ARC 2 A\u00d1OS soporte t\u00e9cnico\u00a0incluido","og_url":"https:\/\/www.distribucionarc.com\/ro\/producto\/ahumador-para-colmenas-soplador-de-humo-para-abejas\/","og_site_name":"distribuci\u00f3n ARC","article_modified_time":"2020-09-30T10:54:15+00:00","og_image":[{"width":1000,"height":1000,"url":"https:\/\/www.distribucionarc.com\/wp-content\/uploads\/2020\/08\/Ahumador-para-colmenas-soplador-de-humo-para-abejas-2.jpg","type":"image\/jpeg"}],"twitter_card":"summary_large_image","twitter_misc":{"Tahmini okuma s\u00fcresi":"1 dakika"},"schema":{"@context":"https:\/\/schema.org","@graph":[{"@type":"WebPage","@id":"https:\/\/www.distribucionarc.com\/ro\/producto\/ahumador-para-colmenas-soplador-de-humo-para-abejas\/","url":"https:\/\/www.distribucionarc.com\/ro\/producto\/ahumador-para-colmenas-soplador-de-humo-para-abejas\/","name":"Kovanlar i\u00e7in sigara i\u00e7ici, ar\u0131lar i\u00e7in duman \u00fcfleyici - ARC da\u011f\u0131t\u0131m\u0131","isPartOf":{"@id":"https:\/\/www.distribucionarc.com\/sl\/#website"},"primaryImageOfPage":{"@id":"https:\/\/www.distribucionarc.com\/ro\/producto\/ahumador-para-colmenas-soplador-de-humo-para-abejas\/#primaryimage"},"image":{"@id":"https:\/\/www.distribucionarc.com\/ro\/producto\/ahumador-para-colmenas-soplador-de-humo-para-abejas\/#primaryimage"},"thumbnailUrl":"https:\/\/distribucionarc.com\/wp-content\/uploads\/2020\/08\/Ahumador-para-colmenas-soplador-de-humo-para-abejas-2.jpg","datePublished":"2020-08-12T12:24:14+00:00","dateModified":"2020-09-30T10:54:15+00:00","breadcrumb":{"@id":"https:\/\/www.distribucionarc.com\/ro\/producto\/ahumador-para-colmenas-soplador-de-humo-para-abejas\/#breadcrumb"},"inLanguage":"tr","potentialAction":[{"@type":"ReadAction","target":["https:\/\/www.distribucionarc.com\/ro\/producto\/ahumador-para-colmenas-soplador-de-humo-para-abejas\/"]}]},{"@type":"ImageObject","inLanguage":"tr","@id":"https:\/\/www.distribucionarc.com\/ro\/producto\/ahumador-para-colmenas-soplador-de-humo-para-abejas\/#primaryimage","url":"https:\/\/distribucionarc.com\/wp-content\/uploads\/2020\/08\/Ahumador-para-colmenas-soplador-de-humo-para-abejas-2.jpg","contentUrl":"https:\/\/distribucionarc.com\/wp-content\/uploads\/2020\/08\/Ahumador-para-colmenas-soplador-de-humo-para-abejas-2.jpg","width":1000,"height":1000,"caption":"Ahumador para colmenas soplador de humo para abejas"},{"@type":"BreadcrumbList","@id":"https:\/\/www.distribucionarc.com\/ro\/producto\/ahumador-para-colmenas-soplador-de-humo-para-abejas\/#breadcrumb","itemListElement":[{"@type":"ListItem","position":1,"name":"Portada","item":"https:\/\/www.distribucionarc.com\/"},{"@type":"ListItem","position":2,"name":"\u00dcr\u00fcnler","item":"https:\/\/www.distribucionarc.com\/tr\/magaza\/"},{"@type":"ListItem","position":3,"name":"Ahumador para colmenas, soplador de humo para abejas\u00a0"}]},{"@type":"WebSite","@id":"https:\/\/www.distribucionarc.com\/sl\/#website","url":"https:\/\/www.distribucionarc.com\/sl\/","name":"ARC da\u011f\u0131t\u0131m\u0131","description":"End\u00fcstriyel makinelerin \u00fcretimi ve da\u011f\u0131t\u0131m\u0131 konusunda uzmanla\u015fm\u0131\u015f \u015firket, kutu m\u00fch\u00fcrleme makineleri, tablet yapma makineleri, et kesme makineleri...","publisher":{"@id":"https:\/\/www.distribucionarc.com\/sl\/#organization"},"potentialAction":[{"@type":"SearchAction","target":{"@type":"EntryPoint","urlTemplate":"https:\/\/www.distribucionarc.com\/sl\/?s={search_term_string}"},"query-input":{"@type":"PropertyValueSpecification","valueRequired":true,"valueName":"search_term_string"}}],"inLanguage":"tr"},{"@type":"Organization","@id":"https:\/\/www.distribucionarc.com\/sl\/#organization","name":"ARC Da\u011f\u0131t\u0131m\u0131","url":"https:\/\/www.distribucionarc.com\/sl\/","logo":{"@type":"ImageObject","inLanguage":"tr","@id":"https:\/\/www.distribucionarc.com\/sl\/#\/schema\/logo\/image\/","url":"https:\/\/distribucionarc.com\/wp-content\/uploads\/2024\/10\/distribucion-ARC-COLOR-SIN-FONDO-e1732295305345.png","contentUrl":"https:\/\/distribucionarc.com\/wp-content\/uploads\/2024\/10\/distribucion-ARC-COLOR-SIN-FONDO-e1732295305345.png","width":1164,"height":558,"caption":"Distribuci\u00f3n ARC"},"image":{"@id":"https:\/\/www.distribucionarc.com\/sl\/#\/schema\/logo\/image\/"},"description":"\u015eirket, g\u0131da ve ila\u00e7 sekt\u00f6rleri i\u00e7in end\u00fcstriyel makine \u00fcretimi ve da\u011f\u0131t\u0131m\u0131 konusunda uzmanla\u015fm\u0131\u015ft\u0131r. Uzmanl\u0131k alanlar\u0131m\u0131z Et kesme makineleri Tablet \u00fcretimi End\u00fcstriyel ta\u015f\u0131ma sistemleri \u015ei\u015feleme hatlar\u0131 Dozajlama makineleri Ve \u00e7ok daha fazlas\u0131... \u015eirketinizin \u00fcretim s\u00fcre\u00e7lerini optimize etmek i\u00e7in yenilik\u00e7i ve \u00f6zelle\u015ftirilmi\u015f \u00e7\u00f6z\u00fcmler sunuyoruz.","email":"Admistracion@distribucionarc.com","telephone":"+34 643496664","legalName":"ARC TECH SOLUTIONS","foundingDate":"2024-04-09","vatID":"B55480172","numberOfEmployees":{"@type":"QuantitativeValue","minValue":"1","maxValue":"10"}}]}},"_links":{"self":[{"href":"https:\/\/distribucionarc.com\/tr\/wp-json\/wp\/v2\/product\/2213","targetHints":{"allow":["GET"]}}],"collection":[{"href":"https:\/\/distribucionarc.com\/tr\/wp-json\/wp\/v2\/product"}],"about":[{"href":"https:\/\/distribucionarc.com\/tr\/wp-json\/wp\/v2\/types\/product"}],"replies":[{"embeddable":true,"href":"https:\/\/distribucionarc.com\/tr\/wp-json\/wp\/v2\/comments?post=2213"}],"version-history":[{"count":0,"href":"https:\/\/distribucionarc.com\/tr\/wp-json\/wp\/v2\/product\/2213\/revisions"}],"wp:featuredmedia":[{"embeddable":true,"href":"https:\/\/distribucionarc.com\/tr\/wp-json\/wp\/v2\/media\/2216"}],"wp:attachment":[{"href":"https:\/\/distribucionarc.com\/tr\/wp-json\/wp\/v2\/media?parent=2213"}],"wp:term":[{"taxonomy":"product_brand","embeddable":true,"href":"https:\/\/distribucionarc.com\/tr\/wp-json\/wp\/v2\/product_brand?post=2213"},{"taxonomy":"product_cat","embeddable":true,"href":"https:\/\/distribucionarc.com\/tr\/wp-json\/wp\/v2\/product_cat?post=2213"},{"taxonomy":"product_tag","embeddable":true,"href":"https:\/\/distribucionarc.com\/tr\/wp-json\/wp\/v2\/product_tag?post=2213"}],"curies":[{"name":"wp","href":"https:\/\/api.w.org\/{rel}","templated":true}]}}