{"id":2304,"date":"2020-08-14T10:40:14","date_gmt":"2020-08-14T10:40:14","guid":{"rendered":"https:\/\/distribucionarc.com\/?post_type=product&#038;p=2304"},"modified":"2020-09-30T11:59:21","modified_gmt":"2020-09-30T11:59:21","slug":"drenajli-ve-1-islatma-kaplari-1-32-x-15-cm-ile-damlama-tepsisi","status":"publish","type":"product","link":"https:\/\/distribucionarc.com\/tr\/producto\/bandeja-de-goteo-con-drenaje-y-1-moja-copas-1-32-x-15-cm\/","title":{"rendered":"Drenajl\u0131 damlama tepsisi ve 1 bardak tutucu 32 x 15 cm"},"content":{"rendered":"<h3>Drenajl\u0131 damlama tepsisi ve 1 adet cam \u0131slat\u0131c\u0131 32 x 15 cm<\/h3>\n<p>Bu g\u00f6vdenin <strong>ARC bar tepsisi<\/strong> 304 paslanmaz \u00e7elikten \u00fcretilmi\u015f olup ABS rondelal\u0131 ve pirin\u00e7 su giri\u015f ve \u00e7\u0131k\u0131\u015f\u0131na sahiptir. Korozyon ve paslanmaya kar\u015f\u0131 koruma sa\u011flar.<\/p>\n<p>Sifonda su g\u00fcvenli\u011fini sa\u011flamak i\u00e7in tam 304 paslanmaz \u00e7elik vana kullan\u0131lmaktad\u0131r. \u00c7ok boyutlu temizlik ve maksimum temizlik sa\u011flayan be\u015f adet g\u00fc\u00e7l\u00fc su p\u00fcsk\u00fcrtme deli\u011fine sahiptir.<\/p>\n<p>Bardaklar, sadece cam\u0131n i\u00e7ine yerle\u015ftirilerek her y\u00f6nden temizlenebilir. <strong>buharl\u0131 kavanoz y\u0131kama makinesi<\/strong> tek elle. Bu <strong>bardak y\u0131kama makinesi <span style=\"color: #ff0000;\">\u0130LE<\/span><span style=\"color: #0000ff;\">R<\/span>CBGV100<\/strong> Bar\u0131n b\u00fcy\u00fckl\u00fc\u011f\u00fcne g\u00f6re m\u00fckemmel bir \u015fekilde entegre edilebilen, daha fazla alan sa\u011flayan yerle\u015fik bir tasar\u0131ma sahiptir.<\/p>\n<h6><strong>Garanti\u00a0<\/strong><span style=\"color: #ff0000;\"><strong>\u0130LE<\/strong><\/span><span style=\"color: #0000ff;\"><strong>R<\/strong><\/span><strong>\u00c7 2 YIL<\/strong><\/h6>\n<h6><strong>teknik destek dahil<\/strong><\/h6>\n<p>&nbsp;<\/p>\n<table width=\"100%\">\n<tbody>\n<tr>\n<td>Adam:<\/td>\n<td width=\"50%\">Manuel<\/td>\n<td colspan=\"2\" width=\"327\"><\/td>\n<\/tr>\n<tr>\n<td>Da\u011f\u0131t\u0131m \u00fclkesi:<\/td>\n<td width=\"50%\">\u0130spanya, Almanya, ABD<\/td>\n<td>A\u011f\u0131rl\u0131k:<\/td>\n<td width=\"50%\">650 gr<\/td>\n<\/tr>\n<tr>\n<td>Marka:<\/td>\n<td width=\"50%\">ARK<\/td>\n<td>Y\u00fckseklik:<\/td>\n<td width=\"50%\">3 cm<\/td>\n<\/tr>\n<tr>\n<td>Renk:<\/td>\n<td width=\"50%\">G\u00fcm\u00fc\u015f<\/td>\n<td>Uzun:<\/td>\n<td width=\"50%\">32,8 cm<\/td>\n<\/tr>\n<tr>\n<td>\u00dcr\u00fcn tipi:<\/td>\n<td width=\"50%\">Damlama tepsisi<\/td>\n<td>Geni\u015f:<\/td>\n<td width=\"50%\">15,5 cm<\/td>\n<\/tr>\n<tr>\n<td>\u00dcretici numaras\u0131:<\/td>\n<td width=\"50%\">ARCBGV100<\/td>\n<td>Cam temizleme \u00e7ap\u0131:<\/td>\n<td width=\"50%\">11,5 cm<\/td>\n<\/tr>\n<tr>\n<td>Malzeme:<\/td>\n<td width=\"50%\">G\u0131da s\u0131n\u0131f\u0131 paslanmaz \u00e7elik 304<\/td>\n<td>Damlama Tepsisi:<\/td>\n<td width=\"50%\">30,8 x 15,2 cm<\/td>\n<\/tr>\n<tr>\n<td>Kurulum arac\u0131:<\/td>\n<td width=\"50%\">2 x su giri\u015f ve \u00e7\u0131k\u0131\u015f borusu<\/p>\n<p>2 x d\u00f6n\u00fc\u015ft\u00fcrme adapt\u00f6r\u00fc<\/td>\n<td>Tavsiye edilen su bas\u0131nc\u0131:<\/td>\n<td width=\"50%\">15-30 PSI<\/td>\n<\/tr>\n<tr>\n<td>Garanti:<\/td>\n<td width=\"50%\">2 YIL<\/td>\n<td>Malzeme kal\u0131nl\u0131\u011f\u0131:<\/td>\n<td width=\"50%\">0,12 cm<\/td>\n<\/tr>\n<\/tbody>\n<\/table>","protected":false},"excerpt":{"rendered":"<h2>Drenajl\u0131 damlama tepsisi ve 1 adet cam \u0131slat\u0131c\u0131 32 x 15 cm<\/h2>\n<p>Bu<strong> cam y\u0131kama makinesi <span style=\"color: #ff0000;\">\u0130LE<\/span><span style=\"color: #0000ff;\">R<\/span>C<\/strong> 12 cm&#039;den k\u00fc\u00e7\u00fck \u00e7apl\u0131 her t\u00fcrl\u00fc bardak ve kaplar\u0131n temizli\u011finde etkili bir durulama aletidir. Geleneksel el y\u0131kamaya k\u0131yasla %&#039;den fazla su tasarrufu sa\u011flar. 5 adet g\u00fc\u00e7l\u00fc su p\u00fcsk\u00fcrtme deli\u011fi ile bardaklar\u0131n\u0131z 3 saniyede temizlenir.<\/p>\n<h6><strong>Garanti\u00a0<\/strong><span style=\"color: #ff0000;\"><strong>\u0130LE<\/strong><\/span><span style=\"color: #0000ff;\"><strong>R<\/strong><\/span><strong>\u00c7 2 YIL<\/strong><\/h6>\n<h6><strong>teknik destek dahil<\/strong><\/h6>","protected":false},"featured_media":2311,"comment_status":"open","ping_status":"closed","template":"","meta":{"wds_primary_product_brand":0,"wds_primary_product_cat":0},"product_brand":[],"product_cat":[64],"product_tag":[],"class_list":{"0":"post-2304","1":"product","2":"type-product","3":"status-publish","4":"has-post-thumbnail","6":"product_cat-fregaderos-mesas-de-apoyo-mesones-de-trabajo","7":"product_shipping_class-hosteleria","9":"first","10":"instock","11":"sale","12":"taxable","13":"shipping-taxable","14":"purchasable","15":"product-type-simple"},"yoast_head":"<!-- This site is optimized with the Yoast SEO Premium plugin v24.9 (Yoast SEO v26.1) - https:\/\/yoast.com\/wordpress\/plugins\/seo\/ -->\n<title>Bandeja de goteo con drenaje y 1 moja copas 32 x 15 cm - distribuci\u00f3n ARC<\/title>\n<meta name=\"robots\" content=\"index, follow, max-snippet:-1, max-image-preview:large, max-video-preview:-1\" \/>\n<link rel=\"canonical\" href=\"https:\/\/www.distribucionarc.com\/el\/producto\/bandeja-de-goteo-con-drenaje-y-1-moja-copas-1-32-x-15-cm\/\" \/>\n<meta property=\"og:locale\" content=\"tr_TR\" \/>\n<meta property=\"og:type\" content=\"article\" \/>\n<meta property=\"og:title\" content=\"Bandeja de goteo con drenaje y 1 moja copas 32 x 15 cm\" \/>\n<meta property=\"og:description\" content=\"Bandeja de goteo con drenaje y\u00a0 1 moja copas \u00a032 x 15 cm Esta lavadora de vidrio ARC para enjuague es una herramienta eficiente para la limpieza de todo tipo de vasos y recipientes con un di\u00e1metro inferior a 12 cm. Ofrece m\u00e1s del 80% de ahorro de agua en comparaci\u00f3n con el lavado de manos convencional. Con 5 potentes orificios de pulverizaci\u00f3n de agua, sus vasos se limpian en 3 segundos. Garant\u00eda\u00a0ARC 2 A\u00d1OS soporte t\u00e9cnico\u00a0incluido\" \/>\n<meta property=\"og:url\" content=\"https:\/\/www.distribucionarc.com\/el\/producto\/bandeja-de-goteo-con-drenaje-y-1-moja-copas-1-32-x-15-cm\/\" \/>\n<meta property=\"og:site_name\" content=\"distribuci\u00f3n ARC\" \/>\n<meta property=\"article:modified_time\" content=\"2020-09-30T11:59:21+00:00\" \/>\n<meta property=\"og:image\" content=\"https:\/\/www.distribucionarc.com\/wp-content\/uploads\/2020\/08\/Bandeja-de-goteo-con-drenaje-y-1-moja-copas-1-32-x-15-cm-0.jpg\" \/>\n\t<meta property=\"og:image:width\" content=\"1600\" \/>\n\t<meta property=\"og:image:height\" content=\"1600\" \/>\n\t<meta property=\"og:image:type\" content=\"image\/jpeg\" \/>\n<meta name=\"twitter:card\" content=\"summary_large_image\" \/>\n<meta name=\"twitter:label1\" content=\"Tahmini okuma s\u00fcresi\" \/>\n\t<meta name=\"twitter:data1\" content=\"1 dakika\" \/>\n<script type=\"application\/ld+json\" class=\"yoast-schema-graph\">{\"@context\":\"https:\/\/schema.org\",\"@graph\":[{\"@type\":\"WebPage\",\"@id\":\"https:\/\/www.distribucionarc.com\/el\/producto\/bandeja-de-goteo-con-drenaje-y-1-moja-copas-1-32-x-15-cm\/\",\"url\":\"https:\/\/www.distribucionarc.com\/el\/producto\/bandeja-de-goteo-con-drenaje-y-1-moja-copas-1-32-x-15-cm\/\",\"name\":\"Bandeja de goteo con drenaje y 1 moja copas 32 x 15 cm - distribuci\u00f3n ARC\",\"isPartOf\":{\"@id\":\"https:\/\/distribucionarc.com\/sk\/#website\"},\"primaryImageOfPage\":{\"@id\":\"https:\/\/www.distribucionarc.com\/el\/producto\/bandeja-de-goteo-con-drenaje-y-1-moja-copas-1-32-x-15-cm\/#primaryimage\"},\"image\":{\"@id\":\"https:\/\/www.distribucionarc.com\/el\/producto\/bandeja-de-goteo-con-drenaje-y-1-moja-copas-1-32-x-15-cm\/#primaryimage\"},\"thumbnailUrl\":\"https:\/\/distribucionarc.com\/wp-content\/uploads\/2020\/08\/Bandeja-de-goteo-con-drenaje-y-1-moja-copas-1-32-x-15-cm-0.jpg\",\"datePublished\":\"2020-08-14T10:40:14+00:00\",\"dateModified\":\"2020-09-30T11:59:21+00:00\",\"breadcrumb\":{\"@id\":\"https:\/\/www.distribucionarc.com\/el\/producto\/bandeja-de-goteo-con-drenaje-y-1-moja-copas-1-32-x-15-cm\/#breadcrumb\"},\"inLanguage\":\"tr\",\"potentialAction\":[{\"@type\":\"ReadAction\",\"target\":[\"https:\/\/www.distribucionarc.com\/el\/producto\/bandeja-de-goteo-con-drenaje-y-1-moja-copas-1-32-x-15-cm\/\"]}]},{\"@type\":\"ImageObject\",\"inLanguage\":\"tr\",\"@id\":\"https:\/\/www.distribucionarc.com\/el\/producto\/bandeja-de-goteo-con-drenaje-y-1-moja-copas-1-32-x-15-cm\/#primaryimage\",\"url\":\"https:\/\/distribucionarc.com\/wp-content\/uploads\/2020\/08\/Bandeja-de-goteo-con-drenaje-y-1-moja-copas-1-32-x-15-cm-0.jpg\",\"contentUrl\":\"https:\/\/distribucionarc.com\/wp-content\/uploads\/2020\/08\/Bandeja-de-goteo-con-drenaje-y-1-moja-copas-1-32-x-15-cm-0.jpg\",\"width\":1600,\"height\":1600,\"caption\":\"Bandeja de goteo con drenaje y 1 moja copas 1 32 x 15 cm\"},{\"@type\":\"BreadcrumbList\",\"@id\":\"https:\/\/www.distribucionarc.com\/el\/producto\/bandeja-de-goteo-con-drenaje-y-1-moja-copas-1-32-x-15-cm\/#breadcrumb\",\"itemListElement\":[{\"@type\":\"ListItem\",\"position\":1,\"name\":\"Portada\",\"item\":\"https:\/\/distribucionarc.com\/ro\/\"},{\"@type\":\"ListItem\",\"position\":2,\"name\":\"Produse\",\"item\":\"https:\/\/distribucionarc.com\/ro\/magazin\/\"},{\"@type\":\"ListItem\",\"position\":3,\"name\":\"Bandeja de goteo con drenaje y 1 moja copas 32 x 15 cm\"}]},{\"@type\":\"WebSite\",\"@id\":\"https:\/\/distribucionarc.com\/sk\/#website\",\"url\":\"https:\/\/distribucionarc.com\/sk\/\",\"name\":\"distribuci\u00f3n ARC\",\"description\":\"Empresa especializada en la fabricaci\u00f3n y distribuci\u00f3n de maquinaria industrial, selladoras de latas, Maquinas de hacer pastillas, Maquinas de cortar carne...\",\"publisher\":{\"@id\":\"https:\/\/distribucionarc.com\/sk\/#organization\"},\"potentialAction\":[{\"@type\":\"SearchAction\",\"target\":{\"@type\":\"EntryPoint\",\"urlTemplate\":\"https:\/\/distribucionarc.com\/sk\/?s={search_term_string}\"},\"query-input\":{\"@type\":\"PropertyValueSpecification\",\"valueRequired\":true,\"valueName\":\"search_term_string\"}}],\"inLanguage\":\"tr\"},{\"@type\":\"Organization\",\"@id\":\"https:\/\/distribucionarc.com\/sk\/#organization\",\"name\":\"Distribuci\u00f3n ARC\",\"url\":\"https:\/\/distribucionarc.com\/sk\/\",\"logo\":{\"@type\":\"ImageObject\",\"inLanguage\":\"tr\",\"@id\":\"https:\/\/distribucionarc.com\/sk\/#\/schema\/logo\/image\/\",\"url\":\"https:\/\/distribucionarc.com\/wp-content\/uploads\/2024\/10\/distribucion-ARC-COLOR-SIN-FONDO-e1732295305345.png\",\"contentUrl\":\"https:\/\/distribucionarc.com\/wp-content\/uploads\/2024\/10\/distribucion-ARC-COLOR-SIN-FONDO-e1732295305345.png\",\"width\":1164,\"height\":558,\"caption\":\"Distribuci\u00f3n ARC\"},\"image\":{\"@id\":\"https:\/\/distribucionarc.com\/sk\/#\/schema\/logo\/image\/\"},\"description\":\"Empresa especializada en la fabricaci\u00f3n y distribuci\u00f3n de maquinaria industrial para los sectores alimentario y farmac\u00e9utico. Nos especializamos en: M\u00e1quinas de cortar carne Fabricaci\u00f3n de comprimidos Sistemas de transporte industrial L\u00edneas de embotellado Dosificadores Y mucho m\u00e1s... Ofrecemos soluciones innovadoras y personalizadas para optimizar los procesos productivos de tu empresa.\",\"email\":\"Admistracion@distribucionarc.com\",\"telephone\":\"+34 643496664\",\"legalName\":\"ARC TECH SOLUTIONS\",\"foundingDate\":\"2024-04-09\",\"vatID\":\"B55480172\",\"numberOfEmployees\":{\"@type\":\"QuantitativeValue\",\"minValue\":\"1\",\"maxValue\":\"10\"}}]}<\/script>\n<!-- \/ Yoast SEO Premium plugin. -->","yoast_head_json":{"title":"Drenajl\u0131 damlama tepsisi ve 1 adet cam \u0131slat\u0131c\u0131 32 x 15 cm - ARC da\u011f\u0131l\u0131m\u0131","robots":{"index":"index","follow":"follow","max-snippet":"max-snippet:-1","max-image-preview":"max-image-preview:large","max-video-preview":"max-video-preview:-1"},"canonical":"https:\/\/www.distribucionarc.com\/el\/producto\/bandeja-de-goteo-con-drenaje-y-1-moja-copas-1-32-x-15-cm\/","og_locale":"tr_TR","og_type":"article","og_title":"Bandeja de goteo con drenaje y 1 moja copas 32 x 15 cm","og_description":"Bandeja de goteo con drenaje y\u00a0 1 moja copas \u00a032 x 15 cm Esta lavadora de vidrio ARC para enjuague es una herramienta eficiente para la limpieza de todo tipo de vasos y recipientes con un di\u00e1metro inferior a 12 cm. Ofrece m\u00e1s del 80% de ahorro de agua en comparaci\u00f3n con el lavado de manos convencional. Con 5 potentes orificios de pulverizaci\u00f3n de agua, sus vasos se limpian en 3 segundos. Garant\u00eda\u00a0ARC 2 A\u00d1OS soporte t\u00e9cnico\u00a0incluido","og_url":"https:\/\/www.distribucionarc.com\/el\/producto\/bandeja-de-goteo-con-drenaje-y-1-moja-copas-1-32-x-15-cm\/","og_site_name":"distribuci\u00f3n ARC","article_modified_time":"2020-09-30T11:59:21+00:00","og_image":[{"width":1600,"height":1600,"url":"https:\/\/www.distribucionarc.com\/wp-content\/uploads\/2020\/08\/Bandeja-de-goteo-con-drenaje-y-1-moja-copas-1-32-x-15-cm-0.jpg","type":"image\/jpeg"}],"twitter_card":"summary_large_image","twitter_misc":{"Tahmini okuma s\u00fcresi":"1 dakika"},"schema":{"@context":"https:\/\/schema.org","@graph":[{"@type":"WebPage","@id":"https:\/\/www.distribucionarc.com\/el\/producto\/bandeja-de-goteo-con-drenaje-y-1-moja-copas-1-32-x-15-cm\/","url":"https:\/\/www.distribucionarc.com\/el\/producto\/bandeja-de-goteo-con-drenaje-y-1-moja-copas-1-32-x-15-cm\/","name":"Drenajl\u0131 damlama tepsisi ve 1 adet cam \u0131slat\u0131c\u0131 32 x 15 cm - ARC da\u011f\u0131l\u0131m\u0131","isPartOf":{"@id":"https:\/\/distribucionarc.com\/sk\/#website"},"primaryImageOfPage":{"@id":"https:\/\/www.distribucionarc.com\/el\/producto\/bandeja-de-goteo-con-drenaje-y-1-moja-copas-1-32-x-15-cm\/#primaryimage"},"image":{"@id":"https:\/\/www.distribucionarc.com\/el\/producto\/bandeja-de-goteo-con-drenaje-y-1-moja-copas-1-32-x-15-cm\/#primaryimage"},"thumbnailUrl":"https:\/\/distribucionarc.com\/wp-content\/uploads\/2020\/08\/Bandeja-de-goteo-con-drenaje-y-1-moja-copas-1-32-x-15-cm-0.jpg","datePublished":"2020-08-14T10:40:14+00:00","dateModified":"2020-09-30T11:59:21+00:00","breadcrumb":{"@id":"https:\/\/www.distribucionarc.com\/el\/producto\/bandeja-de-goteo-con-drenaje-y-1-moja-copas-1-32-x-15-cm\/#breadcrumb"},"inLanguage":"tr","potentialAction":[{"@type":"ReadAction","target":["https:\/\/www.distribucionarc.com\/el\/producto\/bandeja-de-goteo-con-drenaje-y-1-moja-copas-1-32-x-15-cm\/"]}]},{"@type":"ImageObject","inLanguage":"tr","@id":"https:\/\/www.distribucionarc.com\/el\/producto\/bandeja-de-goteo-con-drenaje-y-1-moja-copas-1-32-x-15-cm\/#primaryimage","url":"https:\/\/distribucionarc.com\/wp-content\/uploads\/2020\/08\/Bandeja-de-goteo-con-drenaje-y-1-moja-copas-1-32-x-15-cm-0.jpg","contentUrl":"https:\/\/distribucionarc.com\/wp-content\/uploads\/2020\/08\/Bandeja-de-goteo-con-drenaje-y-1-moja-copas-1-32-x-15-cm-0.jpg","width":1600,"height":1600,"caption":"Bandeja de goteo con drenaje y 1 moja copas 1 32 x 15 cm"},{"@type":"BreadcrumbList","@id":"https:\/\/www.distribucionarc.com\/el\/producto\/bandeja-de-goteo-con-drenaje-y-1-moja-copas-1-32-x-15-cm\/#breadcrumb","itemListElement":[{"@type":"ListItem","position":1,"name":"Portada","item":"https:\/\/distribucionarc.com\/ro\/"},{"@type":"ListItem","position":2,"name":"Produse","item":"https:\/\/distribucionarc.com\/ro\/magazin\/"},{"@type":"ListItem","position":3,"name":"Bandeja de goteo con drenaje y 1 moja copas 32 x 15 cm"}]},{"@type":"WebSite","@id":"https:\/\/distribucionarc.com\/sk\/#website","url":"https:\/\/distribucionarc.com\/sk\/","name":"ARC da\u011f\u0131t\u0131m\u0131","description":"End\u00fcstriyel makinelerin \u00fcretimi ve da\u011f\u0131t\u0131m\u0131 konusunda uzmanla\u015fm\u0131\u015f \u015firket, kutu m\u00fch\u00fcrleme makineleri, tablet yapma makineleri, et kesme makineleri...","publisher":{"@id":"https:\/\/distribucionarc.com\/sk\/#organization"},"potentialAction":[{"@type":"SearchAction","target":{"@type":"EntryPoint","urlTemplate":"https:\/\/distribucionarc.com\/sk\/?s={search_term_string}"},"query-input":{"@type":"PropertyValueSpecification","valueRequired":true,"valueName":"search_term_string"}}],"inLanguage":"tr"},{"@type":"Organization","@id":"https:\/\/distribucionarc.com\/sk\/#organization","name":"ARC Da\u011f\u0131t\u0131m\u0131","url":"https:\/\/distribucionarc.com\/sk\/","logo":{"@type":"ImageObject","inLanguage":"tr","@id":"https:\/\/distribucionarc.com\/sk\/#\/schema\/logo\/image\/","url":"https:\/\/distribucionarc.com\/wp-content\/uploads\/2024\/10\/distribucion-ARC-COLOR-SIN-FONDO-e1732295305345.png","contentUrl":"https:\/\/distribucionarc.com\/wp-content\/uploads\/2024\/10\/distribucion-ARC-COLOR-SIN-FONDO-e1732295305345.png","width":1164,"height":558,"caption":"Distribuci\u00f3n ARC"},"image":{"@id":"https:\/\/distribucionarc.com\/sk\/#\/schema\/logo\/image\/"},"description":"\u015eirket, g\u0131da ve ila\u00e7 sekt\u00f6rleri i\u00e7in end\u00fcstriyel makine \u00fcretimi ve da\u011f\u0131t\u0131m\u0131 konusunda uzmanla\u015fm\u0131\u015ft\u0131r. Uzmanl\u0131k alanlar\u0131m\u0131z Et kesme makineleri Tablet \u00fcretimi End\u00fcstriyel ta\u015f\u0131ma sistemleri \u015ei\u015feleme hatlar\u0131 Dozajlama makineleri Ve \u00e7ok daha fazlas\u0131... \u015eirketinizin \u00fcretim s\u00fcre\u00e7lerini optimize etmek i\u00e7in yenilik\u00e7i ve \u00f6zelle\u015ftirilmi\u015f \u00e7\u00f6z\u00fcmler sunuyoruz.","email":"Admistracion@distribucionarc.com","telephone":"+34 643496664","legalName":"ARC TECH SOLUTIONS","foundingDate":"2024-04-09","vatID":"B55480172","numberOfEmployees":{"@type":"QuantitativeValue","minValue":"1","maxValue":"10"}}]}},"_links":{"self":[{"href":"https:\/\/distribucionarc.com\/tr\/wp-json\/wp\/v2\/product\/2304","targetHints":{"allow":["GET"]}}],"collection":[{"href":"https:\/\/distribucionarc.com\/tr\/wp-json\/wp\/v2\/product"}],"about":[{"href":"https:\/\/distribucionarc.com\/tr\/wp-json\/wp\/v2\/types\/product"}],"replies":[{"embeddable":true,"href":"https:\/\/distribucionarc.com\/tr\/wp-json\/wp\/v2\/comments?post=2304"}],"version-history":[{"count":0,"href":"https:\/\/distribucionarc.com\/tr\/wp-json\/wp\/v2\/product\/2304\/revisions"}],"wp:featuredmedia":[{"embeddable":true,"href":"https:\/\/distribucionarc.com\/tr\/wp-json\/wp\/v2\/media\/2311"}],"wp:attachment":[{"href":"https:\/\/distribucionarc.com\/tr\/wp-json\/wp\/v2\/media?parent=2304"}],"wp:term":[{"taxonomy":"product_brand","embeddable":true,"href":"https:\/\/distribucionarc.com\/tr\/wp-json\/wp\/v2\/product_brand?post=2304"},{"taxonomy":"product_cat","embeddable":true,"href":"https:\/\/distribucionarc.com\/tr\/wp-json\/wp\/v2\/product_cat?post=2304"},{"taxonomy":"product_tag","embeddable":true,"href":"https:\/\/distribucionarc.com\/tr\/wp-json\/wp\/v2\/product_tag?post=2304"}],"curies":[{"name":"wp","href":"https:\/\/api.w.org\/{rel}","templated":true}]}}