{"id":2348,"date":"2020-08-14T14:55:58","date_gmt":"2020-08-14T14:55:58","guid":{"rendered":"https:\/\/distribucionarc.com\/?post_type=product&#038;p=2348"},"modified":"2023-05-06T18:00:37","modified_gmt":"2023-05-06T18:00:37","slug":"profesyonel-et-dilimleyici","status":"publish","type":"product","link":"https:\/\/distribucionarc.com\/tr\/producto\/cortadora-de-fiambre-profesional\/","title":{"rendered":"Profesyonel et dilimleyici"},"content":{"rendered":"<h3>Profesyonel et dilimleyici<\/h3>\n<p>Bu <strong>dilimleme makinesi <span style=\"color: #ff0000;\">\u0130LE<\/span><span style=\"color: #0000ff;\">R<\/span>C<\/strong> Y\u00fcksek kaliteli d\u00f6kme al\u00fcminyum g\u00f6vde ve 304 sertle\u015ftirilmi\u015f paslanmaz \u00e7elik b\u0131\u00e7aktan yap\u0131lm\u0131\u015ft\u0131r. Pas ve korozyona kar\u015f\u0131 dayan\u0131kl\u0131d\u0131r. Bu ultra keskin b\u0131\u00e7akla et kolayl\u0131kla kesilebilir. Yar\u0131k kesme y\u00fczeyi etin b\u0131\u00e7a\u011fa yap\u0131\u015fmas\u0131n\u0131 etkili bir \u015fekilde \u00f6nler.<\/p>\n<p>Kal\u0131nl\u0131k reg\u00fclat\u00f6r\u00fc sayesinde her sosis i\u00e7in istedi\u011finiz kal\u0131nl\u0131\u011f\u0131 (1 -16mm) aras\u0131ndan se\u00e7ebilirsiniz. <strong>et dilimleyici <span style=\"color: #ff0000;\">\u0130LE<\/span><span style=\"color: #0000ff;\">R<\/span>CCEF1<\/strong> etin sabit bir \u015fekilde tak\u0131lmas\u0131n\u0131 sa\u011flamak i\u00e7in aktif bir iticinin yan\u0131 s\u0131ra et i\u00e7in kullan\u0131m\u0131 kolay bir sapla birlikte gelir<strong> eti zahmetsizce kes<\/strong>.<\/p>\n<p>Kaymaz lastik ayaklar kesme s\u0131ras\u0131nda stabilite sa\u011flar ve <strong>\u015eeffaf kalkan parmaklar\u0131n\u0131z\u0131n b\u0131\u00e7a\u011fa yakla\u015fmas\u0131n\u0131 \u00f6nler<\/strong>; Switch, g\u00fcvenlik i\u00e7in bir kapak i\u00e7erir. B\u0131\u00e7a\u011f\u0131 g\u00fcvenli ve rahat bir \u015fekilde keskinle\u015ftirmek i\u00e7in bir kalemt\u0131ra\u015f i\u00e7erir.<\/p>\n<h6>Garanti<strong>\u00a0<\/strong><span style=\"color: #ff0000;\"><strong>\u0130LE<\/strong><\/span><span style=\"color: #0000ff;\"><strong>R<\/strong><\/span><strong>\u00c7 2 YIL<\/strong><\/h6>\n<h6><span style=\"color: #008000;\">daha verimli, d\u00fc\u015f\u00fck t\u00fcketimli motor 230 W<\/span><\/h6>\n<h6>teknik destek dahildir.<\/h6>\n<p>&nbsp;<\/p>\n<table role=\"presentation\" width=\"100%\" cellspacing=\"0\" cellpadding=\"0\">\n<tbody>\n<tr>\n<td class=\"attrLabels\">Garanti:<\/td>\n<td width=\"50.0%\">2 YIL<\/td>\n<\/tr>\n<tr>\n<td class=\"attrLabels\">Renk:<\/td>\n<td width=\"50.0%\">G\u00fcm\u00fc\u015f<\/td>\n<td class=\"attrLabels\">Y\u00fckseklik:<\/td>\n<td width=\"50.0%\">52cm<\/td>\n<\/tr>\n<tr>\n<td class=\"attrLabels\">Da\u011f\u0131t\u0131m \u00fclkesi:<\/td>\n<td width=\"50.0%\">\u0130spanya, Almanya, ABD<\/td>\n<td class=\"attrLabels\">Uzun:<\/td>\n<td width=\"50.0%\">58cm<\/td>\n<\/tr>\n<tr>\n<td class=\"attrLabels\">Marka:<\/td>\n<td width=\"50.0%\">ARK<\/td>\n<td class=\"attrLabels\">Geni\u015f:<\/td>\n<td width=\"50.0%\">\u00a046cm<\/td>\n<\/tr>\n<tr>\n<td class=\"attrLabels\">\u00dcr\u00fcn tipi:<\/td>\n<td width=\"50.0%\">Meyve ve sebze i\u015flemcisi<\/td>\n<td class=\"attrLabels\">G\u00fc\u00e7:<\/td>\n<td width=\"50.0%\">230W<\/td>\n<\/tr>\n<tr>\n<td class=\"attrLabels\">\u00dcretici numaras\u0131:<\/td>\n<td width=\"50.0%\"><\/td>\n<td class=\"attrLabels\">Gerilim:<\/td>\n<td width=\"50.0%\">220V 50Hz<\/td>\n<\/tr>\n<tr>\n<td class=\"attrLabels\">Malzeme:<\/td>\n<td width=\"50.0%\">304 paslanmaz \u00e7elik<\/td>\n<td class=\"attrLabels\">Kesme kal\u0131nl\u0131\u011f\u0131:<\/td>\n<td width=\"50.0%\">0,1 \u2013 1,6 cm<\/td>\n<\/tr>\n<tr>\n<td class=\"attrLabels\">Kurulum ara\u00e7lar\u0131:<\/td>\n<td width=\"50.0%\">Evet<\/td>\n<td class=\"attrLabels\">Kesme \u0130nme:<\/td>\n<td width=\"50.0%\">22cm<\/td>\n<\/tr>\n<tr>\n<td class=\"attrLabels\">A\u011f\u0131rl\u0131k:<\/td>\n<td width=\"50.0%\">22 kg<\/td>\n<td class=\"attrLabels\">Yaprak Boyutu:<\/td>\n<td width=\"50.0%\">12 (30cm)<\/td>\n<\/tr>\n<\/tbody>\n<\/table>","protected":false},"excerpt":{"rendered":"<h2>Profesyonel et dilimleyici<\/h2>\n<p>Bu kesici <strong>profesyonel etler <span style=\"color: #ff0000;\">\u0130LE<\/span><span style=\"color: #0000ff;\">R<\/span>C<\/strong> D\u00f6kme al\u00fcminyum ve sertle\u015ftirilmi\u015f 304 paslanmaz \u00e7elikten yap\u0131lm\u0131\u015f, boyal\u0131 y\u00fczeyli, korozyona ve paslanmaya kar\u015f\u0131 dayan\u0131kl\u0131d\u0131r. Et dilimleyici kesimlerinin kal\u0131nl\u0131\u011f\u0131n\u0131 ayarlayabilir, dilimleyicilerin kal\u0131nl\u0131\u011f\u0131n\u0131 (1-16mm) aras\u0131nda ayarlayabilirsiniz.<\/p>\n<h6>Garanti<strong>\u00a0<\/strong><span style=\"color: #ff0000;\"><strong>\u0130LE<\/strong><\/span><span style=\"color: #0000ff;\"><strong>R<\/strong><\/span><strong>\u00c7 2 YIL<\/strong><\/h6>\n<h6><span style=\"color: #008000;\">en verimli d\u00fc\u015f\u00fck t\u00fcketimli motor 230 w<\/span><\/h6>\n<h6>teknik destek dahildir.<\/h6>","protected":false},"featured_media":2356,"comment_status":"open","ping_status":"closed","template":"","meta":{"wds_primary_product_brand":0,"wds_primary_product_cat":0},"product_brand":[],"product_cat":[266],"product_tag":[],"class_list":{"0":"post-2348","1":"product","2":"type-product","3":"status-publish","4":"has-post-thumbnail","6":"product_cat-accessories","7":"product_shipping_class-hosteleria","9":"first","10":"instock","11":"sale","12":"taxable","13":"shipping-taxable","14":"purchasable","15":"product-type-simple"},"yoast_head":"<!-- This site is optimized with the Yoast SEO Premium plugin v24.9 (Yoast SEO v26.1) - https:\/\/yoast.com\/wordpress\/plugins\/seo\/ -->\n<title>Cortadora de fiambre profesional - distribuci\u00f3n ARC<\/title>\n<meta name=\"robots\" content=\"index, follow, max-snippet:-1, max-image-preview:large, max-video-preview:-1\" \/>\n<link rel=\"canonical\" href=\"https:\/\/distribucionarc.com\/tr\/urun\/profesyonel-et-dilimleyici\/\" \/>\n<meta property=\"og:locale\" content=\"tr_TR\" \/>\n<meta property=\"og:type\" content=\"article\" \/>\n<meta property=\"og:title\" content=\"Cortadora de fiambre profesional\" \/>\n<meta property=\"og:description\" content=\"Cortadora de fiambre profesional Esta cortadora de carnes profesional ARC est\u00e1 hecha de aluminio fundido y acero inoxidable 304 endurecido, con superficie pintada, anticorrosi\u00f3n y antioxidante. Ajuste el grosor de los cortes del cortador de carne, capaz de ajustar el espesor de las rebanadoras entre (1-16mm). Garant\u00eda\u00a0ARC 2 A\u00d1OS motor m\u00e1s eficiente bajo consumo 230 w soporte t\u00e9cnico\u00a0incluido.\" \/>\n<meta property=\"og:url\" content=\"https:\/\/distribucionarc.com\/tr\/urun\/profesyonel-et-dilimleyici\/\" \/>\n<meta property=\"og:site_name\" content=\"distribuci\u00f3n ARC\" \/>\n<meta property=\"article:modified_time\" content=\"2023-05-06T18:00:37+00:00\" \/>\n<meta property=\"og:image\" content=\"https:\/\/distribucionarc.com\/wp-content\/uploads\/2020\/08\/Cortadora-de-fiambre-profesional-0.jpg\" \/>\n\t<meta property=\"og:image:width\" content=\"1600\" \/>\n\t<meta property=\"og:image:height\" content=\"1600\" \/>\n\t<meta property=\"og:image:type\" content=\"image\/jpeg\" \/>\n<meta name=\"twitter:card\" content=\"summary_large_image\" \/>\n<meta name=\"twitter:label1\" content=\"Tahmini okuma s\u00fcresi\" \/>\n\t<meta name=\"twitter:data1\" content=\"1 dakika\" \/>\n<script type=\"application\/ld+json\" class=\"yoast-schema-graph\">{\"@context\":\"https:\/\/schema.org\",\"@graph\":[{\"@type\":\"WebPage\",\"@id\":\"https:\/\/distribucionarc.com\/sl\/producto\/cortadora-de-fiambre-profesional\/\",\"url\":\"https:\/\/distribucionarc.com\/sl\/producto\/cortadora-de-fiambre-profesional\/\",\"name\":\"Cortadora de fiambre profesional - distribuci\u00f3n ARC\",\"isPartOf\":{\"@id\":\"https:\/\/distribucionarc.com\/de\/#website\"},\"primaryImageOfPage\":{\"@id\":\"https:\/\/distribucionarc.com\/sl\/producto\/cortadora-de-fiambre-profesional\/#primaryimage\"},\"image\":{\"@id\":\"https:\/\/distribucionarc.com\/sl\/producto\/cortadora-de-fiambre-profesional\/#primaryimage\"},\"thumbnailUrl\":\"https:\/\/distribucionarc.com\/wp-content\/uploads\/2020\/08\/Cortadora-de-fiambre-profesional-0.jpg\",\"datePublished\":\"2020-08-14T14:55:58+00:00\",\"dateModified\":\"2023-05-06T18:00:37+00:00\",\"breadcrumb\":{\"@id\":\"https:\/\/distribucionarc.com\/sl\/producto\/cortadora-de-fiambre-profesional\/#breadcrumb\"},\"inLanguage\":\"tr\",\"potentialAction\":[{\"@type\":\"ReadAction\",\"target\":[\"https:\/\/distribucionarc.com\/sl\/producto\/cortadora-de-fiambre-profesional\/\"]}]},{\"@type\":\"ImageObject\",\"inLanguage\":\"tr\",\"@id\":\"https:\/\/distribucionarc.com\/sl\/producto\/cortadora-de-fiambre-profesional\/#primaryimage\",\"url\":\"https:\/\/distribucionarc.com\/wp-content\/uploads\/2020\/08\/Cortadora-de-fiambre-profesional-0.jpg\",\"contentUrl\":\"https:\/\/distribucionarc.com\/wp-content\/uploads\/2020\/08\/Cortadora-de-fiambre-profesional-0.jpg\",\"width\":1600,\"height\":1600,\"caption\":\"Cortadora de fiambre profesional\"},{\"@type\":\"BreadcrumbList\",\"@id\":\"https:\/\/distribucionarc.com\/sl\/producto\/cortadora-de-fiambre-profesional\/#breadcrumb\",\"itemListElement\":[{\"@type\":\"ListItem\",\"position\":1,\"name\":\"Portada\",\"item\":\"https:\/\/distribucionarc.com\/pl\/\"},{\"@type\":\"ListItem\",\"position\":2,\"name\":\"Produkty\",\"item\":\"https:\/\/distribucionarc.com\/pl\/shop\/\"},{\"@type\":\"ListItem\",\"position\":3,\"name\":\"Cortadora de fiambre profesional\"}]},{\"@type\":\"WebSite\",\"@id\":\"https:\/\/distribucionarc.com\/de\/#website\",\"url\":\"https:\/\/distribucionarc.com\/de\/\",\"name\":\"distribuci\u00f3n ARC\",\"description\":\"Empresa especializada en la fabricaci\u00f3n y distribuci\u00f3n de maquinaria industrial, selladoras de latas, Maquinas de hacer pastillas, Maquinas de cortar carne...\",\"publisher\":{\"@id\":\"https:\/\/distribucionarc.com\/de\/#organization\"},\"potentialAction\":[{\"@type\":\"SearchAction\",\"target\":{\"@type\":\"EntryPoint\",\"urlTemplate\":\"https:\/\/distribucionarc.com\/de\/?s={search_term_string}\"},\"query-input\":{\"@type\":\"PropertyValueSpecification\",\"valueRequired\":true,\"valueName\":\"search_term_string\"}}],\"inLanguage\":\"tr\"},{\"@type\":\"Organization\",\"@id\":\"https:\/\/distribucionarc.com\/de\/#organization\",\"name\":\"Distribuci\u00f3n ARC\",\"url\":\"https:\/\/distribucionarc.com\/de\/\",\"logo\":{\"@type\":\"ImageObject\",\"inLanguage\":\"tr\",\"@id\":\"https:\/\/distribucionarc.com\/de\/#\/schema\/logo\/image\/\",\"url\":\"https:\/\/distribucionarc.com\/wp-content\/uploads\/2024\/10\/distribucion-ARC-COLOR-SIN-FONDO-e1732295305345.png\",\"contentUrl\":\"https:\/\/distribucionarc.com\/wp-content\/uploads\/2024\/10\/distribucion-ARC-COLOR-SIN-FONDO-e1732295305345.png\",\"width\":1164,\"height\":558,\"caption\":\"Distribuci\u00f3n ARC\"},\"image\":{\"@id\":\"https:\/\/distribucionarc.com\/de\/#\/schema\/logo\/image\/\"},\"description\":\"Empresa especializada en la fabricaci\u00f3n y distribuci\u00f3n de maquinaria industrial para los sectores alimentario y farmac\u00e9utico. Nos especializamos en: M\u00e1quinas de cortar carne Fabricaci\u00f3n de comprimidos Sistemas de transporte industrial L\u00edneas de embotellado Dosificadores Y mucho m\u00e1s... Ofrecemos soluciones innovadoras y personalizadas para optimizar los procesos productivos de tu empresa.\",\"email\":\"Admistracion@distribucionarc.com\",\"telephone\":\"+34 643496664\",\"legalName\":\"ARC TECH SOLUTIONS\",\"foundingDate\":\"2024-04-09\",\"vatID\":\"B55480172\",\"numberOfEmployees\":{\"@type\":\"QuantitativeValue\",\"minValue\":\"1\",\"maxValue\":\"10\"}}]}<\/script>\n<!-- \/ Yoast SEO Premium plugin. -->","yoast_head_json":{"title":"Profesyonel et dilimleyici - ARC da\u011f\u0131t\u0131m\u0131","robots":{"index":"index","follow":"follow","max-snippet":"max-snippet:-1","max-image-preview":"max-image-preview:large","max-video-preview":"max-video-preview:-1"},"canonical":"https:\/\/distribucionarc.com\/tr\/urun\/profesyonel-et-dilimleyici\/","og_locale":"tr_TR","og_type":"article","og_title":"Cortadora de fiambre profesional","og_description":"Cortadora de fiambre profesional Esta cortadora de carnes profesional ARC est\u00e1 hecha de aluminio fundido y acero inoxidable 304 endurecido, con superficie pintada, anticorrosi\u00f3n y antioxidante. Ajuste el grosor de los cortes del cortador de carne, capaz de ajustar el espesor de las rebanadoras entre (1-16mm). Garant\u00eda\u00a0ARC 2 A\u00d1OS motor m\u00e1s eficiente bajo consumo 230 w soporte t\u00e9cnico\u00a0incluido.","og_url":"https:\/\/distribucionarc.com\/tr\/urun\/profesyonel-et-dilimleyici\/","og_site_name":"distribuci\u00f3n ARC","article_modified_time":"2023-05-06T18:00:37+00:00","og_image":[{"width":1600,"height":1600,"url":"https:\/\/distribucionarc.com\/wp-content\/uploads\/2020\/08\/Cortadora-de-fiambre-profesional-0.jpg","type":"image\/jpeg"}],"twitter_card":"summary_large_image","twitter_misc":{"Tahmini okuma s\u00fcresi":"1 dakika"},"schema":{"@context":"https:\/\/schema.org","@graph":[{"@type":"WebPage","@id":"https:\/\/distribucionarc.com\/sl\/producto\/cortadora-de-fiambre-profesional\/","url":"https:\/\/distribucionarc.com\/sl\/producto\/cortadora-de-fiambre-profesional\/","name":"Profesyonel et dilimleyici - ARC da\u011f\u0131t\u0131m\u0131","isPartOf":{"@id":"https:\/\/distribucionarc.com\/de\/#website"},"primaryImageOfPage":{"@id":"https:\/\/distribucionarc.com\/sl\/producto\/cortadora-de-fiambre-profesional\/#primaryimage"},"image":{"@id":"https:\/\/distribucionarc.com\/sl\/producto\/cortadora-de-fiambre-profesional\/#primaryimage"},"thumbnailUrl":"https:\/\/distribucionarc.com\/wp-content\/uploads\/2020\/08\/Cortadora-de-fiambre-profesional-0.jpg","datePublished":"2020-08-14T14:55:58+00:00","dateModified":"2023-05-06T18:00:37+00:00","breadcrumb":{"@id":"https:\/\/distribucionarc.com\/sl\/producto\/cortadora-de-fiambre-profesional\/#breadcrumb"},"inLanguage":"tr","potentialAction":[{"@type":"ReadAction","target":["https:\/\/distribucionarc.com\/sl\/producto\/cortadora-de-fiambre-profesional\/"]}]},{"@type":"ImageObject","inLanguage":"tr","@id":"https:\/\/distribucionarc.com\/sl\/producto\/cortadora-de-fiambre-profesional\/#primaryimage","url":"https:\/\/distribucionarc.com\/wp-content\/uploads\/2020\/08\/Cortadora-de-fiambre-profesional-0.jpg","contentUrl":"https:\/\/distribucionarc.com\/wp-content\/uploads\/2020\/08\/Cortadora-de-fiambre-profesional-0.jpg","width":1600,"height":1600,"caption":"Cortadora de fiambre profesional"},{"@type":"BreadcrumbList","@id":"https:\/\/distribucionarc.com\/sl\/producto\/cortadora-de-fiambre-profesional\/#breadcrumb","itemListElement":[{"@type":"ListItem","position":1,"name":"Portada","item":"https:\/\/distribucionarc.com\/pl\/"},{"@type":"ListItem","position":2,"name":"Produkty","item":"https:\/\/distribucionarc.com\/pl\/shop\/"},{"@type":"ListItem","position":3,"name":"Cortadora de fiambre profesional"}]},{"@type":"WebSite","@id":"https:\/\/distribucionarc.com\/de\/#website","url":"https:\/\/distribucionarc.com\/de\/","name":"ARC da\u011f\u0131t\u0131m\u0131","description":"End\u00fcstriyel makinelerin \u00fcretimi ve da\u011f\u0131t\u0131m\u0131 konusunda uzmanla\u015fm\u0131\u015f \u015firket, kutu m\u00fch\u00fcrleme makineleri, tablet yapma makineleri, et kesme makineleri...","publisher":{"@id":"https:\/\/distribucionarc.com\/de\/#organization"},"potentialAction":[{"@type":"SearchAction","target":{"@type":"EntryPoint","urlTemplate":"https:\/\/distribucionarc.com\/de\/?s={search_term_string}"},"query-input":{"@type":"PropertyValueSpecification","valueRequired":true,"valueName":"search_term_string"}}],"inLanguage":"tr"},{"@type":"Organization","@id":"https:\/\/distribucionarc.com\/de\/#organization","name":"ARC Da\u011f\u0131t\u0131m\u0131","url":"https:\/\/distribucionarc.com\/de\/","logo":{"@type":"ImageObject","inLanguage":"tr","@id":"https:\/\/distribucionarc.com\/de\/#\/schema\/logo\/image\/","url":"https:\/\/distribucionarc.com\/wp-content\/uploads\/2024\/10\/distribucion-ARC-COLOR-SIN-FONDO-e1732295305345.png","contentUrl":"https:\/\/distribucionarc.com\/wp-content\/uploads\/2024\/10\/distribucion-ARC-COLOR-SIN-FONDO-e1732295305345.png","width":1164,"height":558,"caption":"Distribuci\u00f3n ARC"},"image":{"@id":"https:\/\/distribucionarc.com\/de\/#\/schema\/logo\/image\/"},"description":"\u015eirket, g\u0131da ve ila\u00e7 sekt\u00f6rleri i\u00e7in end\u00fcstriyel makine \u00fcretimi ve da\u011f\u0131t\u0131m\u0131 konusunda uzmanla\u015fm\u0131\u015ft\u0131r. Uzmanl\u0131k alanlar\u0131m\u0131z Et kesme makineleri Tablet \u00fcretimi End\u00fcstriyel ta\u015f\u0131ma sistemleri \u015ei\u015feleme hatlar\u0131 Dozajlama makineleri Ve \u00e7ok daha fazlas\u0131... \u015eirketinizin \u00fcretim s\u00fcre\u00e7lerini optimize etmek i\u00e7in yenilik\u00e7i ve \u00f6zelle\u015ftirilmi\u015f \u00e7\u00f6z\u00fcmler sunuyoruz.","email":"Admistracion@distribucionarc.com","telephone":"+34 643496664","legalName":"ARC TECH SOLUTIONS","foundingDate":"2024-04-09","vatID":"B55480172","numberOfEmployees":{"@type":"QuantitativeValue","minValue":"1","maxValue":"10"}}]}},"_links":{"self":[{"href":"https:\/\/distribucionarc.com\/tr\/wp-json\/wp\/v2\/product\/2348","targetHints":{"allow":["GET"]}}],"collection":[{"href":"https:\/\/distribucionarc.com\/tr\/wp-json\/wp\/v2\/product"}],"about":[{"href":"https:\/\/distribucionarc.com\/tr\/wp-json\/wp\/v2\/types\/product"}],"replies":[{"embeddable":true,"href":"https:\/\/distribucionarc.com\/tr\/wp-json\/wp\/v2\/comments?post=2348"}],"version-history":[{"count":0,"href":"https:\/\/distribucionarc.com\/tr\/wp-json\/wp\/v2\/product\/2348\/revisions"}],"wp:featuredmedia":[{"embeddable":true,"href":"https:\/\/distribucionarc.com\/tr\/wp-json\/wp\/v2\/media\/2356"}],"wp:attachment":[{"href":"https:\/\/distribucionarc.com\/tr\/wp-json\/wp\/v2\/media?parent=2348"}],"wp:term":[{"taxonomy":"product_brand","embeddable":true,"href":"https:\/\/distribucionarc.com\/tr\/wp-json\/wp\/v2\/product_brand?post=2348"},{"taxonomy":"product_cat","embeddable":true,"href":"https:\/\/distribucionarc.com\/tr\/wp-json\/wp\/v2\/product_cat?post=2348"},{"taxonomy":"product_tag","embeddable":true,"href":"https:\/\/distribucionarc.com\/tr\/wp-json\/wp\/v2\/product_tag?post=2348"}],"curies":[{"name":"wp","href":"https:\/\/api.w.org\/{rel}","templated":true}]}}