{"id":2377,"date":"2020-08-17T11:24:54","date_gmt":"2020-08-17T11:24:54","guid":{"rendered":"https:\/\/distribucionarc.com\/?post_type=product&#038;p=2377"},"modified":"2023-01-12T07:14:03","modified_gmt":"2023-01-12T07:14:03","slug":"seker-kamisi-sikacagi","status":"publish","type":"product","link":"https:\/\/distribucionarc.com\/tr\/producto\/exprimidor-de-cana-de-azucar\/","title":{"rendered":"\u015feker kam\u0131\u015f\u0131 s\u0131kaca\u011f\u0131"},"content":{"rendered":"<h3>\u015feker kam\u0131\u015f\u0131 s\u0131kaca\u011f\u0131<\/h3>\n<p>temeli <strong>kam\u0131\u015f \u00e7\u0131kar\u0131c\u0131<span style=\"color: #ff0000;\"> \u0130LE<\/span><span style=\"color: #0000ff;\">R<\/span>C<\/strong> D\u00f6kme demirden yap\u0131lm\u0131\u015ft\u0131r. \u00c7arp\u0131c\u0131 bir tasar\u0131ma sahiptir, kullan\u0131m\u0131 kolayd\u0131r ve meyve suyunu \u00e7\u0131karmak i\u00e7in en iyi \u00e7abay\u0131 g\u00f6sterir. Ekstraksiyon makinesi kentsel ve k\u0131rsal ma\u011fazalar, \u00e7iftlikler ve di\u011fer m\u00fcstakil veya k\u00fc\u00e7\u00fck i\u00e7ecek servisi end\u00fcstrileri i\u00e7in uygundur.<\/p>\n<p>T\u00fcm par\u00e7alar\u0131 <strong>s\u0131kaca\u011f\u0131 <span style=\"color: #ff0000;\">\u0130LE<\/span><span style=\"color: #0000ff;\">R<\/span>CEMC1<\/strong> T\u00fcm y\u00f6netmeliklere uygun olmas\u0131 i\u00e7in 304 g\u0131da s\u0131n\u0131f\u0131 paslanmaz \u00e7elikten yap\u0131lm\u0131\u015ft\u0131r, direksiyon simidi presleme i\u015flemini kolayla\u015ft\u0131racakt\u0131r.<\/p>\n<p>Harika performans\u0131 sayesinde<strong> saatte 50 kg i\u015fleyebilir<\/strong>. Meyve suyunun ak\u0131\u015f\u0131n\u0131 kontrol etmek i\u00e7in ayarlanabilir bir muslu\u011fu vard\u0131r.<\/p>\n<h6><strong>Garanti\u00a0<\/strong><span style=\"color: #ff0000;\"><strong>\u0130LE<\/strong><\/span><span style=\"color: #0000ff;\"><strong>R<\/strong><\/span><strong>\u00c7 2 YIL<\/strong><\/h6>\n<h6><strong>teknik destek dahil<\/strong><\/h6>\n<p>&nbsp;<\/p>\n<table width=\"100%\">\n<tbody>\n<tr>\n<td>Adam:<\/td>\n<td width=\"50%\">Manuel<\/td>\n<td colspan=\"2\" width=\"327\"><\/td>\n<\/tr>\n<tr>\n<td>Da\u011f\u0131t\u0131m \u00fclkesi:<\/td>\n<td width=\"50%\">\u0130spanya, Almanya, ABD<\/td>\n<td>A\u011f\u0131rl\u0131k:<\/td>\n<td width=\"50%\">30kg<\/td>\n<\/tr>\n<tr>\n<td>Marka:<\/td>\n<td width=\"50%\">ARK<\/td>\n<td>Y\u00fckseklik:<\/td>\n<td width=\"50%\">32cm<\/td>\n<\/tr>\n<tr>\n<td>Renk:<\/td>\n<td width=\"50%\">G\u00fcm\u00fc\u015f<\/td>\n<td>Uzun:<\/td>\n<td width=\"50%\">\u00a042cm<\/td>\n<\/tr>\n<tr>\n<td>\u00dcr\u00fcn tipi:<\/td>\n<td width=\"50%\">\u015feker kam\u0131\u015f\u0131 s\u0131kaca\u011f\u0131<\/td>\n<td>Geni\u015f:<\/td>\n<td width=\"50%\">35cm<\/td>\n<\/tr>\n<tr>\n<td>\u00dcretici numaras\u0131:<\/td>\n<td width=\"50%\">ARCEMC1<\/td>\n<td>Ekstraksiyon t\u00fcr\u00fc:<\/td>\n<td width=\"50%\">bir el<\/td>\n<\/tr>\n<tr>\n<td>Malzeme:<\/td>\n<td width=\"50%\">\u00a0304 g\u0131da s\u0131n\u0131f\u0131 paslanmaz \u00e7elik<\/td>\n<td>\u015eaft ayar\u0131:<\/td>\n<td width=\"50%\">2,60 cm \u00e7ap\u0131nda<\/td>\n<\/tr>\n<tr>\n<td>Garanti:<\/td>\n<td width=\"50%\">2 YIL<\/td>\n<td>Meyve suyu \u00e7\u0131karma oran\u0131:<\/td>\n<td width=\"50%\">(60-80)\/100<\/td>\n<\/tr>\n<tr>\n<td>Kurulum ara\u00e7lar\u0131:<\/td>\n<td width=\"50%\">Evet<\/td>\n<td>\u00c7\u0131k\u0131\u015f:<\/td>\n<td width=\"50%\">50 kg\/saat<\/td>\n<\/tr>\n<\/tbody>\n<\/table>","protected":false},"excerpt":{"rendered":"<h2>\u015feker kam\u0131\u015f\u0131 s\u0131kaca\u011f\u0131<\/h2>\n<p>Bu <strong>\u015feker kam\u0131\u015f\u0131 \u00e7\u0131kar\u0131c\u0131 <span style=\"color: #ff0000;\">\u0130LE<\/span><span style=\"color: #0000ff;\">R<\/span>C<\/strong> \u015eeker kam\u0131\u015f\u0131n\u0131n yan\u0131 s\u0131ra zencefil, elma, sorgum \u00e7ubu\u011fu, m\u0131s\u0131r sap\u0131 vb.&#039;yi s\u0131kmak i\u00e7in kullan\u0131l\u0131r. Maksimum miktarda meyve suyu elde etmek i\u00e7in en son teknolojiyi sunar. Bas\u0131n\u00e7 gereksinimleri nedeniyle g\u00f6vde ve i\u00e7 makaralar 304 paslanmaz \u00e7elik olacak \u015fekilde tasarlanm\u0131\u015ft\u0131r.<\/p>\n<h6><strong>Garanti\u00a0<\/strong><span style=\"color: #ff0000;\"><strong>\u0130LE<\/strong><\/span><span style=\"color: #0000ff;\"><strong>R<\/strong><\/span><strong>\u00c7 2 YIL<\/strong><\/h6>\n<h6><strong>teknik destek dahil<\/strong><\/h6>","protected":false},"featured_media":2383,"comment_status":"open","ping_status":"closed","template":"","meta":{"wds_primary_product_brand":0,"wds_primary_product_cat":0},"product_brand":[],"product_cat":[65,67],"product_tag":[],"class_list":{"0":"post-2377","1":"product","2":"type-product","3":"status-publish","4":"has-post-thumbnail","6":"product_cat-maquinaria-industrial-para-procesar-fruta-verdura-panales","7":"product_cat-prensas-de-frutas-trituradoras","8":"product_shipping_class-hosteleria","10":"first","11":"instock","12":"taxable","13":"shipping-taxable","14":"purchasable","15":"product-type-simple"},"yoast_head":"<!-- This site is optimized with the Yoast SEO Premium plugin v24.9 (Yoast SEO v26.1) - https:\/\/yoast.com\/wordpress\/plugins\/seo\/ -->\n<title>Exprimidor de ca\u00f1a de az\u00facar - distribuci\u00f3n ARC<\/title>\n<meta name=\"robots\" content=\"index, follow, max-snippet:-1, max-image-preview:large, max-video-preview:-1\" \/>\n<link rel=\"canonical\" href=\"https:\/\/www.distribucionarc.com\/producto\/exprimidor-de-cana-de-azucar\/\" \/>\n<meta property=\"og:locale\" content=\"tr_TR\" \/>\n<meta property=\"og:type\" content=\"article\" \/>\n<meta property=\"og:title\" content=\"Exprimidor de ca\u00f1a de az\u00facar\" \/>\n<meta property=\"og:description\" content=\"Exprimidor de ca\u00f1a de az\u00facar Este extractor de ca\u00f1a de az\u00facar ARC se usa para exprimir ca\u00f1a de az\u00facar, as\u00ed como el jengibre, las manzanas, la barra de sorgo, el tallo de ma\u00edz, etc. Introduce la \u00faltima tecnolog\u00eda para obtener la m\u00e1xima cantidad de zumo. La carcasa y los rodillos interiores est\u00e1n dise\u00f1ados para ser de acero inoxidable 304 debido a los requisitos de presi\u00f3n. Garant\u00eda\u00a0ARC 2 A\u00d1OS soporte t\u00e9cnico\u00a0incluido\" \/>\n<meta property=\"og:url\" content=\"https:\/\/www.distribucionarc.com\/producto\/exprimidor-de-cana-de-azucar\/\" \/>\n<meta property=\"og:site_name\" content=\"distribuci\u00f3n ARC\" \/>\n<meta property=\"article:modified_time\" content=\"2023-01-12T07:14:03+00:00\" \/>\n<meta property=\"og:image\" content=\"https:\/\/distribucionarc.com\/wp-content\/uploads\/2020\/08\/Exprimidor-de-ca\u00f1a-de-az\u00facar-0.jpg\" \/>\n\t<meta property=\"og:image:width\" content=\"1600\" \/>\n\t<meta property=\"og:image:height\" content=\"1600\" \/>\n\t<meta property=\"og:image:type\" content=\"image\/jpeg\" \/>\n<meta name=\"twitter:card\" content=\"summary_large_image\" \/>\n<meta name=\"twitter:label1\" content=\"Tahmini okuma s\u00fcresi\" \/>\n\t<meta name=\"twitter:data1\" content=\"1 dakika\" \/>\n<script type=\"application\/ld+json\" class=\"yoast-schema-graph\">{\"@context\":\"https:\/\/schema.org\",\"@graph\":[{\"@type\":\"WebPage\",\"@id\":\"https:\/\/www.distribucionarc.com\/producto\/exprimidor-de-cana-de-azucar\/\",\"url\":\"https:\/\/www.distribucionarc.com\/producto\/exprimidor-de-cana-de-azucar\/\",\"name\":\"Exprimidor de ca\u00f1a de az\u00facar - distribuci\u00f3n ARC\",\"isPartOf\":{\"@id\":\"https:\/\/www.distribucionarc.com\/sl\/#website\"},\"primaryImageOfPage\":{\"@id\":\"https:\/\/www.distribucionarc.com\/producto\/exprimidor-de-cana-de-azucar\/#primaryimage\"},\"image\":{\"@id\":\"https:\/\/www.distribucionarc.com\/producto\/exprimidor-de-cana-de-azucar\/#primaryimage\"},\"thumbnailUrl\":\"https:\/\/distribucionarc.com\/wp-content\/uploads\/2020\/08\/Exprimidor-de-ca\u00f1a-de-az\u00facar-0.jpg\",\"datePublished\":\"2020-08-17T11:24:54+00:00\",\"dateModified\":\"2023-01-12T07:14:03+00:00\",\"breadcrumb\":{\"@id\":\"https:\/\/www.distribucionarc.com\/producto\/exprimidor-de-cana-de-azucar\/#breadcrumb\"},\"inLanguage\":\"tr\",\"potentialAction\":[{\"@type\":\"ReadAction\",\"target\":[\"https:\/\/www.distribucionarc.com\/producto\/exprimidor-de-cana-de-azucar\/\"]}]},{\"@type\":\"ImageObject\",\"inLanguage\":\"tr\",\"@id\":\"https:\/\/www.distribucionarc.com\/producto\/exprimidor-de-cana-de-azucar\/#primaryimage\",\"url\":\"https:\/\/distribucionarc.com\/wp-content\/uploads\/2020\/08\/Exprimidor-de-ca\u00f1a-de-az\u00facar-0.jpg\",\"contentUrl\":\"https:\/\/distribucionarc.com\/wp-content\/uploads\/2020\/08\/Exprimidor-de-ca\u00f1a-de-az\u00facar-0.jpg\",\"width\":1600,\"height\":1600,\"caption\":\"Exprimidor de ca\u00f1a de az\u00facar\"},{\"@type\":\"BreadcrumbList\",\"@id\":\"https:\/\/www.distribucionarc.com\/producto\/exprimidor-de-cana-de-azucar\/#breadcrumb\",\"itemListElement\":[{\"@type\":\"ListItem\",\"position\":1,\"name\":\"Portada\",\"item\":\"https:\/\/www.distribucionarc.com\/\"},{\"@type\":\"ListItem\",\"position\":2,\"name\":\"\u00dcr\u00fcnler\",\"item\":\"https:\/\/www.distribucionarc.com\/tr\/magaza\/\"},{\"@type\":\"ListItem\",\"position\":3,\"name\":\"Exprimidor de ca\u00f1a de az\u00facar\"}]},{\"@type\":\"WebSite\",\"@id\":\"https:\/\/www.distribucionarc.com\/sl\/#website\",\"url\":\"https:\/\/www.distribucionarc.com\/sl\/\",\"name\":\"distribuci\u00f3n ARC\",\"description\":\"Empresa especializada en la fabricaci\u00f3n y distribuci\u00f3n de maquinaria industrial, selladoras de latas, Maquinas de hacer pastillas, Maquinas de cortar carne...\",\"publisher\":{\"@id\":\"https:\/\/www.distribucionarc.com\/sl\/#organization\"},\"potentialAction\":[{\"@type\":\"SearchAction\",\"target\":{\"@type\":\"EntryPoint\",\"urlTemplate\":\"https:\/\/www.distribucionarc.com\/sl\/?s={search_term_string}\"},\"query-input\":{\"@type\":\"PropertyValueSpecification\",\"valueRequired\":true,\"valueName\":\"search_term_string\"}}],\"inLanguage\":\"tr\"},{\"@type\":\"Organization\",\"@id\":\"https:\/\/www.distribucionarc.com\/sl\/#organization\",\"name\":\"Distribuci\u00f3n ARC\",\"url\":\"https:\/\/www.distribucionarc.com\/sl\/\",\"logo\":{\"@type\":\"ImageObject\",\"inLanguage\":\"tr\",\"@id\":\"https:\/\/www.distribucionarc.com\/sl\/#\/schema\/logo\/image\/\",\"url\":\"https:\/\/distribucionarc.com\/wp-content\/uploads\/2024\/10\/distribucion-ARC-COLOR-SIN-FONDO-e1732295305345.png\",\"contentUrl\":\"https:\/\/distribucionarc.com\/wp-content\/uploads\/2024\/10\/distribucion-ARC-COLOR-SIN-FONDO-e1732295305345.png\",\"width\":1164,\"height\":558,\"caption\":\"Distribuci\u00f3n ARC\"},\"image\":{\"@id\":\"https:\/\/www.distribucionarc.com\/sl\/#\/schema\/logo\/image\/\"},\"description\":\"Empresa especializada en la fabricaci\u00f3n y distribuci\u00f3n de maquinaria industrial para los sectores alimentario y farmac\u00e9utico. Nos especializamos en: M\u00e1quinas de cortar carne Fabricaci\u00f3n de comprimidos Sistemas de transporte industrial L\u00edneas de embotellado Dosificadores Y mucho m\u00e1s... Ofrecemos soluciones innovadoras y personalizadas para optimizar los procesos productivos de tu empresa.\",\"email\":\"Admistracion@distribucionarc.com\",\"telephone\":\"+34 643496664\",\"legalName\":\"ARC TECH SOLUTIONS\",\"foundingDate\":\"2024-04-09\",\"vatID\":\"B55480172\",\"numberOfEmployees\":{\"@type\":\"QuantitativeValue\",\"minValue\":\"1\",\"maxValue\":\"10\"}}]}<\/script>\n<!-- \/ Yoast SEO Premium plugin. -->","yoast_head_json":{"title":"\u015eeker kam\u0131\u015f\u0131 s\u0131kaca\u011f\u0131 - ARC da\u011f\u0131t\u0131m\u0131","robots":{"index":"index","follow":"follow","max-snippet":"max-snippet:-1","max-image-preview":"max-image-preview:large","max-video-preview":"max-video-preview:-1"},"canonical":"https:\/\/www.distribucionarc.com\/producto\/exprimidor-de-cana-de-azucar\/","og_locale":"tr_TR","og_type":"article","og_title":"Exprimidor de ca\u00f1a de az\u00facar","og_description":"Exprimidor de ca\u00f1a de az\u00facar Este extractor de ca\u00f1a de az\u00facar ARC se usa para exprimir ca\u00f1a de az\u00facar, as\u00ed como el jengibre, las manzanas, la barra de sorgo, el tallo de ma\u00edz, etc. Introduce la \u00faltima tecnolog\u00eda para obtener la m\u00e1xima cantidad de zumo. La carcasa y los rodillos interiores est\u00e1n dise\u00f1ados para ser de acero inoxidable 304 debido a los requisitos de presi\u00f3n. Garant\u00eda\u00a0ARC 2 A\u00d1OS soporte t\u00e9cnico\u00a0incluido","og_url":"https:\/\/www.distribucionarc.com\/producto\/exprimidor-de-cana-de-azucar\/","og_site_name":"distribuci\u00f3n ARC","article_modified_time":"2023-01-12T07:14:03+00:00","og_image":[{"width":1600,"height":1600,"url":"https:\/\/distribucionarc.com\/wp-content\/uploads\/2020\/08\/Exprimidor-de-ca\u00f1a-de-az\u00facar-0.jpg","type":"image\/jpeg"}],"twitter_card":"summary_large_image","twitter_misc":{"Tahmini okuma s\u00fcresi":"1 dakika"},"schema":{"@context":"https:\/\/schema.org","@graph":[{"@type":"WebPage","@id":"https:\/\/www.distribucionarc.com\/producto\/exprimidor-de-cana-de-azucar\/","url":"https:\/\/www.distribucionarc.com\/producto\/exprimidor-de-cana-de-azucar\/","name":"\u015eeker kam\u0131\u015f\u0131 s\u0131kaca\u011f\u0131 - ARC da\u011f\u0131t\u0131m\u0131","isPartOf":{"@id":"https:\/\/www.distribucionarc.com\/sl\/#website"},"primaryImageOfPage":{"@id":"https:\/\/www.distribucionarc.com\/producto\/exprimidor-de-cana-de-azucar\/#primaryimage"},"image":{"@id":"https:\/\/www.distribucionarc.com\/producto\/exprimidor-de-cana-de-azucar\/#primaryimage"},"thumbnailUrl":"https:\/\/distribucionarc.com\/wp-content\/uploads\/2020\/08\/Exprimidor-de-ca\u00f1a-de-az\u00facar-0.jpg","datePublished":"2020-08-17T11:24:54+00:00","dateModified":"2023-01-12T07:14:03+00:00","breadcrumb":{"@id":"https:\/\/www.distribucionarc.com\/producto\/exprimidor-de-cana-de-azucar\/#breadcrumb"},"inLanguage":"tr","potentialAction":[{"@type":"ReadAction","target":["https:\/\/www.distribucionarc.com\/producto\/exprimidor-de-cana-de-azucar\/"]}]},{"@type":"ImageObject","inLanguage":"tr","@id":"https:\/\/www.distribucionarc.com\/producto\/exprimidor-de-cana-de-azucar\/#primaryimage","url":"https:\/\/distribucionarc.com\/wp-content\/uploads\/2020\/08\/Exprimidor-de-ca\u00f1a-de-az\u00facar-0.jpg","contentUrl":"https:\/\/distribucionarc.com\/wp-content\/uploads\/2020\/08\/Exprimidor-de-ca\u00f1a-de-az\u00facar-0.jpg","width":1600,"height":1600,"caption":"Exprimidor de ca\u00f1a de az\u00facar"},{"@type":"BreadcrumbList","@id":"https:\/\/www.distribucionarc.com\/producto\/exprimidor-de-cana-de-azucar\/#breadcrumb","itemListElement":[{"@type":"ListItem","position":1,"name":"Portada","item":"https:\/\/www.distribucionarc.com\/"},{"@type":"ListItem","position":2,"name":"\u00dcr\u00fcnler","item":"https:\/\/www.distribucionarc.com\/tr\/magaza\/"},{"@type":"ListItem","position":3,"name":"Exprimidor de ca\u00f1a de az\u00facar"}]},{"@type":"WebSite","@id":"https:\/\/www.distribucionarc.com\/sl\/#website","url":"https:\/\/www.distribucionarc.com\/sl\/","name":"ARC da\u011f\u0131t\u0131m\u0131","description":"End\u00fcstriyel makinelerin \u00fcretimi ve da\u011f\u0131t\u0131m\u0131 konusunda uzmanla\u015fm\u0131\u015f \u015firket, kutu m\u00fch\u00fcrleme makineleri, tablet yapma makineleri, et kesme makineleri...","publisher":{"@id":"https:\/\/www.distribucionarc.com\/sl\/#organization"},"potentialAction":[{"@type":"SearchAction","target":{"@type":"EntryPoint","urlTemplate":"https:\/\/www.distribucionarc.com\/sl\/?s={search_term_string}"},"query-input":{"@type":"PropertyValueSpecification","valueRequired":true,"valueName":"search_term_string"}}],"inLanguage":"tr"},{"@type":"Organization","@id":"https:\/\/www.distribucionarc.com\/sl\/#organization","name":"ARC Da\u011f\u0131t\u0131m\u0131","url":"https:\/\/www.distribucionarc.com\/sl\/","logo":{"@type":"ImageObject","inLanguage":"tr","@id":"https:\/\/www.distribucionarc.com\/sl\/#\/schema\/logo\/image\/","url":"https:\/\/distribucionarc.com\/wp-content\/uploads\/2024\/10\/distribucion-ARC-COLOR-SIN-FONDO-e1732295305345.png","contentUrl":"https:\/\/distribucionarc.com\/wp-content\/uploads\/2024\/10\/distribucion-ARC-COLOR-SIN-FONDO-e1732295305345.png","width":1164,"height":558,"caption":"Distribuci\u00f3n ARC"},"image":{"@id":"https:\/\/www.distribucionarc.com\/sl\/#\/schema\/logo\/image\/"},"description":"\u015eirket, g\u0131da ve ila\u00e7 sekt\u00f6rleri i\u00e7in end\u00fcstriyel makine \u00fcretimi ve da\u011f\u0131t\u0131m\u0131 konusunda uzmanla\u015fm\u0131\u015ft\u0131r. Uzmanl\u0131k alanlar\u0131m\u0131z Et kesme makineleri Tablet \u00fcretimi End\u00fcstriyel ta\u015f\u0131ma sistemleri \u015ei\u015feleme hatlar\u0131 Dozajlama makineleri Ve \u00e7ok daha fazlas\u0131... \u015eirketinizin \u00fcretim s\u00fcre\u00e7lerini optimize etmek i\u00e7in yenilik\u00e7i ve \u00f6zelle\u015ftirilmi\u015f \u00e7\u00f6z\u00fcmler sunuyoruz.","email":"Admistracion@distribucionarc.com","telephone":"+34 643496664","legalName":"ARC TECH SOLUTIONS","foundingDate":"2024-04-09","vatID":"B55480172","numberOfEmployees":{"@type":"QuantitativeValue","minValue":"1","maxValue":"10"}}]}},"_links":{"self":[{"href":"https:\/\/distribucionarc.com\/tr\/wp-json\/wp\/v2\/product\/2377","targetHints":{"allow":["GET"]}}],"collection":[{"href":"https:\/\/distribucionarc.com\/tr\/wp-json\/wp\/v2\/product"}],"about":[{"href":"https:\/\/distribucionarc.com\/tr\/wp-json\/wp\/v2\/types\/product"}],"replies":[{"embeddable":true,"href":"https:\/\/distribucionarc.com\/tr\/wp-json\/wp\/v2\/comments?post=2377"}],"version-history":[{"count":0,"href":"https:\/\/distribucionarc.com\/tr\/wp-json\/wp\/v2\/product\/2377\/revisions"}],"wp:featuredmedia":[{"embeddable":true,"href":"https:\/\/distribucionarc.com\/tr\/wp-json\/wp\/v2\/media\/2383"}],"wp:attachment":[{"href":"https:\/\/distribucionarc.com\/tr\/wp-json\/wp\/v2\/media?parent=2377"}],"wp:term":[{"taxonomy":"product_brand","embeddable":true,"href":"https:\/\/distribucionarc.com\/tr\/wp-json\/wp\/v2\/product_brand?post=2377"},{"taxonomy":"product_cat","embeddable":true,"href":"https:\/\/distribucionarc.com\/tr\/wp-json\/wp\/v2\/product_cat?post=2377"},{"taxonomy":"product_tag","embeddable":true,"href":"https:\/\/distribucionarc.com\/tr\/wp-json\/wp\/v2\/product_tag?post=2377"}],"curies":[{"name":"wp","href":"https:\/\/api.w.org\/{rel}","templated":true}]}}