{"id":2389,"date":"2020-08-17T14:24:01","date_gmt":"2020-08-17T14:24:01","guid":{"rendered":"https:\/\/distribucionarc.com\/?post_type=product&#038;p=2389"},"modified":"2022-11-04T00:01:30","modified_gmt":"2022-11-04T00:01:30","slug":"otomatik-kap-muhurleyen-aninda-taze-icecek-kapatma-makinesi","status":"publish","type":"product","link":"https:\/\/distribucionarc.com\/tr\/producto\/selladora-de-envases-automatica-tapadora-de-bebidas-frescas-instantanea\/","title":{"rendered":"Otomatik kap kapatma makinesi, an\u0131nda taze i\u00e7ecek kapatma makinesi\u00a0"},"content":{"rendered":"<h3>Otomatik kap kapatma makinesi, an\u0131nda taze i\u00e7ecek kapatma makinesi<\/h3>\n<p>ile <strong>konteyner kapa\u011f\u0131 <span style=\"color: #ff0000;\">\u0130LE<\/span><span style=\"color: #0000ff;\">R<\/span>C<\/strong> M\u00fc\u015fterileriniz do\u011fal meyve sular\u0131, shakeler, smoothieler, kahve, incili \u00e7ay, inci aromal\u0131 i\u00e7ecekler vb. i\u00e7in \u00f6nerilen \u00fcr\u00fcn\u00fcn\u00fcz\u00fcn tad\u0131n\u0131 \u00e7\u0131karmak i\u00e7in uzun s\u00fcre beklemeyecekler. M\u00fc\u015fterilerinizin her yerde serinlemesi i\u00e7in en iyi alternatif. \u00dcr\u00fcn\u00fcn t\u00fcm lezzetini ve besin de\u011ferlerini koruman\u0131n yan\u0131 s\u0131ra, <strong>damlama \u00f6nleyici conta<\/strong> \u00fcr\u00fcn\u00fc her durumda sa\u011flayacakt\u0131r.<\/p>\n<p>ile s\u00fcre\u00e7 <strong>m\u00fch\u00fcrleyen <span style=\"color: #ff0000;\">\u0130LE<\/span><span style=\"color: #0000ff;\">R<\/span>CSEA9<\/strong> Tamamen otomatik ve ak\u0131ll\u0131d\u0131r, kapaklama makinesine haz\u0131rlamak istedi\u011finiz kapatma rulosunu eklemeniz, istedi\u011finiz boyutu ve s\u0131cakl\u0131\u011f\u0131 ayarlaman\u0131z, kab\u0131 konumland\u0131r\u0131p \u00e7al\u0131\u015ft\u0131r butonuna basman\u0131z yeterlidir. <strong>Olabilmek<\/strong> varmak <strong>Bir saat i\u00e7inde 400 ila 600 konteyneri m\u00fch\u00fcrleyin<\/strong>. Bu <strong>yap\u0131\u015ft\u0131rma makinesi<\/strong> \u0130htiya\u00e7 duyuldu\u011funda \u00e7al\u0131\u015f\u0131r durumda kalacak, i\u015flevine ihtiya\u00e7 duyulmad\u0131\u011f\u0131nda enerji tasarrufu sa\u011flayacak \u015fekilde tasarlanm\u0131\u015ft\u0131r.<\/p>\n<p>Dayan\u0131kl\u0131l\u0131\u011f\u0131n\u0131 ve stabilitesini sa\u011flamak i\u00e7in paslanmaz \u00e7elikten yap\u0131lm\u0131\u015ft\u0131r, motorun a\u015f\u0131r\u0131 \u0131s\u0131nmas\u0131n\u0131 \u00f6nlemek i\u00e7in havaland\u0131rma \u0131zgaralar\u0131n\u0131n yan\u0131 s\u0131ra s\u0131zd\u0131rmazl\u0131k contas\u0131na da sahiptir. Onun <span style=\"color: #008000;\"><strong>verimli motor, d\u00fc\u015f\u00fck enerji t\u00fcketimine katk\u0131da bulunmaya yard\u0131mc\u0131 olur<\/strong><\/span>.<\/p>\n<p>&nbsp;<\/p>\n<p><iframe loading=\"lazy\" src=\"https:\/\/www.youtube.com\/embed\/K5TmxbdJghU\" width=\"560\" height=\"315\" frameborder=\"0\" allowfullscreen=\"allowfullscreen\"><\/iframe><\/p>\n<h6>Garanti<strong>\u00a0<\/strong><span style=\"color: #ff0000;\"><strong>\u0130LE<\/strong><\/span><span style=\"color: #0000ff;\"><strong>R<\/strong><\/span><strong>\u00c7 2 YIL<\/strong><\/h6>\n<h6><span style=\"color: #008000;\">en verimli motor d\u00fc\u015f\u00fck t\u00fcketim 300W<\/span><\/h6>\n<h6>teknik destek dahildir.<\/h6>\n<p>&nbsp;<\/p>\n<p>&nbsp;<\/p>\n<table role=\"presentation\" width=\"100%\" cellspacing=\"0\" cellpadding=\"0\">\n<tbody>\n<tr>\n<td class=\"attrLabels\">Garanti:<\/td>\n<td width=\"50.0%\">2 YIL<\/td>\n<\/tr>\n<tr>\n<td class=\"attrLabels\">Renk:<\/td>\n<td width=\"50.0%\">G\u00fcm\u00fc\u015f<\/td>\n<td class=\"attrLabels\">Y\u00fckseklik:<\/td>\n<td width=\"50.0%\">53cm<\/td>\n<\/tr>\n<tr>\n<td class=\"attrLabels\">Da\u011f\u0131t\u0131m \u00fclkesi:<\/td>\n<td width=\"50.0%\">\u0130spanya, Almanya, ABD<\/td>\n<td class=\"attrLabels\">Uzun:<\/td>\n<td width=\"50.0%\">30cm<\/td>\n<\/tr>\n<tr>\n<td class=\"attrLabels\">Marka:<\/td>\n<td width=\"50.0%\">ARK<\/td>\n<td class=\"attrLabels\">Geni\u015f:<\/td>\n<td width=\"50.0%\">\u00a033cm<\/td>\n<\/tr>\n<tr>\n<td class=\"attrLabels\">\u00dcr\u00fcn tipi:<\/td>\n<td width=\"50.0%\">Profesyonel i\u00e7ecek m\u00fch\u00fcrleyen<\/td>\n<td class=\"attrLabels\">G\u00fc\u00e7:<\/td>\n<td width=\"50.0%\">300W<\/td>\n<\/tr>\n<tr>\n<td class=\"attrLabels\">\u00dcretici numaras\u0131:<\/td>\n<td width=\"50.0%\">ARCSEA9<\/td>\n<td class=\"attrLabels\">Gerilim:<\/td>\n<td width=\"50.0%\">220V 50Hz<\/td>\n<\/tr>\n<tr>\n<td class=\"attrLabels\">Malzeme:<\/td>\n<td width=\"50.0%\">304 paslanmaz \u00e7elik, verimli motor, s\u0131cakl\u0131k kontrol\u00fc<\/td>\n<td class=\"attrLabels\">Fincan \u00e7ap\u0131:<\/td>\n<td width=\"50.0%\">9cm ila 9,5cm<\/td>\n<\/tr>\n<tr>\n<td class=\"attrLabels\">Kurulum ara\u00e7lar\u0131:<\/td>\n<td width=\"50.0%\">Evet<\/td>\n<td class=\"attrLabels\">S\u0131zd\u0131rmazl\u0131k h\u0131z\u0131:<\/td>\n<td width=\"50.0%\">Saatte 400 \u2013 600<\/td>\n<\/tr>\n<tr>\n<td class=\"attrLabels\">A\u011f\u0131rl\u0131k:<\/td>\n<td width=\"50.0%\">18 kg<\/td>\n<td class=\"attrLabels\">S\u0131cakl\u0131k aral\u0131klar\u0131:<\/td>\n<td width=\"50.0%\">50\u00b0C \u2013 250\u00b0C<\/td>\n<\/tr>\n<\/tbody>\n<\/table>\n<p>&nbsp;<\/p>\n<p>&nbsp;<\/p>","protected":false},"excerpt":{"rendered":"<h2>Otomatik kap kapatma makinesi, an\u0131nda taze i\u00e7ecek kapatma makinesi<\/h2>\n<p>M\u00fc\u015fterilerinizin meyve sular\u0131n\u0131n, smoothie&#039;lerin, soslu \u00e7aylar\u0131n vb. t\u00fcm \u00f6zelliklerini korumas\u0131n\u0131 istiyorsan\u0131z. <strong>otomatik m\u00fch\u00fcrleyen <span style=\"color: #ff0000;\">\u0130LE<\/span><span style=\"color: #0000ff;\">R<\/span>C<\/strong> H\u0131z\u0131 sayesinde size yard\u0131mc\u0131 olacakt\u0131r, kapsamay\u0131 ba\u015far\u0131yor <strong>9 konteyner<\/strong> Sadece <strong>bir dakika<\/strong>. Kapatma i\u015flemi tamamen otomatiktir, yaln\u0131zca kap kapa\u011f\u0131n\u0131n etkinle\u015ftirilmesi i\u00e7in bir d\u00fc\u011fmeye ba\u011fl\u0131d\u0131r.<\/p>\n<h6>Garanti<strong>\u00a0<\/strong><span style=\"color: #ff0000;\"><strong>\u0130LE<\/strong><\/span><span style=\"color: #0000ff;\"><strong>R<\/strong><\/span><strong>\u00c7 2 YIL<\/strong><\/h6>\n<h6><span style=\"color: #008000;\">en verimli motor d\u00fc\u015f\u00fck t\u00fcketim 300W<\/span><\/h6>\n<h6>teknik destek dahildir.<\/h6>","protected":false},"featured_media":2395,"comment_status":"open","ping_status":"closed","template":"","meta":{"wds_primary_product_brand":0,"wds_primary_product_cat":0},"product_brand":[],"product_cat":[28],"product_tag":[],"class_list":{"0":"post-2389","1":"product","2":"type-product","3":"status-publish","4":"has-post-thumbnail","6":"product_cat-tapadoras","7":"product_shipping_class-express","9":"first","10":"instock","11":"sale","12":"taxable","13":"shipping-taxable","14":"purchasable","15":"product-type-simple"},"yoast_head":"<!-- This site is optimized with the Yoast SEO Premium plugin v24.9 (Yoast SEO v26.1) - https:\/\/yoast.com\/wordpress\/plugins\/seo\/ -->\n<title>Selladora de envases autom\u00e1tica, tapadora de bebidas frescas instant\u00e1nea\u00a0 - distribuci\u00f3n ARC<\/title>\n<meta name=\"robots\" content=\"index, follow, max-snippet:-1, max-image-preview:large, max-video-preview:-1\" \/>\n<link rel=\"canonical\" href=\"https:\/\/www.distribucionarc.com\/it\/producto\/selladora-de-envases-automatica-tapadora-de-bebidas-frescas-instantanea\/\" \/>\n<meta property=\"og:locale\" content=\"tr_TR\" \/>\n<meta property=\"og:type\" content=\"article\" \/>\n<meta property=\"og:title\" content=\"Selladora de envases autom\u00e1tica, tapadora de bebidas frescas instant\u00e1nea\u00a0\" \/>\n<meta property=\"og:description\" content=\"Selladora de envases autom\u00e1tica, tapadora de bebidas frescas instant\u00e1nea Si quiere que sus clientes conserven todas las propiedades de sus zumos, batidos, t\u00e9 con toppings, etc. La selladora autom\u00e1tica ARC le ayudar\u00e1 gracias a su velocidad,\u00a0 logra tapar 9 envases en tan solo un minuto. El proceso de sellado es completamente autom\u00e1tico solo depende de un bot\u00f3n para accionar la tapadora de envases. Garant\u00eda\u00a0ARC 2 A\u00d1OS motor m\u00e1s eficiente bajo consumo 300W soporte t\u00e9cnico\u00a0incluido.\" \/>\n<meta property=\"og:url\" content=\"https:\/\/www.distribucionarc.com\/it\/producto\/selladora-de-envases-automatica-tapadora-de-bebidas-frescas-instantanea\/\" \/>\n<meta property=\"og:site_name\" content=\"distribuci\u00f3n ARC\" \/>\n<meta property=\"article:modified_time\" content=\"2022-11-04T00:01:30+00:00\" \/>\n<meta property=\"og:image\" content=\"https:\/\/distribucionarc.com\/wp-content\/uploads\/2020\/08\/Selladora-de-envases-autom\u00e1tica-tapadora-de-bebidas-frescas-instant\u00e1nea-1.jpg\" \/>\n\t<meta property=\"og:image:width\" content=\"800\" \/>\n\t<meta property=\"og:image:height\" content=\"800\" \/>\n\t<meta property=\"og:image:type\" content=\"image\/jpeg\" \/>\n<meta name=\"twitter:card\" content=\"summary_large_image\" \/>\n<meta name=\"twitter:label1\" content=\"Tahmini okuma s\u00fcresi\" \/>\n\t<meta name=\"twitter:data1\" content=\"1 dakika\" \/>\n<script type=\"application\/ld+json\" class=\"yoast-schema-graph\">{\"@context\":\"https:\/\/schema.org\",\"@graph\":[{\"@type\":\"WebPage\",\"@id\":\"https:\/\/www.distribucionarc.com\/it\/producto\/selladora-de-envases-automatica-tapadora-de-bebidas-frescas-instantanea\/\",\"url\":\"https:\/\/www.distribucionarc.com\/it\/producto\/selladora-de-envases-automatica-tapadora-de-bebidas-frescas-instantanea\/\",\"name\":\"Selladora de envases autom\u00e1tica, tapadora de bebidas frescas instant\u00e1nea\u00a0 - distribuci\u00f3n ARC\",\"isPartOf\":{\"@id\":\"https:\/\/www.distribucionarc.com\/sl\/#website\"},\"primaryImageOfPage\":{\"@id\":\"https:\/\/www.distribucionarc.com\/it\/producto\/selladora-de-envases-automatica-tapadora-de-bebidas-frescas-instantanea\/#primaryimage\"},\"image\":{\"@id\":\"https:\/\/www.distribucionarc.com\/it\/producto\/selladora-de-envases-automatica-tapadora-de-bebidas-frescas-instantanea\/#primaryimage\"},\"thumbnailUrl\":\"https:\/\/distribucionarc.com\/wp-content\/uploads\/2020\/08\/Selladora-de-envases-autom\u00e1tica-tapadora-de-bebidas-frescas-instant\u00e1nea-1.jpg\",\"datePublished\":\"2020-08-17T14:24:01+00:00\",\"dateModified\":\"2022-11-04T00:01:30+00:00\",\"breadcrumb\":{\"@id\":\"https:\/\/www.distribucionarc.com\/it\/producto\/selladora-de-envases-automatica-tapadora-de-bebidas-frescas-instantanea\/#breadcrumb\"},\"inLanguage\":\"tr\",\"potentialAction\":[{\"@type\":\"ReadAction\",\"target\":[\"https:\/\/www.distribucionarc.com\/it\/producto\/selladora-de-envases-automatica-tapadora-de-bebidas-frescas-instantanea\/\"]}]},{\"@type\":\"ImageObject\",\"inLanguage\":\"tr\",\"@id\":\"https:\/\/www.distribucionarc.com\/it\/producto\/selladora-de-envases-automatica-tapadora-de-bebidas-frescas-instantanea\/#primaryimage\",\"url\":\"https:\/\/distribucionarc.com\/wp-content\/uploads\/2020\/08\/Selladora-de-envases-autom\u00e1tica-tapadora-de-bebidas-frescas-instant\u00e1nea-1.jpg\",\"contentUrl\":\"https:\/\/distribucionarc.com\/wp-content\/uploads\/2020\/08\/Selladora-de-envases-autom\u00e1tica-tapadora-de-bebidas-frescas-instant\u00e1nea-1.jpg\",\"width\":800,\"height\":800,\"caption\":\"Selladora de envases autom\u00e1tica, tapadora de bebidas frescas instant\u00e1nea\u00a0\"},{\"@type\":\"BreadcrumbList\",\"@id\":\"https:\/\/www.distribucionarc.com\/it\/producto\/selladora-de-envases-automatica-tapadora-de-bebidas-frescas-instantanea\/#breadcrumb\",\"itemListElement\":[{\"@type\":\"ListItem\",\"position\":1,\"name\":\"Portada\",\"item\":\"https:\/\/www.distribucionarc.com\/\"},{\"@type\":\"ListItem\",\"position\":2,\"name\":\"\u00dcr\u00fcnler\",\"item\":\"https:\/\/www.distribucionarc.com\/tr\/magaza\/\"},{\"@type\":\"ListItem\",\"position\":3,\"name\":\"Selladora de envases autom\u00e1tica, tapadora de bebidas frescas instant\u00e1nea\u00a0\"}]},{\"@type\":\"WebSite\",\"@id\":\"https:\/\/www.distribucionarc.com\/sl\/#website\",\"url\":\"https:\/\/www.distribucionarc.com\/sl\/\",\"name\":\"distribuci\u00f3n ARC\",\"description\":\"Empresa especializada en la fabricaci\u00f3n y distribuci\u00f3n de maquinaria industrial, selladoras de latas, Maquinas de hacer pastillas, Maquinas de cortar carne...\",\"publisher\":{\"@id\":\"https:\/\/www.distribucionarc.com\/sl\/#organization\"},\"potentialAction\":[{\"@type\":\"SearchAction\",\"target\":{\"@type\":\"EntryPoint\",\"urlTemplate\":\"https:\/\/www.distribucionarc.com\/sl\/?s={search_term_string}\"},\"query-input\":{\"@type\":\"PropertyValueSpecification\",\"valueRequired\":true,\"valueName\":\"search_term_string\"}}],\"inLanguage\":\"tr\"},{\"@type\":\"Organization\",\"@id\":\"https:\/\/www.distribucionarc.com\/sl\/#organization\",\"name\":\"Distribuci\u00f3n ARC\",\"url\":\"https:\/\/www.distribucionarc.com\/sl\/\",\"logo\":{\"@type\":\"ImageObject\",\"inLanguage\":\"tr\",\"@id\":\"https:\/\/www.distribucionarc.com\/sl\/#\/schema\/logo\/image\/\",\"url\":\"https:\/\/distribucionarc.com\/wp-content\/uploads\/2024\/10\/distribucion-ARC-COLOR-SIN-FONDO-e1732295305345.png\",\"contentUrl\":\"https:\/\/distribucionarc.com\/wp-content\/uploads\/2024\/10\/distribucion-ARC-COLOR-SIN-FONDO-e1732295305345.png\",\"width\":1164,\"height\":558,\"caption\":\"Distribuci\u00f3n ARC\"},\"image\":{\"@id\":\"https:\/\/www.distribucionarc.com\/sl\/#\/schema\/logo\/image\/\"},\"description\":\"Empresa especializada en la fabricaci\u00f3n y distribuci\u00f3n de maquinaria industrial para los sectores alimentario y farmac\u00e9utico. Nos especializamos en: M\u00e1quinas de cortar carne Fabricaci\u00f3n de comprimidos Sistemas de transporte industrial L\u00edneas de embotellado Dosificadores Y mucho m\u00e1s... Ofrecemos soluciones innovadoras y personalizadas para optimizar los procesos productivos de tu empresa.\",\"email\":\"Admistracion@distribucionarc.com\",\"telephone\":\"+34 643496664\",\"legalName\":\"ARC TECH SOLUTIONS\",\"foundingDate\":\"2024-04-09\",\"vatID\":\"B55480172\",\"numberOfEmployees\":{\"@type\":\"QuantitativeValue\",\"minValue\":\"1\",\"maxValue\":\"10\"}}]}<\/script>\n<!-- \/ Yoast SEO Premium plugin. -->","yoast_head_json":{"title":"Otomatik kap kapatma makinesi, an\u0131nda taze i\u00e7ecek kapatma makinesi - ARC da\u011f\u0131t\u0131m\u0131","robots":{"index":"index","follow":"follow","max-snippet":"max-snippet:-1","max-image-preview":"max-image-preview:large","max-video-preview":"max-video-preview:-1"},"canonical":"https:\/\/www.distribucionarc.com\/it\/producto\/selladora-de-envases-automatica-tapadora-de-bebidas-frescas-instantanea\/","og_locale":"tr_TR","og_type":"article","og_title":"Selladora de envases autom\u00e1tica, tapadora de bebidas frescas instant\u00e1nea\u00a0","og_description":"Selladora de envases autom\u00e1tica, tapadora de bebidas frescas instant\u00e1nea Si quiere que sus clientes conserven todas las propiedades de sus zumos, batidos, t\u00e9 con toppings, etc. La selladora autom\u00e1tica ARC le ayudar\u00e1 gracias a su velocidad,\u00a0 logra tapar 9 envases en tan solo un minuto. El proceso de sellado es completamente autom\u00e1tico solo depende de un bot\u00f3n para accionar la tapadora de envases. Garant\u00eda\u00a0ARC 2 A\u00d1OS motor m\u00e1s eficiente bajo consumo 300W soporte t\u00e9cnico\u00a0incluido.","og_url":"https:\/\/www.distribucionarc.com\/it\/producto\/selladora-de-envases-automatica-tapadora-de-bebidas-frescas-instantanea\/","og_site_name":"distribuci\u00f3n ARC","article_modified_time":"2022-11-04T00:01:30+00:00","og_image":[{"width":800,"height":800,"url":"https:\/\/distribucionarc.com\/wp-content\/uploads\/2020\/08\/Selladora-de-envases-autom\u00e1tica-tapadora-de-bebidas-frescas-instant\u00e1nea-1.jpg","type":"image\/jpeg"}],"twitter_card":"summary_large_image","twitter_misc":{"Tahmini okuma s\u00fcresi":"1 dakika"},"schema":{"@context":"https:\/\/schema.org","@graph":[{"@type":"WebPage","@id":"https:\/\/www.distribucionarc.com\/it\/producto\/selladora-de-envases-automatica-tapadora-de-bebidas-frescas-instantanea\/","url":"https:\/\/www.distribucionarc.com\/it\/producto\/selladora-de-envases-automatica-tapadora-de-bebidas-frescas-instantanea\/","name":"Otomatik kap kapatma makinesi, an\u0131nda taze i\u00e7ecek kapatma makinesi - ARC da\u011f\u0131t\u0131m\u0131","isPartOf":{"@id":"https:\/\/www.distribucionarc.com\/sl\/#website"},"primaryImageOfPage":{"@id":"https:\/\/www.distribucionarc.com\/it\/producto\/selladora-de-envases-automatica-tapadora-de-bebidas-frescas-instantanea\/#primaryimage"},"image":{"@id":"https:\/\/www.distribucionarc.com\/it\/producto\/selladora-de-envases-automatica-tapadora-de-bebidas-frescas-instantanea\/#primaryimage"},"thumbnailUrl":"https:\/\/distribucionarc.com\/wp-content\/uploads\/2020\/08\/Selladora-de-envases-autom\u00e1tica-tapadora-de-bebidas-frescas-instant\u00e1nea-1.jpg","datePublished":"2020-08-17T14:24:01+00:00","dateModified":"2022-11-04T00:01:30+00:00","breadcrumb":{"@id":"https:\/\/www.distribucionarc.com\/it\/producto\/selladora-de-envases-automatica-tapadora-de-bebidas-frescas-instantanea\/#breadcrumb"},"inLanguage":"tr","potentialAction":[{"@type":"ReadAction","target":["https:\/\/www.distribucionarc.com\/it\/producto\/selladora-de-envases-automatica-tapadora-de-bebidas-frescas-instantanea\/"]}]},{"@type":"ImageObject","inLanguage":"tr","@id":"https:\/\/www.distribucionarc.com\/it\/producto\/selladora-de-envases-automatica-tapadora-de-bebidas-frescas-instantanea\/#primaryimage","url":"https:\/\/distribucionarc.com\/wp-content\/uploads\/2020\/08\/Selladora-de-envases-autom\u00e1tica-tapadora-de-bebidas-frescas-instant\u00e1nea-1.jpg","contentUrl":"https:\/\/distribucionarc.com\/wp-content\/uploads\/2020\/08\/Selladora-de-envases-autom\u00e1tica-tapadora-de-bebidas-frescas-instant\u00e1nea-1.jpg","width":800,"height":800,"caption":"Selladora de envases autom\u00e1tica, tapadora de bebidas frescas instant\u00e1nea\u00a0"},{"@type":"BreadcrumbList","@id":"https:\/\/www.distribucionarc.com\/it\/producto\/selladora-de-envases-automatica-tapadora-de-bebidas-frescas-instantanea\/#breadcrumb","itemListElement":[{"@type":"ListItem","position":1,"name":"Portada","item":"https:\/\/www.distribucionarc.com\/"},{"@type":"ListItem","position":2,"name":"\u00dcr\u00fcnler","item":"https:\/\/www.distribucionarc.com\/tr\/magaza\/"},{"@type":"ListItem","position":3,"name":"Selladora de envases autom\u00e1tica, tapadora de bebidas frescas instant\u00e1nea\u00a0"}]},{"@type":"WebSite","@id":"https:\/\/www.distribucionarc.com\/sl\/#website","url":"https:\/\/www.distribucionarc.com\/sl\/","name":"ARC da\u011f\u0131t\u0131m\u0131","description":"End\u00fcstriyel makinelerin \u00fcretimi ve da\u011f\u0131t\u0131m\u0131 konusunda uzmanla\u015fm\u0131\u015f \u015firket, kutu m\u00fch\u00fcrleme makineleri, tablet yapma makineleri, et kesme makineleri...","publisher":{"@id":"https:\/\/www.distribucionarc.com\/sl\/#organization"},"potentialAction":[{"@type":"SearchAction","target":{"@type":"EntryPoint","urlTemplate":"https:\/\/www.distribucionarc.com\/sl\/?s={search_term_string}"},"query-input":{"@type":"PropertyValueSpecification","valueRequired":true,"valueName":"search_term_string"}}],"inLanguage":"tr"},{"@type":"Organization","@id":"https:\/\/www.distribucionarc.com\/sl\/#organization","name":"ARC Da\u011f\u0131t\u0131m\u0131","url":"https:\/\/www.distribucionarc.com\/sl\/","logo":{"@type":"ImageObject","inLanguage":"tr","@id":"https:\/\/www.distribucionarc.com\/sl\/#\/schema\/logo\/image\/","url":"https:\/\/distribucionarc.com\/wp-content\/uploads\/2024\/10\/distribucion-ARC-COLOR-SIN-FONDO-e1732295305345.png","contentUrl":"https:\/\/distribucionarc.com\/wp-content\/uploads\/2024\/10\/distribucion-ARC-COLOR-SIN-FONDO-e1732295305345.png","width":1164,"height":558,"caption":"Distribuci\u00f3n ARC"},"image":{"@id":"https:\/\/www.distribucionarc.com\/sl\/#\/schema\/logo\/image\/"},"description":"\u015eirket, g\u0131da ve ila\u00e7 sekt\u00f6rleri i\u00e7in end\u00fcstriyel makine \u00fcretimi ve da\u011f\u0131t\u0131m\u0131 konusunda uzmanla\u015fm\u0131\u015ft\u0131r. Uzmanl\u0131k alanlar\u0131m\u0131z Et kesme makineleri Tablet \u00fcretimi End\u00fcstriyel ta\u015f\u0131ma sistemleri \u015ei\u015feleme hatlar\u0131 Dozajlama makineleri Ve \u00e7ok daha fazlas\u0131... \u015eirketinizin \u00fcretim s\u00fcre\u00e7lerini optimize etmek i\u00e7in yenilik\u00e7i ve \u00f6zelle\u015ftirilmi\u015f \u00e7\u00f6z\u00fcmler sunuyoruz.","email":"Admistracion@distribucionarc.com","telephone":"+34 643496664","legalName":"ARC TECH SOLUTIONS","foundingDate":"2024-04-09","vatID":"B55480172","numberOfEmployees":{"@type":"QuantitativeValue","minValue":"1","maxValue":"10"}}]}},"_links":{"self":[{"href":"https:\/\/distribucionarc.com\/tr\/wp-json\/wp\/v2\/product\/2389","targetHints":{"allow":["GET"]}}],"collection":[{"href":"https:\/\/distribucionarc.com\/tr\/wp-json\/wp\/v2\/product"}],"about":[{"href":"https:\/\/distribucionarc.com\/tr\/wp-json\/wp\/v2\/types\/product"}],"replies":[{"embeddable":true,"href":"https:\/\/distribucionarc.com\/tr\/wp-json\/wp\/v2\/comments?post=2389"}],"version-history":[{"count":0,"href":"https:\/\/distribucionarc.com\/tr\/wp-json\/wp\/v2\/product\/2389\/revisions"}],"wp:featuredmedia":[{"embeddable":true,"href":"https:\/\/distribucionarc.com\/tr\/wp-json\/wp\/v2\/media\/2395"}],"wp:attachment":[{"href":"https:\/\/distribucionarc.com\/tr\/wp-json\/wp\/v2\/media?parent=2389"}],"wp:term":[{"taxonomy":"product_brand","embeddable":true,"href":"https:\/\/distribucionarc.com\/tr\/wp-json\/wp\/v2\/product_brand?post=2389"},{"taxonomy":"product_cat","embeddable":true,"href":"https:\/\/distribucionarc.com\/tr\/wp-json\/wp\/v2\/product_cat?post=2389"},{"taxonomy":"product_tag","embeddable":true,"href":"https:\/\/distribucionarc.com\/tr\/wp-json\/wp\/v2\/product_tag?post=2389"}],"curies":[{"name":"wp","href":"https:\/\/api.w.org\/{rel}","templated":true}]}}