{"id":2414,"date":"2020-08-17T15:56:32","date_gmt":"2020-08-17T15:56:32","guid":{"rendered":"https:\/\/distribucionarc.com\/?post_type=product&#038;p=2414"},"modified":"2020-09-30T15:12:10","modified_gmt":"2020-09-30T15:12:10","slug":"unlu-mamuller-icin-endustriyel-mikser-10-l","status":"publish","type":"product","link":"https:\/\/distribucionarc.com\/tr\/producto\/mezclador-industrial-para-panaderia-10-l\/","title":{"rendered":"F\u0131r\u0131nc\u0131l\u0131k i\u00e7in end\u00fcstriyel kar\u0131\u015ft\u0131r\u0131c\u0131 10 L"},"content":{"rendered":"<h2>F\u0131r\u0131nc\u0131l\u0131k i\u00e7in end\u00fcstriyel kar\u0131\u015ft\u0131r\u0131c\u0131 10 L<\/h2>\n<p>O\u00a0<strong>end\u00fcstriyel kar\u0131\u015ft\u0131r\u0131c\u0131\u00a0<span style=\"color: #ff0000;\">\u0130LE<\/span><span style=\"color: #0000ff;\">R<\/span>C<\/strong> 30 litrelik g\u0131da s\u0131n\u0131f\u0131 304 paslanmaz \u00e7elik hazne ile donat\u0131lm\u0131\u015ft\u0131r. 1 kg&#039;a kadar olan tarifleri tek kapta kolayl\u0131kla kar\u0131\u015ft\u0131rabilme \u00f6zelli\u011fine sahiptir.<\/p>\n<p><strong>End\u00fcstriyel kar\u0131\u015ft\u0131r\u0131c\u0131\u00a0<span style=\"color: #ff0000;\">\u0130LE<\/span><span style=\"color: #0000ff;\">R<\/span>CBMP10<\/strong>\u00a0Spiral hamur kancas\u0131, d\u00fcz \u00e7\u0131rp\u0131c\u0131 ve tel \u00e7\u0131rp\u0131c\u0131 dahil olmak \u00fczere \u00fc\u00e7 adet de\u011fi\u015ftirilebilir ata\u015fmanla donat\u0131lm\u0131\u015ft\u0131r. Her t\u00fcrl\u00fc yiyecek kar\u0131\u015f\u0131m\u0131n\u0131 haz\u0131rlayabilmeniz i\u00e7in m\u00fckemmel \u015fekilde tasarlanm\u0131\u015ft\u0131r. Miksere tak\u0131lan paslanmaz \u00e7elik kase g\u00fcvenlik koruyucusu, siz kar\u0131\u015ft\u0131rma i\u015flemini g\u00f6zlemlerken malzemelerin s\u0131\u00e7ramas\u0131n\u0131 veya b\u00fcy\u00fck nesnelerin kasenin i\u00e7ine d\u00fc\u015fmesini \u00f6nleyecektir.<\/p>\n<p>O\u00a0<span style=\"color: #008000;\"><strong>400 W verimli motor<\/strong><\/span> Yiyeceklerinizi verimli bir \u015fekilde kar\u0131\u015ft\u0131rman\u0131za yard\u0131mc\u0131 olmak i\u00e7in ayarlanabilir \u00fc\u00e7 kar\u0131\u015ft\u0131rma h\u0131z\u0131 (105 RPM\/178 RPM\/390 RPM) sa\u011flayarak istikrarl\u0131 \u00e7al\u0131\u015fmay\u0131 garanti eder.<\/p>\n<p>Bu<strong>\u00a0hamur kar\u0131\u015ft\u0131r\u0131c\u0131<\/strong>\u00a0Tatmin edici bir y\u00fcksekli\u011fe ula\u015fan kaseyi indirmek veya kald\u0131rmak i\u00e7in d\u00f6nen bir tekerlek kullan\u0131r ve \u00e7e\u015fitli kar\u0131\u015ft\u0131rma gereksinimlerine m\u00fckemmel \u015fekilde uyum sa\u011flayabilir.<\/p>\n<h6>Garanti\u00a0<span style=\"color: #ff0000;\"><strong>\u0130LE<\/strong><\/span><span style=\"color: #0000ff;\"><strong>R<\/strong><\/span><strong>\u00c7 2 YIL<\/strong><\/h6>\n<h6><span style=\"color: #008000;\">en verimli, d\u00fc\u015f\u00fck t\u00fcketimli 400W motor<\/span><\/h6>\n<h6>teknik destek dahildir.<\/h6>\n<p>&nbsp;<\/p>\n<table role=\"presentation\" width=\"100%\" cellspacing=\"0\" cellpadding=\"0\">\n<tbody>\n<tr>\n<td class=\"attrLabels\">Garanti:<\/td>\n<td width=\"50.0%\">2 YIL<\/td>\n<\/tr>\n<tr>\n<td class=\"attrLabels\">Renk:<\/td>\n<td width=\"50.0%\">G\u00fcm\u00fc\u015f<\/td>\n<td class=\"attrLabels\">Y\u00fckseklik:<\/td>\n<td width=\"50.0%\">60cm<\/td>\n<\/tr>\n<tr>\n<td class=\"attrLabels\">Da\u011f\u0131t\u0131m \u00fclkesi:<\/td>\n<td width=\"50.0%\">\u0130spanya, Almanya, ABD<\/td>\n<td class=\"attrLabels\">Uzun:<\/td>\n<td width=\"50.0%\">36cm<\/td>\n<\/tr>\n<tr>\n<td class=\"attrLabels\">Marka:<\/td>\n<td width=\"50.0%\">ARK<\/td>\n<td class=\"attrLabels\">Geni\u015f:<\/td>\n<td width=\"50.0%\">\u00a0 45cm<\/td>\n<\/tr>\n<tr>\n<td class=\"attrLabels\">\u00dcr\u00fcn tipi:<\/td>\n<td width=\"50.0%\">Profesyonel mikser<\/td>\n<td class=\"attrLabels\">G\u00fc\u00e7:<\/td>\n<td width=\"50.0%\">400W<\/td>\n<\/tr>\n<tr>\n<td class=\"attrLabels\">\u00dcretici numaras\u0131:<\/td>\n<td width=\"50.0%\">ARCBMP10<\/td>\n<td class=\"attrLabels\">Gerilim:<\/td>\n<td width=\"50.0%\">110V 60Hz<\/td>\n<\/tr>\n<tr>\n<td class=\"attrLabels\">Malzeme:<\/td>\n<td width=\"50.0%\">304 paslanmaz \u00e7elik, verimli motor<\/td>\n<td class=\"attrLabels\">Kase Hacmi:<\/td>\n<td width=\"50.0%\">10L<\/td>\n<\/tr>\n<tr>\n<td class=\"attrLabels\">Kurulum ara\u00e7lar\u0131:<\/td>\n<td width=\"50.0%\">Evet<\/td>\n<td class=\"attrLabels\">Yo\u011furma kapasitesi:<\/td>\n<td width=\"50.0%\">1 kg<\/td>\n<\/tr>\n<tr>\n<td class=\"attrLabels\">A\u011f\u0131rl\u0131k:<\/td>\n<td width=\"50.0%\">56 kg<\/td>\n<td class=\"attrLabels\">Kar\u0131\u015ft\u0131rma h\u0131z\u0131:<\/td>\n<td width=\"50.0%\">105 dev\/dak 180 dev\/dak 408 dev\/dak<\/td>\n<\/tr>\n<\/tbody>\n<\/table>","protected":false},"excerpt":{"rendered":"<h2>F\u0131r\u0131nc\u0131l\u0131k i\u00e7in end\u00fcstriyel kar\u0131\u015ft\u0131r\u0131c\u0131 10L<\/h2>\n<p>Bu\u00a0<strong>yiyecek kar\u0131\u015ft\u0131r\u0131c\u0131s\u0131<\/strong> Unlar\u0131n, hamurlar\u0131n, dolgular\u0131n, \u00e7\u0131rp\u0131lm\u0131\u015f yumurtalar\u0131n vb. kar\u0131\u015ft\u0131r\u0131lmas\u0131 i\u00e7in endikedir. G\u00fc\u00e7l\u00fc 400W motoru ve sa\u011flam paslanmaz \u00e7elik haznesi sayesinde yo\u011furma i\u015flemi h\u0131zl\u0131 ve kolay bir \u015fekilde ger\u00e7ekle\u015ftirilir.<strong>\u00a0kar\u0131\u015ft\u0131r\u0131c\u0131\u00a0<span style=\"color: #ff0000;\">\u0130LE<\/span><span style=\"color: #0000ff;\">R<\/span>C<\/strong>\u00a0Sa\u011flam, dayan\u0131kl\u0131 ve g\u00fcvenilir bir makinedir. \u0130htiya\u00e7 duydu\u011funuz proses i\u00e7in farkl\u0131 h\u0131zlar se\u00e7ebilirsiniz.\u00a0<strong>yo\u011furmak, kar\u0131\u015ft\u0131rmak, d\u00f6vmek<\/strong>. G\u0131dayla temas eden t\u00fcm par\u00e7alar\u0131 sa\u011fl\u0131k standartlar\u0131na uygundur.<\/p>\n<h6>Garanti<strong>\u00a0<\/strong><span style=\"color: #ff0000;\"><strong>\u0130LE<\/strong><\/span><span style=\"color: #0000ff;\"><strong>R<\/strong><\/span><strong>\u00c7 2 YIL<\/strong><\/h6>\n<h6><span style=\"color: #008000;\">en verimli, d\u00fc\u015f\u00fck t\u00fcketimli 400W motor<\/span><\/h6>\n<h6>teknik destek dahil<\/h6>","protected":false},"featured_media":2415,"comment_status":"open","ping_status":"closed","template":"","meta":{"wds_primary_product_brand":0,"wds_primary_product_cat":0},"product_brand":[],"product_cat":[39],"product_tag":[],"class_list":{"0":"post-2414","1":"product","2":"type-product","3":"status-publish","4":"has-post-thumbnail","6":"product_cat-plancha-de-cosina","7":"product_shipping_class-express","9":"first","10":"instock","11":"sale","12":"taxable","13":"shipping-taxable","14":"purchasable","15":"product-type-simple"},"yoast_head":"<!-- This site is optimized with the Yoast SEO Premium plugin v24.9 (Yoast SEO v26.1) - https:\/\/yoast.com\/wordpress\/plugins\/seo\/ -->\n<title>Mezclador industrial para panader\u00eda 10 L - distribuci\u00f3n ARC<\/title>\n<meta name=\"robots\" content=\"index, follow, max-snippet:-1, max-image-preview:large, max-video-preview:-1\" \/>\n<link rel=\"canonical\" href=\"https:\/\/www.distribucionarc.com\/fr\/producto\/mezclador-industrial-para-panaderia-10-l\/\" \/>\n<meta property=\"og:locale\" content=\"tr_TR\" \/>\n<meta property=\"og:type\" content=\"article\" \/>\n<meta property=\"og:title\" content=\"Mezclador industrial para panader\u00eda 10 L\" \/>\n<meta property=\"og:description\" content=\"Mezclador industrial para panader\u00eda 10L Esta\u00a0batidora de alimentos es la indicada para mezclar harinas, masa, relleno, huevos batidos, etc. Gracias a su potente motor de 400W y su robusto bol de acero inoxidable el proceso de amasado se realiza r\u00e1pida y sencillamente, esta\u00a0mezcladora\u00a0ARC\u00a0es una m\u00e1quina robusta, duradera y fiable. Puede elegir diferentes velocidades para el proceso que requiera ya sea\u00a0amasar, mezclar, batir. Todas sus piezas de contacto con los alimentos cumplen con las normas sanitarias. Garant\u00eda\u00a0ARC 2 A\u00d1OS motor m\u00e1s eficiente bajo consumo 400W soporte t\u00e9cnico\u00a0incluido\" \/>\n<meta property=\"og:url\" content=\"https:\/\/www.distribucionarc.com\/fr\/producto\/mezclador-industrial-para-panaderia-10-l\/\" \/>\n<meta property=\"og:site_name\" content=\"distribuci\u00f3n ARC\" \/>\n<meta property=\"article:modified_time\" content=\"2020-09-30T15:12:10+00:00\" \/>\n<meta property=\"og:image\" content=\"https:\/\/distribucionarc.com\/wp-content\/uploads\/2020\/08\/Mezclador-industrial-para-panader\u00eda-10L-0.jpg\" \/>\n\t<meta property=\"og:image:width\" content=\"1600\" \/>\n\t<meta property=\"og:image:height\" content=\"1600\" \/>\n\t<meta property=\"og:image:type\" content=\"image\/jpeg\" \/>\n<meta name=\"twitter:card\" content=\"summary_large_image\" \/>\n<meta name=\"twitter:label1\" content=\"Tahmini okuma s\u00fcresi\" \/>\n\t<meta name=\"twitter:data1\" content=\"1 dakika\" \/>\n<script type=\"application\/ld+json\" class=\"yoast-schema-graph\">{\"@context\":\"https:\/\/schema.org\",\"@graph\":[{\"@type\":\"WebPage\",\"@id\":\"https:\/\/www.distribucionarc.com\/fr\/producto\/mezclador-industrial-para-panaderia-10-l\/\",\"url\":\"https:\/\/www.distribucionarc.com\/fr\/producto\/mezclador-industrial-para-panaderia-10-l\/\",\"name\":\"Mezclador industrial para panader\u00eda 10 L - distribuci\u00f3n ARC\",\"isPartOf\":{\"@id\":\"https:\/\/distribucionarc.com\/bg\/#website\"},\"primaryImageOfPage\":{\"@id\":\"https:\/\/www.distribucionarc.com\/fr\/producto\/mezclador-industrial-para-panaderia-10-l\/#primaryimage\"},\"image\":{\"@id\":\"https:\/\/www.distribucionarc.com\/fr\/producto\/mezclador-industrial-para-panaderia-10-l\/#primaryimage\"},\"thumbnailUrl\":\"https:\/\/distribucionarc.com\/wp-content\/uploads\/2020\/08\/Mezclador-industrial-para-panader\u00eda-10L-0.jpg\",\"datePublished\":\"2020-08-17T15:56:32+00:00\",\"dateModified\":\"2020-09-30T15:12:10+00:00\",\"breadcrumb\":{\"@id\":\"https:\/\/www.distribucionarc.com\/fr\/producto\/mezclador-industrial-para-panaderia-10-l\/#breadcrumb\"},\"inLanguage\":\"tr\",\"potentialAction\":[{\"@type\":\"ReadAction\",\"target\":[\"https:\/\/www.distribucionarc.com\/fr\/producto\/mezclador-industrial-para-panaderia-10-l\/\"]}]},{\"@type\":\"ImageObject\",\"inLanguage\":\"tr\",\"@id\":\"https:\/\/www.distribucionarc.com\/fr\/producto\/mezclador-industrial-para-panaderia-10-l\/#primaryimage\",\"url\":\"https:\/\/distribucionarc.com\/wp-content\/uploads\/2020\/08\/Mezclador-industrial-para-panader\u00eda-10L-0.jpg\",\"contentUrl\":\"https:\/\/distribucionarc.com\/wp-content\/uploads\/2020\/08\/Mezclador-industrial-para-panader\u00eda-10L-0.jpg\",\"width\":1600,\"height\":1600,\"caption\":\"Mezclador industrial para panader\u00eda 10 L\"},{\"@type\":\"BreadcrumbList\",\"@id\":\"https:\/\/www.distribucionarc.com\/fr\/producto\/mezclador-industrial-para-panaderia-10-l\/#breadcrumb\",\"itemListElement\":[{\"@type\":\"ListItem\",\"position\":1,\"name\":\"Portada\",\"item\":\"https:\/\/distribucionarc.com\/el\/\"},{\"@type\":\"ListItem\",\"position\":2,\"name\":\"Proizvodi\",\"item\":\"https:\/\/www.distribucionarc.com\/hr\/ducan\/\"},{\"@type\":\"ListItem\",\"position\":3,\"name\":\"Mezclador industrial para panader\u00eda 10 L\"}]},{\"@type\":\"WebSite\",\"@id\":\"https:\/\/distribucionarc.com\/bg\/#website\",\"url\":\"https:\/\/distribucionarc.com\/bg\/\",\"name\":\"distribuci\u00f3n ARC\",\"description\":\"Empresa especializada en la fabricaci\u00f3n y distribuci\u00f3n de maquinaria industrial, selladoras de latas, Maquinas de hacer pastillas, Maquinas de cortar carne...\",\"publisher\":{\"@id\":\"https:\/\/distribucionarc.com\/bg\/#organization\"},\"potentialAction\":[{\"@type\":\"SearchAction\",\"target\":{\"@type\":\"EntryPoint\",\"urlTemplate\":\"https:\/\/distribucionarc.com\/bg\/?s={search_term_string}\"},\"query-input\":{\"@type\":\"PropertyValueSpecification\",\"valueRequired\":true,\"valueName\":\"search_term_string\"}}],\"inLanguage\":\"tr\"},{\"@type\":\"Organization\",\"@id\":\"https:\/\/distribucionarc.com\/bg\/#organization\",\"name\":\"Distribuci\u00f3n ARC\",\"url\":\"https:\/\/distribucionarc.com\/bg\/\",\"logo\":{\"@type\":\"ImageObject\",\"inLanguage\":\"tr\",\"@id\":\"https:\/\/distribucionarc.com\/bg\/#\/schema\/logo\/image\/\",\"url\":\"https:\/\/distribucionarc.com\/wp-content\/uploads\/2024\/10\/distribucion-ARC-COLOR-SIN-FONDO-e1732295305345.png\",\"contentUrl\":\"https:\/\/distribucionarc.com\/wp-content\/uploads\/2024\/10\/distribucion-ARC-COLOR-SIN-FONDO-e1732295305345.png\",\"width\":1164,\"height\":558,\"caption\":\"Distribuci\u00f3n ARC\"},\"image\":{\"@id\":\"https:\/\/distribucionarc.com\/bg\/#\/schema\/logo\/image\/\"},\"description\":\"Empresa especializada en la fabricaci\u00f3n y distribuci\u00f3n de maquinaria industrial para los sectores alimentario y farmac\u00e9utico. Nos especializamos en: M\u00e1quinas de cortar carne Fabricaci\u00f3n de comprimidos Sistemas de transporte industrial L\u00edneas de embotellado Dosificadores Y mucho m\u00e1s... Ofrecemos soluciones innovadoras y personalizadas para optimizar los procesos productivos de tu empresa.\",\"email\":\"Admistracion@distribucionarc.com\",\"telephone\":\"+34 643496664\",\"legalName\":\"ARC TECH SOLUTIONS\",\"foundingDate\":\"2024-04-09\",\"vatID\":\"B55480172\",\"numberOfEmployees\":{\"@type\":\"QuantitativeValue\",\"minValue\":\"1\",\"maxValue\":\"10\"}}]}<\/script>\n<!-- \/ Yoast SEO Premium plugin. -->","yoast_head_json":{"title":"F\u0131r\u0131nc\u0131l\u0131k i\u00e7in end\u00fcstriyel kar\u0131\u015ft\u0131r\u0131c\u0131 10 L - ARC da\u011f\u0131t\u0131m\u0131","robots":{"index":"index","follow":"follow","max-snippet":"max-snippet:-1","max-image-preview":"max-image-preview:large","max-video-preview":"max-video-preview:-1"},"canonical":"https:\/\/www.distribucionarc.com\/fr\/producto\/mezclador-industrial-para-panaderia-10-l\/","og_locale":"tr_TR","og_type":"article","og_title":"Mezclador industrial para panader\u00eda 10 L","og_description":"Mezclador industrial para panader\u00eda 10L Esta\u00a0batidora de alimentos es la indicada para mezclar harinas, masa, relleno, huevos batidos, etc. Gracias a su potente motor de 400W y su robusto bol de acero inoxidable el proceso de amasado se realiza r\u00e1pida y sencillamente, esta\u00a0mezcladora\u00a0ARC\u00a0es una m\u00e1quina robusta, duradera y fiable. Puede elegir diferentes velocidades para el proceso que requiera ya sea\u00a0amasar, mezclar, batir. Todas sus piezas de contacto con los alimentos cumplen con las normas sanitarias. Garant\u00eda\u00a0ARC 2 A\u00d1OS motor m\u00e1s eficiente bajo consumo 400W soporte t\u00e9cnico\u00a0incluido","og_url":"https:\/\/www.distribucionarc.com\/fr\/producto\/mezclador-industrial-para-panaderia-10-l\/","og_site_name":"distribuci\u00f3n ARC","article_modified_time":"2020-09-30T15:12:10+00:00","og_image":[{"width":1600,"height":1600,"url":"https:\/\/distribucionarc.com\/wp-content\/uploads\/2020\/08\/Mezclador-industrial-para-panader\u00eda-10L-0.jpg","type":"image\/jpeg"}],"twitter_card":"summary_large_image","twitter_misc":{"Tahmini okuma s\u00fcresi":"1 dakika"},"schema":{"@context":"https:\/\/schema.org","@graph":[{"@type":"WebPage","@id":"https:\/\/www.distribucionarc.com\/fr\/producto\/mezclador-industrial-para-panaderia-10-l\/","url":"https:\/\/www.distribucionarc.com\/fr\/producto\/mezclador-industrial-para-panaderia-10-l\/","name":"F\u0131r\u0131nc\u0131l\u0131k i\u00e7in end\u00fcstriyel kar\u0131\u015ft\u0131r\u0131c\u0131 10 L - ARC da\u011f\u0131t\u0131m\u0131","isPartOf":{"@id":"https:\/\/distribucionarc.com\/bg\/#website"},"primaryImageOfPage":{"@id":"https:\/\/www.distribucionarc.com\/fr\/producto\/mezclador-industrial-para-panaderia-10-l\/#primaryimage"},"image":{"@id":"https:\/\/www.distribucionarc.com\/fr\/producto\/mezclador-industrial-para-panaderia-10-l\/#primaryimage"},"thumbnailUrl":"https:\/\/distribucionarc.com\/wp-content\/uploads\/2020\/08\/Mezclador-industrial-para-panader\u00eda-10L-0.jpg","datePublished":"2020-08-17T15:56:32+00:00","dateModified":"2020-09-30T15:12:10+00:00","breadcrumb":{"@id":"https:\/\/www.distribucionarc.com\/fr\/producto\/mezclador-industrial-para-panaderia-10-l\/#breadcrumb"},"inLanguage":"tr","potentialAction":[{"@type":"ReadAction","target":["https:\/\/www.distribucionarc.com\/fr\/producto\/mezclador-industrial-para-panaderia-10-l\/"]}]},{"@type":"ImageObject","inLanguage":"tr","@id":"https:\/\/www.distribucionarc.com\/fr\/producto\/mezclador-industrial-para-panaderia-10-l\/#primaryimage","url":"https:\/\/distribucionarc.com\/wp-content\/uploads\/2020\/08\/Mezclador-industrial-para-panader\u00eda-10L-0.jpg","contentUrl":"https:\/\/distribucionarc.com\/wp-content\/uploads\/2020\/08\/Mezclador-industrial-para-panader\u00eda-10L-0.jpg","width":1600,"height":1600,"caption":"Mezclador industrial para panader\u00eda 10 L"},{"@type":"BreadcrumbList","@id":"https:\/\/www.distribucionarc.com\/fr\/producto\/mezclador-industrial-para-panaderia-10-l\/#breadcrumb","itemListElement":[{"@type":"ListItem","position":1,"name":"Portada","item":"https:\/\/distribucionarc.com\/el\/"},{"@type":"ListItem","position":2,"name":"Proizvodi","item":"https:\/\/www.distribucionarc.com\/hr\/ducan\/"},{"@type":"ListItem","position":3,"name":"Mezclador industrial para panader\u00eda 10 L"}]},{"@type":"WebSite","@id":"https:\/\/distribucionarc.com\/bg\/#website","url":"https:\/\/distribucionarc.com\/bg\/","name":"ARC da\u011f\u0131t\u0131m\u0131","description":"End\u00fcstriyel makinelerin \u00fcretimi ve da\u011f\u0131t\u0131m\u0131 konusunda uzmanla\u015fm\u0131\u015f \u015firket, kutu m\u00fch\u00fcrleme makineleri, tablet yapma makineleri, et kesme makineleri...","publisher":{"@id":"https:\/\/distribucionarc.com\/bg\/#organization"},"potentialAction":[{"@type":"SearchAction","target":{"@type":"EntryPoint","urlTemplate":"https:\/\/distribucionarc.com\/bg\/?s={search_term_string}"},"query-input":{"@type":"PropertyValueSpecification","valueRequired":true,"valueName":"search_term_string"}}],"inLanguage":"tr"},{"@type":"Organization","@id":"https:\/\/distribucionarc.com\/bg\/#organization","name":"ARC Da\u011f\u0131t\u0131m\u0131","url":"https:\/\/distribucionarc.com\/bg\/","logo":{"@type":"ImageObject","inLanguage":"tr","@id":"https:\/\/distribucionarc.com\/bg\/#\/schema\/logo\/image\/","url":"https:\/\/distribucionarc.com\/wp-content\/uploads\/2024\/10\/distribucion-ARC-COLOR-SIN-FONDO-e1732295305345.png","contentUrl":"https:\/\/distribucionarc.com\/wp-content\/uploads\/2024\/10\/distribucion-ARC-COLOR-SIN-FONDO-e1732295305345.png","width":1164,"height":558,"caption":"Distribuci\u00f3n ARC"},"image":{"@id":"https:\/\/distribucionarc.com\/bg\/#\/schema\/logo\/image\/"},"description":"\u015eirket, g\u0131da ve ila\u00e7 sekt\u00f6rleri i\u00e7in end\u00fcstriyel makine \u00fcretimi ve da\u011f\u0131t\u0131m\u0131 konusunda uzmanla\u015fm\u0131\u015ft\u0131r. Uzmanl\u0131k alanlar\u0131m\u0131z Et kesme makineleri Tablet \u00fcretimi End\u00fcstriyel ta\u015f\u0131ma sistemleri \u015ei\u015feleme hatlar\u0131 Dozajlama makineleri Ve \u00e7ok daha fazlas\u0131... \u015eirketinizin \u00fcretim s\u00fcre\u00e7lerini optimize etmek i\u00e7in yenilik\u00e7i ve \u00f6zelle\u015ftirilmi\u015f \u00e7\u00f6z\u00fcmler sunuyoruz.","email":"Admistracion@distribucionarc.com","telephone":"+34 643496664","legalName":"ARC TECH SOLUTIONS","foundingDate":"2024-04-09","vatID":"B55480172","numberOfEmployees":{"@type":"QuantitativeValue","minValue":"1","maxValue":"10"}}]}},"_links":{"self":[{"href":"https:\/\/distribucionarc.com\/tr\/wp-json\/wp\/v2\/product\/2414","targetHints":{"allow":["GET"]}}],"collection":[{"href":"https:\/\/distribucionarc.com\/tr\/wp-json\/wp\/v2\/product"}],"about":[{"href":"https:\/\/distribucionarc.com\/tr\/wp-json\/wp\/v2\/types\/product"}],"replies":[{"embeddable":true,"href":"https:\/\/distribucionarc.com\/tr\/wp-json\/wp\/v2\/comments?post=2414"}],"version-history":[{"count":0,"href":"https:\/\/distribucionarc.com\/tr\/wp-json\/wp\/v2\/product\/2414\/revisions"}],"wp:featuredmedia":[{"embeddable":true,"href":"https:\/\/distribucionarc.com\/tr\/wp-json\/wp\/v2\/media\/2415"}],"wp:attachment":[{"href":"https:\/\/distribucionarc.com\/tr\/wp-json\/wp\/v2\/media?parent=2414"}],"wp:term":[{"taxonomy":"product_brand","embeddable":true,"href":"https:\/\/distribucionarc.com\/tr\/wp-json\/wp\/v2\/product_brand?post=2414"},{"taxonomy":"product_cat","embeddable":true,"href":"https:\/\/distribucionarc.com\/tr\/wp-json\/wp\/v2\/product_cat?post=2414"},{"taxonomy":"product_tag","embeddable":true,"href":"https:\/\/distribucionarc.com\/tr\/wp-json\/wp\/v2\/product_tag?post=2414"}],"curies":[{"name":"wp","href":"https:\/\/api.w.org\/{rel}","templated":true}]}}