{"id":2440,"date":"2020-08-18T11:37:11","date_gmt":"2020-08-18T11:37:11","guid":{"rendered":"https:\/\/distribucionarc.com\/?post_type=product&#038;p=2440"},"modified":"2020-09-30T15:18:08","modified_gmt":"2020-09-30T15:18:08","slug":"otomatik-portakal-sikma-makinesi","status":"publish","type":"product","link":"https:\/\/distribucionarc.com\/tr\/producto\/maquina-exprimidor-automatico-de-naranjas\/","title":{"rendered":"Otomatik portakal s\u0131kma makinesi"},"content":{"rendered":"<h2>Otomatik portakal s\u0131kma makinesi<\/h2>\n<p>La <strong>portakal suyu makinesi <span style=\"color: #ff0000;\">\u0130LE<\/span><span style=\"color: #0000ff;\">R<\/span>C<\/strong> A\u011f\u0131r hizmet tipi g\u0131da s\u0131n\u0131f\u0131 paslanmaz \u00e7elik d\u0131\u015f kabuk ve paslanmaz \u00e7elik kapakla \u00fcretilmi\u015ftir. \u00c7izilmesi veya paslanmas\u0131 kolay de\u011fildir. \u0130\u015f verimlili\u011fini art\u0131ran b\u00fcy\u00fck kapasiteli bir meyve depolama sepeti ile donat\u0131lm\u0131\u015ft\u0131r. 4-8 cm \u00e7ap\u0131ndaki portakallar i\u00e7in uygundur<\/p>\n<p>Meyve suyu verimi <strong>di\u011fer makinelere k\u0131yasla 5% artar<\/strong> kesme ve bask\u0131 sistemi sayesinde. Olabilmek <strong><span style=\"color: #ff9900;\">Dakikada 22-30 portakala kadar meyve suyu<\/span>.<\/strong><\/p>\n<p>Bu <strong>otomatik portakal s\u0131kaca\u011f\u0131 <span style=\"color: #ff0000;\">\u0130LE<\/span><span style=\"color: #0000ff;\">R<\/span>CEAN22<\/strong> Y\u00fckseltilmi\u015f yerle\u015fik \u00e7\u0131kar\u0131labilir tipte filtre kutusu (su kutusuyla birlikte \u00e7\u0131kar\u0131labilir). Meyve suyu s\u0131kt\u0131ktan sonra kabuklar\u0131 ve kal\u0131nt\u0131lar\u0131 toplamak i\u00e7in tak\u0131l\u0131 iki kabuk toplama kovas\u0131na ek olarak, meyve suyu bardaklar\u0131n\u0131 tutmak i\u00e7in damlama tepsisi kullan\u0131l\u0131r. Kolay temizlik i\u00e7in hepsinin montaj\u0131 ve s\u00f6k\u00fclmesi kolayd\u0131r.<\/p>\n<p>A\u00e7ma\/kapama d\u00fc\u011fmesinin etraf\u0131nda, su ge\u00e7irmez ve s\u0131z\u0131nt\u0131 \u00f6nleyici olmas\u0131n\u0131 sa\u011flayan koruyucu bir kapak vard\u0131r; Operat\u00f6r\u00fcn g\u00fcvenli\u011fini sa\u011flamak i\u00e7in makine paslanmaz \u00e7elik kapak olmadan \u00e7al\u0131\u015fmay\u0131 durduracakt\u0131r.<\/p>\n<h6><\/h6>\n<h6>Garanti<strong>\u00a0<\/strong><span style=\"color: #ff0000;\"><strong>\u0130LE<\/strong><\/span><span style=\"color: #0000ff;\"><strong>R<\/strong><\/span><strong>\u00c7 2 YIL<\/strong><\/h6>\n<h6><span style=\"color: #008000;\">100W en verimli d\u00fc\u015f\u00fck t\u00fcketimli motor<\/span><\/h6>\n<h6>teknik destek dahil<\/h6>\n<p>&nbsp;<\/p>\n<table role=\"presentation\" width=\"100%\" cellspacing=\"0\" cellpadding=\"0\">\n<tbody>\n<tr>\n<td class=\"attrLabels\">Garanti:<\/td>\n<td width=\"50.0%\">2 YIL<\/td>\n<\/tr>\n<tr>\n<td class=\"attrLabels\">Renk:<\/td>\n<td width=\"50.0%\">G\u00fcm\u00fc\u015f<\/td>\n<td class=\"attrLabels\">Y\u00fckseklik:<\/td>\n<td width=\"50.0%\">78,5 cm<\/td>\n<\/tr>\n<tr>\n<td class=\"attrLabels\">Da\u011f\u0131t\u0131m \u00fclkesi:<\/td>\n<td width=\"50.0%\">\u0130spanya, Almanya, ABD<\/td>\n<td class=\"attrLabels\">Uzun:<\/td>\n<td width=\"50.0%\">54cm<\/td>\n<\/tr>\n<tr>\n<td class=\"attrLabels\">Marka:<\/td>\n<td width=\"50.0%\">ARK<\/td>\n<td class=\"attrLabels\">Geni\u015f:<\/td>\n<td width=\"50.0%\">\u00a0 34cm<\/td>\n<\/tr>\n<tr>\n<td class=\"attrLabels\">\u00dcr\u00fcn tipi:<\/td>\n<td width=\"50.0%\">Profesyonel mikser<\/td>\n<td class=\"attrLabels\">G\u00fc\u00e7:<\/td>\n<td width=\"50.0%\">100W<\/td>\n<\/tr>\n<tr>\n<td class=\"attrLabels\">\u00dcretici numaras\u0131:<\/td>\n<td width=\"50.0%\">ARCEAN22<\/td>\n<td class=\"attrLabels\">Gerilim:<\/td>\n<td width=\"50.0%\">110V 60Hz<\/p>\n<p>220V 50Hz<\/td>\n<\/tr>\n<tr>\n<td class=\"attrLabels\">Malzeme:<\/td>\n<td width=\"50.0%\">304 paslanmaz \u00e7elik, verimli motor<\/td>\n<td class=\"attrLabels\">Meyve suyu zaman\u0131:<\/td>\n<td width=\"50.0%\">Dakikada 22-30 adet<\/td>\n<\/tr>\n<tr>\n<td class=\"attrLabels\">Kurulum ara\u00e7lar\u0131:<\/td>\n<td width=\"50.0%\">Evet<\/td>\n<td class=\"attrLabels\">Turuncu \u00e7ap\u0131:<\/td>\n<td width=\"50.0%\">4 \u2013 8 cm<\/td>\n<\/tr>\n<tr>\n<td class=\"attrLabels\">A\u011f\u0131rl\u0131k:<\/td>\n<td width=\"50.0%\">44,8 kg<\/td>\n<td class=\"attrLabels\">Sepet kapasitesi:<\/td>\n<td width=\"50.0%\">Boyutuna ba\u011fl\u0131 olarak 4 ila 8 kg<\/td>\n<\/tr>\n<\/tbody>\n<\/table>","protected":false},"excerpt":{"rendered":"<h2>Otomatik portakal s\u0131kma makinesi<\/h2>\n<p>La<strong> meyve s\u0131kaca\u011f\u0131 makinesi <span style=\"color: #ff0000;\">\u0130LE<\/span><span style=\"color: #0000ff;\">R<\/span>C<\/strong> \u00c7ekici bir tasar\u0131ma sahiptir ve y\u00fcksek kaliteli g\u0131da s\u0131n\u0131f\u0131 paslanmaz \u00e7elikten yap\u0131lm\u0131\u015ft\u0131r. Portakal, limon, misket limonu vb. meyvelerin suyunu etkili bir \u015fekilde \u00e7\u0131karabilir. Makine cildi soyar, taze meyve sular\u0131 \u00fcretir ve otomatik olarak filtrelenir. Sepeti doldurarak katk\u0131 maddesi i\u00e7ermeyen lezzetli taze meyve sular\u0131na kavu\u015facaks\u0131n\u0131z. <strong>otomatik meyve s\u0131kaca\u011f\u0131<\/strong> ve ba\u015flat d\u00fc\u011fmesine bas\u0131n.<\/p>\n<h6>Garanti<strong>\u00a0<\/strong><span style=\"color: #ff0000;\"><strong>\u0130LE<\/strong><\/span><span style=\"color: #0000ff;\"><strong>R<\/strong><\/span><strong>\u00c7 2 YIL<\/strong><\/h6>\n<h6><span style=\"color: #008000;\">100W en verimli d\u00fc\u015f\u00fck t\u00fcketimli motor<\/span><\/h6>\n<h6>teknik destek dahil<\/h6>","protected":false},"featured_media":2447,"comment_status":"open","ping_status":"closed","template":"","meta":{"wds_primary_product_brand":0,"wds_primary_product_cat":0},"product_brand":[],"product_cat":[65],"product_tag":[],"class_list":{"0":"post-2440","1":"product","2":"type-product","3":"status-publish","4":"has-post-thumbnail","6":"product_cat-maquinaria-industrial-para-procesar-fruta-verdura-panales","7":"product_shipping_class-express","9":"first","10":"instock","11":"sale","12":"taxable","13":"shipping-taxable","14":"purchasable","15":"product-type-simple"},"yoast_head":"<!-- This site is optimized with the Yoast SEO Premium plugin v24.9 (Yoast SEO v26.1) - https:\/\/yoast.com\/wordpress\/plugins\/seo\/ -->\n<title>M\u00e1quina exprimidor autom\u00e1tico de naranjas - distribuci\u00f3n ARC<\/title>\n<meta name=\"robots\" content=\"index, follow, max-snippet:-1, max-image-preview:large, max-video-preview:-1\" \/>\n<link rel=\"canonical\" href=\"https:\/\/distribucionarc.com\/tr\/urun\/otomatik-portakal-sikma-makinesi\/\" \/>\n<meta property=\"og:locale\" content=\"tr_TR\" \/>\n<meta property=\"og:type\" content=\"article\" \/>\n<meta property=\"og:title\" content=\"M\u00e1quina exprimidor autom\u00e1tico de naranjas\" \/>\n<meta property=\"og:description\" content=\"M\u00e1quina exprimidor autom\u00e1tico de naranjas La m\u00e1quina de exprimidora ARC tiene un dise\u00f1o atractivo y est\u00e1 hecha de acero inoxidable de calidad alimentaria de alta calidad. Puede extraer eficazmente el zumo de naranjas, limones, limas, etc. La m\u00e1quina pela la piel, produce zumos frescos y se filtra autom\u00e1ticamente. Obtendr\u00e1 deliciosos jugos frescos sin aditivos llenando la cesta del exprimidor autom\u00e1tico y accionando el bot\u00f3n de inicio. Garant\u00eda\u00a0ARC 2 A\u00d1OS motor m\u00e1s eficiente bajo consumo 100W soporte t\u00e9cnico\u00a0incluido\" \/>\n<meta property=\"og:url\" content=\"https:\/\/distribucionarc.com\/tr\/urun\/otomatik-portakal-sikma-makinesi\/\" \/>\n<meta property=\"og:site_name\" content=\"distribuci\u00f3n ARC\" \/>\n<meta property=\"article:modified_time\" content=\"2020-09-30T15:18:08+00:00\" \/>\n<meta property=\"og:image\" content=\"https:\/\/distribucionarc.com\/wp-content\/uploads\/2020\/08\/M\u00e1quina-exprimidor-autom\u00e1tico-de-naranjas-0.jpg\" \/>\n\t<meta property=\"og:image:width\" content=\"1600\" \/>\n\t<meta property=\"og:image:height\" content=\"1600\" \/>\n\t<meta property=\"og:image:type\" content=\"image\/jpeg\" \/>\n<meta name=\"twitter:card\" content=\"summary_large_image\" \/>\n<meta name=\"twitter:label1\" content=\"Tahmini okuma s\u00fcresi\" \/>\n\t<meta name=\"twitter:data1\" content=\"1 dakika\" \/>\n<script type=\"application\/ld+json\" class=\"yoast-schema-graph\">{\"@context\":\"https:\/\/schema.org\",\"@graph\":[{\"@type\":\"WebPage\",\"@id\":\"https:\/\/distribucionarc.com\/nl\/producto\/maquina-exprimidor-automatico-de-naranjas\/\",\"url\":\"https:\/\/distribucionarc.com\/nl\/producto\/maquina-exprimidor-automatico-de-naranjas\/\",\"name\":\"M\u00e1quina exprimidor autom\u00e1tico de naranjas - distribuci\u00f3n ARC\",\"isPartOf\":{\"@id\":\"https:\/\/www.distribucionarc.com\/tr\/#website\"},\"primaryImageOfPage\":{\"@id\":\"https:\/\/distribucionarc.com\/nl\/producto\/maquina-exprimidor-automatico-de-naranjas\/#primaryimage\"},\"image\":{\"@id\":\"https:\/\/distribucionarc.com\/nl\/producto\/maquina-exprimidor-automatico-de-naranjas\/#primaryimage\"},\"thumbnailUrl\":\"https:\/\/distribucionarc.com\/wp-content\/uploads\/2020\/08\/M\u00e1quina-exprimidor-autom\u00e1tico-de-naranjas-0.jpg\",\"datePublished\":\"2020-08-18T11:37:11+00:00\",\"dateModified\":\"2020-09-30T15:18:08+00:00\",\"breadcrumb\":{\"@id\":\"https:\/\/distribucionarc.com\/nl\/producto\/maquina-exprimidor-automatico-de-naranjas\/#breadcrumb\"},\"inLanguage\":\"tr\",\"potentialAction\":[{\"@type\":\"ReadAction\",\"target\":[\"https:\/\/distribucionarc.com\/nl\/producto\/maquina-exprimidor-automatico-de-naranjas\/\"]}]},{\"@type\":\"ImageObject\",\"inLanguage\":\"tr\",\"@id\":\"https:\/\/distribucionarc.com\/nl\/producto\/maquina-exprimidor-automatico-de-naranjas\/#primaryimage\",\"url\":\"https:\/\/distribucionarc.com\/wp-content\/uploads\/2020\/08\/M\u00e1quina-exprimidor-autom\u00e1tico-de-naranjas-0.jpg\",\"contentUrl\":\"https:\/\/distribucionarc.com\/wp-content\/uploads\/2020\/08\/M\u00e1quina-exprimidor-autom\u00e1tico-de-naranjas-0.jpg\",\"width\":1600,\"height\":1600,\"caption\":\"M\u00e1quina exprimidor autom\u00e1tico de naranjas\"},{\"@type\":\"BreadcrumbList\",\"@id\":\"https:\/\/distribucionarc.com\/nl\/producto\/maquina-exprimidor-automatico-de-naranjas\/#breadcrumb\",\"itemListElement\":[{\"@type\":\"ListItem\",\"position\":1,\"name\":\"Portada\",\"item\":\"https:\/\/www.distribucionarc.com\/tr\/\"},{\"@type\":\"ListItem\",\"position\":2,\"name\":\"Produktai\",\"item\":\"https:\/\/distribucionarc.com\/lt\/parduotuve\/\"},{\"@type\":\"ListItem\",\"position\":3,\"name\":\"M\u00e1quina exprimidor autom\u00e1tico de naranjas\"}]},{\"@type\":\"WebSite\",\"@id\":\"https:\/\/www.distribucionarc.com\/tr\/#website\",\"url\":\"https:\/\/www.distribucionarc.com\/tr\/\",\"name\":\"distribuci\u00f3n ARC\",\"description\":\"Empresa especializada en la fabricaci\u00f3n y distribuci\u00f3n de maquinaria industrial, selladoras de latas, Maquinas de hacer pastillas, Maquinas de cortar carne...\",\"publisher\":{\"@id\":\"https:\/\/www.distribucionarc.com\/tr\/#organization\"},\"potentialAction\":[{\"@type\":\"SearchAction\",\"target\":{\"@type\":\"EntryPoint\",\"urlTemplate\":\"https:\/\/www.distribucionarc.com\/tr\/?s={search_term_string}\"},\"query-input\":{\"@type\":\"PropertyValueSpecification\",\"valueRequired\":true,\"valueName\":\"search_term_string\"}}],\"inLanguage\":\"tr\"},{\"@type\":\"Organization\",\"@id\":\"https:\/\/www.distribucionarc.com\/tr\/#organization\",\"name\":\"Distribuci\u00f3n ARC\",\"url\":\"https:\/\/www.distribucionarc.com\/tr\/\",\"logo\":{\"@type\":\"ImageObject\",\"inLanguage\":\"tr\",\"@id\":\"https:\/\/www.distribucionarc.com\/tr\/#\/schema\/logo\/image\/\",\"url\":\"https:\/\/distribucionarc.com\/wp-content\/uploads\/2024\/10\/distribucion-ARC-COLOR-SIN-FONDO-e1732295305345.png\",\"contentUrl\":\"https:\/\/distribucionarc.com\/wp-content\/uploads\/2024\/10\/distribucion-ARC-COLOR-SIN-FONDO-e1732295305345.png\",\"width\":1164,\"height\":558,\"caption\":\"Distribuci\u00f3n ARC\"},\"image\":{\"@id\":\"https:\/\/www.distribucionarc.com\/tr\/#\/schema\/logo\/image\/\"},\"description\":\"Empresa especializada en la fabricaci\u00f3n y distribuci\u00f3n de maquinaria industrial para los sectores alimentario y farmac\u00e9utico. Nos especializamos en: M\u00e1quinas de cortar carne Fabricaci\u00f3n de comprimidos Sistemas de transporte industrial L\u00edneas de embotellado Dosificadores Y mucho m\u00e1s... Ofrecemos soluciones innovadoras y personalizadas para optimizar los procesos productivos de tu empresa.\",\"email\":\"Admistracion@distribucionarc.com\",\"telephone\":\"+34 643496664\",\"legalName\":\"ARC TECH SOLUTIONS\",\"foundingDate\":\"2024-04-09\",\"vatID\":\"B55480172\",\"numberOfEmployees\":{\"@type\":\"QuantitativeValue\",\"minValue\":\"1\",\"maxValue\":\"10\"}}]}<\/script>\n<!-- \/ Yoast SEO Premium plugin. -->","yoast_head_json":{"title":"Otomatik portakal s\u0131kma makinesi - ARC da\u011f\u0131t\u0131m\u0131","robots":{"index":"index","follow":"follow","max-snippet":"max-snippet:-1","max-image-preview":"max-image-preview:large","max-video-preview":"max-video-preview:-1"},"canonical":"https:\/\/distribucionarc.com\/tr\/urun\/otomatik-portakal-sikma-makinesi\/","og_locale":"tr_TR","og_type":"article","og_title":"M\u00e1quina exprimidor autom\u00e1tico de naranjas","og_description":"M\u00e1quina exprimidor autom\u00e1tico de naranjas La m\u00e1quina de exprimidora ARC tiene un dise\u00f1o atractivo y est\u00e1 hecha de acero inoxidable de calidad alimentaria de alta calidad. Puede extraer eficazmente el zumo de naranjas, limones, limas, etc. La m\u00e1quina pela la piel, produce zumos frescos y se filtra autom\u00e1ticamente. Obtendr\u00e1 deliciosos jugos frescos sin aditivos llenando la cesta del exprimidor autom\u00e1tico y accionando el bot\u00f3n de inicio. Garant\u00eda\u00a0ARC 2 A\u00d1OS motor m\u00e1s eficiente bajo consumo 100W soporte t\u00e9cnico\u00a0incluido","og_url":"https:\/\/distribucionarc.com\/tr\/urun\/otomatik-portakal-sikma-makinesi\/","og_site_name":"distribuci\u00f3n ARC","article_modified_time":"2020-09-30T15:18:08+00:00","og_image":[{"width":1600,"height":1600,"url":"https:\/\/distribucionarc.com\/wp-content\/uploads\/2020\/08\/M\u00e1quina-exprimidor-autom\u00e1tico-de-naranjas-0.jpg","type":"image\/jpeg"}],"twitter_card":"summary_large_image","twitter_misc":{"Tahmini okuma s\u00fcresi":"1 dakika"},"schema":{"@context":"https:\/\/schema.org","@graph":[{"@type":"WebPage","@id":"https:\/\/distribucionarc.com\/nl\/producto\/maquina-exprimidor-automatico-de-naranjas\/","url":"https:\/\/distribucionarc.com\/nl\/producto\/maquina-exprimidor-automatico-de-naranjas\/","name":"Otomatik portakal s\u0131kma makinesi - ARC da\u011f\u0131t\u0131m\u0131","isPartOf":{"@id":"https:\/\/www.distribucionarc.com\/tr\/#website"},"primaryImageOfPage":{"@id":"https:\/\/distribucionarc.com\/nl\/producto\/maquina-exprimidor-automatico-de-naranjas\/#primaryimage"},"image":{"@id":"https:\/\/distribucionarc.com\/nl\/producto\/maquina-exprimidor-automatico-de-naranjas\/#primaryimage"},"thumbnailUrl":"https:\/\/distribucionarc.com\/wp-content\/uploads\/2020\/08\/M\u00e1quina-exprimidor-autom\u00e1tico-de-naranjas-0.jpg","datePublished":"2020-08-18T11:37:11+00:00","dateModified":"2020-09-30T15:18:08+00:00","breadcrumb":{"@id":"https:\/\/distribucionarc.com\/nl\/producto\/maquina-exprimidor-automatico-de-naranjas\/#breadcrumb"},"inLanguage":"tr","potentialAction":[{"@type":"ReadAction","target":["https:\/\/distribucionarc.com\/nl\/producto\/maquina-exprimidor-automatico-de-naranjas\/"]}]},{"@type":"ImageObject","inLanguage":"tr","@id":"https:\/\/distribucionarc.com\/nl\/producto\/maquina-exprimidor-automatico-de-naranjas\/#primaryimage","url":"https:\/\/distribucionarc.com\/wp-content\/uploads\/2020\/08\/M\u00e1quina-exprimidor-autom\u00e1tico-de-naranjas-0.jpg","contentUrl":"https:\/\/distribucionarc.com\/wp-content\/uploads\/2020\/08\/M\u00e1quina-exprimidor-autom\u00e1tico-de-naranjas-0.jpg","width":1600,"height":1600,"caption":"M\u00e1quina exprimidor autom\u00e1tico de naranjas"},{"@type":"BreadcrumbList","@id":"https:\/\/distribucionarc.com\/nl\/producto\/maquina-exprimidor-automatico-de-naranjas\/#breadcrumb","itemListElement":[{"@type":"ListItem","position":1,"name":"Portada","item":"https:\/\/www.distribucionarc.com\/tr\/"},{"@type":"ListItem","position":2,"name":"Produktai","item":"https:\/\/distribucionarc.com\/lt\/parduotuve\/"},{"@type":"ListItem","position":3,"name":"M\u00e1quina exprimidor autom\u00e1tico de naranjas"}]},{"@type":"WebSite","@id":"https:\/\/www.distribucionarc.com\/tr\/#website","url":"https:\/\/www.distribucionarc.com\/tr\/","name":"ARC da\u011f\u0131t\u0131m\u0131","description":"End\u00fcstriyel makinelerin \u00fcretimi ve da\u011f\u0131t\u0131m\u0131 konusunda uzmanla\u015fm\u0131\u015f \u015firket, kutu m\u00fch\u00fcrleme makineleri, tablet yapma makineleri, et kesme makineleri...","publisher":{"@id":"https:\/\/www.distribucionarc.com\/tr\/#organization"},"potentialAction":[{"@type":"SearchAction","target":{"@type":"EntryPoint","urlTemplate":"https:\/\/www.distribucionarc.com\/tr\/?s={search_term_string}"},"query-input":{"@type":"PropertyValueSpecification","valueRequired":true,"valueName":"search_term_string"}}],"inLanguage":"tr"},{"@type":"Organization","@id":"https:\/\/www.distribucionarc.com\/tr\/#organization","name":"ARC Da\u011f\u0131t\u0131m\u0131","url":"https:\/\/www.distribucionarc.com\/tr\/","logo":{"@type":"ImageObject","inLanguage":"tr","@id":"https:\/\/www.distribucionarc.com\/tr\/#\/schema\/logo\/image\/","url":"https:\/\/distribucionarc.com\/wp-content\/uploads\/2024\/10\/distribucion-ARC-COLOR-SIN-FONDO-e1732295305345.png","contentUrl":"https:\/\/distribucionarc.com\/wp-content\/uploads\/2024\/10\/distribucion-ARC-COLOR-SIN-FONDO-e1732295305345.png","width":1164,"height":558,"caption":"Distribuci\u00f3n ARC"},"image":{"@id":"https:\/\/www.distribucionarc.com\/tr\/#\/schema\/logo\/image\/"},"description":"\u015eirket, g\u0131da ve ila\u00e7 sekt\u00f6rleri i\u00e7in end\u00fcstriyel makine \u00fcretimi ve da\u011f\u0131t\u0131m\u0131 konusunda uzmanla\u015fm\u0131\u015ft\u0131r. Uzmanl\u0131k alanlar\u0131m\u0131z Et kesme makineleri Tablet \u00fcretimi End\u00fcstriyel ta\u015f\u0131ma sistemleri \u015ei\u015feleme hatlar\u0131 Dozajlama makineleri Ve \u00e7ok daha fazlas\u0131... \u015eirketinizin \u00fcretim s\u00fcre\u00e7lerini optimize etmek i\u00e7in yenilik\u00e7i ve \u00f6zelle\u015ftirilmi\u015f \u00e7\u00f6z\u00fcmler sunuyoruz.","email":"Admistracion@distribucionarc.com","telephone":"+34 643496664","legalName":"ARC TECH SOLUTIONS","foundingDate":"2024-04-09","vatID":"B55480172","numberOfEmployees":{"@type":"QuantitativeValue","minValue":"1","maxValue":"10"}}]}},"_links":{"self":[{"href":"https:\/\/distribucionarc.com\/tr\/wp-json\/wp\/v2\/product\/2440","targetHints":{"allow":["GET"]}}],"collection":[{"href":"https:\/\/distribucionarc.com\/tr\/wp-json\/wp\/v2\/product"}],"about":[{"href":"https:\/\/distribucionarc.com\/tr\/wp-json\/wp\/v2\/types\/product"}],"replies":[{"embeddable":true,"href":"https:\/\/distribucionarc.com\/tr\/wp-json\/wp\/v2\/comments?post=2440"}],"version-history":[{"count":0,"href":"https:\/\/distribucionarc.com\/tr\/wp-json\/wp\/v2\/product\/2440\/revisions"}],"wp:featuredmedia":[{"embeddable":true,"href":"https:\/\/distribucionarc.com\/tr\/wp-json\/wp\/v2\/media\/2447"}],"wp:attachment":[{"href":"https:\/\/distribucionarc.com\/tr\/wp-json\/wp\/v2\/media?parent=2440"}],"wp:term":[{"taxonomy":"product_brand","embeddable":true,"href":"https:\/\/distribucionarc.com\/tr\/wp-json\/wp\/v2\/product_brand?post=2440"},{"taxonomy":"product_cat","embeddable":true,"href":"https:\/\/distribucionarc.com\/tr\/wp-json\/wp\/v2\/product_cat?post=2440"},{"taxonomy":"product_tag","embeddable":true,"href":"https:\/\/distribucionarc.com\/tr\/wp-json\/wp\/v2\/product_tag?post=2440"}],"curies":[{"name":"wp","href":"https:\/\/api.w.org\/{rel}","templated":true}]}}