{"id":2477,"date":"2020-08-18T21:16:48","date_gmt":"2020-08-18T21:16:48","guid":{"rendered":"https:\/\/distribucionarc.com\/?post_type=product&#038;p=2477"},"modified":"2020-10-01T07:52:52","modified_gmt":"2020-10-01T07:52:52","slug":"sosisli-sandvic-icin-daha-sicak","status":"publish","type":"product","link":"https:\/\/distribucionarc.com\/tr\/producto\/calentador-para-perros-calientes\/","title":{"rendered":"sosisli sandvi\u00e7 \u0131s\u0131t\u0131c\u0131s\u0131"},"content":{"rendered":"<h3>sosisli sandvi\u00e7 \u0131s\u0131t\u0131c\u0131s\u0131<\/h3>\n<p>Fuarlarda, partilerde, imtiyaz standlar\u0131nda, festivallerde, fast food restoranlar\u0131nda, barlarda, kafelerde kullan\u0131m i\u00e7in idealdir. O <strong>sosisli sandvi\u00e7ler i\u00e7in \u0131s\u0131 koruyucu <span style=\"color: #ff0000;\">\u0130LE<\/span><span style=\"color: #0000ff;\">R<\/span>C<\/strong> Z\u0131mparalaman\u0131n kar\u015f\u0131 \u00fcst k\u0131s\u0131mdaki hasar\u0131n\u0131 azaltmak i\u00e7in paslanmaz \u00e7elik taban ve lastik ayaklarla tasarlanm\u0131\u015ft\u0131r.<\/p>\n<p>Is\u0131tma uzunlu\u011fu sosisli sandvi\u00e7ler i\u00e7in idealdir. O <strong>sosisli \u0131s\u0131t\u0131c\u0131 <span style=\"color: #ff0000;\">\u0130LE<\/span><span style=\"color: #0000ff;\">R<\/span>CPCA4<\/strong> M\u00fckemmel \u0131s\u0131tma i\u00e7in tam otomatik s\u0131cakl\u0131k kontrol\u00fcne sahiptir. Bak\u0131m ve kolay temizlik sa\u011flamak i\u00e7in t\u00fcm par\u00e7alar\u0131n montaj\u0131 ve s\u00f6k\u00fclmesi kolayd\u0131r.<\/p>\n<h6>Garanti<strong>\u00a0<\/strong><span style=\"color: #ff0000;\"><strong>\u0130LE<\/strong><\/span><span style=\"color: #0000ff;\"><strong>R<\/strong><\/span><strong>\u00c7 2 YIL<\/strong><\/h6>\n<h6><span style=\"color: #008000;\">en verimli, d\u00fc\u015f\u00fck t\u00fcketimli 450W motor<\/span><\/h6>\n<h6>teknik destek dahil<\/h6>\n<p>&nbsp;<\/p>\n<p>&nbsp;<\/p>\n<table role=\"presentation\" width=\"100%\" cellspacing=\"0\" cellpadding=\"0\">\n<tbody>\n<tr>\n<td class=\"attrLabels\">Garanti:<\/td>\n<td width=\"50.0%\">2 YIL<\/td>\n<\/tr>\n<tr>\n<td class=\"attrLabels\">Renk:<\/td>\n<td width=\"50.0%\">G\u00fcm\u00fc\u015f<\/td>\n<td class=\"attrLabels\">Y\u00fckseklik:<\/td>\n<td width=\"50.0%\">40cm<\/td>\n<\/tr>\n<tr>\n<td class=\"attrLabels\">Da\u011f\u0131t\u0131m \u00fclkesi:<\/td>\n<td width=\"50.0%\">\u0130spanya, Almanya, ABD<\/td>\n<td class=\"attrLabels\">Uzun:<\/td>\n<td width=\"50.0%\">54cm<\/td>\n<\/tr>\n<tr>\n<td class=\"attrLabels\">Marka:<\/td>\n<td width=\"50.0%\">ARK<\/td>\n<td class=\"attrLabels\">Geni\u015f:<\/td>\n<td width=\"50.0%\">30cm<\/td>\n<\/tr>\n<tr>\n<td class=\"attrLabels\">\u00dcr\u00fcn tipi:<\/td>\n<td width=\"50.0%\">sosisli sandvi\u00e7 \u0131s\u0131t\u0131c\u0131s\u0131<\/td>\n<td class=\"attrLabels\">G\u00fc\u00e7:<\/td>\n<td width=\"50.0%\">450W<\/td>\n<\/tr>\n<tr>\n<td class=\"attrLabels\">\u00dcretici numaras\u0131:<\/td>\n<td width=\"50.0%\">ARCPCA4<\/td>\n<td class=\"attrLabels\">Gerilim:<\/td>\n<td width=\"50.0%\">230V 50Hz<\/td>\n<\/tr>\n<tr>\n<td class=\"attrLabels\">Malzeme:<\/td>\n<td width=\"50.0%\">304 paslanmaz \u00e7elik, verimli motor<\/td>\n<td class=\"attrLabels\">Meyve suyu zaman\u0131:<\/td>\n<td width=\"50.0%\">Dakikada 22-30 adet<\/td>\n<\/tr>\n<tr>\n<td class=\"attrLabels\">Kurulum ara\u00e7lar\u0131:<\/td>\n<td width=\"50.0%\">Evet<\/td>\n<td class=\"attrLabels\">Cam d\u0131\u015f \u00e7ap\u0131:<\/td>\n<td width=\"50.0%\">20cm<\/td>\n<\/tr>\n<tr>\n<td class=\"attrLabels\">A\u011f\u0131rl\u0131k:<\/td>\n<td width=\"50.0%\">7,9 kg<\/td>\n<td class=\"attrLabels\">Sepet \u00e7ap\u0131:<\/td>\n<td width=\"50.0%\">17cm<\/td>\n<\/tr>\n<\/tbody>\n<\/table>","protected":false},"excerpt":{"rendered":"<h2>sosisli sandvi\u00e7 \u0131s\u0131t\u0131c\u0131s\u0131<\/h2>\n<p>O <strong>sosisli \u0131s\u0131t\u0131c\u0131 <span style=\"color: #ff0000;\">\u0130LE<\/span><span style=\"color: #0000ff;\">R<\/span>C<\/strong> M\u00fc\u015fterilerimiz i\u00e7in ideal bir se\u00e7enektir. Lezzetli sosisli sandvi\u00e7leri h\u0131zl\u0131 bir \u015fekilde haz\u0131rlamak i\u00e7in ekme\u011fin yan\u0131 s\u0131ra sosisleri de \u0131s\u0131tman\u0131za olanak tan\u0131r, ayr\u0131ca onlar\u0131 saatlerce s\u0131cak tutabilirsiniz.<\/p>\n<h6>Garanti<strong>\u00a0<\/strong><span style=\"color: #ff0000;\"><strong>\u0130LE<\/strong><\/span><span style=\"color: #0000ff;\"><strong>R<\/strong><\/span><strong>\u00c7 2 YIL<\/strong><\/h6>\n<h6><span style=\"color: #008000;\">en verimli, d\u00fc\u015f\u00fck t\u00fcketimli 450W motor<\/span><\/h6>\n<h6>teknik destek dahil<\/h6>","protected":false},"featured_media":2482,"comment_status":"open","ping_status":"closed","template":"","meta":{"wds_primary_product_brand":0,"wds_primary_product_cat":0},"product_brand":[],"product_cat":[56],"product_tag":[],"class_list":{"0":"post-2477","1":"product","2":"type-product","3":"status-publish","4":"has-post-thumbnail","6":"product_cat-maquinaria-para-ferias","7":"product_shipping_class-hosteleria","9":"first","10":"instock","11":"sale","12":"taxable","13":"shipping-taxable","14":"purchasable","15":"product-type-simple"},"yoast_head":"<!-- This site is optimized with the Yoast SEO Premium plugin v24.9 (Yoast SEO v26.1) - https:\/\/yoast.com\/wordpress\/plugins\/seo\/ -->\n<title>Calentador para perros calientes - distribuci\u00f3n ARC<\/title>\n<meta name=\"robots\" content=\"index, follow, max-snippet:-1, max-image-preview:large, max-video-preview:-1\" \/>\n<link rel=\"canonical\" href=\"https:\/\/www.distribucionarc.com\/nb\/producto\/calentador-para-perros-calientes\/\" \/>\n<meta property=\"og:locale\" content=\"tr_TR\" \/>\n<meta property=\"og:type\" content=\"article\" \/>\n<meta property=\"og:title\" content=\"Calentador para perros calientes\" \/>\n<meta property=\"og:description\" content=\"Calentador para perros calientes El calentador para perros calientes ARC es la opci\u00f3n ideal para nuestros clientes. Le permite calentar las salchichas adem\u00e1s del pan para montar deliciosos perritos calientes r\u00e1pidamente, tambi\u00e9n puede mantenerlos calientes durante horas. Garant\u00eda\u00a0ARC 2 A\u00d1OS motor m\u00e1s eficiente bajo consumo 450W soporte t\u00e9cnico\u00a0incluido\" \/>\n<meta property=\"og:url\" content=\"https:\/\/www.distribucionarc.com\/nb\/producto\/calentador-para-perros-calientes\/\" \/>\n<meta property=\"og:site_name\" content=\"distribuci\u00f3n ARC\" \/>\n<meta property=\"article:modified_time\" content=\"2020-10-01T07:52:52+00:00\" \/>\n<meta property=\"og:image\" content=\"https:\/\/www.distribucionarc.com\/wp-content\/uploads\/2020\/08\/Calentador-para-perros-calientes-0.jpg\" \/>\n\t<meta property=\"og:image:width\" content=\"1000\" \/>\n\t<meta property=\"og:image:height\" content=\"1000\" \/>\n\t<meta property=\"og:image:type\" content=\"image\/jpeg\" \/>\n<meta name=\"twitter:card\" content=\"summary_large_image\" \/>\n<meta name=\"twitter:label1\" content=\"Tahmini okuma s\u00fcresi\" \/>\n\t<meta name=\"twitter:data1\" content=\"1 dakika\" \/>\n<script type=\"application\/ld+json\" class=\"yoast-schema-graph\">{\"@context\":\"https:\/\/schema.org\",\"@graph\":[{\"@type\":\"WebPage\",\"@id\":\"https:\/\/www.distribucionarc.com\/nb\/producto\/calentador-para-perros-calientes\/\",\"url\":\"https:\/\/www.distribucionarc.com\/nb\/producto\/calentador-para-perros-calientes\/\",\"name\":\"Calentador para perros calientes - distribuci\u00f3n ARC\",\"isPartOf\":{\"@id\":\"https:\/\/distribucionarc.com\/de\/#website\"},\"primaryImageOfPage\":{\"@id\":\"https:\/\/www.distribucionarc.com\/nb\/producto\/calentador-para-perros-calientes\/#primaryimage\"},\"image\":{\"@id\":\"https:\/\/www.distribucionarc.com\/nb\/producto\/calentador-para-perros-calientes\/#primaryimage\"},\"thumbnailUrl\":\"https:\/\/distribucionarc.com\/wp-content\/uploads\/2020\/08\/Calentador-para-perros-calientes-0.jpg\",\"datePublished\":\"2020-08-18T21:16:48+00:00\",\"dateModified\":\"2020-10-01T07:52:52+00:00\",\"breadcrumb\":{\"@id\":\"https:\/\/www.distribucionarc.com\/nb\/producto\/calentador-para-perros-calientes\/#breadcrumb\"},\"inLanguage\":\"tr\",\"potentialAction\":[{\"@type\":\"ReadAction\",\"target\":[\"https:\/\/www.distribucionarc.com\/nb\/producto\/calentador-para-perros-calientes\/\"]}]},{\"@type\":\"ImageObject\",\"inLanguage\":\"tr\",\"@id\":\"https:\/\/www.distribucionarc.com\/nb\/producto\/calentador-para-perros-calientes\/#primaryimage\",\"url\":\"https:\/\/distribucionarc.com\/wp-content\/uploads\/2020\/08\/Calentador-para-perros-calientes-0.jpg\",\"contentUrl\":\"https:\/\/distribucionarc.com\/wp-content\/uploads\/2020\/08\/Calentador-para-perros-calientes-0.jpg\",\"width\":1000,\"height\":1000,\"caption\":\"Calentador para perros calientes\"},{\"@type\":\"BreadcrumbList\",\"@id\":\"https:\/\/www.distribucionarc.com\/nb\/producto\/calentador-para-perros-calientes\/#breadcrumb\",\"itemListElement\":[{\"@type\":\"ListItem\",\"position\":1,\"name\":\"Portada\",\"item\":\"https:\/\/distribucionarc.com\/pl\/\"},{\"@type\":\"ListItem\",\"position\":2,\"name\":\"Produkty\",\"item\":\"https:\/\/distribucionarc.com\/pl\/shop\/\"},{\"@type\":\"ListItem\",\"position\":3,\"name\":\"Calentador para perros calientes\"}]},{\"@type\":\"WebSite\",\"@id\":\"https:\/\/distribucionarc.com\/de\/#website\",\"url\":\"https:\/\/distribucionarc.com\/de\/\",\"name\":\"distribuci\u00f3n ARC\",\"description\":\"Empresa especializada en la fabricaci\u00f3n y distribuci\u00f3n de maquinaria industrial, selladoras de latas, Maquinas de hacer pastillas, Maquinas de cortar carne...\",\"publisher\":{\"@id\":\"https:\/\/distribucionarc.com\/de\/#organization\"},\"potentialAction\":[{\"@type\":\"SearchAction\",\"target\":{\"@type\":\"EntryPoint\",\"urlTemplate\":\"https:\/\/distribucionarc.com\/de\/?s={search_term_string}\"},\"query-input\":{\"@type\":\"PropertyValueSpecification\",\"valueRequired\":true,\"valueName\":\"search_term_string\"}}],\"inLanguage\":\"tr\"},{\"@type\":\"Organization\",\"@id\":\"https:\/\/distribucionarc.com\/de\/#organization\",\"name\":\"Distribuci\u00f3n ARC\",\"url\":\"https:\/\/distribucionarc.com\/de\/\",\"logo\":{\"@type\":\"ImageObject\",\"inLanguage\":\"tr\",\"@id\":\"https:\/\/distribucionarc.com\/de\/#\/schema\/logo\/image\/\",\"url\":\"https:\/\/distribucionarc.com\/wp-content\/uploads\/2024\/10\/distribucion-ARC-COLOR-SIN-FONDO-e1732295305345.png\",\"contentUrl\":\"https:\/\/distribucionarc.com\/wp-content\/uploads\/2024\/10\/distribucion-ARC-COLOR-SIN-FONDO-e1732295305345.png\",\"width\":1164,\"height\":558,\"caption\":\"Distribuci\u00f3n ARC\"},\"image\":{\"@id\":\"https:\/\/distribucionarc.com\/de\/#\/schema\/logo\/image\/\"},\"description\":\"Empresa especializada en la fabricaci\u00f3n y distribuci\u00f3n de maquinaria industrial para los sectores alimentario y farmac\u00e9utico. Nos especializamos en: M\u00e1quinas de cortar carne Fabricaci\u00f3n de comprimidos Sistemas de transporte industrial L\u00edneas de embotellado Dosificadores Y mucho m\u00e1s... Ofrecemos soluciones innovadoras y personalizadas para optimizar los procesos productivos de tu empresa.\",\"email\":\"Admistracion@distribucionarc.com\",\"telephone\":\"+34 643496664\",\"legalName\":\"ARC TECH SOLUTIONS\",\"foundingDate\":\"2024-04-09\",\"vatID\":\"B55480172\",\"numberOfEmployees\":{\"@type\":\"QuantitativeValue\",\"minValue\":\"1\",\"maxValue\":\"10\"}}]}<\/script>\n<!-- \/ Yoast SEO Premium plugin. -->","yoast_head_json":{"title":"Sosisli sandvi\u00e7 \u0131s\u0131t\u0131c\u0131s\u0131 - ARC da\u011f\u0131t\u0131m\u0131","robots":{"index":"index","follow":"follow","max-snippet":"max-snippet:-1","max-image-preview":"max-image-preview:large","max-video-preview":"max-video-preview:-1"},"canonical":"https:\/\/www.distribucionarc.com\/nb\/producto\/calentador-para-perros-calientes\/","og_locale":"tr_TR","og_type":"article","og_title":"Calentador para perros calientes","og_description":"Calentador para perros calientes El calentador para perros calientes ARC es la opci\u00f3n ideal para nuestros clientes. Le permite calentar las salchichas adem\u00e1s del pan para montar deliciosos perritos calientes r\u00e1pidamente, tambi\u00e9n puede mantenerlos calientes durante horas. Garant\u00eda\u00a0ARC 2 A\u00d1OS motor m\u00e1s eficiente bajo consumo 450W soporte t\u00e9cnico\u00a0incluido","og_url":"https:\/\/www.distribucionarc.com\/nb\/producto\/calentador-para-perros-calientes\/","og_site_name":"distribuci\u00f3n ARC","article_modified_time":"2020-10-01T07:52:52+00:00","og_image":[{"width":1000,"height":1000,"url":"https:\/\/www.distribucionarc.com\/wp-content\/uploads\/2020\/08\/Calentador-para-perros-calientes-0.jpg","type":"image\/jpeg"}],"twitter_card":"summary_large_image","twitter_misc":{"Tahmini okuma s\u00fcresi":"1 dakika"},"schema":{"@context":"https:\/\/schema.org","@graph":[{"@type":"WebPage","@id":"https:\/\/www.distribucionarc.com\/nb\/producto\/calentador-para-perros-calientes\/","url":"https:\/\/www.distribucionarc.com\/nb\/producto\/calentador-para-perros-calientes\/","name":"Sosisli sandvi\u00e7 \u0131s\u0131t\u0131c\u0131s\u0131 - ARC da\u011f\u0131t\u0131m\u0131","isPartOf":{"@id":"https:\/\/distribucionarc.com\/de\/#website"},"primaryImageOfPage":{"@id":"https:\/\/www.distribucionarc.com\/nb\/producto\/calentador-para-perros-calientes\/#primaryimage"},"image":{"@id":"https:\/\/www.distribucionarc.com\/nb\/producto\/calentador-para-perros-calientes\/#primaryimage"},"thumbnailUrl":"https:\/\/distribucionarc.com\/wp-content\/uploads\/2020\/08\/Calentador-para-perros-calientes-0.jpg","datePublished":"2020-08-18T21:16:48+00:00","dateModified":"2020-10-01T07:52:52+00:00","breadcrumb":{"@id":"https:\/\/www.distribucionarc.com\/nb\/producto\/calentador-para-perros-calientes\/#breadcrumb"},"inLanguage":"tr","potentialAction":[{"@type":"ReadAction","target":["https:\/\/www.distribucionarc.com\/nb\/producto\/calentador-para-perros-calientes\/"]}]},{"@type":"ImageObject","inLanguage":"tr","@id":"https:\/\/www.distribucionarc.com\/nb\/producto\/calentador-para-perros-calientes\/#primaryimage","url":"https:\/\/distribucionarc.com\/wp-content\/uploads\/2020\/08\/Calentador-para-perros-calientes-0.jpg","contentUrl":"https:\/\/distribucionarc.com\/wp-content\/uploads\/2020\/08\/Calentador-para-perros-calientes-0.jpg","width":1000,"height":1000,"caption":"Calentador para perros calientes"},{"@type":"BreadcrumbList","@id":"https:\/\/www.distribucionarc.com\/nb\/producto\/calentador-para-perros-calientes\/#breadcrumb","itemListElement":[{"@type":"ListItem","position":1,"name":"Portada","item":"https:\/\/distribucionarc.com\/pl\/"},{"@type":"ListItem","position":2,"name":"Produkty","item":"https:\/\/distribucionarc.com\/pl\/shop\/"},{"@type":"ListItem","position":3,"name":"Calentador para perros calientes"}]},{"@type":"WebSite","@id":"https:\/\/distribucionarc.com\/de\/#website","url":"https:\/\/distribucionarc.com\/de\/","name":"ARC da\u011f\u0131t\u0131m\u0131","description":"End\u00fcstriyel makinelerin \u00fcretimi ve da\u011f\u0131t\u0131m\u0131 konusunda uzmanla\u015fm\u0131\u015f \u015firket, kutu m\u00fch\u00fcrleme makineleri, tablet yapma makineleri, et kesme makineleri...","publisher":{"@id":"https:\/\/distribucionarc.com\/de\/#organization"},"potentialAction":[{"@type":"SearchAction","target":{"@type":"EntryPoint","urlTemplate":"https:\/\/distribucionarc.com\/de\/?s={search_term_string}"},"query-input":{"@type":"PropertyValueSpecification","valueRequired":true,"valueName":"search_term_string"}}],"inLanguage":"tr"},{"@type":"Organization","@id":"https:\/\/distribucionarc.com\/de\/#organization","name":"ARC Da\u011f\u0131t\u0131m\u0131","url":"https:\/\/distribucionarc.com\/de\/","logo":{"@type":"ImageObject","inLanguage":"tr","@id":"https:\/\/distribucionarc.com\/de\/#\/schema\/logo\/image\/","url":"https:\/\/distribucionarc.com\/wp-content\/uploads\/2024\/10\/distribucion-ARC-COLOR-SIN-FONDO-e1732295305345.png","contentUrl":"https:\/\/distribucionarc.com\/wp-content\/uploads\/2024\/10\/distribucion-ARC-COLOR-SIN-FONDO-e1732295305345.png","width":1164,"height":558,"caption":"Distribuci\u00f3n ARC"},"image":{"@id":"https:\/\/distribucionarc.com\/de\/#\/schema\/logo\/image\/"},"description":"\u015eirket, g\u0131da ve ila\u00e7 sekt\u00f6rleri i\u00e7in end\u00fcstriyel makine \u00fcretimi ve da\u011f\u0131t\u0131m\u0131 konusunda uzmanla\u015fm\u0131\u015ft\u0131r. Uzmanl\u0131k alanlar\u0131m\u0131z Et kesme makineleri Tablet \u00fcretimi End\u00fcstriyel ta\u015f\u0131ma sistemleri \u015ei\u015feleme hatlar\u0131 Dozajlama makineleri Ve \u00e7ok daha fazlas\u0131... \u015eirketinizin \u00fcretim s\u00fcre\u00e7lerini optimize etmek i\u00e7in yenilik\u00e7i ve \u00f6zelle\u015ftirilmi\u015f \u00e7\u00f6z\u00fcmler sunuyoruz.","email":"Admistracion@distribucionarc.com","telephone":"+34 643496664","legalName":"ARC TECH SOLUTIONS","foundingDate":"2024-04-09","vatID":"B55480172","numberOfEmployees":{"@type":"QuantitativeValue","minValue":"1","maxValue":"10"}}]}},"_links":{"self":[{"href":"https:\/\/distribucionarc.com\/tr\/wp-json\/wp\/v2\/product\/2477","targetHints":{"allow":["GET"]}}],"collection":[{"href":"https:\/\/distribucionarc.com\/tr\/wp-json\/wp\/v2\/product"}],"about":[{"href":"https:\/\/distribucionarc.com\/tr\/wp-json\/wp\/v2\/types\/product"}],"replies":[{"embeddable":true,"href":"https:\/\/distribucionarc.com\/tr\/wp-json\/wp\/v2\/comments?post=2477"}],"version-history":[{"count":0,"href":"https:\/\/distribucionarc.com\/tr\/wp-json\/wp\/v2\/product\/2477\/revisions"}],"wp:featuredmedia":[{"embeddable":true,"href":"https:\/\/distribucionarc.com\/tr\/wp-json\/wp\/v2\/media\/2482"}],"wp:attachment":[{"href":"https:\/\/distribucionarc.com\/tr\/wp-json\/wp\/v2\/media?parent=2477"}],"wp:term":[{"taxonomy":"product_brand","embeddable":true,"href":"https:\/\/distribucionarc.com\/tr\/wp-json\/wp\/v2\/product_brand?post=2477"},{"taxonomy":"product_cat","embeddable":true,"href":"https:\/\/distribucionarc.com\/tr\/wp-json\/wp\/v2\/product_cat?post=2477"},{"taxonomy":"product_tag","embeddable":true,"href":"https:\/\/distribucionarc.com\/tr\/wp-json\/wp\/v2\/product_tag?post=2477"}],"curies":[{"name":"wp","href":"https:\/\/api.w.org\/{rel}","templated":true}]}}