{"id":2597,"date":"2020-08-19T16:17:15","date_gmt":"2020-08-19T16:17:15","guid":{"rendered":"https:\/\/distribucionarc.com\/?post_type=product&#038;p=2597"},"modified":"2020-10-01T08:22:30","modified_gmt":"2020-10-01T08:22:30","slug":"otomatik-makine-icin-corek-veya-corek-profesyonel-icin-4-corek","status":"publish","type":"product","link":"https:\/\/distribucionarc.com\/tr\/producto\/maquina-automatica-para-donuts-o-rosquillas-profesional-para-4-donuts\/","title":{"rendered":"4 \u00e7\u00f6rek i\u00e7in profesyonel otomatik \u00e7\u00f6rek veya \u00e7\u00f6rek makinesi"},"content":{"rendered":"<h3>4 \u00e7\u00f6rek i\u00e7in profesyonel otomatik \u00e7\u00f6rek veya \u00e7\u00f6rek makinesi<\/h3>\n<p>\u00dcr\u00fcn\u00fcn\u00fcz\u00fcn lezzetini kaybetmeden \u00fcretiminizi art\u0131r\u0131n.<strong>\u00a0otomatik \u00e7\u00f6rek makinesi<\/strong>\u00a0ile ilgili\u00a0<strong><span style=\"color: #ff0000;\">\u0130LE<\/span><span style=\"color: #0000ff;\">R<\/span>C<\/strong>. A&#039;n\u0131z\u0131 vurgulamak i\u00e7in gerekli \u00f6zelliklere sahiptir.<strong>y\u00fcksek performans<\/strong>y\u00f6netilebilirlik ve\u00a0<span style=\"color: #008000;\"><strong>d\u00fc\u015f\u00fck enerji t\u00fcketimi<\/strong>.<\/span><\/p>\n<p>Bu\u00a0<strong>ticari \u00e7\u00f6rek makinesi<\/strong>\u00a0ile ilgili\u00a0<strong><span style=\"color: #ff0000;\">\u0130LE<\/span><span style=\"color: #0000ff;\">R<\/span>C<\/strong>\u00a0G\u0131da s\u0131n\u0131f\u0131 304 paslanmaz \u00e7elikten yap\u0131lm\u0131\u015f, sa\u011flam ve dayan\u0131kl\u0131d\u0131r. Korozyona dayan\u0131kl\u0131, paslanmaya dayan\u0131kl\u0131 ve temizlenmesi kolayd\u0131r.<\/p>\n<p>La\u00a0<strong>otomatik \u00e7\u00f6rek makinesi<\/strong>\u00a0<strong>ARCMADL4<\/strong>\u00a0Ya\u011f s\u0131cakl\u0131\u011f\u0131n\u0131n ve k\u0131zartma s\u00fcresinin rahat ve hassas kontrol\u00fc i\u00e7in ak\u0131ll\u0131 bir kontrol paneli ile donat\u0131lm\u0131\u015ft\u0131r. Pi\u015firme durumunu her zaman g\u00f6steren g\u00f6stergeler. Bu\u00a0<strong>\u00e7\u00f6rek makinesi<\/strong>\u00a0ile ilgili\u00a0<strong><span style=\"color: #ff0000;\">\u0130LE<\/span><span style=\"color: #0000ff;\">R<\/span>C<\/strong>\u00a0Otomatik \u015fekillendirme, otomatik s\u0131cakl\u0131k kontrol\u00fc, otomatik k\u0131zartma, otomatik \u00e7evirme ve \u00e7\u0131k\u0131\u015f ile tam otomatiktir.<span style=\"color: #008000;\">\u00a0<strong>enerjinizi b\u00fcy\u00fck \u00f6l\u00e7\u00fcde korur<\/strong><\/span>\u00a0ve onun zaman\u0131.<\/p>\n<p>La\u00a0<strong>mini otomatik \u00e7\u00f6rek yapma makinesi<\/strong>\u00a09,5 litre hamur alabilecek geni\u015f kapasiteli bir hazneyle birlikte gelir. Hazneyi tekrar tekrar doldurman\u0131za gerek kalmadan ayn\u0131 anda birden fazla \u00e7\u00f6rek yapabilirsiniz.<\/p>\n<p>Hazne 4 \u00e7\u00f6rek kal\u0131b\u0131yla donat\u0131lm\u0131\u015ft\u0131r, <span style=\"color: #ff0000;\"><strong>saatte 1800 adet donut \u00fcretebilme kapasitesine sahip<\/strong><\/span>. Bu 4 s\u0131ral\u0131 \u00e7\u00f6rek makinesi, daha verimli \u00e7\u00f6rek yap\u0131m\u0131 i\u00e7in iki s\u0131ra \u00e7\u00f6rek ta\u015f\u0131may\u0131 destekler; Boyut 3 ila 5 cm aras\u0131nda de\u011fi\u015fir ve 4 h\u0131z ayar\u0131 vard\u0131r.<\/p>\n<h6><strong>Garanti\u00a0<span style=\"color: #ff0000;\">\u0130LE<\/span><span style=\"color: #0000ff;\">R<\/span>C<\/strong><strong>\u00a02 YIL<\/strong><\/h6>\n<h6><span style=\"color: #008000;\">Donutlar ve donutlar i\u00e7in otomatik makine, verimli, d\u00fc\u015f\u00fck t\u00fcketim 2600w<\/span><\/h6>\n<h6><strong>teknik destek dahil<\/strong><\/h6>\n<p>&nbsp;<\/p>\n<table role=\"presentation\" width=\"100%\" cellspacing=\"0\" cellpadding=\"0\">\n<tbody>\n<tr>\n<td class=\"attrLabels\">S\u0131cakl\u0131k:<\/td>\n<td width=\"50.0%\">0-300\u00b0C<\/td>\n<\/tr>\n<tr>\n<td class=\"attrLabels\">Da\u011f\u0131t\u0131m \u00fclkesi:<\/td>\n<td width=\"50.0%\">\u0130spanya, Almanya, ABD<\/td>\n<td class=\"attrLabels\">A\u011f\u0131rl\u0131k:<\/td>\n<td width=\"50.0%\">24 kg<\/td>\n<\/tr>\n<tr>\n<td class=\"attrLabels\">Marka:<\/td>\n<td width=\"50.0%\">ARK<\/td>\n<td class=\"attrLabels\">Y\u00fckseklik:<\/td>\n<td width=\"50.0%\">39,8 cm<\/td>\n<\/tr>\n<tr>\n<td class=\"attrLabels\">Renk:<\/td>\n<td width=\"50.0%\">G\u00fcm\u00fc\u015f<\/td>\n<td class=\"attrLabels\">Uzun:<\/td>\n<td width=\"50.0%\">40,8 cm<\/td>\n<\/tr>\n<tr>\n<td class=\"attrLabels\">\u00dcr\u00fcn tipi:<\/td>\n<td width=\"50.0%\">Profesyonel otomatik \u00e7\u00f6rek makinesi<\/td>\n<td class=\"attrLabels\">Geni\u015f:<\/td>\n<td width=\"50.0%\">29,2 cm<\/td>\n<\/tr>\n<tr>\n<td class=\"attrLabels\">\u00dcretici numaras\u0131:<\/td>\n<td width=\"50.0%\">ARCMADL4<\/td>\n<td class=\"attrLabels\">G\u00fc\u00e7:<\/td>\n<td width=\"50.0%\">2600W<\/td>\n<\/tr>\n<tr>\n<td class=\"attrLabels\">Malzeme:<\/td>\n<td width=\"50.0%\">paslanmaz \u00e7elik, s\u0131cakl\u0131k kontrol\u00fc, tam otomatik<\/td>\n<td class=\"attrLabels\">giri\u015f voltaj\u0131<\/td>\n<td width=\"50.0%\">220V \u2013 60Hz<\/td>\n<\/tr>\n<tr>\n<td class=\"attrLabels\">\u00c7\u00f6rek boyutu:<\/td>\n<td width=\"50.0%\">3 \u2013 5 cm<\/td>\n<td class=\"attrLabels\">Garanti:<\/td>\n<td width=\"50.0%\">2 YIL<\/td>\n<\/tr>\n<tr>\n<td class=\"attrLabels\">Kurulum ara\u00e7lar\u0131:<\/td>\n<td width=\"50.0%\">Evet<\/td>\n<td class=\"attrLabels\">\u00dcretme:<\/td>\n<td width=\"50.0%\">Saatte 1800 adet<\/td>\n<\/tr>\n<\/tbody>\n<\/table>","protected":false},"excerpt":{"rendered":"<h2>4 \u00e7\u00f6rek i\u00e7in profesyonel otomatik \u00e7\u00f6rek veya \u00e7\u00f6rek makinesi<\/h2>\n<p>Bu\u00a0<strong>\u00e7\u00f6rek makinesi<\/strong>\u00a0ile ilgili\u00a0<strong><span style=\"color: #ff0000;\">\u0130LE<\/span><span style=\"color: #0000ff;\">R<\/span>C<\/strong>\u00a0Zincir \u00fcretimi ve hatta b\u00fcy\u00fck miktarlarda taze \u00e7\u00f6rek \u00fcretimi i\u00e7in endikedir, b\u00f6ylece t\u00fcm doku ve lezzetlerini korurlar.<\/p>\n<p>La\u00a0<strong>otomatik \u00e7\u00f6rek makinesi ARCMADL6<\/strong>\u00a0G\u0131daya uygun paslanmaz \u00e7elikten yap\u0131lm\u0131\u015ft\u0131r. Tam otomatik tasar\u0131m, y\u00fcksek verimlili\u011fi ve \u00fcretim hassasiyeti nedeniyle pop\u00fclerdir<span style=\"color: #ff0000;\"><strong> \u00dcst \u00fcste 4 \u00e7\u00f6rek<\/strong><\/span>\u00a0otomatik olu\u015fumlu: otomatik s\u0131cakl\u0131k kontrol\u00fcne sahiptir, \u00e7\u00f6rekler bant \u00fczerinde otomatik olarak d\u00f6ner\u00a0<span style=\"color: #008000;\"><strong>zamandan ve enerjiden tasarruf<\/strong><\/span>. ile\u00a0<strong>otomatik \u00e7\u00f6rek makinesi<\/strong>\u00a0\u00e7ok lezzetli \u015feyler yapabilirsin<strong>\u00a0\u00e7\u00f6rekler<\/strong> 5,5L haznesi sayesinde alt\u0131n sar\u0131s\u0131 ve \u00e7\u0131t\u0131r \u00e7\u0131t\u0131r olan donutun y\u00fczeyine kal\u0131plarken f\u0131st\u0131k, susam veya ceviz de ekleyebilirsiniz. Profesyonel veya ev i\u00e7in idealdir.<\/p>\n<h6><strong>Garanti\u00a0<span style=\"color: #ff0000;\">\u0130LE<\/span><span style=\"color: #0000ff;\">R<\/span>C<\/strong><strong>\u00a02 YIL<\/strong><\/h6>\n<h6><span style=\"color: #008000;\">Donutlar ve donutlar i\u00e7in otomatik makine, verimli, d\u00fc\u015f\u00fck t\u00fcketim 2600w<\/span><\/h6>\n<h6><strong>teknik destek dahil<\/strong><\/h6>","protected":false},"featured_media":2598,"comment_status":"open","ping_status":"closed","template":"","meta":{"wds_primary_product_brand":0,"wds_primary_product_cat":0},"product_brand":[],"product_cat":[56,53],"product_tag":[],"class_list":{"0":"post-2597","1":"product","2":"type-product","3":"status-publish","4":"has-post-thumbnail","6":"product_cat-maquinaria-para-ferias","7":"product_cat-panaderia-y-pasteleria-industrial","8":"product_shipping_class-express","10":"first","11":"instock","12":"sale","13":"taxable","14":"shipping-taxable","15":"purchasable","16":"product-type-simple"},"yoast_head":"<!-- This site is optimized with the Yoast SEO Premium plugin v24.9 (Yoast SEO v26.1) - https:\/\/yoast.com\/wordpress\/plugins\/seo\/ -->\n<title>M\u00e1quina autom\u00e1tica para donuts o rosquillas profesional para 4 donuts - distribuci\u00f3n ARC<\/title>\n<meta name=\"robots\" content=\"index, follow, max-snippet:-1, max-image-preview:large, max-video-preview:-1\" \/>\n<link rel=\"canonical\" href=\"https:\/\/www.distribucionarc.com\/hr\/producto\/maquina-automatica-para-donuts-o-rosquillas-profesional-para-4-donuts\/\" \/>\n<meta property=\"og:locale\" content=\"tr_TR\" \/>\n<meta property=\"og:type\" content=\"article\" \/>\n<meta property=\"og:title\" content=\"M\u00e1quina autom\u00e1tica para donuts o rosquillas profesional para 4 donuts\" \/>\n<meta property=\"og:description\" content=\"M\u00e1quina autom\u00e1tica para donuts o rosquillas profesional para 4 donuts Esta\u00a0m\u00e1quina de donuts\u00a0de\u00a0ARC\u00a0es la indicada para la producci\u00f3n en cadena o incluso para fabricar donuts frescos en gran cantidad para que conserven toda su textura y sabor.  La\u00a0m\u00e1quina autom\u00e1tica de rosquillas\u00a0ARCMADL6\u00a0est\u00e1 hecha de acero inoxidable de calidad alimentaria. El dise\u00f1o totalmente autom\u00e1tico es popular por su alta eficiencia y precisi\u00f3n para producir 4 donuts seguidos\u00a0con formaci\u00f3n autom\u00e1tica: dispone de control autom\u00e1tico de temperatura, los donuts giran autom\u00e1ticamente por la cinta\u00a0ahorrando tiempo y energ\u00eda. Con la\u00a0m\u00e1quina autom\u00e1tica de rosquillas\u00a0puede hacer \u00a0una gran cantidad de deliciosos\u00a0donuts dorados y crujientes gracias a su tanque de 5,5L , tambi\u00e9n se pueden a\u00f1adir cacahuetes, s\u00e9samo o nueces a la superficie del donut al moldear. Ideal para profesional o dom\u00e9stico. Garant\u00eda\u00a0ARC\u00a02 A\u00d1OS Maquina automatica para donuts y rosquillas eficiente, bajo consumo 2600w soporte t\u00e9cnico incluido\" \/>\n<meta property=\"og:url\" content=\"https:\/\/www.distribucionarc.com\/hr\/producto\/maquina-automatica-para-donuts-o-rosquillas-profesional-para-4-donuts\/\" \/>\n<meta property=\"og:site_name\" content=\"distribuci\u00f3n ARC\" \/>\n<meta property=\"article:modified_time\" content=\"2020-10-01T08:22:30+00:00\" \/>\n<meta property=\"og:image\" content=\"https:\/\/distribucionarc.com\/wp-content\/uploads\/2020\/08\/M\u00e1quina-autom\u00e1tica-para-donuts-o-rosquillas-profesional-para-4-donuts-0.jpg\" \/>\n\t<meta property=\"og:image:width\" content=\"1600\" \/>\n\t<meta property=\"og:image:height\" content=\"1600\" \/>\n\t<meta property=\"og:image:type\" content=\"image\/jpeg\" \/>\n<meta name=\"twitter:card\" content=\"summary_large_image\" \/>\n<meta name=\"twitter:label1\" content=\"Tahmini okuma s\u00fcresi\" \/>\n\t<meta name=\"twitter:data1\" content=\"2 dakika\" \/>\n<script type=\"application\/ld+json\" class=\"yoast-schema-graph\">{\"@context\":\"https:\/\/schema.org\",\"@graph\":[{\"@type\":\"WebPage\",\"@id\":\"https:\/\/www.distribucionarc.com\/hr\/producto\/maquina-automatica-para-donuts-o-rosquillas-profesional-para-4-donuts\/\",\"url\":\"https:\/\/www.distribucionarc.com\/hr\/producto\/maquina-automatica-para-donuts-o-rosquillas-profesional-para-4-donuts\/\",\"name\":\"M\u00e1quina autom\u00e1tica para donuts o rosquillas profesional para 4 donuts - distribuci\u00f3n ARC\",\"isPartOf\":{\"@id\":\"https:\/\/www.distribucionarc.com\/sl\/#website\"},\"primaryImageOfPage\":{\"@id\":\"https:\/\/www.distribucionarc.com\/hr\/producto\/maquina-automatica-para-donuts-o-rosquillas-profesional-para-4-donuts\/#primaryimage\"},\"image\":{\"@id\":\"https:\/\/www.distribucionarc.com\/hr\/producto\/maquina-automatica-para-donuts-o-rosquillas-profesional-para-4-donuts\/#primaryimage\"},\"thumbnailUrl\":\"https:\/\/distribucionarc.com\/wp-content\/uploads\/2020\/08\/M\u00e1quina-autom\u00e1tica-para-donuts-o-rosquillas-profesional-para-4-donuts-0.jpg\",\"datePublished\":\"2020-08-19T16:17:15+00:00\",\"dateModified\":\"2020-10-01T08:22:30+00:00\",\"breadcrumb\":{\"@id\":\"https:\/\/www.distribucionarc.com\/hr\/producto\/maquina-automatica-para-donuts-o-rosquillas-profesional-para-4-donuts\/#breadcrumb\"},\"inLanguage\":\"tr\",\"potentialAction\":[{\"@type\":\"ReadAction\",\"target\":[\"https:\/\/www.distribucionarc.com\/hr\/producto\/maquina-automatica-para-donuts-o-rosquillas-profesional-para-4-donuts\/\"]}]},{\"@type\":\"ImageObject\",\"inLanguage\":\"tr\",\"@id\":\"https:\/\/www.distribucionarc.com\/hr\/producto\/maquina-automatica-para-donuts-o-rosquillas-profesional-para-4-donuts\/#primaryimage\",\"url\":\"https:\/\/distribucionarc.com\/wp-content\/uploads\/2020\/08\/M\u00e1quina-autom\u00e1tica-para-donuts-o-rosquillas-profesional-para-4-donuts-0.jpg\",\"contentUrl\":\"https:\/\/distribucionarc.com\/wp-content\/uploads\/2020\/08\/M\u00e1quina-autom\u00e1tica-para-donuts-o-rosquillas-profesional-para-4-donuts-0.jpg\",\"width\":1600,\"height\":1600,\"caption\":\"M\u00e1quina autom\u00e1tica para donuts o rosquillas profesional para 4 donuts\"},{\"@type\":\"BreadcrumbList\",\"@id\":\"https:\/\/www.distribucionarc.com\/hr\/producto\/maquina-automatica-para-donuts-o-rosquillas-profesional-para-4-donuts\/#breadcrumb\",\"itemListElement\":[{\"@type\":\"ListItem\",\"position\":1,\"name\":\"Portada\",\"item\":\"https:\/\/www.distribucionarc.com\/\"},{\"@type\":\"ListItem\",\"position\":2,\"name\":\"\u00dcr\u00fcnler\",\"item\":\"https:\/\/www.distribucionarc.com\/tr\/magaza\/\"},{\"@type\":\"ListItem\",\"position\":3,\"name\":\"M\u00e1quina autom\u00e1tica para donuts o rosquillas profesional para 4 donuts\"}]},{\"@type\":\"WebSite\",\"@id\":\"https:\/\/www.distribucionarc.com\/sl\/#website\",\"url\":\"https:\/\/www.distribucionarc.com\/sl\/\",\"name\":\"distribuci\u00f3n ARC\",\"description\":\"Empresa especializada en la fabricaci\u00f3n y distribuci\u00f3n de maquinaria industrial, selladoras de latas, Maquinas de hacer pastillas, Maquinas de cortar carne...\",\"publisher\":{\"@id\":\"https:\/\/www.distribucionarc.com\/sl\/#organization\"},\"potentialAction\":[{\"@type\":\"SearchAction\",\"target\":{\"@type\":\"EntryPoint\",\"urlTemplate\":\"https:\/\/www.distribucionarc.com\/sl\/?s={search_term_string}\"},\"query-input\":{\"@type\":\"PropertyValueSpecification\",\"valueRequired\":true,\"valueName\":\"search_term_string\"}}],\"inLanguage\":\"tr\"},{\"@type\":\"Organization\",\"@id\":\"https:\/\/www.distribucionarc.com\/sl\/#organization\",\"name\":\"Distribuci\u00f3n ARC\",\"url\":\"https:\/\/www.distribucionarc.com\/sl\/\",\"logo\":{\"@type\":\"ImageObject\",\"inLanguage\":\"tr\",\"@id\":\"https:\/\/www.distribucionarc.com\/sl\/#\/schema\/logo\/image\/\",\"url\":\"https:\/\/distribucionarc.com\/wp-content\/uploads\/2024\/10\/distribucion-ARC-COLOR-SIN-FONDO-e1732295305345.png\",\"contentUrl\":\"https:\/\/distribucionarc.com\/wp-content\/uploads\/2024\/10\/distribucion-ARC-COLOR-SIN-FONDO-e1732295305345.png\",\"width\":1164,\"height\":558,\"caption\":\"Distribuci\u00f3n ARC\"},\"image\":{\"@id\":\"https:\/\/www.distribucionarc.com\/sl\/#\/schema\/logo\/image\/\"},\"description\":\"Empresa especializada en la fabricaci\u00f3n y distribuci\u00f3n de maquinaria industrial para los sectores alimentario y farmac\u00e9utico. Nos especializamos en: M\u00e1quinas de cortar carne Fabricaci\u00f3n de comprimidos Sistemas de transporte industrial L\u00edneas de embotellado Dosificadores Y mucho m\u00e1s... Ofrecemos soluciones innovadoras y personalizadas para optimizar los procesos productivos de tu empresa.\",\"email\":\"Admistracion@distribucionarc.com\",\"telephone\":\"+34 643496664\",\"legalName\":\"ARC TECH SOLUTIONS\",\"foundingDate\":\"2024-04-09\",\"vatID\":\"B55480172\",\"numberOfEmployees\":{\"@type\":\"QuantitativeValue\",\"minValue\":\"1\",\"maxValue\":\"10\"}}]}<\/script>\n<!-- \/ Yoast SEO Premium plugin. -->","yoast_head_json":{"title":"4 \u00e7\u00f6rek i\u00e7in profesyonel otomatik \u00e7\u00f6rek veya \u00e7\u00f6rek makinesi - ARC da\u011f\u0131t\u0131m\u0131","robots":{"index":"index","follow":"follow","max-snippet":"max-snippet:-1","max-image-preview":"max-image-preview:large","max-video-preview":"max-video-preview:-1"},"canonical":"https:\/\/www.distribucionarc.com\/hr\/producto\/maquina-automatica-para-donuts-o-rosquillas-profesional-para-4-donuts\/","og_locale":"tr_TR","og_type":"article","og_title":"M\u00e1quina autom\u00e1tica para donuts o rosquillas profesional para 4 donuts","og_description":"M\u00e1quina autom\u00e1tica para donuts o rosquillas profesional para 4 donuts Esta\u00a0m\u00e1quina de donuts\u00a0de\u00a0ARC\u00a0es la indicada para la producci\u00f3n en cadena o incluso para fabricar donuts frescos en gran cantidad para que conserven toda su textura y sabor.  La\u00a0m\u00e1quina autom\u00e1tica de rosquillas\u00a0ARCMADL6\u00a0est\u00e1 hecha de acero inoxidable de calidad alimentaria. El dise\u00f1o totalmente autom\u00e1tico es popular por su alta eficiencia y precisi\u00f3n para producir 4 donuts seguidos\u00a0con formaci\u00f3n autom\u00e1tica: dispone de control autom\u00e1tico de temperatura, los donuts giran autom\u00e1ticamente por la cinta\u00a0ahorrando tiempo y energ\u00eda. Con la\u00a0m\u00e1quina autom\u00e1tica de rosquillas\u00a0puede hacer \u00a0una gran cantidad de deliciosos\u00a0donuts dorados y crujientes gracias a su tanque de 5,5L , tambi\u00e9n se pueden a\u00f1adir cacahuetes, s\u00e9samo o nueces a la superficie del donut al moldear. Ideal para profesional o dom\u00e9stico. Garant\u00eda\u00a0ARC\u00a02 A\u00d1OS Maquina automatica para donuts y rosquillas eficiente, bajo consumo 2600w soporte t\u00e9cnico incluido","og_url":"https:\/\/www.distribucionarc.com\/hr\/producto\/maquina-automatica-para-donuts-o-rosquillas-profesional-para-4-donuts\/","og_site_name":"distribuci\u00f3n ARC","article_modified_time":"2020-10-01T08:22:30+00:00","og_image":[{"width":1600,"height":1600,"url":"https:\/\/distribucionarc.com\/wp-content\/uploads\/2020\/08\/M\u00e1quina-autom\u00e1tica-para-donuts-o-rosquillas-profesional-para-4-donuts-0.jpg","type":"image\/jpeg"}],"twitter_card":"summary_large_image","twitter_misc":{"Tahmini okuma s\u00fcresi":"2 dakika"},"schema":{"@context":"https:\/\/schema.org","@graph":[{"@type":"WebPage","@id":"https:\/\/www.distribucionarc.com\/hr\/producto\/maquina-automatica-para-donuts-o-rosquillas-profesional-para-4-donuts\/","url":"https:\/\/www.distribucionarc.com\/hr\/producto\/maquina-automatica-para-donuts-o-rosquillas-profesional-para-4-donuts\/","name":"4 \u00e7\u00f6rek i\u00e7in profesyonel otomatik \u00e7\u00f6rek veya \u00e7\u00f6rek makinesi - ARC da\u011f\u0131t\u0131m\u0131","isPartOf":{"@id":"https:\/\/www.distribucionarc.com\/sl\/#website"},"primaryImageOfPage":{"@id":"https:\/\/www.distribucionarc.com\/hr\/producto\/maquina-automatica-para-donuts-o-rosquillas-profesional-para-4-donuts\/#primaryimage"},"image":{"@id":"https:\/\/www.distribucionarc.com\/hr\/producto\/maquina-automatica-para-donuts-o-rosquillas-profesional-para-4-donuts\/#primaryimage"},"thumbnailUrl":"https:\/\/distribucionarc.com\/wp-content\/uploads\/2020\/08\/M\u00e1quina-autom\u00e1tica-para-donuts-o-rosquillas-profesional-para-4-donuts-0.jpg","datePublished":"2020-08-19T16:17:15+00:00","dateModified":"2020-10-01T08:22:30+00:00","breadcrumb":{"@id":"https:\/\/www.distribucionarc.com\/hr\/producto\/maquina-automatica-para-donuts-o-rosquillas-profesional-para-4-donuts\/#breadcrumb"},"inLanguage":"tr","potentialAction":[{"@type":"ReadAction","target":["https:\/\/www.distribucionarc.com\/hr\/producto\/maquina-automatica-para-donuts-o-rosquillas-profesional-para-4-donuts\/"]}]},{"@type":"ImageObject","inLanguage":"tr","@id":"https:\/\/www.distribucionarc.com\/hr\/producto\/maquina-automatica-para-donuts-o-rosquillas-profesional-para-4-donuts\/#primaryimage","url":"https:\/\/distribucionarc.com\/wp-content\/uploads\/2020\/08\/M\u00e1quina-autom\u00e1tica-para-donuts-o-rosquillas-profesional-para-4-donuts-0.jpg","contentUrl":"https:\/\/distribucionarc.com\/wp-content\/uploads\/2020\/08\/M\u00e1quina-autom\u00e1tica-para-donuts-o-rosquillas-profesional-para-4-donuts-0.jpg","width":1600,"height":1600,"caption":"M\u00e1quina autom\u00e1tica para donuts o rosquillas profesional para 4 donuts"},{"@type":"BreadcrumbList","@id":"https:\/\/www.distribucionarc.com\/hr\/producto\/maquina-automatica-para-donuts-o-rosquillas-profesional-para-4-donuts\/#breadcrumb","itemListElement":[{"@type":"ListItem","position":1,"name":"Portada","item":"https:\/\/www.distribucionarc.com\/"},{"@type":"ListItem","position":2,"name":"\u00dcr\u00fcnler","item":"https:\/\/www.distribucionarc.com\/tr\/magaza\/"},{"@type":"ListItem","position":3,"name":"M\u00e1quina autom\u00e1tica para donuts o rosquillas profesional para 4 donuts"}]},{"@type":"WebSite","@id":"https:\/\/www.distribucionarc.com\/sl\/#website","url":"https:\/\/www.distribucionarc.com\/sl\/","name":"ARC da\u011f\u0131t\u0131m\u0131","description":"End\u00fcstriyel makinelerin \u00fcretimi ve da\u011f\u0131t\u0131m\u0131 konusunda uzmanla\u015fm\u0131\u015f \u015firket, kutu m\u00fch\u00fcrleme makineleri, tablet yapma makineleri, et kesme makineleri...","publisher":{"@id":"https:\/\/www.distribucionarc.com\/sl\/#organization"},"potentialAction":[{"@type":"SearchAction","target":{"@type":"EntryPoint","urlTemplate":"https:\/\/www.distribucionarc.com\/sl\/?s={search_term_string}"},"query-input":{"@type":"PropertyValueSpecification","valueRequired":true,"valueName":"search_term_string"}}],"inLanguage":"tr"},{"@type":"Organization","@id":"https:\/\/www.distribucionarc.com\/sl\/#organization","name":"ARC Da\u011f\u0131t\u0131m\u0131","url":"https:\/\/www.distribucionarc.com\/sl\/","logo":{"@type":"ImageObject","inLanguage":"tr","@id":"https:\/\/www.distribucionarc.com\/sl\/#\/schema\/logo\/image\/","url":"https:\/\/distribucionarc.com\/wp-content\/uploads\/2024\/10\/distribucion-ARC-COLOR-SIN-FONDO-e1732295305345.png","contentUrl":"https:\/\/distribucionarc.com\/wp-content\/uploads\/2024\/10\/distribucion-ARC-COLOR-SIN-FONDO-e1732295305345.png","width":1164,"height":558,"caption":"Distribuci\u00f3n ARC"},"image":{"@id":"https:\/\/www.distribucionarc.com\/sl\/#\/schema\/logo\/image\/"},"description":"\u015eirket, g\u0131da ve ila\u00e7 sekt\u00f6rleri i\u00e7in end\u00fcstriyel makine \u00fcretimi ve da\u011f\u0131t\u0131m\u0131 konusunda uzmanla\u015fm\u0131\u015ft\u0131r. Uzmanl\u0131k alanlar\u0131m\u0131z Et kesme makineleri Tablet \u00fcretimi End\u00fcstriyel ta\u015f\u0131ma sistemleri \u015ei\u015feleme hatlar\u0131 Dozajlama makineleri Ve \u00e7ok daha fazlas\u0131... \u015eirketinizin \u00fcretim s\u00fcre\u00e7lerini optimize etmek i\u00e7in yenilik\u00e7i ve \u00f6zelle\u015ftirilmi\u015f \u00e7\u00f6z\u00fcmler sunuyoruz.","email":"Admistracion@distribucionarc.com","telephone":"+34 643496664","legalName":"ARC TECH SOLUTIONS","foundingDate":"2024-04-09","vatID":"B55480172","numberOfEmployees":{"@type":"QuantitativeValue","minValue":"1","maxValue":"10"}}]}},"_links":{"self":[{"href":"https:\/\/distribucionarc.com\/tr\/wp-json\/wp\/v2\/product\/2597","targetHints":{"allow":["GET"]}}],"collection":[{"href":"https:\/\/distribucionarc.com\/tr\/wp-json\/wp\/v2\/product"}],"about":[{"href":"https:\/\/distribucionarc.com\/tr\/wp-json\/wp\/v2\/types\/product"}],"replies":[{"embeddable":true,"href":"https:\/\/distribucionarc.com\/tr\/wp-json\/wp\/v2\/comments?post=2597"}],"version-history":[{"count":0,"href":"https:\/\/distribucionarc.com\/tr\/wp-json\/wp\/v2\/product\/2597\/revisions"}],"wp:featuredmedia":[{"embeddable":true,"href":"https:\/\/distribucionarc.com\/tr\/wp-json\/wp\/v2\/media\/2598"}],"wp:attachment":[{"href":"https:\/\/distribucionarc.com\/tr\/wp-json\/wp\/v2\/media?parent=2597"}],"wp:term":[{"taxonomy":"product_brand","embeddable":true,"href":"https:\/\/distribucionarc.com\/tr\/wp-json\/wp\/v2\/product_brand?post=2597"},{"taxonomy":"product_cat","embeddable":true,"href":"https:\/\/distribucionarc.com\/tr\/wp-json\/wp\/v2\/product_cat?post=2597"},{"taxonomy":"product_tag","embeddable":true,"href":"https:\/\/distribucionarc.com\/tr\/wp-json\/wp\/v2\/product_tag?post=2597"}],"curies":[{"name":"wp","href":"https:\/\/api.w.org\/{rel}","templated":true}]}}