{"id":2665,"date":"2020-08-20T10:37:15","date_gmt":"2020-08-20T10:37:15","guid":{"rendered":"https:\/\/distribucionarc.com\/?post_type=product&#038;p=2665"},"modified":"2020-10-08T15:02:12","modified_gmt":"2020-10-08T15:02:12","slug":"sosisli-sandvic-icin-teshir","status":"publish","type":"product","link":"https:\/\/distribucionarc.com\/tr\/producto\/expositor-para-perritos-calientes\/","title":{"rendered":"Sosisli sandvi\u00e7 g\u00f6sterisi"},"content":{"rendered":"<h3>Sosisli sandvi\u00e7 g\u00f6sterisi<\/h3>\n<p>V\u00fccudu <strong>sosisli sandvi\u00e7 \u0131s\u0131t\u0131c\u0131s\u0131 <span style=\"color: #ff0000;\">\u0130LE<\/span><span style=\"color: #0000ff;\">R<\/span>C<\/strong> 304 g\u0131da s\u0131n\u0131f\u0131 paslanmaz \u00e7elikten \u00fcretilmi\u015f olup paslanmaya kar\u015f\u0131 \u00e7ok dayan\u0131kl\u0131, sa\u011flam ve temizlenmesi kolayd\u0131r. Lavaboda veya bula\u015f\u0131k makinesinde kolay temizlik i\u00e7in tepsiler ve kap\u0131lar \u00e7\u0131kar\u0131labilir.<\/p>\n<p>Her boyuttaki sosisli sandvi\u00e7 ve sosisleri bar\u0131nd\u0131r\u0131r ve m\u00fc\u015fterilerinizi memnun etmek i\u00e7in bunlar\u0131 m\u00fcmk\u00fcn olan en iyi \u015fekilde saklar; termostat her t\u00fcrl\u00fc pi\u015firme veya \u0131s\u0131 tutma ihtiyac\u0131na g\u00f6re ayarlanabilir.<\/p>\n<p>La<strong> sosisli sandvi\u00e7 vitrini <span style=\"color: #ff0000;\">\u0130LE<\/span><span style=\"color: #0000ff;\">R<\/span>CVCP3<\/strong> sizi d\u00fc\u015f\u00fck su seviyesi konusunda LED g\u00f6stergesiyle uyaracak, <strong>m\u00fckemmel yal\u0131t\u0131m<\/strong> A\u00e7\u0131k havada veya kapal\u0131 alanda uzun s\u00fcre \u00e7al\u0131\u015fmay\u0131 sa\u011flar.  \u00d6zenli g\u00f6r\u00fcn\u00fcm\u00fc onu \u00e7ok k\u0131l\u0131yor <strong>birka\u00e7 metre \u00f6teden vuruyor<\/strong>Kolay eri\u015filebilen s\u00fcrg\u00fcl\u00fc kapaklar\u0131 sayesinde kullan\u0131m\u0131 basit ve rahatt\u0131r.<\/p>\n<h6><strong>Garanti\u00a0<span style=\"color: #ff0000;\">\u0130LE<\/span><span style=\"color: #0000ff;\">R<\/span>C<\/strong><strong>\u00a02 YIL<\/strong><\/h6>\n<h6><span style=\"color: #008000;\">Verimli sosisli sandvi\u00e7 \u0131s\u0131t\u0131c\u0131s\u0131, d\u00fc\u015f\u00fck t\u00fcketim 1350w<\/span><\/h6>\n<h6><strong>teknik destek dahil<\/strong><\/h6>\n<p>&nbsp;<\/p>\n<p>&nbsp;<\/p>\n<table width=\"100%\">\n<tbody>\n<tr>\n<td>Marka:<\/td>\n<td width=\"32%\">ARK<\/td>\n<td>A\u011f\u0131rl\u0131k:<\/td>\n<td width=\"30%\">10 kg<\/td>\n<\/tr>\n<tr>\n<td>Da\u011f\u0131t\u0131m \u00fclkesi:<\/td>\n<td width=\"32%\">\u0130spanya, Almanya, ABD<\/td>\n<td>Y\u00fckseklik:<\/td>\n<td width=\"30%\">61,3 cm<\/td>\n<\/tr>\n<tr>\n<td>Renk:<\/td>\n<td width=\"32%\">G\u00fcm\u00fc\u015f<\/td>\n<td>Uzun:<\/td>\n<td width=\"30%\">34,7 cm<\/td>\n<\/tr>\n<tr>\n<td>\u00dcr\u00fcn tipi:<\/td>\n<td width=\"32%\">sosisli sandvi\u00e7 \u0131s\u0131t\u0131c\u0131s\u0131<\/td>\n<td>Geni\u015f:<\/td>\n<td width=\"30%\">40,8 cm<\/td>\n<\/tr>\n<tr>\n<td>\u00dcretici numaras\u0131:<\/td>\n<td width=\"32%\">ARCVCP3<\/td>\n<td>G\u00fc\u00e7:<\/td>\n<td width=\"30%\">1350W<\/td>\n<\/tr>\n<tr>\n<td>Malzeme:<\/td>\n<td width=\"32%\">paslanmaz \u00e7elik, s\u0131cakl\u0131k kontrol\u00fc, termal cam<\/td>\n<td>Garanti:<\/td>\n<td width=\"30%\">2 YIL<\/td>\n<\/tr>\n<tr>\n<td>S\u0131cakl\u0131k aral\u0131\u011f\u0131:<\/td>\n<td width=\"32%\">30 \u2013 110 C\u00b0<\/td>\n<td>Kurulum ara\u00e7lar\u0131:<\/td>\n<td width=\"30%\">Evet<\/td>\n<\/tr>\n<\/tbody>\n<\/table>","protected":false},"excerpt":{"rendered":"<h2>Sosisli sandvi\u00e7 g\u00f6sterisi<\/h2>\n<p>Bu <strong>Sosisli sandvi\u00e7 vitrini <span style=\"color: #ff0000;\">\u0130LE<\/span><span style=\"color: #0000ff;\">R<\/span>C <\/strong>Uzun s\u00fcreli hizmetler i\u00e7in profesyonel olup bir\u00e7ok etkinlik ve etkinlik i\u00e7in idealdir... fuarlar, kafeler, partiler, fast food restoranlar\u0131, festivaller ve \u00e7ok daha fazlas\u0131. Yiyecekleri e\u015fit \u015fekilde \u0131s\u0131t\u0131r ve yiyeceklerin tad\u0131n\u0131n uzun s\u00fcre taze kalmas\u0131n\u0131 sa\u011flar. Is\u0131ya dayan\u0131kl\u0131 temperli cam, yiyecekleri do\u011fru s\u0131cakl\u0131kta tutacakt\u0131r <strong>parlakl\u0131\u011f\u0131n\u0131 ve lezzetini koruyarak m\u00fc\u015fterilerinizin i\u015ftah\u0131n\u0131 kabart\u0131yor.<\/strong> Zarif geleneksel tasar\u0131m\u0131, \u00e7ok uzak mesafelerden g\u00f6r\u00fclebilmesini sa\u011flar. <span style=\"color: #008000;\"><strong>verimli, d\u00fc\u015f\u00fck t\u00fcketimli bir motor.<\/strong><\/span> Ta\u015f\u0131may\u0131 kolayla\u015ft\u0131rmak i\u00e7in \u00e7ok az montaj gerektirir<\/p>\n<h6><strong>Garanti\u00a0<span style=\"color: #ff0000;\">\u0130LE<\/span><span style=\"color: #0000ff;\">R<\/span>C<\/strong><strong>\u00a02 YIL<\/strong><\/h6>\n<h6><span style=\"color: #008000;\">Verimli sosisli sandvi\u00e7 \u0131s\u0131t\u0131c\u0131s\u0131, d\u00fc\u015f\u00fck t\u00fcketim 1350w<\/span><\/h6>\n<h6><strong>teknik destek dahil<\/strong><\/h6>","protected":false},"featured_media":2672,"comment_status":"open","ping_status":"closed","template":"","meta":{"wds_primary_product_brand":0,"wds_primary_product_cat":0},"product_brand":[],"product_cat":[56,41],"product_tag":[],"class_list":{"0":"post-2665","1":"product","2":"type-product","3":"status-publish","4":"has-post-thumbnail","6":"product_cat-maquinaria-para-ferias","7":"product_cat-expositor-de-alimentos","8":"product_shipping_class-hosteleria","10":"first","11":"instock","12":"sale","13":"taxable","14":"shipping-taxable","15":"purchasable","16":"product-type-simple"},"yoast_head":"<!-- This site is optimized with the Yoast SEO Premium plugin v24.9 (Yoast SEO v26.1) - https:\/\/yoast.com\/wordpress\/plugins\/seo\/ -->\n<title>Expositor para perritos calientes - distribuci\u00f3n ARC<\/title>\n<meta name=\"robots\" content=\"index, follow, max-snippet:-1, max-image-preview:large, max-video-preview:-1\" \/>\n<link rel=\"canonical\" href=\"https:\/\/www.distribucionarc.com\/sl\/producto\/expositor-para-perritos-calientes\/\" \/>\n<meta property=\"og:locale\" content=\"tr_TR\" \/>\n<meta property=\"og:type\" content=\"article\" \/>\n<meta property=\"og:title\" content=\"Expositor para perritos calientes\" \/>\n<meta property=\"og:description\" content=\"Expositor para perritos calientes Este Vitrina para perritos calientes ARC profesional para largos servicios, es ideal para muchos eventos y ocasiones...ferias, cafeter\u00edas, fiestas, restaurantes de comida r\u00e1pida, festivales y mucho m\u00e1s. Calienta los alimentos uniformemente y mantiene el sabor fresco de los alimentos durante mucho tiempo. Los cristales templados resistentes al calor conservar\u00e1n los alimentos a la temperatura adecuada conservando su brillo y sabor para despertar el apetito de sus clientes. Su elegante dise\u00f1o tradicional la hace visible a gran distancia, cuenta con un motor eficiente de bajo consumo. Requiere de poco montaje para facilitar su transporte Garant\u00eda\u00a0ARC\u00a02 A\u00d1OS Calentador de perritos calientes eficiente, bajo consumo 1350w soporte t\u00e9cnico incluido\" \/>\n<meta property=\"og:url\" content=\"https:\/\/www.distribucionarc.com\/sl\/producto\/expositor-para-perritos-calientes\/\" \/>\n<meta property=\"og:site_name\" content=\"distribuci\u00f3n ARC\" \/>\n<meta property=\"article:modified_time\" content=\"2020-10-08T15:02:12+00:00\" \/>\n<meta property=\"og:image\" content=\"https:\/\/www.distribucionarc.com\/wp-content\/uploads\/2020\/08\/Expositor-para-perritos-calientes-0.jpg\" \/>\n\t<meta property=\"og:image:width\" content=\"1001\" \/>\n\t<meta property=\"og:image:height\" content=\"1001\" \/>\n\t<meta property=\"og:image:type\" content=\"image\/jpeg\" \/>\n<meta name=\"twitter:card\" content=\"summary_large_image\" \/>\n<meta name=\"twitter:label1\" content=\"Tahmini okuma s\u00fcresi\" \/>\n\t<meta name=\"twitter:data1\" content=\"1 dakika\" \/>\n<script type=\"application\/ld+json\" class=\"yoast-schema-graph\">{\"@context\":\"https:\/\/schema.org\",\"@graph\":[{\"@type\":\"WebPage\",\"@id\":\"https:\/\/www.distribucionarc.com\/sl\/producto\/expositor-para-perritos-calientes\/\",\"url\":\"https:\/\/www.distribucionarc.com\/sl\/producto\/expositor-para-perritos-calientes\/\",\"name\":\"Expositor para perritos calientes - distribuci\u00f3n ARC\",\"isPartOf\":{\"@id\":\"https:\/\/www.distribucionarc.com\/sl\/#website\"},\"primaryImageOfPage\":{\"@id\":\"https:\/\/www.distribucionarc.com\/sl\/producto\/expositor-para-perritos-calientes\/#primaryimage\"},\"image\":{\"@id\":\"https:\/\/www.distribucionarc.com\/sl\/producto\/expositor-para-perritos-calientes\/#primaryimage\"},\"thumbnailUrl\":\"https:\/\/distribucionarc.com\/wp-content\/uploads\/2020\/08\/Expositor-para-perritos-calientes-0.jpg\",\"datePublished\":\"2020-08-20T10:37:15+00:00\",\"dateModified\":\"2020-10-08T15:02:12+00:00\",\"breadcrumb\":{\"@id\":\"https:\/\/www.distribucionarc.com\/sl\/producto\/expositor-para-perritos-calientes\/#breadcrumb\"},\"inLanguage\":\"tr\",\"potentialAction\":[{\"@type\":\"ReadAction\",\"target\":[\"https:\/\/www.distribucionarc.com\/sl\/producto\/expositor-para-perritos-calientes\/\"]}]},{\"@type\":\"ImageObject\",\"inLanguage\":\"tr\",\"@id\":\"https:\/\/www.distribucionarc.com\/sl\/producto\/expositor-para-perritos-calientes\/#primaryimage\",\"url\":\"https:\/\/distribucionarc.com\/wp-content\/uploads\/2020\/08\/Expositor-para-perritos-calientes-0.jpg\",\"contentUrl\":\"https:\/\/distribucionarc.com\/wp-content\/uploads\/2020\/08\/Expositor-para-perritos-calientes-0.jpg\",\"width\":1001,\"height\":1001,\"caption\":\"Expositor para perritos calientes\"},{\"@type\":\"BreadcrumbList\",\"@id\":\"https:\/\/www.distribucionarc.com\/sl\/producto\/expositor-para-perritos-calientes\/#breadcrumb\",\"itemListElement\":[{\"@type\":\"ListItem\",\"position\":1,\"name\":\"Portada\",\"item\":\"https:\/\/www.distribucionarc.com\/\"},{\"@type\":\"ListItem\",\"position\":2,\"name\":\"\u00dcr\u00fcnler\",\"item\":\"https:\/\/www.distribucionarc.com\/tr\/magaza\/\"},{\"@type\":\"ListItem\",\"position\":3,\"name\":\"Expositor para perritos calientes\"}]},{\"@type\":\"WebSite\",\"@id\":\"https:\/\/www.distribucionarc.com\/sl\/#website\",\"url\":\"https:\/\/www.distribucionarc.com\/sl\/\",\"name\":\"distribuci\u00f3n ARC\",\"description\":\"Empresa especializada en la fabricaci\u00f3n y distribuci\u00f3n de maquinaria industrial, selladoras de latas, Maquinas de hacer pastillas, Maquinas de cortar carne...\",\"publisher\":{\"@id\":\"https:\/\/www.distribucionarc.com\/sl\/#organization\"},\"potentialAction\":[{\"@type\":\"SearchAction\",\"target\":{\"@type\":\"EntryPoint\",\"urlTemplate\":\"https:\/\/www.distribucionarc.com\/sl\/?s={search_term_string}\"},\"query-input\":{\"@type\":\"PropertyValueSpecification\",\"valueRequired\":true,\"valueName\":\"search_term_string\"}}],\"inLanguage\":\"tr\"},{\"@type\":\"Organization\",\"@id\":\"https:\/\/www.distribucionarc.com\/sl\/#organization\",\"name\":\"Distribuci\u00f3n ARC\",\"url\":\"https:\/\/www.distribucionarc.com\/sl\/\",\"logo\":{\"@type\":\"ImageObject\",\"inLanguage\":\"tr\",\"@id\":\"https:\/\/www.distribucionarc.com\/sl\/#\/schema\/logo\/image\/\",\"url\":\"https:\/\/distribucionarc.com\/wp-content\/uploads\/2024\/10\/distribucion-ARC-COLOR-SIN-FONDO-e1732295305345.png\",\"contentUrl\":\"https:\/\/distribucionarc.com\/wp-content\/uploads\/2024\/10\/distribucion-ARC-COLOR-SIN-FONDO-e1732295305345.png\",\"width\":1164,\"height\":558,\"caption\":\"Distribuci\u00f3n ARC\"},\"image\":{\"@id\":\"https:\/\/www.distribucionarc.com\/sl\/#\/schema\/logo\/image\/\"},\"description\":\"Empresa especializada en la fabricaci\u00f3n y distribuci\u00f3n de maquinaria industrial para los sectores alimentario y farmac\u00e9utico. Nos especializamos en: M\u00e1quinas de cortar carne Fabricaci\u00f3n de comprimidos Sistemas de transporte industrial L\u00edneas de embotellado Dosificadores Y mucho m\u00e1s... Ofrecemos soluciones innovadoras y personalizadas para optimizar los procesos productivos de tu empresa.\",\"email\":\"Admistracion@distribucionarc.com\",\"telephone\":\"+34 643496664\",\"legalName\":\"ARC TECH SOLUTIONS\",\"foundingDate\":\"2024-04-09\",\"vatID\":\"B55480172\",\"numberOfEmployees\":{\"@type\":\"QuantitativeValue\",\"minValue\":\"1\",\"maxValue\":\"10\"}}]}<\/script>\n<!-- \/ Yoast SEO Premium plugin. -->","yoast_head_json":{"title":"Sosisli sandvi\u00e7 g\u00f6sterimi - ARC da\u011f\u0131t\u0131m\u0131","robots":{"index":"index","follow":"follow","max-snippet":"max-snippet:-1","max-image-preview":"max-image-preview:large","max-video-preview":"max-video-preview:-1"},"canonical":"https:\/\/www.distribucionarc.com\/sl\/producto\/expositor-para-perritos-calientes\/","og_locale":"tr_TR","og_type":"article","og_title":"Expositor para perritos calientes","og_description":"Expositor para perritos calientes Este Vitrina para perritos calientes ARC profesional para largos servicios, es ideal para muchos eventos y ocasiones...ferias, cafeter\u00edas, fiestas, restaurantes de comida r\u00e1pida, festivales y mucho m\u00e1s. Calienta los alimentos uniformemente y mantiene el sabor fresco de los alimentos durante mucho tiempo. Los cristales templados resistentes al calor conservar\u00e1n los alimentos a la temperatura adecuada conservando su brillo y sabor para despertar el apetito de sus clientes. Su elegante dise\u00f1o tradicional la hace visible a gran distancia, cuenta con un motor eficiente de bajo consumo. Requiere de poco montaje para facilitar su transporte Garant\u00eda\u00a0ARC\u00a02 A\u00d1OS Calentador de perritos calientes eficiente, bajo consumo 1350w soporte t\u00e9cnico incluido","og_url":"https:\/\/www.distribucionarc.com\/sl\/producto\/expositor-para-perritos-calientes\/","og_site_name":"distribuci\u00f3n ARC","article_modified_time":"2020-10-08T15:02:12+00:00","og_image":[{"width":1001,"height":1001,"url":"https:\/\/www.distribucionarc.com\/wp-content\/uploads\/2020\/08\/Expositor-para-perritos-calientes-0.jpg","type":"image\/jpeg"}],"twitter_card":"summary_large_image","twitter_misc":{"Tahmini okuma s\u00fcresi":"1 dakika"},"schema":{"@context":"https:\/\/schema.org","@graph":[{"@type":"WebPage","@id":"https:\/\/www.distribucionarc.com\/sl\/producto\/expositor-para-perritos-calientes\/","url":"https:\/\/www.distribucionarc.com\/sl\/producto\/expositor-para-perritos-calientes\/","name":"Sosisli sandvi\u00e7 g\u00f6sterimi - ARC da\u011f\u0131t\u0131m\u0131","isPartOf":{"@id":"https:\/\/www.distribucionarc.com\/sl\/#website"},"primaryImageOfPage":{"@id":"https:\/\/www.distribucionarc.com\/sl\/producto\/expositor-para-perritos-calientes\/#primaryimage"},"image":{"@id":"https:\/\/www.distribucionarc.com\/sl\/producto\/expositor-para-perritos-calientes\/#primaryimage"},"thumbnailUrl":"https:\/\/distribucionarc.com\/wp-content\/uploads\/2020\/08\/Expositor-para-perritos-calientes-0.jpg","datePublished":"2020-08-20T10:37:15+00:00","dateModified":"2020-10-08T15:02:12+00:00","breadcrumb":{"@id":"https:\/\/www.distribucionarc.com\/sl\/producto\/expositor-para-perritos-calientes\/#breadcrumb"},"inLanguage":"tr","potentialAction":[{"@type":"ReadAction","target":["https:\/\/www.distribucionarc.com\/sl\/producto\/expositor-para-perritos-calientes\/"]}]},{"@type":"ImageObject","inLanguage":"tr","@id":"https:\/\/www.distribucionarc.com\/sl\/producto\/expositor-para-perritos-calientes\/#primaryimage","url":"https:\/\/distribucionarc.com\/wp-content\/uploads\/2020\/08\/Expositor-para-perritos-calientes-0.jpg","contentUrl":"https:\/\/distribucionarc.com\/wp-content\/uploads\/2020\/08\/Expositor-para-perritos-calientes-0.jpg","width":1001,"height":1001,"caption":"Expositor para perritos calientes"},{"@type":"BreadcrumbList","@id":"https:\/\/www.distribucionarc.com\/sl\/producto\/expositor-para-perritos-calientes\/#breadcrumb","itemListElement":[{"@type":"ListItem","position":1,"name":"Portada","item":"https:\/\/www.distribucionarc.com\/"},{"@type":"ListItem","position":2,"name":"\u00dcr\u00fcnler","item":"https:\/\/www.distribucionarc.com\/tr\/magaza\/"},{"@type":"ListItem","position":3,"name":"Expositor para perritos calientes"}]},{"@type":"WebSite","@id":"https:\/\/www.distribucionarc.com\/sl\/#website","url":"https:\/\/www.distribucionarc.com\/sl\/","name":"ARC da\u011f\u0131t\u0131m\u0131","description":"End\u00fcstriyel makinelerin \u00fcretimi ve da\u011f\u0131t\u0131m\u0131 konusunda uzmanla\u015fm\u0131\u015f \u015firket, kutu m\u00fch\u00fcrleme makineleri, tablet yapma makineleri, et kesme makineleri...","publisher":{"@id":"https:\/\/www.distribucionarc.com\/sl\/#organization"},"potentialAction":[{"@type":"SearchAction","target":{"@type":"EntryPoint","urlTemplate":"https:\/\/www.distribucionarc.com\/sl\/?s={search_term_string}"},"query-input":{"@type":"PropertyValueSpecification","valueRequired":true,"valueName":"search_term_string"}}],"inLanguage":"tr"},{"@type":"Organization","@id":"https:\/\/www.distribucionarc.com\/sl\/#organization","name":"ARC Da\u011f\u0131t\u0131m\u0131","url":"https:\/\/www.distribucionarc.com\/sl\/","logo":{"@type":"ImageObject","inLanguage":"tr","@id":"https:\/\/www.distribucionarc.com\/sl\/#\/schema\/logo\/image\/","url":"https:\/\/distribucionarc.com\/wp-content\/uploads\/2024\/10\/distribucion-ARC-COLOR-SIN-FONDO-e1732295305345.png","contentUrl":"https:\/\/distribucionarc.com\/wp-content\/uploads\/2024\/10\/distribucion-ARC-COLOR-SIN-FONDO-e1732295305345.png","width":1164,"height":558,"caption":"Distribuci\u00f3n ARC"},"image":{"@id":"https:\/\/www.distribucionarc.com\/sl\/#\/schema\/logo\/image\/"},"description":"\u015eirket, g\u0131da ve ila\u00e7 sekt\u00f6rleri i\u00e7in end\u00fcstriyel makine \u00fcretimi ve da\u011f\u0131t\u0131m\u0131 konusunda uzmanla\u015fm\u0131\u015ft\u0131r. Uzmanl\u0131k alanlar\u0131m\u0131z Et kesme makineleri Tablet \u00fcretimi End\u00fcstriyel ta\u015f\u0131ma sistemleri \u015ei\u015feleme hatlar\u0131 Dozajlama makineleri Ve \u00e7ok daha fazlas\u0131... \u015eirketinizin \u00fcretim s\u00fcre\u00e7lerini optimize etmek i\u00e7in yenilik\u00e7i ve \u00f6zelle\u015ftirilmi\u015f \u00e7\u00f6z\u00fcmler sunuyoruz.","email":"Admistracion@distribucionarc.com","telephone":"+34 643496664","legalName":"ARC TECH SOLUTIONS","foundingDate":"2024-04-09","vatID":"B55480172","numberOfEmployees":{"@type":"QuantitativeValue","minValue":"1","maxValue":"10"}}]}},"_links":{"self":[{"href":"https:\/\/distribucionarc.com\/tr\/wp-json\/wp\/v2\/product\/2665","targetHints":{"allow":["GET"]}}],"collection":[{"href":"https:\/\/distribucionarc.com\/tr\/wp-json\/wp\/v2\/product"}],"about":[{"href":"https:\/\/distribucionarc.com\/tr\/wp-json\/wp\/v2\/types\/product"}],"replies":[{"embeddable":true,"href":"https:\/\/distribucionarc.com\/tr\/wp-json\/wp\/v2\/comments?post=2665"}],"version-history":[{"count":0,"href":"https:\/\/distribucionarc.com\/tr\/wp-json\/wp\/v2\/product\/2665\/revisions"}],"wp:featuredmedia":[{"embeddable":true,"href":"https:\/\/distribucionarc.com\/tr\/wp-json\/wp\/v2\/media\/2672"}],"wp:attachment":[{"href":"https:\/\/distribucionarc.com\/tr\/wp-json\/wp\/v2\/media?parent=2665"}],"wp:term":[{"taxonomy":"product_brand","embeddable":true,"href":"https:\/\/distribucionarc.com\/tr\/wp-json\/wp\/v2\/product_brand?post=2665"},{"taxonomy":"product_cat","embeddable":true,"href":"https:\/\/distribucionarc.com\/tr\/wp-json\/wp\/v2\/product_cat?post=2665"},{"taxonomy":"product_tag","embeddable":true,"href":"https:\/\/distribucionarc.com\/tr\/wp-json\/wp\/v2\/product_tag?post=2665"}],"curies":[{"name":"wp","href":"https:\/\/api.w.org\/{rel}","templated":true}]}}