{"id":2817,"date":"2020-08-24T13:40:48","date_gmt":"2020-08-24T13:40:48","guid":{"rendered":"https:\/\/distribucionarc.com\/?post_type=product&#038;p=2817"},"modified":"2023-02-24T10:45:23","modified_gmt":"2023-02-24T10:45:23","slug":"gida-vakum-paketleme-kapama-makinesi","status":"publish","type":"product","link":"https:\/\/distribucionarc.com\/tr\/producto\/maquina-de-sellado-empaquetadora-al-vacio-de-alimentos\/","title":{"rendered":"Kapama makinesi, g\u0131da vakum paketleme makinesi"},"content":{"rendered":"<h3>Kapama makinesi, g\u0131da vakum paketleme makinesi<\/h3>\n<p>Bu<strong> otomatik vakum m\u00fch\u00fcrleyen <span style=\"color: #ff0000;\">\u0130LE<\/span><span style=\"color: #0000ff;\">R<\/span>C<\/strong> 800W vakum pompas\u0131n\u0131 benimser, birinci s\u0131n\u0131f elektrikli bile\u015fenlere sahiptir, m\u00fckemmel s\u0131zd\u0131rmazl\u0131k etkisine sahiptir.<span style=\"color: #000000;\"> <strong>y\u00fcksek paketleme h\u0131z\u0131<\/strong><\/span>, \u00f6yle <span style=\"color: #008000;\"><strong>etkili ve verimli<\/strong><\/span>. Havay\u0131 da\u011f\u0131tmaya ve \u0131s\u0131y\u0131 daha kolay da\u011f\u0131tmaya yard\u0131mc\u0131 olan havaland\u0131rmayla donat\u0131lan yal\u0131t\u0131m i\u015fleminin h\u0131zl\u0131 \u00e7al\u0131\u015fma i\u00e7in g\u00fcvenli olmas\u0131 garanti edilir.<\/p>\n<p>\u0130thal y\u00fcksek s\u0131cakl\u0131\u011fa dayan\u0131kl\u0131 epoksi malzemeden yap\u0131lm\u0131\u015f iki \u0131s\u0131tmal\u0131 yap\u0131\u015ft\u0131rma \u00e7ubu\u011fu ola\u011fan\u00fcst\u00fc s\u0131zd\u0131rmazl\u0131k performans\u0131na sahiptir. Ayr\u0131ca bu \u00e7ubuklar\u0131n de\u011fi\u015ftirilmesi kolayd\u0131r, ancak y\u00fcksek kaliteli malzemeleri y\u00fcksek dayan\u0131kl\u0131l\u0131k sa\u011flar. Emniyet tokal\u0131 \u015feffaf organik cam kapak, s\u00fcp\u00fcrme ve kapatma s\u0131ras\u0131nda kapa\u011f\u0131n sabitlenmesini sa\u011flar. Kullan\u0131c\u0131lar kapaktan t\u00fcm s\u00fcreci g\u00f6zlemleyebilmektedir.<\/p>\n<p>Bu <strong>vakumlama makinesi <span style=\"color: #ff0000;\">\u0130LE<\/span><span style=\"color: #0000ff;\">R<\/span>CMSV800<\/strong> Mikrobilgisayar taraf\u0131ndan kontrol edilir; makine, vakumlama, kapatma, yazd\u0131rma, so\u011futma ve havaland\u0131rma dahil olmak \u00fczere t\u00fcm s\u00fcreci otomatik olarak kontrol eder. \u0130\u015flemi tamamen durdurman\u0131z gerekmesi durumunda bir &quot;durdur&quot; d\u00fc\u011fmesi bulunur.<\/p>\n<h6><strong>Garanti\u00a0<span style=\"color: #ff0000;\">\u0130LE<\/span><span style=\"color: #0000ff;\">R<\/span>\u00c7 2 YIL<\/strong><\/h6>\n<h6><span style=\"color: #008000;\">Verimli vakumlama makinesi, d\u00fc\u015f\u00fck t\u00fcketim 800W<\/span><\/h6>\n<h6><strong>teknik destek dahil<\/strong><\/h6>\n<p>&nbsp;<\/p>\n<p>&nbsp;<\/p>\n<table role=\"presentation\" width=\"100%\" cellspacing=\"0\" cellpadding=\"0\">\n<tbody>\n<tr>\n<td class=\"attrLabels\">Garanti:<\/td>\n<td width=\"50.0%\">2 YIL<\/td>\n<\/tr>\n<tr>\n<td class=\"attrLabels\">Renk:<\/td>\n<td width=\"50.0%\">G\u00fcm\u00fc\u015f<\/td>\n<td class=\"attrLabels\">Y\u00fckseklik:<\/td>\n<td width=\"50.0%\">96cm<\/td>\n<\/tr>\n<tr>\n<td class=\"attrLabels\">Da\u011f\u0131t\u0131m \u00fclkesi:<\/td>\n<td width=\"50.0%\">\u0130spanya, Almanya, ABD<\/td>\n<td class=\"attrLabels\">Uzun:<\/td>\n<td width=\"50.0%\">54,1 cm<\/td>\n<\/tr>\n<tr>\n<td class=\"attrLabels\">Marka:<\/td>\n<td width=\"50.0%\">ARK<\/td>\n<td class=\"attrLabels\">Geni\u015f:<\/td>\n<td width=\"50.0%\">\u00a049cm<\/td>\n<\/tr>\n<tr>\n<td class=\"attrLabels\">\u00dcr\u00fcn tipi:<\/td>\n<td width=\"50.0%\">Vakum m\u00fch\u00fcrleyen<\/td>\n<td class=\"attrLabels\">G\u00fc\u00e7:<\/td>\n<td width=\"50.0%\">800W<\/td>\n<\/tr>\n<tr>\n<td class=\"attrLabels\">\u00dcretici numaras\u0131:<\/td>\n<td width=\"50.0%\">ARCMSV800<\/td>\n<td class=\"attrLabels\">Gerilim:<\/td>\n<td width=\"50.0%\">220V 50Hz<\/td>\n<\/tr>\n<tr>\n<td class=\"attrLabels\">Malzeme:<\/td>\n<td width=\"50.0%\">304 paslanmaz \u00e7elik<\/td>\n<td class=\"attrLabels\">Kamera boyutlar\u0131:<\/td>\n<td width=\"50.0%\">39,9x39,9x11,4 cm<\/td>\n<\/tr>\n<tr>\n<td class=\"attrLabels\">Kurulum ara\u00e7lar\u0131:<\/td>\n<td width=\"50.0%\">Evet<\/td>\n<td class=\"attrLabels\">M\u00fch\u00fcr boyutu:<\/td>\n<td width=\"50.0%\">39,9 x 1 cm (U x Y)<\/td>\n<\/tr>\n<tr>\n<td class=\"attrLabels\">A\u011f\u0131rl\u0131k:<\/td>\n<td width=\"50.0%\">78 kg<\/td>\n<td class=\"attrLabels\">Vakum Pompas\u0131 H\u0131z\u0131:<\/td>\n<td width=\"50.0%\">20 m\u00b3\/saat (2x 10\u00b2 Pa)<\/td>\n<\/tr>\n<\/tbody>\n<\/table>","protected":false},"excerpt":{"rendered":"<h3>Kapama makinesi, g\u0131da vakum paketleme makinesi<\/h3>\n<p>ile <strong>tek odac\u0131kl\u0131 vakum paketleme makinesi <span style=\"color: #ff0000;\">\u0130LE<\/span><span style=\"color: #0000ff;\">R<\/span>C<\/strong> Plastik kompozit filmi veya plastik levha kompozit filmi ambalaj malzemesi olarak kullanabilirsiniz; g\u0131da, ila\u00e7, su \u00fcr\u00fcnleri, kimyasal hammaddeler, elektronik bile\u015fenler ve di\u011fer \u00f6\u011feler (kat\u0131, s\u0131v\u0131 veya toz) i\u00e7in uygundur. \u00dcr\u00fcn\u00fcm\u00fcz \u015feffaf cam kapakl\u0131 oldu\u011fundan paketleme s\u00fcreci tamamen sizlere g\u00f6sterilmektedir. Kompakt \u00fcr\u00fcn\u00fcm\u00fcz kesinlikle en iyi se\u00e7iminizdir.<\/p>\n<h6><strong>Garanti\u00a0<span style=\"color: #ff0000;\">\u0130LE<\/span><span style=\"color: #0000ff;\">R<\/span>\u00c7 2 YIL<\/strong><\/h6>\n<h6><span style=\"color: #008000;\">Verimli, d\u00fc\u015f\u00fck t\u00fcketimli elektrikli kemik testeresi 800W<\/span><\/h6>\n<h6><strong>teknik destek dahil<\/strong><\/h6>","protected":false},"featured_media":2818,"comment_status":"open","ping_status":"closed","template":"","meta":{"wds_primary_product_brand":0,"wds_primary_product_cat":0},"product_brand":[],"product_cat":[49],"product_tag":[],"class_list":{"0":"post-2817","1":"product","2":"type-product","3":"status-publish","4":"has-post-thumbnail","6":"product_cat-envasadoras-al-vacio","7":"product_shipping_class-express","9":"first","10":"instock","11":"sale","12":"taxable","13":"shipping-taxable","14":"purchasable","15":"product-type-simple"},"yoast_head":"<!-- This site is optimized with the Yoast SEO Premium plugin v24.9 (Yoast SEO v26.1) - https:\/\/yoast.com\/wordpress\/plugins\/seo\/ -->\n<title>M\u00e1quina de sellado, empaquetadora al vac\u00edo de alimentos - distribuci\u00f3n ARC<\/title>\n<meta name=\"robots\" content=\"index, follow, max-snippet:-1, max-image-preview:large, max-video-preview:-1\" \/>\n<link rel=\"canonical\" href=\"https:\/\/distribucionarc.com\/tr\/urun\/gida-vakum-paketleme-kapama-makinesi\/\" \/>\n<meta property=\"og:locale\" content=\"tr_TR\" \/>\n<meta property=\"og:type\" content=\"article\" \/>\n<meta property=\"og:title\" content=\"M\u00e1quina de sellado, empaquetadora al vac\u00edo de alimentos\" \/>\n<meta property=\"og:description\" content=\"M\u00e1quina de sellado, empaquetadora al vac\u00edo de alimentos Con la empaquetadora al vac\u00edo de una c\u00e1mara ARC usted puede usar la pel\u00edcula compuesta de pl\u00e1stico o la pel\u00edcula compuesta de l\u00e1mina de pl\u00e1stico como los materiales de empaque, es adecuada para alimentos, medicinas, productos acu\u00e1ticos, materias primas qu\u00edmicas, componentes electr\u00f3nicos y otros art\u00edculos (s\u00f3lidos, l\u00edquidos o en polvo). Nuestro producto est\u00e1 construido con una tapa de vidrio transparente, por lo que el proceso de envasado se muestra completamente a usted. Nuestro producto compacto es definitivamente su mejor opci\u00f3n. Garant\u00eda\u00a0ARC 2 A\u00d1OS Sierra el\u00e9ctrica para huesos eficiente, bajo consumo\u00a0 800W soporte t\u00e9cnico incluido\" \/>\n<meta property=\"og:url\" content=\"https:\/\/distribucionarc.com\/tr\/urun\/gida-vakum-paketleme-kapama-makinesi\/\" \/>\n<meta property=\"og:site_name\" content=\"distribuci\u00f3n ARC\" \/>\n<meta property=\"article:modified_time\" content=\"2023-02-24T10:45:23+00:00\" \/>\n<meta property=\"og:image\" content=\"https:\/\/distribucionarc.com\/wp-content\/uploads\/2020\/08\/M\u00e1quina-de-sellado-empaquetadora-al-vac\u00edo-de-alimentos-0.jpg\" \/>\n\t<meta property=\"og:image:width\" content=\"1600\" \/>\n\t<meta property=\"og:image:height\" content=\"1600\" \/>\n\t<meta property=\"og:image:type\" content=\"image\/jpeg\" \/>\n<meta name=\"twitter:card\" content=\"summary_large_image\" \/>\n<meta name=\"twitter:label1\" content=\"Tahmini okuma s\u00fcresi\" \/>\n\t<meta name=\"twitter:data1\" content=\"2 dakika\" \/>\n<script type=\"application\/ld+json\" class=\"yoast-schema-graph\">{\"@context\":\"https:\/\/schema.org\",\"@graph\":[{\"@type\":\"WebPage\",\"@id\":\"https:\/\/distribucionarc.com\/sk\/producto\/maquina-de-sellado-empaquetadora-al-vacio-de-alimentos\/\",\"url\":\"https:\/\/distribucionarc.com\/sk\/producto\/maquina-de-sellado-empaquetadora-al-vacio-de-alimentos\/\",\"name\":\"M\u00e1quina de sellado, empaquetadora al vac\u00edo de alimentos - distribuci\u00f3n ARC\",\"isPartOf\":{\"@id\":\"https:\/\/distribucionarc.com\/bg\/#website\"},\"primaryImageOfPage\":{\"@id\":\"https:\/\/distribucionarc.com\/sk\/producto\/maquina-de-sellado-empaquetadora-al-vacio-de-alimentos\/#primaryimage\"},\"image\":{\"@id\":\"https:\/\/distribucionarc.com\/sk\/producto\/maquina-de-sellado-empaquetadora-al-vacio-de-alimentos\/#primaryimage\"},\"thumbnailUrl\":\"https:\/\/distribucionarc.com\/wp-content\/uploads\/2020\/08\/M\u00e1quina-de-sellado-empaquetadora-al-vac\u00edo-de-alimentos-0.jpg\",\"datePublished\":\"2020-08-24T13:40:48+00:00\",\"dateModified\":\"2023-02-24T10:45:23+00:00\",\"breadcrumb\":{\"@id\":\"https:\/\/distribucionarc.com\/sk\/producto\/maquina-de-sellado-empaquetadora-al-vacio-de-alimentos\/#breadcrumb\"},\"inLanguage\":\"tr\",\"potentialAction\":[{\"@type\":\"ReadAction\",\"target\":[\"https:\/\/distribucionarc.com\/sk\/producto\/maquina-de-sellado-empaquetadora-al-vacio-de-alimentos\/\"]}]},{\"@type\":\"ImageObject\",\"inLanguage\":\"tr\",\"@id\":\"https:\/\/distribucionarc.com\/sk\/producto\/maquina-de-sellado-empaquetadora-al-vacio-de-alimentos\/#primaryimage\",\"url\":\"https:\/\/distribucionarc.com\/wp-content\/uploads\/2020\/08\/M\u00e1quina-de-sellado-empaquetadora-al-vac\u00edo-de-alimentos-0.jpg\",\"contentUrl\":\"https:\/\/distribucionarc.com\/wp-content\/uploads\/2020\/08\/M\u00e1quina-de-sellado-empaquetadora-al-vac\u00edo-de-alimentos-0.jpg\",\"width\":1600,\"height\":1600,\"caption\":\"M\u00e1quina de sellado, empaquetadora al vac\u00edo de alimentos\"},{\"@type\":\"BreadcrumbList\",\"@id\":\"https:\/\/distribucionarc.com\/sk\/producto\/maquina-de-sellado-empaquetadora-al-vacio-de-alimentos\/#breadcrumb\",\"itemListElement\":[{\"@type\":\"ListItem\",\"position\":1,\"name\":\"Portada\",\"item\":\"https:\/\/www.distribucionarc.com\/pl\/\"},{\"@type\":\"ListItem\",\"position\":2,\"name\":\"Produtos\",\"item\":\"https:\/\/www.distribucionarc.com\/pt\/comprar\/\"},{\"@type\":\"ListItem\",\"position\":3,\"name\":\"M\u00e1quina de sellado, empaquetadora al vac\u00edo de alimentos\"}]},{\"@type\":\"WebSite\",\"@id\":\"https:\/\/distribucionarc.com\/bg\/#website\",\"url\":\"https:\/\/distribucionarc.com\/bg\/\",\"name\":\"distribuci\u00f3n ARC\",\"description\":\"Empresa especializada en la fabricaci\u00f3n y distribuci\u00f3n de maquinaria industrial, selladoras de latas, Maquinas de hacer pastillas, Maquinas de cortar carne...\",\"publisher\":{\"@id\":\"https:\/\/distribucionarc.com\/bg\/#organization\"},\"potentialAction\":[{\"@type\":\"SearchAction\",\"target\":{\"@type\":\"EntryPoint\",\"urlTemplate\":\"https:\/\/distribucionarc.com\/bg\/?s={search_term_string}\"},\"query-input\":{\"@type\":\"PropertyValueSpecification\",\"valueRequired\":true,\"valueName\":\"search_term_string\"}}],\"inLanguage\":\"tr\"},{\"@type\":\"Organization\",\"@id\":\"https:\/\/distribucionarc.com\/bg\/#organization\",\"name\":\"Distribuci\u00f3n ARC\",\"url\":\"https:\/\/distribucionarc.com\/bg\/\",\"logo\":{\"@type\":\"ImageObject\",\"inLanguage\":\"tr\",\"@id\":\"https:\/\/distribucionarc.com\/bg\/#\/schema\/logo\/image\/\",\"url\":\"https:\/\/distribucionarc.com\/wp-content\/uploads\/2024\/10\/distribucion-ARC-COLOR-SIN-FONDO-e1732295305345.png\",\"contentUrl\":\"https:\/\/distribucionarc.com\/wp-content\/uploads\/2024\/10\/distribucion-ARC-COLOR-SIN-FONDO-e1732295305345.png\",\"width\":1164,\"height\":558,\"caption\":\"Distribuci\u00f3n ARC\"},\"image\":{\"@id\":\"https:\/\/distribucionarc.com\/bg\/#\/schema\/logo\/image\/\"},\"description\":\"Empresa especializada en la fabricaci\u00f3n y distribuci\u00f3n de maquinaria industrial para los sectores alimentario y farmac\u00e9utico. Nos especializamos en: M\u00e1quinas de cortar carne Fabricaci\u00f3n de comprimidos Sistemas de transporte industrial L\u00edneas de embotellado Dosificadores Y mucho m\u00e1s... Ofrecemos soluciones innovadoras y personalizadas para optimizar los procesos productivos de tu empresa.\",\"email\":\"Admistracion@distribucionarc.com\",\"telephone\":\"+34 643496664\",\"legalName\":\"ARC TECH SOLUTIONS\",\"foundingDate\":\"2024-04-09\",\"vatID\":\"B55480172\",\"numberOfEmployees\":{\"@type\":\"QuantitativeValue\",\"minValue\":\"1\",\"maxValue\":\"10\"}}]}<\/script>\n<!-- \/ Yoast SEO Premium plugin. -->","yoast_head_json":{"title":"Kapama makinesi, g\u0131da vakumlu paketleme makinesi - ARC da\u011f\u0131t\u0131m\u0131","robots":{"index":"index","follow":"follow","max-snippet":"max-snippet:-1","max-image-preview":"max-image-preview:large","max-video-preview":"max-video-preview:-1"},"canonical":"https:\/\/distribucionarc.com\/tr\/urun\/gida-vakum-paketleme-kapama-makinesi\/","og_locale":"tr_TR","og_type":"article","og_title":"M\u00e1quina de sellado, empaquetadora al vac\u00edo de alimentos","og_description":"M\u00e1quina de sellado, empaquetadora al vac\u00edo de alimentos Con la empaquetadora al vac\u00edo de una c\u00e1mara ARC usted puede usar la pel\u00edcula compuesta de pl\u00e1stico o la pel\u00edcula compuesta de l\u00e1mina de pl\u00e1stico como los materiales de empaque, es adecuada para alimentos, medicinas, productos acu\u00e1ticos, materias primas qu\u00edmicas, componentes electr\u00f3nicos y otros art\u00edculos (s\u00f3lidos, l\u00edquidos o en polvo). Nuestro producto est\u00e1 construido con una tapa de vidrio transparente, por lo que el proceso de envasado se muestra completamente a usted. Nuestro producto compacto es definitivamente su mejor opci\u00f3n. Garant\u00eda\u00a0ARC 2 A\u00d1OS Sierra el\u00e9ctrica para huesos eficiente, bajo consumo\u00a0 800W soporte t\u00e9cnico incluido","og_url":"https:\/\/distribucionarc.com\/tr\/urun\/gida-vakum-paketleme-kapama-makinesi\/","og_site_name":"distribuci\u00f3n ARC","article_modified_time":"2023-02-24T10:45:23+00:00","og_image":[{"width":1600,"height":1600,"url":"https:\/\/distribucionarc.com\/wp-content\/uploads\/2020\/08\/M\u00e1quina-de-sellado-empaquetadora-al-vac\u00edo-de-alimentos-0.jpg","type":"image\/jpeg"}],"twitter_card":"summary_large_image","twitter_misc":{"Tahmini okuma s\u00fcresi":"2 dakika"},"schema":{"@context":"https:\/\/schema.org","@graph":[{"@type":"WebPage","@id":"https:\/\/distribucionarc.com\/sk\/producto\/maquina-de-sellado-empaquetadora-al-vacio-de-alimentos\/","url":"https:\/\/distribucionarc.com\/sk\/producto\/maquina-de-sellado-empaquetadora-al-vacio-de-alimentos\/","name":"Kapama makinesi, g\u0131da vakumlu paketleme makinesi - ARC da\u011f\u0131t\u0131m\u0131","isPartOf":{"@id":"https:\/\/distribucionarc.com\/bg\/#website"},"primaryImageOfPage":{"@id":"https:\/\/distribucionarc.com\/sk\/producto\/maquina-de-sellado-empaquetadora-al-vacio-de-alimentos\/#primaryimage"},"image":{"@id":"https:\/\/distribucionarc.com\/sk\/producto\/maquina-de-sellado-empaquetadora-al-vacio-de-alimentos\/#primaryimage"},"thumbnailUrl":"https:\/\/distribucionarc.com\/wp-content\/uploads\/2020\/08\/M\u00e1quina-de-sellado-empaquetadora-al-vac\u00edo-de-alimentos-0.jpg","datePublished":"2020-08-24T13:40:48+00:00","dateModified":"2023-02-24T10:45:23+00:00","breadcrumb":{"@id":"https:\/\/distribucionarc.com\/sk\/producto\/maquina-de-sellado-empaquetadora-al-vacio-de-alimentos\/#breadcrumb"},"inLanguage":"tr","potentialAction":[{"@type":"ReadAction","target":["https:\/\/distribucionarc.com\/sk\/producto\/maquina-de-sellado-empaquetadora-al-vacio-de-alimentos\/"]}]},{"@type":"ImageObject","inLanguage":"tr","@id":"https:\/\/distribucionarc.com\/sk\/producto\/maquina-de-sellado-empaquetadora-al-vacio-de-alimentos\/#primaryimage","url":"https:\/\/distribucionarc.com\/wp-content\/uploads\/2020\/08\/M\u00e1quina-de-sellado-empaquetadora-al-vac\u00edo-de-alimentos-0.jpg","contentUrl":"https:\/\/distribucionarc.com\/wp-content\/uploads\/2020\/08\/M\u00e1quina-de-sellado-empaquetadora-al-vac\u00edo-de-alimentos-0.jpg","width":1600,"height":1600,"caption":"M\u00e1quina de sellado, empaquetadora al vac\u00edo de alimentos"},{"@type":"BreadcrumbList","@id":"https:\/\/distribucionarc.com\/sk\/producto\/maquina-de-sellado-empaquetadora-al-vacio-de-alimentos\/#breadcrumb","itemListElement":[{"@type":"ListItem","position":1,"name":"Portada","item":"https:\/\/www.distribucionarc.com\/pl\/"},{"@type":"ListItem","position":2,"name":"Produtos","item":"https:\/\/www.distribucionarc.com\/pt\/comprar\/"},{"@type":"ListItem","position":3,"name":"M\u00e1quina de sellado, empaquetadora al vac\u00edo de alimentos"}]},{"@type":"WebSite","@id":"https:\/\/distribucionarc.com\/bg\/#website","url":"https:\/\/distribucionarc.com\/bg\/","name":"ARC da\u011f\u0131t\u0131m\u0131","description":"End\u00fcstriyel makinelerin \u00fcretimi ve da\u011f\u0131t\u0131m\u0131 konusunda uzmanla\u015fm\u0131\u015f \u015firket, kutu m\u00fch\u00fcrleme makineleri, tablet yapma makineleri, et kesme makineleri...","publisher":{"@id":"https:\/\/distribucionarc.com\/bg\/#organization"},"potentialAction":[{"@type":"SearchAction","target":{"@type":"EntryPoint","urlTemplate":"https:\/\/distribucionarc.com\/bg\/?s={search_term_string}"},"query-input":{"@type":"PropertyValueSpecification","valueRequired":true,"valueName":"search_term_string"}}],"inLanguage":"tr"},{"@type":"Organization","@id":"https:\/\/distribucionarc.com\/bg\/#organization","name":"ARC Da\u011f\u0131t\u0131m\u0131","url":"https:\/\/distribucionarc.com\/bg\/","logo":{"@type":"ImageObject","inLanguage":"tr","@id":"https:\/\/distribucionarc.com\/bg\/#\/schema\/logo\/image\/","url":"https:\/\/distribucionarc.com\/wp-content\/uploads\/2024\/10\/distribucion-ARC-COLOR-SIN-FONDO-e1732295305345.png","contentUrl":"https:\/\/distribucionarc.com\/wp-content\/uploads\/2024\/10\/distribucion-ARC-COLOR-SIN-FONDO-e1732295305345.png","width":1164,"height":558,"caption":"Distribuci\u00f3n ARC"},"image":{"@id":"https:\/\/distribucionarc.com\/bg\/#\/schema\/logo\/image\/"},"description":"\u015eirket, g\u0131da ve ila\u00e7 sekt\u00f6rleri i\u00e7in end\u00fcstriyel makine \u00fcretimi ve da\u011f\u0131t\u0131m\u0131 konusunda uzmanla\u015fm\u0131\u015ft\u0131r. Uzmanl\u0131k alanlar\u0131m\u0131z Et kesme makineleri Tablet \u00fcretimi End\u00fcstriyel ta\u015f\u0131ma sistemleri \u015ei\u015feleme hatlar\u0131 Dozajlama makineleri Ve \u00e7ok daha fazlas\u0131... \u015eirketinizin \u00fcretim s\u00fcre\u00e7lerini optimize etmek i\u00e7in yenilik\u00e7i ve \u00f6zelle\u015ftirilmi\u015f \u00e7\u00f6z\u00fcmler sunuyoruz.","email":"Admistracion@distribucionarc.com","telephone":"+34 643496664","legalName":"ARC TECH SOLUTIONS","foundingDate":"2024-04-09","vatID":"B55480172","numberOfEmployees":{"@type":"QuantitativeValue","minValue":"1","maxValue":"10"}}]}},"_links":{"self":[{"href":"https:\/\/distribucionarc.com\/tr\/wp-json\/wp\/v2\/product\/2817","targetHints":{"allow":["GET"]}}],"collection":[{"href":"https:\/\/distribucionarc.com\/tr\/wp-json\/wp\/v2\/product"}],"about":[{"href":"https:\/\/distribucionarc.com\/tr\/wp-json\/wp\/v2\/types\/product"}],"replies":[{"embeddable":true,"href":"https:\/\/distribucionarc.com\/tr\/wp-json\/wp\/v2\/comments?post=2817"}],"version-history":[{"count":0,"href":"https:\/\/distribucionarc.com\/tr\/wp-json\/wp\/v2\/product\/2817\/revisions"}],"wp:featuredmedia":[{"embeddable":true,"href":"https:\/\/distribucionarc.com\/tr\/wp-json\/wp\/v2\/media\/2818"}],"wp:attachment":[{"href":"https:\/\/distribucionarc.com\/tr\/wp-json\/wp\/v2\/media?parent=2817"}],"wp:term":[{"taxonomy":"product_brand","embeddable":true,"href":"https:\/\/distribucionarc.com\/tr\/wp-json\/wp\/v2\/product_brand?post=2817"},{"taxonomy":"product_cat","embeddable":true,"href":"https:\/\/distribucionarc.com\/tr\/wp-json\/wp\/v2\/product_cat?post=2817"},{"taxonomy":"product_tag","embeddable":true,"href":"https:\/\/distribucionarc.com\/tr\/wp-json\/wp\/v2\/product_tag?post=2817"}],"curies":[{"name":"wp","href":"https:\/\/api.w.org\/{rel}","templated":true}]}}