{"id":2868,"date":"2020-08-25T10:29:59","date_gmt":"2020-08-25T10:29:59","guid":{"rendered":"https:\/\/distribucionarc.com\/?post_type=product&#038;p=2868"},"modified":"2023-05-04T07:38:59","modified_gmt":"2023-05-04T07:38:59","slug":"tahil-sikistirilmis-tahillar-icin-elektrikli-ogutucu","status":"publish","type":"product","link":"https:\/\/distribucionarc.com\/tr\/producto\/molinillo-electrico-para-granos-cereales-comprimidos\/","title":{"rendered":"Tah\u0131llar, tah\u0131llar, tabletler i\u00e7in elektrikli \u00f6\u011f\u00fct\u00fcc\u00fc"},"content":{"rendered":"<h3>Tah\u0131llar, tah\u0131llar, tabletler i\u00e7in elektrikli \u00f6\u011f\u00fct\u00fcc\u00fc<\/h3>\n<p>O <strong>elektrikli de\u011firmeni<span style=\"color: #ff0000;\"> \u0130LE<\/span><span style=\"color: #0000ff;\">R<\/span>C<\/strong> Dayan\u0131kl\u0131 ve sa\u011flam olan paslanmaz \u00e7elik malzemeden \u00fcretilmi\u015ftir. Her t\u00fcrl\u00fc kurutulmu\u015f g\u0131day\u0131 h\u0131zl\u0131 ve kolay bir \u015fekilde par\u00e7alayabilen, 25000 rpm d\u00f6n\u00fc\u015f h\u0131z\u0131na sahip keskin b\u0131\u00e7a\u011f\u0131 benimser.<\/p>\n<p>Makinenin g\u00fcvenli\u011fini sa\u011flayan bir a\u015f\u0131r\u0131 y\u00fck koruma d\u00fc\u011fmesi i\u00e7erir. A\u015f\u0131r\u0131 y\u00fck olu\u015ftu\u011funda otomatik olarak kapan\u0131r. 10 dakika daha sonra d\u00fc\u011fmeye basarak kolayca yeniden ba\u015flat\u0131n. O <strong>elektrikli de\u011firmen <span style=\"color: #ff0000;\">\u0130LE<\/span><span style=\"color: #0000ff;\">R<\/span>CMEG1M<\/strong> Kapa\u011f\u0131 s\u0131kmak i\u00e7in birden fazla toka ile tasarlanm\u0131\u015ft\u0131r. K\u0131rm\u0131z\u0131 zamanlay\u0131c\u0131, \u00e7al\u0131\u015fma s\u00fcresini (0-5 dakika) serbest\u00e7e ayarlaman\u0131za olanak tan\u0131r.<\/p>\n<p>1800 watt&#039;l\u0131k y\u00fcksek g\u00fc\u00e7l\u00fc saf bak\u0131r motor \u015funlar\u0131 yapman\u0131z\u0131 sa\u011flar: <strong>1000 gr&#039;l\u0131k b\u00fcy\u00fck bir kapasiteyi \u00f6\u011f\u00fctmeye olanak tan\u0131r<\/strong> ayn\u0131 zamanda g\u0131da \u00f6\u011f\u00fctme verimlili\u011fini b\u00fcy\u00fck \u00f6l\u00e7\u00fcde art\u0131r\u0131r. Tozu d\u00f6kmek i\u00e7in kamera g\u00f6vdesini d\u00f6nd\u00fcrmek i\u00e7in kolu tutabilir ve kalan tozu temizlemek i\u00e7in f\u0131r\u00e7ay\u0131 kullanabilirsiniz.<\/p>\n<h6><strong>Garanti\u00a0<span style=\"color: #ff0000;\">\u0130LE<\/span><span style=\"color: #0000ff;\">R<\/span>\u00c7 2 YIL<\/strong><\/h6>\n<h6><span style=\"color: #008000;\">Verimli elektrikli \u00f6\u011f\u00fct\u00fcc\u00fc, d\u00fc\u015f\u00fck t\u00fcketim 1800w<\/span><\/h6>\n<h6><strong>teknik destek dahil<\/strong><\/h6>\n<p>&nbsp;<\/p>\n<table role=\"presentation\" width=\"100%\" cellspacing=\"0\" cellpadding=\"0\">\n<tbody>\n<tr>\n<td class=\"attrLabels\">Marka:<\/td>\n<td width=\"50.0%\">ARK<\/td>\n<\/tr>\n<tr>\n<td class=\"attrLabels\">Da\u011f\u0131t\u0131m \u00fclkesi:<\/td>\n<td width=\"50.0%\">\u0130spanya, Almanya, ABD<\/td>\n<td class=\"attrLabels\">A\u011f\u0131rl\u0131k:<\/td>\n<td width=\"50.0%\">6,6 Kilogram<\/td>\n<\/tr>\n<tr>\n<td class=\"attrLabels\">Marka:<\/td>\n<td width=\"50.0%\">ARK<\/td>\n<td class=\"attrLabels\">Y\u00fckseklik:<\/td>\n<td width=\"50.0%\">36cm<\/td>\n<\/tr>\n<tr>\n<td class=\"attrLabels\">Renk:<\/td>\n<td width=\"50.0%\">G\u00fcm\u00fc\u015f<\/td>\n<td class=\"attrLabels\">Uzun:<\/td>\n<td width=\"50.0%\">13,4 cm<\/td>\n<\/tr>\n<tr>\n<td class=\"attrLabels\">\u00dcr\u00fcn tipi:<\/td>\n<td width=\"50.0%\">elektrikli de\u011firmeni<\/td>\n<td class=\"attrLabels\">Geni\u015f:<\/td>\n<td width=\"50.0%\">19,1 cm<\/td>\n<\/tr>\n<tr>\n<td class=\"attrLabels\">\u00dcretici numaras\u0131:<\/td>\n<td width=\"50.0%\">ARCMEG1M<\/td>\n<td class=\"attrLabels\">G\u00fc\u00e7:<\/td>\n<td width=\"50.0%\">1800W<\/td>\n<\/tr>\n<tr>\n<td class=\"attrLabels\">Malzeme:<\/td>\n<td width=\"50.0%\">paslanmaz \u00e7elik, bak\u0131r motor<\/td>\n<td class=\"attrLabels\">Motor h\u0131z\u0131:<\/td>\n<td width=\"50.0%\">25000 devir\/dakika<\/td>\n<\/tr>\n<tr>\n<td class=\"attrLabels\">Garanti:<\/td>\n<td width=\"50.0%\">\u00a0 2 Y\u0131l<\/td>\n<td class=\"attrLabels\">\u00d6\u011f\u00fctme s\u00fcresi:<\/td>\n<td width=\"50.0%\">0 \u2013 5 dakika<\/td>\n<\/tr>\n<tr>\n<td class=\"attrLabels\">Giri\u015f voltaj\u0131:<\/td>\n<td width=\"50.0%\">230V 50Hz<\/td>\n<td class=\"attrLabels\">Aral\u0131k s\u00fcresi:<\/td>\n<td width=\"50.0%\">5 \u2013 10 dakika<\/td>\n<\/tr>\n<\/tbody>\n<\/table>\n<p>&nbsp;<\/p>","protected":false},"excerpt":{"rendered":"<h2>Tah\u0131llar, tah\u0131llar, tabletler i\u00e7in elektrikli \u00f6\u011f\u00fct\u00fcc\u00fc<\/h2>\n<p><strong><span style=\"color: #ff0000;\">\u0130LE<\/span><span style=\"color: #0000ff;\">R<\/span>C<\/strong> Size bir teklif sunuyor <strong>elektrikli de\u011firmeni<\/strong> Y\u00fcksek kalite. K\u00fc\u00e7\u00fck boyutlu, hafif, y\u00fcksek verimli ve kullan\u0131m\u0131 kolay. G\u0131da s\u0131n\u0131f\u0131 paslanmaz malzemeden \u00fcretilmi\u015ftir, g\u00fcvenli ve dayan\u0131kl\u0131d\u0131r. G\u00fc\u00e7l\u00fc 1800 watt motoru ile tek seferde 1000 gr g\u0131day\u0131 \u00f6\u011f\u00fctebilmektedir. Ayr\u0131ca motorun yanmas\u0131n\u0131 \u00f6nlemek i\u00e7in g\u00fcvenli a\u015f\u0131r\u0131 y\u00fck korumas\u0131 da bulunmaktad\u0131r. Her t\u00fcrl\u00fc kurutulmu\u015f g\u0131da, pirin\u00e7, m\u0131s\u0131r, susam, soya fasulyesi, bal\u0131k yemi, biber, ila\u00e7 vb. her t\u00fcrl\u00fc malzemeye uygun \u015fekilde h\u0131zl\u0131 bir \u015fekilde toz haline getirebilir.<\/p>\n<h6><strong>Garanti\u00a0<span style=\"color: #ff0000;\">\u0130LE<\/span><span style=\"color: #0000ff;\">R<\/span>\u00c7 2 YIL<\/strong><\/h6>\n<h6><span style=\"color: #008000;\">Verimli elektrikli \u00f6\u011f\u00fct\u00fcc\u00fc, d\u00fc\u015f\u00fck t\u00fcketim 1800w<\/span><\/h6>\n<h6><strong>teknik destek dahil<\/strong><\/h6>\n<p>&nbsp;<\/p>","protected":false},"featured_media":2869,"comment_status":"open","ping_status":"closed","template":"","meta":{"wds_primary_product_brand":0,"wds_primary_product_cat":0},"product_brand":[],"product_cat":[30],"product_tag":[],"class_list":{"0":"post-2868","1":"product","2":"type-product","3":"status-publish","4":"has-post-thumbnail","6":"product_cat-maquinaria-apicola","7":"product_shipping_class-hosteleria","9":"first","10":"instock","11":"taxable","12":"shipping-taxable","13":"purchasable","14":"product-type-simple"},"yoast_head":"<!-- This site is optimized with the Yoast SEO Premium plugin v24.9 (Yoast SEO v26.1) - https:\/\/yoast.com\/wordpress\/plugins\/seo\/ -->\n<title>Molinillo electrico para granos, cereales, comprimidos - distribuci\u00f3n ARC<\/title>\n<meta name=\"robots\" content=\"index, follow, max-snippet:-1, max-image-preview:large, max-video-preview:-1\" \/>\n<link rel=\"canonical\" href=\"https:\/\/www.distribucionarc.com\/lt\/producto\/molinillo-electrico-para-granos-cereales-comprimidos\/\" \/>\n<meta property=\"og:locale\" content=\"tr_TR\" \/>\n<meta property=\"og:type\" content=\"article\" \/>\n<meta property=\"og:title\" content=\"Molinillo electrico para granos, cereales, comprimidos\" \/>\n<meta property=\"og:description\" content=\"Molinillo electrico para granos, cereales, comprimidos ARC Te ofrece un molinillo el\u00e9ctrico de alta calidad. De tama\u00f1o peque\u00f1o, liviano, altamente eficiente y f\u00e1cil de usar. Hecho de material inoxidable de grado alimenticio, seguro y duradero. Con el potente motor de 1800 vatios, puede moler 1000 g de comida al mismo tiempo. Tambi\u00e9n cuenta con protecci\u00f3n segura contra sobrecargas para evitar que el motor se queme. Puede hacer polvo r\u00e1pidamente todo tipo de alimentos deshidratados, arroz, ma\u00edz, s\u00e9samo, soja, alimento para peces, pimienta, medicamentos, etc., adecuado para todo tipo de material. Garant\u00eda\u00a0ARC 2 A\u00d1OS Molinillo el\u00e9ctrico eficiente, bajo consumo 1800w soporte t\u00e9cnico incluido &nbsp;\" \/>\n<meta property=\"og:url\" content=\"https:\/\/www.distribucionarc.com\/lt\/producto\/molinillo-electrico-para-granos-cereales-comprimidos\/\" \/>\n<meta property=\"og:site_name\" content=\"distribuci\u00f3n ARC\" \/>\n<meta property=\"article:modified_time\" content=\"2023-05-04T07:38:59+00:00\" \/>\n<meta property=\"og:image\" content=\"https:\/\/distribucionarc.com\/wp-content\/uploads\/2020\/08\/Molinillo-el\u00e9ctrico-para-granos-cereales-comprimidos-0.jpg\" \/>\n\t<meta property=\"og:image:width\" content=\"1600\" \/>\n\t<meta property=\"og:image:height\" content=\"1600\" \/>\n\t<meta property=\"og:image:type\" content=\"image\/jpeg\" \/>\n<meta name=\"twitter:card\" content=\"summary_large_image\" \/>\n<meta name=\"twitter:label1\" content=\"Tahmini okuma s\u00fcresi\" \/>\n\t<meta name=\"twitter:data1\" content=\"1 dakika\" \/>\n<script type=\"application\/ld+json\" class=\"yoast-schema-graph\">{\"@context\":\"https:\/\/schema.org\",\"@graph\":[{\"@type\":\"WebPage\",\"@id\":\"https:\/\/www.distribucionarc.com\/lt\/producto\/molinillo-electrico-para-granos-cereales-comprimidos\/\",\"url\":\"https:\/\/www.distribucionarc.com\/lt\/producto\/molinillo-electrico-para-granos-cereales-comprimidos\/\",\"name\":\"Molinillo electrico para granos, cereales, comprimidos - distribuci\u00f3n ARC\",\"isPartOf\":{\"@id\":\"https:\/\/www.distribucionarc.com\/sl\/#website\"},\"primaryImageOfPage\":{\"@id\":\"https:\/\/www.distribucionarc.com\/lt\/producto\/molinillo-electrico-para-granos-cereales-comprimidos\/#primaryimage\"},\"image\":{\"@id\":\"https:\/\/www.distribucionarc.com\/lt\/producto\/molinillo-electrico-para-granos-cereales-comprimidos\/#primaryimage\"},\"thumbnailUrl\":\"https:\/\/distribucionarc.com\/wp-content\/uploads\/2020\/08\/Molinillo-el\u00e9ctrico-para-granos-cereales-comprimidos-0.jpg\",\"datePublished\":\"2020-08-25T10:29:59+00:00\",\"dateModified\":\"2023-05-04T07:38:59+00:00\",\"breadcrumb\":{\"@id\":\"https:\/\/www.distribucionarc.com\/lt\/producto\/molinillo-electrico-para-granos-cereales-comprimidos\/#breadcrumb\"},\"inLanguage\":\"tr\",\"potentialAction\":[{\"@type\":\"ReadAction\",\"target\":[\"https:\/\/www.distribucionarc.com\/lt\/producto\/molinillo-electrico-para-granos-cereales-comprimidos\/\"]}]},{\"@type\":\"ImageObject\",\"inLanguage\":\"tr\",\"@id\":\"https:\/\/www.distribucionarc.com\/lt\/producto\/molinillo-electrico-para-granos-cereales-comprimidos\/#primaryimage\",\"url\":\"https:\/\/distribucionarc.com\/wp-content\/uploads\/2020\/08\/Molinillo-el\u00e9ctrico-para-granos-cereales-comprimidos-0.jpg\",\"contentUrl\":\"https:\/\/distribucionarc.com\/wp-content\/uploads\/2020\/08\/Molinillo-el\u00e9ctrico-para-granos-cereales-comprimidos-0.jpg\",\"width\":1600,\"height\":1600,\"caption\":\"Molinillo electrico para granos, cereales, comprimidos\"},{\"@type\":\"BreadcrumbList\",\"@id\":\"https:\/\/www.distribucionarc.com\/lt\/producto\/molinillo-electrico-para-granos-cereales-comprimidos\/#breadcrumb\",\"itemListElement\":[{\"@type\":\"ListItem\",\"position\":1,\"name\":\"Portada\",\"item\":\"https:\/\/www.distribucionarc.com\/\"},{\"@type\":\"ListItem\",\"position\":2,\"name\":\"\u00dcr\u00fcnler\",\"item\":\"https:\/\/www.distribucionarc.com\/tr\/magaza\/\"},{\"@type\":\"ListItem\",\"position\":3,\"name\":\"Molinillo electrico para granos, cereales, comprimidos\"}]},{\"@type\":\"WebSite\",\"@id\":\"https:\/\/www.distribucionarc.com\/sl\/#website\",\"url\":\"https:\/\/www.distribucionarc.com\/sl\/\",\"name\":\"distribuci\u00f3n ARC\",\"description\":\"Empresa especializada en la fabricaci\u00f3n y distribuci\u00f3n de maquinaria industrial, selladoras de latas, Maquinas de hacer pastillas, Maquinas de cortar carne...\",\"publisher\":{\"@id\":\"https:\/\/www.distribucionarc.com\/sl\/#organization\"},\"potentialAction\":[{\"@type\":\"SearchAction\",\"target\":{\"@type\":\"EntryPoint\",\"urlTemplate\":\"https:\/\/www.distribucionarc.com\/sl\/?s={search_term_string}\"},\"query-input\":{\"@type\":\"PropertyValueSpecification\",\"valueRequired\":true,\"valueName\":\"search_term_string\"}}],\"inLanguage\":\"tr\"},{\"@type\":\"Organization\",\"@id\":\"https:\/\/www.distribucionarc.com\/sl\/#organization\",\"name\":\"Distribuci\u00f3n ARC\",\"url\":\"https:\/\/www.distribucionarc.com\/sl\/\",\"logo\":{\"@type\":\"ImageObject\",\"inLanguage\":\"tr\",\"@id\":\"https:\/\/www.distribucionarc.com\/sl\/#\/schema\/logo\/image\/\",\"url\":\"https:\/\/distribucionarc.com\/wp-content\/uploads\/2024\/10\/distribucion-ARC-COLOR-SIN-FONDO-e1732295305345.png\",\"contentUrl\":\"https:\/\/distribucionarc.com\/wp-content\/uploads\/2024\/10\/distribucion-ARC-COLOR-SIN-FONDO-e1732295305345.png\",\"width\":1164,\"height\":558,\"caption\":\"Distribuci\u00f3n ARC\"},\"image\":{\"@id\":\"https:\/\/www.distribucionarc.com\/sl\/#\/schema\/logo\/image\/\"},\"description\":\"Empresa especializada en la fabricaci\u00f3n y distribuci\u00f3n de maquinaria industrial para los sectores alimentario y farmac\u00e9utico. Nos especializamos en: M\u00e1quinas de cortar carne Fabricaci\u00f3n de comprimidos Sistemas de transporte industrial L\u00edneas de embotellado Dosificadores Y mucho m\u00e1s... Ofrecemos soluciones innovadoras y personalizadas para optimizar los procesos productivos de tu empresa.\",\"email\":\"Admistracion@distribucionarc.com\",\"telephone\":\"+34 643496664\",\"legalName\":\"ARC TECH SOLUTIONS\",\"foundingDate\":\"2024-04-09\",\"vatID\":\"B55480172\",\"numberOfEmployees\":{\"@type\":\"QuantitativeValue\",\"minValue\":\"1\",\"maxValue\":\"10\"}}]}<\/script>\n<!-- \/ Yoast SEO Premium plugin. -->","yoast_head_json":{"title":"Tah\u0131l, hububat, tabletler i\u00e7in elektrikli \u00f6\u011f\u00fct\u00fcc\u00fc - ARC da\u011f\u0131t\u0131m","robots":{"index":"index","follow":"follow","max-snippet":"max-snippet:-1","max-image-preview":"max-image-preview:large","max-video-preview":"max-video-preview:-1"},"canonical":"https:\/\/www.distribucionarc.com\/lt\/producto\/molinillo-electrico-para-granos-cereales-comprimidos\/","og_locale":"tr_TR","og_type":"article","og_title":"Molinillo electrico para granos, cereales, comprimidos","og_description":"Molinillo electrico para granos, cereales, comprimidos ARC Te ofrece un molinillo el\u00e9ctrico de alta calidad. De tama\u00f1o peque\u00f1o, liviano, altamente eficiente y f\u00e1cil de usar. Hecho de material inoxidable de grado alimenticio, seguro y duradero. Con el potente motor de 1800 vatios, puede moler 1000 g de comida al mismo tiempo. Tambi\u00e9n cuenta con protecci\u00f3n segura contra sobrecargas para evitar que el motor se queme. Puede hacer polvo r\u00e1pidamente todo tipo de alimentos deshidratados, arroz, ma\u00edz, s\u00e9samo, soja, alimento para peces, pimienta, medicamentos, etc., adecuado para todo tipo de material. Garant\u00eda\u00a0ARC 2 A\u00d1OS Molinillo el\u00e9ctrico eficiente, bajo consumo 1800w soporte t\u00e9cnico incluido &nbsp;","og_url":"https:\/\/www.distribucionarc.com\/lt\/producto\/molinillo-electrico-para-granos-cereales-comprimidos\/","og_site_name":"distribuci\u00f3n ARC","article_modified_time":"2023-05-04T07:38:59+00:00","og_image":[{"width":1600,"height":1600,"url":"https:\/\/distribucionarc.com\/wp-content\/uploads\/2020\/08\/Molinillo-el\u00e9ctrico-para-granos-cereales-comprimidos-0.jpg","type":"image\/jpeg"}],"twitter_card":"summary_large_image","twitter_misc":{"Tahmini okuma s\u00fcresi":"1 dakika"},"schema":{"@context":"https:\/\/schema.org","@graph":[{"@type":"WebPage","@id":"https:\/\/www.distribucionarc.com\/lt\/producto\/molinillo-electrico-para-granos-cereales-comprimidos\/","url":"https:\/\/www.distribucionarc.com\/lt\/producto\/molinillo-electrico-para-granos-cereales-comprimidos\/","name":"Tah\u0131l, hububat, tabletler i\u00e7in elektrikli \u00f6\u011f\u00fct\u00fcc\u00fc - ARC da\u011f\u0131t\u0131m","isPartOf":{"@id":"https:\/\/www.distribucionarc.com\/sl\/#website"},"primaryImageOfPage":{"@id":"https:\/\/www.distribucionarc.com\/lt\/producto\/molinillo-electrico-para-granos-cereales-comprimidos\/#primaryimage"},"image":{"@id":"https:\/\/www.distribucionarc.com\/lt\/producto\/molinillo-electrico-para-granos-cereales-comprimidos\/#primaryimage"},"thumbnailUrl":"https:\/\/distribucionarc.com\/wp-content\/uploads\/2020\/08\/Molinillo-el\u00e9ctrico-para-granos-cereales-comprimidos-0.jpg","datePublished":"2020-08-25T10:29:59+00:00","dateModified":"2023-05-04T07:38:59+00:00","breadcrumb":{"@id":"https:\/\/www.distribucionarc.com\/lt\/producto\/molinillo-electrico-para-granos-cereales-comprimidos\/#breadcrumb"},"inLanguage":"tr","potentialAction":[{"@type":"ReadAction","target":["https:\/\/www.distribucionarc.com\/lt\/producto\/molinillo-electrico-para-granos-cereales-comprimidos\/"]}]},{"@type":"ImageObject","inLanguage":"tr","@id":"https:\/\/www.distribucionarc.com\/lt\/producto\/molinillo-electrico-para-granos-cereales-comprimidos\/#primaryimage","url":"https:\/\/distribucionarc.com\/wp-content\/uploads\/2020\/08\/Molinillo-el\u00e9ctrico-para-granos-cereales-comprimidos-0.jpg","contentUrl":"https:\/\/distribucionarc.com\/wp-content\/uploads\/2020\/08\/Molinillo-el\u00e9ctrico-para-granos-cereales-comprimidos-0.jpg","width":1600,"height":1600,"caption":"Molinillo electrico para granos, cereales, comprimidos"},{"@type":"BreadcrumbList","@id":"https:\/\/www.distribucionarc.com\/lt\/producto\/molinillo-electrico-para-granos-cereales-comprimidos\/#breadcrumb","itemListElement":[{"@type":"ListItem","position":1,"name":"Portada","item":"https:\/\/www.distribucionarc.com\/"},{"@type":"ListItem","position":2,"name":"\u00dcr\u00fcnler","item":"https:\/\/www.distribucionarc.com\/tr\/magaza\/"},{"@type":"ListItem","position":3,"name":"Molinillo electrico para granos, cereales, comprimidos"}]},{"@type":"WebSite","@id":"https:\/\/www.distribucionarc.com\/sl\/#website","url":"https:\/\/www.distribucionarc.com\/sl\/","name":"ARC da\u011f\u0131t\u0131m\u0131","description":"End\u00fcstriyel makinelerin \u00fcretimi ve da\u011f\u0131t\u0131m\u0131 konusunda uzmanla\u015fm\u0131\u015f \u015firket, kutu m\u00fch\u00fcrleme makineleri, tablet yapma makineleri, et kesme makineleri...","publisher":{"@id":"https:\/\/www.distribucionarc.com\/sl\/#organization"},"potentialAction":[{"@type":"SearchAction","target":{"@type":"EntryPoint","urlTemplate":"https:\/\/www.distribucionarc.com\/sl\/?s={search_term_string}"},"query-input":{"@type":"PropertyValueSpecification","valueRequired":true,"valueName":"search_term_string"}}],"inLanguage":"tr"},{"@type":"Organization","@id":"https:\/\/www.distribucionarc.com\/sl\/#organization","name":"ARC Da\u011f\u0131t\u0131m\u0131","url":"https:\/\/www.distribucionarc.com\/sl\/","logo":{"@type":"ImageObject","inLanguage":"tr","@id":"https:\/\/www.distribucionarc.com\/sl\/#\/schema\/logo\/image\/","url":"https:\/\/distribucionarc.com\/wp-content\/uploads\/2024\/10\/distribucion-ARC-COLOR-SIN-FONDO-e1732295305345.png","contentUrl":"https:\/\/distribucionarc.com\/wp-content\/uploads\/2024\/10\/distribucion-ARC-COLOR-SIN-FONDO-e1732295305345.png","width":1164,"height":558,"caption":"Distribuci\u00f3n ARC"},"image":{"@id":"https:\/\/www.distribucionarc.com\/sl\/#\/schema\/logo\/image\/"},"description":"\u015eirket, g\u0131da ve ila\u00e7 sekt\u00f6rleri i\u00e7in end\u00fcstriyel makine \u00fcretimi ve da\u011f\u0131t\u0131m\u0131 konusunda uzmanla\u015fm\u0131\u015ft\u0131r. Uzmanl\u0131k alanlar\u0131m\u0131z Et kesme makineleri Tablet \u00fcretimi End\u00fcstriyel ta\u015f\u0131ma sistemleri \u015ei\u015feleme hatlar\u0131 Dozajlama makineleri Ve \u00e7ok daha fazlas\u0131... \u015eirketinizin \u00fcretim s\u00fcre\u00e7lerini optimize etmek i\u00e7in yenilik\u00e7i ve \u00f6zelle\u015ftirilmi\u015f \u00e7\u00f6z\u00fcmler sunuyoruz.","email":"Admistracion@distribucionarc.com","telephone":"+34 643496664","legalName":"ARC TECH SOLUTIONS","foundingDate":"2024-04-09","vatID":"B55480172","numberOfEmployees":{"@type":"QuantitativeValue","minValue":"1","maxValue":"10"}}]}},"_links":{"self":[{"href":"https:\/\/distribucionarc.com\/tr\/wp-json\/wp\/v2\/product\/2868","targetHints":{"allow":["GET"]}}],"collection":[{"href":"https:\/\/distribucionarc.com\/tr\/wp-json\/wp\/v2\/product"}],"about":[{"href":"https:\/\/distribucionarc.com\/tr\/wp-json\/wp\/v2\/types\/product"}],"replies":[{"embeddable":true,"href":"https:\/\/distribucionarc.com\/tr\/wp-json\/wp\/v2\/comments?post=2868"}],"version-history":[{"count":0,"href":"https:\/\/distribucionarc.com\/tr\/wp-json\/wp\/v2\/product\/2868\/revisions"}],"wp:featuredmedia":[{"embeddable":true,"href":"https:\/\/distribucionarc.com\/tr\/wp-json\/wp\/v2\/media\/2869"}],"wp:attachment":[{"href":"https:\/\/distribucionarc.com\/tr\/wp-json\/wp\/v2\/media?parent=2868"}],"wp:term":[{"taxonomy":"product_brand","embeddable":true,"href":"https:\/\/distribucionarc.com\/tr\/wp-json\/wp\/v2\/product_brand?post=2868"},{"taxonomy":"product_cat","embeddable":true,"href":"https:\/\/distribucionarc.com\/tr\/wp-json\/wp\/v2\/product_cat?post=2868"},{"taxonomy":"product_tag","embeddable":true,"href":"https:\/\/distribucionarc.com\/tr\/wp-json\/wp\/v2\/product_tag?post=2868"}],"curies":[{"name":"wp","href":"https:\/\/api.w.org\/{rel}","templated":true}]}}