{"id":288,"date":"2020-04-16T17:00:25","date_gmt":"2020-04-16T17:00:25","guid":{"rendered":"https:\/\/distribucionarc.com\/?post_type=product&#038;p=288"},"modified":"2025-05-09T14:33:02","modified_gmt":"2025-05-09T12:33:02","slug":"yogun-ve-macunsu-urunler-icin-siseleme-dispenseri-50ml-%f0%9f%a7%b4-pnomatik","status":"publish","type":"product","link":"https:\/\/distribucionarc.com\/tr\/producto\/dosificadora-embotelladora-productos-densos-y-pastosos-50ml-%f0%9f%a7%b4-neumatica\/","title":{"rendered":"Yo\u011fun ve Viskoz \u00dcr\u00fcnlerin Da\u011f\u0131t\u0131m\u0131, \u015ei\u015felenmesi 50 ml Pn\u00f6matik"},"content":{"rendered":"<h2 data-start=\"430\" data-end=\"499\">\ud83c\udfaf Viskoz S\u0131v\u0131lar i\u00e7in Kompakt Pn\u00f6matik Dolum Makinesi \u2013 5 ila 50 ml<\/h2>\n<p data-start=\"501\" data-end=\"810\">La <strong data-start=\"504\" data-end=\"535\">pn\u00f6matik dolum 5\u201350 ml<\/strong> T\u00fcm serinin en kompakt, en hafif ve kullan\u0131m\u0131 en kolay olan\u0131d\u0131r. \u00d6zellikle dolum i\u00e7in tasarlanm\u0131\u015ft\u0131r <strong data-start=\"641\" data-end=\"678\">orta-y\u00fcksek viskoziteli s\u0131v\u0131lar<\/strong>, izin verir <strong data-start=\"692\" data-end=\"745\">hassas, h\u0131zl\u0131 ve zahmetsiz dozajlama<\/strong>, manuel ayarl\u0131 pn\u00f6matik piston sistemi sayesinde.<\/p>\n<p data-start=\"812\" data-end=\"1132\">K\u00fc\u00e7\u00fck dozlarla \u00e7al\u0131\u015fan ve ihtiya\u00e7 duyan at\u00f6lyeler, laboratuvarlar ve \u00fcreticiler i\u00e7in idealdir. <strong data-start=\"907\" data-end=\"941\">esneklik ve h\u0131zl\u0131 temizlik<\/strong> Bir \u00fcr\u00fcn ile di\u011feri aras\u0131nda. Bir arac\u0131l\u0131\u011f\u0131yla <strong data-start=\"983\" data-end=\"1018\">manuel ayarl\u0131 turnike<\/strong>Kullan\u0131c\u0131, doldurulacak hacmi hassas bir \u015fekilde ayarlayabilir ve dolum \u00fczerinde tam kontrol sa\u011flayabilir.<\/p>\n<p data-start=\"1134\" data-end=\"1408\">En b\u00fcy\u00fck avantajlar\u0131ndan biri de <strong data-start=\"1168\" data-end=\"1193\">temizlik kolayl\u0131\u011f\u0131<\/strong>. Basit ve eri\u015filebilir bir tasar\u0131mla, <strong data-start=\"1239\" data-end=\"1319\">\u00dcr\u00fcnle temas eden par\u00e7alar birka\u00e7 dakika i\u00e7erisinde s\u00f6k\u00fcl\u00fcp y\u0131kanabilir.<\/strong>, izin veren <strong data-start=\"1336\" data-end=\"1407\">\u00e7apraz bula\u015fma riski olmadan \u00fcr\u00fcnleri h\u0131zla de\u011fi\u015ftirin<\/strong>.<\/p>\n<h3 data-start=\"1410\" data-end=\"1446\">\u2705 \u0130deal \u00fcr\u00fcn \u00f6rnekleri:<\/h3>\n<ul data-start=\"1448\" data-end=\"1700\">\n<li data-start=\"1448\" data-end=\"1485\">\n<p data-start=\"1450\" data-end=\"1485\">\ud83d\udc84 <strong data-start=\"1453\" data-end=\"1485\">S\u0131v\u0131 makyaj bazlar\u0131<\/strong><\/p>\n<\/li>\n<li data-start=\"1486\" data-end=\"1511\">\n<p data-start=\"1488\" data-end=\"1511\">\ud83d\udc85 <strong data-start=\"1491\" data-end=\"1511\">T\u0131rnak cilalar\u0131<\/strong><\/p>\n<\/li>\n<li data-start=\"1512\" data-end=\"1560\">\n<p data-start=\"1514\" data-end=\"1560\">\ud83d\udd8b\ufe0f <strong data-start=\"1518\" data-end=\"1560\">M\u00fcrekkepler, boyalar, s\u0131v\u0131 pigmentler<\/strong><\/p>\n<\/li>\n<li data-start=\"1561\" data-end=\"1601\">\n<p data-start=\"1563\" data-end=\"1601\">\ud83e\uddf4 <strong data-start=\"1566\" data-end=\"1601\">Hafif jeller, serumlar, losyonlar<\/strong><\/p>\n<\/li>\n<li data-start=\"1602\" data-end=\"1645\">\n<p data-start=\"1604\" data-end=\"1645\">\ud83e\uddec <strong data-start=\"1607\" data-end=\"1645\">Kimyasal veya farmas\u00f6tik reaktifler<\/strong><\/p>\n<\/li>\n<li data-start=\"1646\" data-end=\"1700\">\n<p data-start=\"1648\" data-end=\"1700\">\ud83c\udf6f <strong data-start=\"1651\" data-end=\"1700\">S\u0131v\u0131 bal veya topaks\u0131z \u015furup \u00f6rnekleri<\/strong><\/p>\n<\/li>\n<\/ul>\n<h3 data-start=\"1702\" data-end=\"1749\">\ud83d\udd01 H\u0131zl\u0131 \u00fcr\u00fcn de\u011fi\u015fikli\u011fi \u00f6rnekleri:<\/h3>\n<ul data-start=\"1751\" data-end=\"1967\">\n<li data-start=\"1751\" data-end=\"1809\">\n<p data-start=\"1753\" data-end=\"1809\">\u0130le ilgili <strong data-start=\"1756\" data-end=\"1780\">\u015feffaf emaye<\/strong> ile <strong data-start=\"1783\" data-end=\"1807\">pigmentli emaye<\/strong><\/p>\n<\/li>\n<li data-start=\"1810\" data-end=\"1849\">\n<p data-start=\"1812\" data-end=\"1849\">\u0130le ilgili <strong data-start=\"1815\" data-end=\"1830\">siyah m\u00fcrekkep<\/strong> ile <strong data-start=\"1833\" data-end=\"1847\">k\u0131rm\u0131z\u0131 m\u00fcrekkep<\/strong><\/p>\n<\/li>\n<li data-start=\"1850\" data-end=\"1905\">\n<p data-start=\"1852\" data-end=\"1905\">\u0130le ilgili <strong data-start=\"1855\" data-end=\"1879\">n\u00f6tr kozmetik jel<\/strong> ile <strong data-start=\"1882\" data-end=\"1903\">koku jeli<\/strong><\/p>\n<\/li>\n<li data-start=\"1906\" data-end=\"1967\">\n<p data-start=\"1908\" data-end=\"1967\">\u0130le ilgili <strong data-start=\"1911\" data-end=\"1944\">\u015fekersiz \u015furup \u00f6rnekleri<\/strong> ile <strong data-start=\"1947\" data-end=\"1967\">aromal\u0131 \u015furup<\/strong><\/p>\n<\/li>\n<\/ul>\n<p data-start=\"1969\" data-end=\"2161\">senin sayende <strong data-start=\"1982\" data-end=\"2000\">10 kg hazne<\/strong>Kompakt tasar\u0131m\u0131 ve 304 paslanmaz \u00e7elik yap\u0131s\u0131 ile bu makine k\u00fc\u00e7\u00fck parti \u00fcretimi, numune haz\u0131rlama veya y\u00fcksek devirli \u00fcr\u00fcnler i\u00e7in m\u00fckemmeldir.<\/p>\n<hr data-start=\"2163\" data-end=\"2166\" \/>\n<h3 data-start=\"2168\" data-end=\"2197\">Teknik \u00d6zellikler<\/h3>\n<div class=\"_tableContainer_16hzy_1\">\n<div class=\"_tableWrapper_16hzy_14 group flex w-fit flex-col-reverse\" tabindex=\"-1\">\n<table class=\"w-fit min-w-(--thread-content-width)\" data-start=\"2199\" data-end=\"3626\">\n<thead data-start=\"2199\" data-end=\"2274\">\n<tr data-start=\"2199\" data-end=\"2274\">\n<th data-start=\"2199\" data-end=\"2233\" data-col-size=\"sm\">\u00d6zellik<\/th>\n<th data-start=\"2233\" data-end=\"2274\" data-col-size=\"md\">Detay<\/th>\n<\/tr>\n<\/thead>\n<tbody data-start=\"2351\" data-end=\"3626\">\n<tr data-start=\"2351\" data-end=\"2439\">\n<td data-start=\"2351\" data-end=\"2385\" data-col-size=\"sm\">Makine tipi<\/td>\n<td data-col-size=\"md\" data-start=\"2385\" data-end=\"2439\">K\u00fc\u00e7\u00fck hacimler i\u00e7in manuel pn\u00f6matik dolum makinesi<\/td>\n<\/tr>\n<tr data-start=\"2440\" data-end=\"2516\">\n<td data-start=\"2440\" data-end=\"2474\" data-col-size=\"sm\">\u00dcr\u00fcn t\u00fcr\u00fc<\/td>\n<td data-col-size=\"md\" data-start=\"2474\" data-end=\"2516\">Par\u00e7ac\u0131k i\u00e7ermeyen viskoz s\u0131v\u0131lar<\/td>\n<\/tr>\n<tr data-start=\"2517\" data-end=\"2601\">\n<td data-start=\"2517\" data-end=\"2551\" data-col-size=\"sm\">Uygulamalar<\/td>\n<td data-col-size=\"md\" data-start=\"2551\" data-end=\"2601\">Kozmetik, laboratuvar, eczane, g\u0131da<\/td>\n<\/tr>\n<tr data-start=\"2602\" data-end=\"2691\">\n<td data-start=\"2602\" data-end=\"2636\" data-col-size=\"sm\">Uyumlu \u00fcr\u00fcnler<\/td>\n<td data-col-size=\"md\" data-start=\"2636\" data-end=\"2691\">S\u0131v\u0131 makyaj, oje, m\u00fcrekkep, serum, jel<\/td>\n<\/tr>\n<tr data-start=\"2692\" data-end=\"2767\">\n<td data-start=\"2692\" data-end=\"2726\" data-col-size=\"sm\">Dolum sistemi<\/td>\n<td data-col-size=\"md\" data-start=\"2726\" data-end=\"2767\">Elle ayarl\u0131 pn\u00f6matik piston<\/td>\n<\/tr>\n<tr data-start=\"2768\" data-end=\"2844\">\n<td data-start=\"2768\" data-end=\"2802\" data-col-size=\"sm\">Dolum aral\u0131\u011f\u0131<\/td>\n<td data-col-size=\"md\" data-start=\"2802\" data-end=\"2844\">5ml \u2013 50ml<\/td>\n<\/tr>\n<tr data-start=\"2845\" data-end=\"2921\">\n<td data-start=\"2845\" data-end=\"2879\" data-col-size=\"sm\">Dolum do\u011frulu\u011fu<\/td>\n<td data-col-size=\"md\" data-start=\"2879\" data-end=\"2921\">\u00b1 0,2 \u2013 1 ml<\/td>\n<\/tr>\n<tr data-start=\"2922\" data-end=\"2997\">\n<td data-start=\"2922\" data-end=\"2956\" data-col-size=\"sm\">\u00dcretim h\u0131z\u0131<\/td>\n<td data-col-size=\"md\" data-start=\"2956\" data-end=\"2997\">Dakikada 40 mermiye kadar<\/td>\n<\/tr>\n<tr data-start=\"2998\" data-end=\"3074\">\n<td data-start=\"2998\" data-end=\"3032\" data-col-size=\"sm\">\u00c7al\u0131\u015fma bas\u0131nc\u0131<\/td>\n<td data-col-size=\"md\" data-start=\"3032\" data-end=\"3074\">0,4 \u2013 0,6 MPa (58\u201387 PSI)<\/td>\n<\/tr>\n<tr data-start=\"3075\" data-end=\"3150\">\n<td data-start=\"3075\" data-end=\"3109\" data-col-size=\"sm\">\u00c7al\u0131\u015fma \u015fekli<\/td>\n<td data-col-size=\"md\" data-start=\"3109\" data-end=\"3150\">Pn\u00f6matik g\u00fc\u00e7le manuel<\/td>\n<\/tr>\n<tr data-start=\"3151\" data-end=\"3227\">\n<td data-start=\"3151\" data-end=\"3185\" data-col-size=\"sm\">Huni kapasitesi<\/td>\n<td data-col-size=\"md\" data-start=\"3185\" data-end=\"3227\">10 kg<\/td>\n<\/tr>\n<tr data-start=\"3228\" data-end=\"3303\">\n<td data-start=\"3228\" data-end=\"3262\" data-col-size=\"sm\">Temas halindeki malzeme<\/td>\n<td data-col-size=\"md\" data-start=\"3262\" data-end=\"3303\">304 paslanmaz \u00e7elik<\/td>\n<\/tr>\n<tr data-start=\"3304\" data-end=\"3395\">\n<td data-start=\"3304\" data-end=\"3338\" data-col-size=\"sm\">Temizlik<\/td>\n<td data-col-size=\"md\" data-start=\"3338\" data-end=\"3395\">\u00dcr\u00fcn de\u011fi\u015fimleri i\u00e7in \u00e7ok kolay, h\u0131zl\u0131 s\u00f6k\u00fcm<\/td>\n<\/tr>\n<tr data-start=\"3396\" data-end=\"3472\">\n<td data-start=\"3396\" data-end=\"3430\" data-col-size=\"sm\">Boyut ve ta\u015f\u0131nabilirlik<\/td>\n<td data-col-size=\"md\" data-start=\"3430\" data-end=\"3472\">Kompakt ve hafif<\/td>\n<\/tr>\n<tr data-start=\"3473\" data-end=\"3549\">\n<td data-start=\"3473\" data-end=\"3507\" data-col-size=\"sm\">Sertifikasyon<\/td>\n<td data-col-size=\"md\" data-start=\"3507\" data-end=\"3549\">CE (modele ba\u011fl\u0131 olarak)<\/td>\n<\/tr>\n<tr data-start=\"3550\" data-end=\"3626\">\n<td data-start=\"3550\" data-end=\"3584\" data-col-size=\"sm\">Teknik destek<\/td>\n<td data-col-size=\"md\" data-start=\"3584\" data-end=\"3626\">\u0130\u00e7ermek<\/td>\n<\/tr>\n<\/tbody>\n<\/table>\n<div class=\"sticky end-(--thread-content-margin) h-0 self-end select-none\">\n<div class=\"absolute end-0 flex items-end\"><\/div>\n<\/div>\n<\/div>\n<\/div>\n<p><iframe loading=\"lazy\" src=\"https:\/\/www.youtube.com\/embed\/Y7kk4IGd9fQ\" width=\"560\" height=\"315\" frameborder=\"0\" allowfullscreen=\"allowfullscreen\"><\/iframe><\/p>","protected":false},"excerpt":{"rendered":"<p>Viskoz s\u0131v\u0131lara \u00f6zel, piston yap\u0131s\u0131na sahip, 5 \u27a1\ufe0f 50 ml dolum aral\u0131\u011f\u0131na sahip yeni pn\u00f6matik dolum makinesi. S\u0131v\u0131 g\u0131dalar, ya\u011flar, \u015fampuanlar, kremler ve di\u011fer s\u0131v\u0131 ve viskoz maddeler gibi s\u0131v\u0131lar\u0131n doldurulmas\u0131nda yayg\u0131n olarak kullan\u0131l\u0131r. Farmas\u00f6tik \u00fcr\u00fcnler, kozmetik, g\u0131da, pestisitlerin yan\u0131 s\u0131ra \u00f6zel end\u00fcstriye de uygulanabilir; i\u015f ama\u00e7l\u0131 viskoz s\u0131v\u0131lar\u0131n doldurulmas\u0131 i\u00e7in ideal yar\u0131 otomatik ekipman oldu\u011funa \u015f\u00fcphe yoktur.<\/p>","protected":false},"featured_media":289,"comment_status":"open","ping_status":"closed","template":"","meta":{"wds_primary_product_brand":0,"wds_primary_product_cat":0},"product_brand":[],"product_cat":[18,20,74,73,75,320,321,29,21],"product_tag":[],"class_list":{"0":"post-288","1":"product","2":"type-product","3":"status-publish","4":"has-post-thumbnail","6":"product_cat-dosificadoras","7":"product_cat-dosificadoras-de-pastosos","8":"product_cat-llenadoras-de-botellas","9":"product_cat-llenadoras-de-liquidos","10":"product_cat-llenadoras-de-masas-y-salsas","11":"product_cat-llenadoras-de-liquidos-por-gravedad","12":"product_cat-llenadoras-de-piston","13":"product_cat-maquinas-industria-quimica","14":"product_cat-maquinas-llenadoras","15":"product_shipping_class-express","17":"first","18":"instock","19":"sale","20":"taxable","21":"shipping-taxable","22":"purchasable","23":"product-type-simple"},"yoast_head":"<!-- This site is optimized with the Yoast SEO Premium plugin v24.9 (Yoast SEO v26.1) - https:\/\/yoast.com\/wordpress\/plugins\/seo\/ -->\n<title>Dosificadora, Embotelladora Productos Densos y Viscosos 50 ml Neum\u00e1tica - distribuci\u00f3n ARC<\/title>\n<meta name=\"robots\" content=\"index, follow, max-snippet:-1, max-image-preview:large, max-video-preview:-1\" \/>\n<link rel=\"canonical\" href=\"https:\/\/distribucionarc.com\/tr\/urun\/yogun-ve-macunsu-urunler-icin-siseleme-dispenseri-50ml-\ud83e\uddf4-pnomatik\/\" \/>\n<meta property=\"og:locale\" content=\"tr_TR\" \/>\n<meta property=\"og:type\" content=\"article\" \/>\n<meta property=\"og:title\" content=\"Dosificadora, Embotelladora Productos Densos y Viscosos 50 ml Neum\u00e1tica\" \/>\n<meta property=\"og:description\" content=\"Nueva m\u00e1quina de llenado neum\u00e1tico que adopta una estructura con pist\u00f3n, especial para l\u00edquidos viscosos, rango de llenado de 5 \u27a1\ufe0f 50 ml. Ampliamente utilizada en el llenado de l\u00edquidos, como: alimentos l\u00edquidos, aceites, champ\u00fa, cremas y otras sustancia l\u00edquidas y viscosas. Es aplicable a los productos farmac\u00e9uticos, cosm\u00e9ticos, alimentos, plaguicidas, as\u00ed como la industria especial, sin dudas este es el equipo semiautom\u00e1tico ideal para el llenado de l\u00edquidos viscosos para los negocios.\" \/>\n<meta property=\"og:url\" content=\"https:\/\/distribucionarc.com\/tr\/urun\/yogun-ve-macunsu-urunler-icin-siseleme-dispenseri-50ml-\ud83e\uddf4-pnomatik\/\" \/>\n<meta property=\"og:site_name\" content=\"distribuci\u00f3n ARC\" \/>\n<meta property=\"article:modified_time\" content=\"2025-05-09T12:33:02+00:00\" \/>\n<meta property=\"og:image\" content=\"https:\/\/distribucionarc.com\/wp-content\/uploads\/2020\/04\/dosificadora_embotelladora_productos_densos_y_pastosos_50ml_neumatica_0.jpg\" \/>\n\t<meta property=\"og:image:width\" content=\"1001\" \/>\n\t<meta property=\"og:image:height\" content=\"1001\" \/>\n\t<meta property=\"og:image:type\" content=\"image\/jpeg\" \/>\n<meta name=\"twitter:card\" content=\"summary_large_image\" \/>\n<meta name=\"twitter:label1\" content=\"Tahmini okuma s\u00fcresi\" \/>\n\t<meta name=\"twitter:data1\" content=\"2 dakika\" \/>\n<script type=\"application\/ld+json\" class=\"yoast-schema-graph\">{\"@context\":\"https:\/\/schema.org\",\"@graph\":[{\"@type\":\"WebPage\",\"@id\":\"https:\/\/distribucionarc.com\/sl\/producto\/dosificadora-embotelladora-productos-densos-y-pastosos-50ml-%f0%9f%a7%b4-neumatica\/\",\"url\":\"https:\/\/distribucionarc.com\/sl\/producto\/dosificadora-embotelladora-productos-densos-y-pastosos-50ml-%f0%9f%a7%b4-neumatica\/\",\"name\":\"Dosificadora, Embotelladora Productos Densos y Viscosos 50 ml Neum\u00e1tica - distribuci\u00f3n ARC\",\"isPartOf\":{\"@id\":\"https:\/\/distribucionarc.com\/en\/#website\"},\"primaryImageOfPage\":{\"@id\":\"https:\/\/distribucionarc.com\/sl\/producto\/dosificadora-embotelladora-productos-densos-y-pastosos-50ml-%f0%9f%a7%b4-neumatica\/#primaryimage\"},\"image\":{\"@id\":\"https:\/\/distribucionarc.com\/sl\/producto\/dosificadora-embotelladora-productos-densos-y-pastosos-50ml-%f0%9f%a7%b4-neumatica\/#primaryimage\"},\"thumbnailUrl\":\"https:\/\/distribucionarc.com\/wp-content\/uploads\/2020\/04\/dosificadora_embotelladora_productos_densos_y_pastosos_50ml_neumatica_0.jpg\",\"datePublished\":\"2020-04-16T17:00:25+00:00\",\"dateModified\":\"2025-05-09T12:33:02+00:00\",\"breadcrumb\":{\"@id\":\"https:\/\/distribucionarc.com\/sl\/producto\/dosificadora-embotelladora-productos-densos-y-pastosos-50ml-%f0%9f%a7%b4-neumatica\/#breadcrumb\"},\"inLanguage\":\"tr\",\"potentialAction\":[{\"@type\":\"ReadAction\",\"target\":[\"https:\/\/distribucionarc.com\/sl\/producto\/dosificadora-embotelladora-productos-densos-y-pastosos-50ml-%f0%9f%a7%b4-neumatica\/\"]}]},{\"@type\":\"ImageObject\",\"inLanguage\":\"tr\",\"@id\":\"https:\/\/distribucionarc.com\/sl\/producto\/dosificadora-embotelladora-productos-densos-y-pastosos-50ml-%f0%9f%a7%b4-neumatica\/#primaryimage\",\"url\":\"https:\/\/distribucionarc.com\/wp-content\/uploads\/2020\/04\/dosificadora_embotelladora_productos_densos_y_pastosos_50ml_neumatica_0.jpg\",\"contentUrl\":\"https:\/\/distribucionarc.com\/wp-content\/uploads\/2020\/04\/dosificadora_embotelladora_productos_densos_y_pastosos_50ml_neumatica_0.jpg\",\"width\":1001,\"height\":1001,\"caption\":\"dosificadora_embotelladora_productos_densos_y_pastosos_50ml_neumatica\"},{\"@type\":\"BreadcrumbList\",\"@id\":\"https:\/\/distribucionarc.com\/sl\/producto\/dosificadora-embotelladora-productos-densos-y-pastosos-50ml-%f0%9f%a7%b4-neumatica\/#breadcrumb\",\"itemListElement\":[{\"@type\":\"ListItem\",\"position\":1,\"name\":\"Portada\",\"item\":\"https:\/\/distribucionarc.com\/\"},{\"@type\":\"ListItem\",\"position\":2,\"name\":\"\u0627\u0644\u0645\u0646\u062a\u062c\u0627\u062a\",\"item\":\"https:\/\/distribucionarc.com\/ar\/%d9%85%d8%ad%d9%84\/\"},{\"@type\":\"ListItem\",\"position\":3,\"name\":\"Dosificadora, Embotelladora Productos Densos y Viscosos 50 ml Neum\u00e1tica\"}]},{\"@type\":\"WebSite\",\"@id\":\"https:\/\/distribucionarc.com\/en\/#website\",\"url\":\"https:\/\/distribucionarc.com\/en\/\",\"name\":\"distribuci\u00f3n ARC\",\"description\":\"Empresa especializada en la fabricaci\u00f3n y distribuci\u00f3n de maquinaria industrial, selladoras de latas, Maquinas de hacer pastillas, Maquinas de cortar carne...\",\"publisher\":{\"@id\":\"https:\/\/distribucionarc.com\/en\/#organization\"},\"potentialAction\":[{\"@type\":\"SearchAction\",\"target\":{\"@type\":\"EntryPoint\",\"urlTemplate\":\"https:\/\/distribucionarc.com\/en\/?s={search_term_string}\"},\"query-input\":{\"@type\":\"PropertyValueSpecification\",\"valueRequired\":true,\"valueName\":\"search_term_string\"}}],\"inLanguage\":\"tr\"},{\"@type\":\"Organization\",\"@id\":\"https:\/\/distribucionarc.com\/en\/#organization\",\"name\":\"Distribuci\u00f3n ARC\",\"url\":\"https:\/\/distribucionarc.com\/en\/\",\"logo\":{\"@type\":\"ImageObject\",\"inLanguage\":\"tr\",\"@id\":\"https:\/\/distribucionarc.com\/en\/#\/schema\/logo\/image\/\",\"url\":\"https:\/\/distribucionarc.com\/wp-content\/uploads\/2024\/10\/distribucion-ARC-COLOR-SIN-FONDO-e1732295305345.png\",\"contentUrl\":\"https:\/\/distribucionarc.com\/wp-content\/uploads\/2024\/10\/distribucion-ARC-COLOR-SIN-FONDO-e1732295305345.png\",\"width\":1164,\"height\":558,\"caption\":\"Distribuci\u00f3n ARC\"},\"image\":{\"@id\":\"https:\/\/distribucionarc.com\/en\/#\/schema\/logo\/image\/\"},\"description\":\"Empresa especializada en la fabricaci\u00f3n y distribuci\u00f3n de maquinaria industrial para los sectores alimentario y farmac\u00e9utico. Nos especializamos en: M\u00e1quinas de cortar carne Fabricaci\u00f3n de comprimidos Sistemas de transporte industrial L\u00edneas de embotellado Dosificadores Y mucho m\u00e1s... Ofrecemos soluciones innovadoras y personalizadas para optimizar los procesos productivos de tu empresa.\",\"email\":\"Admistracion@distribucionarc.com\",\"telephone\":\"+34 643496664\",\"legalName\":\"ARC TECH SOLUTIONS\",\"foundingDate\":\"2024-04-09\",\"vatID\":\"B55480172\",\"numberOfEmployees\":{\"@type\":\"QuantitativeValue\",\"minValue\":\"1\",\"maxValue\":\"10\"}}]}<\/script>\n<!-- \/ Yoast SEO Premium plugin. -->","yoast_head_json":{"title":"Yo\u011fun ve Viskoz \u00dcr\u00fcnlerin Da\u011f\u0131t\u0131m\u0131, \u015ei\u015felenmesi 50 ml Pn\u00f6matik - ARC da\u011f\u0131t\u0131m\u0131","robots":{"index":"index","follow":"follow","max-snippet":"max-snippet:-1","max-image-preview":"max-image-preview:large","max-video-preview":"max-video-preview:-1"},"canonical":"https:\/\/distribucionarc.com\/tr\/urun\/yogun-ve-macunsu-urunler-icin-siseleme-dispenseri-50ml-\ud83e\uddf4-pnomatik\/","og_locale":"tr_TR","og_type":"article","og_title":"Dosificadora, Embotelladora Productos Densos y Viscosos 50 ml Neum\u00e1tica","og_description":"Nueva m\u00e1quina de llenado neum\u00e1tico que adopta una estructura con pist\u00f3n, especial para l\u00edquidos viscosos, rango de llenado de 5 \u27a1\ufe0f 50 ml. Ampliamente utilizada en el llenado de l\u00edquidos, como: alimentos l\u00edquidos, aceites, champ\u00fa, cremas y otras sustancia l\u00edquidas y viscosas. Es aplicable a los productos farmac\u00e9uticos, cosm\u00e9ticos, alimentos, plaguicidas, as\u00ed como la industria especial, sin dudas este es el equipo semiautom\u00e1tico ideal para el llenado de l\u00edquidos viscosos para los negocios.","og_url":"https:\/\/distribucionarc.com\/tr\/urun\/yogun-ve-macunsu-urunler-icin-siseleme-dispenseri-50ml-\ud83e\uddf4-pnomatik\/","og_site_name":"distribuci\u00f3n ARC","article_modified_time":"2025-05-09T12:33:02+00:00","og_image":[{"width":1001,"height":1001,"url":"https:\/\/distribucionarc.com\/wp-content\/uploads\/2020\/04\/dosificadora_embotelladora_productos_densos_y_pastosos_50ml_neumatica_0.jpg","type":"image\/jpeg"}],"twitter_card":"summary_large_image","twitter_misc":{"Tahmini okuma s\u00fcresi":"2 dakika"},"schema":{"@context":"https:\/\/schema.org","@graph":[{"@type":"WebPage","@id":"https:\/\/distribucionarc.com\/sl\/producto\/dosificadora-embotelladora-productos-densos-y-pastosos-50ml-%f0%9f%a7%b4-neumatica\/","url":"https:\/\/distribucionarc.com\/sl\/producto\/dosificadora-embotelladora-productos-densos-y-pastosos-50ml-%f0%9f%a7%b4-neumatica\/","name":"Yo\u011fun ve Viskoz \u00dcr\u00fcnlerin Da\u011f\u0131t\u0131m\u0131, \u015ei\u015felenmesi 50 ml Pn\u00f6matik - ARC da\u011f\u0131t\u0131m\u0131","isPartOf":{"@id":"https:\/\/distribucionarc.com\/en\/#website"},"primaryImageOfPage":{"@id":"https:\/\/distribucionarc.com\/sl\/producto\/dosificadora-embotelladora-productos-densos-y-pastosos-50ml-%f0%9f%a7%b4-neumatica\/#primaryimage"},"image":{"@id":"https:\/\/distribucionarc.com\/sl\/producto\/dosificadora-embotelladora-productos-densos-y-pastosos-50ml-%f0%9f%a7%b4-neumatica\/#primaryimage"},"thumbnailUrl":"https:\/\/distribucionarc.com\/wp-content\/uploads\/2020\/04\/dosificadora_embotelladora_productos_densos_y_pastosos_50ml_neumatica_0.jpg","datePublished":"2020-04-16T17:00:25+00:00","dateModified":"2025-05-09T12:33:02+00:00","breadcrumb":{"@id":"https:\/\/distribucionarc.com\/sl\/producto\/dosificadora-embotelladora-productos-densos-y-pastosos-50ml-%f0%9f%a7%b4-neumatica\/#breadcrumb"},"inLanguage":"tr","potentialAction":[{"@type":"ReadAction","target":["https:\/\/distribucionarc.com\/sl\/producto\/dosificadora-embotelladora-productos-densos-y-pastosos-50ml-%f0%9f%a7%b4-neumatica\/"]}]},{"@type":"ImageObject","inLanguage":"tr","@id":"https:\/\/distribucionarc.com\/sl\/producto\/dosificadora-embotelladora-productos-densos-y-pastosos-50ml-%f0%9f%a7%b4-neumatica\/#primaryimage","url":"https:\/\/distribucionarc.com\/wp-content\/uploads\/2020\/04\/dosificadora_embotelladora_productos_densos_y_pastosos_50ml_neumatica_0.jpg","contentUrl":"https:\/\/distribucionarc.com\/wp-content\/uploads\/2020\/04\/dosificadora_embotelladora_productos_densos_y_pastosos_50ml_neumatica_0.jpg","width":1001,"height":1001,"caption":"dosificadora_embotelladora_productos_densos_y_pastosos_50ml_neumatica"},{"@type":"BreadcrumbList","@id":"https:\/\/distribucionarc.com\/sl\/producto\/dosificadora-embotelladora-productos-densos-y-pastosos-50ml-%f0%9f%a7%b4-neumatica\/#breadcrumb","itemListElement":[{"@type":"ListItem","position":1,"name":"Portada","item":"https:\/\/distribucionarc.com\/"},{"@type":"ListItem","position":2,"name":"\u0627\u0644\u0645\u0646\u062a\u062c\u0627\u062a","item":"https:\/\/distribucionarc.com\/ar\/%d9%85%d8%ad%d9%84\/"},{"@type":"ListItem","position":3,"name":"Dosificadora, Embotelladora Productos Densos y Viscosos 50 ml Neum\u00e1tica"}]},{"@type":"WebSite","@id":"https:\/\/distribucionarc.com\/en\/#website","url":"https:\/\/distribucionarc.com\/en\/","name":"ARC da\u011f\u0131t\u0131m\u0131","description":"End\u00fcstriyel makinelerin \u00fcretimi ve da\u011f\u0131t\u0131m\u0131 konusunda uzmanla\u015fm\u0131\u015f \u015firket, kutu m\u00fch\u00fcrleme makineleri, tablet yapma makineleri, et kesme makineleri...","publisher":{"@id":"https:\/\/distribucionarc.com\/en\/#organization"},"potentialAction":[{"@type":"SearchAction","target":{"@type":"EntryPoint","urlTemplate":"https:\/\/distribucionarc.com\/en\/?s={search_term_string}"},"query-input":{"@type":"PropertyValueSpecification","valueRequired":true,"valueName":"search_term_string"}}],"inLanguage":"tr"},{"@type":"Organization","@id":"https:\/\/distribucionarc.com\/en\/#organization","name":"ARC Da\u011f\u0131t\u0131m\u0131","url":"https:\/\/distribucionarc.com\/en\/","logo":{"@type":"ImageObject","inLanguage":"tr","@id":"https:\/\/distribucionarc.com\/en\/#\/schema\/logo\/image\/","url":"https:\/\/distribucionarc.com\/wp-content\/uploads\/2024\/10\/distribucion-ARC-COLOR-SIN-FONDO-e1732295305345.png","contentUrl":"https:\/\/distribucionarc.com\/wp-content\/uploads\/2024\/10\/distribucion-ARC-COLOR-SIN-FONDO-e1732295305345.png","width":1164,"height":558,"caption":"Distribuci\u00f3n ARC"},"image":{"@id":"https:\/\/distribucionarc.com\/en\/#\/schema\/logo\/image\/"},"description":"\u015eirket, g\u0131da ve ila\u00e7 sekt\u00f6rleri i\u00e7in end\u00fcstriyel makine \u00fcretimi ve da\u011f\u0131t\u0131m\u0131 konusunda uzmanla\u015fm\u0131\u015ft\u0131r. Uzmanl\u0131k alanlar\u0131m\u0131z Et kesme makineleri Tablet \u00fcretimi End\u00fcstriyel ta\u015f\u0131ma sistemleri \u015ei\u015feleme hatlar\u0131 Dozajlama makineleri Ve \u00e7ok daha fazlas\u0131... \u015eirketinizin \u00fcretim s\u00fcre\u00e7lerini optimize etmek i\u00e7in yenilik\u00e7i ve \u00f6zelle\u015ftirilmi\u015f \u00e7\u00f6z\u00fcmler sunuyoruz.","email":"Admistracion@distribucionarc.com","telephone":"+34 643496664","legalName":"ARC TECH SOLUTIONS","foundingDate":"2024-04-09","vatID":"B55480172","numberOfEmployees":{"@type":"QuantitativeValue","minValue":"1","maxValue":"10"}}]}},"_links":{"self":[{"href":"https:\/\/distribucionarc.com\/tr\/wp-json\/wp\/v2\/product\/288","targetHints":{"allow":["GET"]}}],"collection":[{"href":"https:\/\/distribucionarc.com\/tr\/wp-json\/wp\/v2\/product"}],"about":[{"href":"https:\/\/distribucionarc.com\/tr\/wp-json\/wp\/v2\/types\/product"}],"replies":[{"embeddable":true,"href":"https:\/\/distribucionarc.com\/tr\/wp-json\/wp\/v2\/comments?post=288"}],"version-history":[{"count":3,"href":"https:\/\/distribucionarc.com\/tr\/wp-json\/wp\/v2\/product\/288\/revisions"}],"predecessor-version":[{"id":17473,"href":"https:\/\/distribucionarc.com\/tr\/wp-json\/wp\/v2\/product\/288\/revisions\/17473"}],"wp:featuredmedia":[{"embeddable":true,"href":"https:\/\/distribucionarc.com\/tr\/wp-json\/wp\/v2\/media\/289"}],"wp:attachment":[{"href":"https:\/\/distribucionarc.com\/tr\/wp-json\/wp\/v2\/media?parent=288"}],"wp:term":[{"taxonomy":"product_brand","embeddable":true,"href":"https:\/\/distribucionarc.com\/tr\/wp-json\/wp\/v2\/product_brand?post=288"},{"taxonomy":"product_cat","embeddable":true,"href":"https:\/\/distribucionarc.com\/tr\/wp-json\/wp\/v2\/product_cat?post=288"},{"taxonomy":"product_tag","embeddable":true,"href":"https:\/\/distribucionarc.com\/tr\/wp-json\/wp\/v2\/product_tag?post=288"}],"curies":[{"name":"wp","href":"https:\/\/api.w.org\/{rel}","templated":true}]}}