{"id":2881,"date":"2020-08-25T11:44:51","date_gmt":"2020-08-25T11:44:51","guid":{"rendered":"https:\/\/distribucionarc.com\/?post_type=product&#038;p=2881"},"modified":"2020-10-01T11:17:22","modified_gmt":"2020-10-01T11:17:22","slug":"otomatik-kablo-siyirma-15-38mm","status":"publish","type":"product","link":"https:\/\/distribucionarc.com\/tr\/producto\/peladora-de-cables-automatica-15-38mm\/","title":{"rendered":"Otomatik kablo s\u0131y\u0131r\u0131c\u0131 1,5 \u2013 38mm"},"content":{"rendered":"<h3>Otomatik kablo s\u0131y\u0131r\u0131c\u0131 1,5 \u2013 38mm<\/h3>\n<p>Ta\u015f\u0131nabilir ve hafif tasar\u0131m, ta\u015f\u0131may\u0131 kolayla\u015ft\u0131r\u0131r <strong>otomatik kablo s\u0131y\u0131r\u0131c\u0131 <span style=\"color: #ff0000;\">\u0130LE<\/span><span style=\"color: #0000ff;\">R<\/span>C<\/strong>. \u0130\u015flem s\u0131ras\u0131nda sa\u011flaml\u0131\u011f\u0131n\u0131 ve g\u00fcvenli\u011fini sa\u011flamak i\u00e7in dayan\u0131kl\u0131 \u00e7elikten yap\u0131lm\u0131\u015ft\u0131r. 4 montaj deli\u011fi ile kullan\u0131m\u0131 kolayd\u0131r.<\/p>\n<p>G\u00fc\u00e7l\u00fc 400 watt, 1 fazl\u0131 d\u00f6rt kutuplu motor tasar\u0131m\u0131, 1400 rpm h\u0131za ula\u015f\u0131r, korumaya sahiptir: IP44. Kesme tekerlekleri y\u00fcksek sertlikte ve paslanmaya kar\u015f\u0131 dayan\u0131kl\u0131d\u0131r. Motorun g\u00fcc\u00fc sayesinde soyulma h\u0131z\u0131 h\u0131zl\u0131d\u0131r.<\/p>\n<p>ile <strong>kablo striptizci<span style=\"color: #ff0000;\"> \u0130LE<\/span><span style=\"color: #0000ff;\">R<\/span>CPCE400<\/strong> Ortaya \u00e7\u0131kan farkl\u0131 ihtiya\u00e7lara g\u00f6re otomatik veya krank i\u015flemini ger\u00e7ekle\u015ftirebilirsiniz. 1,5 mm&#039;den 38 mm&#039;ye kadar kapakl\u0131 yuvarlak veya d\u00fcz kablolar\u0131 s\u0131y\u0131rma kapasitesine sahiptir.  Kesme uzunlu\u011fu 150-99999 mm olabilir<\/p>\n<h6><strong>Garanti\u00a0<span style=\"color: #ff0000;\">\u0130LE<\/span><span style=\"color: #0000ff;\">R<\/span>\u00c7 2 YIL<\/strong><\/h6>\n<h6><span style=\"color: #008000;\">Verimli kablo s\u0131y\u0131r\u0131c\u0131, d\u00fc\u015f\u00fck t\u00fcketim 320w<\/span><\/h6>\n<h6><strong>teknik destek dahil<\/strong><\/h6>\n<p>&nbsp;<\/p>\n<table role=\"presentation\" width=\"100%\" cellspacing=\"0\" cellpadding=\"0\">\n<tbody>\n<tr>\n<td class=\"attrLabels\">Marka:<\/td>\n<td width=\"50.0%\">ARK<\/td>\n<\/tr>\n<tr>\n<td class=\"attrLabels\">Da\u011f\u0131t\u0131m \u00fclkesi:<\/td>\n<td width=\"50.0%\">\u0130spanya, Almanya, ABD<\/td>\n<td class=\"attrLabels\">A\u011f\u0131rl\u0131k:<\/td>\n<td width=\"50.0%\">45kg<\/td>\n<\/tr>\n<tr>\n<td class=\"attrLabels\">Marka:<\/td>\n<td width=\"50.0%\">ARK<\/td>\n<td class=\"attrLabels\">Y\u00fckseklik:<\/td>\n<td width=\"50.0%\">32,2 cm<\/td>\n<\/tr>\n<tr>\n<td class=\"attrLabels\">Renk:<\/td>\n<td width=\"50.0%\">Siyah, sar\u0131<\/td>\n<td class=\"attrLabels\">Uzun:<\/td>\n<td width=\"50.0%\">81,5 cm<\/td>\n<\/tr>\n<tr>\n<td class=\"attrLabels\">\u00dcr\u00fcn tipi:<\/td>\n<td width=\"50.0%\">elektrikli de\u011firmeni<\/td>\n<td class=\"attrLabels\">Geni\u015f:<\/td>\n<td width=\"50.0%\">34,3 cm<\/td>\n<\/tr>\n<tr>\n<td class=\"attrLabels\">\u00dcretici numaras\u0131:<\/td>\n<td width=\"50.0%\">ARCPCE400<\/td>\n<td class=\"attrLabels\">Koruma seviyesi:<\/td>\n<td width=\"50.0%\">IP44<\/td>\n<\/tr>\n<tr>\n<td class=\"attrLabels\">Malzeme:<\/td>\n<td width=\"50.0%\">\u00e7elik, verimli motor<\/td>\n<td class=\"attrLabels\">Nominal h\u0131z:<\/td>\n<td width=\"50.0%\">14000rpm<\/td>\n<\/tr>\n<tr>\n<td class=\"attrLabels\">Garanti:<\/td>\n<td width=\"50.0%\">\u00a0 2 Y\u0131l<\/td>\n<td class=\"attrLabels\">Yuvalar:<\/td>\n<td width=\"50.0%\">8 yuvarlak ve 2 d\u00fcz delik<\/td>\n<\/tr>\n<tr>\n<td class=\"attrLabels\">G\u00fc\u00e7:<\/td>\n<td width=\"50.0%\">320W<\/td>\n<td class=\"attrLabels\">B\u0131\u00e7aklar:<\/td>\n<td width=\"50.0%\">10<\/td>\n<\/tr>\n<\/tbody>\n<\/table>","protected":false},"excerpt":{"rendered":"<h2>Otomatik kablo s\u0131y\u0131r\u0131c\u0131 1,5 \u2013 38mm<\/h2>\n<p>La <strong>otomatik tel s\u0131y\u0131rma makinesi<\/strong> masa\u00fcst\u00fc <strong><span style=\"color: #ff0000;\">\u0130LE<\/span><span style=\"color: #0000ff;\">R<\/span>C<\/strong> 1,5 mm&#039;den 38 mm&#039;ye kadar kabloyu s\u0131y\u0131r\u0131r. G\u00fcvenli\u011fi sa\u011flamak i\u00e7in tam korumal\u0131 b\u0131\u00e7aklar ve acil durdurma d\u00fc\u011fmesiyle ta\u015f\u0131nabilir olacak \u015fekilde tasarlanm\u0131\u015ft\u0131r. H\u0131zl\u0131 ve stabil kablo s\u0131y\u0131rma i\u00e7in 1400 Rpm nominal h\u0131za sahip Saf Bak\u0131r Motor. Bu bak\u0131r s\u0131y\u0131rma makinesi, \u00e7e\u015fitli yuvarlak kablolar ve d\u00fcz k\u0131l\u0131fl\u0131 kablolar i\u00e7in idealdir.<\/p>\n<h6><strong>Garanti\u00a0<span style=\"color: #ff0000;\">\u0130LE<\/span><span style=\"color: #0000ff;\">R<\/span>\u00c7 2 YIL<\/strong><\/h6>\n<h6><span style=\"color: #008000;\">Verimli kablo s\u0131y\u0131r\u0131c\u0131, d\u00fc\u015f\u00fck t\u00fcketim 320w<\/span><\/h6>\n<h6><strong>teknik destek dahil<\/strong><\/h6>","protected":false},"featured_media":2892,"comment_status":"open","ping_status":"closed","template":"","meta":{"wds_primary_product_brand":0,"wds_primary_product_cat":0},"product_brand":[],"product_cat":[69],"product_tag":[],"class_list":{"0":"post-2881","1":"product","2":"type-product","3":"status-publish","4":"has-post-thumbnail","6":"product_cat-maquinas-variadas","7":"product_shipping_class-express","9":"first","10":"instock","11":"sale","12":"taxable","13":"shipping-taxable","14":"purchasable","15":"product-type-simple"},"yoast_head":"<!-- This site is optimized with the Yoast SEO Premium plugin v24.9 (Yoast SEO v26.1) - https:\/\/yoast.com\/wordpress\/plugins\/seo\/ -->\n<title>Peladora de cables autom\u00e1tica 1,5 - 38mm - distribuci\u00f3n ARC<\/title>\n<meta name=\"robots\" content=\"index, follow, max-snippet:-1, max-image-preview:large, max-video-preview:-1\" \/>\n<link rel=\"canonical\" href=\"https:\/\/www.distribucionarc.com\/bg\/producto\/peladora-de-cables-automatica-15-38mm\/\" \/>\n<meta property=\"og:locale\" content=\"tr_TR\" \/>\n<meta property=\"og:type\" content=\"article\" \/>\n<meta property=\"og:title\" content=\"Peladora de cables autom\u00e1tica 1,5 - 38mm\" \/>\n<meta property=\"og:description\" content=\"Peladora de cables autom\u00e1tica 1,5 - 38mm La m\u00e1quina peladora de cables autom\u00e1tica de sobremesa ARC pelar\u00e1 alambre de hasta 1.5 mm a 38mm. Dise\u00f1ado para ser port\u00e1til, con cuchillas totalmente protegidas y bot\u00f3n de parada de emergencia para garantizar la seguridad. El Motor de cobre puro con velocidad nominal de 1400Rpm, para pelar cables de forma r\u00e1pida y estable. Esta m\u00e1quina peladora de cobre es ideal para varios tipos de cables redondos y cables planos de cubierta. Garant\u00eda\u00a0ARC 2 A\u00d1OS Peladora de cable eficiente, bajo consumo 320w soporte t\u00e9cnico incluido\" \/>\n<meta property=\"og:url\" content=\"https:\/\/www.distribucionarc.com\/bg\/producto\/peladora-de-cables-automatica-15-38mm\/\" \/>\n<meta property=\"og:site_name\" content=\"distribuci\u00f3n ARC\" \/>\n<meta property=\"article:modified_time\" content=\"2020-10-01T11:17:22+00:00\" \/>\n<meta property=\"og:image\" content=\"https:\/\/distribucionarc.com\/wp-content\/uploads\/2020\/08\/Peladora-de-cables-autom\u00e1tica-1-5-38mm-0.jpg\" \/>\n\t<meta property=\"og:image:width\" content=\"1600\" \/>\n\t<meta property=\"og:image:height\" content=\"1600\" \/>\n\t<meta property=\"og:image:type\" content=\"image\/jpeg\" \/>\n<meta name=\"twitter:card\" content=\"summary_large_image\" \/>\n<meta name=\"twitter:label1\" content=\"Tahmini okuma s\u00fcresi\" \/>\n\t<meta name=\"twitter:data1\" content=\"1 dakika\" \/>\n<script type=\"application\/ld+json\" class=\"yoast-schema-graph\">{\"@context\":\"https:\/\/schema.org\",\"@graph\":[{\"@type\":\"WebPage\",\"@id\":\"https:\/\/www.distribucionarc.com\/bg\/producto\/peladora-de-cables-automatica-15-38mm\/\",\"url\":\"https:\/\/www.distribucionarc.com\/bg\/producto\/peladora-de-cables-automatica-15-38mm\/\",\"name\":\"Peladora de cables autom\u00e1tica 1,5 - 38mm - distribuci\u00f3n ARC\",\"isPartOf\":{\"@id\":\"https:\/\/www.distribucionarc.com\/tr\/#website\"},\"primaryImageOfPage\":{\"@id\":\"https:\/\/www.distribucionarc.com\/bg\/producto\/peladora-de-cables-automatica-15-38mm\/#primaryimage\"},\"image\":{\"@id\":\"https:\/\/www.distribucionarc.com\/bg\/producto\/peladora-de-cables-automatica-15-38mm\/#primaryimage\"},\"thumbnailUrl\":\"https:\/\/distribucionarc.com\/wp-content\/uploads\/2020\/08\/Peladora-de-cables-autom\u00e1tica-1-5-38mm-0.jpg\",\"datePublished\":\"2020-08-25T11:44:51+00:00\",\"dateModified\":\"2020-10-01T11:17:22+00:00\",\"breadcrumb\":{\"@id\":\"https:\/\/www.distribucionarc.com\/bg\/producto\/peladora-de-cables-automatica-15-38mm\/#breadcrumb\"},\"inLanguage\":\"tr\",\"potentialAction\":[{\"@type\":\"ReadAction\",\"target\":[\"https:\/\/www.distribucionarc.com\/bg\/producto\/peladora-de-cables-automatica-15-38mm\/\"]}]},{\"@type\":\"ImageObject\",\"inLanguage\":\"tr\",\"@id\":\"https:\/\/www.distribucionarc.com\/bg\/producto\/peladora-de-cables-automatica-15-38mm\/#primaryimage\",\"url\":\"https:\/\/distribucionarc.com\/wp-content\/uploads\/2020\/08\/Peladora-de-cables-autom\u00e1tica-1-5-38mm-0.jpg\",\"contentUrl\":\"https:\/\/distribucionarc.com\/wp-content\/uploads\/2020\/08\/Peladora-de-cables-autom\u00e1tica-1-5-38mm-0.jpg\",\"width\":1600,\"height\":1600,\"caption\":\"Peladora de cables autom\u00e1tica 1,5 - 38mm\"},{\"@type\":\"BreadcrumbList\",\"@id\":\"https:\/\/www.distribucionarc.com\/bg\/producto\/peladora-de-cables-automatica-15-38mm\/#breadcrumb\",\"itemListElement\":[{\"@type\":\"ListItem\",\"position\":1,\"name\":\"Portada\",\"item\":\"https:\/\/www.distribucionarc.com\/tr\/\"},{\"@type\":\"ListItem\",\"position\":2,\"name\":\"Produktai\",\"item\":\"https:\/\/distribucionarc.com\/lt\/parduotuve\/\"},{\"@type\":\"ListItem\",\"position\":3,\"name\":\"Peladora de cables autom\u00e1tica 1,5 &#8211; 38mm\"}]},{\"@type\":\"WebSite\",\"@id\":\"https:\/\/www.distribucionarc.com\/tr\/#website\",\"url\":\"https:\/\/www.distribucionarc.com\/tr\/\",\"name\":\"distribuci\u00f3n ARC\",\"description\":\"Empresa especializada en la fabricaci\u00f3n y distribuci\u00f3n de maquinaria industrial, selladoras de latas, Maquinas de hacer pastillas, Maquinas de cortar carne...\",\"publisher\":{\"@id\":\"https:\/\/www.distribucionarc.com\/tr\/#organization\"},\"potentialAction\":[{\"@type\":\"SearchAction\",\"target\":{\"@type\":\"EntryPoint\",\"urlTemplate\":\"https:\/\/www.distribucionarc.com\/tr\/?s={search_term_string}\"},\"query-input\":{\"@type\":\"PropertyValueSpecification\",\"valueRequired\":true,\"valueName\":\"search_term_string\"}}],\"inLanguage\":\"tr\"},{\"@type\":\"Organization\",\"@id\":\"https:\/\/www.distribucionarc.com\/tr\/#organization\",\"name\":\"Distribuci\u00f3n ARC\",\"url\":\"https:\/\/www.distribucionarc.com\/tr\/\",\"logo\":{\"@type\":\"ImageObject\",\"inLanguage\":\"tr\",\"@id\":\"https:\/\/www.distribucionarc.com\/tr\/#\/schema\/logo\/image\/\",\"url\":\"https:\/\/distribucionarc.com\/wp-content\/uploads\/2024\/10\/distribucion-ARC-COLOR-SIN-FONDO-e1732295305345.png\",\"contentUrl\":\"https:\/\/distribucionarc.com\/wp-content\/uploads\/2024\/10\/distribucion-ARC-COLOR-SIN-FONDO-e1732295305345.png\",\"width\":1164,\"height\":558,\"caption\":\"Distribuci\u00f3n ARC\"},\"image\":{\"@id\":\"https:\/\/www.distribucionarc.com\/tr\/#\/schema\/logo\/image\/\"},\"description\":\"Empresa especializada en la fabricaci\u00f3n y distribuci\u00f3n de maquinaria industrial para los sectores alimentario y farmac\u00e9utico. Nos especializamos en: M\u00e1quinas de cortar carne Fabricaci\u00f3n de comprimidos Sistemas de transporte industrial L\u00edneas de embotellado Dosificadores Y mucho m\u00e1s... Ofrecemos soluciones innovadoras y personalizadas para optimizar los procesos productivos de tu empresa.\",\"email\":\"Admistracion@distribucionarc.com\",\"telephone\":\"+34 643496664\",\"legalName\":\"ARC TECH SOLUTIONS\",\"foundingDate\":\"2024-04-09\",\"vatID\":\"B55480172\",\"numberOfEmployees\":{\"@type\":\"QuantitativeValue\",\"minValue\":\"1\",\"maxValue\":\"10\"}}]}<\/script>\n<!-- \/ Yoast SEO Premium plugin. -->","yoast_head_json":{"title":"Otomatik kablo s\u0131y\u0131r\u0131c\u0131 1,5 - 38 mm - ARC da\u011f\u0131t\u0131m\u0131","robots":{"index":"index","follow":"follow","max-snippet":"max-snippet:-1","max-image-preview":"max-image-preview:large","max-video-preview":"max-video-preview:-1"},"canonical":"https:\/\/www.distribucionarc.com\/bg\/producto\/peladora-de-cables-automatica-15-38mm\/","og_locale":"tr_TR","og_type":"article","og_title":"Peladora de cables autom\u00e1tica 1,5 - 38mm","og_description":"Peladora de cables autom\u00e1tica 1,5 - 38mm La m\u00e1quina peladora de cables autom\u00e1tica de sobremesa ARC pelar\u00e1 alambre de hasta 1.5 mm a 38mm. Dise\u00f1ado para ser port\u00e1til, con cuchillas totalmente protegidas y bot\u00f3n de parada de emergencia para garantizar la seguridad. El Motor de cobre puro con velocidad nominal de 1400Rpm, para pelar cables de forma r\u00e1pida y estable. Esta m\u00e1quina peladora de cobre es ideal para varios tipos de cables redondos y cables planos de cubierta. Garant\u00eda\u00a0ARC 2 A\u00d1OS Peladora de cable eficiente, bajo consumo 320w soporte t\u00e9cnico incluido","og_url":"https:\/\/www.distribucionarc.com\/bg\/producto\/peladora-de-cables-automatica-15-38mm\/","og_site_name":"distribuci\u00f3n ARC","article_modified_time":"2020-10-01T11:17:22+00:00","og_image":[{"width":1600,"height":1600,"url":"https:\/\/distribucionarc.com\/wp-content\/uploads\/2020\/08\/Peladora-de-cables-autom\u00e1tica-1-5-38mm-0.jpg","type":"image\/jpeg"}],"twitter_card":"summary_large_image","twitter_misc":{"Tahmini okuma s\u00fcresi":"1 dakika"},"schema":{"@context":"https:\/\/schema.org","@graph":[{"@type":"WebPage","@id":"https:\/\/www.distribucionarc.com\/bg\/producto\/peladora-de-cables-automatica-15-38mm\/","url":"https:\/\/www.distribucionarc.com\/bg\/producto\/peladora-de-cables-automatica-15-38mm\/","name":"Otomatik kablo s\u0131y\u0131r\u0131c\u0131 1,5 - 38 mm - ARC da\u011f\u0131t\u0131m\u0131","isPartOf":{"@id":"https:\/\/www.distribucionarc.com\/tr\/#website"},"primaryImageOfPage":{"@id":"https:\/\/www.distribucionarc.com\/bg\/producto\/peladora-de-cables-automatica-15-38mm\/#primaryimage"},"image":{"@id":"https:\/\/www.distribucionarc.com\/bg\/producto\/peladora-de-cables-automatica-15-38mm\/#primaryimage"},"thumbnailUrl":"https:\/\/distribucionarc.com\/wp-content\/uploads\/2020\/08\/Peladora-de-cables-autom\u00e1tica-1-5-38mm-0.jpg","datePublished":"2020-08-25T11:44:51+00:00","dateModified":"2020-10-01T11:17:22+00:00","breadcrumb":{"@id":"https:\/\/www.distribucionarc.com\/bg\/producto\/peladora-de-cables-automatica-15-38mm\/#breadcrumb"},"inLanguage":"tr","potentialAction":[{"@type":"ReadAction","target":["https:\/\/www.distribucionarc.com\/bg\/producto\/peladora-de-cables-automatica-15-38mm\/"]}]},{"@type":"ImageObject","inLanguage":"tr","@id":"https:\/\/www.distribucionarc.com\/bg\/producto\/peladora-de-cables-automatica-15-38mm\/#primaryimage","url":"https:\/\/distribucionarc.com\/wp-content\/uploads\/2020\/08\/Peladora-de-cables-autom\u00e1tica-1-5-38mm-0.jpg","contentUrl":"https:\/\/distribucionarc.com\/wp-content\/uploads\/2020\/08\/Peladora-de-cables-autom\u00e1tica-1-5-38mm-0.jpg","width":1600,"height":1600,"caption":"Peladora de cables autom\u00e1tica 1,5 - 38mm"},{"@type":"BreadcrumbList","@id":"https:\/\/www.distribucionarc.com\/bg\/producto\/peladora-de-cables-automatica-15-38mm\/#breadcrumb","itemListElement":[{"@type":"ListItem","position":1,"name":"Portada","item":"https:\/\/www.distribucionarc.com\/tr\/"},{"@type":"ListItem","position":2,"name":"Produktai","item":"https:\/\/distribucionarc.com\/lt\/parduotuve\/"},{"@type":"ListItem","position":3,"name":"Peladora de cables autom\u00e1tica 1,5 &#8211; 38mm"}]},{"@type":"WebSite","@id":"https:\/\/www.distribucionarc.com\/tr\/#website","url":"https:\/\/www.distribucionarc.com\/tr\/","name":"ARC da\u011f\u0131t\u0131m\u0131","description":"End\u00fcstriyel makinelerin \u00fcretimi ve da\u011f\u0131t\u0131m\u0131 konusunda uzmanla\u015fm\u0131\u015f \u015firket, kutu m\u00fch\u00fcrleme makineleri, tablet yapma makineleri, et kesme makineleri...","publisher":{"@id":"https:\/\/www.distribucionarc.com\/tr\/#organization"},"potentialAction":[{"@type":"SearchAction","target":{"@type":"EntryPoint","urlTemplate":"https:\/\/www.distribucionarc.com\/tr\/?s={search_term_string}"},"query-input":{"@type":"PropertyValueSpecification","valueRequired":true,"valueName":"search_term_string"}}],"inLanguage":"tr"},{"@type":"Organization","@id":"https:\/\/www.distribucionarc.com\/tr\/#organization","name":"ARC Da\u011f\u0131t\u0131m\u0131","url":"https:\/\/www.distribucionarc.com\/tr\/","logo":{"@type":"ImageObject","inLanguage":"tr","@id":"https:\/\/www.distribucionarc.com\/tr\/#\/schema\/logo\/image\/","url":"https:\/\/distribucionarc.com\/wp-content\/uploads\/2024\/10\/distribucion-ARC-COLOR-SIN-FONDO-e1732295305345.png","contentUrl":"https:\/\/distribucionarc.com\/wp-content\/uploads\/2024\/10\/distribucion-ARC-COLOR-SIN-FONDO-e1732295305345.png","width":1164,"height":558,"caption":"Distribuci\u00f3n ARC"},"image":{"@id":"https:\/\/www.distribucionarc.com\/tr\/#\/schema\/logo\/image\/"},"description":"\u015eirket, g\u0131da ve ila\u00e7 sekt\u00f6rleri i\u00e7in end\u00fcstriyel makine \u00fcretimi ve da\u011f\u0131t\u0131m\u0131 konusunda uzmanla\u015fm\u0131\u015ft\u0131r. Uzmanl\u0131k alanlar\u0131m\u0131z Et kesme makineleri Tablet \u00fcretimi End\u00fcstriyel ta\u015f\u0131ma sistemleri \u015ei\u015feleme hatlar\u0131 Dozajlama makineleri Ve \u00e7ok daha fazlas\u0131... \u015eirketinizin \u00fcretim s\u00fcre\u00e7lerini optimize etmek i\u00e7in yenilik\u00e7i ve \u00f6zelle\u015ftirilmi\u015f \u00e7\u00f6z\u00fcmler sunuyoruz.","email":"Admistracion@distribucionarc.com","telephone":"+34 643496664","legalName":"ARC TECH SOLUTIONS","foundingDate":"2024-04-09","vatID":"B55480172","numberOfEmployees":{"@type":"QuantitativeValue","minValue":"1","maxValue":"10"}}]}},"_links":{"self":[{"href":"https:\/\/distribucionarc.com\/tr\/wp-json\/wp\/v2\/product\/2881","targetHints":{"allow":["GET"]}}],"collection":[{"href":"https:\/\/distribucionarc.com\/tr\/wp-json\/wp\/v2\/product"}],"about":[{"href":"https:\/\/distribucionarc.com\/tr\/wp-json\/wp\/v2\/types\/product"}],"replies":[{"embeddable":true,"href":"https:\/\/distribucionarc.com\/tr\/wp-json\/wp\/v2\/comments?post=2881"}],"version-history":[{"count":0,"href":"https:\/\/distribucionarc.com\/tr\/wp-json\/wp\/v2\/product\/2881\/revisions"}],"wp:featuredmedia":[{"embeddable":true,"href":"https:\/\/distribucionarc.com\/tr\/wp-json\/wp\/v2\/media\/2892"}],"wp:attachment":[{"href":"https:\/\/distribucionarc.com\/tr\/wp-json\/wp\/v2\/media?parent=2881"}],"wp:term":[{"taxonomy":"product_brand","embeddable":true,"href":"https:\/\/distribucionarc.com\/tr\/wp-json\/wp\/v2\/product_brand?post=2881"},{"taxonomy":"product_cat","embeddable":true,"href":"https:\/\/distribucionarc.com\/tr\/wp-json\/wp\/v2\/product_cat?post=2881"},{"taxonomy":"product_tag","embeddable":true,"href":"https:\/\/distribucionarc.com\/tr\/wp-json\/wp\/v2\/product_tag?post=2881"}],"curies":[{"name":"wp","href":"https:\/\/api.w.org\/{rel}","templated":true}]}}