{"id":2894,"date":"2020-08-25T12:35:57","date_gmt":"2020-08-25T12:35:57","guid":{"rendered":"https:\/\/distribucionarc.com\/?post_type=product&#038;p=2894"},"modified":"2020-10-01T11:19:52","modified_gmt":"2020-10-01T11:19:52","slug":"fiber-optik-kaynakci-fiber-fusion-splicer-al-8","status":"publish","type":"product","link":"https:\/\/distribucionarc.com\/tr\/producto\/soldadora-de-fibra-optica-empalmadora-de-fibra-de-fusion-al-8\/","title":{"rendered":"Fiber Optik Kaynak\u00e7\u0131, Al-8 Fiber F\u00fczyon Birle\u015ftirici"},"content":{"rendered":"<h3>Fiber Optik Kaynak\u00e7\u0131, Al-8 Fiber F\u00fczyon Birle\u015ftirici<\/h3>\n<p>La <strong>fiber optik birle\u015ftirici <span style=\"color: #ff0000;\">\u0130LE<\/span><span style=\"color: #0000ff;\">R<\/span>C<\/strong> \u00d6zellikle fiber optik ve kablo projeleri, bilimsel ara\u015ft\u0131rma ve bak\u0131m i\u00e7in uygundur. SM, MM, \u00e7\u0131plak fiber, kau\u00e7uk izoleli \u00e7oklu fiber kablo. Uygulanabilir lifler: SM (G.652 ve G.657); MM (G.651); DS (G.657); NZDS (G.655). FTTH projesi, g\u00fcvenlik izleme ve di\u011fer fiber kablo ekleme projelerinde tam yetkili.<\/p>\n<p>5 in\u00e7lik 800&#039;\u00fc benimser Dahili 7800 mAH y\u00fcksek kapasiteli lityum pil, \u015farj s\u00fcresi \u2264 3,5 saat, s\u00fcrekli ekleme ve yakla\u015f\u0131k 200 kez \u0131s\u0131tma<\/p>\n<p>Ara\u00e7 kutusu<strong> fiber birle\u015ftirici <span style=\"color: #ff0000;\">\u0130LE<\/span><span style=\"color: #0000ff;\">R<\/span>CSFO8<\/strong> Operat\u00f6rlerin i\u015fini kolayla\u015ft\u0131rmak i\u00e7in bir tabure ile birlikte gelir, 100 kg a\u011f\u0131rl\u0131\u011f\u0131 destekleyebilir. \u00c7al\u0131\u015f\u0131rken yap\u0131\u015ft\u0131rma makinesini alet kutusundan \u00e7\u0131karmaya gerek yoktur. \u00c7ok i\u015flevli ba\u011flant\u0131 noktas\u0131yla, hassas \u00e7al\u0131\u015fma i\u00e7in geceleri harici LED \u0131\u015f\u0131\u011f\u0131n\u0131 kullanabilirsiniz; Telefonunuzu 13.5VDC\/4A \u015farj voltaj\u0131yla \u015farj etmenizi sa\u011flar.<\/p>\n<h6><strong>Garanti <span style=\"color: #ff0000;\">\u0130LE<\/span><\/strong><strong style=\"font-style: normal; font-size: 17.6px;\"><span style=\"color: #0000ff;\">R<\/span><\/strong><strong style=\"font-size: 1.1em;\">\u00c7 2 YIL<\/strong><\/h6>\n<h6><strong>teknik destek dahil<\/strong><\/h6>\n<p>&nbsp;<\/p>\n<table role=\"presentation\" width=\"100%\" cellspacing=\"0\" cellpadding=\"0\">\n<tbody>\n<tr>\n<td class=\"attrLabels\">Marka:<\/td>\n<td width=\"50.0%\">ARK<\/td>\n<\/tr>\n<tr>\n<td class=\"attrLabels\">Da\u011f\u0131t\u0131m \u00fclkesi:<\/td>\n<td width=\"50.0%\">\u0130spanya, Almanya, ABD<\/td>\n<td class=\"attrLabels\">Ekleme s\u00fcresi:<\/td>\n<td width=\"50.0%\">6 saniye<\/td>\n<\/tr>\n<tr>\n<td class=\"attrLabels\">\u00dcretici numaras\u0131:<\/td>\n<td width=\"50.0%\">ARCSFO8<\/td>\n<td class=\"attrLabels\">Is\u0131tma s\u00fcresi:<\/td>\n<td width=\"50.0%\">15 saniye<\/td>\n<\/tr>\n<tr>\n<td class=\"attrLabels\">Renk:<\/td>\n<td width=\"50.0%\">Ye\u015fil, g\u00fcm\u00fc\u015f<\/td>\n<td class=\"attrLabels\">Ekleme kayb\u0131:<\/td>\n<td width=\"50.0%\">0,025 dBm (SM) \/ 0,01 dB (MM) \/ 0,04 dB (DS \/ NZDS)<\/td>\n<\/tr>\n<tr>\n<td class=\"attrLabels\">\u00dcr\u00fcn tipi:<\/td>\n<td width=\"50.0%\">Fiber optik birle\u015ftirici<\/td>\n<td class=\"attrLabels\">Uygulanabilir lifler:<\/td>\n<td width=\"50.0%\">SM (G.652 ve G.657) \/ MM (G.651) DS (G.657) \/ NZDS (G.655)<\/td>\n<\/tr>\n<tr>\n<td class=\"attrLabels\">A\u011f\u0131rl\u0131k:<\/td>\n<td width=\"50.0%\">10,2 kg<\/td>\n<td class=\"attrLabels\">Pil kapasitesi:<\/td>\n<td width=\"50.0%\">7800mAh<\/td>\n<\/tr>\n<tr>\n<td class=\"attrLabels\">Y\u00fckseklik:<\/td>\n<td width=\"50.0%\">15<\/td>\n<td class=\"attrLabels\">giri\u015f voltaj\u0131<\/td>\n<td width=\"50.0%\">230V \u2013 50Hz<\/td>\n<\/tr>\n<tr>\n<td class=\"attrLabels\">Uzun:<\/td>\n<td width=\"50.0%\">\u00a0 17<\/td>\n<td class=\"attrLabels\">\u015earj s\u00fcresi:<\/td>\n<td width=\"50.0%\">\u22643,5H<\/td>\n<\/tr>\n<tr>\n<td class=\"attrLabels\">Geni\u015f:<\/td>\n<td width=\"50.0%\">23<\/td>\n<td class=\"attrLabels\">Giri\u015f voltaj\u0131:<\/td>\n<td width=\"50.0%\">AC100-240V 50\/60Hz<\/td>\n<\/tr>\n<\/tbody>\n<\/table>","protected":false},"excerpt":{"rendered":"<h2>Fiber Optik Kaynak\u00e7\u0131, Al-8 Fiber F\u00fczyon Birle\u015ftirici<\/h2>\n<p><strong><span style=\"color: #ff0000;\">\u0130LE<\/span><span style=\"color: #0000ff;\">R<\/span>C<\/strong> size \u015funlar\u0131 sunuyor <strong>Al-8 elektrotlar\u0131 i\u00e7in fiber f\u00fczyon kaynak makinesi<\/strong> 5 in\u00e7 800 X 480 y\u00fcksek \u00e7\u00f6z\u00fcn\u00fcrl\u00fckl\u00fc ekrana sahip birle\u015ftirme moduna sahip \u00fcst k\u0131s\u0131m, basit ve sezgisel \u00e7al\u0131\u015fma. Makine esas olarak s\u0131radan fiber optik kablolar, atlama telleri ve \u00e7oklu kayd\u0131r\u0131lm\u0131\u015f da\u011f\u0131l\u0131m, tek modlu ve \u00e7ok modlu kuvars optik fiberlerle ba\u011flanabilen optik fiberleri ba\u011flamak i\u00e7in kullan\u0131l\u0131r.<\/p>\n<h6><strong>Garanti <span style=\"color: #ff0000;\">\u0130LE<\/span><\/strong><strong style=\"font-style: normal; font-size: 17.6px;\"><span style=\"color: #0000ff;\">R<\/span><\/strong><strong style=\"font-size: 1.1em;\">\u00c7 2 YIL<\/strong><\/h6>\n<h6><strong>teknik destek dahil<\/strong><\/h6>\n<div id=\"gtx-trans\" style=\"position: absolute; left: 173px; top: 116.556px;\">\n<div class=\"gtx-trans-icon\"><\/div>\n<\/div>","protected":false},"featured_media":2901,"comment_status":"open","ping_status":"closed","template":"","meta":{"wds_primary_product_brand":0,"wds_primary_product_cat":0},"product_brand":[],"product_cat":[69],"product_tag":[],"class_list":{"0":"post-2894","1":"product","2":"type-product","3":"status-publish","4":"has-post-thumbnail","6":"product_cat-maquinas-variadas","7":"product_shipping_class-express","9":"first","10":"instock","11":"sale","12":"taxable","13":"shipping-taxable","14":"purchasable","15":"product-type-simple"},"yoast_head":"<!-- This site is optimized with the Yoast SEO Premium plugin v24.9 (Yoast SEO v26.1) - https:\/\/yoast.com\/wordpress\/plugins\/seo\/ -->\n<title>Soldadora de fibra \u00f3ptica, empalmadora de fibra de fusi\u00f3n Al-8 - distribuci\u00f3n ARC<\/title>\n<meta name=\"robots\" content=\"index, follow, max-snippet:-1, max-image-preview:large, max-video-preview:-1\" \/>\n<link rel=\"canonical\" href=\"https:\/\/distribucionarc.com\/tr\/urun\/fiber-optik-kaynakci-fiber-fusion-splicer-al-8\/\" \/>\n<meta property=\"og:locale\" content=\"tr_TR\" \/>\n<meta property=\"og:type\" content=\"article\" \/>\n<meta property=\"og:title\" content=\"Soldadora de fibra \u00f3ptica, empalmadora de fibra de fusi\u00f3n Al-8\" \/>\n<meta property=\"og:description\" content=\"Soldadora de fibra \u00f3ptica, empalmadora de fibra de fusi\u00f3n Al-8 ARC le ofrece el soldador de fusi\u00f3n de fibra para electrodos Al-8 superior con modo de empalme con pantalla de alta resoluci\u00f3n de 5 pulgadas 800 X 480, funcionamiento simple e intuitivo. La m\u00e1quina se utiliza principalmente para conectar fibras \u00f3pticas, que adem\u00e1s se pueden conectar con cables de fibra \u00f3ptica ordinarios, puentes y m\u00faltiples fibras \u00f3pticas de cuarzo de dispersi\u00f3n desplazada, monomodo y multimodo. Garant\u00eda ARC 2 A\u00d1OS soporte t\u00e9cnico incluido\" \/>\n<meta property=\"og:url\" content=\"https:\/\/distribucionarc.com\/tr\/urun\/fiber-optik-kaynakci-fiber-fusion-splicer-al-8\/\" \/>\n<meta property=\"og:site_name\" content=\"distribuci\u00f3n ARC\" \/>\n<meta property=\"article:modified_time\" content=\"2020-10-01T11:19:52+00:00\" \/>\n<meta property=\"og:image\" content=\"https:\/\/distribucionarc.com\/wp-content\/uploads\/2020\/08\/Soldadora-de-fibra-\u00f3ptica-empalmadora-de-fibra-de-fusi\u00f3n-Al-8-0.jpg\" \/>\n\t<meta property=\"og:image:width\" content=\"1600\" \/>\n\t<meta property=\"og:image:height\" content=\"1600\" \/>\n\t<meta property=\"og:image:type\" content=\"image\/jpeg\" \/>\n<meta name=\"twitter:card\" content=\"summary_large_image\" \/>\n<meta name=\"twitter:label1\" content=\"Tahmini okuma s\u00fcresi\" \/>\n\t<meta name=\"twitter:data1\" content=\"1 dakika\" \/>\n<script type=\"application\/ld+json\" class=\"yoast-schema-graph\">{\"@context\":\"https:\/\/schema.org\",\"@graph\":[{\"@type\":\"WebPage\",\"@id\":\"https:\/\/distribucionarc.com\/ro\/producto\/soldadora-de-fibra-optica-empalmadora-de-fibra-de-fusion-al-8\/\",\"url\":\"https:\/\/distribucionarc.com\/ro\/producto\/soldadora-de-fibra-optica-empalmadora-de-fibra-de-fusion-al-8\/\",\"name\":\"Soldadora de fibra \u00f3ptica, empalmadora de fibra de fusi\u00f3n Al-8 - distribuci\u00f3n ARC\",\"isPartOf\":{\"@id\":\"https:\/\/distribucionarc.com\/ro\/#website\"},\"primaryImageOfPage\":{\"@id\":\"https:\/\/distribucionarc.com\/ro\/producto\/soldadora-de-fibra-optica-empalmadora-de-fibra-de-fusion-al-8\/#primaryimage\"},\"image\":{\"@id\":\"https:\/\/distribucionarc.com\/ro\/producto\/soldadora-de-fibra-optica-empalmadora-de-fibra-de-fusion-al-8\/#primaryimage\"},\"thumbnailUrl\":\"https:\/\/distribucionarc.com\/wp-content\/uploads\/2020\/08\/Soldadora-de-fibra-\u00f3ptica-empalmadora-de-fibra-de-fusi\u00f3n-Al-8-0.jpg\",\"datePublished\":\"2020-08-25T12:35:57+00:00\",\"dateModified\":\"2020-10-01T11:19:52+00:00\",\"breadcrumb\":{\"@id\":\"https:\/\/distribucionarc.com\/ro\/producto\/soldadora-de-fibra-optica-empalmadora-de-fibra-de-fusion-al-8\/#breadcrumb\"},\"inLanguage\":\"tr\",\"potentialAction\":[{\"@type\":\"ReadAction\",\"target\":[\"https:\/\/distribucionarc.com\/ro\/producto\/soldadora-de-fibra-optica-empalmadora-de-fibra-de-fusion-al-8\/\"]}]},{\"@type\":\"ImageObject\",\"inLanguage\":\"tr\",\"@id\":\"https:\/\/distribucionarc.com\/ro\/producto\/soldadora-de-fibra-optica-empalmadora-de-fibra-de-fusion-al-8\/#primaryimage\",\"url\":\"https:\/\/distribucionarc.com\/wp-content\/uploads\/2020\/08\/Soldadora-de-fibra-\u00f3ptica-empalmadora-de-fibra-de-fusi\u00f3n-Al-8-0.jpg\",\"contentUrl\":\"https:\/\/distribucionarc.com\/wp-content\/uploads\/2020\/08\/Soldadora-de-fibra-\u00f3ptica-empalmadora-de-fibra-de-fusi\u00f3n-Al-8-0.jpg\",\"width\":1600,\"height\":1600,\"caption\":\"Soldadora de fibra \u00f3ptica, empalmadora de fibra de fusi\u00f3n Al-8\"},{\"@type\":\"BreadcrumbList\",\"@id\":\"https:\/\/distribucionarc.com\/ro\/producto\/soldadora-de-fibra-optica-empalmadora-de-fibra-de-fusion-al-8\/#breadcrumb\",\"itemListElement\":[{\"@type\":\"ListItem\",\"position\":1,\"name\":\"Portada\",\"item\":\"https:\/\/distribucionarc.com\/ar\/\"},{\"@type\":\"ListItem\",\"position\":2,\"name\":\"Proizvodi\",\"item\":\"https:\/\/www.distribucionarc.com\/hr\/ducan\/\"},{\"@type\":\"ListItem\",\"position\":3,\"name\":\"Soldadora de fibra \u00f3ptica, empalmadora de fibra de fusi\u00f3n Al-8\"}]},{\"@type\":\"WebSite\",\"@id\":\"https:\/\/distribucionarc.com\/ro\/#website\",\"url\":\"https:\/\/distribucionarc.com\/ro\/\",\"name\":\"distribuci\u00f3n ARC\",\"description\":\"Empresa especializada en la fabricaci\u00f3n y distribuci\u00f3n de maquinaria industrial, selladoras de latas, Maquinas de hacer pastillas, Maquinas de cortar carne...\",\"publisher\":{\"@id\":\"https:\/\/distribucionarc.com\/ro\/#organization\"},\"potentialAction\":[{\"@type\":\"SearchAction\",\"target\":{\"@type\":\"EntryPoint\",\"urlTemplate\":\"https:\/\/distribucionarc.com\/ro\/?s={search_term_string}\"},\"query-input\":{\"@type\":\"PropertyValueSpecification\",\"valueRequired\":true,\"valueName\":\"search_term_string\"}}],\"inLanguage\":\"tr\"},{\"@type\":\"Organization\",\"@id\":\"https:\/\/distribucionarc.com\/ro\/#organization\",\"name\":\"Distribuci\u00f3n ARC\",\"url\":\"https:\/\/distribucionarc.com\/ro\/\",\"logo\":{\"@type\":\"ImageObject\",\"inLanguage\":\"tr\",\"@id\":\"https:\/\/distribucionarc.com\/ro\/#\/schema\/logo\/image\/\",\"url\":\"https:\/\/distribucionarc.com\/wp-content\/uploads\/2024\/10\/distribucion-ARC-COLOR-SIN-FONDO-e1732295305345.png\",\"contentUrl\":\"https:\/\/distribucionarc.com\/wp-content\/uploads\/2024\/10\/distribucion-ARC-COLOR-SIN-FONDO-e1732295305345.png\",\"width\":1164,\"height\":558,\"caption\":\"Distribuci\u00f3n ARC\"},\"image\":{\"@id\":\"https:\/\/distribucionarc.com\/ro\/#\/schema\/logo\/image\/\"},\"description\":\"Empresa especializada en la fabricaci\u00f3n y distribuci\u00f3n de maquinaria industrial para los sectores alimentario y farmac\u00e9utico. Nos especializamos en: M\u00e1quinas de cortar carne Fabricaci\u00f3n de comprimidos Sistemas de transporte industrial L\u00edneas de embotellado Dosificadores Y mucho m\u00e1s... Ofrecemos soluciones innovadoras y personalizadas para optimizar los procesos productivos de tu empresa.\",\"email\":\"Admistracion@distribucionarc.com\",\"telephone\":\"+34 643496664\",\"legalName\":\"ARC TECH SOLUTIONS\",\"foundingDate\":\"2024-04-09\",\"vatID\":\"B55480172\",\"numberOfEmployees\":{\"@type\":\"QuantitativeValue\",\"minValue\":\"1\",\"maxValue\":\"10\"}}]}<\/script>\n<!-- \/ Yoast SEO Premium plugin. -->","yoast_head_json":{"title":"Fiber Optik Kaynak\u00e7\u0131, Al-8 Fiber F\u00fczyon Birle\u015ftirici - ARC Da\u011f\u0131t\u0131m\u0131","robots":{"index":"index","follow":"follow","max-snippet":"max-snippet:-1","max-image-preview":"max-image-preview:large","max-video-preview":"max-video-preview:-1"},"canonical":"https:\/\/distribucionarc.com\/tr\/urun\/fiber-optik-kaynakci-fiber-fusion-splicer-al-8\/","og_locale":"tr_TR","og_type":"article","og_title":"Soldadora de fibra \u00f3ptica, empalmadora de fibra de fusi\u00f3n Al-8","og_description":"Soldadora de fibra \u00f3ptica, empalmadora de fibra de fusi\u00f3n Al-8 ARC le ofrece el soldador de fusi\u00f3n de fibra para electrodos Al-8 superior con modo de empalme con pantalla de alta resoluci\u00f3n de 5 pulgadas 800 X 480, funcionamiento simple e intuitivo. La m\u00e1quina se utiliza principalmente para conectar fibras \u00f3pticas, que adem\u00e1s se pueden conectar con cables de fibra \u00f3ptica ordinarios, puentes y m\u00faltiples fibras \u00f3pticas de cuarzo de dispersi\u00f3n desplazada, monomodo y multimodo. Garant\u00eda ARC 2 A\u00d1OS soporte t\u00e9cnico incluido","og_url":"https:\/\/distribucionarc.com\/tr\/urun\/fiber-optik-kaynakci-fiber-fusion-splicer-al-8\/","og_site_name":"distribuci\u00f3n ARC","article_modified_time":"2020-10-01T11:19:52+00:00","og_image":[{"width":1600,"height":1600,"url":"https:\/\/distribucionarc.com\/wp-content\/uploads\/2020\/08\/Soldadora-de-fibra-\u00f3ptica-empalmadora-de-fibra-de-fusi\u00f3n-Al-8-0.jpg","type":"image\/jpeg"}],"twitter_card":"summary_large_image","twitter_misc":{"Tahmini okuma s\u00fcresi":"1 dakika"},"schema":{"@context":"https:\/\/schema.org","@graph":[{"@type":"WebPage","@id":"https:\/\/distribucionarc.com\/ro\/producto\/soldadora-de-fibra-optica-empalmadora-de-fibra-de-fusion-al-8\/","url":"https:\/\/distribucionarc.com\/ro\/producto\/soldadora-de-fibra-optica-empalmadora-de-fibra-de-fusion-al-8\/","name":"Fiber Optik Kaynak\u00e7\u0131, Al-8 Fiber F\u00fczyon Birle\u015ftirici - ARC Da\u011f\u0131t\u0131m\u0131","isPartOf":{"@id":"https:\/\/distribucionarc.com\/ro\/#website"},"primaryImageOfPage":{"@id":"https:\/\/distribucionarc.com\/ro\/producto\/soldadora-de-fibra-optica-empalmadora-de-fibra-de-fusion-al-8\/#primaryimage"},"image":{"@id":"https:\/\/distribucionarc.com\/ro\/producto\/soldadora-de-fibra-optica-empalmadora-de-fibra-de-fusion-al-8\/#primaryimage"},"thumbnailUrl":"https:\/\/distribucionarc.com\/wp-content\/uploads\/2020\/08\/Soldadora-de-fibra-\u00f3ptica-empalmadora-de-fibra-de-fusi\u00f3n-Al-8-0.jpg","datePublished":"2020-08-25T12:35:57+00:00","dateModified":"2020-10-01T11:19:52+00:00","breadcrumb":{"@id":"https:\/\/distribucionarc.com\/ro\/producto\/soldadora-de-fibra-optica-empalmadora-de-fibra-de-fusion-al-8\/#breadcrumb"},"inLanguage":"tr","potentialAction":[{"@type":"ReadAction","target":["https:\/\/distribucionarc.com\/ro\/producto\/soldadora-de-fibra-optica-empalmadora-de-fibra-de-fusion-al-8\/"]}]},{"@type":"ImageObject","inLanguage":"tr","@id":"https:\/\/distribucionarc.com\/ro\/producto\/soldadora-de-fibra-optica-empalmadora-de-fibra-de-fusion-al-8\/#primaryimage","url":"https:\/\/distribucionarc.com\/wp-content\/uploads\/2020\/08\/Soldadora-de-fibra-\u00f3ptica-empalmadora-de-fibra-de-fusi\u00f3n-Al-8-0.jpg","contentUrl":"https:\/\/distribucionarc.com\/wp-content\/uploads\/2020\/08\/Soldadora-de-fibra-\u00f3ptica-empalmadora-de-fibra-de-fusi\u00f3n-Al-8-0.jpg","width":1600,"height":1600,"caption":"Soldadora de fibra \u00f3ptica, empalmadora de fibra de fusi\u00f3n Al-8"},{"@type":"BreadcrumbList","@id":"https:\/\/distribucionarc.com\/ro\/producto\/soldadora-de-fibra-optica-empalmadora-de-fibra-de-fusion-al-8\/#breadcrumb","itemListElement":[{"@type":"ListItem","position":1,"name":"Portada","item":"https:\/\/distribucionarc.com\/ar\/"},{"@type":"ListItem","position":2,"name":"Proizvodi","item":"https:\/\/www.distribucionarc.com\/hr\/ducan\/"},{"@type":"ListItem","position":3,"name":"Soldadora de fibra \u00f3ptica, empalmadora de fibra de fusi\u00f3n Al-8"}]},{"@type":"WebSite","@id":"https:\/\/distribucionarc.com\/ro\/#website","url":"https:\/\/distribucionarc.com\/ro\/","name":"ARC da\u011f\u0131t\u0131m\u0131","description":"End\u00fcstriyel makinelerin \u00fcretimi ve da\u011f\u0131t\u0131m\u0131 konusunda uzmanla\u015fm\u0131\u015f \u015firket, kutu m\u00fch\u00fcrleme makineleri, tablet yapma makineleri, et kesme makineleri...","publisher":{"@id":"https:\/\/distribucionarc.com\/ro\/#organization"},"potentialAction":[{"@type":"SearchAction","target":{"@type":"EntryPoint","urlTemplate":"https:\/\/distribucionarc.com\/ro\/?s={search_term_string}"},"query-input":{"@type":"PropertyValueSpecification","valueRequired":true,"valueName":"search_term_string"}}],"inLanguage":"tr"},{"@type":"Organization","@id":"https:\/\/distribucionarc.com\/ro\/#organization","name":"ARC Da\u011f\u0131t\u0131m\u0131","url":"https:\/\/distribucionarc.com\/ro\/","logo":{"@type":"ImageObject","inLanguage":"tr","@id":"https:\/\/distribucionarc.com\/ro\/#\/schema\/logo\/image\/","url":"https:\/\/distribucionarc.com\/wp-content\/uploads\/2024\/10\/distribucion-ARC-COLOR-SIN-FONDO-e1732295305345.png","contentUrl":"https:\/\/distribucionarc.com\/wp-content\/uploads\/2024\/10\/distribucion-ARC-COLOR-SIN-FONDO-e1732295305345.png","width":1164,"height":558,"caption":"Distribuci\u00f3n ARC"},"image":{"@id":"https:\/\/distribucionarc.com\/ro\/#\/schema\/logo\/image\/"},"description":"\u015eirket, g\u0131da ve ila\u00e7 sekt\u00f6rleri i\u00e7in end\u00fcstriyel makine \u00fcretimi ve da\u011f\u0131t\u0131m\u0131 konusunda uzmanla\u015fm\u0131\u015ft\u0131r. Uzmanl\u0131k alanlar\u0131m\u0131z Et kesme makineleri Tablet \u00fcretimi End\u00fcstriyel ta\u015f\u0131ma sistemleri \u015ei\u015feleme hatlar\u0131 Dozajlama makineleri Ve \u00e7ok daha fazlas\u0131... \u015eirketinizin \u00fcretim s\u00fcre\u00e7lerini optimize etmek i\u00e7in yenilik\u00e7i ve \u00f6zelle\u015ftirilmi\u015f \u00e7\u00f6z\u00fcmler sunuyoruz.","email":"Admistracion@distribucionarc.com","telephone":"+34 643496664","legalName":"ARC TECH SOLUTIONS","foundingDate":"2024-04-09","vatID":"B55480172","numberOfEmployees":{"@type":"QuantitativeValue","minValue":"1","maxValue":"10"}}]}},"_links":{"self":[{"href":"https:\/\/distribucionarc.com\/tr\/wp-json\/wp\/v2\/product\/2894","targetHints":{"allow":["GET"]}}],"collection":[{"href":"https:\/\/distribucionarc.com\/tr\/wp-json\/wp\/v2\/product"}],"about":[{"href":"https:\/\/distribucionarc.com\/tr\/wp-json\/wp\/v2\/types\/product"}],"replies":[{"embeddable":true,"href":"https:\/\/distribucionarc.com\/tr\/wp-json\/wp\/v2\/comments?post=2894"}],"version-history":[{"count":0,"href":"https:\/\/distribucionarc.com\/tr\/wp-json\/wp\/v2\/product\/2894\/revisions"}],"wp:featuredmedia":[{"embeddable":true,"href":"https:\/\/distribucionarc.com\/tr\/wp-json\/wp\/v2\/media\/2901"}],"wp:attachment":[{"href":"https:\/\/distribucionarc.com\/tr\/wp-json\/wp\/v2\/media?parent=2894"}],"wp:term":[{"taxonomy":"product_brand","embeddable":true,"href":"https:\/\/distribucionarc.com\/tr\/wp-json\/wp\/v2\/product_brand?post=2894"},{"taxonomy":"product_cat","embeddable":true,"href":"https:\/\/distribucionarc.com\/tr\/wp-json\/wp\/v2\/product_cat?post=2894"},{"taxonomy":"product_tag","embeddable":true,"href":"https:\/\/distribucionarc.com\/tr\/wp-json\/wp\/v2\/product_tag?post=2894"}],"curies":[{"name":"wp","href":"https:\/\/api.w.org\/{rel}","templated":true}]}}