{"id":2907,"date":"2020-08-25T14:48:58","date_gmt":"2020-08-25T14:48:58","guid":{"rendered":"https:\/\/distribucionarc.com\/?post_type=product&#038;p=2907"},"modified":"2020-10-01T11:24:27","modified_gmt":"2020-10-01T11:24:27","slug":"ambalaj-elektrikli-baski-etiketleyici-icin-yazici","status":"publish","type":"product","link":"https:\/\/distribucionarc.com\/tr\/producto\/impresora-para-envases-electrica-etiquetadora-de-impresion\/","title":{"rendered":"Elektrikli ambalaj yaz\u0131c\u0131s\u0131, bask\u0131 etiketleme makinesi"},"content":{"rendered":"<h3>Elektrikli ambalaj yaz\u0131c\u0131s\u0131, bask\u0131 etiketleme makinesi<\/h3>\n<p>Bunun sayesinde<strong> toplu yaz\u0131c\u0131<\/strong> M\u00fcrekkebi tankta muhafaza eder, b\u0131\u00e7akl\u0131 s\u0131y\u0131r\u0131c\u0131 modelinde m\u00fcrekkebin kurumas\u0131n\u0131 \u00f6nlemenin yan\u0131 s\u0131ra tasarruf ve m\u00fcrekkebi temiz tutma avantaj\u0131na da sahiptir. \u00c7elik s\u0131y\u0131r\u0131c\u0131 halkas\u0131 son derece uzun bir servis \u00f6mr\u00fcne sahiptir.<\/p>\n<p>Tarih veya i\u015faret, \u00e7elik bir bask\u0131 plakas\u0131 \u00fczerinde kimyasal reaksiyonla kesilir ve kupa ile \u00e7elik bask\u0131 paneli aras\u0131ndaki manyetik emilim, kupadaki m\u00fcrekkebi m\u00fckemmel \u015fekilde kapatabilir. \u0130nan\u0131lmaz \u00e7al\u0131\u015fma h\u0131z\u0131 <strong>ambalaj yaz\u0131c\u0131s\u0131 <span style=\"color: #ff0000;\">\u0130LE<\/span><span style=\"color: #0000ff;\">R<\/span>CILA32M<\/strong> \u00fczerine yazd\u0131rman\u0131z\u0131 sa\u011flar <strong>Saatte 3200 konteyner<\/strong> en kesin \u015fekilde.<\/p>\n<h6><strong>Garanti<span style=\"color: #ff0000;\">\u00a0\u0130LE<\/span><\/strong><span style=\"color: #0000ff;\"><strong>R<\/strong><\/span><strong>\u00c7 2 YIL<\/strong><\/h6>\n<h6><strong>teknik destek dahil<\/strong><\/h6>\n<p>&nbsp;<\/p>\n<table role=\"presentation\" width=\"100%\" cellspacing=\"0\" cellpadding=\"0\">\n<tbody>\n<tr>\n<td class=\"attrLabels\">Marka:<\/td>\n<td width=\"50.0%\">ARK<\/td>\n<\/tr>\n<tr>\n<td class=\"attrLabels\">Da\u011f\u0131t\u0131m \u00fclkesi:<\/td>\n<td width=\"50.0%\">\u0130spanya, Almanya, ABD<\/td>\n<td class=\"attrLabels\">\u00c7al\u0131\u015fma h\u0131z\u0131:<\/td>\n<td width=\"50.0%\">Saatte 3200 kez<\/td>\n<\/tr>\n<tr>\n<td class=\"attrLabels\">\u00dcretici numaras\u0131:<\/td>\n<td width=\"50.0%\">ARCILA32M<\/td>\n<td class=\"attrLabels\">Bask\u0131 y\u00fcksekli\u011fi:<\/td>\n<td width=\"50.0%\">38cm<\/td>\n<\/tr>\n<tr>\n<td class=\"attrLabels\">Renk:<\/td>\n<td width=\"50.0%\">Mavi<\/td>\n<td class=\"attrLabels\">Minimum maksimum bask\u0131 y\u00fcksekli\u011fi:<\/td>\n<td width=\"50.0%\">50mm \u2013 1,5mm<\/td>\n<\/tr>\n<tr>\n<td class=\"attrLabels\">\u00dcr\u00fcn tipi:<\/td>\n<td width=\"50.0%\">Etiket yaz\u0131c\u0131s\u0131<\/td>\n<td class=\"attrLabels\">G\u00fc\u00e7:<\/td>\n<td width=\"50.0%\">100W<\/td>\n<\/tr>\n<tr>\n<td class=\"attrLabels\">A\u011f\u0131rl\u0131k:<\/td>\n<td width=\"50.0%\">21 kg<\/td>\n<td class=\"attrLabels\">Gerilim:<\/td>\n<td width=\"50.0%\">220V\/60Hz<\/td>\n<\/tr>\n<tr>\n<td class=\"attrLabels\">Y\u00fckseklik:<\/td>\n<td width=\"50.0%\">56<\/td>\n<td class=\"attrLabels\">M\u00fcrekkep kab\u0131 \u00e7ap\u0131:<\/td>\n<td width=\"50.0%\">60 mm<\/td>\n<\/tr>\n<tr>\n<td class=\"attrLabels\">Uzun:<\/td>\n<td width=\"50.0%\">\u00a0 40,5<\/td>\n<td class=\"attrLabels\">S\u00fcrekli kullan\u0131m s\u00fcresi:<\/td>\n<td width=\"50.0%\">10 \u2013 30 saat<\/td>\n<\/tr>\n<tr>\n<td class=\"attrLabels\">Geni\u015f:<\/td>\n<td width=\"50.0%\">43,5<\/td>\n<td class=\"attrLabels\">Garanti:<\/td>\n<td width=\"50.0%\">2 Y\u0131l<\/td>\n<\/tr>\n<\/tbody>\n<\/table>","protected":false},"excerpt":{"rendered":"<h2>Elektrikli ambalaj yaz\u0131c\u0131s\u0131, bask\u0131 etiketleme makinesi<\/h2>\n<p>La<strong> elektrikli ped yaz\u0131c\u0131 <span style=\"color: #ff0000;\">\u0130LE<\/span><span style=\"color: #0000ff;\">R<\/span>C<\/strong> Plastik veya metal gibi \u00e7o\u011fu malzeme t\u00fcr\u00fcnden \u015fi\u015fe, ka\u011f\u0131t, bardak veya kutu \u00fczerine ticari marka veya son kullanma tarihi, parti numaras\u0131, i\u015faret veya logo basmak i\u00e7in kullan\u0131l\u0131r. Ayr\u0131ca, bu kod bask\u0131 makinesi serisi, y\u00fcksek bask\u0131 h\u0131z\u0131, \u00e7ekici ve temiz harf \u015fekli ile ihracat tarihi, ge\u00e7erli tarih, benzersiz numaralar ve foto\u011fraflar\u0131n bas\u0131lmas\u0131 i\u00e7in uygundur.<\/p>\n<h6><strong>Garanti<span style=\"color: #ff0000;\">\u00a0\u0130LE<\/span><\/strong><span style=\"color: #0000ff;\"><strong>R<\/strong><\/span><strong>\u00c7 2 YIL<\/strong><\/h6>\n<h6><strong>teknik destek dahil<\/strong><\/h6>","protected":false},"featured_media":2908,"comment_status":"open","ping_status":"closed","template":"","meta":{"wds_primary_product_brand":0,"wds_primary_product_cat":0},"product_brand":[],"product_cat":[69],"product_tag":[],"class_list":{"0":"post-2907","1":"product","2":"type-product","3":"status-publish","4":"has-post-thumbnail","6":"product_cat-maquinas-variadas","7":"product_shipping_class-express","9":"first","10":"instock","11":"sale","12":"taxable","13":"shipping-taxable","14":"purchasable","15":"product-type-simple"},"yoast_head":"<!-- This site is optimized with the Yoast SEO Premium plugin v24.9 (Yoast SEO v26.1) - https:\/\/yoast.com\/wordpress\/plugins\/seo\/ -->\n<title>Impresora para envases el\u00e9ctrica, etiquetadora de impresi\u00f3n - distribuci\u00f3n ARC<\/title>\n<meta name=\"robots\" content=\"index, follow, max-snippet:-1, max-image-preview:large, max-video-preview:-1\" \/>\n<link rel=\"canonical\" href=\"https:\/\/distribucionarc.com\/tr\/urun\/ambalaj-elektrikli-baski-etiketleyici-icin-yazici\/\" \/>\n<meta property=\"og:locale\" content=\"tr_TR\" \/>\n<meta property=\"og:type\" content=\"article\" \/>\n<meta property=\"og:title\" content=\"Impresora para envases el\u00e9ctrica, etiquetadora de impresi\u00f3n\" \/>\n<meta property=\"og:description\" content=\"Impresora para envases el\u00e9ctrica, etiquetadora de impresi\u00f3n La impresora de almohadilla el\u00e9ctrica ARC se utiliza para imprimir las marcas comerciales o fechas de vencimiento, n\u00famero de lote, letrero o logotipo en botellas, papeles, vasos o cajas de la mayor\u00eda de los tipos de materiales, como pl\u00e1stico o metal. Adem\u00e1s, esta serie de m\u00e1quinas de impresi\u00f3n de c\u00f3digos es adecuada para imprimir la fecha de exportaci\u00f3n, la fecha v\u00e1lida, n\u00fameros \u00fanicos y fotos, con alta velocidad de impresi\u00f3n, forma de letra atractiva y limpia. Garant\u00eda\u00a0ARC 2 A\u00d1OS soporte t\u00e9cnico incluido\" \/>\n<meta property=\"og:url\" content=\"https:\/\/distribucionarc.com\/tr\/urun\/ambalaj-elektrikli-baski-etiketleyici-icin-yazici\/\" \/>\n<meta property=\"og:site_name\" content=\"distribuci\u00f3n ARC\" \/>\n<meta property=\"article:modified_time\" content=\"2020-10-01T11:24:27+00:00\" \/>\n<meta property=\"og:image\" content=\"https:\/\/distribucionarc.com\/wp-content\/uploads\/2020\/08\/Impresora-para-envases-el\u00e9ctrica-etiquetadora-de-impresi\u00f3n-0.jpg\" \/>\n\t<meta property=\"og:image:width\" content=\"1600\" \/>\n\t<meta property=\"og:image:height\" content=\"1600\" \/>\n\t<meta property=\"og:image:type\" content=\"image\/jpeg\" \/>\n<meta name=\"twitter:card\" content=\"summary_large_image\" \/>\n<meta name=\"twitter:label1\" content=\"Tahmini okuma s\u00fcresi\" \/>\n\t<meta name=\"twitter:data1\" content=\"1 dakika\" \/>\n<script type=\"application\/ld+json\" class=\"yoast-schema-graph\">{\"@context\":\"https:\/\/schema.org\",\"@graph\":[{\"@type\":\"WebPage\",\"@id\":\"https:\/\/distribucionarc.com\/el\/producto\/impresora-para-envases-electrica-etiquetadora-de-impresion\/\",\"url\":\"https:\/\/distribucionarc.com\/el\/producto\/impresora-para-envases-electrica-etiquetadora-de-impresion\/\",\"name\":\"Impresora para envases el\u00e9ctrica, etiquetadora de impresi\u00f3n - distribuci\u00f3n ARC\",\"isPartOf\":{\"@id\":\"https:\/\/www.distribucionarc.com\/sl\/#website\"},\"primaryImageOfPage\":{\"@id\":\"https:\/\/distribucionarc.com\/el\/producto\/impresora-para-envases-electrica-etiquetadora-de-impresion\/#primaryimage\"},\"image\":{\"@id\":\"https:\/\/distribucionarc.com\/el\/producto\/impresora-para-envases-electrica-etiquetadora-de-impresion\/#primaryimage\"},\"thumbnailUrl\":\"https:\/\/distribucionarc.com\/wp-content\/uploads\/2020\/08\/Impresora-para-envases-el\u00e9ctrica-etiquetadora-de-impresi\u00f3n-0.jpg\",\"datePublished\":\"2020-08-25T14:48:58+00:00\",\"dateModified\":\"2020-10-01T11:24:27+00:00\",\"breadcrumb\":{\"@id\":\"https:\/\/distribucionarc.com\/el\/producto\/impresora-para-envases-electrica-etiquetadora-de-impresion\/#breadcrumb\"},\"inLanguage\":\"tr\",\"potentialAction\":[{\"@type\":\"ReadAction\",\"target\":[\"https:\/\/distribucionarc.com\/el\/producto\/impresora-para-envases-electrica-etiquetadora-de-impresion\/\"]}]},{\"@type\":\"ImageObject\",\"inLanguage\":\"tr\",\"@id\":\"https:\/\/distribucionarc.com\/el\/producto\/impresora-para-envases-electrica-etiquetadora-de-impresion\/#primaryimage\",\"url\":\"https:\/\/distribucionarc.com\/wp-content\/uploads\/2020\/08\/Impresora-para-envases-el\u00e9ctrica-etiquetadora-de-impresi\u00f3n-0.jpg\",\"contentUrl\":\"https:\/\/distribucionarc.com\/wp-content\/uploads\/2020\/08\/Impresora-para-envases-el\u00e9ctrica-etiquetadora-de-impresi\u00f3n-0.jpg\",\"width\":1600,\"height\":1600,\"caption\":\"Impresora para envases el\u00e9ctrica, etiquetadora de impresi\u00f3n\"},{\"@type\":\"BreadcrumbList\",\"@id\":\"https:\/\/distribucionarc.com\/el\/producto\/impresora-para-envases-electrica-etiquetadora-de-impresion\/#breadcrumb\",\"itemListElement\":[{\"@type\":\"ListItem\",\"position\":1,\"name\":\"Portada\",\"item\":\"https:\/\/www.distribucionarc.com\/\"},{\"@type\":\"ListItem\",\"position\":2,\"name\":\"\u00dcr\u00fcnler\",\"item\":\"https:\/\/www.distribucionarc.com\/tr\/magaza\/\"},{\"@type\":\"ListItem\",\"position\":3,\"name\":\"Impresora para envases el\u00e9ctrica, etiquetadora de impresi\u00f3n\"}]},{\"@type\":\"WebSite\",\"@id\":\"https:\/\/www.distribucionarc.com\/sl\/#website\",\"url\":\"https:\/\/www.distribucionarc.com\/sl\/\",\"name\":\"distribuci\u00f3n ARC\",\"description\":\"Empresa especializada en la fabricaci\u00f3n y distribuci\u00f3n de maquinaria industrial, selladoras de latas, Maquinas de hacer pastillas, Maquinas de cortar carne...\",\"publisher\":{\"@id\":\"https:\/\/www.distribucionarc.com\/sl\/#organization\"},\"potentialAction\":[{\"@type\":\"SearchAction\",\"target\":{\"@type\":\"EntryPoint\",\"urlTemplate\":\"https:\/\/www.distribucionarc.com\/sl\/?s={search_term_string}\"},\"query-input\":{\"@type\":\"PropertyValueSpecification\",\"valueRequired\":true,\"valueName\":\"search_term_string\"}}],\"inLanguage\":\"tr\"},{\"@type\":\"Organization\",\"@id\":\"https:\/\/www.distribucionarc.com\/sl\/#organization\",\"name\":\"Distribuci\u00f3n ARC\",\"url\":\"https:\/\/www.distribucionarc.com\/sl\/\",\"logo\":{\"@type\":\"ImageObject\",\"inLanguage\":\"tr\",\"@id\":\"https:\/\/www.distribucionarc.com\/sl\/#\/schema\/logo\/image\/\",\"url\":\"https:\/\/distribucionarc.com\/wp-content\/uploads\/2024\/10\/distribucion-ARC-COLOR-SIN-FONDO-e1732295305345.png\",\"contentUrl\":\"https:\/\/distribucionarc.com\/wp-content\/uploads\/2024\/10\/distribucion-ARC-COLOR-SIN-FONDO-e1732295305345.png\",\"width\":1164,\"height\":558,\"caption\":\"Distribuci\u00f3n ARC\"},\"image\":{\"@id\":\"https:\/\/www.distribucionarc.com\/sl\/#\/schema\/logo\/image\/\"},\"description\":\"Empresa especializada en la fabricaci\u00f3n y distribuci\u00f3n de maquinaria industrial para los sectores alimentario y farmac\u00e9utico. Nos especializamos en: M\u00e1quinas de cortar carne Fabricaci\u00f3n de comprimidos Sistemas de transporte industrial L\u00edneas de embotellado Dosificadores Y mucho m\u00e1s... Ofrecemos soluciones innovadoras y personalizadas para optimizar los procesos productivos de tu empresa.\",\"email\":\"Admistracion@distribucionarc.com\",\"telephone\":\"+34 643496664\",\"legalName\":\"ARC TECH SOLUTIONS\",\"foundingDate\":\"2024-04-09\",\"vatID\":\"B55480172\",\"numberOfEmployees\":{\"@type\":\"QuantitativeValue\",\"minValue\":\"1\",\"maxValue\":\"10\"}}]}<\/script>\n<!-- \/ Yoast SEO Premium plugin. -->","yoast_head_json":{"title":"Elektrikli ambalaj yaz\u0131c\u0131s\u0131, bask\u0131 etiketleme makinesi - ARC da\u011f\u0131t\u0131m\u0131","robots":{"index":"index","follow":"follow","max-snippet":"max-snippet:-1","max-image-preview":"max-image-preview:large","max-video-preview":"max-video-preview:-1"},"canonical":"https:\/\/distribucionarc.com\/tr\/urun\/ambalaj-elektrikli-baski-etiketleyici-icin-yazici\/","og_locale":"tr_TR","og_type":"article","og_title":"Impresora para envases el\u00e9ctrica, etiquetadora de impresi\u00f3n","og_description":"Impresora para envases el\u00e9ctrica, etiquetadora de impresi\u00f3n La impresora de almohadilla el\u00e9ctrica ARC se utiliza para imprimir las marcas comerciales o fechas de vencimiento, n\u00famero de lote, letrero o logotipo en botellas, papeles, vasos o cajas de la mayor\u00eda de los tipos de materiales, como pl\u00e1stico o metal. Adem\u00e1s, esta serie de m\u00e1quinas de impresi\u00f3n de c\u00f3digos es adecuada para imprimir la fecha de exportaci\u00f3n, la fecha v\u00e1lida, n\u00fameros \u00fanicos y fotos, con alta velocidad de impresi\u00f3n, forma de letra atractiva y limpia. Garant\u00eda\u00a0ARC 2 A\u00d1OS soporte t\u00e9cnico incluido","og_url":"https:\/\/distribucionarc.com\/tr\/urun\/ambalaj-elektrikli-baski-etiketleyici-icin-yazici\/","og_site_name":"distribuci\u00f3n ARC","article_modified_time":"2020-10-01T11:24:27+00:00","og_image":[{"width":1600,"height":1600,"url":"https:\/\/distribucionarc.com\/wp-content\/uploads\/2020\/08\/Impresora-para-envases-el\u00e9ctrica-etiquetadora-de-impresi\u00f3n-0.jpg","type":"image\/jpeg"}],"twitter_card":"summary_large_image","twitter_misc":{"Tahmini okuma s\u00fcresi":"1 dakika"},"schema":{"@context":"https:\/\/schema.org","@graph":[{"@type":"WebPage","@id":"https:\/\/distribucionarc.com\/el\/producto\/impresora-para-envases-electrica-etiquetadora-de-impresion\/","url":"https:\/\/distribucionarc.com\/el\/producto\/impresora-para-envases-electrica-etiquetadora-de-impresion\/","name":"Elektrikli ambalaj yaz\u0131c\u0131s\u0131, bask\u0131 etiketleme makinesi - ARC da\u011f\u0131t\u0131m\u0131","isPartOf":{"@id":"https:\/\/www.distribucionarc.com\/sl\/#website"},"primaryImageOfPage":{"@id":"https:\/\/distribucionarc.com\/el\/producto\/impresora-para-envases-electrica-etiquetadora-de-impresion\/#primaryimage"},"image":{"@id":"https:\/\/distribucionarc.com\/el\/producto\/impresora-para-envases-electrica-etiquetadora-de-impresion\/#primaryimage"},"thumbnailUrl":"https:\/\/distribucionarc.com\/wp-content\/uploads\/2020\/08\/Impresora-para-envases-el\u00e9ctrica-etiquetadora-de-impresi\u00f3n-0.jpg","datePublished":"2020-08-25T14:48:58+00:00","dateModified":"2020-10-01T11:24:27+00:00","breadcrumb":{"@id":"https:\/\/distribucionarc.com\/el\/producto\/impresora-para-envases-electrica-etiquetadora-de-impresion\/#breadcrumb"},"inLanguage":"tr","potentialAction":[{"@type":"ReadAction","target":["https:\/\/distribucionarc.com\/el\/producto\/impresora-para-envases-electrica-etiquetadora-de-impresion\/"]}]},{"@type":"ImageObject","inLanguage":"tr","@id":"https:\/\/distribucionarc.com\/el\/producto\/impresora-para-envases-electrica-etiquetadora-de-impresion\/#primaryimage","url":"https:\/\/distribucionarc.com\/wp-content\/uploads\/2020\/08\/Impresora-para-envases-el\u00e9ctrica-etiquetadora-de-impresi\u00f3n-0.jpg","contentUrl":"https:\/\/distribucionarc.com\/wp-content\/uploads\/2020\/08\/Impresora-para-envases-el\u00e9ctrica-etiquetadora-de-impresi\u00f3n-0.jpg","width":1600,"height":1600,"caption":"Impresora para envases el\u00e9ctrica, etiquetadora de impresi\u00f3n"},{"@type":"BreadcrumbList","@id":"https:\/\/distribucionarc.com\/el\/producto\/impresora-para-envases-electrica-etiquetadora-de-impresion\/#breadcrumb","itemListElement":[{"@type":"ListItem","position":1,"name":"Portada","item":"https:\/\/www.distribucionarc.com\/"},{"@type":"ListItem","position":2,"name":"\u00dcr\u00fcnler","item":"https:\/\/www.distribucionarc.com\/tr\/magaza\/"},{"@type":"ListItem","position":3,"name":"Impresora para envases el\u00e9ctrica, etiquetadora de impresi\u00f3n"}]},{"@type":"WebSite","@id":"https:\/\/www.distribucionarc.com\/sl\/#website","url":"https:\/\/www.distribucionarc.com\/sl\/","name":"ARC da\u011f\u0131t\u0131m\u0131","description":"End\u00fcstriyel makinelerin \u00fcretimi ve da\u011f\u0131t\u0131m\u0131 konusunda uzmanla\u015fm\u0131\u015f \u015firket, kutu m\u00fch\u00fcrleme makineleri, tablet yapma makineleri, et kesme makineleri...","publisher":{"@id":"https:\/\/www.distribucionarc.com\/sl\/#organization"},"potentialAction":[{"@type":"SearchAction","target":{"@type":"EntryPoint","urlTemplate":"https:\/\/www.distribucionarc.com\/sl\/?s={search_term_string}"},"query-input":{"@type":"PropertyValueSpecification","valueRequired":true,"valueName":"search_term_string"}}],"inLanguage":"tr"},{"@type":"Organization","@id":"https:\/\/www.distribucionarc.com\/sl\/#organization","name":"ARC Da\u011f\u0131t\u0131m\u0131","url":"https:\/\/www.distribucionarc.com\/sl\/","logo":{"@type":"ImageObject","inLanguage":"tr","@id":"https:\/\/www.distribucionarc.com\/sl\/#\/schema\/logo\/image\/","url":"https:\/\/distribucionarc.com\/wp-content\/uploads\/2024\/10\/distribucion-ARC-COLOR-SIN-FONDO-e1732295305345.png","contentUrl":"https:\/\/distribucionarc.com\/wp-content\/uploads\/2024\/10\/distribucion-ARC-COLOR-SIN-FONDO-e1732295305345.png","width":1164,"height":558,"caption":"Distribuci\u00f3n ARC"},"image":{"@id":"https:\/\/www.distribucionarc.com\/sl\/#\/schema\/logo\/image\/"},"description":"\u015eirket, g\u0131da ve ila\u00e7 sekt\u00f6rleri i\u00e7in end\u00fcstriyel makine \u00fcretimi ve da\u011f\u0131t\u0131m\u0131 konusunda uzmanla\u015fm\u0131\u015ft\u0131r. Uzmanl\u0131k alanlar\u0131m\u0131z Et kesme makineleri Tablet \u00fcretimi End\u00fcstriyel ta\u015f\u0131ma sistemleri \u015ei\u015feleme hatlar\u0131 Dozajlama makineleri Ve \u00e7ok daha fazlas\u0131... \u015eirketinizin \u00fcretim s\u00fcre\u00e7lerini optimize etmek i\u00e7in yenilik\u00e7i ve \u00f6zelle\u015ftirilmi\u015f \u00e7\u00f6z\u00fcmler sunuyoruz.","email":"Admistracion@distribucionarc.com","telephone":"+34 643496664","legalName":"ARC TECH SOLUTIONS","foundingDate":"2024-04-09","vatID":"B55480172","numberOfEmployees":{"@type":"QuantitativeValue","minValue":"1","maxValue":"10"}}]}},"_links":{"self":[{"href":"https:\/\/distribucionarc.com\/tr\/wp-json\/wp\/v2\/product\/2907","targetHints":{"allow":["GET"]}}],"collection":[{"href":"https:\/\/distribucionarc.com\/tr\/wp-json\/wp\/v2\/product"}],"about":[{"href":"https:\/\/distribucionarc.com\/tr\/wp-json\/wp\/v2\/types\/product"}],"replies":[{"embeddable":true,"href":"https:\/\/distribucionarc.com\/tr\/wp-json\/wp\/v2\/comments?post=2907"}],"version-history":[{"count":0,"href":"https:\/\/distribucionarc.com\/tr\/wp-json\/wp\/v2\/product\/2907\/revisions"}],"wp:featuredmedia":[{"embeddable":true,"href":"https:\/\/distribucionarc.com\/tr\/wp-json\/wp\/v2\/media\/2908"}],"wp:attachment":[{"href":"https:\/\/distribucionarc.com\/tr\/wp-json\/wp\/v2\/media?parent=2907"}],"wp:term":[{"taxonomy":"product_brand","embeddable":true,"href":"https:\/\/distribucionarc.com\/tr\/wp-json\/wp\/v2\/product_brand?post=2907"},{"taxonomy":"product_cat","embeddable":true,"href":"https:\/\/distribucionarc.com\/tr\/wp-json\/wp\/v2\/product_cat?post=2907"},{"taxonomy":"product_tag","embeddable":true,"href":"https:\/\/distribucionarc.com\/tr\/wp-json\/wp\/v2\/product_tag?post=2907"}],"curies":[{"name":"wp","href":"https:\/\/api.w.org\/{rel}","templated":true}]}}