{"id":2933,"date":"2020-08-27T09:04:27","date_gmt":"2020-08-27T09:04:27","guid":{"rendered":"https:\/\/distribucionarc.com\/?post_type=product&#038;p=2933"},"modified":"2020-10-01T11:29:47","modified_gmt":"2020-10-01T11:29:47","slug":"fatura-sayaci-yanlis-fatura-dedektoru-1000x-dak","status":"publish","type":"product","link":"https:\/\/distribucionarc.com\/tr\/producto\/contador-de-billetes-detector-de-billetes-falsos-1000x-min\/","title":{"rendered":"Fatura sayac\u0131, sahte fatura dedekt\u00f6r\u00fc 1000x\/dak"},"content":{"rendered":"<h3>Fatura sayac\u0131, sahte fatura dedekt\u00f6r\u00fc 1000x\/dak<\/h3>\n<p>O\u00a0<strong>fatura s\u0131ralay\u0131c\u0131 <span style=\"color: #ff0000;\">\u0130LE<\/span><span style=\"color: #0000ff;\">R<\/span>C<\/strong>\u00a0 Her bir banknotun toplam say\u0131s\u0131n\u0131 dijital ekranda g\u00f6r\u00fcnt\u00fcleyerek ayn\u0131 de\u011ferdeki her banknotu sayarak zamandan tasarruf edeceksiniz. Y\u00f6ntemlerinin yan\u0131 s\u0131ra <strong>sahte faturalar\u0131 kontrol etmek<\/strong> UV ve MG.<\/p>\n<p>O <strong>otomatik saya\u00e7 <span style=\"color: #ff0000;\">\u0130LE<\/span><span style=\"color: #0000ff;\">R<\/span>CMCB1M<\/strong> sayabilirim <strong>Dakikada 1000 fatura<\/strong>Bu size h\u0131zl\u0131 ve verimli bir makine sa\u011flar. Paket fonksiyonu: \u0130stenilen say\u0131ya ula\u015f\u0131ld\u0131\u011f\u0131nda sayma durur. \u0130stemci taraf\u0131ndan do\u011frulanmaya da izin vermek i\u00e7in iste\u011fe ba\u011fl\u0131 ikinci bir harici ekrana sahiptir.<\/p>\n<h6><b>Garanti<\/b><strong>\u00a0<\/strong><span style=\"color: #ff0000;\"><strong>\u0130LE<\/strong><\/span><span style=\"color: #0000ff;\"><strong>R<\/strong><\/span><strong>\u00c7 2 YIL<\/strong><\/h6>\n<h6><span style=\"color: #008000;\">Makine<b> Verimli sayma, d\u00fc\u015f\u00fck t\u00fcketim &lt;65W<\/b><\/span><\/h6>\n<h6><b>teknik destek dahildir.<\/b><\/h6>\n<p>&nbsp;<\/p>\n<p>&nbsp;<\/p>\n<table width=\"100%\">\n<tbody>\n<tr>\n<td>Marka:<\/td>\n<td width=\"32%\">ARK<\/td>\n<td>A\u011f\u0131rl\u0131k:<\/td>\n<td width=\"30%\">7 kg<\/td>\n<\/tr>\n<tr>\n<td>Da\u011f\u0131t\u0131m \u00fclkesi:<\/td>\n<td width=\"32%\">\u0130spanya, Almanya, ABD<\/td>\n<td>Y\u00fckseklik:<\/td>\n<td width=\"30%\">17cm<\/td>\n<\/tr>\n<tr>\n<td>Renk:<\/td>\n<td width=\"32%\">Beyaz<\/td>\n<td>Uzun:<\/td>\n<td width=\"30%\">23,5 cm<\/td>\n<\/tr>\n<tr>\n<td>\u00dcr\u00fcn tipi:<\/td>\n<td width=\"32%\">Fatura sayac\u0131<\/td>\n<td>Geni\u015f:<\/td>\n<td width=\"30%\">26cm<\/td>\n<\/tr>\n<tr>\n<td>\u00dcretici numaras\u0131:<\/td>\n<td width=\"32%\">ARCMCB1M<\/td>\n<td>Sayma h\u0131z\u0131:<\/td>\n<td width=\"30%\">Dakikada 1000<\/td>\n<\/tr>\n<tr>\n<td>\u00a0Garanti:<\/td>\n<td width=\"32%\">\u00a02 YIL<\/td>\n<td>Kontrol sistemleri:<\/td>\n<td width=\"30%\">UV ve MG<\/td>\n<\/tr>\n<tr>\n<td>G\u00fc\u00e7:<\/td>\n<td width=\"32%\">&lt;65W<\/td>\n<td>\u0130\u015flev:<\/td>\n<td width=\"30%\">\u00a0\u0130stedi\u011finiz de\u011fere g\u00f6re fatura paketleri yapabilirsiniz<\/td>\n<\/tr>\n<\/tbody>\n<\/table>\n<h6><\/h6>","protected":false},"excerpt":{"rendered":"<h2>Fatura sayac\u0131, sahte fatura dedekt\u00f6r\u00fc 1000x\/dak<\/h2>\n<p>O<strong> fatura sayac\u0131 <span style=\"color: #ff0000;\">\u0130LE<\/span><span style=\"color: #0000ff;\">R<\/span>C<\/strong> Faturalar\u0131 otomatik olarak sayabildi\u011fi gibi, dijital ekranda hangisinin oldu\u011funu belirterek sahte banknotlar\u0131 da tespit edebiliyor. Bunun sundu\u011fu i\u015f kolayl\u0131\u011f\u0131 ve g\u00fcvenlik <strong>dedekt\u00f6r<\/strong> senin sayende <span style=\"color: #333399;\"><strong>UV \u0131\u015f\u0131nlar\u0131<\/strong><\/span> Fatura say\u0131s\u0131n\u0131 kolayca sayabilecek h\u0131zl\u0131 bir makinenin garantisini veriyorlar.<\/p>\n<h6><b>Garanti<\/b><strong>\u00a0<\/strong><span style=\"color: #ff0000;\"><strong>\u0130LE<\/strong><\/span><span style=\"color: #0000ff;\"><strong>R<\/strong><\/span><strong>\u00c7 2 YIL<\/strong><\/h6>\n<h6><span style=\"color: #008000;\">Makine<b> Verimli sayma, d\u00fc\u015f\u00fck t\u00fcketim &lt;65W<\/b><\/span><\/h6>\n<h6><b>teknik destek dahildir.<\/b><\/h6>","protected":false},"featured_media":2937,"comment_status":"open","ping_status":"closed","template":"","meta":{"wds_primary_product_brand":0,"wds_primary_product_cat":0},"product_brand":[],"product_cat":[69],"product_tag":[],"class_list":{"0":"post-2933","1":"product","2":"type-product","3":"status-publish","4":"has-post-thumbnail","6":"product_cat-maquinas-variadas","7":"product_shipping_class-hosteleria","9":"first","10":"instock","11":"sale","12":"taxable","13":"shipping-taxable","14":"purchasable","15":"product-type-simple"},"yoast_head":"<!-- This site is optimized with the Yoast SEO Premium plugin v24.9 (Yoast SEO v26.1) - https:\/\/yoast.com\/wordpress\/plugins\/seo\/ -->\n<title>Contador de billetes, detector de billetes falsos 1000x\/min - distribuci\u00f3n ARC<\/title>\n<meta name=\"robots\" content=\"index, follow, max-snippet:-1, max-image-preview:large, max-video-preview:-1\" \/>\n<link rel=\"canonical\" href=\"https:\/\/www.distribucionarc.com\/de\/producto\/contador-de-billetes-detector-de-billetes-falsos-1000x-min\/\" \/>\n<meta property=\"og:locale\" content=\"tr_TR\" \/>\n<meta property=\"og:type\" content=\"article\" \/>\n<meta property=\"og:title\" content=\"Contador de billetes, detector de billetes falsos 1000x\/min\" \/>\n<meta property=\"og:description\" content=\"Contador de billetes, detector de billetes falsos 1000x\/min El contador de billetes ARC puede contar autom\u00e1ticamente billetes, adem\u00e1s de identificar los billetes falsos indicando cual es en la pantalla digital. La simplicidad de trabajo y seguridad que ofrece este detector gracias a sus rayos UV le aseguran una m\u00e1quina r\u00e1pida que contar\u00e1 f\u00e1cilmente el n\u00famero de billetes. Garant\u00eda\u00a0ARC 2 A\u00d1OS M\u00e1quina de conteo eficiente, bajo consumo &lt;65 W soporte t\u00e9cnico incluido.\" \/>\n<meta property=\"og:url\" content=\"https:\/\/www.distribucionarc.com\/de\/producto\/contador-de-billetes-detector-de-billetes-falsos-1000x-min\/\" \/>\n<meta property=\"og:site_name\" content=\"distribuci\u00f3n ARC\" \/>\n<meta property=\"article:modified_time\" content=\"2020-10-01T11:29:47+00:00\" \/>\n<meta property=\"og:image\" content=\"https:\/\/www.distribucionarc.com\/wp-content\/uploads\/2020\/08\/Contador-de-billetes-detector-de-billetes-falsos-1000xmin-2.jpg\" \/>\n\t<meta property=\"og:image:width\" content=\"1443\" \/>\n\t<meta property=\"og:image:height\" content=\"1011\" \/>\n\t<meta property=\"og:image:type\" content=\"image\/jpeg\" \/>\n<meta name=\"twitter:card\" content=\"summary_large_image\" \/>\n<meta name=\"twitter:label1\" content=\"Tahmini okuma s\u00fcresi\" \/>\n\t<meta name=\"twitter:data1\" content=\"1 dakika\" \/>\n<script type=\"application\/ld+json\" class=\"yoast-schema-graph\">{\"@context\":\"https:\/\/schema.org\",\"@graph\":[{\"@type\":\"WebPage\",\"@id\":\"https:\/\/www.distribucionarc.com\/de\/producto\/contador-de-billetes-detector-de-billetes-falsos-1000x-min\/\",\"url\":\"https:\/\/www.distribucionarc.com\/de\/producto\/contador-de-billetes-detector-de-billetes-falsos-1000x-min\/\",\"name\":\"Contador de billetes, detector de billetes falsos 1000x\/min - distribuci\u00f3n ARC\",\"isPartOf\":{\"@id\":\"https:\/\/www.distribucionarc.com\/sl\/#website\"},\"primaryImageOfPage\":{\"@id\":\"https:\/\/www.distribucionarc.com\/de\/producto\/contador-de-billetes-detector-de-billetes-falsos-1000x-min\/#primaryimage\"},\"image\":{\"@id\":\"https:\/\/www.distribucionarc.com\/de\/producto\/contador-de-billetes-detector-de-billetes-falsos-1000x-min\/#primaryimage\"},\"thumbnailUrl\":\"https:\/\/distribucionarc.com\/wp-content\/uploads\/2020\/08\/Contador-de-billetes-detector-de-billetes-falsos-1000xmin-2.jpg\",\"datePublished\":\"2020-08-27T09:04:27+00:00\",\"dateModified\":\"2020-10-01T11:29:47+00:00\",\"breadcrumb\":{\"@id\":\"https:\/\/www.distribucionarc.com\/de\/producto\/contador-de-billetes-detector-de-billetes-falsos-1000x-min\/#breadcrumb\"},\"inLanguage\":\"tr\",\"potentialAction\":[{\"@type\":\"ReadAction\",\"target\":[\"https:\/\/www.distribucionarc.com\/de\/producto\/contador-de-billetes-detector-de-billetes-falsos-1000x-min\/\"]}]},{\"@type\":\"ImageObject\",\"inLanguage\":\"tr\",\"@id\":\"https:\/\/www.distribucionarc.com\/de\/producto\/contador-de-billetes-detector-de-billetes-falsos-1000x-min\/#primaryimage\",\"url\":\"https:\/\/distribucionarc.com\/wp-content\/uploads\/2020\/08\/Contador-de-billetes-detector-de-billetes-falsos-1000xmin-2.jpg\",\"contentUrl\":\"https:\/\/distribucionarc.com\/wp-content\/uploads\/2020\/08\/Contador-de-billetes-detector-de-billetes-falsos-1000xmin-2.jpg\",\"width\":1443,\"height\":1011,\"caption\":\"Contador de billetes, detector de billetes falsos 1000x\/min\"},{\"@type\":\"BreadcrumbList\",\"@id\":\"https:\/\/www.distribucionarc.com\/de\/producto\/contador-de-billetes-detector-de-billetes-falsos-1000x-min\/#breadcrumb\",\"itemListElement\":[{\"@type\":\"ListItem\",\"position\":1,\"name\":\"Portada\",\"item\":\"https:\/\/www.distribucionarc.com\/\"},{\"@type\":\"ListItem\",\"position\":2,\"name\":\"\u00dcr\u00fcnler\",\"item\":\"https:\/\/www.distribucionarc.com\/tr\/magaza\/\"},{\"@type\":\"ListItem\",\"position\":3,\"name\":\"Contador de billetes, detector de billetes falsos 1000x\/min\"}]},{\"@type\":\"WebSite\",\"@id\":\"https:\/\/www.distribucionarc.com\/sl\/#website\",\"url\":\"https:\/\/www.distribucionarc.com\/sl\/\",\"name\":\"distribuci\u00f3n ARC\",\"description\":\"Empresa especializada en la fabricaci\u00f3n y distribuci\u00f3n de maquinaria industrial, selladoras de latas, Maquinas de hacer pastillas, Maquinas de cortar carne...\",\"publisher\":{\"@id\":\"https:\/\/www.distribucionarc.com\/sl\/#organization\"},\"potentialAction\":[{\"@type\":\"SearchAction\",\"target\":{\"@type\":\"EntryPoint\",\"urlTemplate\":\"https:\/\/www.distribucionarc.com\/sl\/?s={search_term_string}\"},\"query-input\":{\"@type\":\"PropertyValueSpecification\",\"valueRequired\":true,\"valueName\":\"search_term_string\"}}],\"inLanguage\":\"tr\"},{\"@type\":\"Organization\",\"@id\":\"https:\/\/www.distribucionarc.com\/sl\/#organization\",\"name\":\"Distribuci\u00f3n ARC\",\"url\":\"https:\/\/www.distribucionarc.com\/sl\/\",\"logo\":{\"@type\":\"ImageObject\",\"inLanguage\":\"tr\",\"@id\":\"https:\/\/www.distribucionarc.com\/sl\/#\/schema\/logo\/image\/\",\"url\":\"https:\/\/distribucionarc.com\/wp-content\/uploads\/2024\/10\/distribucion-ARC-COLOR-SIN-FONDO-e1732295305345.png\",\"contentUrl\":\"https:\/\/distribucionarc.com\/wp-content\/uploads\/2024\/10\/distribucion-ARC-COLOR-SIN-FONDO-e1732295305345.png\",\"width\":1164,\"height\":558,\"caption\":\"Distribuci\u00f3n ARC\"},\"image\":{\"@id\":\"https:\/\/www.distribucionarc.com\/sl\/#\/schema\/logo\/image\/\"},\"description\":\"Empresa especializada en la fabricaci\u00f3n y distribuci\u00f3n de maquinaria industrial para los sectores alimentario y farmac\u00e9utico. Nos especializamos en: M\u00e1quinas de cortar carne Fabricaci\u00f3n de comprimidos Sistemas de transporte industrial L\u00edneas de embotellado Dosificadores Y mucho m\u00e1s... Ofrecemos soluciones innovadoras y personalizadas para optimizar los procesos productivos de tu empresa.\",\"email\":\"Admistracion@distribucionarc.com\",\"telephone\":\"+34 643496664\",\"legalName\":\"ARC TECH SOLUTIONS\",\"foundingDate\":\"2024-04-09\",\"vatID\":\"B55480172\",\"numberOfEmployees\":{\"@type\":\"QuantitativeValue\",\"minValue\":\"1\",\"maxValue\":\"10\"}}]}<\/script>\n<!-- \/ Yoast SEO Premium plugin. -->","yoast_head_json":{"title":"Fatura sayac\u0131, sahte fatura dedekt\u00f6r\u00fc 1000x\/dak - ARC da\u011f\u0131t\u0131m\u0131","robots":{"index":"index","follow":"follow","max-snippet":"max-snippet:-1","max-image-preview":"max-image-preview:large","max-video-preview":"max-video-preview:-1"},"canonical":"https:\/\/www.distribucionarc.com\/de\/producto\/contador-de-billetes-detector-de-billetes-falsos-1000x-min\/","og_locale":"tr_TR","og_type":"article","og_title":"Contador de billetes, detector de billetes falsos 1000x\/min","og_description":"Contador de billetes, detector de billetes falsos 1000x\/min El contador de billetes ARC puede contar autom\u00e1ticamente billetes, adem\u00e1s de identificar los billetes falsos indicando cual es en la pantalla digital. La simplicidad de trabajo y seguridad que ofrece este detector gracias a sus rayos UV le aseguran una m\u00e1quina r\u00e1pida que contar\u00e1 f\u00e1cilmente el n\u00famero de billetes. Garant\u00eda\u00a0ARC 2 A\u00d1OS M\u00e1quina de conteo eficiente, bajo consumo &lt;65 W soporte t\u00e9cnico incluido.","og_url":"https:\/\/www.distribucionarc.com\/de\/producto\/contador-de-billetes-detector-de-billetes-falsos-1000x-min\/","og_site_name":"distribuci\u00f3n ARC","article_modified_time":"2020-10-01T11:29:47+00:00","og_image":[{"width":1443,"height":1011,"url":"https:\/\/www.distribucionarc.com\/wp-content\/uploads\/2020\/08\/Contador-de-billetes-detector-de-billetes-falsos-1000xmin-2.jpg","type":"image\/jpeg"}],"twitter_card":"summary_large_image","twitter_misc":{"Tahmini okuma s\u00fcresi":"1 dakika"},"schema":{"@context":"https:\/\/schema.org","@graph":[{"@type":"WebPage","@id":"https:\/\/www.distribucionarc.com\/de\/producto\/contador-de-billetes-detector-de-billetes-falsos-1000x-min\/","url":"https:\/\/www.distribucionarc.com\/de\/producto\/contador-de-billetes-detector-de-billetes-falsos-1000x-min\/","name":"Fatura sayac\u0131, sahte fatura dedekt\u00f6r\u00fc 1000x\/dak - ARC da\u011f\u0131t\u0131m\u0131","isPartOf":{"@id":"https:\/\/www.distribucionarc.com\/sl\/#website"},"primaryImageOfPage":{"@id":"https:\/\/www.distribucionarc.com\/de\/producto\/contador-de-billetes-detector-de-billetes-falsos-1000x-min\/#primaryimage"},"image":{"@id":"https:\/\/www.distribucionarc.com\/de\/producto\/contador-de-billetes-detector-de-billetes-falsos-1000x-min\/#primaryimage"},"thumbnailUrl":"https:\/\/distribucionarc.com\/wp-content\/uploads\/2020\/08\/Contador-de-billetes-detector-de-billetes-falsos-1000xmin-2.jpg","datePublished":"2020-08-27T09:04:27+00:00","dateModified":"2020-10-01T11:29:47+00:00","breadcrumb":{"@id":"https:\/\/www.distribucionarc.com\/de\/producto\/contador-de-billetes-detector-de-billetes-falsos-1000x-min\/#breadcrumb"},"inLanguage":"tr","potentialAction":[{"@type":"ReadAction","target":["https:\/\/www.distribucionarc.com\/de\/producto\/contador-de-billetes-detector-de-billetes-falsos-1000x-min\/"]}]},{"@type":"ImageObject","inLanguage":"tr","@id":"https:\/\/www.distribucionarc.com\/de\/producto\/contador-de-billetes-detector-de-billetes-falsos-1000x-min\/#primaryimage","url":"https:\/\/distribucionarc.com\/wp-content\/uploads\/2020\/08\/Contador-de-billetes-detector-de-billetes-falsos-1000xmin-2.jpg","contentUrl":"https:\/\/distribucionarc.com\/wp-content\/uploads\/2020\/08\/Contador-de-billetes-detector-de-billetes-falsos-1000xmin-2.jpg","width":1443,"height":1011,"caption":"Contador de billetes, detector de billetes falsos 1000x\/min"},{"@type":"BreadcrumbList","@id":"https:\/\/www.distribucionarc.com\/de\/producto\/contador-de-billetes-detector-de-billetes-falsos-1000x-min\/#breadcrumb","itemListElement":[{"@type":"ListItem","position":1,"name":"Portada","item":"https:\/\/www.distribucionarc.com\/"},{"@type":"ListItem","position":2,"name":"\u00dcr\u00fcnler","item":"https:\/\/www.distribucionarc.com\/tr\/magaza\/"},{"@type":"ListItem","position":3,"name":"Contador de billetes, detector de billetes falsos 1000x\/min"}]},{"@type":"WebSite","@id":"https:\/\/www.distribucionarc.com\/sl\/#website","url":"https:\/\/www.distribucionarc.com\/sl\/","name":"ARC da\u011f\u0131t\u0131m\u0131","description":"End\u00fcstriyel makinelerin \u00fcretimi ve da\u011f\u0131t\u0131m\u0131 konusunda uzmanla\u015fm\u0131\u015f \u015firket, kutu m\u00fch\u00fcrleme makineleri, tablet yapma makineleri, et kesme makineleri...","publisher":{"@id":"https:\/\/www.distribucionarc.com\/sl\/#organization"},"potentialAction":[{"@type":"SearchAction","target":{"@type":"EntryPoint","urlTemplate":"https:\/\/www.distribucionarc.com\/sl\/?s={search_term_string}"},"query-input":{"@type":"PropertyValueSpecification","valueRequired":true,"valueName":"search_term_string"}}],"inLanguage":"tr"},{"@type":"Organization","@id":"https:\/\/www.distribucionarc.com\/sl\/#organization","name":"ARC Da\u011f\u0131t\u0131m\u0131","url":"https:\/\/www.distribucionarc.com\/sl\/","logo":{"@type":"ImageObject","inLanguage":"tr","@id":"https:\/\/www.distribucionarc.com\/sl\/#\/schema\/logo\/image\/","url":"https:\/\/distribucionarc.com\/wp-content\/uploads\/2024\/10\/distribucion-ARC-COLOR-SIN-FONDO-e1732295305345.png","contentUrl":"https:\/\/distribucionarc.com\/wp-content\/uploads\/2024\/10\/distribucion-ARC-COLOR-SIN-FONDO-e1732295305345.png","width":1164,"height":558,"caption":"Distribuci\u00f3n ARC"},"image":{"@id":"https:\/\/www.distribucionarc.com\/sl\/#\/schema\/logo\/image\/"},"description":"\u015eirket, g\u0131da ve ila\u00e7 sekt\u00f6rleri i\u00e7in end\u00fcstriyel makine \u00fcretimi ve da\u011f\u0131t\u0131m\u0131 konusunda uzmanla\u015fm\u0131\u015ft\u0131r. Uzmanl\u0131k alanlar\u0131m\u0131z Et kesme makineleri Tablet \u00fcretimi End\u00fcstriyel ta\u015f\u0131ma sistemleri \u015ei\u015feleme hatlar\u0131 Dozajlama makineleri Ve \u00e7ok daha fazlas\u0131... \u015eirketinizin \u00fcretim s\u00fcre\u00e7lerini optimize etmek i\u00e7in yenilik\u00e7i ve \u00f6zelle\u015ftirilmi\u015f \u00e7\u00f6z\u00fcmler sunuyoruz.","email":"Admistracion@distribucionarc.com","telephone":"+34 643496664","legalName":"ARC TECH SOLUTIONS","foundingDate":"2024-04-09","vatID":"B55480172","numberOfEmployees":{"@type":"QuantitativeValue","minValue":"1","maxValue":"10"}}]}},"_links":{"self":[{"href":"https:\/\/distribucionarc.com\/tr\/wp-json\/wp\/v2\/product\/2933","targetHints":{"allow":["GET"]}}],"collection":[{"href":"https:\/\/distribucionarc.com\/tr\/wp-json\/wp\/v2\/product"}],"about":[{"href":"https:\/\/distribucionarc.com\/tr\/wp-json\/wp\/v2\/types\/product"}],"replies":[{"embeddable":true,"href":"https:\/\/distribucionarc.com\/tr\/wp-json\/wp\/v2\/comments?post=2933"}],"version-history":[{"count":0,"href":"https:\/\/distribucionarc.com\/tr\/wp-json\/wp\/v2\/product\/2933\/revisions"}],"wp:featuredmedia":[{"embeddable":true,"href":"https:\/\/distribucionarc.com\/tr\/wp-json\/wp\/v2\/media\/2937"}],"wp:attachment":[{"href":"https:\/\/distribucionarc.com\/tr\/wp-json\/wp\/v2\/media?parent=2933"}],"wp:term":[{"taxonomy":"product_brand","embeddable":true,"href":"https:\/\/distribucionarc.com\/tr\/wp-json\/wp\/v2\/product_brand?post=2933"},{"taxonomy":"product_cat","embeddable":true,"href":"https:\/\/distribucionarc.com\/tr\/wp-json\/wp\/v2\/product_cat?post=2933"},{"taxonomy":"product_tag","embeddable":true,"href":"https:\/\/distribucionarc.com\/tr\/wp-json\/wp\/v2\/product_tag?post=2933"}],"curies":[{"name":"wp","href":"https:\/\/api.w.org\/{rel}","templated":true}]}}