{"id":3105,"date":"2020-09-21T16:13:03","date_gmt":"2020-09-21T16:13:03","guid":{"rendered":"https:\/\/distribucionarc.com\/?post_type=product&#038;p=3105"},"modified":"2020-10-01T13:58:18","modified_gmt":"2020-10-01T13:58:18","slug":"yuksek-devirli-profesyonel-mikser-blender","status":"publish","type":"product","link":"https:\/\/distribucionarc.com\/tr\/producto\/batidora-licuadora-profesional-de-altas-revoluciones\/","title":{"rendered":"Blender, profesyonel y\u00fcksek h\u0131zl\u0131 blender\u00a0"},"content":{"rendered":"<h3>Blender, profesyonel y\u00fcksek h\u0131zl\u0131 blender<\/h3>\n<p>Bu <strong>sessiz kar\u0131\u015ft\u0131r\u0131c\u0131 <span style=\"color: #ff0000;\">\u0130LE<\/span><span style=\"color: #0000ff;\">R<\/span>C<\/strong> \u00e7al\u0131\u015ft\u0131rman\u0131za olanak tan\u0131yan \u00f6zel bir akustik kalkan\u0131 benimser. <strong>ticari kar\u0131\u015ft\u0131r\u0131c\u0131<\/strong> 75-95 dB aras\u0131nda \u00e7ok d\u00fc\u015f\u00fck bir ses seviyesinde. Sadece kapal\u0131yken \u00e7al\u0131\u015fan g\u00fcvenlik sistemine sahiptir.<\/p>\n<p>Kar\u0131\u015ft\u0131rma cam\u0131 <strong>sessiz kar\u0131\u015ft\u0131r\u0131c\u0131<\/strong> <strong><span style=\"color: #ff0000;\">\u0130LE<\/span><span style=\"color: #0000ff;\">R<\/span>CLBS15<\/strong> 1,5 L&#039;lik geni\u015f bir kapasiteye sahiptir ve g\u0131daya uygun PC malzemeden yap\u0131lm\u0131\u015ft\u0131r. D\u00f6rt adet \u00fc\u00e7 boyutlu g\u0131daya uygun b\u0131\u00e7ak (i\u00e7 b\u0131\u00e7ak + d\u0131\u015f b\u0131\u00e7ak) ile donat\u0131lm\u0131\u015ft\u0131r. Dondurulmu\u015f posalar\u0131, buzu, sert meyveleri, tah\u0131llar\u0131 kolayl\u0131kla k\u0131rabilir. Ekstra bir \u00e7ift b\u0131\u00e7ak dahildir.<\/p>\n<p>Kontrol edin <strong>sessiz kar\u0131\u015ft\u0131r\u0131c\u0131<\/strong> D\u00f6rt farkl\u0131 zaman ayar\u0131 ve esnek h\u0131z ayar\u0131 ile.  Ayr\u0131 kap kapa\u011f\u0131 beslemeye uygundur ve ta\u015fmay\u0131 \u00f6nler. G\u00fc\u00e7l\u00fc saf bak\u0131r motor, <strong>y\u00fcksek d\u00f6n\u00fc\u015f h\u0131z\u0131<\/strong> 4400-20000 RPM, az g\u00fcr\u00fclt\u00fcl\u00fc. Sadece 1350 watt elektrik t\u00fcketimi yap\u0131yor.<\/p>\n<h6><strong>Garanti\u00a0<span style=\"color: #ff0000;\">\u0130LE<\/span><span style=\"color: #0000ff;\">R<\/span>\u00c7 2 YIL<\/strong><\/h6>\n<h6><span style=\"color: #008000;\">Verimli elektrikli \u00f6\u011f\u00fct\u00fcc\u00fc, d\u00fc\u015f\u00fck t\u00fcketim 1350w<\/span><\/h6>\n<h6><strong>teknik destek dahil<\/strong><\/h6>\n<p>&nbsp;<\/p>\n<p>&nbsp;<\/p>\n<table role=\"presentation\" width=\"100%\" cellspacing=\"0\" cellpadding=\"0\">\n<tbody>\n<tr>\n<td class=\"attrLabels\">Marka:<\/td>\n<td width=\"50.0%\">ARK<\/td>\n<\/tr>\n<tr>\n<td class=\"attrLabels\">Da\u011f\u0131t\u0131m \u00fclkesi:<\/td>\n<td width=\"50.0%\">\u0130spanya, Almanya, ABD<\/td>\n<td class=\"attrLabels\">A\u011f\u0131rl\u0131k:<\/td>\n<td width=\"50.0%\">8 kg<\/td>\n<\/tr>\n<tr>\n<td class=\"attrLabels\">Marka:<\/td>\n<td width=\"50.0%\">ARK<\/td>\n<td class=\"attrLabels\">Y\u00fckseklik:<\/td>\n<td width=\"50.0%\">48,2 cm<\/td>\n<\/tr>\n<tr>\n<td class=\"attrLabels\">Renk:<\/td>\n<td width=\"50.0%\">g\u00fcm\u00fc\u015f, siyah<\/td>\n<td class=\"attrLabels\">Uzun:<\/td>\n<td width=\"50.0%\">22,8 cm<\/td>\n<\/tr>\n<tr>\n<td class=\"attrLabels\">\u00dcr\u00fcn tipi:<\/td>\n<td width=\"50.0%\">Profesyonel blender<\/td>\n<td class=\"attrLabels\">Geni\u015f:<\/td>\n<td width=\"50.0%\">25,4 cm<\/td>\n<\/tr>\n<tr>\n<td class=\"attrLabels\">\u00dcretici numaras\u0131:<\/td>\n<td width=\"50.0%\">ARCLSB15<\/td>\n<td class=\"attrLabels\">G\u00fc\u00e7:<\/td>\n<td width=\"50.0%\">1350W<\/td>\n<\/tr>\n<tr>\n<td class=\"attrLabels\">Malzeme:<\/td>\n<td width=\"50.0%\">Paslanmaz \u00e7elik, verimli bak\u0131r motor, PC kar\u0131\u015ft\u0131rma kab\u0131, D\u00fc\u015f\u00fck desibel kapatma<\/td>\n<td class=\"attrLabels\">giri\u015f voltaj\u0131<\/td>\n<td width=\"50.0%\">230V \u2013 50Hz<\/td>\n<\/tr>\n<tr>\n<td class=\"attrLabels\">Garanti:<\/td>\n<td width=\"50.0%\">2 y\u0131l<\/td>\n<td class=\"attrLabels\">Motor h\u0131z\u0131:<\/td>\n<td width=\"50.0%\">\u00a04400&#039;den 20.000 rpm&#039;ye<\/td>\n<\/tr>\n<tr>\n<td class=\"attrLabels\">Kar\u0131\u015ft\u0131rma cam kapasitesi:<\/td>\n<td width=\"50.0%\">1,5 litre<\/td>\n<td class=\"attrLabels\">H\u0131zlar<\/td>\n<td width=\"50.0%\">Azdan \u00e7o\u011fa 4 mod<\/td>\n<\/tr>\n<\/tbody>\n<\/table>","protected":false},"excerpt":{"rendered":"<h2>Blender, profesyonel y\u00fcksek h\u0131zl\u0131 blender<\/h2>\n<p>Bu <strong>profesyonel blender <span style=\"color: #ff0000;\">\u0130LE<\/span><span style=\"color: #0000ff;\">R<\/span>C<\/strong> \u00c7ok i\u015flevlidir ve \u00fcr\u00fcn\u00fcn sertli\u011fine bak\u0131lmaks\u0131z\u0131n basit smoothie&#039;ler ve meyve sular\u0131, hatta donmu\u015f hamur veya b\u00fcy\u00fck miktarda buz i\u00e7eren smoothie&#039;ler haz\u0131rlayabilir. Sert meyveleri, dondurulmu\u015f hamurlar\u0131, buzlar\u0131 ve tah\u0131llar\u0131 kolayca ezebilen en son kar\u0131\u015ft\u0131rma teknolojisini kullan\u0131r. <strong>Mikser<\/strong> Prosesi kontrol etmek ve \u00fcr\u00fcn\u00fcn\u00fcze en uygun modu se\u00e7mek i\u00e7in dijital bir ekrana sahiptir; <strong>kar\u0131\u015ft\u0131r\u0131c\u0131<\/strong> Kar\u0131\u015ft\u0131rma cam\u0131n\u0131n k\u0131r\u0131lmas\u0131 durumunda g\u00fcvenli\u011fi sa\u011flayan koruyucu ekran sayesinde gelenekseldir. 1350 watt&#039;l\u0131k y\u00fcksek g\u00fc\u00e7l\u00fc bak\u0131r motor, y\u00fcksek kar\u0131\u015ft\u0131rma verimlili\u011fi sa\u011flar.<\/p>\n<h6><strong>Garanti\u00a0<span style=\"color: #ff0000;\">\u0130LE<\/span><span style=\"color: #0000ff;\">R<\/span>\u00c7 2 YIL<\/strong><\/h6>\n<h6><span style=\"color: #008000;\">Verimli elektrikli \u00f6\u011f\u00fct\u00fcc\u00fc, d\u00fc\u015f\u00fck t\u00fcketim 1350w<\/span><\/h6>\n<h6><strong>teknik destek dahil<\/strong><\/h6>","protected":false},"featured_media":3114,"comment_status":"open","ping_status":"closed","template":"","meta":{"wds_primary_product_brand":0,"wds_primary_product_cat":0},"product_brand":[],"product_cat":[43,65,59,68],"product_tag":[],"class_list":{"0":"post-3105","1":"product","2":"type-product","3":"status-publish","4":"has-post-thumbnail","6":"product_cat-cortadoras-de-alimentos","7":"product_cat-maquinaria-industrial-para-procesar-fruta-verdura-panales","8":"product_cat-hielo","9":"product_cat-trituradoras-picadoras-de-frutas-y-verduras","10":"product_shipping_class-hosteleria","12":"first","13":"instock","14":"sale","15":"taxable","16":"shipping-taxable","17":"purchasable","18":"product-type-simple"},"yoast_head":"<!-- This site is optimized with the Yoast SEO Premium plugin v24.9 (Yoast SEO v26.1) - https:\/\/yoast.com\/wordpress\/plugins\/seo\/ -->\n<title>Batidora, licuadora profesional de altas revoluciones\u00a0 - distribuci\u00f3n ARC<\/title>\n<meta name=\"robots\" content=\"index, follow, max-snippet:-1, max-image-preview:large, max-video-preview:-1\" \/>\n<link rel=\"canonical\" href=\"https:\/\/distribucionarc.com\/tr\/urun\/yuksek-devirli-profesyonel-mikser-blender\/\" \/>\n<meta property=\"og:locale\" content=\"tr_TR\" \/>\n<meta property=\"og:type\" content=\"article\" \/>\n<meta property=\"og:title\" content=\"Batidora, licuadora profesional de altas revoluciones\u00a0\" \/>\n<meta property=\"og:description\" content=\"Batidora, licuadora profesional de altas revoluciones Esta licuadora profesional ARC es multifuncional puede realizar batidos y zumos sencillos o incluso smoothies con pulpas congeladas o gran cantidad de hielo sin importar la dureza del producto. Adopta la tecnolog\u00eda m\u00e1s reciente de mezcla capaz de triturar con facilidad frutas duras, pulpas congeladas, hielo, cereales. La batidora cuenta con una pantalla digital para controlar el proceso y escoger la modalidad que m\u00e1s de adapte a su producto, es m\u00e1s silenciosa que una mezcladora tradicional gracias a una pantalla protectora que a su vez le asegura seguridad en caso de que el vaso mezclador seda. El motor de cobre de alta potencia de 1350 vatios garantiza una alta eficiencia de mezcla. Garant\u00eda\u00a0ARC 2 A\u00d1OS Molinillo el\u00e9ctrico eficiente, bajo consumo 1350w soporte t\u00e9cnico incluido\" \/>\n<meta property=\"og:url\" content=\"https:\/\/distribucionarc.com\/tr\/urun\/yuksek-devirli-profesyonel-mikser-blender\/\" \/>\n<meta property=\"og:site_name\" content=\"distribuci\u00f3n ARC\" \/>\n<meta property=\"article:modified_time\" content=\"2020-10-01T13:58:18+00:00\" \/>\n<meta property=\"og:image\" content=\"https:\/\/distribucionarc.com\/wp-content\/uploads\/2020\/09\/Batidora-licuadora-profesional-de-altas-revoluciones-0.jpg\" \/>\n\t<meta property=\"og:image:width\" content=\"1600\" \/>\n\t<meta property=\"og:image:height\" content=\"1600\" \/>\n\t<meta property=\"og:image:type\" content=\"image\/jpeg\" \/>\n<meta name=\"twitter:card\" content=\"summary_large_image\" \/>\n<meta name=\"twitter:label1\" content=\"Tahmini okuma s\u00fcresi\" \/>\n\t<meta name=\"twitter:data1\" content=\"1 dakika\" \/>\n<script type=\"application\/ld+json\" class=\"yoast-schema-graph\">{\"@context\":\"https:\/\/schema.org\",\"@graph\":[{\"@type\":\"WebPage\",\"@id\":\"https:\/\/distribucionarc.com\/lt\/producto\/batidora-licuadora-profesional-de-altas-revoluciones\/\",\"url\":\"https:\/\/distribucionarc.com\/lt\/producto\/batidora-licuadora-profesional-de-altas-revoluciones\/\",\"name\":\"Batidora, licuadora profesional de altas revoluciones\u00a0 - distribuci\u00f3n ARC\",\"isPartOf\":{\"@id\":\"https:\/\/distribucionarc.com\/de\/#website\"},\"primaryImageOfPage\":{\"@id\":\"https:\/\/distribucionarc.com\/lt\/producto\/batidora-licuadora-profesional-de-altas-revoluciones\/#primaryimage\"},\"image\":{\"@id\":\"https:\/\/distribucionarc.com\/lt\/producto\/batidora-licuadora-profesional-de-altas-revoluciones\/#primaryimage\"},\"thumbnailUrl\":\"https:\/\/distribucionarc.com\/wp-content\/uploads\/2020\/09\/Batidora-licuadora-profesional-de-altas-revoluciones-0.jpg\",\"datePublished\":\"2020-09-21T16:13:03+00:00\",\"dateModified\":\"2020-10-01T13:58:18+00:00\",\"breadcrumb\":{\"@id\":\"https:\/\/distribucionarc.com\/lt\/producto\/batidora-licuadora-profesional-de-altas-revoluciones\/#breadcrumb\"},\"inLanguage\":\"tr\",\"potentialAction\":[{\"@type\":\"ReadAction\",\"target\":[\"https:\/\/distribucionarc.com\/lt\/producto\/batidora-licuadora-profesional-de-altas-revoluciones\/\"]}]},{\"@type\":\"ImageObject\",\"inLanguage\":\"tr\",\"@id\":\"https:\/\/distribucionarc.com\/lt\/producto\/batidora-licuadora-profesional-de-altas-revoluciones\/#primaryimage\",\"url\":\"https:\/\/distribucionarc.com\/wp-content\/uploads\/2020\/09\/Batidora-licuadora-profesional-de-altas-revoluciones-0.jpg\",\"contentUrl\":\"https:\/\/distribucionarc.com\/wp-content\/uploads\/2020\/09\/Batidora-licuadora-profesional-de-altas-revoluciones-0.jpg\",\"width\":1600,\"height\":1600,\"caption\":\"Batidora, licuadora profesional de altas revoluciones\u00a0\"},{\"@type\":\"BreadcrumbList\",\"@id\":\"https:\/\/distribucionarc.com\/lt\/producto\/batidora-licuadora-profesional-de-altas-revoluciones\/#breadcrumb\",\"itemListElement\":[{\"@type\":\"ListItem\",\"position\":1,\"name\":\"Portada\",\"item\":\"https:\/\/distribucionarc.com\/pl\/\"},{\"@type\":\"ListItem\",\"position\":2,\"name\":\"Produkty\",\"item\":\"https:\/\/distribucionarc.com\/pl\/shop\/\"},{\"@type\":\"ListItem\",\"position\":3,\"name\":\"Batidora, licuadora profesional de altas revoluciones\u00a0\"}]},{\"@type\":\"WebSite\",\"@id\":\"https:\/\/distribucionarc.com\/de\/#website\",\"url\":\"https:\/\/distribucionarc.com\/de\/\",\"name\":\"distribuci\u00f3n ARC\",\"description\":\"Empresa especializada en la fabricaci\u00f3n y distribuci\u00f3n de maquinaria industrial, selladoras de latas, Maquinas de hacer pastillas, Maquinas de cortar carne...\",\"publisher\":{\"@id\":\"https:\/\/distribucionarc.com\/de\/#organization\"},\"potentialAction\":[{\"@type\":\"SearchAction\",\"target\":{\"@type\":\"EntryPoint\",\"urlTemplate\":\"https:\/\/distribucionarc.com\/de\/?s={search_term_string}\"},\"query-input\":{\"@type\":\"PropertyValueSpecification\",\"valueRequired\":true,\"valueName\":\"search_term_string\"}}],\"inLanguage\":\"tr\"},{\"@type\":\"Organization\",\"@id\":\"https:\/\/distribucionarc.com\/de\/#organization\",\"name\":\"Distribuci\u00f3n ARC\",\"url\":\"https:\/\/distribucionarc.com\/de\/\",\"logo\":{\"@type\":\"ImageObject\",\"inLanguage\":\"tr\",\"@id\":\"https:\/\/distribucionarc.com\/de\/#\/schema\/logo\/image\/\",\"url\":\"https:\/\/distribucionarc.com\/wp-content\/uploads\/2024\/10\/distribucion-ARC-COLOR-SIN-FONDO-e1732295305345.png\",\"contentUrl\":\"https:\/\/distribucionarc.com\/wp-content\/uploads\/2024\/10\/distribucion-ARC-COLOR-SIN-FONDO-e1732295305345.png\",\"width\":1164,\"height\":558,\"caption\":\"Distribuci\u00f3n ARC\"},\"image\":{\"@id\":\"https:\/\/distribucionarc.com\/de\/#\/schema\/logo\/image\/\"},\"description\":\"Empresa especializada en la fabricaci\u00f3n y distribuci\u00f3n de maquinaria industrial para los sectores alimentario y farmac\u00e9utico. Nos especializamos en: M\u00e1quinas de cortar carne Fabricaci\u00f3n de comprimidos Sistemas de transporte industrial L\u00edneas de embotellado Dosificadores Y mucho m\u00e1s... Ofrecemos soluciones innovadoras y personalizadas para optimizar los procesos productivos de tu empresa.\",\"email\":\"Admistracion@distribucionarc.com\",\"telephone\":\"+34 643496664\",\"legalName\":\"ARC TECH SOLUTIONS\",\"foundingDate\":\"2024-04-09\",\"vatID\":\"B55480172\",\"numberOfEmployees\":{\"@type\":\"QuantitativeValue\",\"minValue\":\"1\",\"maxValue\":\"10\"}}]}<\/script>\n<!-- \/ Yoast SEO Premium plugin. -->","yoast_head_json":{"title":"Blender, profesyonel y\u00fcksek h\u0131zl\u0131 blender - ARC da\u011f\u0131t\u0131m\u0131","robots":{"index":"index","follow":"follow","max-snippet":"max-snippet:-1","max-image-preview":"max-image-preview:large","max-video-preview":"max-video-preview:-1"},"canonical":"https:\/\/distribucionarc.com\/tr\/urun\/yuksek-devirli-profesyonel-mikser-blender\/","og_locale":"tr_TR","og_type":"article","og_title":"Batidora, licuadora profesional de altas revoluciones\u00a0","og_description":"Batidora, licuadora profesional de altas revoluciones Esta licuadora profesional ARC es multifuncional puede realizar batidos y zumos sencillos o incluso smoothies con pulpas congeladas o gran cantidad de hielo sin importar la dureza del producto. Adopta la tecnolog\u00eda m\u00e1s reciente de mezcla capaz de triturar con facilidad frutas duras, pulpas congeladas, hielo, cereales. La batidora cuenta con una pantalla digital para controlar el proceso y escoger la modalidad que m\u00e1s de adapte a su producto, es m\u00e1s silenciosa que una mezcladora tradicional gracias a una pantalla protectora que a su vez le asegura seguridad en caso de que el vaso mezclador seda. El motor de cobre de alta potencia de 1350 vatios garantiza una alta eficiencia de mezcla. Garant\u00eda\u00a0ARC 2 A\u00d1OS Molinillo el\u00e9ctrico eficiente, bajo consumo 1350w soporte t\u00e9cnico incluido","og_url":"https:\/\/distribucionarc.com\/tr\/urun\/yuksek-devirli-profesyonel-mikser-blender\/","og_site_name":"distribuci\u00f3n ARC","article_modified_time":"2020-10-01T13:58:18+00:00","og_image":[{"width":1600,"height":1600,"url":"https:\/\/distribucionarc.com\/wp-content\/uploads\/2020\/09\/Batidora-licuadora-profesional-de-altas-revoluciones-0.jpg","type":"image\/jpeg"}],"twitter_card":"summary_large_image","twitter_misc":{"Tahmini okuma s\u00fcresi":"1 dakika"},"schema":{"@context":"https:\/\/schema.org","@graph":[{"@type":"WebPage","@id":"https:\/\/distribucionarc.com\/lt\/producto\/batidora-licuadora-profesional-de-altas-revoluciones\/","url":"https:\/\/distribucionarc.com\/lt\/producto\/batidora-licuadora-profesional-de-altas-revoluciones\/","name":"Blender, profesyonel y\u00fcksek h\u0131zl\u0131 blender - ARC da\u011f\u0131t\u0131m\u0131","isPartOf":{"@id":"https:\/\/distribucionarc.com\/de\/#website"},"primaryImageOfPage":{"@id":"https:\/\/distribucionarc.com\/lt\/producto\/batidora-licuadora-profesional-de-altas-revoluciones\/#primaryimage"},"image":{"@id":"https:\/\/distribucionarc.com\/lt\/producto\/batidora-licuadora-profesional-de-altas-revoluciones\/#primaryimage"},"thumbnailUrl":"https:\/\/distribucionarc.com\/wp-content\/uploads\/2020\/09\/Batidora-licuadora-profesional-de-altas-revoluciones-0.jpg","datePublished":"2020-09-21T16:13:03+00:00","dateModified":"2020-10-01T13:58:18+00:00","breadcrumb":{"@id":"https:\/\/distribucionarc.com\/lt\/producto\/batidora-licuadora-profesional-de-altas-revoluciones\/#breadcrumb"},"inLanguage":"tr","potentialAction":[{"@type":"ReadAction","target":["https:\/\/distribucionarc.com\/lt\/producto\/batidora-licuadora-profesional-de-altas-revoluciones\/"]}]},{"@type":"ImageObject","inLanguage":"tr","@id":"https:\/\/distribucionarc.com\/lt\/producto\/batidora-licuadora-profesional-de-altas-revoluciones\/#primaryimage","url":"https:\/\/distribucionarc.com\/wp-content\/uploads\/2020\/09\/Batidora-licuadora-profesional-de-altas-revoluciones-0.jpg","contentUrl":"https:\/\/distribucionarc.com\/wp-content\/uploads\/2020\/09\/Batidora-licuadora-profesional-de-altas-revoluciones-0.jpg","width":1600,"height":1600,"caption":"Batidora, licuadora profesional de altas revoluciones\u00a0"},{"@type":"BreadcrumbList","@id":"https:\/\/distribucionarc.com\/lt\/producto\/batidora-licuadora-profesional-de-altas-revoluciones\/#breadcrumb","itemListElement":[{"@type":"ListItem","position":1,"name":"Portada","item":"https:\/\/distribucionarc.com\/pl\/"},{"@type":"ListItem","position":2,"name":"Produkty","item":"https:\/\/distribucionarc.com\/pl\/shop\/"},{"@type":"ListItem","position":3,"name":"Batidora, licuadora profesional de altas revoluciones\u00a0"}]},{"@type":"WebSite","@id":"https:\/\/distribucionarc.com\/de\/#website","url":"https:\/\/distribucionarc.com\/de\/","name":"ARC da\u011f\u0131t\u0131m\u0131","description":"End\u00fcstriyel makinelerin \u00fcretimi ve da\u011f\u0131t\u0131m\u0131 konusunda uzmanla\u015fm\u0131\u015f \u015firket, kutu m\u00fch\u00fcrleme makineleri, tablet yapma makineleri, et kesme makineleri...","publisher":{"@id":"https:\/\/distribucionarc.com\/de\/#organization"},"potentialAction":[{"@type":"SearchAction","target":{"@type":"EntryPoint","urlTemplate":"https:\/\/distribucionarc.com\/de\/?s={search_term_string}"},"query-input":{"@type":"PropertyValueSpecification","valueRequired":true,"valueName":"search_term_string"}}],"inLanguage":"tr"},{"@type":"Organization","@id":"https:\/\/distribucionarc.com\/de\/#organization","name":"ARC Da\u011f\u0131t\u0131m\u0131","url":"https:\/\/distribucionarc.com\/de\/","logo":{"@type":"ImageObject","inLanguage":"tr","@id":"https:\/\/distribucionarc.com\/de\/#\/schema\/logo\/image\/","url":"https:\/\/distribucionarc.com\/wp-content\/uploads\/2024\/10\/distribucion-ARC-COLOR-SIN-FONDO-e1732295305345.png","contentUrl":"https:\/\/distribucionarc.com\/wp-content\/uploads\/2024\/10\/distribucion-ARC-COLOR-SIN-FONDO-e1732295305345.png","width":1164,"height":558,"caption":"Distribuci\u00f3n ARC"},"image":{"@id":"https:\/\/distribucionarc.com\/de\/#\/schema\/logo\/image\/"},"description":"\u015eirket, g\u0131da ve ila\u00e7 sekt\u00f6rleri i\u00e7in end\u00fcstriyel makine \u00fcretimi ve da\u011f\u0131t\u0131m\u0131 konusunda uzmanla\u015fm\u0131\u015ft\u0131r. Uzmanl\u0131k alanlar\u0131m\u0131z Et kesme makineleri Tablet \u00fcretimi End\u00fcstriyel ta\u015f\u0131ma sistemleri \u015ei\u015feleme hatlar\u0131 Dozajlama makineleri Ve \u00e7ok daha fazlas\u0131... \u015eirketinizin \u00fcretim s\u00fcre\u00e7lerini optimize etmek i\u00e7in yenilik\u00e7i ve \u00f6zelle\u015ftirilmi\u015f \u00e7\u00f6z\u00fcmler sunuyoruz.","email":"Admistracion@distribucionarc.com","telephone":"+34 643496664","legalName":"ARC TECH SOLUTIONS","foundingDate":"2024-04-09","vatID":"B55480172","numberOfEmployees":{"@type":"QuantitativeValue","minValue":"1","maxValue":"10"}}]}},"_links":{"self":[{"href":"https:\/\/distribucionarc.com\/tr\/wp-json\/wp\/v2\/product\/3105","targetHints":{"allow":["GET"]}}],"collection":[{"href":"https:\/\/distribucionarc.com\/tr\/wp-json\/wp\/v2\/product"}],"about":[{"href":"https:\/\/distribucionarc.com\/tr\/wp-json\/wp\/v2\/types\/product"}],"replies":[{"embeddable":true,"href":"https:\/\/distribucionarc.com\/tr\/wp-json\/wp\/v2\/comments?post=3105"}],"version-history":[{"count":0,"href":"https:\/\/distribucionarc.com\/tr\/wp-json\/wp\/v2\/product\/3105\/revisions"}],"wp:featuredmedia":[{"embeddable":true,"href":"https:\/\/distribucionarc.com\/tr\/wp-json\/wp\/v2\/media\/3114"}],"wp:attachment":[{"href":"https:\/\/distribucionarc.com\/tr\/wp-json\/wp\/v2\/media?parent=3105"}],"wp:term":[{"taxonomy":"product_brand","embeddable":true,"href":"https:\/\/distribucionarc.com\/tr\/wp-json\/wp\/v2\/product_brand?post=3105"},{"taxonomy":"product_cat","embeddable":true,"href":"https:\/\/distribucionarc.com\/tr\/wp-json\/wp\/v2\/product_cat?post=3105"},{"taxonomy":"product_tag","embeddable":true,"href":"https:\/\/distribucionarc.com\/tr\/wp-json\/wp\/v2\/product_tag?post=3105"}],"curies":[{"name":"wp","href":"https:\/\/api.w.org\/{rel}","templated":true}]}}