{"id":3131,"date":"2020-10-01T15:46:09","date_gmt":"2020-10-01T15:46:09","guid":{"rendered":"https:\/\/distribucionarc.com\/?post_type=product&#038;p=3131"},"modified":"2023-01-12T02:47:55","modified_gmt":"2023-01-12T02:47:55","slug":"tekerlekli-sandalye-ile-merdiven-cikma","status":"publish","type":"product","link":"https:\/\/distribucionarc.com\/tr\/producto\/silla-de-ruedas-para-subir-escaleras\/","title":{"rendered":"Merdiven \u00e7\u0131kmak i\u00e7in tekerlekli sandalye"},"content":{"rendered":"<h3>Merdiven \u00e7\u0131kmak i\u00e7in tekerlekli sandalye<\/h3>\n<p>Koltu\u011fun ve arkal\u0131\u011f\u0131n <strong>tekerlekli sandalye <span style=\"color: #ff0000;\">\u0130LE<\/span><span style=\"color: #0000ff;\">R<\/span>C<\/strong> Kabar\u0131k, yumu\u015fak ve rahatt\u0131rlar, ayr\u0131ca sterilize edilmesi ve temizlenmesi de kolayd\u0131r. \u0130ki kemer, merdiven inip \u00e7\u0131karken kullan\u0131c\u0131lar\u0131n g\u00fcvenli\u011fini sa\u011flar. Katlanabilir kol dayana\u011f\u0131 ve ayak dayana\u011f\u0131 ergonomiktir.  160 kg&#039;a kadar b\u00fcy\u00fck kapasiteyi destekler<\/p>\n<p>Lastik izler kal\u0131nla\u015ft\u0131 ve uzad\u0131. Hafif bir bas\u0131\u015fla kolayca a\u00e7\u0131l\u0131r ve kapan\u0131rlar. Yer \u00e7ekimine kar\u015f\u0131 koymak ve s\u00fcrt\u00fcnmeyle ini\u015fi yava\u015flatmak i\u00e7in tasarlanm\u0131\u015flard\u0131r. Tekerlekler kau\u00e7uktan yap\u0131lm\u0131\u015ft\u0131r, \u00e7izilmeye kar\u015f\u0131 dayan\u0131kl\u0131 ve dayan\u0131kl\u0131d\u0131r.<\/p>\n<p>Arka taraf\u0131 <strong>tahliye koltu\u011fu <span style=\"color: #ff0000;\">\u0130LE<\/span><span style=\"color: #0000ff;\">R<\/span>CSRE1<\/strong> Konumlar\u0131na kilitlenen iki katlanm\u0131\u015f tutma yeri ile tasarlanm\u0131\u015ft\u0131r ve operat\u00f6rlerin g\u00fcvenli kullan\u0131m ve kolay y\u00f6nlendirme i\u00e7in kaymaz tutma yerlerine olanak tan\u0131r. Sandalyeyi kald\u0131rmak i\u00e7in kullan\u0131lan k\u0131rm\u0131z\u0131 d\u00fc\u011fmeye bas\u0131larak \u00f6n kollar geri \u00e7ekilebilir.<\/p>\n<h6><strong>Garanti\u00a0<\/strong><span style=\"color: #ff0000;\"><strong>\u0130LE<\/strong><span style=\"color: #0000ff;\"><strong>R<\/strong><\/span><\/span><strong>\u00c7 2 YIL<\/strong><\/h6>\n<h6><strong>teknik destek dahil<\/strong><\/h6>\n<p>&nbsp;<\/p>\n<table width=\"100%\">\n<tbody>\n<tr>\n<td>Adam:<\/td>\n<td width=\"50%\">Manuel<\/td>\n<td colspan=\"2\" width=\"327\"><\/td>\n<\/tr>\n<tr>\n<td>Da\u011f\u0131t\u0131m \u00fclkesi:<\/td>\n<td width=\"50%\">\u0130spanya, Almanya, ABD<\/td>\n<td>A\u011f\u0131rl\u0131k:<\/td>\n<td width=\"50%\">26 kg<\/td>\n<\/tr>\n<tr>\n<td>Marka:<\/td>\n<td width=\"50%\">ARK<\/td>\n<td>Y\u00fckseklik:<\/td>\n<td width=\"50%\">105cm<\/td>\n<\/tr>\n<tr>\n<td>Renk:<\/td>\n<td width=\"50%\">Sar\u0131, siyah<\/td>\n<td>Uzun:<\/td>\n<td width=\"50%\">\u00a074cm<\/td>\n<\/tr>\n<tr>\n<td>\u00dcr\u00fcn tipi:<\/td>\n<td width=\"50%\">merdiven tekerlekli sandalye<\/td>\n<td>Geni\u015f:<\/td>\n<td width=\"50%\">49cm<\/td>\n<\/tr>\n<tr>\n<td>\u00dcretici numaras\u0131:<\/td>\n<td width=\"50%\">ARCSRE1<\/td>\n<td>T\u0131rman\u0131c\u0131 t\u00fcr\u00fc:<\/td>\n<td width=\"50%\">g\u00fc\u00e7lendirilmi\u015f raylar<\/td>\n<\/tr>\n<tr>\n<td>Malzeme:<\/td>\n<td width=\"50%\">\u00a0al\u00fcminyum ala\u015f\u0131m\u0131, kal\u0131nla\u015ft\u0131r\u0131lm\u0131\u015f kau\u00e7uk<\/td>\n<td>Maksimum y\u00fckseklik:<\/td>\n<td width=\"50%\">162cm<\/td>\n<\/tr>\n<tr>\n<td>Garanti:<\/td>\n<td width=\"50%\">2 YIL<\/td>\n<td>Koltuk malzemesi:<\/td>\n<td width=\"50%\">Yast\u0131kl\u0131 k\u00f6p\u00fck<\/td>\n<\/tr>\n<tr>\n<td>Kurulum ara\u00e7lar\u0131:<\/td>\n<td width=\"50%\">Evet<\/td>\n<td>Tekerlek malzemesi:<\/td>\n<td width=\"50%\">lastik<\/td>\n<\/tr>\n<\/tbody>\n<\/table>","protected":false},"excerpt":{"rendered":"<h2>Merdiven \u00e7\u0131kmak i\u00e7in tekerlekli sandalye<\/h2>\n<p>Bununla <strong>tekerlekli sandalye <span style=\"color: #ff0000;\">\u0130LE<\/span><span style=\"color: #0000ff;\">R<\/span>C<\/strong> hastalar\u0131 dar alanlardan ve merdivenlerden yukar\u0131 veya a\u015fa\u011f\u0131, g\u00fcvenli ve verimli bir \u015fekilde ta\u015f\u0131yabilir. Sa\u011flam bir al\u00fcminyum \u00e7er\u00e7eveyle donat\u0131lm\u0131\u015f olup, en fazla deste\u011fi destekleyecek kadar g\u00fc\u00e7l\u00fcd\u00fcr. <strong>160kg<\/strong>. G\u00f6vde emniyet kemeri ve di\u011fer ergonomik tasar\u0131mlar kullan\u0131c\u0131lar\u0131n konforunu ve g\u00fcvenli\u011fini sa\u011flar. Farkl\u0131 i\u015flevlere sahip tutma yerleri bu manevray\u0131 yapman\u0131z\u0131 sa\u011flar <strong>merdiven sandalye<\/strong> kolayca.<\/p>\n<h6><strong>Garanti\u00a0<\/strong><span style=\"color: #ff0000;\"><strong>\u0130LE<\/strong><span style=\"color: #0000ff;\"><strong>R<\/strong><\/span><\/span><strong>\u00c7 2 YIL<\/strong><\/h6>\n<h6><strong>teknik destek dahil<\/strong><\/h6>","protected":false},"featured_media":3403,"comment_status":"open","ping_status":"closed","template":"","meta":{"wds_primary_product_brand":0,"wds_primary_product_cat":0},"product_brand":[],"product_cat":[69],"product_tag":[],"class_list":{"0":"post-3131","1":"product","2":"type-product","3":"status-publish","4":"has-post-thumbnail","6":"product_cat-maquinas-variadas","7":"product_shipping_class-express","9":"first","10":"instock","11":"taxable","12":"shipping-taxable","13":"purchasable","14":"product-type-simple"},"yoast_head":"<!-- This site is optimized with the Yoast SEO Premium plugin v24.9 (Yoast SEO v26.1) - https:\/\/yoast.com\/wordpress\/plugins\/seo\/ -->\n<title>Silla de ruedas para subir escaleras - distribuci\u00f3n ARC<\/title>\n<meta name=\"robots\" content=\"index, follow, max-snippet:-1, max-image-preview:large, max-video-preview:-1\" \/>\n<link rel=\"canonical\" href=\"https:\/\/www.distribucionarc.com\/el\/producto\/silla-de-ruedas-para-subir-escaleras\/\" \/>\n<meta property=\"og:locale\" content=\"tr_TR\" \/>\n<meta property=\"og:type\" content=\"article\" \/>\n<meta property=\"og:title\" content=\"Silla de ruedas para subir escaleras\" \/>\n<meta property=\"og:description\" content=\"Silla de ruedas para subir escaleras Con esta silla de ruedas ARC puede transportar pacientes a trav\u00e9s de espacios reducidos y subir o bajar escaleras, de manera segura adem\u00e1s de eficiente. Equipada con un robusto marco de aluminio es lo suficientemente fuerte como para soportar hasta 160 Kg. El cintur\u00f3n de seguridad para el cuerpo y otros dise\u00f1os ergon\u00f3micos garantizan la comodidad y seguridad de los usuarios. Los mangos de diferentes funciones permiten maniobrar esta silla para escaleras f\u00e1cilmente. Garant\u00eda\u00a0ARC 2 A\u00d1OS soporte t\u00e9cnico\u00a0incluido\" \/>\n<meta property=\"og:url\" content=\"https:\/\/www.distribucionarc.com\/el\/producto\/silla-de-ruedas-para-subir-escaleras\/\" \/>\n<meta property=\"og:site_name\" content=\"distribuci\u00f3n ARC\" \/>\n<meta property=\"article:modified_time\" content=\"2023-01-12T02:47:55+00:00\" \/>\n<meta property=\"og:image\" content=\"https:\/\/www.distribucionarc.com\/wp-content\/uploads\/2020\/10\/Silla-de-ruedas-para-subir-escaleras-0.jpg\" \/>\n\t<meta property=\"og:image:width\" content=\"1600\" \/>\n\t<meta property=\"og:image:height\" content=\"1600\" \/>\n\t<meta property=\"og:image:type\" content=\"image\/jpeg\" \/>\n<meta name=\"twitter:card\" content=\"summary_large_image\" \/>\n<meta name=\"twitter:label1\" content=\"Tahmini okuma s\u00fcresi\" \/>\n\t<meta name=\"twitter:data1\" content=\"1 dakika\" \/>\n<script type=\"application\/ld+json\" class=\"yoast-schema-graph\">{\"@context\":\"https:\/\/schema.org\",\"@graph\":[{\"@type\":\"WebPage\",\"@id\":\"https:\/\/www.distribucionarc.com\/el\/producto\/silla-de-ruedas-para-subir-escaleras\/\",\"url\":\"https:\/\/www.distribucionarc.com\/el\/producto\/silla-de-ruedas-para-subir-escaleras\/\",\"name\":\"Silla de ruedas para subir escaleras - distribuci\u00f3n ARC\",\"isPartOf\":{\"@id\":\"https:\/\/distribucionarc.com\/de\/#website\"},\"primaryImageOfPage\":{\"@id\":\"https:\/\/www.distribucionarc.com\/el\/producto\/silla-de-ruedas-para-subir-escaleras\/#primaryimage\"},\"image\":{\"@id\":\"https:\/\/www.distribucionarc.com\/el\/producto\/silla-de-ruedas-para-subir-escaleras\/#primaryimage\"},\"thumbnailUrl\":\"https:\/\/distribucionarc.com\/wp-content\/uploads\/2020\/10\/Silla-de-ruedas-para-subir-escaleras-0.jpg\",\"datePublished\":\"2020-10-01T15:46:09+00:00\",\"dateModified\":\"2023-01-12T02:47:55+00:00\",\"breadcrumb\":{\"@id\":\"https:\/\/www.distribucionarc.com\/el\/producto\/silla-de-ruedas-para-subir-escaleras\/#breadcrumb\"},\"inLanguage\":\"tr\",\"potentialAction\":[{\"@type\":\"ReadAction\",\"target\":[\"https:\/\/www.distribucionarc.com\/el\/producto\/silla-de-ruedas-para-subir-escaleras\/\"]}]},{\"@type\":\"ImageObject\",\"inLanguage\":\"tr\",\"@id\":\"https:\/\/www.distribucionarc.com\/el\/producto\/silla-de-ruedas-para-subir-escaleras\/#primaryimage\",\"url\":\"https:\/\/distribucionarc.com\/wp-content\/uploads\/2020\/10\/Silla-de-ruedas-para-subir-escaleras-0.jpg\",\"contentUrl\":\"https:\/\/distribucionarc.com\/wp-content\/uploads\/2020\/10\/Silla-de-ruedas-para-subir-escaleras-0.jpg\",\"width\":1600,\"height\":1600,\"caption\":\"Silla de ruedas para subir escaleras\"},{\"@type\":\"BreadcrumbList\",\"@id\":\"https:\/\/www.distribucionarc.com\/el\/producto\/silla-de-ruedas-para-subir-escaleras\/#breadcrumb\",\"itemListElement\":[{\"@type\":\"ListItem\",\"position\":1,\"name\":\"Portada\",\"item\":\"https:\/\/distribucionarc.com\/pl\/\"},{\"@type\":\"ListItem\",\"position\":2,\"name\":\"Produkty\",\"item\":\"https:\/\/distribucionarc.com\/pl\/shop\/\"},{\"@type\":\"ListItem\",\"position\":3,\"name\":\"Silla de ruedas para subir escaleras\"}]},{\"@type\":\"WebSite\",\"@id\":\"https:\/\/distribucionarc.com\/de\/#website\",\"url\":\"https:\/\/distribucionarc.com\/de\/\",\"name\":\"distribuci\u00f3n ARC\",\"description\":\"Empresa especializada en la fabricaci\u00f3n y distribuci\u00f3n de maquinaria industrial, selladoras de latas, Maquinas de hacer pastillas, Maquinas de cortar carne...\",\"publisher\":{\"@id\":\"https:\/\/distribucionarc.com\/de\/#organization\"},\"potentialAction\":[{\"@type\":\"SearchAction\",\"target\":{\"@type\":\"EntryPoint\",\"urlTemplate\":\"https:\/\/distribucionarc.com\/de\/?s={search_term_string}\"},\"query-input\":{\"@type\":\"PropertyValueSpecification\",\"valueRequired\":true,\"valueName\":\"search_term_string\"}}],\"inLanguage\":\"tr\"},{\"@type\":\"Organization\",\"@id\":\"https:\/\/distribucionarc.com\/de\/#organization\",\"name\":\"Distribuci\u00f3n ARC\",\"url\":\"https:\/\/distribucionarc.com\/de\/\",\"logo\":{\"@type\":\"ImageObject\",\"inLanguage\":\"tr\",\"@id\":\"https:\/\/distribucionarc.com\/de\/#\/schema\/logo\/image\/\",\"url\":\"https:\/\/distribucionarc.com\/wp-content\/uploads\/2024\/10\/distribucion-ARC-COLOR-SIN-FONDO-e1732295305345.png\",\"contentUrl\":\"https:\/\/distribucionarc.com\/wp-content\/uploads\/2024\/10\/distribucion-ARC-COLOR-SIN-FONDO-e1732295305345.png\",\"width\":1164,\"height\":558,\"caption\":\"Distribuci\u00f3n ARC\"},\"image\":{\"@id\":\"https:\/\/distribucionarc.com\/de\/#\/schema\/logo\/image\/\"},\"description\":\"Empresa especializada en la fabricaci\u00f3n y distribuci\u00f3n de maquinaria industrial para los sectores alimentario y farmac\u00e9utico. Nos especializamos en: M\u00e1quinas de cortar carne Fabricaci\u00f3n de comprimidos Sistemas de transporte industrial L\u00edneas de embotellado Dosificadores Y mucho m\u00e1s... Ofrecemos soluciones innovadoras y personalizadas para optimizar los procesos productivos de tu empresa.\",\"email\":\"Admistracion@distribucionarc.com\",\"telephone\":\"+34 643496664\",\"legalName\":\"ARC TECH SOLUTIONS\",\"foundingDate\":\"2024-04-09\",\"vatID\":\"B55480172\",\"numberOfEmployees\":{\"@type\":\"QuantitativeValue\",\"minValue\":\"1\",\"maxValue\":\"10\"}}]}<\/script>\n<!-- \/ Yoast SEO Premium plugin. -->","yoast_head_json":{"title":"Merdiven \u00e7\u0131kmak i\u00e7in tekerlekli sandalye - ARC da\u011f\u0131t\u0131m\u0131","robots":{"index":"index","follow":"follow","max-snippet":"max-snippet:-1","max-image-preview":"max-image-preview:large","max-video-preview":"max-video-preview:-1"},"canonical":"https:\/\/www.distribucionarc.com\/el\/producto\/silla-de-ruedas-para-subir-escaleras\/","og_locale":"tr_TR","og_type":"article","og_title":"Silla de ruedas para subir escaleras","og_description":"Silla de ruedas para subir escaleras Con esta silla de ruedas ARC puede transportar pacientes a trav\u00e9s de espacios reducidos y subir o bajar escaleras, de manera segura adem\u00e1s de eficiente. Equipada con un robusto marco de aluminio es lo suficientemente fuerte como para soportar hasta 160 Kg. El cintur\u00f3n de seguridad para el cuerpo y otros dise\u00f1os ergon\u00f3micos garantizan la comodidad y seguridad de los usuarios. Los mangos de diferentes funciones permiten maniobrar esta silla para escaleras f\u00e1cilmente. Garant\u00eda\u00a0ARC 2 A\u00d1OS soporte t\u00e9cnico\u00a0incluido","og_url":"https:\/\/www.distribucionarc.com\/el\/producto\/silla-de-ruedas-para-subir-escaleras\/","og_site_name":"distribuci\u00f3n ARC","article_modified_time":"2023-01-12T02:47:55+00:00","og_image":[{"width":1600,"height":1600,"url":"https:\/\/www.distribucionarc.com\/wp-content\/uploads\/2020\/10\/Silla-de-ruedas-para-subir-escaleras-0.jpg","type":"image\/jpeg"}],"twitter_card":"summary_large_image","twitter_misc":{"Tahmini okuma s\u00fcresi":"1 dakika"},"schema":{"@context":"https:\/\/schema.org","@graph":[{"@type":"WebPage","@id":"https:\/\/www.distribucionarc.com\/el\/producto\/silla-de-ruedas-para-subir-escaleras\/","url":"https:\/\/www.distribucionarc.com\/el\/producto\/silla-de-ruedas-para-subir-escaleras\/","name":"Merdiven \u00e7\u0131kmak i\u00e7in tekerlekli sandalye - ARC da\u011f\u0131t\u0131m\u0131","isPartOf":{"@id":"https:\/\/distribucionarc.com\/de\/#website"},"primaryImageOfPage":{"@id":"https:\/\/www.distribucionarc.com\/el\/producto\/silla-de-ruedas-para-subir-escaleras\/#primaryimage"},"image":{"@id":"https:\/\/www.distribucionarc.com\/el\/producto\/silla-de-ruedas-para-subir-escaleras\/#primaryimage"},"thumbnailUrl":"https:\/\/distribucionarc.com\/wp-content\/uploads\/2020\/10\/Silla-de-ruedas-para-subir-escaleras-0.jpg","datePublished":"2020-10-01T15:46:09+00:00","dateModified":"2023-01-12T02:47:55+00:00","breadcrumb":{"@id":"https:\/\/www.distribucionarc.com\/el\/producto\/silla-de-ruedas-para-subir-escaleras\/#breadcrumb"},"inLanguage":"tr","potentialAction":[{"@type":"ReadAction","target":["https:\/\/www.distribucionarc.com\/el\/producto\/silla-de-ruedas-para-subir-escaleras\/"]}]},{"@type":"ImageObject","inLanguage":"tr","@id":"https:\/\/www.distribucionarc.com\/el\/producto\/silla-de-ruedas-para-subir-escaleras\/#primaryimage","url":"https:\/\/distribucionarc.com\/wp-content\/uploads\/2020\/10\/Silla-de-ruedas-para-subir-escaleras-0.jpg","contentUrl":"https:\/\/distribucionarc.com\/wp-content\/uploads\/2020\/10\/Silla-de-ruedas-para-subir-escaleras-0.jpg","width":1600,"height":1600,"caption":"Silla de ruedas para subir escaleras"},{"@type":"BreadcrumbList","@id":"https:\/\/www.distribucionarc.com\/el\/producto\/silla-de-ruedas-para-subir-escaleras\/#breadcrumb","itemListElement":[{"@type":"ListItem","position":1,"name":"Portada","item":"https:\/\/distribucionarc.com\/pl\/"},{"@type":"ListItem","position":2,"name":"Produkty","item":"https:\/\/distribucionarc.com\/pl\/shop\/"},{"@type":"ListItem","position":3,"name":"Silla de ruedas para subir escaleras"}]},{"@type":"WebSite","@id":"https:\/\/distribucionarc.com\/de\/#website","url":"https:\/\/distribucionarc.com\/de\/","name":"ARC da\u011f\u0131t\u0131m\u0131","description":"End\u00fcstriyel makinelerin \u00fcretimi ve da\u011f\u0131t\u0131m\u0131 konusunda uzmanla\u015fm\u0131\u015f \u015firket, kutu m\u00fch\u00fcrleme makineleri, tablet yapma makineleri, et kesme makineleri...","publisher":{"@id":"https:\/\/distribucionarc.com\/de\/#organization"},"potentialAction":[{"@type":"SearchAction","target":{"@type":"EntryPoint","urlTemplate":"https:\/\/distribucionarc.com\/de\/?s={search_term_string}"},"query-input":{"@type":"PropertyValueSpecification","valueRequired":true,"valueName":"search_term_string"}}],"inLanguage":"tr"},{"@type":"Organization","@id":"https:\/\/distribucionarc.com\/de\/#organization","name":"ARC Da\u011f\u0131t\u0131m\u0131","url":"https:\/\/distribucionarc.com\/de\/","logo":{"@type":"ImageObject","inLanguage":"tr","@id":"https:\/\/distribucionarc.com\/de\/#\/schema\/logo\/image\/","url":"https:\/\/distribucionarc.com\/wp-content\/uploads\/2024\/10\/distribucion-ARC-COLOR-SIN-FONDO-e1732295305345.png","contentUrl":"https:\/\/distribucionarc.com\/wp-content\/uploads\/2024\/10\/distribucion-ARC-COLOR-SIN-FONDO-e1732295305345.png","width":1164,"height":558,"caption":"Distribuci\u00f3n ARC"},"image":{"@id":"https:\/\/distribucionarc.com\/de\/#\/schema\/logo\/image\/"},"description":"\u015eirket, g\u0131da ve ila\u00e7 sekt\u00f6rleri i\u00e7in end\u00fcstriyel makine \u00fcretimi ve da\u011f\u0131t\u0131m\u0131 konusunda uzmanla\u015fm\u0131\u015ft\u0131r. Uzmanl\u0131k alanlar\u0131m\u0131z Et kesme makineleri Tablet \u00fcretimi End\u00fcstriyel ta\u015f\u0131ma sistemleri \u015ei\u015feleme hatlar\u0131 Dozajlama makineleri Ve \u00e7ok daha fazlas\u0131... \u015eirketinizin \u00fcretim s\u00fcre\u00e7lerini optimize etmek i\u00e7in yenilik\u00e7i ve \u00f6zelle\u015ftirilmi\u015f \u00e7\u00f6z\u00fcmler sunuyoruz.","email":"Admistracion@distribucionarc.com","telephone":"+34 643496664","legalName":"ARC TECH SOLUTIONS","foundingDate":"2024-04-09","vatID":"B55480172","numberOfEmployees":{"@type":"QuantitativeValue","minValue":"1","maxValue":"10"}}]}},"_links":{"self":[{"href":"https:\/\/distribucionarc.com\/tr\/wp-json\/wp\/v2\/product\/3131","targetHints":{"allow":["GET"]}}],"collection":[{"href":"https:\/\/distribucionarc.com\/tr\/wp-json\/wp\/v2\/product"}],"about":[{"href":"https:\/\/distribucionarc.com\/tr\/wp-json\/wp\/v2\/types\/product"}],"replies":[{"embeddable":true,"href":"https:\/\/distribucionarc.com\/tr\/wp-json\/wp\/v2\/comments?post=3131"}],"version-history":[{"count":0,"href":"https:\/\/distribucionarc.com\/tr\/wp-json\/wp\/v2\/product\/3131\/revisions"}],"wp:featuredmedia":[{"embeddable":true,"href":"https:\/\/distribucionarc.com\/tr\/wp-json\/wp\/v2\/media\/3403"}],"wp:attachment":[{"href":"https:\/\/distribucionarc.com\/tr\/wp-json\/wp\/v2\/media?parent=3131"}],"wp:term":[{"taxonomy":"product_brand","embeddable":true,"href":"https:\/\/distribucionarc.com\/tr\/wp-json\/wp\/v2\/product_brand?post=3131"},{"taxonomy":"product_cat","embeddable":true,"href":"https:\/\/distribucionarc.com\/tr\/wp-json\/wp\/v2\/product_cat?post=3131"},{"taxonomy":"product_tag","embeddable":true,"href":"https:\/\/distribucionarc.com\/tr\/wp-json\/wp\/v2\/product_tag?post=3131"}],"curies":[{"name":"wp","href":"https:\/\/api.w.org\/{rel}","templated":true}]}}