{"id":3443,"date":"2020-10-02T14:44:31","date_gmt":"2020-10-02T14:44:31","guid":{"rendered":"https:\/\/distribucionarc.com\/?post_type=product&#038;p=3443"},"modified":"2020-10-03T10:37:08","modified_gmt":"2020-10-03T10:37:08","slug":"havasiz-boya-puskurtucu","status":"publish","type":"product","link":"https:\/\/distribucionarc.com\/tr\/producto\/pulverizador-de-pintura-sin-aire\/","title":{"rendered":"Havas\u0131z boya p\u00fcsk\u00fcrt\u00fcc\u00fc"},"content":{"rendered":"<h3>Havas\u0131z boya p\u00fcsk\u00fcrt\u00fcc\u00fc<\/h3>\n<p>Bu<strong> duvar boyas\u0131 tabancas\u0131 <span style=\"color: #0000ff;\"><span style=\"color: #ff0000;\">\u0130LE<\/span>R<\/span>C<\/strong> Y\u00fcksek kaliteli paslanmaz \u00e7elikten yap\u0131lm\u0131\u015f, paslanmaya dayan\u0131kl\u0131 ve dayan\u0131kl\u0131d\u0131r. T\u00fcm bile\u015fenler uzun s\u00fcre dayanacak \u015fekilde \u00fcretilmi\u015ftir.  \u00c7\u0131kar\u0131labilir tasar\u0131m, p\u00fcsk\u00fcrtme sonras\u0131nda h\u0131zl\u0131 ve kolay temizlik sa\u011flar. Otomatik durdurma i\u015flevine sahip bu duvar boya tabancas\u0131n\u0131n kullan\u0131m\u0131 da kolayd\u0131r.<\/p>\n<p>S\u00fcper g\u00fc\u00e7l\u00fc 1650W f\u0131r\u00e7as\u0131z motorla donat\u0131lm\u0131\u015f bu motor <strong>havas\u0131z boya tabancas\u0131 <span style=\"color: #ff0000;\">\u0130LE<\/span><span style=\"color: #0000ff;\">R<\/span>CPPA18<\/strong> y\u00fcksek dayan\u0131kl\u0131l\u0131k sa\u011flar. \u0130\u015f verimlili\u011finizi b\u00fcy\u00fck \u00f6l\u00e7\u00fcde art\u0131r\u0131n ve de\u011ferli zaman\u0131n\u0131zdan tasarruf edin. 80%&#039;ye (hava spreyi 30%) g\u00f6re daha y\u00fcksek verimli kaplama, ham maddeden tasarruf sa\u011flar.<\/p>\n<p>Bizim <strong>duvar boyas\u0131 p\u00fcsk\u00fcrt\u00fcc\u00fc<\/strong> Maksimum y\u00fck kapasitesine sahiptir ve havas\u0131z p\u00fcsk\u00fcrtme makinesi, su ve ya\u011f bazl\u0131 i\u00e7 ve d\u0131\u015f cephe boyalar\u0131 da dahil olmak \u00fczere boyama malzemeleri i\u00e7in uygundur. Y\u00fcksek bas\u0131n\u00e7, y\u00fcksek ge\u00e7irgenlik, duvar g\u00f6vdesi ile mekanik \u0131s\u0131rma kaplamas\u0131n\u0131 artt\u0131r\u0131r, kabarc\u0131klar\u0131n, \u00e7atlaklar\u0131n ve di\u011fer sorunlar\u0131n kaplamas\u0131n\u0131 daha iyi \u00e7\u00f6zer.<\/p>\n<h6><strong>Garanti\u00a0<span style=\"color: #ff0000;\">\u0130LE<\/span><span style=\"color: #0000ff;\">R<\/span>\u00c7 2 YIL<\/strong><\/h6>\n<h6><span style=\"color: #008000;\"><strong>Verimli havas\u0131z duvar tabancas\u0131, d\u00fc\u015f\u00fck t\u00fcketim 1650w<\/strong><\/span><\/h6>\n<h6><strong>teknik destek dahildir.<\/strong><\/h6>\n<p>&nbsp;<\/p>\n<table role=\"presentation\" width=\"100%\" cellspacing=\"0\" cellpadding=\"0\">\n<tbody>\n<tr>\n<td class=\"attrLabels\">Marka:<\/td>\n<td width=\"50.0%\">ARK<\/td>\n<\/tr>\n<tr>\n<td class=\"attrLabels\">Da\u011f\u0131t\u0131m \u00fclkesi:<\/td>\n<td width=\"50.0%\">\u0130spanya, Almanya, ABD<\/td>\n<td class=\"attrLabels\">A\u011f\u0131rl\u0131k:<\/td>\n<td width=\"50.0%\">18 kg<\/td>\n<\/tr>\n<tr>\n<td class=\"attrLabels\">\u00dcr\u00fcn tipi:<\/td>\n<td width=\"50.0%\">Havas\u0131z p\u00fcsk\u00fcrt\u00fcc\u00fc<\/td>\n<td class=\"attrLabels\">Y\u00fckseklik:<\/td>\n<td width=\"50.0%\">42,5 cm<\/td>\n<\/tr>\n<tr>\n<td class=\"attrLabels\">Renk:<\/td>\n<td width=\"50.0%\">k\u0131rm\u0131z\u0131, siyah<\/td>\n<td class=\"attrLabels\">Uzun:<\/td>\n<td width=\"50.0%\">40,8 cm<\/td>\n<\/tr>\n<tr>\n<td class=\"attrLabels\">\u00dcretici numaras\u0131:<\/td>\n<td width=\"50.0%\">ARCPPA18<\/td>\n<td class=\"attrLabels\">Geni\u015f:<\/td>\n<td width=\"50.0%\">12&quot;<\/td>\n<\/tr>\n<tr>\n<td class=\"attrLabels\">Garanti:<\/td>\n<td width=\"50.0%\">2 Y\u0131l<\/td>\n<td class=\"attrLabels\">Silah bas\u0131nc\u0131:<\/td>\n<td width=\"50.0%\">2800psi<\/td>\n<\/tr>\n<tr>\n<td class=\"attrLabels\">Malzeme:<\/td>\n<td width=\"50.0%\">paslanmaz \u00e7elik, verimli motor<\/td>\n<td class=\"attrLabels\">P\u00fcsk\u00fcrtme mesafesi:<\/td>\n<td width=\"50.0%\">35cm<\/td>\n<\/tr>\n<tr>\n<td class=\"attrLabels\">\u00a0G\u00fc\u00e7:<\/td>\n<td width=\"50.0%\">1650W<\/td>\n<td class=\"attrLabels\">Sprey Geni\u015fli\u011fi:<\/td>\n<td width=\"50.0%\">30cm<\/td>\n<\/tr>\n<tr>\n<td class=\"attrLabels\">Giri\u015f voltaj\u0131:<\/td>\n<td width=\"50.0%\">220V \u2013 50Hz<\/td>\n<td class=\"attrLabels\">Ak\u0131\u015f:<\/td>\n<td width=\"50.0%\">Dakikada 2,3 L<\/td>\n<\/tr>\n<\/tbody>\n<\/table>\n<p>&nbsp;<\/p>","protected":false},"excerpt":{"rendered":"<h2>Havas\u0131z boya p\u00fcsk\u00fcrt\u00fcc\u00fc<\/h2>\n<p>Bu <strong>boya tabancas\u0131<\/strong> duvar <strong>havas\u0131z<span style=\"color: #ff0000;\"> \u0130LE<\/span><span style=\"color: #0000ff;\">R<\/span>C<\/strong> Y\u00fcksek verimli teknoloji ile \u00fcretilmi\u015ftir. S\u00fcper g\u00fc\u00e7l\u00fc 1650 W f\u0131r\u00e7as\u0131z motora sahiptir, son derece sessizdir ve uzun kullan\u0131m \u00f6mr\u00fc sa\u011flar. S\u0131\u011f\u0131r derisi conta halkas\u0131, a\u015f\u0131nmaya dayan\u0131kl\u0131.  \u00c7\u0131kar\u0131labilir tasar\u0131m, p\u00fcsk\u00fcrtme sonras\u0131nda h\u0131zl\u0131 ve kolay temizlik sa\u011flar. 1000 ml&#039;lik haznesi sayesinde s\u0131k s\u0131k boya eklemenize gerek kalmaz.<\/p>\n<h6><strong>Garanti\u00a0<span style=\"color: #ff0000;\">\u0130LE<\/span><span style=\"color: #0000ff;\">R<\/span>\u00c7 2 YIL<\/strong><\/h6>\n<h6><span style=\"color: #008000;\"><strong>Verimli havas\u0131z duvar tabancas\u0131, d\u00fc\u015f\u00fck t\u00fcketim 1650w<\/strong><\/span><\/h6>\n<h6><strong>teknik destek dahildir.<\/strong><\/h6>\n<p>&nbsp;<\/p>\n<p>&nbsp;<\/p>","protected":false},"featured_media":3449,"comment_status":"open","ping_status":"closed","template":"","meta":{"wds_primary_product_brand":0,"wds_primary_product_cat":0},"product_brand":[],"product_cat":[71,69],"product_tag":[],"class_list":{"0":"post-3443","1":"product","2":"type-product","3":"status-publish","4":"has-post-thumbnail","6":"product_cat-maquinas-para-pintar","7":"product_cat-maquinas-variadas","8":"product_shipping_class-hosteleria","10":"first","11":"instock","12":"sale","13":"taxable","14":"shipping-taxable","15":"purchasable","16":"product-type-simple"},"yoast_head":"<!-- This site is optimized with the Yoast SEO Premium plugin v24.9 (Yoast SEO v26.1) - https:\/\/yoast.com\/wordpress\/plugins\/seo\/ -->\n<title>Pulverizador de pintura sin aire - distribuci\u00f3n ARC<\/title>\n<meta name=\"robots\" content=\"index, follow, max-snippet:-1, max-image-preview:large, max-video-preview:-1\" \/>\n<link rel=\"canonical\" href=\"https:\/\/distribucionarc.com\/tr\/urun\/havasiz-boya-puskurtucu\/\" \/>\n<meta property=\"og:locale\" content=\"tr_TR\" \/>\n<meta property=\"og:type\" content=\"article\" \/>\n<meta property=\"og:title\" content=\"Pulverizador de pintura sin aire\" \/>\n<meta property=\"og:description\" content=\"Pulverizador de pintura sin aire Esta pistola de pintura de pared sin aire ARC est\u00e1 fabricada con tecnolog\u00eda de alta eficiencia. Cuenta con un motor sin escobillas de 1650 W superpotente, ultra silencioso y le asegura una larga vida \u00fatil. Anillo de sello de piel de vaca, resistente al desgaste. \u00a0El dise\u00f1o desmontable ofrece una limpieza r\u00e1pida y sencilla despu\u00e9s de la pulverizaci\u00f3n. Con el recipiente de 1000 ml, no es necesario agregar la pintura con frecuencia. Garant\u00eda\u00a0ARC 2 A\u00d1OS Pistola de pared sin aire eficiente, bajo consumo 1650w soporte t\u00e9cnico incluido. &nbsp;  &nbsp;\" \/>\n<meta property=\"og:url\" content=\"https:\/\/distribucionarc.com\/tr\/urun\/havasiz-boya-puskurtucu\/\" \/>\n<meta property=\"og:site_name\" content=\"distribuci\u00f3n ARC\" \/>\n<meta property=\"article:modified_time\" content=\"2020-10-03T10:37:08+00:00\" \/>\n<meta property=\"og:image\" content=\"https:\/\/distribucionarc.com\/wp-content\/uploads\/2020\/10\/Pulverizador-de-pintura-sin-aire-0.jpg\" \/>\n\t<meta property=\"og:image:width\" content=\"1001\" \/>\n\t<meta property=\"og:image:height\" content=\"1001\" \/>\n\t<meta property=\"og:image:type\" content=\"image\/jpeg\" \/>\n<meta name=\"twitter:card\" content=\"summary_large_image\" \/>\n<meta name=\"twitter:label1\" content=\"Tahmini okuma s\u00fcresi\" \/>\n\t<meta name=\"twitter:data1\" content=\"1 dakika\" \/>\n<script type=\"application\/ld+json\" class=\"yoast-schema-graph\">{\"@context\":\"https:\/\/schema.org\",\"@graph\":[{\"@type\":\"WebPage\",\"@id\":\"https:\/\/distribucionarc.com\/ro\/producto\/pulverizador-de-pintura-sin-aire\/\",\"url\":\"https:\/\/distribucionarc.com\/ro\/producto\/pulverizador-de-pintura-sin-aire\/\",\"name\":\"Pulverizador de pintura sin aire - distribuci\u00f3n ARC\",\"isPartOf\":{\"@id\":\"https:\/\/www.distribucionarc.com\/tr\/#website\"},\"primaryImageOfPage\":{\"@id\":\"https:\/\/distribucionarc.com\/ro\/producto\/pulverizador-de-pintura-sin-aire\/#primaryimage\"},\"image\":{\"@id\":\"https:\/\/distribucionarc.com\/ro\/producto\/pulverizador-de-pintura-sin-aire\/#primaryimage\"},\"thumbnailUrl\":\"https:\/\/distribucionarc.com\/wp-content\/uploads\/2020\/10\/Pulverizador-de-pintura-sin-aire-0.jpg\",\"datePublished\":\"2020-10-02T14:44:31+00:00\",\"dateModified\":\"2020-10-03T10:37:08+00:00\",\"breadcrumb\":{\"@id\":\"https:\/\/distribucionarc.com\/ro\/producto\/pulverizador-de-pintura-sin-aire\/#breadcrumb\"},\"inLanguage\":\"tr\",\"potentialAction\":[{\"@type\":\"ReadAction\",\"target\":[\"https:\/\/distribucionarc.com\/ro\/producto\/pulverizador-de-pintura-sin-aire\/\"]}]},{\"@type\":\"ImageObject\",\"inLanguage\":\"tr\",\"@id\":\"https:\/\/distribucionarc.com\/ro\/producto\/pulverizador-de-pintura-sin-aire\/#primaryimage\",\"url\":\"https:\/\/distribucionarc.com\/wp-content\/uploads\/2020\/10\/Pulverizador-de-pintura-sin-aire-0.jpg\",\"contentUrl\":\"https:\/\/distribucionarc.com\/wp-content\/uploads\/2020\/10\/Pulverizador-de-pintura-sin-aire-0.jpg\",\"width\":1001,\"height\":1001,\"caption\":\"Pulverizador de pintura sin aire\"},{\"@type\":\"BreadcrumbList\",\"@id\":\"https:\/\/distribucionarc.com\/ro\/producto\/pulverizador-de-pintura-sin-aire\/#breadcrumb\",\"itemListElement\":[{\"@type\":\"ListItem\",\"position\":1,\"name\":\"Portada\",\"item\":\"https:\/\/www.distribucionarc.com\/tr\/\"},{\"@type\":\"ListItem\",\"position\":2,\"name\":\"Produktai\",\"item\":\"https:\/\/distribucionarc.com\/lt\/parduotuve\/\"},{\"@type\":\"ListItem\",\"position\":3,\"name\":\"Pulverizador de pintura sin aire\"}]},{\"@type\":\"WebSite\",\"@id\":\"https:\/\/www.distribucionarc.com\/tr\/#website\",\"url\":\"https:\/\/www.distribucionarc.com\/tr\/\",\"name\":\"distribuci\u00f3n ARC\",\"description\":\"Empresa especializada en la fabricaci\u00f3n y distribuci\u00f3n de maquinaria industrial, selladoras de latas, Maquinas de hacer pastillas, Maquinas de cortar carne...\",\"publisher\":{\"@id\":\"https:\/\/www.distribucionarc.com\/tr\/#organization\"},\"potentialAction\":[{\"@type\":\"SearchAction\",\"target\":{\"@type\":\"EntryPoint\",\"urlTemplate\":\"https:\/\/www.distribucionarc.com\/tr\/?s={search_term_string}\"},\"query-input\":{\"@type\":\"PropertyValueSpecification\",\"valueRequired\":true,\"valueName\":\"search_term_string\"}}],\"inLanguage\":\"tr\"},{\"@type\":\"Organization\",\"@id\":\"https:\/\/www.distribucionarc.com\/tr\/#organization\",\"name\":\"Distribuci\u00f3n ARC\",\"url\":\"https:\/\/www.distribucionarc.com\/tr\/\",\"logo\":{\"@type\":\"ImageObject\",\"inLanguage\":\"tr\",\"@id\":\"https:\/\/www.distribucionarc.com\/tr\/#\/schema\/logo\/image\/\",\"url\":\"https:\/\/distribucionarc.com\/wp-content\/uploads\/2024\/10\/distribucion-ARC-COLOR-SIN-FONDO-e1732295305345.png\",\"contentUrl\":\"https:\/\/distribucionarc.com\/wp-content\/uploads\/2024\/10\/distribucion-ARC-COLOR-SIN-FONDO-e1732295305345.png\",\"width\":1164,\"height\":558,\"caption\":\"Distribuci\u00f3n ARC\"},\"image\":{\"@id\":\"https:\/\/www.distribucionarc.com\/tr\/#\/schema\/logo\/image\/\"},\"description\":\"Empresa especializada en la fabricaci\u00f3n y distribuci\u00f3n de maquinaria industrial para los sectores alimentario y farmac\u00e9utico. Nos especializamos en: M\u00e1quinas de cortar carne Fabricaci\u00f3n de comprimidos Sistemas de transporte industrial L\u00edneas de embotellado Dosificadores Y mucho m\u00e1s... Ofrecemos soluciones innovadoras y personalizadas para optimizar los procesos productivos de tu empresa.\",\"email\":\"Admistracion@distribucionarc.com\",\"telephone\":\"+34 643496664\",\"legalName\":\"ARC TECH SOLUTIONS\",\"foundingDate\":\"2024-04-09\",\"vatID\":\"B55480172\",\"numberOfEmployees\":{\"@type\":\"QuantitativeValue\",\"minValue\":\"1\",\"maxValue\":\"10\"}}]}<\/script>\n<!-- \/ Yoast SEO Premium plugin. -->","yoast_head_json":{"title":"Havas\u0131z boya p\u00fcsk\u00fcrtme makinesi - ARC da\u011f\u0131t\u0131m\u0131","robots":{"index":"index","follow":"follow","max-snippet":"max-snippet:-1","max-image-preview":"max-image-preview:large","max-video-preview":"max-video-preview:-1"},"canonical":"https:\/\/distribucionarc.com\/tr\/urun\/havasiz-boya-puskurtucu\/","og_locale":"tr_TR","og_type":"article","og_title":"Pulverizador de pintura sin aire","og_description":"Pulverizador de pintura sin aire Esta pistola de pintura de pared sin aire ARC est\u00e1 fabricada con tecnolog\u00eda de alta eficiencia. Cuenta con un motor sin escobillas de 1650 W superpotente, ultra silencioso y le asegura una larga vida \u00fatil. Anillo de sello de piel de vaca, resistente al desgaste. \u00a0El dise\u00f1o desmontable ofrece una limpieza r\u00e1pida y sencilla despu\u00e9s de la pulverizaci\u00f3n. Con el recipiente de 1000 ml, no es necesario agregar la pintura con frecuencia. Garant\u00eda\u00a0ARC 2 A\u00d1OS Pistola de pared sin aire eficiente, bajo consumo 1650w soporte t\u00e9cnico incluido. &nbsp;  &nbsp;","og_url":"https:\/\/distribucionarc.com\/tr\/urun\/havasiz-boya-puskurtucu\/","og_site_name":"distribuci\u00f3n ARC","article_modified_time":"2020-10-03T10:37:08+00:00","og_image":[{"width":1001,"height":1001,"url":"https:\/\/distribucionarc.com\/wp-content\/uploads\/2020\/10\/Pulverizador-de-pintura-sin-aire-0.jpg","type":"image\/jpeg"}],"twitter_card":"summary_large_image","twitter_misc":{"Tahmini okuma s\u00fcresi":"1 dakika"},"schema":{"@context":"https:\/\/schema.org","@graph":[{"@type":"WebPage","@id":"https:\/\/distribucionarc.com\/ro\/producto\/pulverizador-de-pintura-sin-aire\/","url":"https:\/\/distribucionarc.com\/ro\/producto\/pulverizador-de-pintura-sin-aire\/","name":"Havas\u0131z boya p\u00fcsk\u00fcrtme makinesi - ARC da\u011f\u0131t\u0131m\u0131","isPartOf":{"@id":"https:\/\/www.distribucionarc.com\/tr\/#website"},"primaryImageOfPage":{"@id":"https:\/\/distribucionarc.com\/ro\/producto\/pulverizador-de-pintura-sin-aire\/#primaryimage"},"image":{"@id":"https:\/\/distribucionarc.com\/ro\/producto\/pulverizador-de-pintura-sin-aire\/#primaryimage"},"thumbnailUrl":"https:\/\/distribucionarc.com\/wp-content\/uploads\/2020\/10\/Pulverizador-de-pintura-sin-aire-0.jpg","datePublished":"2020-10-02T14:44:31+00:00","dateModified":"2020-10-03T10:37:08+00:00","breadcrumb":{"@id":"https:\/\/distribucionarc.com\/ro\/producto\/pulverizador-de-pintura-sin-aire\/#breadcrumb"},"inLanguage":"tr","potentialAction":[{"@type":"ReadAction","target":["https:\/\/distribucionarc.com\/ro\/producto\/pulverizador-de-pintura-sin-aire\/"]}]},{"@type":"ImageObject","inLanguage":"tr","@id":"https:\/\/distribucionarc.com\/ro\/producto\/pulverizador-de-pintura-sin-aire\/#primaryimage","url":"https:\/\/distribucionarc.com\/wp-content\/uploads\/2020\/10\/Pulverizador-de-pintura-sin-aire-0.jpg","contentUrl":"https:\/\/distribucionarc.com\/wp-content\/uploads\/2020\/10\/Pulverizador-de-pintura-sin-aire-0.jpg","width":1001,"height":1001,"caption":"Pulverizador de pintura sin aire"},{"@type":"BreadcrumbList","@id":"https:\/\/distribucionarc.com\/ro\/producto\/pulverizador-de-pintura-sin-aire\/#breadcrumb","itemListElement":[{"@type":"ListItem","position":1,"name":"Portada","item":"https:\/\/www.distribucionarc.com\/tr\/"},{"@type":"ListItem","position":2,"name":"Produktai","item":"https:\/\/distribucionarc.com\/lt\/parduotuve\/"},{"@type":"ListItem","position":3,"name":"Pulverizador de pintura sin aire"}]},{"@type":"WebSite","@id":"https:\/\/www.distribucionarc.com\/tr\/#website","url":"https:\/\/www.distribucionarc.com\/tr\/","name":"ARC da\u011f\u0131t\u0131m\u0131","description":"End\u00fcstriyel makinelerin \u00fcretimi ve da\u011f\u0131t\u0131m\u0131 konusunda uzmanla\u015fm\u0131\u015f \u015firket, kutu m\u00fch\u00fcrleme makineleri, tablet yapma makineleri, et kesme makineleri...","publisher":{"@id":"https:\/\/www.distribucionarc.com\/tr\/#organization"},"potentialAction":[{"@type":"SearchAction","target":{"@type":"EntryPoint","urlTemplate":"https:\/\/www.distribucionarc.com\/tr\/?s={search_term_string}"},"query-input":{"@type":"PropertyValueSpecification","valueRequired":true,"valueName":"search_term_string"}}],"inLanguage":"tr"},{"@type":"Organization","@id":"https:\/\/www.distribucionarc.com\/tr\/#organization","name":"ARC Da\u011f\u0131t\u0131m\u0131","url":"https:\/\/www.distribucionarc.com\/tr\/","logo":{"@type":"ImageObject","inLanguage":"tr","@id":"https:\/\/www.distribucionarc.com\/tr\/#\/schema\/logo\/image\/","url":"https:\/\/distribucionarc.com\/wp-content\/uploads\/2024\/10\/distribucion-ARC-COLOR-SIN-FONDO-e1732295305345.png","contentUrl":"https:\/\/distribucionarc.com\/wp-content\/uploads\/2024\/10\/distribucion-ARC-COLOR-SIN-FONDO-e1732295305345.png","width":1164,"height":558,"caption":"Distribuci\u00f3n ARC"},"image":{"@id":"https:\/\/www.distribucionarc.com\/tr\/#\/schema\/logo\/image\/"},"description":"\u015eirket, g\u0131da ve ila\u00e7 sekt\u00f6rleri i\u00e7in end\u00fcstriyel makine \u00fcretimi ve da\u011f\u0131t\u0131m\u0131 konusunda uzmanla\u015fm\u0131\u015ft\u0131r. Uzmanl\u0131k alanlar\u0131m\u0131z Et kesme makineleri Tablet \u00fcretimi End\u00fcstriyel ta\u015f\u0131ma sistemleri \u015ei\u015feleme hatlar\u0131 Dozajlama makineleri Ve \u00e7ok daha fazlas\u0131... \u015eirketinizin \u00fcretim s\u00fcre\u00e7lerini optimize etmek i\u00e7in yenilik\u00e7i ve \u00f6zelle\u015ftirilmi\u015f \u00e7\u00f6z\u00fcmler sunuyoruz.","email":"Admistracion@distribucionarc.com","telephone":"+34 643496664","legalName":"ARC TECH SOLUTIONS","foundingDate":"2024-04-09","vatID":"B55480172","numberOfEmployees":{"@type":"QuantitativeValue","minValue":"1","maxValue":"10"}}]}},"_links":{"self":[{"href":"https:\/\/distribucionarc.com\/tr\/wp-json\/wp\/v2\/product\/3443","targetHints":{"allow":["GET"]}}],"collection":[{"href":"https:\/\/distribucionarc.com\/tr\/wp-json\/wp\/v2\/product"}],"about":[{"href":"https:\/\/distribucionarc.com\/tr\/wp-json\/wp\/v2\/types\/product"}],"replies":[{"embeddable":true,"href":"https:\/\/distribucionarc.com\/tr\/wp-json\/wp\/v2\/comments?post=3443"}],"version-history":[{"count":0,"href":"https:\/\/distribucionarc.com\/tr\/wp-json\/wp\/v2\/product\/3443\/revisions"}],"wp:featuredmedia":[{"embeddable":true,"href":"https:\/\/distribucionarc.com\/tr\/wp-json\/wp\/v2\/media\/3449"}],"wp:attachment":[{"href":"https:\/\/distribucionarc.com\/tr\/wp-json\/wp\/v2\/media?parent=3443"}],"wp:term":[{"taxonomy":"product_brand","embeddable":true,"href":"https:\/\/distribucionarc.com\/tr\/wp-json\/wp\/v2\/product_brand?post=3443"},{"taxonomy":"product_cat","embeddable":true,"href":"https:\/\/distribucionarc.com\/tr\/wp-json\/wp\/v2\/product_cat?post=3443"},{"taxonomy":"product_tag","embeddable":true,"href":"https:\/\/distribucionarc.com\/tr\/wp-json\/wp\/v2\/product_tag?post=3443"}],"curies":[{"name":"wp","href":"https:\/\/api.w.org\/{rel}","templated":true}]}}