{"id":355,"date":"2020-04-17T22:24:28","date_gmt":"2020-04-17T22:24:28","guid":{"rendered":"https:\/\/distribucionarc.com\/?post_type=product&#038;p=355"},"modified":"2025-05-10T00:28:45","modified_gmt":"2025-05-09T22:28:45","slug":"dagitim-siseleme-dolum-paketleme-makinesi-100ml-%f0%9f%94%9b-1000ml","status":"publish","type":"product","link":"https:\/\/distribucionarc.com\/tr\/producto\/dosificadora-embotelladora-llenadora-envasadora-100ml-%f0%9f%94%9b-1000ml\/","title":{"rendered":"Dozajlama, \u015ei\u015feleme, Dolum ve Paketleme Makinas\u0131 100 ml? 1000 ml"},"content":{"rendered":"<h2 data-start=\"422\" data-end=\"515\">\ud83e\udd6b Dozajlama, \u015ei\u015feleme ve Dolum Makinesi \u2013 Viskoz \u00dcr\u00fcnler i\u00e7in 100 ila 1000 ml<\/h2>\n<p data-start=\"517\" data-end=\"916\">La <strong data-start=\"520\" data-end=\"573\">100 ila 1000 ml aras\u0131 dozajlama ve dolum makinas\u0131<\/strong> Pn\u00f6matik piston sistemi ile geni\u015f yelpazedeki viskoz \u00fcr\u00fcnler i\u00e7in verimli, hassas ve son derece g\u00fcvenilir bir \u00e7\u00f6z\u00fcm oldu\u011fu kan\u0131tlanm\u0131\u015ft\u0131r. Yap\u0131ld\u0131\u011f\u0131 yer <strong data-start=\"726\" data-end=\"775\">g\u0131da s\u0131n\u0131f\u0131 304\/316 paslanmaz \u00e7elik<\/strong>, en y\u00fcksek kalite ve hijyen standartlar\u0131n\u0131 kar\u015f\u0131lar ve end\u00fcstriyel performans\u0131 b\u00fcy\u00fck bir kullan\u0131m kolayl\u0131\u011f\u0131yla sunmak \u00fczere tasarlanm\u0131\u015ft\u0131r.<\/p>\n<h3 data-start=\"918\" data-end=\"958\">\ud83e\udde0 M\u00fc\u015fterilerimizden ger\u00e7ek vakalar<\/h3>\n<p data-start=\"960\" data-end=\"1229\">\u0130\u00e7inde <strong data-start=\"963\" data-end=\"983\">ARC Da\u011f\u0131t\u0131m\u0131<\/strong>Biz sadece makine satm\u0131yoruz: <strong data-start=\"1014\" data-end=\"1079\">Bunu kullan\u0131yoruz, geli\u015ftiriyoruz ve ger\u00e7ek d\u00fcnya deneyimiyle destekliyoruz.<\/strong>. M\u00fc\u015fterilerimizin bir\u00e7o\u011fu bu makineyi y\u0131llard\u0131r g\u00fcnl\u00fck \u00fcretimlerinde kullan\u0131yor ve m\u00fckemmel sonu\u00e7lar al\u0131yor. Somut \u00f6rnekler:<\/p>\n<h4 data-start=\"1231\" data-end=\"1260\">\ud83e\udd5c G\u0131da end\u00fcstrisi<\/h4>\n<ul data-start=\"1261\" data-end=\"1737\">\n<li data-start=\"1261\" data-end=\"1454\">\n<p data-start=\"1263\" data-end=\"1454\"><strong data-start=\"1263\" data-end=\"1285\">F\u0131st\u0131k ezmesi<\/strong>:Uzun y\u0131llard\u0131r m\u00fc\u015fterilerimizden biri bu makineyi kullanarak, b\u00fcy\u00fck bir hassasiyetle ve hi\u00e7bir de\u011fi\u015fiklik yapmadan \u00e7e\u015fitli dokularda f\u0131st\u0131k ezmesi \u00fcretiyor.<\/p>\n<\/li>\n<li data-start=\"1455\" data-end=\"1613\">\n<p data-start=\"1457\" data-end=\"1613\"><strong data-start=\"1457\" data-end=\"1485\">Geleneksel re\u00e7eller<\/strong>Bir di\u011fer m\u00fc\u015fterimiz, el yap\u0131m\u0131 re\u00e7el \u00fcreticisi, 250 ml ve 500 ml kavanozlarda bu dolum makinesini kullanarak hi\u00e7bir at\u0131k veya hata ya\u015fam\u0131yor.<\/p>\n<\/li>\n<li data-start=\"1614\" data-end=\"1737\">\n<p data-start=\"1616\" data-end=\"1737\"><strong data-start=\"1616\" data-end=\"1652\">Kal\u0131n soslar ve domates sal\u00e7alar\u0131<\/strong>: Ayr\u0131ca barbek\u00fc soslar\u0131, aioli veya koyu sos \u00fcreticileri taraf\u0131ndan da kullan\u0131l\u0131r.<\/p>\n<\/li>\n<\/ul>\n<h4 data-start=\"1739\" data-end=\"1756\">\ud83e\uddf4 Kozmetikler<\/h4>\n<ul data-start=\"1757\" data-end=\"1866\">\n<li data-start=\"1757\" data-end=\"1787\">\n<p data-start=\"1759\" data-end=\"1787\"><strong data-start=\"1759\" data-end=\"1787\">Kal\u0131n v\u00fccut kremleri<\/strong><\/p>\n<\/li>\n<li data-start=\"1788\" data-end=\"1832\">\n<p data-start=\"1790\" data-end=\"1832\"><strong data-start=\"1790\" data-end=\"1832\">A\u011f\u0131r dokulu y\u00fcz maskeleri<\/strong><\/p>\n<\/li>\n<li data-start=\"1833\" data-end=\"1866\">\n<p data-start=\"1835\" data-end=\"1866\"><strong data-start=\"1835\" data-end=\"1866\">V\u00fccut jelleri ve balzamlar\u0131<\/strong><\/p>\n<\/li>\n<\/ul>\n<h4 data-start=\"1868\" data-end=\"1883\">\ud83e\uddea Kimya<\/h4>\n<ul data-start=\"1884\" data-end=\"2000\">\n<li data-start=\"1884\" data-end=\"1917\">\n<p data-start=\"1886\" data-end=\"1917\"><strong data-start=\"1886\" data-end=\"1917\">End\u00fcstriyel temizlik macunu<\/strong><\/p>\n<\/li>\n<li data-start=\"1918\" data-end=\"1953\">\n<p data-start=\"1920\" data-end=\"1953\"><strong data-start=\"1920\" data-end=\"1953\">Yo\u011fun, k\u00f6p\u00fcks\u00fcz deterjanlar<\/strong><\/p>\n<\/li>\n<li data-start=\"1954\" data-end=\"2000\">\n<p data-start=\"1956\" data-end=\"2000\"><strong data-start=\"1956\" data-end=\"2000\">Yumu\u015fak ambalajl\u0131 yar\u0131 kat\u0131 ya\u011flay\u0131c\u0131lar<\/strong><\/p>\n<\/li>\n<\/ul>\n<h4 data-start=\"2002\" data-end=\"2035\">\ud83d\udc8a \u0130la\u00e7 ve bitkisel t\u0131p<\/h4>\n<ul data-start=\"2036\" data-end=\"2129\">\n<li data-start=\"2036\" data-end=\"2070\">\n<p data-start=\"2038\" data-end=\"2070\"><strong data-start=\"2038\" data-end=\"2070\">Viskoz bitki \u00f6zleri<\/strong><\/p>\n<\/li>\n<li data-start=\"2071\" data-end=\"2092\">\n<p data-start=\"2073\" data-end=\"2092\"><strong data-start=\"2073\" data-end=\"2092\">Kal\u0131n \u015furuplar<\/strong><\/p>\n<\/li>\n<li data-start=\"2093\" data-end=\"2129\">\n<p data-start=\"2095\" data-end=\"2129\"><strong data-start=\"2095\" data-end=\"2129\">Do\u011fal merhemler ve balsamlar<\/strong><\/p>\n<\/li>\n<\/ul>\n<p data-start=\"2131\" data-end=\"2360\">senin sayende <strong data-start=\"2144\" data-end=\"2162\">50 kg hazne<\/strong>, onun <strong data-start=\"2167\" data-end=\"2211\">ayarlanabilir damlama \u00f6nleyici sistemli nozul<\/strong> ve mod\u00fcler tasar\u0131m\u0131 (ar\u0131za durumunda par\u00e7alar\u0131n h\u0131zl\u0131 bir \u015fekilde de\u011fi\u015ftirilmesini kolayla\u015ft\u0131r\u0131r), bu makine <strong data-start=\"2314\" data-end=\"2357\">kullan\u0131m\u0131, temizli\u011fi ve bak\u0131m\u0131 \u00e7ok kolay<\/strong>.<\/p>\n<p data-start=\"2362\" data-end=\"2520\">Ayr\u0131ca, olmak <strong data-start=\"2377\" data-end=\"2435\">otomatik \u00e7al\u0131\u015fma se\u00e7ene\u011fi ile yar\u0131 otomatik<\/strong>, hem el i\u015f\u00e7ili\u011fi hem de end\u00fcstriyel \u00fcretim hatlar\u0131na m\u00fckemmel uyum sa\u011flar.<\/p>\n<p data-start=\"2522\" data-end=\"2673\">Sertifika ile <strong data-start=\"2538\" data-end=\"2544\">EC<\/strong>, do\u011frudan teknik destek ve <strong data-start=\"2572\" data-end=\"2594\">2 y\u0131l garanti<\/strong>Bu dolgu uzun \u00f6m\u00fcrl\u00fc olacak ve farkl\u0131 \u00fcretimlere uyum sa\u011flayacak \u015fekilde tasarlanm\u0131\u015ft\u0131r.<\/p>\n<p>&nbsp;<\/p>\n<table>\n<thead>\n<tr>\n<th>\u00d6zellik<\/th>\n<th>Detay<\/th>\n<\/tr>\n<\/thead>\n<tbody>\n<tr>\n<td>Makine tipi<\/td>\n<td>Pn\u00f6matik pistonlu \u015fi\u015feleme dozajlama makinesi<\/td>\n<\/tr>\n<tr>\n<td>Dolum aral\u0131\u011f\u0131<\/td>\n<td>100ml \u2013 1000ml<\/td>\n<\/tr>\n<tr>\n<td>Dolum sistemi<\/td>\n<td>D\u00f6ner valfli pn\u00f6matik piston<\/td>\n<\/tr>\n<tr>\n<td>Dolum ba\u015fl\u0131\u011f\u0131<\/td>\n<td>Damlama \u00f6nleyici sistemli bireysel nozul<\/td>\n<\/tr>\n<tr>\n<td>\u00dcretim h\u0131z\u0131<\/td>\n<td>Dakikada 30 \u015fi\u015feye kadar<\/td>\n<\/tr>\n<tr>\n<td>Huni kapasitesi<\/td>\n<td>50kg<\/td>\n<\/tr>\n<tr>\n<td>Dolum do\u011frulu\u011fu<\/td>\n<td>\u00b11%<\/td>\n<\/tr>\n<tr>\n<td>\u00c7al\u0131\u015fma \u015fekli<\/td>\n<td>Yar\u0131 otomatik \/ Otomatik<\/td>\n<\/tr>\n<tr>\n<td>Dolum y\u00f6netmeli\u011fi<\/td>\n<td>Ayarlanabilir ses ve h\u0131z<\/td>\n<\/tr>\n<tr>\n<td>Temas halindeki malzeme<\/td>\n<td>Paslanmaz \u00e7elik 304\/316<\/td>\n<\/tr>\n<tr>\n<td>\u00c7al\u0131\u015fma bas\u0131nc\u0131<\/td>\n<td>0,4 \u2013 0,9 MPa<\/td>\n<\/tr>\n<tr>\n<td>G\u00fc\u00e7 kayna\u011f\u0131<\/td>\n<td>220V<\/td>\n<\/tr>\n<tr>\n<td>Temizlik ve bak\u0131m<\/td>\n<td>Kolay s\u00f6kme ve y\u0131kama<\/td>\n<\/tr>\n<tr>\n<td>Mod\u00fcler tasar\u0131m<\/td>\n<td>Evet, h\u0131zl\u0131 par\u00e7a de\u011fi\u015fimi ile<\/td>\n<\/tr>\n<tr>\n<td>Bas\u0131n\u00e7 g\u00f6stergesi<\/td>\n<td>\u0130\u00e7ermek<\/td>\n<\/tr>\n<tr>\n<td>Sertifikasyon<\/td>\n<td>EC<\/td>\n<\/tr>\n<tr>\n<td>Garanti<\/td>\n<td>2 y\u0131l<\/td>\n<\/tr>\n<tr>\n<td>Teknik destek<\/td>\n<td>\u0130\u00e7ermek<\/td>\n<\/tr>\n<\/tbody>\n<\/table>\n<p>&nbsp;<\/p>","protected":false},"excerpt":{"rendered":"<p>\u00c7ok viskoz s\u0131v\u0131lar\u0131 doldurmaya y\u00f6nelik makine Yar\u0131 otomatik, pn\u00f6matik pistonla tahrik edilen, en kaliteli malzemelerden \u00fcretilmi\u015ftir. \u00dcr\u00fcnlerin ak\u0131\u015f\u0131n\u0131 kontrol eden be\u015f valf ile donat\u0131lm\u0131\u015ft\u0131r. \u00dcst\u00fcn tasar\u0131ma sahip yap\u0131s\u0131 ve t\u00fcm modellerinin kullan\u0131m\u0131 kolayd\u0131r. Kullan\u0131lan pn\u00f6matik bile\u015fenler Almanya ve Tayvan&#039;da \u00fcretilmektedir. Kullan\u0131lan t\u00fcm kontak malzemeleri GMP gerekliliklerine uygun 316 paslanmaz \u00e7eliktir. Hacim miktar\u0131 ve doldurma h\u0131z\u0131 b\u00fcy\u00fck bir hassasiyetle ayarlanabilir.<\/p>","protected":false},"featured_media":17479,"comment_status":"open","ping_status":"closed","template":"","meta":{"wds_primary_product_brand":0,"wds_primary_product_cat":0},"product_brand":[],"product_cat":[18,20,321,21],"product_tag":[],"class_list":{"0":"post-355","1":"product","2":"type-product","3":"status-publish","4":"has-post-thumbnail","6":"product_cat-dosificadoras","7":"product_cat-dosificadoras-de-pastosos","8":"product_cat-llenadoras-de-piston","9":"product_cat-maquinas-llenadoras","11":"first","12":"instock","13":"sale","14":"taxable","15":"shipping-taxable","16":"purchasable","17":"product-type-simple"},"yoast_head":"<!-- This site is optimized with the Yoast SEO Premium plugin v24.9 (Yoast SEO v26.1) - https:\/\/yoast.com\/wordpress\/plugins\/seo\/ -->\n<title>Dosificadora, Embotelladora, Llenadora Envasadora 100 ml ? 1000 ml - distribuci\u00f3n ARC<\/title>\n<meta name=\"description\" content=\"M\u00e1quina dosificadora y embotelladora para productos viscosos como cremas, mermeladas, salsas y cosm\u00e9ticos. Rango de llenado de 100 a 1000 ml. Precisi\u00f3n \u00b11%. F\u00e1cil de usar y limpiar.\" \/>\n<meta name=\"robots\" content=\"index, follow, max-snippet:-1, max-image-preview:large, max-video-preview:-1\" \/>\n<link rel=\"canonical\" href=\"https:\/\/distribucionarc.com\/tr\/urun\/dagitim-siseleme-dolum-paketleme-makinesi-100ml-\ud83d\udd1b-1000ml\/\" \/>\n<meta property=\"og:locale\" content=\"tr_TR\" \/>\n<meta property=\"og:type\" content=\"article\" \/>\n<meta property=\"og:title\" content=\"Dosificadora, Embotelladora, Llenadora Envasadora 100 ml ? 1000 ml\" \/>\n<meta property=\"og:description\" content=\"M\u00e1quina dosificadora y embotelladora para productos viscosos como cremas, mermeladas, salsas y cosm\u00e9ticos. Rango de llenado de 100 a 1000 ml. Precisi\u00f3n \u00b11%. F\u00e1cil de usar y limpiar.\" \/>\n<meta property=\"og:url\" content=\"https:\/\/distribucionarc.com\/tr\/urun\/dagitim-siseleme-dolum-paketleme-makinesi-100ml-\ud83d\udd1b-1000ml\/\" \/>\n<meta property=\"og:site_name\" content=\"distribuci\u00f3n ARC\" \/>\n<meta property=\"article:modified_time\" content=\"2025-05-09T22:28:45+00:00\" \/>\n<meta property=\"og:image\" content=\"https:\/\/distribucionarc.com\/wp-content\/uploads\/2020\/04\/Maquina-dosificadora-de-mermeladas-y-cremas.png\" \/>\n\t<meta property=\"og:image:width\" content=\"628\" \/>\n\t<meta property=\"og:image:height\" content=\"476\" \/>\n\t<meta property=\"og:image:type\" content=\"image\/png\" \/>\n<meta name=\"twitter:card\" content=\"summary_large_image\" \/>\n<meta name=\"twitter:label1\" content=\"Tahmini okuma s\u00fcresi\" \/>\n\t<meta name=\"twitter:data1\" content=\"3 dakika\" \/>\n<script type=\"application\/ld+json\" class=\"yoast-schema-graph\">{\"@context\":\"https:\/\/schema.org\",\"@graph\":[{\"@type\":\"WebPage\",\"@id\":\"https:\/\/distribucionarc.com\/sl\/producto\/dosificadora-embotelladora-llenadora-envasadora-100ml-%f0%9f%94%9b-1000ml\/\",\"url\":\"https:\/\/distribucionarc.com\/sl\/producto\/dosificadora-embotelladora-llenadora-envasadora-100ml-%f0%9f%94%9b-1000ml\/\",\"name\":\"Dosificadora, Embotelladora, Llenadora Envasadora 100 ml ? 1000 ml - distribuci\u00f3n ARC\",\"isPartOf\":{\"@id\":\"https:\/\/www.distribucionarc.com\/sl\/#website\"},\"primaryImageOfPage\":{\"@id\":\"https:\/\/distribucionarc.com\/sl\/producto\/dosificadora-embotelladora-llenadora-envasadora-100ml-%f0%9f%94%9b-1000ml\/#primaryimage\"},\"image\":{\"@id\":\"https:\/\/distribucionarc.com\/sl\/producto\/dosificadora-embotelladora-llenadora-envasadora-100ml-%f0%9f%94%9b-1000ml\/#primaryimage\"},\"thumbnailUrl\":\"https:\/\/distribucionarc.com\/wp-content\/uploads\/2020\/04\/Maquina-dosificadora-de-mermeladas-y-cremas.png\",\"datePublished\":\"2020-04-17T22:24:28+00:00\",\"dateModified\":\"2025-05-09T22:28:45+00:00\",\"description\":\"M\u00e1quina dosificadora y embotelladora para productos viscosos como cremas, mermeladas, salsas y cosm\u00e9ticos. Rango de llenado de 100 a 1000 ml. Precisi\u00f3n \u00b11%. F\u00e1cil de usar y limpiar.\",\"breadcrumb\":{\"@id\":\"https:\/\/distribucionarc.com\/sl\/producto\/dosificadora-embotelladora-llenadora-envasadora-100ml-%f0%9f%94%9b-1000ml\/#breadcrumb\"},\"inLanguage\":\"tr\",\"potentialAction\":[{\"@type\":\"ReadAction\",\"target\":[\"https:\/\/distribucionarc.com\/sl\/producto\/dosificadora-embotelladora-llenadora-envasadora-100ml-%f0%9f%94%9b-1000ml\/\"]}]},{\"@type\":\"ImageObject\",\"inLanguage\":\"tr\",\"@id\":\"https:\/\/distribucionarc.com\/sl\/producto\/dosificadora-embotelladora-llenadora-envasadora-100ml-%f0%9f%94%9b-1000ml\/#primaryimage\",\"url\":\"https:\/\/distribucionarc.com\/wp-content\/uploads\/2020\/04\/Maquina-dosificadora-de-mermeladas-y-cremas.png\",\"contentUrl\":\"https:\/\/distribucionarc.com\/wp-content\/uploads\/2020\/04\/Maquina-dosificadora-de-mermeladas-y-cremas.png\",\"width\":628,\"height\":476,\"caption\":\"Vista frontal de la m\u00e1quina dosificadora 100\u20131000 ml ideal para mermeladas, cremas y productos alimentarios viscosos\"},{\"@type\":\"BreadcrumbList\",\"@id\":\"https:\/\/distribucionarc.com\/sl\/producto\/dosificadora-embotelladora-llenadora-envasadora-100ml-%f0%9f%94%9b-1000ml\/#breadcrumb\",\"itemListElement\":[{\"@type\":\"ListItem\",\"position\":1,\"name\":\"Portada\",\"item\":\"https:\/\/www.distribucionarc.com\/\"},{\"@type\":\"ListItem\",\"position\":2,\"name\":\"\u00dcr\u00fcnler\",\"item\":\"https:\/\/www.distribucionarc.com\/tr\/magaza\/\"},{\"@type\":\"ListItem\",\"position\":3,\"name\":\"Dosificadora, Embotelladora, Llenadora Envasadora 100 ml ? 1000 ml\"}]},{\"@type\":\"WebSite\",\"@id\":\"https:\/\/www.distribucionarc.com\/sl\/#website\",\"url\":\"https:\/\/www.distribucionarc.com\/sl\/\",\"name\":\"distribuci\u00f3n ARC\",\"description\":\"Empresa especializada en la fabricaci\u00f3n y distribuci\u00f3n de maquinaria industrial, selladoras de latas, Maquinas de hacer pastillas, Maquinas de cortar carne...\",\"publisher\":{\"@id\":\"https:\/\/www.distribucionarc.com\/sl\/#organization\"},\"potentialAction\":[{\"@type\":\"SearchAction\",\"target\":{\"@type\":\"EntryPoint\",\"urlTemplate\":\"https:\/\/www.distribucionarc.com\/sl\/?s={search_term_string}\"},\"query-input\":{\"@type\":\"PropertyValueSpecification\",\"valueRequired\":true,\"valueName\":\"search_term_string\"}}],\"inLanguage\":\"tr\"},{\"@type\":\"Organization\",\"@id\":\"https:\/\/www.distribucionarc.com\/sl\/#organization\",\"name\":\"Distribuci\u00f3n ARC\",\"url\":\"https:\/\/www.distribucionarc.com\/sl\/\",\"logo\":{\"@type\":\"ImageObject\",\"inLanguage\":\"tr\",\"@id\":\"https:\/\/www.distribucionarc.com\/sl\/#\/schema\/logo\/image\/\",\"url\":\"https:\/\/distribucionarc.com\/wp-content\/uploads\/2024\/10\/distribucion-ARC-COLOR-SIN-FONDO-e1732295305345.png\",\"contentUrl\":\"https:\/\/distribucionarc.com\/wp-content\/uploads\/2024\/10\/distribucion-ARC-COLOR-SIN-FONDO-e1732295305345.png\",\"width\":1164,\"height\":558,\"caption\":\"Distribuci\u00f3n ARC\"},\"image\":{\"@id\":\"https:\/\/www.distribucionarc.com\/sl\/#\/schema\/logo\/image\/\"},\"description\":\"Empresa especializada en la fabricaci\u00f3n y distribuci\u00f3n de maquinaria industrial para los sectores alimentario y farmac\u00e9utico. Nos especializamos en: M\u00e1quinas de cortar carne Fabricaci\u00f3n de comprimidos Sistemas de transporte industrial L\u00edneas de embotellado Dosificadores Y mucho m\u00e1s... Ofrecemos soluciones innovadoras y personalizadas para optimizar los procesos productivos de tu empresa.\",\"email\":\"Admistracion@distribucionarc.com\",\"telephone\":\"+34 643496664\",\"legalName\":\"ARC TECH SOLUTIONS\",\"foundingDate\":\"2024-04-09\",\"vatID\":\"B55480172\",\"numberOfEmployees\":{\"@type\":\"QuantitativeValue\",\"minValue\":\"1\",\"maxValue\":\"10\"}}]}<\/script>\n<!-- \/ Yoast SEO Premium plugin. -->","yoast_head_json":{"title":"Dozajlama, \u015ei\u015feleme, Dolum ve Paketleme Makinas\u0131 100 ml? 1000 ml - ARC da\u011f\u0131t\u0131m\u0131","description":"Krem, re\u00e7el, sos ve kozmetik gibi k\u0131vaml\u0131 \u00fcr\u00fcnler i\u00e7in dozajlama ve \u015fi\u015feleme makinesi. Dolum aral\u0131\u011f\u0131 100 ile 1000 ml aras\u0131ndad\u0131r. Do\u011fruluk \u00b11%. Kullan\u0131m\u0131 ve temizli\u011fi kolayd\u0131r.","robots":{"index":"index","follow":"follow","max-snippet":"max-snippet:-1","max-image-preview":"max-image-preview:large","max-video-preview":"max-video-preview:-1"},"canonical":"https:\/\/distribucionarc.com\/tr\/urun\/dagitim-siseleme-dolum-paketleme-makinesi-100ml-\ud83d\udd1b-1000ml\/","og_locale":"tr_TR","og_type":"article","og_title":"Dosificadora, Embotelladora, Llenadora Envasadora 100 ml ? 1000 ml","og_description":"M\u00e1quina dosificadora y embotelladora para productos viscosos como cremas, mermeladas, salsas y cosm\u00e9ticos. Rango de llenado de 100 a 1000 ml. Precisi\u00f3n \u00b11%. F\u00e1cil de usar y limpiar.","og_url":"https:\/\/distribucionarc.com\/tr\/urun\/dagitim-siseleme-dolum-paketleme-makinesi-100ml-\ud83d\udd1b-1000ml\/","og_site_name":"distribuci\u00f3n ARC","article_modified_time":"2025-05-09T22:28:45+00:00","og_image":[{"width":628,"height":476,"url":"https:\/\/distribucionarc.com\/wp-content\/uploads\/2020\/04\/Maquina-dosificadora-de-mermeladas-y-cremas.png","type":"image\/png"}],"twitter_card":"summary_large_image","twitter_misc":{"Tahmini okuma s\u00fcresi":"3 dakika"},"schema":{"@context":"https:\/\/schema.org","@graph":[{"@type":"WebPage","@id":"https:\/\/distribucionarc.com\/sl\/producto\/dosificadora-embotelladora-llenadora-envasadora-100ml-%f0%9f%94%9b-1000ml\/","url":"https:\/\/distribucionarc.com\/sl\/producto\/dosificadora-embotelladora-llenadora-envasadora-100ml-%f0%9f%94%9b-1000ml\/","name":"Dozajlama, \u015ei\u015feleme, Dolum ve Paketleme Makinas\u0131 100 ml? 1000 ml - ARC da\u011f\u0131t\u0131m\u0131","isPartOf":{"@id":"https:\/\/www.distribucionarc.com\/sl\/#website"},"primaryImageOfPage":{"@id":"https:\/\/distribucionarc.com\/sl\/producto\/dosificadora-embotelladora-llenadora-envasadora-100ml-%f0%9f%94%9b-1000ml\/#primaryimage"},"image":{"@id":"https:\/\/distribucionarc.com\/sl\/producto\/dosificadora-embotelladora-llenadora-envasadora-100ml-%f0%9f%94%9b-1000ml\/#primaryimage"},"thumbnailUrl":"https:\/\/distribucionarc.com\/wp-content\/uploads\/2020\/04\/Maquina-dosificadora-de-mermeladas-y-cremas.png","datePublished":"2020-04-17T22:24:28+00:00","dateModified":"2025-05-09T22:28:45+00:00","description":"Krem, re\u00e7el, sos ve kozmetik gibi k\u0131vaml\u0131 \u00fcr\u00fcnler i\u00e7in dozajlama ve \u015fi\u015feleme makinesi. Dolum aral\u0131\u011f\u0131 100 ile 1000 ml aras\u0131ndad\u0131r. Do\u011fruluk \u00b11%. Kullan\u0131m\u0131 ve temizli\u011fi kolayd\u0131r.","breadcrumb":{"@id":"https:\/\/distribucionarc.com\/sl\/producto\/dosificadora-embotelladora-llenadora-envasadora-100ml-%f0%9f%94%9b-1000ml\/#breadcrumb"},"inLanguage":"tr","potentialAction":[{"@type":"ReadAction","target":["https:\/\/distribucionarc.com\/sl\/producto\/dosificadora-embotelladora-llenadora-envasadora-100ml-%f0%9f%94%9b-1000ml\/"]}]},{"@type":"ImageObject","inLanguage":"tr","@id":"https:\/\/distribucionarc.com\/sl\/producto\/dosificadora-embotelladora-llenadora-envasadora-100ml-%f0%9f%94%9b-1000ml\/#primaryimage","url":"https:\/\/distribucionarc.com\/wp-content\/uploads\/2020\/04\/Maquina-dosificadora-de-mermeladas-y-cremas.png","contentUrl":"https:\/\/distribucionarc.com\/wp-content\/uploads\/2020\/04\/Maquina-dosificadora-de-mermeladas-y-cremas.png","width":628,"height":476,"caption":"Vista frontal de la m\u00e1quina dosificadora 100\u20131000 ml ideal para mermeladas, cremas y productos alimentarios viscosos"},{"@type":"BreadcrumbList","@id":"https:\/\/distribucionarc.com\/sl\/producto\/dosificadora-embotelladora-llenadora-envasadora-100ml-%f0%9f%94%9b-1000ml\/#breadcrumb","itemListElement":[{"@type":"ListItem","position":1,"name":"Portada","item":"https:\/\/www.distribucionarc.com\/"},{"@type":"ListItem","position":2,"name":"\u00dcr\u00fcnler","item":"https:\/\/www.distribucionarc.com\/tr\/magaza\/"},{"@type":"ListItem","position":3,"name":"Dosificadora, Embotelladora, Llenadora Envasadora 100 ml ? 1000 ml"}]},{"@type":"WebSite","@id":"https:\/\/www.distribucionarc.com\/sl\/#website","url":"https:\/\/www.distribucionarc.com\/sl\/","name":"ARC da\u011f\u0131t\u0131m\u0131","description":"End\u00fcstriyel makinelerin \u00fcretimi ve da\u011f\u0131t\u0131m\u0131 konusunda uzmanla\u015fm\u0131\u015f \u015firket, kutu m\u00fch\u00fcrleme makineleri, tablet yapma makineleri, et kesme makineleri...","publisher":{"@id":"https:\/\/www.distribucionarc.com\/sl\/#organization"},"potentialAction":[{"@type":"SearchAction","target":{"@type":"EntryPoint","urlTemplate":"https:\/\/www.distribucionarc.com\/sl\/?s={search_term_string}"},"query-input":{"@type":"PropertyValueSpecification","valueRequired":true,"valueName":"search_term_string"}}],"inLanguage":"tr"},{"@type":"Organization","@id":"https:\/\/www.distribucionarc.com\/sl\/#organization","name":"ARC Da\u011f\u0131t\u0131m\u0131","url":"https:\/\/www.distribucionarc.com\/sl\/","logo":{"@type":"ImageObject","inLanguage":"tr","@id":"https:\/\/www.distribucionarc.com\/sl\/#\/schema\/logo\/image\/","url":"https:\/\/distribucionarc.com\/wp-content\/uploads\/2024\/10\/distribucion-ARC-COLOR-SIN-FONDO-e1732295305345.png","contentUrl":"https:\/\/distribucionarc.com\/wp-content\/uploads\/2024\/10\/distribucion-ARC-COLOR-SIN-FONDO-e1732295305345.png","width":1164,"height":558,"caption":"Distribuci\u00f3n ARC"},"image":{"@id":"https:\/\/www.distribucionarc.com\/sl\/#\/schema\/logo\/image\/"},"description":"\u015eirket, g\u0131da ve ila\u00e7 sekt\u00f6rleri i\u00e7in end\u00fcstriyel makine \u00fcretimi ve da\u011f\u0131t\u0131m\u0131 konusunda uzmanla\u015fm\u0131\u015ft\u0131r. Uzmanl\u0131k alanlar\u0131m\u0131z Et kesme makineleri Tablet \u00fcretimi End\u00fcstriyel ta\u015f\u0131ma sistemleri \u015ei\u015feleme hatlar\u0131 Dozajlama makineleri Ve \u00e7ok daha fazlas\u0131... \u015eirketinizin \u00fcretim s\u00fcre\u00e7lerini optimize etmek i\u00e7in yenilik\u00e7i ve \u00f6zelle\u015ftirilmi\u015f \u00e7\u00f6z\u00fcmler sunuyoruz.","email":"Admistracion@distribucionarc.com","telephone":"+34 643496664","legalName":"ARC TECH SOLUTIONS","foundingDate":"2024-04-09","vatID":"B55480172","numberOfEmployees":{"@type":"QuantitativeValue","minValue":"1","maxValue":"10"}}]}},"_links":{"self":[{"href":"https:\/\/distribucionarc.com\/tr\/wp-json\/wp\/v2\/product\/355","targetHints":{"allow":["GET"]}}],"collection":[{"href":"https:\/\/distribucionarc.com\/tr\/wp-json\/wp\/v2\/product"}],"about":[{"href":"https:\/\/distribucionarc.com\/tr\/wp-json\/wp\/v2\/types\/product"}],"replies":[{"embeddable":true,"href":"https:\/\/distribucionarc.com\/tr\/wp-json\/wp\/v2\/comments?post=355"}],"version-history":[{"count":2,"href":"https:\/\/distribucionarc.com\/tr\/wp-json\/wp\/v2\/product\/355\/revisions"}],"predecessor-version":[{"id":17483,"href":"https:\/\/distribucionarc.com\/tr\/wp-json\/wp\/v2\/product\/355\/revisions\/17483"}],"wp:featuredmedia":[{"embeddable":true,"href":"https:\/\/distribucionarc.com\/tr\/wp-json\/wp\/v2\/media\/17479"}],"wp:attachment":[{"href":"https:\/\/distribucionarc.com\/tr\/wp-json\/wp\/v2\/media?parent=355"}],"wp:term":[{"taxonomy":"product_brand","embeddable":true,"href":"https:\/\/distribucionarc.com\/tr\/wp-json\/wp\/v2\/product_brand?post=355"},{"taxonomy":"product_cat","embeddable":true,"href":"https:\/\/distribucionarc.com\/tr\/wp-json\/wp\/v2\/product_cat?post=355"},{"taxonomy":"product_tag","embeddable":true,"href":"https:\/\/distribucionarc.com\/tr\/wp-json\/wp\/v2\/product_tag?post=355"}],"curies":[{"name":"wp","href":"https:\/\/api.w.org\/{rel}","templated":true}]}}