{"id":3554,"date":"2020-10-05T09:49:56","date_gmt":"2020-10-05T09:49:56","guid":{"rendered":"https:\/\/distribucionarc.com\/?post_type=product&#038;p=3554"},"modified":"2023-06-05T16:42:35","modified_gmt":"2023-06-05T16:42:35","slug":"isi-pres-tekstil-8","status":"publish","type":"product","link":"https:\/\/distribucionarc.com\/tr\/producto\/prensa-termica-textil-8\/","title":{"rendered":"Tekstil termal presi 8"},"content":{"rendered":"<h3>Is\u0131 presli s\u00fcblimasyon plakas\u0131 38 x 38 cm<\/h3>\n<p>Bu\u00a0<strong>tekstil bask\u0131 makinesi<\/strong>\u00a0Geni\u015f bir damgalama y\u00fczeyi sa\u011flayan 38 x 38 cm&#039;lik bir \u0131s\u0131tma plakas\u0131na sahiptir. Teflon kapl\u0131 plaka yap\u0131\u015fkan de\u011fildir, vinillerin yanmas\u0131n\u0131 \u00f6nler ve makineye yap\u0131\u015fmas\u0131n\u0131 \u00f6nlemek i\u00e7in ayr\u0131 bir silikon film gerektirmez.\u00a0<strong>s\u00fcblimasyon makinesi<span style=\"color: #ff0000;\">\u00a0\u0130LE<\/span><span style=\"color: #0000ff;\">R<\/span>C<\/strong> \u00f6yle <strong>8&#039;i 1 arada<\/strong>\u00a0Rulo pres, kapak presi, kupa presi ve iki plakal\u0131 pres gibi \u00e7e\u015fitli aksesuarlarla desenleri ti\u015f\u00f6rtlere, kapaklara, kupalara, tabaklara ve di\u011fer p\u00fcr\u00fczs\u00fcz y\u00fczeyli \u00fcr\u00fcnlere aktarman\u0131za olanak tan\u0131r.<\/p>\n<p>Hassas bir dijital LCD zamanlay\u0131c\u0131 ve s\u0131cakl\u0131k kontrol cihaz\u0131 ile donat\u0131lm\u0131\u015f olan \u00fct\u00fcy\u00fc ihtiya\u00e7lar\u0131n\u0131za g\u00f6re ayarlay\u0131n ve ayarlay\u0131n. Bask\u0131n\u0131n tamamland\u0131\u011f\u0131n\u0131 size bildirmek i\u00e7in tam zaman\u0131nda \u00e7alan ak\u0131ll\u0131 bir akustik alarma sahiptir. D\u00f6ner kolun 360 derece tam d\u00f6n\u00fc\u015f\u00fc, \u0131s\u0131tma eleman\u0131n\u0131n istedi\u011finiz yere g\u00fcvenli bir \u015fekilde hareket etmesini sa\u011flayarak kullan\u0131c\u0131n\u0131n g\u00fcvenli\u011fini sa\u011flar.<strong> \u0131s\u0131 bas\u0131n <span style=\"color: #ff0000;\">\u0130LE<\/span><span style=\"color: #0000ff;\">R<\/span>CPTT8<\/strong>\u00a0ve kazara temastan ka\u00e7\u0131n\u0131n. Sap, bir yay ve bask\u0131 plakas\u0131 sistemi arac\u0131l\u0131\u011f\u0131yla kapatma bas\u0131nc\u0131n\u0131 uygular, b\u00f6ylece kapan\u0131\u015f s\u0131ras\u0131nda a\u011f\u0131rl\u0131k t\u00fcm \u0131s\u0131tma plakas\u0131na daha e\u015fit bir \u015fekilde da\u011f\u0131t\u0131labilir.<\/p>\n<h6><strong>Garanti\u00a0<span style=\"color: #ff0000;\">\u0130LE<\/span><span style=\"color: #0000ff;\">R<\/span>C 1 YIL<\/strong><\/h6>\n<h6><span style=\"color: #008000;\">Verimli termal pres, d\u00fc\u015f\u00fck t\u00fcketim 1300w<\/span><\/h6>\n<h6><strong>teknik destek dahil<\/strong><\/h6>\n<p>&nbsp;<\/p>\n<table role=\"presentation\" width=\"100%\" cellspacing=\"0\" cellpadding=\"0\">\n<tbody>\n<tr>\n<td class=\"attrLabels\">Marka:<\/td>\n<td width=\"50.0%\">ARK<\/td>\n<\/tr>\n<tr>\n<td class=\"attrLabels\">Da\u011f\u0131t\u0131m \u00fclkesi:<\/td>\n<td width=\"50.0%\">\u0130spanya, Almanya, ABD<\/td>\n<td class=\"attrLabels\">A\u011f\u0131rl\u0131k:<\/td>\n<td width=\"50.0%\">30kg<\/td>\n<\/tr>\n<tr>\n<td class=\"attrLabels\">Renk:<\/td>\n<td width=\"50.0%\">G\u00fcm\u00fc\u015f<\/td>\n<td class=\"attrLabels\">Y\u00fckseklik:<\/td>\n<td width=\"50.0%\">38cm<\/td>\n<\/tr>\n<tr>\n<td class=\"attrLabels\">\u00dcr\u00fcn tipi:<\/td>\n<td width=\"50.0%\">Is\u0131ya dayan\u0131kl\u0131 pres<\/td>\n<td class=\"attrLabels\">Uzun:<\/td>\n<td width=\"50.0%\">40cm<\/td>\n<\/tr>\n<tr>\n<td class=\"attrLabels\">\u00dcretici numaras\u0131:<\/td>\n<td width=\"50.0%\">ARCPTT8<\/td>\n<td class=\"attrLabels\">Geni\u015f:<\/td>\n<td width=\"50.0%\">\u00a040cm<\/td>\n<\/tr>\n<tr>\n<td class=\"attrLabels\">Malzeme:<\/td>\n<td width=\"50.0%\">Teflon kapl\u0131 merdane presi, dijital ekran, zaman ve s\u0131cakl\u0131k kontrol\u00f6r\u00fc, LED<\/td>\n<td class=\"attrLabels\">S\u0131cakl\u0131k aral\u0131\u011f\u0131:<\/td>\n<td width=\"50.0%\">0 \u2013 250\u00b0C<\/td>\n<\/tr>\n<tr>\n<td class=\"attrLabels\">Kurulum ara\u00e7lar\u0131:<\/td>\n<td width=\"50.0%\">Evet<\/td>\n<td class=\"attrLabels\">Termal \u00fct\u00fc boyutu:<\/td>\n<td width=\"50.0%\">38x38cm<\/td>\n<\/tr>\n<tr>\n<td class=\"attrLabels\">Giri\u015f voltaj\u0131:<\/td>\n<td width=\"50.0%\">220V \u2013 60\/50Hz<\/td>\n<td class=\"attrLabels\">Presler:<\/td>\n<td width=\"50.0%\">Kapaklar 15 x 8 cm Bardak-4 14 x 15 Bardak-1 5 x 7 cm Tabak-1 5-7 cm<\/p>\n<p>Bardak-2 7,6 x 8,9 Tabak-2 15 cm \u00e7ap<\/p>\n<p>Bardak-3 18 x 15 Tabak-3 12,7 cm \u00e7ap<\/td>\n<\/tr>\n<tr>\n<td class=\"attrLabels\">G\u00fc\u00e7:<\/td>\n<td width=\"50.0%\">1300W<\/td>\n<td class=\"attrLabels\">Ayarlanabilir y\u00fckseklik:<\/td>\n<td width=\"50.0%\">35 \u2013 43cm<\/td>\n<\/tr>\n<\/tbody>\n<\/table>","protected":false},"excerpt":{"rendered":"<h2>Termal pres s\u00fcblimasyon plakas\u0131 38 x 38 cm<\/h2>\n<p>Bu\u00a0<strong>8&#039;i 1 arada tekstil presi <span style=\"color: #ff0000;\">\u0130LE<\/span><span style=\"color: #0000ff;\">R<\/span>C<\/strong>\u00a0bir var\u00a0<strong>38 x 38 cm \u0131s\u0131tma plakas\u0131<\/strong>\u00a0Teflon kapl\u0131. D\u00fczg\u00fcn bir y\u00fczey sa\u011flamak i\u00e7in eksiksiz bir \u0131s\u0131tma bobini yelpazesine sahiptir. Is\u0131 pres makinesinin d\u00f6ner d\u00f6ner tasar\u0131m\u0131, vazge\u00e7ilmez t\u00fcm aksesuarlar\u0131 sunar. Ti\u015f\u00f6rtler, \u015fapkalar, seramik tabaklar, fayanslar, kupalar, bardak altl\u0131klar\u0131, fare altl\u0131klar\u0131, bulmacalar ve di\u011fer kuma\u015flar veya farkl\u0131 malzemeler i\u00e7in kullan\u0131labilir.<\/p>\n<h6><strong>Garanti\u00a0<span style=\"color: #ff0000;\">\u0130LE<\/span><span style=\"color: #0000ff;\">R<\/span>C 1 YIL<\/strong><\/h6>\n<h6><span style=\"color: #008000;\">Verimli termal pres, d\u00fc\u015f\u00fck t\u00fcketim 1300w<\/span><\/h6>\n<h6><strong>teknik destek dahil<\/strong><\/h6>","protected":false},"featured_media":3564,"comment_status":"open","ping_status":"closed","template":"","meta":{"wds_primary_product_brand":0,"wds_primary_product_cat":0},"product_brand":[],"product_cat":[69],"product_tag":[],"class_list":{"0":"post-3554","1":"product","2":"type-product","3":"status-publish","4":"has-post-thumbnail","6":"product_cat-maquinas-variadas","7":"product_shipping_class-hosteleria","9":"first","10":"instock","11":"sale","12":"taxable","13":"shipping-taxable","14":"purchasable","15":"product-type-simple"},"yoast_head":"<!-- This site is optimized with the Yoast SEO Premium plugin v24.9 (Yoast SEO v26.1) - https:\/\/yoast.com\/wordpress\/plugins\/seo\/ -->\n<title>Prensa t\u00e9rmica textil 8 - distribuci\u00f3n ARC<\/title>\n<meta name=\"robots\" content=\"index, follow, max-snippet:-1, max-image-preview:large, max-video-preview:-1\" \/>\n<link rel=\"canonical\" href=\"https:\/\/distribucionarc.com\/tr\/urun\/isi-pres-tekstil-8\/\" \/>\n<meta property=\"og:locale\" content=\"tr_TR\" \/>\n<meta property=\"og:type\" content=\"article\" \/>\n<meta property=\"og:title\" content=\"Prensa t\u00e9rmica textil 8\" \/>\n<meta property=\"og:description\" content=\"Prensa termica plancha de sublimaci\u00f3n 38 x 38 cm Esta\u00a0prensa textil 8 en 1 ARC\u00a0cuenta con una\u00a0placa de calentamiento de 38 x 38 cm\u00a0recubierta de tefl\u00f3n. Cuenta con una selecci\u00f3n completa de bobinas de calentamiento para garantizar una superficie uniforme. El dise\u00f1o giratorio de oscilaci\u00f3n de la m\u00e1quina de prensado en caliente ofrece todos los accesorios indispensables. Se puede utilizar para camisetas, gorras, placas de cer\u00e1mica, azulejos, tazas, posavasos, almohadillas de rat\u00f3n, rompecabezas y otros tejidos o diferentes materiales. Garant\u00eda\u00a0ARC 1 A\u00d1OS Prensa t\u00e9rmica eficiente, bajo consumo 1300w soporte t\u00e9cnico\u00a0incluido\" \/>\n<meta property=\"og:url\" content=\"https:\/\/distribucionarc.com\/tr\/urun\/isi-pres-tekstil-8\/\" \/>\n<meta property=\"og:site_name\" content=\"distribuci\u00f3n ARC\" \/>\n<meta property=\"article:modified_time\" content=\"2023-06-05T16:42:35+00:00\" \/>\n<meta property=\"og:image\" content=\"https:\/\/distribucionarc.com\/wp-content\/uploads\/2020\/10\/Prensa-t\u00e9rmica-textil-8-0.jpg\" \/>\n\t<meta property=\"og:image:width\" content=\"1600\" \/>\n\t<meta property=\"og:image:height\" content=\"1600\" \/>\n\t<meta property=\"og:image:type\" content=\"image\/jpeg\" \/>\n<meta name=\"twitter:card\" content=\"summary_large_image\" \/>\n<meta name=\"twitter:label1\" content=\"Tahmini okuma s\u00fcresi\" \/>\n\t<meta name=\"twitter:data1\" content=\"2 dakika\" \/>\n<script type=\"application\/ld+json\" class=\"yoast-schema-graph\">{\"@context\":\"https:\/\/schema.org\",\"@graph\":[{\"@type\":\"WebPage\",\"@id\":\"https:\/\/distribucionarc.com\/sk\/producto\/prensa-termica-textil-8\/\",\"url\":\"https:\/\/distribucionarc.com\/sk\/producto\/prensa-termica-textil-8\/\",\"name\":\"Prensa t\u00e9rmica textil 8 - distribuci\u00f3n ARC\",\"isPartOf\":{\"@id\":\"https:\/\/distribucionarc.com\/de\/#website\"},\"primaryImageOfPage\":{\"@id\":\"https:\/\/distribucionarc.com\/sk\/producto\/prensa-termica-textil-8\/#primaryimage\"},\"image\":{\"@id\":\"https:\/\/distribucionarc.com\/sk\/producto\/prensa-termica-textil-8\/#primaryimage\"},\"thumbnailUrl\":\"https:\/\/distribucionarc.com\/wp-content\/uploads\/2020\/10\/Prensa-t\u00e9rmica-textil-8-0.jpg\",\"datePublished\":\"2020-10-05T09:49:56+00:00\",\"dateModified\":\"2023-06-05T16:42:35+00:00\",\"breadcrumb\":{\"@id\":\"https:\/\/distribucionarc.com\/sk\/producto\/prensa-termica-textil-8\/#breadcrumb\"},\"inLanguage\":\"tr\",\"potentialAction\":[{\"@type\":\"ReadAction\",\"target\":[\"https:\/\/distribucionarc.com\/sk\/producto\/prensa-termica-textil-8\/\"]}]},{\"@type\":\"ImageObject\",\"inLanguage\":\"tr\",\"@id\":\"https:\/\/distribucionarc.com\/sk\/producto\/prensa-termica-textil-8\/#primaryimage\",\"url\":\"https:\/\/distribucionarc.com\/wp-content\/uploads\/2020\/10\/Prensa-t\u00e9rmica-textil-8-0.jpg\",\"contentUrl\":\"https:\/\/distribucionarc.com\/wp-content\/uploads\/2020\/10\/Prensa-t\u00e9rmica-textil-8-0.jpg\",\"width\":1600,\"height\":1600,\"caption\":\"Prensa t\u00e9rmica textil 8\"},{\"@type\":\"BreadcrumbList\",\"@id\":\"https:\/\/distribucionarc.com\/sk\/producto\/prensa-termica-textil-8\/#breadcrumb\",\"itemListElement\":[{\"@type\":\"ListItem\",\"position\":1,\"name\":\"Portada\",\"item\":\"https:\/\/distribucionarc.com\/pl\/\"},{\"@type\":\"ListItem\",\"position\":2,\"name\":\"Produkty\",\"item\":\"https:\/\/distribucionarc.com\/pl\/shop\/\"},{\"@type\":\"ListItem\",\"position\":3,\"name\":\"Prensa t\u00e9rmica textil 8\"}]},{\"@type\":\"WebSite\",\"@id\":\"https:\/\/distribucionarc.com\/de\/#website\",\"url\":\"https:\/\/distribucionarc.com\/de\/\",\"name\":\"distribuci\u00f3n ARC\",\"description\":\"Empresa especializada en la fabricaci\u00f3n y distribuci\u00f3n de maquinaria industrial, selladoras de latas, Maquinas de hacer pastillas, Maquinas de cortar carne...\",\"publisher\":{\"@id\":\"https:\/\/distribucionarc.com\/de\/#organization\"},\"potentialAction\":[{\"@type\":\"SearchAction\",\"target\":{\"@type\":\"EntryPoint\",\"urlTemplate\":\"https:\/\/distribucionarc.com\/de\/?s={search_term_string}\"},\"query-input\":{\"@type\":\"PropertyValueSpecification\",\"valueRequired\":true,\"valueName\":\"search_term_string\"}}],\"inLanguage\":\"tr\"},{\"@type\":\"Organization\",\"@id\":\"https:\/\/distribucionarc.com\/de\/#organization\",\"name\":\"Distribuci\u00f3n ARC\",\"url\":\"https:\/\/distribucionarc.com\/de\/\",\"logo\":{\"@type\":\"ImageObject\",\"inLanguage\":\"tr\",\"@id\":\"https:\/\/distribucionarc.com\/de\/#\/schema\/logo\/image\/\",\"url\":\"https:\/\/distribucionarc.com\/wp-content\/uploads\/2024\/10\/distribucion-ARC-COLOR-SIN-FONDO-e1732295305345.png\",\"contentUrl\":\"https:\/\/distribucionarc.com\/wp-content\/uploads\/2024\/10\/distribucion-ARC-COLOR-SIN-FONDO-e1732295305345.png\",\"width\":1164,\"height\":558,\"caption\":\"Distribuci\u00f3n ARC\"},\"image\":{\"@id\":\"https:\/\/distribucionarc.com\/de\/#\/schema\/logo\/image\/\"},\"description\":\"Empresa especializada en la fabricaci\u00f3n y distribuci\u00f3n de maquinaria industrial para los sectores alimentario y farmac\u00e9utico. Nos especializamos en: M\u00e1quinas de cortar carne Fabricaci\u00f3n de comprimidos Sistemas de transporte industrial L\u00edneas de embotellado Dosificadores Y mucho m\u00e1s... Ofrecemos soluciones innovadoras y personalizadas para optimizar los procesos productivos de tu empresa.\",\"email\":\"Admistracion@distribucionarc.com\",\"telephone\":\"+34 643496664\",\"legalName\":\"ARC TECH SOLUTIONS\",\"foundingDate\":\"2024-04-09\",\"vatID\":\"B55480172\",\"numberOfEmployees\":{\"@type\":\"QuantitativeValue\",\"minValue\":\"1\",\"maxValue\":\"10\"}}]}<\/script>\n<!-- \/ Yoast SEO Premium plugin. -->","yoast_head_json":{"title":"Tekstil termal presi 8 - ARC da\u011f\u0131t\u0131m\u0131","robots":{"index":"index","follow":"follow","max-snippet":"max-snippet:-1","max-image-preview":"max-image-preview:large","max-video-preview":"max-video-preview:-1"},"canonical":"https:\/\/distribucionarc.com\/tr\/urun\/isi-pres-tekstil-8\/","og_locale":"tr_TR","og_type":"article","og_title":"Prensa t\u00e9rmica textil 8","og_description":"Prensa termica plancha de sublimaci\u00f3n 38 x 38 cm Esta\u00a0prensa textil 8 en 1 ARC\u00a0cuenta con una\u00a0placa de calentamiento de 38 x 38 cm\u00a0recubierta de tefl\u00f3n. Cuenta con una selecci\u00f3n completa de bobinas de calentamiento para garantizar una superficie uniforme. El dise\u00f1o giratorio de oscilaci\u00f3n de la m\u00e1quina de prensado en caliente ofrece todos los accesorios indispensables. Se puede utilizar para camisetas, gorras, placas de cer\u00e1mica, azulejos, tazas, posavasos, almohadillas de rat\u00f3n, rompecabezas y otros tejidos o diferentes materiales. Garant\u00eda\u00a0ARC 1 A\u00d1OS Prensa t\u00e9rmica eficiente, bajo consumo 1300w soporte t\u00e9cnico\u00a0incluido","og_url":"https:\/\/distribucionarc.com\/tr\/urun\/isi-pres-tekstil-8\/","og_site_name":"distribuci\u00f3n ARC","article_modified_time":"2023-06-05T16:42:35+00:00","og_image":[{"width":1600,"height":1600,"url":"https:\/\/distribucionarc.com\/wp-content\/uploads\/2020\/10\/Prensa-t\u00e9rmica-textil-8-0.jpg","type":"image\/jpeg"}],"twitter_card":"summary_large_image","twitter_misc":{"Tahmini okuma s\u00fcresi":"2 dakika"},"schema":{"@context":"https:\/\/schema.org","@graph":[{"@type":"WebPage","@id":"https:\/\/distribucionarc.com\/sk\/producto\/prensa-termica-textil-8\/","url":"https:\/\/distribucionarc.com\/sk\/producto\/prensa-termica-textil-8\/","name":"Tekstil termal presi 8 - ARC da\u011f\u0131t\u0131m\u0131","isPartOf":{"@id":"https:\/\/distribucionarc.com\/de\/#website"},"primaryImageOfPage":{"@id":"https:\/\/distribucionarc.com\/sk\/producto\/prensa-termica-textil-8\/#primaryimage"},"image":{"@id":"https:\/\/distribucionarc.com\/sk\/producto\/prensa-termica-textil-8\/#primaryimage"},"thumbnailUrl":"https:\/\/distribucionarc.com\/wp-content\/uploads\/2020\/10\/Prensa-t\u00e9rmica-textil-8-0.jpg","datePublished":"2020-10-05T09:49:56+00:00","dateModified":"2023-06-05T16:42:35+00:00","breadcrumb":{"@id":"https:\/\/distribucionarc.com\/sk\/producto\/prensa-termica-textil-8\/#breadcrumb"},"inLanguage":"tr","potentialAction":[{"@type":"ReadAction","target":["https:\/\/distribucionarc.com\/sk\/producto\/prensa-termica-textil-8\/"]}]},{"@type":"ImageObject","inLanguage":"tr","@id":"https:\/\/distribucionarc.com\/sk\/producto\/prensa-termica-textil-8\/#primaryimage","url":"https:\/\/distribucionarc.com\/wp-content\/uploads\/2020\/10\/Prensa-t\u00e9rmica-textil-8-0.jpg","contentUrl":"https:\/\/distribucionarc.com\/wp-content\/uploads\/2020\/10\/Prensa-t\u00e9rmica-textil-8-0.jpg","width":1600,"height":1600,"caption":"Prensa t\u00e9rmica textil 8"},{"@type":"BreadcrumbList","@id":"https:\/\/distribucionarc.com\/sk\/producto\/prensa-termica-textil-8\/#breadcrumb","itemListElement":[{"@type":"ListItem","position":1,"name":"Portada","item":"https:\/\/distribucionarc.com\/pl\/"},{"@type":"ListItem","position":2,"name":"Produkty","item":"https:\/\/distribucionarc.com\/pl\/shop\/"},{"@type":"ListItem","position":3,"name":"Prensa t\u00e9rmica textil 8"}]},{"@type":"WebSite","@id":"https:\/\/distribucionarc.com\/de\/#website","url":"https:\/\/distribucionarc.com\/de\/","name":"ARC da\u011f\u0131t\u0131m\u0131","description":"End\u00fcstriyel makinelerin \u00fcretimi ve da\u011f\u0131t\u0131m\u0131 konusunda uzmanla\u015fm\u0131\u015f \u015firket, kutu m\u00fch\u00fcrleme makineleri, tablet yapma makineleri, et kesme makineleri...","publisher":{"@id":"https:\/\/distribucionarc.com\/de\/#organization"},"potentialAction":[{"@type":"SearchAction","target":{"@type":"EntryPoint","urlTemplate":"https:\/\/distribucionarc.com\/de\/?s={search_term_string}"},"query-input":{"@type":"PropertyValueSpecification","valueRequired":true,"valueName":"search_term_string"}}],"inLanguage":"tr"},{"@type":"Organization","@id":"https:\/\/distribucionarc.com\/de\/#organization","name":"ARC Da\u011f\u0131t\u0131m\u0131","url":"https:\/\/distribucionarc.com\/de\/","logo":{"@type":"ImageObject","inLanguage":"tr","@id":"https:\/\/distribucionarc.com\/de\/#\/schema\/logo\/image\/","url":"https:\/\/distribucionarc.com\/wp-content\/uploads\/2024\/10\/distribucion-ARC-COLOR-SIN-FONDO-e1732295305345.png","contentUrl":"https:\/\/distribucionarc.com\/wp-content\/uploads\/2024\/10\/distribucion-ARC-COLOR-SIN-FONDO-e1732295305345.png","width":1164,"height":558,"caption":"Distribuci\u00f3n ARC"},"image":{"@id":"https:\/\/distribucionarc.com\/de\/#\/schema\/logo\/image\/"},"description":"\u015eirket, g\u0131da ve ila\u00e7 sekt\u00f6rleri i\u00e7in end\u00fcstriyel makine \u00fcretimi ve da\u011f\u0131t\u0131m\u0131 konusunda uzmanla\u015fm\u0131\u015ft\u0131r. Uzmanl\u0131k alanlar\u0131m\u0131z Et kesme makineleri Tablet \u00fcretimi End\u00fcstriyel ta\u015f\u0131ma sistemleri \u015ei\u015feleme hatlar\u0131 Dozajlama makineleri Ve \u00e7ok daha fazlas\u0131... \u015eirketinizin \u00fcretim s\u00fcre\u00e7lerini optimize etmek i\u00e7in yenilik\u00e7i ve \u00f6zelle\u015ftirilmi\u015f \u00e7\u00f6z\u00fcmler sunuyoruz.","email":"Admistracion@distribucionarc.com","telephone":"+34 643496664","legalName":"ARC TECH SOLUTIONS","foundingDate":"2024-04-09","vatID":"B55480172","numberOfEmployees":{"@type":"QuantitativeValue","minValue":"1","maxValue":"10"}}]}},"_links":{"self":[{"href":"https:\/\/distribucionarc.com\/tr\/wp-json\/wp\/v2\/product\/3554","targetHints":{"allow":["GET"]}}],"collection":[{"href":"https:\/\/distribucionarc.com\/tr\/wp-json\/wp\/v2\/product"}],"about":[{"href":"https:\/\/distribucionarc.com\/tr\/wp-json\/wp\/v2\/types\/product"}],"replies":[{"embeddable":true,"href":"https:\/\/distribucionarc.com\/tr\/wp-json\/wp\/v2\/comments?post=3554"}],"version-history":[{"count":0,"href":"https:\/\/distribucionarc.com\/tr\/wp-json\/wp\/v2\/product\/3554\/revisions"}],"wp:featuredmedia":[{"embeddable":true,"href":"https:\/\/distribucionarc.com\/tr\/wp-json\/wp\/v2\/media\/3564"}],"wp:attachment":[{"href":"https:\/\/distribucionarc.com\/tr\/wp-json\/wp\/v2\/media?parent=3554"}],"wp:term":[{"taxonomy":"product_brand","embeddable":true,"href":"https:\/\/distribucionarc.com\/tr\/wp-json\/wp\/v2\/product_brand?post=3554"},{"taxonomy":"product_cat","embeddable":true,"href":"https:\/\/distribucionarc.com\/tr\/wp-json\/wp\/v2\/product_cat?post=3554"},{"taxonomy":"product_tag","embeddable":true,"href":"https:\/\/distribucionarc.com\/tr\/wp-json\/wp\/v2\/product_tag?post=3554"}],"curies":[{"name":"wp","href":"https:\/\/api.w.org\/{rel}","templated":true}]}}