{"id":3631,"date":"2020-10-05T14:55:53","date_gmt":"2020-10-05T14:55:53","guid":{"rendered":"https:\/\/distribucionarc.com\/?post_type=product&#038;p=3631"},"modified":"2025-05-08T22:48:16","modified_gmt":"2025-05-08T20:48:16","slug":"siseleme-makinesi-viskoz-sivilar-yag-deterjan-500-to-5000ml","status":"publish","type":"product","link":"https:\/\/distribucionarc.com\/tr\/producto\/embotelladora-liquidos-viscosos-aceite-detergente-500-a-5000ml\/","title":{"rendered":"Viskoz s\u0131v\u0131lar, ya\u011f, deterjan, 500 ila 5000 ml i\u00e7in \u015fi\u015feleme makinesi"},"content":{"rendered":"<h2 data-start=\"438\" data-end=\"518\">\ud83e\uddfc Temizlik \u00dcr\u00fcnleri i\u00e7in Dozajlama ve \u015ei\u015feleme Makinesi \u2013 500 ml ila 5000 ml<\/h2>\n<p data-start=\"520\" data-end=\"870\">La <strong data-start=\"523\" data-end=\"573\">y\u00fcksek kapasiteli dozajlama ve \u015fi\u015feleme makinesi<\/strong> Kimyasal ve temizlik \u00fcr\u00fcnlerinin 3-5 litrelik bidonlara veya 1 litrelik \u015fi\u015felere doldurulmas\u0131 i\u00e7in \u00f6zel olarak tasarlanm\u0131\u015f bir makinedir. Sistemi sayesinde <strong data-start=\"761\" data-end=\"803\">d\u00f6ner valfli pn\u00f6matik piston<\/strong>, damlama ve israf olmadan hassas ve temiz dozajlama sa\u011flar.<\/p>\n<p data-start=\"872\" data-end=\"1197\">\u00dcr\u00fcnler i\u00e7in idealdir <strong data-start=\"896\" data-end=\"912\">k\u00f6p\u00fcrmeyen<\/strong>, kab\u0131n \u00fcst k\u0131sm\u0131ndan doldu\u011fu i\u00e7in. Dolum esnas\u0131nda k\u00f6p\u00fck olu\u015fturan \u00fcr\u00fcnler i\u00e7in (\u00f6rne\u011fin baz\u0131 k\u00f6p\u00fcren sabunlar veya k\u00f6p\u00fcren deterjanlar) ba\u015fka tipte bir makine \u00f6nerilir. <strong data-start=\"1114\" data-end=\"1137\">dalg\u0131\u00e7 nozul<\/strong> Kabarc\u0131k olu\u015fumunu \u00f6nlemek i\u00e7in yava\u015f yava\u015f y\u00fckseltin.<\/p>\n<p data-start=\"1199\" data-end=\"1483\">Bu makine <strong data-start=\"1212\" data-end=\"1234\">\u00e7\u0131rp\u0131c\u0131 dahil de\u011fildir<\/strong>, ancak iki \u00fcr\u00fcn besleme se\u00e7ene\u011fine izin verir: haznenin manuel olarak doldurulmas\u0131 (50 L) veya do\u011frudan ba\u011flant\u0131 yoluyla <strong data-start=\"1354\" data-end=\"1388\">harici bir tanka hortum<\/strong>, bir gibi <strong data-start=\"1398\" data-end=\"1444\">1000 litrelik IBC&#039;ler veya 200 litrelik variller<\/strong>, end\u00fcstriyel \u00fcretimler i\u00e7in idealdir.<\/p>\n<p data-start=\"1485\" data-end=\"1527\">Uyumlu \u00fcr\u00fcnlere dair baz\u0131 \u00f6rnekler:<\/p>\n<ul data-start=\"1529\" data-end=\"1835\">\n<li data-start=\"1529\" data-end=\"1563\">\n<p data-start=\"1531\" data-end=\"1563\">\ud83e\uddfc <strong data-start=\"1534\" data-end=\"1563\">K\u00f6p\u00fcrmeyen s\u0131v\u0131 sabun<\/strong><\/p>\n<\/li>\n<li data-start=\"1564\" data-end=\"1596\">\n<p data-start=\"1566\" data-end=\"1596\">\ud83e\uddfd <strong data-start=\"1569\" data-end=\"1596\">Zemin deterjanlar\u0131<\/strong><\/p>\n<\/li>\n<li data-start=\"1597\" data-end=\"1629\">\n<p data-start=\"1599\" data-end=\"1629\">\ud83e\uddf4 <strong data-start=\"1602\" data-end=\"1629\">S\u0131v\u0131 dezenfektanlar<\/strong><\/p>\n<\/li>\n<li data-start=\"1630\" data-end=\"1670\">\n<p data-start=\"1632\" data-end=\"1670\">\ud83e\uddea <strong data-start=\"1635\" data-end=\"1670\">End\u00fcstriyel kimyasallar<\/strong><\/p>\n<\/li>\n<li data-start=\"1671\" data-end=\"1733\">\n<p data-start=\"1673\" data-end=\"1733\">\ud83d\udee2\ufe0f <strong data-start=\"1677\" data-end=\"1733\">S\u0131v\u0131 mum, cilalar, \u00e7ok ama\u00e7l\u0131 temizleyiciler<\/strong><\/p>\n<\/li>\n<li data-start=\"1734\" data-end=\"1785\">\n<p data-start=\"1736\" data-end=\"1785\">\u2744\ufe0f <strong data-start=\"1739\" data-end=\"1785\">Antifriz ve otomotiv s\u0131v\u0131lar\u0131<\/strong><\/p>\n<\/li>\n<li data-start=\"1786\" data-end=\"1835\">\n<p data-start=\"1788\" data-end=\"1835\">\ud83e\uddf4 <strong data-start=\"1791\" data-end=\"1835\">Yumu\u015fat\u0131c\u0131lar veya kal\u0131n teknik \u00e7\u00f6z\u00fcmler<\/strong><\/p>\n<\/li>\n<\/ul>\n<p data-start=\"1837\" data-end=\"2162\">304\/316 paslanmaz \u00e7elikten \u00fcretilen bu makine, hem hacmi hem de dolum h\u0131z\u0131n\u0131 ayarlaman\u0131za olanak tan\u0131r ve 1000 ml&#039;ye kadar ula\u015f\u0131r. <strong data-start=\"1969\" data-end=\"1994\">Dakikada 30 konteyner<\/strong>ve modunda \u00e7al\u0131\u015fabilir <strong data-start=\"2021\" data-end=\"2052\">otomatik veya yar\u0131 otomatik<\/strong>. Mod\u00fcler tasar\u0131m\u0131 sayesinde h\u0131zl\u0131 bak\u0131m imk\u00e2n\u0131 sa\u011flar, ar\u0131za durumunda par\u00e7alar\u0131n de\u011fi\u015ftirilmesi kolayd\u0131r.<\/p>\n<p data-start=\"2164\" data-end=\"2251\">\u0130\u00e7erir <strong data-start=\"2172\" data-end=\"2192\">CE sertifikas\u0131<\/strong>, <strong data-start=\"2194\" data-end=\"2216\">2 y\u0131l garanti<\/strong> Ve <strong data-start=\"2219\" data-end=\"2250\">profesyonel teknik destek<\/strong>.<\/p>\n<hr data-start=\"2253\" data-end=\"2256\" \/>\n<h3 data-start=\"2258\" data-end=\"2287\">Teknik \u00d6zellikler<\/h3>\n<div class=\"_tableContainer_16hzy_1\">\n<div class=\"_tableWrapper_16hzy_14 group flex w-fit flex-col-reverse\" tabindex=\"-1\">\n<table class=\"w-fit min-w-(--thread-content-width)\" data-start=\"2289\" data-end=\"4035\">\n<thead data-start=\"2289\" data-end=\"2364\">\n<tr data-start=\"2289\" data-end=\"2364\">\n<th data-start=\"2289\" data-end=\"2323\" data-col-size=\"sm\">\u00d6zellik<\/th>\n<th data-start=\"2323\" data-end=\"2364\" data-col-size=\"md\">Detay<\/th>\n<\/tr>\n<\/thead>\n<tbody data-start=\"2441\" data-end=\"4035\">\n<tr data-start=\"2441\" data-end=\"2531\">\n<td data-start=\"2441\" data-end=\"2475\" data-col-size=\"sm\">Makine tipi<\/td>\n<td data-col-size=\"md\" data-start=\"2475\" data-end=\"2531\">Temizlik s\u0131v\u0131lar\u0131 i\u00e7in \u015fi\u015feleme ve dozajlama makinesi<\/td>\n<\/tr>\n<tr data-start=\"2532\" data-end=\"2607\">\n<td data-start=\"2532\" data-end=\"2566\" data-col-size=\"sm\">\u00dcr\u00fcn t\u00fcr\u00fc<\/td>\n<td data-col-size=\"md\" data-start=\"2566\" data-end=\"2607\">K\u00f6p\u00fcrmeyen viskoz s\u0131v\u0131lar<\/td>\n<\/tr>\n<tr data-start=\"2608\" data-end=\"2685\">\n<td data-start=\"2608\" data-end=\"2642\" data-col-size=\"sm\">Uygulamalar<\/td>\n<td data-col-size=\"md\" data-start=\"2642\" data-end=\"2685\">Kimya, temizlik ve otomotiv end\u00fcstrileri<\/td>\n<\/tr>\n<tr data-start=\"2686\" data-end=\"2797\">\n<td data-start=\"2686\" data-end=\"2720\" data-col-size=\"sm\">Uyumlu \u00fcr\u00fcnler<\/td>\n<td data-col-size=\"md\" data-start=\"2720\" data-end=\"2797\">S\u0131v\u0131 sabun, deterjanlar, dezenfektanlar, s\u0131v\u0131 mum, antifriz<\/td>\n<\/tr>\n<tr data-start=\"2798\" data-end=\"2874\">\n<td data-start=\"2798\" data-end=\"2832\" data-col-size=\"sm\">Dolum sistemi<\/td>\n<td data-col-size=\"md\" data-start=\"2832\" data-end=\"2874\">D\u00f6ner valfli pn\u00f6matik piston<\/td>\n<\/tr>\n<tr data-start=\"2875\" data-end=\"2950\">\n<td data-start=\"2875\" data-end=\"2909\" data-col-size=\"sm\">Dolum do\u011frulu\u011fu<\/td>\n<td data-col-size=\"md\" data-start=\"2909\" data-end=\"2950\">\u00b11%<\/td>\n<\/tr>\n<tr data-start=\"2951\" data-end=\"3027\">\n<td data-start=\"2951\" data-end=\"2985\" data-col-size=\"sm\">Dolum aral\u0131\u011f\u0131<\/td>\n<td data-col-size=\"md\" data-start=\"2985\" data-end=\"3027\">500ml \u2013 5000ml<\/td>\n<\/tr>\n<tr data-start=\"3028\" data-end=\"3107\">\n<td data-start=\"3028\" data-end=\"3061\" data-col-size=\"sm\">Huni kapasitesi<\/td>\n<td data-col-size=\"md\" data-start=\"3061\" data-end=\"3107\">50 litre (veya IBC\/varilden besleme)<\/td>\n<\/tr>\n<tr data-start=\"3108\" data-end=\"3183\">\n<td data-start=\"3108\" data-end=\"3142\" data-col-size=\"sm\">\u00dcretim h\u0131z\u0131<\/td>\n<td data-col-size=\"md\" data-start=\"3142\" data-end=\"3183\">Dakikada 30 konteynere kadar<\/td>\n<\/tr>\n<tr data-start=\"3184\" data-end=\"3263\">\n<td data-start=\"3184\" data-end=\"3218\" data-col-size=\"sm\">Dolum ba\u015fl\u0131\u011f\u0131<\/td>\n<td data-col-size=\"md\" data-start=\"3218\" data-end=\"3263\">Damlama \u00f6nleyici sistemli bireysel nozul<\/td>\n<\/tr>\n<tr data-start=\"3264\" data-end=\"3340\">\n<td data-start=\"3264\" data-end=\"3298\" data-col-size=\"sm\">G\u00fc\u00e7 kayna\u011f\u0131<\/td>\n<td data-col-size=\"md\" data-start=\"3298\" data-end=\"3340\">220V<\/td>\n<\/tr>\n<tr data-start=\"3341\" data-end=\"3417\">\n<td data-start=\"3341\" data-end=\"3375\" data-col-size=\"sm\">\u00c7al\u0131\u015fma bas\u0131nc\u0131<\/td>\n<td data-col-size=\"md\" data-start=\"3375\" data-end=\"3417\">0,4 \u2013 0,9 MPa<\/td>\n<\/tr>\n<tr data-start=\"3418\" data-end=\"3493\">\n<td data-start=\"3418\" data-end=\"3452\" data-col-size=\"sm\">Temas halindeki malzeme<\/td>\n<td data-col-size=\"md\" data-start=\"3452\" data-end=\"3493\">G\u0131da s\u0131n\u0131f\u0131 paslanmaz \u00e7elik<\/td>\n<\/tr>\n<tr data-start=\"3494\" data-end=\"3569\">\n<td data-start=\"3494\" data-end=\"3528\" data-col-size=\"sm\">Genel materyal<\/td>\n<td data-col-size=\"md\" data-start=\"3528\" data-end=\"3569\">Paslanmaz \u00e7elik 304\/316<\/td>\n<\/tr>\n<tr data-start=\"3570\" data-end=\"3645\">\n<td data-start=\"3570\" data-end=\"3604\" data-col-size=\"sm\">\u00c7al\u0131\u015fma modlar\u0131<\/td>\n<td data-col-size=\"md\" data-start=\"3604\" data-end=\"3645\">Yar\u0131 otomatik \/ Otomatik<\/td>\n<\/tr>\n<tr data-start=\"3646\" data-end=\"3728\">\n<td data-start=\"3646\" data-end=\"3680\" data-col-size=\"sm\">G\u00f6stergeler ve kontroller<\/td>\n<td data-col-size=\"md\" data-start=\"3680\" data-end=\"3728\">Bas\u0131n\u00e7 g\u00f6stergesi, hacim ve h\u0131z reg\u00fclasyonu<\/td>\n<\/tr>\n<tr data-start=\"3729\" data-end=\"3804\">\n<td data-start=\"3729\" data-end=\"3763\" data-col-size=\"sm\">Temizlik ve bak\u0131m<\/td>\n<td data-col-size=\"md\" data-start=\"3763\" data-end=\"3804\">Kolay s\u00f6kme ve temizleme<\/td>\n<\/tr>\n<tr data-start=\"3805\" data-end=\"3881\">\n<td data-start=\"3805\" data-end=\"3839\" data-col-size=\"sm\">Sertifikasyon<\/td>\n<td data-col-size=\"md\" data-start=\"3839\" data-end=\"3881\">EC<\/td>\n<\/tr>\n<tr data-start=\"3882\" data-end=\"3958\">\n<td data-start=\"3882\" data-end=\"3916\" data-col-size=\"sm\">Garanti<\/td>\n<td data-col-size=\"md\" data-start=\"3916\" data-end=\"3958\">2 y\u0131l<\/td>\n<\/tr>\n<tr data-start=\"3959\" data-end=\"4035\">\n<td data-start=\"3959\" data-end=\"3993\" data-col-size=\"sm\">Teknik destek<\/td>\n<td data-col-size=\"md\" data-start=\"3993\" data-end=\"4035\">\u0130\u00e7ermek<\/td>\n<\/tr>\n<\/tbody>\n<\/table>\n<div class=\"sticky end-(--thread-content-margin) h-0 self-end select-none\">\n<div class=\"absolute end-0 flex items-end\"><\/div>\n<\/div>\n<\/div>\n<\/div>\n<p>&nbsp;<\/p>","protected":false},"excerpt":{"rendered":"<h2>Dispenser, \u015ei\u015feleme, \u00c7\u0131rp\u0131c\u0131l\u0131 Dolum 500 ml? 5000 ml<\/h2>\n<p><b>Deterjan, kimyasal madde, re\u00e7el doldurma makinesi<\/b>\u00a0son derece viskoz yar\u0131 otomatik, pn\u00f6matik pistonla tahrik edilen, en kaliteli malzemelerden \u00fcretilmi\u015ftir. \u00dcr\u00fcnlerin ak\u0131\u015f\u0131n\u0131 kontrol eden be\u015f valf ile donat\u0131lm\u0131\u015ft\u0131r. \u00dcst\u00fcn tasar\u0131ma sahip yap\u0131s\u0131 ve t\u00fcm modellerinin kullan\u0131m\u0131 kolayd\u0131r. Kullan\u0131lan pn\u00f6matik bile\u015fenler Almanya ve Tayvan&#039;da \u00fcretilmektedir. Kullan\u0131lan t\u00fcm kontak malzemeleri GMP gerekliliklerine uygun 316 paslanmaz \u00e7eliktir. Hacim miktar\u0131 ve doldurma h\u0131z\u0131 b\u00fcy\u00fck bir hassasiyetle ayarlanabilir.<\/p>","protected":false},"featured_media":3632,"comment_status":"open","ping_status":"closed","template":"","meta":{"wds_primary_product_brand":0,"wds_primary_product_cat":0},"product_brand":[],"product_cat":[18,19,321,21],"product_tag":[],"class_list":{"0":"post-3631","1":"product","2":"type-product","3":"status-publish","4":"has-post-thumbnail","6":"product_cat-dosificadoras","7":"product_cat-dosificadoras-de-liquidos","8":"product_cat-llenadoras-de-piston","9":"product_cat-maquinas-llenadoras","10":"product_shipping_class-express","12":"first","13":"instock","14":"sale","15":"taxable","16":"shipping-taxable","17":"purchasable","18":"product-type-simple"},"yoast_head":"<!-- This site is optimized with the Yoast SEO Premium plugin v24.9 (Yoast SEO v26.1) - https:\/\/yoast.com\/wordpress\/plugins\/seo\/ -->\n<title>Embotelladora l\u00edquidos viscosos, aceite, detergente, 500 a 5000ml - distribuci\u00f3n ARC<\/title>\n<meta name=\"robots\" content=\"index, follow, max-snippet:-1, max-image-preview:large, max-video-preview:-1\" \/>\n<link rel=\"canonical\" href=\"https:\/\/www.distribucionarc.com\/lt\/producto\/embotelladora-liquidos-viscosos-aceite-detergente-500-a-5000ml\/\" \/>\n<meta property=\"og:locale\" content=\"tr_TR\" \/>\n<meta property=\"og:type\" content=\"article\" \/>\n<meta property=\"og:title\" content=\"Embotelladora l\u00edquidos viscosos, aceite, detergente, 500 a 5000ml\" \/>\n<meta property=\"og:description\" content=\"Dosificadora, Embotelladora, Llenadora con Batidor 500 ml ? 5000 ml M\u00e1quina para llenado detergente, qu\u00edmicos, mermeladas\u00a0muy viscosos semiautom\u00e1tica, impulsada por un pist\u00f3n neum\u00e1tico, fabricada con materiales de primera calidad. Equipada con cinco v\u00e1lvulas que controlan el flujo de los productos. Estructura con dise\u00f1o superior y todos los modelos son f\u00e1ciles de operar. Los componentes neum\u00e1ticos utilizados son hechos en Alemania y Taiwan. Todos los materiales de contacto utilizados, son de acero inoxidable 316 de acuerdo con los requisitos de GMP. La cantidad de volumen y la velocidad de llenado pueden ser regulados con una gran precisi\u00f3n.\" \/>\n<meta property=\"og:url\" content=\"https:\/\/www.distribucionarc.com\/lt\/producto\/embotelladora-liquidos-viscosos-aceite-detergente-500-a-5000ml\/\" \/>\n<meta property=\"og:site_name\" content=\"distribuci\u00f3n ARC\" \/>\n<meta property=\"article:modified_time\" content=\"2025-05-08T20:48:16+00:00\" \/>\n<meta property=\"og:image\" content=\"https:\/\/www.distribucionarc.com\/wp-content\/uploads\/2020\/10\/Dosificadora-Embotelladora-Llenadora-con-Batidor-500-ml-3000-ml-0.jpg\" \/>\n\t<meta property=\"og:image:width\" content=\"1600\" \/>\n\t<meta property=\"og:image:height\" content=\"1600\" \/>\n\t<meta property=\"og:image:type\" content=\"image\/jpeg\" \/>\n<meta name=\"twitter:card\" content=\"summary_large_image\" \/>\n<meta name=\"twitter:label1\" content=\"Tahmini okuma s\u00fcresi\" \/>\n\t<meta name=\"twitter:data1\" content=\"2 dakika\" \/>\n<script type=\"application\/ld+json\" class=\"yoast-schema-graph\">{\"@context\":\"https:\/\/schema.org\",\"@graph\":[{\"@type\":\"WebPage\",\"@id\":\"https:\/\/www.distribucionarc.com\/lt\/producto\/embotelladora-liquidos-viscosos-aceite-detergente-500-a-5000ml\/\",\"url\":\"https:\/\/www.distribucionarc.com\/lt\/producto\/embotelladora-liquidos-viscosos-aceite-detergente-500-a-5000ml\/\",\"name\":\"Embotelladora l\u00edquidos viscosos, aceite, detergente, 500 a 5000ml - distribuci\u00f3n ARC\",\"isPartOf\":{\"@id\":\"https:\/\/distribucionarc.com\/ar\/#website\"},\"primaryImageOfPage\":{\"@id\":\"https:\/\/www.distribucionarc.com\/lt\/producto\/embotelladora-liquidos-viscosos-aceite-detergente-500-a-5000ml\/#primaryimage\"},\"image\":{\"@id\":\"https:\/\/www.distribucionarc.com\/lt\/producto\/embotelladora-liquidos-viscosos-aceite-detergente-500-a-5000ml\/#primaryimage\"},\"thumbnailUrl\":\"https:\/\/distribucionarc.com\/wp-content\/uploads\/2020\/10\/Dosificadora-Embotelladora-Llenadora-con-Batidor-500-ml-3000-ml-0.jpg\",\"datePublished\":\"2020-10-05T14:55:53+00:00\",\"dateModified\":\"2025-05-08T20:48:16+00:00\",\"breadcrumb\":{\"@id\":\"https:\/\/www.distribucionarc.com\/lt\/producto\/embotelladora-liquidos-viscosos-aceite-detergente-500-a-5000ml\/#breadcrumb\"},\"inLanguage\":\"tr\",\"potentialAction\":[{\"@type\":\"ReadAction\",\"target\":[\"https:\/\/www.distribucionarc.com\/lt\/producto\/embotelladora-liquidos-viscosos-aceite-detergente-500-a-5000ml\/\"]}]},{\"@type\":\"ImageObject\",\"inLanguage\":\"tr\",\"@id\":\"https:\/\/www.distribucionarc.com\/lt\/producto\/embotelladora-liquidos-viscosos-aceite-detergente-500-a-5000ml\/#primaryimage\",\"url\":\"https:\/\/distribucionarc.com\/wp-content\/uploads\/2020\/10\/Dosificadora-Embotelladora-Llenadora-con-Batidor-500-ml-3000-ml-0.jpg\",\"contentUrl\":\"https:\/\/distribucionarc.com\/wp-content\/uploads\/2020\/10\/Dosificadora-Embotelladora-Llenadora-con-Batidor-500-ml-3000-ml-0.jpg\",\"width\":1600,\"height\":1600,\"caption\":\"Dosificadora, Embotelladora, Llenadora con Batidor 500 ml 3000 ml\"},{\"@type\":\"BreadcrumbList\",\"@id\":\"https:\/\/www.distribucionarc.com\/lt\/producto\/embotelladora-liquidos-viscosos-aceite-detergente-500-a-5000ml\/#breadcrumb\",\"itemListElement\":[{\"@type\":\"ListItem\",\"position\":1,\"name\":\"Portada\",\"item\":\"https:\/\/www.distribucionarc.com\/pt\/\"},{\"@type\":\"ListItem\",\"position\":2,\"name\":\"Produtos\",\"item\":\"https:\/\/www.distribucionarc.com\/pt\/shop\/\"},{\"@type\":\"ListItem\",\"position\":3,\"name\":\"Embotelladora l\u00edquidos viscosos, aceite, detergente, 500 a 5000ml\"}]},{\"@type\":\"WebSite\",\"@id\":\"https:\/\/distribucionarc.com\/ar\/#website\",\"url\":\"https:\/\/distribucionarc.com\/ar\/\",\"name\":\"distribuci\u00f3n ARC\",\"description\":\"Empresa especializada en la fabricaci\u00f3n y distribuci\u00f3n de maquinaria industrial, selladoras de latas, Maquinas de hacer pastillas, Maquinas de cortar carne...\",\"publisher\":{\"@id\":\"https:\/\/distribucionarc.com\/ar\/#organization\"},\"potentialAction\":[{\"@type\":\"SearchAction\",\"target\":{\"@type\":\"EntryPoint\",\"urlTemplate\":\"https:\/\/distribucionarc.com\/ar\/?s={search_term_string}\"},\"query-input\":{\"@type\":\"PropertyValueSpecification\",\"valueRequired\":true,\"valueName\":\"search_term_string\"}}],\"inLanguage\":\"tr\"},{\"@type\":\"Organization\",\"@id\":\"https:\/\/distribucionarc.com\/ar\/#organization\",\"name\":\"Distribuci\u00f3n ARC\",\"url\":\"https:\/\/distribucionarc.com\/ar\/\",\"logo\":{\"@type\":\"ImageObject\",\"inLanguage\":\"tr\",\"@id\":\"https:\/\/distribucionarc.com\/ar\/#\/schema\/logo\/image\/\",\"url\":\"https:\/\/distribucionarc.com\/wp-content\/uploads\/2024\/10\/distribucion-ARC-COLOR-SIN-FONDO-e1732295305345.png\",\"contentUrl\":\"https:\/\/distribucionarc.com\/wp-content\/uploads\/2024\/10\/distribucion-ARC-COLOR-SIN-FONDO-e1732295305345.png\",\"width\":1164,\"height\":558,\"caption\":\"Distribuci\u00f3n ARC\"},\"image\":{\"@id\":\"https:\/\/distribucionarc.com\/ar\/#\/schema\/logo\/image\/\"},\"description\":\"Empresa especializada en la fabricaci\u00f3n y distribuci\u00f3n de maquinaria industrial para los sectores alimentario y farmac\u00e9utico. Nos especializamos en: M\u00e1quinas de cortar carne Fabricaci\u00f3n de comprimidos Sistemas de transporte industrial L\u00edneas de embotellado Dosificadores Y mucho m\u00e1s... Ofrecemos soluciones innovadoras y personalizadas para optimizar los procesos productivos de tu empresa.\",\"email\":\"Admistracion@distribucionarc.com\",\"telephone\":\"+34 643496664\",\"legalName\":\"ARC TECH SOLUTIONS\",\"foundingDate\":\"2024-04-09\",\"vatID\":\"B55480172\",\"numberOfEmployees\":{\"@type\":\"QuantitativeValue\",\"minValue\":\"1\",\"maxValue\":\"10\"}}]}<\/script>\n<!-- \/ Yoast SEO Premium plugin. -->","yoast_head_json":{"title":"Viskoz s\u0131v\u0131lar\u0131n, ya\u011flar\u0131n, deterjanlar\u0131n, 500 ila 5000 ml&#039;lik \u015fi\u015felenmesi - ARC da\u011f\u0131t\u0131m\u0131","robots":{"index":"index","follow":"follow","max-snippet":"max-snippet:-1","max-image-preview":"max-image-preview:large","max-video-preview":"max-video-preview:-1"},"canonical":"https:\/\/www.distribucionarc.com\/lt\/producto\/embotelladora-liquidos-viscosos-aceite-detergente-500-a-5000ml\/","og_locale":"tr_TR","og_type":"article","og_title":"Embotelladora l\u00edquidos viscosos, aceite, detergente, 500 a 5000ml","og_description":"Dosificadora, Embotelladora, Llenadora con Batidor 500 ml ? 5000 ml M\u00e1quina para llenado detergente, qu\u00edmicos, mermeladas\u00a0muy viscosos semiautom\u00e1tica, impulsada por un pist\u00f3n neum\u00e1tico, fabricada con materiales de primera calidad. Equipada con cinco v\u00e1lvulas que controlan el flujo de los productos. Estructura con dise\u00f1o superior y todos los modelos son f\u00e1ciles de operar. Los componentes neum\u00e1ticos utilizados son hechos en Alemania y Taiwan. Todos los materiales de contacto utilizados, son de acero inoxidable 316 de acuerdo con los requisitos de GMP. La cantidad de volumen y la velocidad de llenado pueden ser regulados con una gran precisi\u00f3n.","og_url":"https:\/\/www.distribucionarc.com\/lt\/producto\/embotelladora-liquidos-viscosos-aceite-detergente-500-a-5000ml\/","og_site_name":"distribuci\u00f3n ARC","article_modified_time":"2025-05-08T20:48:16+00:00","og_image":[{"width":1600,"height":1600,"url":"https:\/\/www.distribucionarc.com\/wp-content\/uploads\/2020\/10\/Dosificadora-Embotelladora-Llenadora-con-Batidor-500-ml-3000-ml-0.jpg","type":"image\/jpeg"}],"twitter_card":"summary_large_image","twitter_misc":{"Tahmini okuma s\u00fcresi":"2 dakika"},"schema":{"@context":"https:\/\/schema.org","@graph":[{"@type":"WebPage","@id":"https:\/\/www.distribucionarc.com\/lt\/producto\/embotelladora-liquidos-viscosos-aceite-detergente-500-a-5000ml\/","url":"https:\/\/www.distribucionarc.com\/lt\/producto\/embotelladora-liquidos-viscosos-aceite-detergente-500-a-5000ml\/","name":"Viskoz s\u0131v\u0131lar\u0131n, ya\u011flar\u0131n, deterjanlar\u0131n, 500 ila 5000 ml&#039;lik \u015fi\u015felenmesi - ARC da\u011f\u0131t\u0131m\u0131","isPartOf":{"@id":"https:\/\/distribucionarc.com\/ar\/#website"},"primaryImageOfPage":{"@id":"https:\/\/www.distribucionarc.com\/lt\/producto\/embotelladora-liquidos-viscosos-aceite-detergente-500-a-5000ml\/#primaryimage"},"image":{"@id":"https:\/\/www.distribucionarc.com\/lt\/producto\/embotelladora-liquidos-viscosos-aceite-detergente-500-a-5000ml\/#primaryimage"},"thumbnailUrl":"https:\/\/distribucionarc.com\/wp-content\/uploads\/2020\/10\/Dosificadora-Embotelladora-Llenadora-con-Batidor-500-ml-3000-ml-0.jpg","datePublished":"2020-10-05T14:55:53+00:00","dateModified":"2025-05-08T20:48:16+00:00","breadcrumb":{"@id":"https:\/\/www.distribucionarc.com\/lt\/producto\/embotelladora-liquidos-viscosos-aceite-detergente-500-a-5000ml\/#breadcrumb"},"inLanguage":"tr","potentialAction":[{"@type":"ReadAction","target":["https:\/\/www.distribucionarc.com\/lt\/producto\/embotelladora-liquidos-viscosos-aceite-detergente-500-a-5000ml\/"]}]},{"@type":"ImageObject","inLanguage":"tr","@id":"https:\/\/www.distribucionarc.com\/lt\/producto\/embotelladora-liquidos-viscosos-aceite-detergente-500-a-5000ml\/#primaryimage","url":"https:\/\/distribucionarc.com\/wp-content\/uploads\/2020\/10\/Dosificadora-Embotelladora-Llenadora-con-Batidor-500-ml-3000-ml-0.jpg","contentUrl":"https:\/\/distribucionarc.com\/wp-content\/uploads\/2020\/10\/Dosificadora-Embotelladora-Llenadora-con-Batidor-500-ml-3000-ml-0.jpg","width":1600,"height":1600,"caption":"Dosificadora, Embotelladora, Llenadora con Batidor 500 ml 3000 ml"},{"@type":"BreadcrumbList","@id":"https:\/\/www.distribucionarc.com\/lt\/producto\/embotelladora-liquidos-viscosos-aceite-detergente-500-a-5000ml\/#breadcrumb","itemListElement":[{"@type":"ListItem","position":1,"name":"Portada","item":"https:\/\/www.distribucionarc.com\/pt\/"},{"@type":"ListItem","position":2,"name":"Produtos","item":"https:\/\/www.distribucionarc.com\/pt\/shop\/"},{"@type":"ListItem","position":3,"name":"Embotelladora l\u00edquidos viscosos, aceite, detergente, 500 a 5000ml"}]},{"@type":"WebSite","@id":"https:\/\/distribucionarc.com\/ar\/#website","url":"https:\/\/distribucionarc.com\/ar\/","name":"ARC da\u011f\u0131t\u0131m\u0131","description":"End\u00fcstriyel makinelerin \u00fcretimi ve da\u011f\u0131t\u0131m\u0131 konusunda uzmanla\u015fm\u0131\u015f \u015firket, kutu m\u00fch\u00fcrleme makineleri, tablet yapma makineleri, et kesme makineleri...","publisher":{"@id":"https:\/\/distribucionarc.com\/ar\/#organization"},"potentialAction":[{"@type":"SearchAction","target":{"@type":"EntryPoint","urlTemplate":"https:\/\/distribucionarc.com\/ar\/?s={search_term_string}"},"query-input":{"@type":"PropertyValueSpecification","valueRequired":true,"valueName":"search_term_string"}}],"inLanguage":"tr"},{"@type":"Organization","@id":"https:\/\/distribucionarc.com\/ar\/#organization","name":"ARC Da\u011f\u0131t\u0131m\u0131","url":"https:\/\/distribucionarc.com\/ar\/","logo":{"@type":"ImageObject","inLanguage":"tr","@id":"https:\/\/distribucionarc.com\/ar\/#\/schema\/logo\/image\/","url":"https:\/\/distribucionarc.com\/wp-content\/uploads\/2024\/10\/distribucion-ARC-COLOR-SIN-FONDO-e1732295305345.png","contentUrl":"https:\/\/distribucionarc.com\/wp-content\/uploads\/2024\/10\/distribucion-ARC-COLOR-SIN-FONDO-e1732295305345.png","width":1164,"height":558,"caption":"Distribuci\u00f3n ARC"},"image":{"@id":"https:\/\/distribucionarc.com\/ar\/#\/schema\/logo\/image\/"},"description":"\u015eirket, g\u0131da ve ila\u00e7 sekt\u00f6rleri i\u00e7in end\u00fcstriyel makine \u00fcretimi ve da\u011f\u0131t\u0131m\u0131 konusunda uzmanla\u015fm\u0131\u015ft\u0131r. Uzmanl\u0131k alanlar\u0131m\u0131z Et kesme makineleri Tablet \u00fcretimi End\u00fcstriyel ta\u015f\u0131ma sistemleri \u015ei\u015feleme hatlar\u0131 Dozajlama makineleri Ve \u00e7ok daha fazlas\u0131... \u015eirketinizin \u00fcretim s\u00fcre\u00e7lerini optimize etmek i\u00e7in yenilik\u00e7i ve \u00f6zelle\u015ftirilmi\u015f \u00e7\u00f6z\u00fcmler sunuyoruz.","email":"Admistracion@distribucionarc.com","telephone":"+34 643496664","legalName":"ARC TECH SOLUTIONS","foundingDate":"2024-04-09","vatID":"B55480172","numberOfEmployees":{"@type":"QuantitativeValue","minValue":"1","maxValue":"10"}}]}},"_links":{"self":[{"href":"https:\/\/distribucionarc.com\/tr\/wp-json\/wp\/v2\/product\/3631","targetHints":{"allow":["GET"]}}],"collection":[{"href":"https:\/\/distribucionarc.com\/tr\/wp-json\/wp\/v2\/product"}],"about":[{"href":"https:\/\/distribucionarc.com\/tr\/wp-json\/wp\/v2\/types\/product"}],"replies":[{"embeddable":true,"href":"https:\/\/distribucionarc.com\/tr\/wp-json\/wp\/v2\/comments?post=3631"}],"version-history":[{"count":2,"href":"https:\/\/distribucionarc.com\/tr\/wp-json\/wp\/v2\/product\/3631\/revisions"}],"predecessor-version":[{"id":17469,"href":"https:\/\/distribucionarc.com\/tr\/wp-json\/wp\/v2\/product\/3631\/revisions\/17469"}],"wp:featuredmedia":[{"embeddable":true,"href":"https:\/\/distribucionarc.com\/tr\/wp-json\/wp\/v2\/media\/3632"}],"wp:attachment":[{"href":"https:\/\/distribucionarc.com\/tr\/wp-json\/wp\/v2\/media?parent=3631"}],"wp:term":[{"taxonomy":"product_brand","embeddable":true,"href":"https:\/\/distribucionarc.com\/tr\/wp-json\/wp\/v2\/product_brand?post=3631"},{"taxonomy":"product_cat","embeddable":true,"href":"https:\/\/distribucionarc.com\/tr\/wp-json\/wp\/v2\/product_cat?post=3631"},{"taxonomy":"product_tag","embeddable":true,"href":"https:\/\/distribucionarc.com\/tr\/wp-json\/wp\/v2\/product_tag?post=3631"}],"curies":[{"name":"wp","href":"https:\/\/api.w.org\/{rel}","templated":true}]}}