{"id":371,"date":"2020-04-18T13:03:20","date_gmt":"2020-04-18T13:03:20","guid":{"rendered":"https:\/\/distribucionarc.com\/?post_type=product&#038;p=371"},"modified":"2025-05-08T22:12:23","modified_gmt":"2025-05-08T20:12:23","slug":"cift-pistonlu-pnomatik-emme-sivi-dolum-dozajlama-siseleme-makinesi-1000ml-%f0%9f%a7%b4","status":"publish","type":"product","link":"https:\/\/distribucionarc.com\/tr\/producto\/llenadora-de-liquidos-doble-piston-neumatico-por-succion-embotelladora-dosificadora-1000ml-%f0%9f%a7%b4\/","title":{"rendered":"S\u0131v\u0131 Doldurucu, \u00c7ift Pistonlu Pn\u00f6matik Emme, \u015ei\u015feleme, Da\u011f\u0131t\u0131m 1000 ml ?"},"content":{"rendered":"<h2>\ud83e\uddf4 S\u0131v\u0131lar ve Yar\u0131 S\u0131v\u0131lar i\u00e7in Yar\u0131 Otomatik \u00c7ift Pistonlu Dolum Makinesi<\/h2>\n<p>La <strong>yar\u0131 otomatik \u00e7ift pistonlu dolum makinas\u0131<\/strong> D\u00fc\u015f\u00fck viskoziteli s\u0131v\u0131 ve yar\u0131 s\u0131v\u0131 \u00fcr\u00fcnlerin paketlenmesinde \u00e7ok y\u00f6nl\u00fc ve hassas bir \u00e7\u00f6z\u00fcmd\u00fcr. Pn\u00f6matik piston sistemi ve d\u00f6ner valfleri sayesinde homojen ve verimli dolum imkan\u0131 sa\u011flar, k\u00fc\u00e7\u00fck ve orta \u00f6l\u00e7ekli \u00fcretim hatlar\u0131n\u0131n ihtiya\u00e7lar\u0131na uygundur.<\/p>\n<p>Paslanmaz \u00e7elikten \u00fcretilen bu makine, hijyen ve dayan\u0131kl\u0131l\u0131\u011f\u0131n \u00f6nemli oldu\u011fu ortamlar i\u00e7in idealdir. Kolay s\u00f6k\u00fcl\u00fcp tak\u0131labilir tasar\u0131m\u0131 sayesinde temizli\u011fi ve g\u00fcnl\u00fck bak\u0131m\u0131 daha kolay \ud83e\uddfc.<\/p>\n<p>\u0130\u015fleyebildi\u011fi en yayg\u0131n \u00fcr\u00fcnlerden baz\u0131lar\u0131 \u015funlard\u0131r:<\/p>\n<ul>\n<li>\ud83e\uddf4 <strong>Hidroalkolik jel<\/strong>, losyonlar ve u\u00e7ucu ya\u011flar<\/li>\n<li>\ud83c\udf6f <strong>S\u0131v\u0131 bal<\/strong>, \u015furuplar, s\u0131v\u0131 soslar, salata soslar\u0131<\/li>\n<li>\ud83d\udc8a <strong>A\u011f\u0131zdan al\u0131nan \u015furuplar<\/strong>, farmas\u00f6tik \u00e7\u00f6z\u00fcmler ve tonikler<\/li>\n<li>\ud83e\uddea <strong>\u0130zopropil alkol<\/strong>, s\u0131v\u0131 temizleyiciler, deterjanlar<\/li>\n<li>\ud83e\udd64 <strong>Meyve sular\u0131<\/strong>, s\u0131v\u0131 konsantreler, izotonik i\u00e7ecekler<\/li>\n<\/ul>\n<p>Bu makine, hacmi ve doldurma h\u0131z\u0131n\u0131 ayarlaman\u0131za olanak tan\u0131r <strong>\u00b11% do\u011frulu\u011fu<\/strong>, \u00e7ok \u00e7e\u015fitli ambalajlara uyum sa\u011flar. Ayarlanabilir ba\u015fl\u0131\u011f\u0131 ve \u00e7al\u0131\u015fma se\u00e7ene\u011fi <strong>yar\u0131 otomatik veya otomatik<\/strong> Her t\u00fcrl\u00fc s\u00fcre\u00e7te esneklik sa\u011flarlar.<\/p>\n<p>K\u0131sacas\u0131, \u00fcretkenli\u011fi art\u0131rmak, israf\u0131 en aza indirmek ve her seferinde tutarl\u0131 sonu\u00e7lar elde etmek i\u00e7in g\u00fcvenilir bir ara\u00e7. \u2714\ufe0f<\/p>\n<h3>Teknik \u00d6zellikler<\/h3>\n<table>\n<thead>\n<tr>\n<th>\u00d6zellik<\/th>\n<th>Detay<\/th>\n<\/tr>\n<\/thead>\n<tbody>\n<tr>\n<td>Makine tipi<\/td>\n<td>Yar\u0131 otomatik \u00e7ift pistonlu dolum makinas\u0131<\/td>\n<\/tr>\n<tr>\n<td>\u00dcr\u00fcn t\u00fcr\u00fc<\/td>\n<td>D\u00fc\u015f\u00fck viskoziteli s\u0131v\u0131lar ve yar\u0131 s\u0131v\u0131lar<\/td>\n<\/tr>\n<tr>\n<td>Uygulamalar<\/td>\n<td>Kozmetik, G\u0131da, Kimyasallar, \u0130la\u00e7lar, \u0130\u00e7ecekler<\/td>\n<\/tr>\n<tr>\n<td>Uyumlu \u00fcr\u00fcnler<\/td>\n<td>Hidroalkolik jel, bal, \u015furuplar, soslar, kremler, ya\u011flar, dezenfektanlar<\/td>\n<\/tr>\n<tr>\n<td>Dolum sistemi<\/td>\n<td>D\u00f6ner valfli pn\u00f6matik piston<\/td>\n<\/tr>\n<tr>\n<td>Dolum do\u011frulu\u011fu<\/td>\n<td>\u00b11%<\/td>\n<\/tr>\n<tr>\n<td>Dolum aral\u0131\u011f\u0131<\/td>\n<td>90ml \u2013 1000ml<\/td>\n<\/tr>\n<tr>\n<td>\u00c7al\u0131\u015fma bas\u0131nc\u0131<\/td>\n<td>0,4 \u2013 0,9 MPa<\/td>\n<\/tr>\n<tr>\n<td>\u00dcretim h\u0131z\u0131<\/td>\n<td>Dakikada 40 \u015fi\u015feye kadar<\/td>\n<\/tr>\n<tr>\n<td>G\u00fc\u00e7 kayna\u011f\u0131<\/td>\n<td>220V<\/td>\n<\/tr>\n<tr>\n<td>Kafa say\u0131s\u0131<\/td>\n<td>1<\/td>\n<\/tr>\n<tr>\n<td>Boyutlar<\/td>\n<td>1000\u00d7350\u00d7355 mm<\/td>\n<\/tr>\n<tr>\n<td>A\u011f\u0131rl\u0131k<\/td>\n<td>40kg<\/td>\n<\/tr>\n<tr>\n<td>\u00dcretim malzemesi<\/td>\n<td>Paslanmaz \u00e7elik<\/td>\n<\/tr>\n<tr>\n<td>\u00c7al\u0131\u015fma modlar\u0131<\/td>\n<td>Yar\u0131 otomatik \/ Otomatik<\/td>\n<\/tr>\n<tr>\n<td>Temizlik ve bak\u0131m<\/td>\n<td>Kolay s\u00f6kme ve temizleme<\/td>\n<\/tr>\n<\/tbody>\n<\/table>","protected":false},"excerpt":{"rendered":"<p>Pn\u00f6matik \u015fi\u015feleme cihaz\u0131 90ML \u27a1\ufe0f1000ML \u015fampuan, ya\u011f, su, parf\u00fcm dolum makinesi<\/p>\n<p>Yar\u0131 otomatik \u015fi\u015fe doldurucu<\/p>\n<p>\u015eAMPUAN, YA\u011e, PARF\u00dcM SU JEL\u0130 \u0130\u00c7\u0130N PN\u00d6MAT\u0130K SIVI DOLUM MAK\u0130NES\u0130<\/p>\n<p>90ML \u27a1\ufe0f 1000ML<\/p>\n<p>\u015eampuan, ya\u011f, su, parf\u00fcm ve jel kimyasallar\u0131 gibi farkl\u0131 t\u00fcrdeki s\u0131v\u0131lar\u0131 dozajlayabilirsiniz. 90ML \u27a1\ufe0f1000ML aras\u0131nda de\u011fi\u015fen farkl\u0131 miktarlarda \u00fcr\u00fcn dozajlayabilirsiniz.<\/p>","protected":false},"featured_media":378,"comment_status":"open","ping_status":"closed","template":"","meta":{"wds_primary_product_brand":0,"wds_primary_product_cat":0},"product_brand":[],"product_cat":[18,19,321,21],"product_tag":[],"class_list":{"0":"post-371","1":"product","2":"type-product","3":"status-publish","4":"has-post-thumbnail","6":"product_cat-dosificadoras","7":"product_cat-dosificadoras-de-liquidos","8":"product_cat-llenadoras-de-piston","9":"product_cat-maquinas-llenadoras","11":"first","12":"instock","13":"taxable","14":"shipping-taxable","15":"purchasable","16":"product-type-simple"},"yoast_head":"<!-- This site is optimized with the Yoast SEO Premium plugin v24.9 (Yoast SEO v26.1) - https:\/\/yoast.com\/wordpress\/plugins\/seo\/ -->\n<title>Llenadora de l\u00edquidos, Doble Pist\u00f3n Neum\u00e1tico por Succi\u00f3n, Embotelladora, Dosificadora 1000 ml ? - distribuci\u00f3n ARC<\/title>\n<meta name=\"robots\" content=\"index, follow, max-snippet:-1, max-image-preview:large, max-video-preview:-1\" \/>\n<link rel=\"canonical\" href=\"https:\/\/distribucionarc.com\/tr\/urun\/cift-pistonlu-pnomatik-emme-sivi-dolum-dozajlama-siseleme-makinesi-1000ml-\ud83e\uddf4\/\" \/>\n<meta property=\"og:locale\" content=\"tr_TR\" \/>\n<meta property=\"og:type\" content=\"article\" \/>\n<meta property=\"og:title\" content=\"Llenadora de l\u00edquidos, Doble Pist\u00f3n Neum\u00e1tico por Succi\u00f3n, Embotelladora, Dosificadora 1000 ml ?\" \/>\n<meta property=\"og:description\" content=\"Dispositivo de embotellado neum\u00e1tico 90ML \u27a1\ufe0f 1000ML m\u00e1quina de rellenar para el champ\u00fa, aceite, agua, perfume  Llenadora de botellas semiautom\u00e1tica  MAQUINA DE LLENADO DE L\u00cdQUIDO NEUMATICA PARA CHAMPU, ACEITE, PERFUME DE AGUA GEL  90ML \u27a1\ufe0f 1000ML  Usted puede dosificar diversa clase de l\u00edquidos como champ\u00fa, aceite, agua, perfume y gel el productos qu\u00edmicos. Puede dosificar diferentes cantidades de producto que van desde los 90ML \u27a1\ufe0f1000ML.\" \/>\n<meta property=\"og:url\" content=\"https:\/\/distribucionarc.com\/tr\/urun\/cift-pistonlu-pnomatik-emme-sivi-dolum-dozajlama-siseleme-makinesi-1000ml-\ud83e\uddf4\/\" \/>\n<meta property=\"og:site_name\" content=\"distribuci\u00f3n ARC\" \/>\n<meta property=\"article:modified_time\" content=\"2025-05-08T20:12:23+00:00\" \/>\n<meta property=\"og:image\" content=\"https:\/\/distribucionarc.com\/wp-content\/uploads\/2020\/04\/llenadora_de_liquidos_doble_piston_neumatico_por_succi\u00f3n_embotelladora_dosificadora_1000ml_0.jpeg\" \/>\n\t<meta property=\"og:image:width\" content=\"960\" \/>\n\t<meta property=\"og:image:height\" content=\"960\" \/>\n\t<meta property=\"og:image:type\" content=\"image\/jpeg\" \/>\n<meta name=\"twitter:card\" content=\"summary_large_image\" \/>\n<meta name=\"twitter:label1\" content=\"Tahmini okuma s\u00fcresi\" \/>\n\t<meta name=\"twitter:data1\" content=\"2 dakika\" \/>\n<script type=\"application\/ld+json\" class=\"yoast-schema-graph\">{\"@context\":\"https:\/\/schema.org\",\"@graph\":[{\"@type\":\"WebPage\",\"@id\":\"https:\/\/distribucionarc.com\/en\/producto\/llenadora-de-liquidos-doble-piston-neumatico-por-succion-embotelladora-dosificadora-1000ml-%f0%9f%a7%b4\/\",\"url\":\"https:\/\/distribucionarc.com\/en\/producto\/llenadora-de-liquidos-doble-piston-neumatico-por-succion-embotelladora-dosificadora-1000ml-%f0%9f%a7%b4\/\",\"name\":\"Llenadora de l\u00edquidos, Doble Pist\u00f3n Neum\u00e1tico por Succi\u00f3n, Embotelladora, Dosificadora 1000 ml ? - distribuci\u00f3n ARC\",\"isPartOf\":{\"@id\":\"https:\/\/www.distribucionarc.com\/sl\/#website\"},\"primaryImageOfPage\":{\"@id\":\"https:\/\/distribucionarc.com\/en\/producto\/llenadora-de-liquidos-doble-piston-neumatico-por-succion-embotelladora-dosificadora-1000ml-%f0%9f%a7%b4\/#primaryimage\"},\"image\":{\"@id\":\"https:\/\/distribucionarc.com\/en\/producto\/llenadora-de-liquidos-doble-piston-neumatico-por-succion-embotelladora-dosificadora-1000ml-%f0%9f%a7%b4\/#primaryimage\"},\"thumbnailUrl\":\"https:\/\/distribucionarc.com\/wp-content\/uploads\/2020\/04\/llenadora_de_liquidos_doble_piston_neumatico_por_succi\u00f3n_embotelladora_dosificadora_1000ml_0.jpeg\",\"datePublished\":\"2020-04-18T13:03:20+00:00\",\"dateModified\":\"2025-05-08T20:12:23+00:00\",\"breadcrumb\":{\"@id\":\"https:\/\/distribucionarc.com\/en\/producto\/llenadora-de-liquidos-doble-piston-neumatico-por-succion-embotelladora-dosificadora-1000ml-%f0%9f%a7%b4\/#breadcrumb\"},\"inLanguage\":\"tr\",\"potentialAction\":[{\"@type\":\"ReadAction\",\"target\":[\"https:\/\/distribucionarc.com\/en\/producto\/llenadora-de-liquidos-doble-piston-neumatico-por-succion-embotelladora-dosificadora-1000ml-%f0%9f%a7%b4\/\"]}]},{\"@type\":\"ImageObject\",\"inLanguage\":\"tr\",\"@id\":\"https:\/\/distribucionarc.com\/en\/producto\/llenadora-de-liquidos-doble-piston-neumatico-por-succion-embotelladora-dosificadora-1000ml-%f0%9f%a7%b4\/#primaryimage\",\"url\":\"https:\/\/distribucionarc.com\/wp-content\/uploads\/2020\/04\/llenadora_de_liquidos_doble_piston_neumatico_por_succi\u00f3n_embotelladora_dosificadora_1000ml_0.jpeg\",\"contentUrl\":\"https:\/\/distribucionarc.com\/wp-content\/uploads\/2020\/04\/llenadora_de_liquidos_doble_piston_neumatico_por_succi\u00f3n_embotelladora_dosificadora_1000ml_0.jpeg\",\"width\":960,\"height\":960},{\"@type\":\"BreadcrumbList\",\"@id\":\"https:\/\/distribucionarc.com\/en\/producto\/llenadora-de-liquidos-doble-piston-neumatico-por-succion-embotelladora-dosificadora-1000ml-%f0%9f%a7%b4\/#breadcrumb\",\"itemListElement\":[{\"@type\":\"ListItem\",\"position\":1,\"name\":\"Portada\",\"item\":\"https:\/\/www.distribucionarc.com\/\"},{\"@type\":\"ListItem\",\"position\":2,\"name\":\"\u00dcr\u00fcnler\",\"item\":\"https:\/\/www.distribucionarc.com\/tr\/magaza\/\"},{\"@type\":\"ListItem\",\"position\":3,\"name\":\"Llenadora de l\u00edquidos, Doble Pist\u00f3n Neum\u00e1tico por Succi\u00f3n, Embotelladora, Dosificadora 1000 ml ?\"}]},{\"@type\":\"WebSite\",\"@id\":\"https:\/\/www.distribucionarc.com\/sl\/#website\",\"url\":\"https:\/\/www.distribucionarc.com\/sl\/\",\"name\":\"distribuci\u00f3n ARC\",\"description\":\"Empresa especializada en la fabricaci\u00f3n y distribuci\u00f3n de maquinaria industrial, selladoras de latas, Maquinas de hacer pastillas, Maquinas de cortar carne...\",\"publisher\":{\"@id\":\"https:\/\/www.distribucionarc.com\/sl\/#organization\"},\"potentialAction\":[{\"@type\":\"SearchAction\",\"target\":{\"@type\":\"EntryPoint\",\"urlTemplate\":\"https:\/\/www.distribucionarc.com\/sl\/?s={search_term_string}\"},\"query-input\":{\"@type\":\"PropertyValueSpecification\",\"valueRequired\":true,\"valueName\":\"search_term_string\"}}],\"inLanguage\":\"tr\"},{\"@type\":\"Organization\",\"@id\":\"https:\/\/www.distribucionarc.com\/sl\/#organization\",\"name\":\"Distribuci\u00f3n ARC\",\"url\":\"https:\/\/www.distribucionarc.com\/sl\/\",\"logo\":{\"@type\":\"ImageObject\",\"inLanguage\":\"tr\",\"@id\":\"https:\/\/www.distribucionarc.com\/sl\/#\/schema\/logo\/image\/\",\"url\":\"https:\/\/distribucionarc.com\/wp-content\/uploads\/2024\/10\/distribucion-ARC-COLOR-SIN-FONDO-e1732295305345.png\",\"contentUrl\":\"https:\/\/distribucionarc.com\/wp-content\/uploads\/2024\/10\/distribucion-ARC-COLOR-SIN-FONDO-e1732295305345.png\",\"width\":1164,\"height\":558,\"caption\":\"Distribuci\u00f3n ARC\"},\"image\":{\"@id\":\"https:\/\/www.distribucionarc.com\/sl\/#\/schema\/logo\/image\/\"},\"description\":\"Empresa especializada en la fabricaci\u00f3n y distribuci\u00f3n de maquinaria industrial para los sectores alimentario y farmac\u00e9utico. Nos especializamos en: M\u00e1quinas de cortar carne Fabricaci\u00f3n de comprimidos Sistemas de transporte industrial L\u00edneas de embotellado Dosificadores Y mucho m\u00e1s... Ofrecemos soluciones innovadoras y personalizadas para optimizar los procesos productivos de tu empresa.\",\"email\":\"Admistracion@distribucionarc.com\",\"telephone\":\"+34 643496664\",\"legalName\":\"ARC TECH SOLUTIONS\",\"foundingDate\":\"2024-04-09\",\"vatID\":\"B55480172\",\"numberOfEmployees\":{\"@type\":\"QuantitativeValue\",\"minValue\":\"1\",\"maxValue\":\"10\"}}]}<\/script>\n<!-- \/ Yoast SEO Premium plugin. -->","yoast_head_json":{"title":"S\u0131v\u0131 Doldurucu, \u00c7ift Pistonlu Pn\u00f6matik Emme, \u015ei\u015feleme, Da\u011f\u0131t\u0131m 1000 ml ? - ARC da\u011f\u0131t\u0131m\u0131","robots":{"index":"index","follow":"follow","max-snippet":"max-snippet:-1","max-image-preview":"max-image-preview:large","max-video-preview":"max-video-preview:-1"},"canonical":"https:\/\/distribucionarc.com\/tr\/urun\/cift-pistonlu-pnomatik-emme-sivi-dolum-dozajlama-siseleme-makinesi-1000ml-\ud83e\uddf4\/","og_locale":"tr_TR","og_type":"article","og_title":"Llenadora de l\u00edquidos, Doble Pist\u00f3n Neum\u00e1tico por Succi\u00f3n, Embotelladora, Dosificadora 1000 ml ?","og_description":"Dispositivo de embotellado neum\u00e1tico 90ML \u27a1\ufe0f 1000ML m\u00e1quina de rellenar para el champ\u00fa, aceite, agua, perfume  Llenadora de botellas semiautom\u00e1tica  MAQUINA DE LLENADO DE L\u00cdQUIDO NEUMATICA PARA CHAMPU, ACEITE, PERFUME DE AGUA GEL  90ML \u27a1\ufe0f 1000ML  Usted puede dosificar diversa clase de l\u00edquidos como champ\u00fa, aceite, agua, perfume y gel el productos qu\u00edmicos. Puede dosificar diferentes cantidades de producto que van desde los 90ML \u27a1\ufe0f1000ML.","og_url":"https:\/\/distribucionarc.com\/tr\/urun\/cift-pistonlu-pnomatik-emme-sivi-dolum-dozajlama-siseleme-makinesi-1000ml-\ud83e\uddf4\/","og_site_name":"distribuci\u00f3n ARC","article_modified_time":"2025-05-08T20:12:23+00:00","og_image":[{"width":960,"height":960,"url":"https:\/\/distribucionarc.com\/wp-content\/uploads\/2020\/04\/llenadora_de_liquidos_doble_piston_neumatico_por_succi\u00f3n_embotelladora_dosificadora_1000ml_0.jpeg","type":"image\/jpeg"}],"twitter_card":"summary_large_image","twitter_misc":{"Tahmini okuma s\u00fcresi":"2 dakika"},"schema":{"@context":"https:\/\/schema.org","@graph":[{"@type":"WebPage","@id":"https:\/\/distribucionarc.com\/en\/producto\/llenadora-de-liquidos-doble-piston-neumatico-por-succion-embotelladora-dosificadora-1000ml-%f0%9f%a7%b4\/","url":"https:\/\/distribucionarc.com\/en\/producto\/llenadora-de-liquidos-doble-piston-neumatico-por-succion-embotelladora-dosificadora-1000ml-%f0%9f%a7%b4\/","name":"S\u0131v\u0131 Doldurucu, \u00c7ift Pistonlu Pn\u00f6matik Emme, \u015ei\u015feleme, Da\u011f\u0131t\u0131m 1000 ml ? - ARC da\u011f\u0131t\u0131m\u0131","isPartOf":{"@id":"https:\/\/www.distribucionarc.com\/sl\/#website"},"primaryImageOfPage":{"@id":"https:\/\/distribucionarc.com\/en\/producto\/llenadora-de-liquidos-doble-piston-neumatico-por-succion-embotelladora-dosificadora-1000ml-%f0%9f%a7%b4\/#primaryimage"},"image":{"@id":"https:\/\/distribucionarc.com\/en\/producto\/llenadora-de-liquidos-doble-piston-neumatico-por-succion-embotelladora-dosificadora-1000ml-%f0%9f%a7%b4\/#primaryimage"},"thumbnailUrl":"https:\/\/distribucionarc.com\/wp-content\/uploads\/2020\/04\/llenadora_de_liquidos_doble_piston_neumatico_por_succi\u00f3n_embotelladora_dosificadora_1000ml_0.jpeg","datePublished":"2020-04-18T13:03:20+00:00","dateModified":"2025-05-08T20:12:23+00:00","breadcrumb":{"@id":"https:\/\/distribucionarc.com\/en\/producto\/llenadora-de-liquidos-doble-piston-neumatico-por-succion-embotelladora-dosificadora-1000ml-%f0%9f%a7%b4\/#breadcrumb"},"inLanguage":"tr","potentialAction":[{"@type":"ReadAction","target":["https:\/\/distribucionarc.com\/en\/producto\/llenadora-de-liquidos-doble-piston-neumatico-por-succion-embotelladora-dosificadora-1000ml-%f0%9f%a7%b4\/"]}]},{"@type":"ImageObject","inLanguage":"tr","@id":"https:\/\/distribucionarc.com\/en\/producto\/llenadora-de-liquidos-doble-piston-neumatico-por-succion-embotelladora-dosificadora-1000ml-%f0%9f%a7%b4\/#primaryimage","url":"https:\/\/distribucionarc.com\/wp-content\/uploads\/2020\/04\/llenadora_de_liquidos_doble_piston_neumatico_por_succi\u00f3n_embotelladora_dosificadora_1000ml_0.jpeg","contentUrl":"https:\/\/distribucionarc.com\/wp-content\/uploads\/2020\/04\/llenadora_de_liquidos_doble_piston_neumatico_por_succi\u00f3n_embotelladora_dosificadora_1000ml_0.jpeg","width":960,"height":960},{"@type":"BreadcrumbList","@id":"https:\/\/distribucionarc.com\/en\/producto\/llenadora-de-liquidos-doble-piston-neumatico-por-succion-embotelladora-dosificadora-1000ml-%f0%9f%a7%b4\/#breadcrumb","itemListElement":[{"@type":"ListItem","position":1,"name":"Portada","item":"https:\/\/www.distribucionarc.com\/"},{"@type":"ListItem","position":2,"name":"\u00dcr\u00fcnler","item":"https:\/\/www.distribucionarc.com\/tr\/magaza\/"},{"@type":"ListItem","position":3,"name":"Llenadora de l\u00edquidos, Doble Pist\u00f3n Neum\u00e1tico por Succi\u00f3n, Embotelladora, Dosificadora 1000 ml ?"}]},{"@type":"WebSite","@id":"https:\/\/www.distribucionarc.com\/sl\/#website","url":"https:\/\/www.distribucionarc.com\/sl\/","name":"ARC da\u011f\u0131t\u0131m\u0131","description":"End\u00fcstriyel makinelerin \u00fcretimi ve da\u011f\u0131t\u0131m\u0131 konusunda uzmanla\u015fm\u0131\u015f \u015firket, kutu m\u00fch\u00fcrleme makineleri, tablet yapma makineleri, et kesme makineleri...","publisher":{"@id":"https:\/\/www.distribucionarc.com\/sl\/#organization"},"potentialAction":[{"@type":"SearchAction","target":{"@type":"EntryPoint","urlTemplate":"https:\/\/www.distribucionarc.com\/sl\/?s={search_term_string}"},"query-input":{"@type":"PropertyValueSpecification","valueRequired":true,"valueName":"search_term_string"}}],"inLanguage":"tr"},{"@type":"Organization","@id":"https:\/\/www.distribucionarc.com\/sl\/#organization","name":"ARC Da\u011f\u0131t\u0131m\u0131","url":"https:\/\/www.distribucionarc.com\/sl\/","logo":{"@type":"ImageObject","inLanguage":"tr","@id":"https:\/\/www.distribucionarc.com\/sl\/#\/schema\/logo\/image\/","url":"https:\/\/distribucionarc.com\/wp-content\/uploads\/2024\/10\/distribucion-ARC-COLOR-SIN-FONDO-e1732295305345.png","contentUrl":"https:\/\/distribucionarc.com\/wp-content\/uploads\/2024\/10\/distribucion-ARC-COLOR-SIN-FONDO-e1732295305345.png","width":1164,"height":558,"caption":"Distribuci\u00f3n ARC"},"image":{"@id":"https:\/\/www.distribucionarc.com\/sl\/#\/schema\/logo\/image\/"},"description":"\u015eirket, g\u0131da ve ila\u00e7 sekt\u00f6rleri i\u00e7in end\u00fcstriyel makine \u00fcretimi ve da\u011f\u0131t\u0131m\u0131 konusunda uzmanla\u015fm\u0131\u015ft\u0131r. Uzmanl\u0131k alanlar\u0131m\u0131z Et kesme makineleri Tablet \u00fcretimi End\u00fcstriyel ta\u015f\u0131ma sistemleri \u015ei\u015feleme hatlar\u0131 Dozajlama makineleri Ve \u00e7ok daha fazlas\u0131... \u015eirketinizin \u00fcretim s\u00fcre\u00e7lerini optimize etmek i\u00e7in yenilik\u00e7i ve \u00f6zelle\u015ftirilmi\u015f \u00e7\u00f6z\u00fcmler sunuyoruz.","email":"Admistracion@distribucionarc.com","telephone":"+34 643496664","legalName":"ARC TECH SOLUTIONS","foundingDate":"2024-04-09","vatID":"B55480172","numberOfEmployees":{"@type":"QuantitativeValue","minValue":"1","maxValue":"10"}}]}},"_links":{"self":[{"href":"https:\/\/distribucionarc.com\/tr\/wp-json\/wp\/v2\/product\/371","targetHints":{"allow":["GET"]}}],"collection":[{"href":"https:\/\/distribucionarc.com\/tr\/wp-json\/wp\/v2\/product"}],"about":[{"href":"https:\/\/distribucionarc.com\/tr\/wp-json\/wp\/v2\/types\/product"}],"replies":[{"embeddable":true,"href":"https:\/\/distribucionarc.com\/tr\/wp-json\/wp\/v2\/comments?post=371"}],"version-history":[{"count":3,"href":"https:\/\/distribucionarc.com\/tr\/wp-json\/wp\/v2\/product\/371\/revisions"}],"predecessor-version":[{"id":17465,"href":"https:\/\/distribucionarc.com\/tr\/wp-json\/wp\/v2\/product\/371\/revisions\/17465"}],"wp:featuredmedia":[{"embeddable":true,"href":"https:\/\/distribucionarc.com\/tr\/wp-json\/wp\/v2\/media\/378"}],"wp:attachment":[{"href":"https:\/\/distribucionarc.com\/tr\/wp-json\/wp\/v2\/media?parent=371"}],"wp:term":[{"taxonomy":"product_brand","embeddable":true,"href":"https:\/\/distribucionarc.com\/tr\/wp-json\/wp\/v2\/product_brand?post=371"},{"taxonomy":"product_cat","embeddable":true,"href":"https:\/\/distribucionarc.com\/tr\/wp-json\/wp\/v2\/product_cat?post=371"},{"taxonomy":"product_tag","embeddable":true,"href":"https:\/\/distribucionarc.com\/tr\/wp-json\/wp\/v2\/product_tag?post=371"}],"curies":[{"name":"wp","href":"https:\/\/api.w.org\/{rel}","templated":true}]}}