{"id":3777,"date":"2020-10-08T10:21:14","date_gmt":"2020-10-08T10:21:14","guid":{"rendered":"https:\/\/distribucionarc.com\/?post_type=product&#038;p=3777"},"modified":"2020-10-08T10:21:14","modified_gmt":"2020-10-08T10:21:14","slug":"dijital-vakumlu-kurutma-firini","status":"publish","type":"product","link":"https:\/\/distribucionarc.com\/tr\/producto\/horno-de-secado-al-vacio-digital\/","title":{"rendered":"Dijital Vakumlu Kurutma F\u0131r\u0131n\u0131\u00a0"},"content":{"rendered":"<h3>Dijital Vakumlu Kurutma F\u0131r\u0131n\u0131<\/h3>\n<p>O <strong><span style=\"color: #ff0000;\">\u0130LE<\/span><span style=\"color: #0000ff;\">R<\/span>\u00c7HS6020<\/strong> Geli\u015fmi\u015f PID algoritmas\u0131na sahip yeni y\u00fcksek performansl\u0131 MCU tabanl\u0131 ak\u0131ll\u0131 s\u0131cakl\u0131k kontrol cihaz\u0131 ile donat\u0131lm\u0131\u015ft\u0131r; bu sayede s\u0131cakl\u0131\u011fa ba\u011fl\u0131 olarak en iyi parametreyi otomatik olarak se\u00e7er ve b\u00f6ylece parametre ayar\u0131nda herhangi bir m\u00fcdahaleye gerek kalmaz. Bu<strong> vakumlu pi\u015firme makinesi<\/strong> Y\u00fcksek mukavemetli, kolay temizlenebilen elektro-cilal\u0131 vakum haznesine sahiptir. \u0130yi \u0131s\u0131 yal\u0131t\u0131m\u0131 ile d\u00fc\u015f\u00fck enerji t\u00fcketimine ula\u015f\u0131l\u0131r. Entegre silikon kau\u00e7uk kap\u0131 contas\u0131 sayesinde, uzun s\u00fcreli \u00e7al\u0131\u015fma s\u0131ras\u0131nda bile haznede sabit bir vakum seviyesi korunur. \u00c7ift katl\u0131 cam z\u0131rhl\u0131 kap\u0131lar \u00e7al\u0131\u015fma odas\u0131n\u0131n g\u00f6zetlenmesini kolayla\u015ft\u0131r\u0131r. Birden fazla gruptan gelen verileri g\u00f6r\u00fcnt\u00fcleme kapasitesine sahip b\u00fcy\u00fck bir LCD ekrana sahiptir.<\/p>\n<p>Bu<strong> vakumlu kurutma f\u0131r\u0131n\u0131 <span style=\"color: #ff0000;\">\u0130LE<\/span><span style=\"color: #0000ff;\">R<\/span>C<\/strong> Homojen s\u0131cakl\u0131k da\u011f\u0131l\u0131m\u0131 ile hassas kurutma sa\u011flayacak \u015fekilde tasarlanm\u0131\u015ft\u0131r, optimum \u0131s\u0131 transferi ve mekandaki s\u0131cakl\u0131k de\u011fi\u015fimlerinin minimumda tutulmas\u0131n\u0131 sa\u011flar. De\u011fi\u015fken kazan\u00e7l\u0131 s\u0131cakl\u0131k kontrol\u00f6r\u00fc ile ortam s\u0131cakl\u0131\u011f\u0131ndan 250\u00b0C&#039;ye kadar +\/-0,5\u00b0C do\u011fruluk sa\u011flayabilir. \u00d6zel tekniklerle damgalanm\u0131\u015f al\u00fcminyum raf, \u0131s\u0131y\u0131 h\u0131zl\u0131 bir \u015fekilde iletebilir ve y\u00fcksek s\u0131cakl\u0131kta oksidasyona kar\u015f\u0131 koyabilir.<\/p>\n<p>Biyokimya end\u00fcstrisinde, ila\u00e7 kimyas\u0131nda, t\u0131bbi sa\u011fl\u0131kta, tar\u0131msal ara\u015ft\u0131rmalarda, \u00e7evre korumada ve di\u011fer ara\u015ft\u0131rma alanlar\u0131nda yayg\u0131n olarak kullan\u0131lmaktad\u0131r. \u00d6zellikle \u0131s\u0131ya duyarl\u0131, kolay ayr\u0131\u015fan veya y\u00fcksek oksitlenme \u00f6zelli\u011fine sahip kuru maddelerden ve kompleks bile\u015fenlere sahip di\u011fer maddelerden yap\u0131lm\u0131\u015f \u00fcr\u00fcnlerin h\u0131zl\u0131 ve etkili bir \u015fekilde kurutulmas\u0131 i\u00e7in uygundur.<\/p>\n<h6><strong>Garanti\u00a0<span style=\"color: #ff0000;\">\u0130LE<\/span><span style=\"color: #0000ff;\">R<\/span>\u00c7 2 YIL<\/strong><\/h6>\n<h6><span style=\"color: #008000;\">Verimli vakumlu kurutma f\u0131r\u0131n\u0131, d\u00fc\u015f\u00fck t\u00fcketim 350w<\/span><\/h6>\n<h6><strong>teknik destek dahil<\/strong><\/h6>\n<p>&nbsp;<\/p>\n<table role=\"presentation\" width=\"100%\" cellspacing=\"0\" cellpadding=\"0\">\n<tbody>\n<tr>\n<td class=\"attrLabels\">Marka:<\/td>\n<td width=\"50.0%\">ARK<\/td>\n<\/tr>\n<tr>\n<td class=\"attrLabels\">Da\u011f\u0131t\u0131m \u00fclkesi:<\/td>\n<td width=\"50.0%\">\u0130spanya, Almanya, ABD<\/td>\n<td class=\"attrLabels\">Makine boyutlar\u0131:<\/td>\n<td width=\"50.0%\">58,5x47,2x45 cm<\/td>\n<\/tr>\n<tr>\n<td class=\"attrLabels\">Garanti:<\/td>\n<td width=\"50.0%\">2 Y\u0131l<\/td>\n<td class=\"attrLabels\">G\u00fc\u00e7:<\/td>\n<td width=\"50.0%\">350W<\/td>\n<\/tr>\n<tr>\n<td class=\"attrLabels\">Renk:<\/td>\n<td width=\"50.0%\">G\u00fcm\u00fc\u015f<\/td>\n<td class=\"attrLabels\">Gerilim:<\/td>\n<td width=\"50.0%\">220V \u2013 60Hz<\/td>\n<\/tr>\n<tr>\n<td class=\"attrLabels\">\u00dcr\u00fcn tipi:<\/td>\n<td width=\"50.0%\">Vakumlu kurutma f\u0131r\u0131n\u0131<\/td>\n<td class=\"attrLabels\">Oda hacmi:<\/td>\n<td width=\"50.0%\">25L<\/td>\n<\/tr>\n<tr>\n<td class=\"attrLabels\">\u00dcretici numaras\u0131:<\/td>\n<td width=\"50.0%\">M\u0130MARLAR6020<\/td>\n<td class=\"attrLabels\">Liner Boyutu:<\/td>\n<td width=\"50.0%\">30x29,5x27,5 cm<\/td>\n<\/tr>\n<tr>\n<td class=\"attrLabels\">Malzeme:<\/td>\n<td width=\"50.0%\">Damgal\u0131 al\u00fcminyum, ak\u0131ll\u0131 s\u0131cakl\u0131k kontrol\u00f6r\u00fc, z\u0131rhl\u0131 kap\u0131lar, LCD ekran, elektro-cilal\u0131 hazne<\/td>\n<td class=\"attrLabels\">Son vakum seviyesi:<\/td>\n<td width=\"50.0%\">&lt; 133 Pascal<\/td>\n<\/tr>\n<tr>\n<td class=\"attrLabels\">Kurulum ara\u00e7lar\u0131:<\/td>\n<td width=\"50.0%\">Evet<\/td>\n<td class=\"attrLabels\">S\u0131cakl\u0131k aral\u0131\u011f\u0131:<\/td>\n<td width=\"50.0%\">Oda s\u0131cakl\u0131\u011f\u0131 + 10 \u2013 250\u00ba C<\/td>\n<\/tr>\n<tr>\n<td class=\"attrLabels\">A\u011f\u0131rl\u0131k:<\/td>\n<td width=\"50.0%\">35,5 kilo<\/td>\n<td class=\"attrLabels\">Sabit s\u0131cakl\u0131k dalgalanmas\u0131:<\/td>\n<td width=\"50.0%\">\u00b1 1%<\/td>\n<\/tr>\n<\/tbody>\n<\/table>\n<p>&nbsp;<\/p>\n<p>&nbsp;<\/p>","protected":false},"excerpt":{"rendered":"<h2>Dijital Vakumlu Kurutma F\u0131r\u0131n\u0131<\/h2>\n<p>Bu <strong>bilimsel vakumlu kurutma f\u0131r\u0131n\u0131 <span style=\"color: #ff0000;\">\u0130LE<\/span><span style=\"color: #0000ff;\">R<\/span>C<\/strong> Mekanda en ufak bir s\u0131cakl\u0131k de\u011fi\u015fimine izin vermeden optimum \u0131s\u0131 transferi sa\u011flayarak, homojen s\u0131cakl\u0131k da\u011f\u0131l\u0131m\u0131 ile nazik\u00e7e kurutmak \u00fczere tasarlanm\u0131\u015ft\u0131r. Bu alet, \u0131s\u0131ya duyarl\u0131 kuru madde \u00fcr\u00fcnlerinin h\u0131zl\u0131 ve etkili bir \u015fekilde kurutulmas\u0131 veya pi\u015firilmesi, ayr\u0131ca \u00e7e\u015fitli cam kaplar\u0131n dezenfeksiyonu ve sterilizasyonu i\u00e7in uygundur.<\/p>\n<h6><strong>Garanti\u00a0<span style=\"color: #ff0000;\">\u0130LE<\/span><span style=\"color: #0000ff;\">R<\/span>\u00c7 2 YIL<\/strong><\/h6>\n<h6><span style=\"color: #008000;\">Verimli vakumlu kurutma f\u0131r\u0131n\u0131, d\u00fc\u015f\u00fck t\u00fcketim 350w<\/span><\/h6>\n<h6><strong>teknik destek dahil<\/strong><\/h6>","protected":false},"featured_media":3786,"comment_status":"open","ping_status":"closed","template":"","meta":{"wds_primary_product_brand":0,"wds_primary_product_cat":0},"product_brand":[],"product_cat":[29],"product_tag":[],"class_list":{"0":"post-3777","1":"product","2":"type-product","3":"status-publish","4":"has-post-thumbnail","6":"product_cat-maquinas-industria-quimica","7":"product_shipping_class-express","9":"first","10":"outofstock","11":"sale","12":"taxable","13":"shipping-taxable","14":"purchasable","15":"product-type-simple"},"yoast_head":"<!-- This site is optimized with the Yoast SEO Premium plugin v24.9 (Yoast SEO v26.1) - https:\/\/yoast.com\/wordpress\/plugins\/seo\/ -->\n<title>Horno de secado al vac\u00edo digital\u00a0 - distribuci\u00f3n ARC<\/title>\n<meta name=\"robots\" content=\"index, follow, max-snippet:-1, max-image-preview:large, max-video-preview:-1\" \/>\n<link rel=\"canonical\" href=\"https:\/\/distribucionarc.com\/tr\/urun\/dijital-vakumlu-kurutma-firini\/\" \/>\n<meta property=\"og:locale\" content=\"tr_TR\" \/>\n<meta property=\"og:type\" content=\"article\" \/>\n<meta property=\"og:title\" content=\"Horno de secado al vac\u00edo digital\u00a0\" \/>\n<meta property=\"og:description\" content=\"Horno de secado al vac\u00edo digital Este horno de secado al vac\u00edo cient\u00edfico ARC est\u00e1 dise\u00f1ado para secar suavemente con una distribuci\u00f3n de temperatura homog\u00e9nea, lo que garantiza una transferencia de calor \u00f3ptima a su vez que evita la m\u00ednima variaci\u00f3n de temperatura en el espacio. Esta herramienta es adecuada para el secado u horneado r\u00e1pido y eficaz de art\u00edculos de sustancias secas sensibles al calor, adem\u00e1s de usarse para la desinfecci\u00f3n y esterilizaci\u00f3n de varios tipos de envases de vidrio. Garant\u00eda\u00a0ARC 2 A\u00d1OS Horno de secado al vac\u00edo eficiente, bajo consumo 350w soporte t\u00e9cnico incluido\" \/>\n<meta property=\"og:url\" content=\"https:\/\/distribucionarc.com\/tr\/urun\/dijital-vakumlu-kurutma-firini\/\" \/>\n<meta property=\"og:site_name\" content=\"distribuci\u00f3n ARC\" \/>\n<meta property=\"og:image\" content=\"https:\/\/distribucionarc.com\/wp-content\/uploads\/2020\/10\/Horno-de-secado-al-vac\u00edo-digital-0.jpg\" \/>\n\t<meta property=\"og:image:width\" content=\"1001\" \/>\n\t<meta property=\"og:image:height\" content=\"1001\" \/>\n\t<meta property=\"og:image:type\" content=\"image\/jpeg\" \/>\n<meta name=\"twitter:card\" content=\"summary_large_image\" \/>\n<meta name=\"twitter:label1\" content=\"Tahmini okuma s\u00fcresi\" \/>\n\t<meta name=\"twitter:data1\" content=\"2 dakika\" \/>\n<script type=\"application\/ld+json\" class=\"yoast-schema-graph\">{\"@context\":\"https:\/\/schema.org\",\"@graph\":[{\"@type\":\"WebPage\",\"@id\":\"https:\/\/distribucionarc.com\/tr\/producto\/horno-de-secado-al-vacio-digital\/\",\"url\":\"https:\/\/distribucionarc.com\/tr\/producto\/horno-de-secado-al-vacio-digital\/\",\"name\":\"Horno de secado al vac\u00edo digital\u00a0 - distribuci\u00f3n ARC\",\"isPartOf\":{\"@id\":\"https:\/\/distribucionarc.com\/de\/#website\"},\"primaryImageOfPage\":{\"@id\":\"https:\/\/distribucionarc.com\/tr\/producto\/horno-de-secado-al-vacio-digital\/#primaryimage\"},\"image\":{\"@id\":\"https:\/\/distribucionarc.com\/tr\/producto\/horno-de-secado-al-vacio-digital\/#primaryimage\"},\"thumbnailUrl\":\"https:\/\/distribucionarc.com\/wp-content\/uploads\/2020\/10\/Horno-de-secado-al-vac\u00edo-digital-0.jpg\",\"datePublished\":\"2020-10-08T10:21:14+00:00\",\"breadcrumb\":{\"@id\":\"https:\/\/distribucionarc.com\/tr\/producto\/horno-de-secado-al-vacio-digital\/#breadcrumb\"},\"inLanguage\":\"tr\",\"potentialAction\":[{\"@type\":\"ReadAction\",\"target\":[\"https:\/\/distribucionarc.com\/tr\/producto\/horno-de-secado-al-vacio-digital\/\"]}]},{\"@type\":\"ImageObject\",\"inLanguage\":\"tr\",\"@id\":\"https:\/\/distribucionarc.com\/tr\/producto\/horno-de-secado-al-vacio-digital\/#primaryimage\",\"url\":\"https:\/\/distribucionarc.com\/wp-content\/uploads\/2020\/10\/Horno-de-secado-al-vac\u00edo-digital-0.jpg\",\"contentUrl\":\"https:\/\/distribucionarc.com\/wp-content\/uploads\/2020\/10\/Horno-de-secado-al-vac\u00edo-digital-0.jpg\",\"width\":1001,\"height\":1001,\"caption\":\"Horno de secado al vac\u00edo digital\u00a0\"},{\"@type\":\"BreadcrumbList\",\"@id\":\"https:\/\/distribucionarc.com\/tr\/producto\/horno-de-secado-al-vacio-digital\/#breadcrumb\",\"itemListElement\":[{\"@type\":\"ListItem\",\"position\":1,\"name\":\"Portada\",\"item\":\"https:\/\/distribucionarc.com\/pl\/\"},{\"@type\":\"ListItem\",\"position\":2,\"name\":\"Produkty\",\"item\":\"https:\/\/distribucionarc.com\/pl\/shop\/\"},{\"@type\":\"ListItem\",\"position\":3,\"name\":\"Horno de secado al vac\u00edo digital\u00a0\"}]},{\"@type\":\"WebSite\",\"@id\":\"https:\/\/distribucionarc.com\/de\/#website\",\"url\":\"https:\/\/distribucionarc.com\/de\/\",\"name\":\"distribuci\u00f3n ARC\",\"description\":\"Empresa especializada en la fabricaci\u00f3n y distribuci\u00f3n de maquinaria industrial, selladoras de latas, Maquinas de hacer pastillas, Maquinas de cortar carne...\",\"publisher\":{\"@id\":\"https:\/\/distribucionarc.com\/de\/#organization\"},\"potentialAction\":[{\"@type\":\"SearchAction\",\"target\":{\"@type\":\"EntryPoint\",\"urlTemplate\":\"https:\/\/distribucionarc.com\/de\/?s={search_term_string}\"},\"query-input\":{\"@type\":\"PropertyValueSpecification\",\"valueRequired\":true,\"valueName\":\"search_term_string\"}}],\"inLanguage\":\"tr\"},{\"@type\":\"Organization\",\"@id\":\"https:\/\/distribucionarc.com\/de\/#organization\",\"name\":\"Distribuci\u00f3n ARC\",\"url\":\"https:\/\/distribucionarc.com\/de\/\",\"logo\":{\"@type\":\"ImageObject\",\"inLanguage\":\"tr\",\"@id\":\"https:\/\/distribucionarc.com\/de\/#\/schema\/logo\/image\/\",\"url\":\"https:\/\/distribucionarc.com\/wp-content\/uploads\/2024\/10\/distribucion-ARC-COLOR-SIN-FONDO-e1732295305345.png\",\"contentUrl\":\"https:\/\/distribucionarc.com\/wp-content\/uploads\/2024\/10\/distribucion-ARC-COLOR-SIN-FONDO-e1732295305345.png\",\"width\":1164,\"height\":558,\"caption\":\"Distribuci\u00f3n ARC\"},\"image\":{\"@id\":\"https:\/\/distribucionarc.com\/de\/#\/schema\/logo\/image\/\"},\"description\":\"Empresa especializada en la fabricaci\u00f3n y distribuci\u00f3n de maquinaria industrial para los sectores alimentario y farmac\u00e9utico. Nos especializamos en: M\u00e1quinas de cortar carne Fabricaci\u00f3n de comprimidos Sistemas de transporte industrial L\u00edneas de embotellado Dosificadores Y mucho m\u00e1s... Ofrecemos soluciones innovadoras y personalizadas para optimizar los procesos productivos de tu empresa.\",\"email\":\"Admistracion@distribucionarc.com\",\"telephone\":\"+34 643496664\",\"legalName\":\"ARC TECH SOLUTIONS\",\"foundingDate\":\"2024-04-09\",\"vatID\":\"B55480172\",\"numberOfEmployees\":{\"@type\":\"QuantitativeValue\",\"minValue\":\"1\",\"maxValue\":\"10\"}}]}<\/script>\n<!-- \/ Yoast SEO Premium plugin. -->","yoast_head_json":{"title":"Dijital vakumlu kurutma f\u0131r\u0131n\u0131 - ARC da\u011f\u0131t\u0131m","robots":{"index":"index","follow":"follow","max-snippet":"max-snippet:-1","max-image-preview":"max-image-preview:large","max-video-preview":"max-video-preview:-1"},"canonical":"https:\/\/distribucionarc.com\/tr\/urun\/dijital-vakumlu-kurutma-firini\/","og_locale":"tr_TR","og_type":"article","og_title":"Horno de secado al vac\u00edo digital\u00a0","og_description":"Horno de secado al vac\u00edo digital Este horno de secado al vac\u00edo cient\u00edfico ARC est\u00e1 dise\u00f1ado para secar suavemente con una distribuci\u00f3n de temperatura homog\u00e9nea, lo que garantiza una transferencia de calor \u00f3ptima a su vez que evita la m\u00ednima variaci\u00f3n de temperatura en el espacio. Esta herramienta es adecuada para el secado u horneado r\u00e1pido y eficaz de art\u00edculos de sustancias secas sensibles al calor, adem\u00e1s de usarse para la desinfecci\u00f3n y esterilizaci\u00f3n de varios tipos de envases de vidrio. Garant\u00eda\u00a0ARC 2 A\u00d1OS Horno de secado al vac\u00edo eficiente, bajo consumo 350w soporte t\u00e9cnico incluido","og_url":"https:\/\/distribucionarc.com\/tr\/urun\/dijital-vakumlu-kurutma-firini\/","og_site_name":"distribuci\u00f3n ARC","og_image":[{"width":1001,"height":1001,"url":"https:\/\/distribucionarc.com\/wp-content\/uploads\/2020\/10\/Horno-de-secado-al-vac\u00edo-digital-0.jpg","type":"image\/jpeg"}],"twitter_card":"summary_large_image","twitter_misc":{"Tahmini okuma s\u00fcresi":"2 dakika"},"schema":{"@context":"https:\/\/schema.org","@graph":[{"@type":"WebPage","@id":"https:\/\/distribucionarc.com\/tr\/producto\/horno-de-secado-al-vacio-digital\/","url":"https:\/\/distribucionarc.com\/tr\/producto\/horno-de-secado-al-vacio-digital\/","name":"Dijital vakumlu kurutma f\u0131r\u0131n\u0131 - ARC da\u011f\u0131t\u0131m","isPartOf":{"@id":"https:\/\/distribucionarc.com\/de\/#website"},"primaryImageOfPage":{"@id":"https:\/\/distribucionarc.com\/tr\/producto\/horno-de-secado-al-vacio-digital\/#primaryimage"},"image":{"@id":"https:\/\/distribucionarc.com\/tr\/producto\/horno-de-secado-al-vacio-digital\/#primaryimage"},"thumbnailUrl":"https:\/\/distribucionarc.com\/wp-content\/uploads\/2020\/10\/Horno-de-secado-al-vac\u00edo-digital-0.jpg","datePublished":"2020-10-08T10:21:14+00:00","breadcrumb":{"@id":"https:\/\/distribucionarc.com\/tr\/producto\/horno-de-secado-al-vacio-digital\/#breadcrumb"},"inLanguage":"tr","potentialAction":[{"@type":"ReadAction","target":["https:\/\/distribucionarc.com\/tr\/producto\/horno-de-secado-al-vacio-digital\/"]}]},{"@type":"ImageObject","inLanguage":"tr","@id":"https:\/\/distribucionarc.com\/tr\/producto\/horno-de-secado-al-vacio-digital\/#primaryimage","url":"https:\/\/distribucionarc.com\/wp-content\/uploads\/2020\/10\/Horno-de-secado-al-vac\u00edo-digital-0.jpg","contentUrl":"https:\/\/distribucionarc.com\/wp-content\/uploads\/2020\/10\/Horno-de-secado-al-vac\u00edo-digital-0.jpg","width":1001,"height":1001,"caption":"Horno de secado al vac\u00edo digital\u00a0"},{"@type":"BreadcrumbList","@id":"https:\/\/distribucionarc.com\/tr\/producto\/horno-de-secado-al-vacio-digital\/#breadcrumb","itemListElement":[{"@type":"ListItem","position":1,"name":"Portada","item":"https:\/\/distribucionarc.com\/pl\/"},{"@type":"ListItem","position":2,"name":"Produkty","item":"https:\/\/distribucionarc.com\/pl\/shop\/"},{"@type":"ListItem","position":3,"name":"Horno de secado al vac\u00edo digital\u00a0"}]},{"@type":"WebSite","@id":"https:\/\/distribucionarc.com\/de\/#website","url":"https:\/\/distribucionarc.com\/de\/","name":"ARC da\u011f\u0131t\u0131m\u0131","description":"End\u00fcstriyel makinelerin \u00fcretimi ve da\u011f\u0131t\u0131m\u0131 konusunda uzmanla\u015fm\u0131\u015f \u015firket, kutu m\u00fch\u00fcrleme makineleri, tablet yapma makineleri, et kesme makineleri...","publisher":{"@id":"https:\/\/distribucionarc.com\/de\/#organization"},"potentialAction":[{"@type":"SearchAction","target":{"@type":"EntryPoint","urlTemplate":"https:\/\/distribucionarc.com\/de\/?s={search_term_string}"},"query-input":{"@type":"PropertyValueSpecification","valueRequired":true,"valueName":"search_term_string"}}],"inLanguage":"tr"},{"@type":"Organization","@id":"https:\/\/distribucionarc.com\/de\/#organization","name":"ARC Da\u011f\u0131t\u0131m\u0131","url":"https:\/\/distribucionarc.com\/de\/","logo":{"@type":"ImageObject","inLanguage":"tr","@id":"https:\/\/distribucionarc.com\/de\/#\/schema\/logo\/image\/","url":"https:\/\/distribucionarc.com\/wp-content\/uploads\/2024\/10\/distribucion-ARC-COLOR-SIN-FONDO-e1732295305345.png","contentUrl":"https:\/\/distribucionarc.com\/wp-content\/uploads\/2024\/10\/distribucion-ARC-COLOR-SIN-FONDO-e1732295305345.png","width":1164,"height":558,"caption":"Distribuci\u00f3n ARC"},"image":{"@id":"https:\/\/distribucionarc.com\/de\/#\/schema\/logo\/image\/"},"description":"\u015eirket, g\u0131da ve ila\u00e7 sekt\u00f6rleri i\u00e7in end\u00fcstriyel makine \u00fcretimi ve da\u011f\u0131t\u0131m\u0131 konusunda uzmanla\u015fm\u0131\u015ft\u0131r. Uzmanl\u0131k alanlar\u0131m\u0131z Et kesme makineleri Tablet \u00fcretimi End\u00fcstriyel ta\u015f\u0131ma sistemleri \u015ei\u015feleme hatlar\u0131 Dozajlama makineleri Ve \u00e7ok daha fazlas\u0131... \u015eirketinizin \u00fcretim s\u00fcre\u00e7lerini optimize etmek i\u00e7in yenilik\u00e7i ve \u00f6zelle\u015ftirilmi\u015f \u00e7\u00f6z\u00fcmler sunuyoruz.","email":"Admistracion@distribucionarc.com","telephone":"+34 643496664","legalName":"ARC TECH SOLUTIONS","foundingDate":"2024-04-09","vatID":"B55480172","numberOfEmployees":{"@type":"QuantitativeValue","minValue":"1","maxValue":"10"}}]}},"_links":{"self":[{"href":"https:\/\/distribucionarc.com\/tr\/wp-json\/wp\/v2\/product\/3777","targetHints":{"allow":["GET"]}}],"collection":[{"href":"https:\/\/distribucionarc.com\/tr\/wp-json\/wp\/v2\/product"}],"about":[{"href":"https:\/\/distribucionarc.com\/tr\/wp-json\/wp\/v2\/types\/product"}],"replies":[{"embeddable":true,"href":"https:\/\/distribucionarc.com\/tr\/wp-json\/wp\/v2\/comments?post=3777"}],"version-history":[{"count":0,"href":"https:\/\/distribucionarc.com\/tr\/wp-json\/wp\/v2\/product\/3777\/revisions"}],"wp:featuredmedia":[{"embeddable":true,"href":"https:\/\/distribucionarc.com\/tr\/wp-json\/wp\/v2\/media\/3786"}],"wp:attachment":[{"href":"https:\/\/distribucionarc.com\/tr\/wp-json\/wp\/v2\/media?parent=3777"}],"wp:term":[{"taxonomy":"product_brand","embeddable":true,"href":"https:\/\/distribucionarc.com\/tr\/wp-json\/wp\/v2\/product_brand?post=3777"},{"taxonomy":"product_cat","embeddable":true,"href":"https:\/\/distribucionarc.com\/tr\/wp-json\/wp\/v2\/product_cat?post=3777"},{"taxonomy":"product_tag","embeddable":true,"href":"https:\/\/distribucionarc.com\/tr\/wp-json\/wp\/v2\/product_tag?post=3777"}],"curies":[{"name":"wp","href":"https:\/\/api.w.org\/{rel}","templated":true}]}}