{"id":3858,"date":"2020-10-10T09:19:58","date_gmt":"2020-10-10T09:19:58","guid":{"rendered":"https:\/\/distribucionarc.com\/?post_type=product&#038;p=3858"},"modified":"2020-10-10T09:19:58","modified_gmt":"2020-10-10T09:19:58","slug":"dagitici-kahve-makinesi-azot-5l","status":"publish","type":"product","link":"https:\/\/distribucionarc.com\/tr\/producto\/dispensador-cafetera-nitrogeno-5l\/","title":{"rendered":"Azot kahve makinesi da\u011f\u0131t\u0131c\u0131s\u0131 5L"},"content":{"rendered":"<h3>Azot kahve makinesi da\u011f\u0131t\u0131c\u0131s\u0131 5L<\/h3>\n<p>Yap\u0131s\u0131\u00a0<strong>azotlu kahve makinesi\u00a0<span style=\"color: #ff0000;\">\u0130LE<\/span><span style=\"color: #0000ff;\">R<\/span>C<\/strong>\u00a0Kal\u0131nl\u0131\u011f\u0131 0,8 mm olan kal\u0131nla\u015ft\u0131r\u0131lm\u0131\u015f g\u0131da s\u0131n\u0131f\u0131 304 paslanmaz \u00e7elik kullan\u0131n. G\u00fcnl\u00fck kullan\u0131ma uygun, sa\u011flam, hijyenik, kolay temizlenebilir ve dayan\u0131kl\u0131d\u0131r. Her iki taraf\u0131nda iki adet i\u00e7i bo\u015f yuva vard\u0131r<strong>\u00a0nitro kahve makinesi<\/strong>Kolay ta\u015f\u0131ma i\u00e7in, Kompakt ve k\u00fc\u00e7\u00fck tasar\u0131m\u0131 sayesinde buzdolab\u0131n\u0131zda veya \u015fi\u015fe raflar\u0131n\u0131zda saklayarak yerden tasarruf edebilirsiniz. Musluk, kahve, bira, me\u015frubat vb. gibi farkl\u0131 s\u0131v\u0131lar\u0131n kullan\u0131m\u0131n\u0131 kolayla\u015ft\u0131rmak i\u00e7in kolay de\u011fi\u015ftirilebilmesi amac\u0131yla kapa\u011fa entegre edilmi\u015ftir.<\/p>\n<p>O\u00a0<strong>so\u011fuk da\u011f\u0131t\u0131c\u0131 <span style=\"color: #ff0000;\">\u0130LE<\/span><span style=\"color: #0000ff;\">R<\/span>CDCN5<\/strong> 5L&#039;lik geni\u015f dolum kapasitesine sahiptir. B\u00fcy\u00fck miktarlarda azotlu kahve ve \u00e7e\u015fitli i\u00e7ecek t\u00fcrlerinin depolanmas\u0131n\u0131 kolayla\u015ft\u0131rmak. Nitro ile so\u011fuk demleme, nitrojen kartu\u015funu s\u0131kmak ve ard\u0131ndan muslu\u011fa hafif\u00e7e basmak suretiyle yap\u0131labilir.<\/p>\n<h6><strong>Garanti\u00a0<span style=\"color: #ff0000;\">\u0130LE<\/span><span style=\"color: #0000ff;\">R<\/span>\u00c7 2 YIL<\/strong><\/h6>\n<h6><strong>teknik destek dahil<\/strong><\/h6>\n<p>&nbsp;<\/p>\n<table width=\"100%\">\n<tbody>\n<tr>\n<td>Marka:<\/td>\n<td width=\"32%\">ARK<\/td>\n<td>A\u011f\u0131rl\u0131k:<\/td>\n<td width=\"30%\">2 kilo<\/td>\n<\/tr>\n<tr>\n<td>Da\u011f\u0131t\u0131m \u00fclkesi:<\/td>\n<td width=\"32%\">\u0130spanya, Almanya, ABD<\/td>\n<td>Y\u00fckseklik:<\/td>\n<td width=\"30%\">26cm<\/td>\n<\/tr>\n<tr>\n<td>Renk:<\/td>\n<td width=\"32%\">G\u00fcm\u00fc\u015f<\/td>\n<td>Uzun:<\/td>\n<td width=\"30%\">18,6 cm<\/td>\n<\/tr>\n<tr>\n<td>\u00dcr\u00fcn tipi:<\/td>\n<td width=\"32%\">Nitro kahve da\u011f\u0131t\u0131c\u0131s\u0131<\/td>\n<td>Geni\u015f:<\/td>\n<td width=\"30%\">40cm<\/td>\n<\/tr>\n<tr>\n<td>\u00dcretici numaras\u0131:<\/td>\n<td width=\"32%\">ARCDCN5<\/td>\n<td>Yetenek:<\/td>\n<td width=\"30%\">5L<\/td>\n<\/tr>\n<tr>\n<td>Malzeme:<\/td>\n<td width=\"32%\">SUS 304 paslanmaz \u00e7elik<\/td>\n<td>Tank \u00e7ap\u0131:<\/td>\n<td width=\"30%\">18,6 cm<\/td>\n<\/tr>\n<tr>\n<td>\u00c7elik kal\u0131nl\u0131\u011f\u0131:<\/td>\n<td width=\"32%\">1 mm<\/td>\n<td>\u00a0Garanti:<\/td>\n<td width=\"30%\">2 YIL<\/td>\n<\/tr>\n<\/tbody>\n<\/table>","protected":false},"excerpt":{"rendered":"<h2>Azot kahve makinesi da\u011f\u0131t\u0131c\u0131s\u0131 5L<\/h2>\n<p>Bizim<strong>\u00a0kahve makinesi da\u011f\u0131t\u0131c\u0131s\u0131\u00a0<span style=\"color: #ff0000;\">\u0130LE<\/span><span style=\"color: #0000ff;\">R<\/span>C<\/strong>\u00a0Kolay temizlik ve hijyenik ko\u015fullara uygunluk i\u00e7in g\u0131da s\u0131n\u0131f\u0131 304 paslanmaz \u00e7elikten \u00fcretilmi\u015ftir. Bu da\u011f\u0131t\u0131c\u0131, lezzetli bir azotlu kahve yapman\u0131z\u0131 sa\u011flaman\u0131n yan\u0131 s\u0131ra bira, me\u015frubat, gazl\u0131 i\u00e7ecekler vb. i\u00e7in bir da\u011f\u0131t\u0131c\u0131 olarak da kullan\u0131\u015fl\u0131d\u0131r. K\u00fc\u00e7\u00fck boyutu sayesinde ta\u015f\u0131nabilir ve buzdolab\u0131n\u0131zda rahatl\u0131kla muhafaza edebilirsiniz. Kolay ta\u015f\u0131nabilmesi i\u00e7in her iki taraf\u0131nda i\u00e7i bo\u015f yuvalar mevcuttur.<\/p>\n<h6><strong>Garanti\u00a0<span style=\"color: #ff0000;\">\u0130LE<\/span><span style=\"color: #0000ff;\">R<\/span>\u00c7 2 YIL<\/strong><\/h6>\n<h6><strong>teknik destek dahil<\/strong><\/h6>","protected":false},"featured_media":3856,"comment_status":"open","ping_status":"closed","template":"","meta":{"wds_primary_product_brand":0,"wds_primary_product_cat":0},"product_brand":[],"product_cat":[57],"product_tag":[],"class_list":{"0":"post-3858","1":"product","2":"type-product","3":"status-publish","4":"has-post-thumbnail","6":"product_cat-dosificadores-dispensadores","7":"product_shipping_class-hosteleria","9":"first","10":"instock","11":"sale","12":"taxable","13":"shipping-taxable","14":"purchasable","15":"product-type-simple"},"yoast_head":"<!-- This site is optimized with the Yoast SEO Premium plugin v24.9 (Yoast SEO v26.1) - https:\/\/yoast.com\/wordpress\/plugins\/seo\/ -->\n<title>Dispensador cafetera nitr\u00f3geno 5L - distribuci\u00f3n ARC<\/title>\n<meta name=\"robots\" content=\"index, follow, max-snippet:-1, max-image-preview:large, max-video-preview:-1\" \/>\n<link rel=\"canonical\" href=\"https:\/\/www.distribucionarc.com\/en\/producto\/dispensador-cafetera-nitrogeno-5l\/\" \/>\n<meta property=\"og:locale\" content=\"tr_TR\" \/>\n<meta property=\"og:type\" content=\"article\" \/>\n<meta property=\"og:title\" content=\"Dispensador cafetera nitr\u00f3geno 5L\" \/>\n<meta property=\"og:description\" content=\"Dispensador cafetera nitr\u00f3geno 5L Nuestro\u00a0dispensador cafetera\u00a0ARC\u00a0est\u00e1 hecha de acero inoxidable 304 de grado alimenticio para mayor facilidad de limpieza a su vez que cumple con los requisitos sanitarios. Este dispensador le permite realizar un sabroso caf\u00e9 nitrogenado, adem\u00e1s de ser \u00fatil como dispensador de cerveza, refrescos, bebidas gaseosas, etc. Su peque\u00f1o tama\u00f1o lo hace port\u00e1til y f\u00e1cil de guardar en sus neveras. Con ranuras huecas en ambos lados para facilitar su transporte. Garant\u00eda\u00a0ARC 2 A\u00d1OS soporte t\u00e9cnico incluido\" \/>\n<meta property=\"og:url\" content=\"https:\/\/www.distribucionarc.com\/en\/producto\/dispensador-cafetera-nitrogeno-5l\/\" \/>\n<meta property=\"og:site_name\" content=\"distribuci\u00f3n ARC\" \/>\n<meta property=\"og:image\" content=\"https:\/\/distribucionarc.com\/wp-content\/uploads\/2020\/10\/Dispensador-cafetera-nitr\u00f3geno-0.jpg\" \/>\n\t<meta property=\"og:image:width\" content=\"1600\" \/>\n\t<meta property=\"og:image:height\" content=\"1600\" \/>\n\t<meta property=\"og:image:type\" content=\"image\/jpeg\" \/>\n<meta name=\"twitter:card\" content=\"summary_large_image\" \/>\n<meta name=\"twitter:label1\" content=\"Tahmini okuma s\u00fcresi\" \/>\n\t<meta name=\"twitter:data1\" content=\"1 dakika\" \/>\n<script type=\"application\/ld+json\" class=\"yoast-schema-graph\">{\"@context\":\"https:\/\/schema.org\",\"@graph\":[{\"@type\":\"WebPage\",\"@id\":\"https:\/\/www.distribucionarc.com\/en\/producto\/dispensador-cafetera-nitrogeno-5l\/\",\"url\":\"https:\/\/www.distribucionarc.com\/en\/producto\/dispensador-cafetera-nitrogeno-5l\/\",\"name\":\"Dispensador cafetera nitr\u00f3geno 5L - distribuci\u00f3n ARC\",\"isPartOf\":{\"@id\":\"https:\/\/www.distribucionarc.com\/tr\/#website\"},\"primaryImageOfPage\":{\"@id\":\"https:\/\/www.distribucionarc.com\/en\/producto\/dispensador-cafetera-nitrogeno-5l\/#primaryimage\"},\"image\":{\"@id\":\"https:\/\/www.distribucionarc.com\/en\/producto\/dispensador-cafetera-nitrogeno-5l\/#primaryimage\"},\"thumbnailUrl\":\"https:\/\/distribucionarc.com\/wp-content\/uploads\/2020\/10\/Dispensador-cafetera-nitr\u00f3geno-0.jpg\",\"datePublished\":\"2020-10-10T09:19:58+00:00\",\"breadcrumb\":{\"@id\":\"https:\/\/www.distribucionarc.com\/en\/producto\/dispensador-cafetera-nitrogeno-5l\/#breadcrumb\"},\"inLanguage\":\"tr\",\"potentialAction\":[{\"@type\":\"ReadAction\",\"target\":[\"https:\/\/www.distribucionarc.com\/en\/producto\/dispensador-cafetera-nitrogeno-5l\/\"]}]},{\"@type\":\"ImageObject\",\"inLanguage\":\"tr\",\"@id\":\"https:\/\/www.distribucionarc.com\/en\/producto\/dispensador-cafetera-nitrogeno-5l\/#primaryimage\",\"url\":\"https:\/\/distribucionarc.com\/wp-content\/uploads\/2020\/10\/Dispensador-cafetera-nitr\u00f3geno-0.jpg\",\"contentUrl\":\"https:\/\/distribucionarc.com\/wp-content\/uploads\/2020\/10\/Dispensador-cafetera-nitr\u00f3geno-0.jpg\",\"width\":1600,\"height\":1600,\"caption\":\"Dispensador cafetera nitr\u00f3geno 5L\"},{\"@type\":\"BreadcrumbList\",\"@id\":\"https:\/\/www.distribucionarc.com\/en\/producto\/dispensador-cafetera-nitrogeno-5l\/#breadcrumb\",\"itemListElement\":[{\"@type\":\"ListItem\",\"position\":1,\"name\":\"Portada\",\"item\":\"https:\/\/www.distribucionarc.com\/tr\/\"},{\"@type\":\"ListItem\",\"position\":2,\"name\":\"Produktai\",\"item\":\"https:\/\/distribucionarc.com\/lt\/parduotuve\/\"},{\"@type\":\"ListItem\",\"position\":3,\"name\":\"Dispensador cafetera nitr\u00f3geno 5L\"}]},{\"@type\":\"WebSite\",\"@id\":\"https:\/\/www.distribucionarc.com\/tr\/#website\",\"url\":\"https:\/\/www.distribucionarc.com\/tr\/\",\"name\":\"distribuci\u00f3n ARC\",\"description\":\"Empresa especializada en la fabricaci\u00f3n y distribuci\u00f3n de maquinaria industrial, selladoras de latas, Maquinas de hacer pastillas, Maquinas de cortar carne...\",\"publisher\":{\"@id\":\"https:\/\/www.distribucionarc.com\/tr\/#organization\"},\"potentialAction\":[{\"@type\":\"SearchAction\",\"target\":{\"@type\":\"EntryPoint\",\"urlTemplate\":\"https:\/\/www.distribucionarc.com\/tr\/?s={search_term_string}\"},\"query-input\":{\"@type\":\"PropertyValueSpecification\",\"valueRequired\":true,\"valueName\":\"search_term_string\"}}],\"inLanguage\":\"tr\"},{\"@type\":\"Organization\",\"@id\":\"https:\/\/www.distribucionarc.com\/tr\/#organization\",\"name\":\"Distribuci\u00f3n ARC\",\"url\":\"https:\/\/www.distribucionarc.com\/tr\/\",\"logo\":{\"@type\":\"ImageObject\",\"inLanguage\":\"tr\",\"@id\":\"https:\/\/www.distribucionarc.com\/tr\/#\/schema\/logo\/image\/\",\"url\":\"https:\/\/distribucionarc.com\/wp-content\/uploads\/2024\/10\/distribucion-ARC-COLOR-SIN-FONDO-e1732295305345.png\",\"contentUrl\":\"https:\/\/distribucionarc.com\/wp-content\/uploads\/2024\/10\/distribucion-ARC-COLOR-SIN-FONDO-e1732295305345.png\",\"width\":1164,\"height\":558,\"caption\":\"Distribuci\u00f3n ARC\"},\"image\":{\"@id\":\"https:\/\/www.distribucionarc.com\/tr\/#\/schema\/logo\/image\/\"},\"description\":\"Empresa especializada en la fabricaci\u00f3n y distribuci\u00f3n de maquinaria industrial para los sectores alimentario y farmac\u00e9utico. Nos especializamos en: M\u00e1quinas de cortar carne Fabricaci\u00f3n de comprimidos Sistemas de transporte industrial L\u00edneas de embotellado Dosificadores Y mucho m\u00e1s... Ofrecemos soluciones innovadoras y personalizadas para optimizar los procesos productivos de tu empresa.\",\"email\":\"Admistracion@distribucionarc.com\",\"telephone\":\"+34 643496664\",\"legalName\":\"ARC TECH SOLUTIONS\",\"foundingDate\":\"2024-04-09\",\"vatID\":\"B55480172\",\"numberOfEmployees\":{\"@type\":\"QuantitativeValue\",\"minValue\":\"1\",\"maxValue\":\"10\"}}]}<\/script>\n<!-- \/ Yoast SEO Premium plugin. -->","yoast_head_json":{"title":"Azotlu kahve da\u011f\u0131t\u0131c\u0131s\u0131 5L - ARC da\u011f\u0131l\u0131m\u0131","robots":{"index":"index","follow":"follow","max-snippet":"max-snippet:-1","max-image-preview":"max-image-preview:large","max-video-preview":"max-video-preview:-1"},"canonical":"https:\/\/www.distribucionarc.com\/en\/producto\/dispensador-cafetera-nitrogeno-5l\/","og_locale":"tr_TR","og_type":"article","og_title":"Dispensador cafetera nitr\u00f3geno 5L","og_description":"Dispensador cafetera nitr\u00f3geno 5L Nuestro\u00a0dispensador cafetera\u00a0ARC\u00a0est\u00e1 hecha de acero inoxidable 304 de grado alimenticio para mayor facilidad de limpieza a su vez que cumple con los requisitos sanitarios. Este dispensador le permite realizar un sabroso caf\u00e9 nitrogenado, adem\u00e1s de ser \u00fatil como dispensador de cerveza, refrescos, bebidas gaseosas, etc. Su peque\u00f1o tama\u00f1o lo hace port\u00e1til y f\u00e1cil de guardar en sus neveras. Con ranuras huecas en ambos lados para facilitar su transporte. Garant\u00eda\u00a0ARC 2 A\u00d1OS soporte t\u00e9cnico incluido","og_url":"https:\/\/www.distribucionarc.com\/en\/producto\/dispensador-cafetera-nitrogeno-5l\/","og_site_name":"distribuci\u00f3n ARC","og_image":[{"width":1600,"height":1600,"url":"https:\/\/distribucionarc.com\/wp-content\/uploads\/2020\/10\/Dispensador-cafetera-nitr\u00f3geno-0.jpg","type":"image\/jpeg"}],"twitter_card":"summary_large_image","twitter_misc":{"Tahmini okuma s\u00fcresi":"1 dakika"},"schema":{"@context":"https:\/\/schema.org","@graph":[{"@type":"WebPage","@id":"https:\/\/www.distribucionarc.com\/en\/producto\/dispensador-cafetera-nitrogeno-5l\/","url":"https:\/\/www.distribucionarc.com\/en\/producto\/dispensador-cafetera-nitrogeno-5l\/","name":"Azotlu kahve da\u011f\u0131t\u0131c\u0131s\u0131 5L - ARC da\u011f\u0131l\u0131m\u0131","isPartOf":{"@id":"https:\/\/www.distribucionarc.com\/tr\/#website"},"primaryImageOfPage":{"@id":"https:\/\/www.distribucionarc.com\/en\/producto\/dispensador-cafetera-nitrogeno-5l\/#primaryimage"},"image":{"@id":"https:\/\/www.distribucionarc.com\/en\/producto\/dispensador-cafetera-nitrogeno-5l\/#primaryimage"},"thumbnailUrl":"https:\/\/distribucionarc.com\/wp-content\/uploads\/2020\/10\/Dispensador-cafetera-nitr\u00f3geno-0.jpg","datePublished":"2020-10-10T09:19:58+00:00","breadcrumb":{"@id":"https:\/\/www.distribucionarc.com\/en\/producto\/dispensador-cafetera-nitrogeno-5l\/#breadcrumb"},"inLanguage":"tr","potentialAction":[{"@type":"ReadAction","target":["https:\/\/www.distribucionarc.com\/en\/producto\/dispensador-cafetera-nitrogeno-5l\/"]}]},{"@type":"ImageObject","inLanguage":"tr","@id":"https:\/\/www.distribucionarc.com\/en\/producto\/dispensador-cafetera-nitrogeno-5l\/#primaryimage","url":"https:\/\/distribucionarc.com\/wp-content\/uploads\/2020\/10\/Dispensador-cafetera-nitr\u00f3geno-0.jpg","contentUrl":"https:\/\/distribucionarc.com\/wp-content\/uploads\/2020\/10\/Dispensador-cafetera-nitr\u00f3geno-0.jpg","width":1600,"height":1600,"caption":"Dispensador cafetera nitr\u00f3geno 5L"},{"@type":"BreadcrumbList","@id":"https:\/\/www.distribucionarc.com\/en\/producto\/dispensador-cafetera-nitrogeno-5l\/#breadcrumb","itemListElement":[{"@type":"ListItem","position":1,"name":"Portada","item":"https:\/\/www.distribucionarc.com\/tr\/"},{"@type":"ListItem","position":2,"name":"Produktai","item":"https:\/\/distribucionarc.com\/lt\/parduotuve\/"},{"@type":"ListItem","position":3,"name":"Dispensador cafetera nitr\u00f3geno 5L"}]},{"@type":"WebSite","@id":"https:\/\/www.distribucionarc.com\/tr\/#website","url":"https:\/\/www.distribucionarc.com\/tr\/","name":"ARC da\u011f\u0131t\u0131m\u0131","description":"End\u00fcstriyel makinelerin \u00fcretimi ve da\u011f\u0131t\u0131m\u0131 konusunda uzmanla\u015fm\u0131\u015f \u015firket, kutu m\u00fch\u00fcrleme makineleri, tablet yapma makineleri, et kesme makineleri...","publisher":{"@id":"https:\/\/www.distribucionarc.com\/tr\/#organization"},"potentialAction":[{"@type":"SearchAction","target":{"@type":"EntryPoint","urlTemplate":"https:\/\/www.distribucionarc.com\/tr\/?s={search_term_string}"},"query-input":{"@type":"PropertyValueSpecification","valueRequired":true,"valueName":"search_term_string"}}],"inLanguage":"tr"},{"@type":"Organization","@id":"https:\/\/www.distribucionarc.com\/tr\/#organization","name":"ARC Da\u011f\u0131t\u0131m\u0131","url":"https:\/\/www.distribucionarc.com\/tr\/","logo":{"@type":"ImageObject","inLanguage":"tr","@id":"https:\/\/www.distribucionarc.com\/tr\/#\/schema\/logo\/image\/","url":"https:\/\/distribucionarc.com\/wp-content\/uploads\/2024\/10\/distribucion-ARC-COLOR-SIN-FONDO-e1732295305345.png","contentUrl":"https:\/\/distribucionarc.com\/wp-content\/uploads\/2024\/10\/distribucion-ARC-COLOR-SIN-FONDO-e1732295305345.png","width":1164,"height":558,"caption":"Distribuci\u00f3n ARC"},"image":{"@id":"https:\/\/www.distribucionarc.com\/tr\/#\/schema\/logo\/image\/"},"description":"\u015eirket, g\u0131da ve ila\u00e7 sekt\u00f6rleri i\u00e7in end\u00fcstriyel makine \u00fcretimi ve da\u011f\u0131t\u0131m\u0131 konusunda uzmanla\u015fm\u0131\u015ft\u0131r. Uzmanl\u0131k alanlar\u0131m\u0131z Et kesme makineleri Tablet \u00fcretimi End\u00fcstriyel ta\u015f\u0131ma sistemleri \u015ei\u015feleme hatlar\u0131 Dozajlama makineleri Ve \u00e7ok daha fazlas\u0131... \u015eirketinizin \u00fcretim s\u00fcre\u00e7lerini optimize etmek i\u00e7in yenilik\u00e7i ve \u00f6zelle\u015ftirilmi\u015f \u00e7\u00f6z\u00fcmler sunuyoruz.","email":"Admistracion@distribucionarc.com","telephone":"+34 643496664","legalName":"ARC TECH SOLUTIONS","foundingDate":"2024-04-09","vatID":"B55480172","numberOfEmployees":{"@type":"QuantitativeValue","minValue":"1","maxValue":"10"}}]}},"_links":{"self":[{"href":"https:\/\/distribucionarc.com\/tr\/wp-json\/wp\/v2\/product\/3858","targetHints":{"allow":["GET"]}}],"collection":[{"href":"https:\/\/distribucionarc.com\/tr\/wp-json\/wp\/v2\/product"}],"about":[{"href":"https:\/\/distribucionarc.com\/tr\/wp-json\/wp\/v2\/types\/product"}],"replies":[{"embeddable":true,"href":"https:\/\/distribucionarc.com\/tr\/wp-json\/wp\/v2\/comments?post=3858"}],"version-history":[{"count":0,"href":"https:\/\/distribucionarc.com\/tr\/wp-json\/wp\/v2\/product\/3858\/revisions"}],"wp:featuredmedia":[{"embeddable":true,"href":"https:\/\/distribucionarc.com\/tr\/wp-json\/wp\/v2\/media\/3856"}],"wp:attachment":[{"href":"https:\/\/distribucionarc.com\/tr\/wp-json\/wp\/v2\/media?parent=3858"}],"wp:term":[{"taxonomy":"product_brand","embeddable":true,"href":"https:\/\/distribucionarc.com\/tr\/wp-json\/wp\/v2\/product_brand?post=3858"},{"taxonomy":"product_cat","embeddable":true,"href":"https:\/\/distribucionarc.com\/tr\/wp-json\/wp\/v2\/product_cat?post=3858"},{"taxonomy":"product_tag","embeddable":true,"href":"https:\/\/distribucionarc.com\/tr\/wp-json\/wp\/v2\/product_tag?post=3858"}],"curies":[{"name":"wp","href":"https:\/\/api.w.org\/{rel}","templated":true}]}}