{"id":3890,"date":"2020-10-10T15:15:11","date_gmt":"2020-10-10T15:15:11","guid":{"rendered":"https:\/\/distribucionarc.com\/?post_type=product&#038;p=3890"},"modified":"2023-07-31T09:33:47","modified_gmt":"2023-07-31T09:33:47","slug":"endustriyel-elektrik-degirmen","status":"publish","type":"product","link":"https:\/\/distribucionarc.com\/tr\/producto\/molino-electrico-industrial\/","title":{"rendered":"End\u00fcstriyel elektrikli de\u011firmen"},"content":{"rendered":"<h3>Tah\u0131llar ve tah\u0131llar i\u00e7in elektrikli de\u011firmen<\/h3>\n<p>Bunun kasas\u0131<strong> elektrikli de\u011firmen <span style=\"color: #ff0000;\">\u0130LE<\/span><span style=\"color: #0000ff;\">R<\/span>C<\/strong> De\u011firmenin \u00f6\u011f\u00fctme i\u015flemi s\u0131ras\u0131nda paslanmas\u0131n\u0131 veya deforme olmas\u0131n\u0131 \u00f6nleyen galvanizli demirden yap\u0131lm\u0131\u015ft\u0131r. Herhangi bir tah\u0131l veya tah\u0131ldan tam tah\u0131ll\u0131 ince bir \u00f6\u011f\u00fctme elde edin.  Bu de\u011firmenin kullan\u0131m\u0131 kolay oldu\u011fu kadar, 1400 rpm&#039;de \u00e7al\u0131\u015fan 2000 W&#039;l\u0131k g\u00fc\u00e7l\u00fc motoru sayesinde h\u0131zl\u0131d\u0131r.<\/p>\n<p>Bu <strong>ta\u015flama makinesi <span style=\"color: #ff0000;\">\u0130LE<\/span><span style=\"color: #0000ff;\">R<\/span>CME2K<\/strong> M\u0131s\u0131r, pirin\u00e7, tah\u0131llar, tah\u0131llar, soya fasulyesi vb.&#039;nin \u00f6\u011f\u00fct\u00fclmesi ve ezilmesi i\u00e7in uygundur. Bitkisel s\u00fctler i\u00e7in un veya m\u00fcstahzarlar yapmak i\u00e7in uygundur. Ayn\u0131 zamanda yem yapmak ve \u00f6\u011f\u00fctmek i\u00e7in de kullan\u0131labilir.<\/p>\n<h6><strong>Garanti\u00a0<span style=\"color: #ff0000;\">\u0130LE<\/span><span style=\"color: #0000ff;\">R<\/span>\u00c7 2 YIL<\/strong><\/h6>\n<h6><span style=\"color: #008000;\">Verimli elektrikli de\u011firmen, d\u00fc\u015f\u00fck t\u00fcketim 2000w<\/span><\/h6>\n<h6><strong>teknik destek dahil<\/strong><\/h6>\n<p>&nbsp;<\/p>\n<table role=\"presentation\" width=\"100%\" cellspacing=\"0\" cellpadding=\"0\">\n<tbody>\n<tr>\n<td class=\"attrLabels\">Marka:<\/td>\n<td width=\"50.0%\">ARK<\/td>\n<\/tr>\n<tr>\n<td class=\"attrLabels\">Garanti:<\/td>\n<td width=\"50.0%\">2 Y\u0131l<\/td>\n<td class=\"attrLabels\">A\u011f\u0131rl\u0131k:<\/td>\n<td width=\"50.0%\">28 kg<\/td>\n<\/tr>\n<tr>\n<td class=\"attrLabels\">Da\u011f\u0131t\u0131m \u00fclkesi:<\/td>\n<td width=\"50.0%\">\u0130spanya, Almanya, ABD<\/td>\n<td class=\"attrLabels\">Y\u00fckseklik:<\/td>\n<td width=\"50.0%\">27cm<\/td>\n<\/tr>\n<tr>\n<td class=\"attrLabels\">Renk:<\/td>\n<td width=\"50.0%\">Ye\u015fil<\/td>\n<td class=\"attrLabels\">Uzun:<\/td>\n<td width=\"50.0%\">58cm<\/td>\n<\/tr>\n<tr>\n<td class=\"attrLabels\">\u00dcr\u00fcn tipi:<\/td>\n<td width=\"50.0%\">Elektrikli ta\u015flama makinesi<\/td>\n<td class=\"attrLabels\">Geni\u015f:<\/td>\n<td width=\"50.0%\">43cm<\/td>\n<\/tr>\n<tr>\n<td class=\"attrLabels\">\u00dcretici numaras\u0131:<\/td>\n<td width=\"50.0%\">ARCME2K<\/td>\n<td class=\"attrLabels\">\u00d6\u011f\u00fctme kapasitesi:<\/td>\n<td width=\"50.0%\">Tah\u0131l veya tah\u0131la ba\u011fl\u0131 olarak 50 \u2013 80 kg\/saat<\/td>\n<\/tr>\n<tr>\n<td class=\"attrLabels\">Malzeme:<\/td>\n<td width=\"50.0%\">galvanizli \u00e7elik, verimli motor<\/td>\n<td class=\"attrLabels\">\u0130yile\u015ftirme:<\/td>\n<td width=\"50.0%\">50 kg\/saat<\/td>\n<\/tr>\n<tr>\n<td class=\"attrLabels\">Gerilim:<\/td>\n<td width=\"50.0%\">220V 50Hz - 60Hz<\/td>\n<td class=\"attrLabels\">Matkap boyutu:<\/td>\n<td width=\"50.0%\">150mm<\/td>\n<\/tr>\n<tr>\n<td class=\"attrLabels\">G\u00fc\u00e7:<\/td>\n<td width=\"50.0%\">2000W<\/td>\n<td class=\"attrLabels\">D\u00f6nd\u00fcrme t\u00fcr\u00fc:<\/td>\n<td width=\"50.0%\">\u00a0Saat y\u00f6n\u00fcn\u00fcn tersine y\u00f6n<\/td>\n<\/tr>\n<\/tbody>\n<\/table>","protected":false},"excerpt":{"rendered":"<h2>Tah\u0131llar ve tah\u0131llar i\u00e7in elektrikli de\u011firmen<\/h2>\n<p>Bu <strong>ta\u015flama makinesi<\/strong> M\u0131s\u0131r, pirin\u00e7, tah\u0131llar, tah\u0131llar, soya fasulyesi vb. k\u0131rmak i\u00e7in uygundur. Bitkisel s\u00fctler i\u00e7in un veya m\u00fcstahzarlar yapmak i\u00e7in uygundur. Ayn\u0131 zamanda yem yapmak ve \u00f6\u011f\u00fctmek i\u00e7in de kullan\u0131labilir. Bu g\u00fc\u00e7l\u00fc elektrik motoruyla zamandan ve paradan tasarruf edin. <strong>yel de\u011firmeni<span style=\"color: #ff0000;\"> \u0130LE<\/span><span style=\"color: #0000ff;\">R<\/span>C<\/strong><\/p>\n<h6><strong>Garanti\u00a0<span style=\"color: #ff0000;\">\u0130LE<\/span><span style=\"color: #0000ff;\">R<\/span>\u00c7 2 YIL<\/strong><\/h6>\n<h6><span style=\"color: #008000;\">Verimli elektrikli de\u011firmen, d\u00fc\u015f\u00fck t\u00fcketim 2000w<\/span><\/h6>\n<h6><strong>teknik destek dahil<\/strong><\/h6>","protected":false},"featured_media":3896,"comment_status":"open","ping_status":"closed","template":"","meta":{"wds_primary_product_brand":0,"wds_primary_product_cat":0},"product_brand":[],"product_cat":[30],"product_tag":[],"class_list":{"0":"post-3890","1":"product","2":"type-product","3":"status-publish","4":"has-post-thumbnail","6":"product_cat-maquinaria-apicola","7":"product_shipping_class-hosteleria","9":"first","10":"instock","11":"taxable","12":"shipping-taxable","13":"purchasable","14":"product-type-simple"},"yoast_head":"<!-- This site is optimized with the Yoast SEO Premium plugin v24.9 (Yoast SEO v26.1) - https:\/\/yoast.com\/wordpress\/plugins\/seo\/ -->\n<title>Molino el\u00e9ctrico industrial - distribuci\u00f3n ARC<\/title>\n<meta name=\"robots\" content=\"index, follow, max-snippet:-1, max-image-preview:large, max-video-preview:-1\" \/>\n<link rel=\"canonical\" href=\"https:\/\/www.distribucionarc.com\/pl\/producto\/molino-electrico-industrial\/\" \/>\n<meta property=\"og:locale\" content=\"tr_TR\" \/>\n<meta property=\"og:type\" content=\"article\" \/>\n<meta property=\"og:title\" content=\"Molino el\u00e9ctrico industrial\" \/>\n<meta property=\"og:description\" content=\"Molino el\u00e9ctrico para granos y cereales Esta m\u00e1quina para moler es adecuada para triturar ma\u00edz, arroz, granos, cereales, soja, etc. Adecuada para elaborar harinas o preparados para leches vegetales. Al mismo tiempo, se puede utilizar para elaborar y \u00a0triturar piensos. Ahorre tiempo y dinero con el potente motor el\u00e9ctrico de este molino ARC Garant\u00eda\u00a0ARC 2 A\u00d1OS Molino el\u00e9ctrico eficiente, bajo consumo 2000w soporte t\u00e9cnico incluido\" \/>\n<meta property=\"og:url\" content=\"https:\/\/www.distribucionarc.com\/pl\/producto\/molino-electrico-industrial\/\" \/>\n<meta property=\"og:site_name\" content=\"distribuci\u00f3n ARC\" \/>\n<meta property=\"article:modified_time\" content=\"2023-07-31T09:33:47+00:00\" \/>\n<meta property=\"og:image\" content=\"https:\/\/distribucionarc.com\/wp-content\/uploads\/2020\/10\/Molino-el\u00e9ctrico-industrial-0.jpg\" \/>\n\t<meta property=\"og:image:width\" content=\"800\" \/>\n\t<meta property=\"og:image:height\" content=\"800\" \/>\n\t<meta property=\"og:image:type\" content=\"image\/jpeg\" \/>\n<meta name=\"twitter:card\" content=\"summary_large_image\" \/>\n<meta name=\"twitter:label1\" content=\"Tahmini okuma s\u00fcresi\" \/>\n\t<meta name=\"twitter:data1\" content=\"1 dakika\" \/>\n<script type=\"application\/ld+json\" class=\"yoast-schema-graph\">{\"@context\":\"https:\/\/schema.org\",\"@graph\":[{\"@type\":\"WebPage\",\"@id\":\"https:\/\/www.distribucionarc.com\/pl\/producto\/molino-electrico-industrial\/\",\"url\":\"https:\/\/www.distribucionarc.com\/pl\/producto\/molino-electrico-industrial\/\",\"name\":\"Molino el\u00e9ctrico industrial - distribuci\u00f3n ARC\",\"isPartOf\":{\"@id\":\"https:\/\/distribucionarc.com\/de\/#website\"},\"primaryImageOfPage\":{\"@id\":\"https:\/\/www.distribucionarc.com\/pl\/producto\/molino-electrico-industrial\/#primaryimage\"},\"image\":{\"@id\":\"https:\/\/www.distribucionarc.com\/pl\/producto\/molino-electrico-industrial\/#primaryimage\"},\"thumbnailUrl\":\"https:\/\/distribucionarc.com\/wp-content\/uploads\/2020\/10\/Molino-el\u00e9ctrico-industrial-0.jpg\",\"datePublished\":\"2020-10-10T15:15:11+00:00\",\"dateModified\":\"2023-07-31T09:33:47+00:00\",\"breadcrumb\":{\"@id\":\"https:\/\/www.distribucionarc.com\/pl\/producto\/molino-electrico-industrial\/#breadcrumb\"},\"inLanguage\":\"tr\",\"potentialAction\":[{\"@type\":\"ReadAction\",\"target\":[\"https:\/\/www.distribucionarc.com\/pl\/producto\/molino-electrico-industrial\/\"]}]},{\"@type\":\"ImageObject\",\"inLanguage\":\"tr\",\"@id\":\"https:\/\/www.distribucionarc.com\/pl\/producto\/molino-electrico-industrial\/#primaryimage\",\"url\":\"https:\/\/distribucionarc.com\/wp-content\/uploads\/2020\/10\/Molino-el\u00e9ctrico-industrial-0.jpg\",\"contentUrl\":\"https:\/\/distribucionarc.com\/wp-content\/uploads\/2020\/10\/Molino-el\u00e9ctrico-industrial-0.jpg\",\"width\":800,\"height\":800,\"caption\":\"Molino el\u00e9ctrico industrial\"},{\"@type\":\"BreadcrumbList\",\"@id\":\"https:\/\/www.distribucionarc.com\/pl\/producto\/molino-electrico-industrial\/#breadcrumb\",\"itemListElement\":[{\"@type\":\"ListItem\",\"position\":1,\"name\":\"Portada\",\"item\":\"https:\/\/distribucionarc.com\/pl\/\"},{\"@type\":\"ListItem\",\"position\":2,\"name\":\"Produkty\",\"item\":\"https:\/\/distribucionarc.com\/pl\/shop\/\"},{\"@type\":\"ListItem\",\"position\":3,\"name\":\"Molino el\u00e9ctrico industrial\"}]},{\"@type\":\"WebSite\",\"@id\":\"https:\/\/distribucionarc.com\/de\/#website\",\"url\":\"https:\/\/distribucionarc.com\/de\/\",\"name\":\"distribuci\u00f3n ARC\",\"description\":\"Empresa especializada en la fabricaci\u00f3n y distribuci\u00f3n de maquinaria industrial, selladoras de latas, Maquinas de hacer pastillas, Maquinas de cortar carne...\",\"publisher\":{\"@id\":\"https:\/\/distribucionarc.com\/de\/#organization\"},\"potentialAction\":[{\"@type\":\"SearchAction\",\"target\":{\"@type\":\"EntryPoint\",\"urlTemplate\":\"https:\/\/distribucionarc.com\/de\/?s={search_term_string}\"},\"query-input\":{\"@type\":\"PropertyValueSpecification\",\"valueRequired\":true,\"valueName\":\"search_term_string\"}}],\"inLanguage\":\"tr\"},{\"@type\":\"Organization\",\"@id\":\"https:\/\/distribucionarc.com\/de\/#organization\",\"name\":\"Distribuci\u00f3n ARC\",\"url\":\"https:\/\/distribucionarc.com\/de\/\",\"logo\":{\"@type\":\"ImageObject\",\"inLanguage\":\"tr\",\"@id\":\"https:\/\/distribucionarc.com\/de\/#\/schema\/logo\/image\/\",\"url\":\"https:\/\/distribucionarc.com\/wp-content\/uploads\/2024\/10\/distribucion-ARC-COLOR-SIN-FONDO-e1732295305345.png\",\"contentUrl\":\"https:\/\/distribucionarc.com\/wp-content\/uploads\/2024\/10\/distribucion-ARC-COLOR-SIN-FONDO-e1732295305345.png\",\"width\":1164,\"height\":558,\"caption\":\"Distribuci\u00f3n ARC\"},\"image\":{\"@id\":\"https:\/\/distribucionarc.com\/de\/#\/schema\/logo\/image\/\"},\"description\":\"Empresa especializada en la fabricaci\u00f3n y distribuci\u00f3n de maquinaria industrial para los sectores alimentario y farmac\u00e9utico. Nos especializamos en: M\u00e1quinas de cortar carne Fabricaci\u00f3n de comprimidos Sistemas de transporte industrial L\u00edneas de embotellado Dosificadores Y mucho m\u00e1s... Ofrecemos soluciones innovadoras y personalizadas para optimizar los procesos productivos de tu empresa.\",\"email\":\"Admistracion@distribucionarc.com\",\"telephone\":\"+34 643496664\",\"legalName\":\"ARC TECH SOLUTIONS\",\"foundingDate\":\"2024-04-09\",\"vatID\":\"B55480172\",\"numberOfEmployees\":{\"@type\":\"QuantitativeValue\",\"minValue\":\"1\",\"maxValue\":\"10\"}}]}<\/script>\n<!-- \/ Yoast SEO Premium plugin. -->","yoast_head_json":{"title":"End\u00fcstriyel elektrik fabrikas\u0131 - ARC da\u011f\u0131t\u0131m\u0131","robots":{"index":"index","follow":"follow","max-snippet":"max-snippet:-1","max-image-preview":"max-image-preview:large","max-video-preview":"max-video-preview:-1"},"canonical":"https:\/\/www.distribucionarc.com\/pl\/producto\/molino-electrico-industrial\/","og_locale":"tr_TR","og_type":"article","og_title":"Molino el\u00e9ctrico industrial","og_description":"Molino el\u00e9ctrico para granos y cereales Esta m\u00e1quina para moler es adecuada para triturar ma\u00edz, arroz, granos, cereales, soja, etc. Adecuada para elaborar harinas o preparados para leches vegetales. Al mismo tiempo, se puede utilizar para elaborar y \u00a0triturar piensos. Ahorre tiempo y dinero con el potente motor el\u00e9ctrico de este molino ARC Garant\u00eda\u00a0ARC 2 A\u00d1OS Molino el\u00e9ctrico eficiente, bajo consumo 2000w soporte t\u00e9cnico incluido","og_url":"https:\/\/www.distribucionarc.com\/pl\/producto\/molino-electrico-industrial\/","og_site_name":"distribuci\u00f3n ARC","article_modified_time":"2023-07-31T09:33:47+00:00","og_image":[{"width":800,"height":800,"url":"https:\/\/distribucionarc.com\/wp-content\/uploads\/2020\/10\/Molino-el\u00e9ctrico-industrial-0.jpg","type":"image\/jpeg"}],"twitter_card":"summary_large_image","twitter_misc":{"Tahmini okuma s\u00fcresi":"1 dakika"},"schema":{"@context":"https:\/\/schema.org","@graph":[{"@type":"WebPage","@id":"https:\/\/www.distribucionarc.com\/pl\/producto\/molino-electrico-industrial\/","url":"https:\/\/www.distribucionarc.com\/pl\/producto\/molino-electrico-industrial\/","name":"End\u00fcstriyel elektrik fabrikas\u0131 - ARC da\u011f\u0131t\u0131m\u0131","isPartOf":{"@id":"https:\/\/distribucionarc.com\/de\/#website"},"primaryImageOfPage":{"@id":"https:\/\/www.distribucionarc.com\/pl\/producto\/molino-electrico-industrial\/#primaryimage"},"image":{"@id":"https:\/\/www.distribucionarc.com\/pl\/producto\/molino-electrico-industrial\/#primaryimage"},"thumbnailUrl":"https:\/\/distribucionarc.com\/wp-content\/uploads\/2020\/10\/Molino-el\u00e9ctrico-industrial-0.jpg","datePublished":"2020-10-10T15:15:11+00:00","dateModified":"2023-07-31T09:33:47+00:00","breadcrumb":{"@id":"https:\/\/www.distribucionarc.com\/pl\/producto\/molino-electrico-industrial\/#breadcrumb"},"inLanguage":"tr","potentialAction":[{"@type":"ReadAction","target":["https:\/\/www.distribucionarc.com\/pl\/producto\/molino-electrico-industrial\/"]}]},{"@type":"ImageObject","inLanguage":"tr","@id":"https:\/\/www.distribucionarc.com\/pl\/producto\/molino-electrico-industrial\/#primaryimage","url":"https:\/\/distribucionarc.com\/wp-content\/uploads\/2020\/10\/Molino-el\u00e9ctrico-industrial-0.jpg","contentUrl":"https:\/\/distribucionarc.com\/wp-content\/uploads\/2020\/10\/Molino-el\u00e9ctrico-industrial-0.jpg","width":800,"height":800,"caption":"Molino el\u00e9ctrico industrial"},{"@type":"BreadcrumbList","@id":"https:\/\/www.distribucionarc.com\/pl\/producto\/molino-electrico-industrial\/#breadcrumb","itemListElement":[{"@type":"ListItem","position":1,"name":"Portada","item":"https:\/\/distribucionarc.com\/pl\/"},{"@type":"ListItem","position":2,"name":"Produkty","item":"https:\/\/distribucionarc.com\/pl\/shop\/"},{"@type":"ListItem","position":3,"name":"Molino el\u00e9ctrico industrial"}]},{"@type":"WebSite","@id":"https:\/\/distribucionarc.com\/de\/#website","url":"https:\/\/distribucionarc.com\/de\/","name":"ARC da\u011f\u0131t\u0131m\u0131","description":"End\u00fcstriyel makinelerin \u00fcretimi ve da\u011f\u0131t\u0131m\u0131 konusunda uzmanla\u015fm\u0131\u015f \u015firket, kutu m\u00fch\u00fcrleme makineleri, tablet yapma makineleri, et kesme makineleri...","publisher":{"@id":"https:\/\/distribucionarc.com\/de\/#organization"},"potentialAction":[{"@type":"SearchAction","target":{"@type":"EntryPoint","urlTemplate":"https:\/\/distribucionarc.com\/de\/?s={search_term_string}"},"query-input":{"@type":"PropertyValueSpecification","valueRequired":true,"valueName":"search_term_string"}}],"inLanguage":"tr"},{"@type":"Organization","@id":"https:\/\/distribucionarc.com\/de\/#organization","name":"ARC Da\u011f\u0131t\u0131m\u0131","url":"https:\/\/distribucionarc.com\/de\/","logo":{"@type":"ImageObject","inLanguage":"tr","@id":"https:\/\/distribucionarc.com\/de\/#\/schema\/logo\/image\/","url":"https:\/\/distribucionarc.com\/wp-content\/uploads\/2024\/10\/distribucion-ARC-COLOR-SIN-FONDO-e1732295305345.png","contentUrl":"https:\/\/distribucionarc.com\/wp-content\/uploads\/2024\/10\/distribucion-ARC-COLOR-SIN-FONDO-e1732295305345.png","width":1164,"height":558,"caption":"Distribuci\u00f3n ARC"},"image":{"@id":"https:\/\/distribucionarc.com\/de\/#\/schema\/logo\/image\/"},"description":"\u015eirket, g\u0131da ve ila\u00e7 sekt\u00f6rleri i\u00e7in end\u00fcstriyel makine \u00fcretimi ve da\u011f\u0131t\u0131m\u0131 konusunda uzmanla\u015fm\u0131\u015ft\u0131r. Uzmanl\u0131k alanlar\u0131m\u0131z Et kesme makineleri Tablet \u00fcretimi End\u00fcstriyel ta\u015f\u0131ma sistemleri \u015ei\u015feleme hatlar\u0131 Dozajlama makineleri Ve \u00e7ok daha fazlas\u0131... \u015eirketinizin \u00fcretim s\u00fcre\u00e7lerini optimize etmek i\u00e7in yenilik\u00e7i ve \u00f6zelle\u015ftirilmi\u015f \u00e7\u00f6z\u00fcmler sunuyoruz.","email":"Admistracion@distribucionarc.com","telephone":"+34 643496664","legalName":"ARC TECH SOLUTIONS","foundingDate":"2024-04-09","vatID":"B55480172","numberOfEmployees":{"@type":"QuantitativeValue","minValue":"1","maxValue":"10"}}]}},"_links":{"self":[{"href":"https:\/\/distribucionarc.com\/tr\/wp-json\/wp\/v2\/product\/3890","targetHints":{"allow":["GET"]}}],"collection":[{"href":"https:\/\/distribucionarc.com\/tr\/wp-json\/wp\/v2\/product"}],"about":[{"href":"https:\/\/distribucionarc.com\/tr\/wp-json\/wp\/v2\/types\/product"}],"replies":[{"embeddable":true,"href":"https:\/\/distribucionarc.com\/tr\/wp-json\/wp\/v2\/comments?post=3890"}],"version-history":[{"count":1,"href":"https:\/\/distribucionarc.com\/tr\/wp-json\/wp\/v2\/product\/3890\/revisions"}],"predecessor-version":[{"id":9818,"href":"https:\/\/distribucionarc.com\/tr\/wp-json\/wp\/v2\/product\/3890\/revisions\/9818"}],"wp:featuredmedia":[{"embeddable":true,"href":"https:\/\/distribucionarc.com\/tr\/wp-json\/wp\/v2\/media\/3896"}],"wp:attachment":[{"href":"https:\/\/distribucionarc.com\/tr\/wp-json\/wp\/v2\/media?parent=3890"}],"wp:term":[{"taxonomy":"product_brand","embeddable":true,"href":"https:\/\/distribucionarc.com\/tr\/wp-json\/wp\/v2\/product_brand?post=3890"},{"taxonomy":"product_cat","embeddable":true,"href":"https:\/\/distribucionarc.com\/tr\/wp-json\/wp\/v2\/product_cat?post=3890"},{"taxonomy":"product_tag","embeddable":true,"href":"https:\/\/distribucionarc.com\/tr\/wp-json\/wp\/v2\/product_tag?post=3890"}],"curies":[{"name":"wp","href":"https:\/\/api.w.org\/{rel}","templated":true}]}}