{"id":3998,"date":"2020-10-15T09:04:26","date_gmt":"2020-10-15T09:04:26","guid":{"rendered":"https:\/\/distribucionarc.com\/?post_type=product&#038;p=3998"},"modified":"2023-02-15T18:45:27","modified_gmt":"2023-02-15T18:45:27","slug":"manyetik-karistirici-sicak-plaka","status":"publish","type":"product","link":"https:\/\/distribucionarc.com\/tr\/producto\/agitador-magnetico-placa-caliente\/","title":{"rendered":"S\u0131cak Plaka Manyetik Kar\u0131\u015ft\u0131r\u0131c\u0131"},"content":{"rendered":"<h2>S\u0131cak Plaka Manyetik Kar\u0131\u015ft\u0131r\u0131c\u0131<\/h2>\n<p>Bu <strong>s\u0131cak plaka kar\u0131\u015ft\u0131r\u0131c\u0131 <span style=\"color: #ff0000;\">\u0130LE<\/span><span style=\"color: #0000ff;\">R<\/span>C<\/strong> Y\u00fcksek performansa sahiptir, farkl\u0131 h\u0131zlara sahiptir ve \u00e7ok \u00e7e\u015fitli t\u0131bbi, kimya ve organik laboratuvarlar i\u00e7in ayarlanabilir bir s\u0131cakl\u0131\u011fa sahiptir. Kararl\u0131 \u00e7al\u0131\u015fmas\u0131, g\u00fcvenilir performans\u0131 ve basit i\u015flevi, her t\u00fcrl\u00fc i\u015flemi daha h\u0131zl\u0131 ve daha verimli hale getirecektir.<\/p>\n<p>Se\u00e7ilen s\u0131cakl\u0131\u011f\u0131 ve h\u0131z\u0131 g\u00f6r\u00fcnt\u00fclemek i\u00e7in dijital bir ekrana sahiptir. Bu <strong>S\u0131cak plaka kar\u0131\u015ft\u0131r\u0131c\u0131 <span style=\"color: #ff0000;\">\u0130LE<\/span><span style=\"color: #0000ff;\">R<\/span>CAMP852<\/strong>\u00a0Sessiz bir motoru vard\u0131r, kar\u0131\u015ft\u0131rma \u00e7ubu\u011fu y\u00fcksek manyetizmaya sahip, a\u015f\u0131nmaya, \u0131s\u0131ya ve korozyona dayan\u0131kl\u0131 bir malzeme olan PTFE&#039;den yap\u0131lm\u0131\u015ft\u0131r. \u015ei\u015fe veya kap tam konumunda de\u011filse, <strong>manyetik kar\u0131\u015ft\u0131r\u0131c\u0131<\/strong> faaliyette olmayacakt\u0131r.<\/p>\n<h6><strong>Garanti\u00a0<span style=\"color: #ff0000;\">\u0130LE<\/span><span style=\"color: #0000ff;\">R<\/span>C<\/strong><strong>\u00a02 YIL<\/strong><\/h6>\n<h6><span style=\"color: #008000;\">Verimli manyetik kar\u0131\u015ft\u0131r\u0131c\u0131, d\u00fc\u015f\u00fck t\u00fcketim 300 + 20w (maksimum \u00e7al\u0131\u015fma)<\/span><\/h6>\n<h6><strong>teknik destek dahil<\/strong><\/h6>\n<p>&nbsp;<\/p>\n<p>&nbsp;<\/p>\n<table role=\"presentation\" width=\"100%\" cellspacing=\"0\" cellpadding=\"0\">\n<tbody>\n<tr>\n<td class=\"attrLabels\">Garanti:<\/td>\n<td width=\"50.0%\">\u00a02 YIL<\/td>\n<\/tr>\n<tr>\n<td class=\"attrLabels\">Da\u011f\u0131t\u0131m \u00fclkesi:<\/td>\n<td width=\"50.0%\">\u0130spanya, Almanya, ABD<\/td>\n<td class=\"attrLabels\">A\u011f\u0131rl\u0131k:<\/td>\n<td width=\"50.0%\">2,5 kg<\/td>\n<\/tr>\n<tr>\n<td class=\"attrLabels\">Marka:<\/td>\n<td width=\"50.0%\">ARK<\/td>\n<td class=\"attrLabels\">Y\u00fckseklik:<\/td>\n<td width=\"50.0%\">50cm<\/td>\n<\/tr>\n<tr>\n<td class=\"attrLabels\">Renk:<\/td>\n<td width=\"50.0%\">G\u00fcm\u00fc\u015f<\/td>\n<td class=\"attrLabels\">Uzun:<\/td>\n<td width=\"50.0%\">25cm<\/td>\n<\/tr>\n<tr>\n<td class=\"attrLabels\">\u00dcr\u00fcn tipi:<\/td>\n<td width=\"50.0%\">Manyetik kar\u0131\u015ft\u0131r\u0131c\u0131<\/td>\n<td class=\"attrLabels\">Geni\u015f:<\/td>\n<td width=\"50.0%\">18cm<\/td>\n<\/tr>\n<tr>\n<td class=\"attrLabels\">\u00dcretici numaras\u0131:<\/td>\n<td width=\"50.0%\">ARCAMP852<\/td>\n<td class=\"attrLabels\">Y\u00f6r\u00fcnge \u00e7ap\u0131:<\/td>\n<td width=\"50.0%\">22 mm<\/td>\n<\/tr>\n<tr>\n<td class=\"attrLabels\">Malzeme:<\/td>\n<td width=\"50.0%\">paslanmaz \u00e7elik, tam otomatik<\/td>\n<td class=\"attrLabels\">\u00c7al\u0131\u015fma y\u00fczeyi \u00e7ap\u0131:<\/td>\n<td width=\"50.0%\">130mm<\/td>\n<\/tr>\n<tr>\n<td class=\"attrLabels\">Giri\u015f voltaj\u0131:<\/td>\n<td width=\"50.0%\">110V\/220V 20\/60Hz<\/td>\n<td class=\"attrLabels\">H\u0131z:<\/td>\n<td width=\"50.0%\">0 \u2013 2400 rpm (kademeli h\u0131z ayar\u0131, 0-99 derece ayarlanabilir)<\/td>\n<\/tr>\n<tr>\n<td class=\"attrLabels\">G\u00fc\u00e7:<\/td>\n<td width=\"50.0%\">20W kar\u0131\u015ft\u0131r\u0131c\u0131<\/p>\n<p>300W \u0131s\u0131tma plakas\u0131<\/td>\n<td class=\"attrLabels\">S\u0131cakl\u0131k kontrol\u00fc:<\/td>\n<td width=\"50.0%\">RT-100\u00b0C<\/td>\n<\/tr>\n<\/tbody>\n<\/table>","protected":false},"excerpt":{"rendered":"<h2>S\u0131cak Plaka Manyetik Kar\u0131\u015ft\u0131r\u0131c\u0131<\/h2>\n<p>O<strong> manyetik kar\u0131\u015ft\u0131r\u0131c\u0131 <span style=\"color: #ff0000;\">\u0130LE<\/span><span style=\"color: #0000ff;\">R<\/span>C<\/strong> Kar\u0131\u015ft\u0131rma h\u0131z\u0131n\u0131 ve istenen s\u0131cakl\u0131\u011f\u0131 kontrol etmek i\u00e7in dijital bir ekrana sahiptir. Y\u00fcksek kaliteli motor \u00e7ok az g\u00fcr\u00fclt\u00fc \u00fcretir. Is\u0131tma plakas\u0131 hassas \u0131s\u0131tma i\u00e7in tamamen kapal\u0131d\u0131r. Kar\u0131\u015ft\u0131rma \u00e7ubu\u011fu y\u00fcksek kaliteli PTFE ve manyetik malzemeden yap\u0131lm\u0131\u015ft\u0131r, \u0131s\u0131ya dayan\u0131kl\u0131d\u0131r, y\u00fcksek manyetizma \u00f6zelli\u011fine sahiptir, a\u015f\u0131nmaya ve korozyona dayan\u0131kl\u0131d\u0131r. Kapal\u0131 bir kab\u0131 sallamak i\u00e7in m\u00fckemmel bir makinedir; \u00c7alkalay\u0131c\u0131, s\u0131cakl\u0131\u011f\u0131 olduk\u00e7a hassas ve do\u011frudan ayarlayabilir ve g\u00f6r\u00fcnt\u00fcleyebilir.<\/p>\n<h6><strong>Garanti\u00a0<span style=\"color: #ff0000;\">\u0130LE<\/span><span style=\"color: #0000ff;\">R<\/span>C<\/strong><strong>\u00a02 YIL<\/strong><\/h6>\n<h6><span style=\"color: #008000;\">Verimli manyetik kar\u0131\u015ft\u0131r\u0131c\u0131, d\u00fc\u015f\u00fck t\u00fcketim 300 + 20w (maksimum \u00e7al\u0131\u015fma)<\/span><\/h6>\n<h6><strong>teknik destek dahil<\/strong><\/h6>","protected":false},"featured_media":4006,"comment_status":"open","ping_status":"closed","template":"","meta":{"wds_primary_product_brand":0,"wds_primary_product_cat":0},"product_brand":[],"product_cat":[29],"product_tag":[],"class_list":{"0":"post-3998","1":"product","2":"type-product","3":"status-publish","4":"has-post-thumbnail","6":"product_cat-maquinas-industria-quimica","7":"product_shipping_class-hosteleria","9":"first","10":"instock","11":"taxable","12":"shipping-taxable","13":"purchasable","14":"product-type-simple"},"yoast_head":"<!-- This site is optimized with the Yoast SEO Premium plugin v24.9 (Yoast SEO v26.1) - https:\/\/yoast.com\/wordpress\/plugins\/seo\/ -->\n<title>Agitador magn\u00e9tico placa caliente - distribuci\u00f3n ARC<\/title>\n<meta name=\"robots\" content=\"index, follow, max-snippet:-1, max-image-preview:large, max-video-preview:-1\" \/>\n<link rel=\"canonical\" href=\"https:\/\/distribucionarc.com\/tr\/urun\/manyetik-karistirici-sicak-plaka\/\" \/>\n<meta property=\"og:locale\" content=\"tr_TR\" \/>\n<meta property=\"og:type\" content=\"article\" \/>\n<meta property=\"og:title\" content=\"Agitador magn\u00e9tico placa caliente\" \/>\n<meta property=\"og:description\" content=\"Agitador magn\u00e9tico placa caliente El agitador magn\u00e9tico ARC cuenta con una pantalla digital para controlar la velocidad de agitaci\u00f3n al igual que la temperatura deseada. El motor de alta calidad produce muy poco ruido. La placa de calentamiento es totalmente cerrada para un calentamiento preciso. La barra de agitaci\u00f3n est\u00e1 hecha de PTFE y material magn\u00e9tico de alta calidad, resistente al calor, cuenta con un alto magnetismo, resistente al desgaste y la corrosi\u00f3n. Es una m\u00e1quina perfecta para agitar un recipiente cerrado; El agitador puede ajustar y mostrar la temperatura siendo bastante preciso y directo. Garant\u00eda\u00a0ARC\u00a02 A\u00d1OS Agitador magn\u00e9tico eficiente, bajo consumo 300 + 20w (m\u00e1ximo funcionamiento) soporte t\u00e9cnico incluido\" \/>\n<meta property=\"og:url\" content=\"https:\/\/distribucionarc.com\/tr\/urun\/manyetik-karistirici-sicak-plaka\/\" \/>\n<meta property=\"og:site_name\" content=\"distribuci\u00f3n ARC\" \/>\n<meta property=\"article:modified_time\" content=\"2023-02-15T18:45:27+00:00\" \/>\n<meta property=\"og:image\" content=\"https:\/\/distribucionarc.com\/wp-content\/uploads\/2020\/10\/Agitador-magn\u00e9tico-placa-caliente-0.jpg\" \/>\n\t<meta property=\"og:image:width\" content=\"1001\" \/>\n\t<meta property=\"og:image:height\" content=\"1001\" \/>\n\t<meta property=\"og:image:type\" content=\"image\/jpeg\" \/>\n<meta name=\"twitter:card\" content=\"summary_large_image\" \/>\n<meta name=\"twitter:label1\" content=\"Tahmini okuma s\u00fcresi\" \/>\n\t<meta name=\"twitter:data1\" content=\"1 dakika\" \/>\n<script type=\"application\/ld+json\" class=\"yoast-schema-graph\">{\"@context\":\"https:\/\/schema.org\",\"@graph\":[{\"@type\":\"WebPage\",\"@id\":\"https:\/\/distribucionarc.com\/fr\/producto\/agitador-magnetico-placa-caliente\/\",\"url\":\"https:\/\/distribucionarc.com\/fr\/producto\/agitador-magnetico-placa-caliente\/\",\"name\":\"Agitador magn\u00e9tico placa caliente - distribuci\u00f3n ARC\",\"isPartOf\":{\"@id\":\"https:\/\/distribucionarc.com\/de\/#website\"},\"primaryImageOfPage\":{\"@id\":\"https:\/\/distribucionarc.com\/fr\/producto\/agitador-magnetico-placa-caliente\/#primaryimage\"},\"image\":{\"@id\":\"https:\/\/distribucionarc.com\/fr\/producto\/agitador-magnetico-placa-caliente\/#primaryimage\"},\"thumbnailUrl\":\"https:\/\/distribucionarc.com\/wp-content\/uploads\/2020\/10\/Agitador-magn\u00e9tico-placa-caliente-0.jpg\",\"datePublished\":\"2020-10-15T09:04:26+00:00\",\"dateModified\":\"2023-02-15T18:45:27+00:00\",\"breadcrumb\":{\"@id\":\"https:\/\/distribucionarc.com\/fr\/producto\/agitador-magnetico-placa-caliente\/#breadcrumb\"},\"inLanguage\":\"tr\",\"potentialAction\":[{\"@type\":\"ReadAction\",\"target\":[\"https:\/\/distribucionarc.com\/fr\/producto\/agitador-magnetico-placa-caliente\/\"]}]},{\"@type\":\"ImageObject\",\"inLanguage\":\"tr\",\"@id\":\"https:\/\/distribucionarc.com\/fr\/producto\/agitador-magnetico-placa-caliente\/#primaryimage\",\"url\":\"https:\/\/distribucionarc.com\/wp-content\/uploads\/2020\/10\/Agitador-magn\u00e9tico-placa-caliente-0.jpg\",\"contentUrl\":\"https:\/\/distribucionarc.com\/wp-content\/uploads\/2020\/10\/Agitador-magn\u00e9tico-placa-caliente-0.jpg\",\"width\":1001,\"height\":1001,\"caption\":\"Agitador magn\u00e9tico placa caliente\"},{\"@type\":\"BreadcrumbList\",\"@id\":\"https:\/\/distribucionarc.com\/fr\/producto\/agitador-magnetico-placa-caliente\/#breadcrumb\",\"itemListElement\":[{\"@type\":\"ListItem\",\"position\":1,\"name\":\"Portada\",\"item\":\"https:\/\/distribucionarc.com\/pl\/\"},{\"@type\":\"ListItem\",\"position\":2,\"name\":\"Produkty\",\"item\":\"https:\/\/distribucionarc.com\/pl\/shop\/\"},{\"@type\":\"ListItem\",\"position\":3,\"name\":\"Agitador magn\u00e9tico placa caliente\"}]},{\"@type\":\"WebSite\",\"@id\":\"https:\/\/distribucionarc.com\/de\/#website\",\"url\":\"https:\/\/distribucionarc.com\/de\/\",\"name\":\"distribuci\u00f3n ARC\",\"description\":\"Empresa especializada en la fabricaci\u00f3n y distribuci\u00f3n de maquinaria industrial, selladoras de latas, Maquinas de hacer pastillas, Maquinas de cortar carne...\",\"publisher\":{\"@id\":\"https:\/\/distribucionarc.com\/de\/#organization\"},\"potentialAction\":[{\"@type\":\"SearchAction\",\"target\":{\"@type\":\"EntryPoint\",\"urlTemplate\":\"https:\/\/distribucionarc.com\/de\/?s={search_term_string}\"},\"query-input\":{\"@type\":\"PropertyValueSpecification\",\"valueRequired\":true,\"valueName\":\"search_term_string\"}}],\"inLanguage\":\"tr\"},{\"@type\":\"Organization\",\"@id\":\"https:\/\/distribucionarc.com\/de\/#organization\",\"name\":\"Distribuci\u00f3n ARC\",\"url\":\"https:\/\/distribucionarc.com\/de\/\",\"logo\":{\"@type\":\"ImageObject\",\"inLanguage\":\"tr\",\"@id\":\"https:\/\/distribucionarc.com\/de\/#\/schema\/logo\/image\/\",\"url\":\"https:\/\/distribucionarc.com\/wp-content\/uploads\/2024\/10\/distribucion-ARC-COLOR-SIN-FONDO-e1732295305345.png\",\"contentUrl\":\"https:\/\/distribucionarc.com\/wp-content\/uploads\/2024\/10\/distribucion-ARC-COLOR-SIN-FONDO-e1732295305345.png\",\"width\":1164,\"height\":558,\"caption\":\"Distribuci\u00f3n ARC\"},\"image\":{\"@id\":\"https:\/\/distribucionarc.com\/de\/#\/schema\/logo\/image\/\"},\"description\":\"Empresa especializada en la fabricaci\u00f3n y distribuci\u00f3n de maquinaria industrial para los sectores alimentario y farmac\u00e9utico. Nos especializamos en: M\u00e1quinas de cortar carne Fabricaci\u00f3n de comprimidos Sistemas de transporte industrial L\u00edneas de embotellado Dosificadores Y mucho m\u00e1s... Ofrecemos soluciones innovadoras y personalizadas para optimizar los procesos productivos de tu empresa.\",\"email\":\"Admistracion@distribucionarc.com\",\"telephone\":\"+34 643496664\",\"legalName\":\"ARC TECH SOLUTIONS\",\"foundingDate\":\"2024-04-09\",\"vatID\":\"B55480172\",\"numberOfEmployees\":{\"@type\":\"QuantitativeValue\",\"minValue\":\"1\",\"maxValue\":\"10\"}}]}<\/script>\n<!-- \/ Yoast SEO Premium plugin. -->","yoast_head_json":{"title":"S\u0131cak plaka manyetik kar\u0131\u015ft\u0131r\u0131c\u0131 - ARC da\u011f\u0131t\u0131m\u0131","robots":{"index":"index","follow":"follow","max-snippet":"max-snippet:-1","max-image-preview":"max-image-preview:large","max-video-preview":"max-video-preview:-1"},"canonical":"https:\/\/distribucionarc.com\/tr\/urun\/manyetik-karistirici-sicak-plaka\/","og_locale":"tr_TR","og_type":"article","og_title":"Agitador magn\u00e9tico placa caliente","og_description":"Agitador magn\u00e9tico placa caliente El agitador magn\u00e9tico ARC cuenta con una pantalla digital para controlar la velocidad de agitaci\u00f3n al igual que la temperatura deseada. El motor de alta calidad produce muy poco ruido. La placa de calentamiento es totalmente cerrada para un calentamiento preciso. La barra de agitaci\u00f3n est\u00e1 hecha de PTFE y material magn\u00e9tico de alta calidad, resistente al calor, cuenta con un alto magnetismo, resistente al desgaste y la corrosi\u00f3n. Es una m\u00e1quina perfecta para agitar un recipiente cerrado; El agitador puede ajustar y mostrar la temperatura siendo bastante preciso y directo. Garant\u00eda\u00a0ARC\u00a02 A\u00d1OS Agitador magn\u00e9tico eficiente, bajo consumo 300 + 20w (m\u00e1ximo funcionamiento) soporte t\u00e9cnico incluido","og_url":"https:\/\/distribucionarc.com\/tr\/urun\/manyetik-karistirici-sicak-plaka\/","og_site_name":"distribuci\u00f3n ARC","article_modified_time":"2023-02-15T18:45:27+00:00","og_image":[{"width":1001,"height":1001,"url":"https:\/\/distribucionarc.com\/wp-content\/uploads\/2020\/10\/Agitador-magn\u00e9tico-placa-caliente-0.jpg","type":"image\/jpeg"}],"twitter_card":"summary_large_image","twitter_misc":{"Tahmini okuma s\u00fcresi":"1 dakika"},"schema":{"@context":"https:\/\/schema.org","@graph":[{"@type":"WebPage","@id":"https:\/\/distribucionarc.com\/fr\/producto\/agitador-magnetico-placa-caliente\/","url":"https:\/\/distribucionarc.com\/fr\/producto\/agitador-magnetico-placa-caliente\/","name":"S\u0131cak plaka manyetik kar\u0131\u015ft\u0131r\u0131c\u0131 - ARC da\u011f\u0131t\u0131m\u0131","isPartOf":{"@id":"https:\/\/distribucionarc.com\/de\/#website"},"primaryImageOfPage":{"@id":"https:\/\/distribucionarc.com\/fr\/producto\/agitador-magnetico-placa-caliente\/#primaryimage"},"image":{"@id":"https:\/\/distribucionarc.com\/fr\/producto\/agitador-magnetico-placa-caliente\/#primaryimage"},"thumbnailUrl":"https:\/\/distribucionarc.com\/wp-content\/uploads\/2020\/10\/Agitador-magn\u00e9tico-placa-caliente-0.jpg","datePublished":"2020-10-15T09:04:26+00:00","dateModified":"2023-02-15T18:45:27+00:00","breadcrumb":{"@id":"https:\/\/distribucionarc.com\/fr\/producto\/agitador-magnetico-placa-caliente\/#breadcrumb"},"inLanguage":"tr","potentialAction":[{"@type":"ReadAction","target":["https:\/\/distribucionarc.com\/fr\/producto\/agitador-magnetico-placa-caliente\/"]}]},{"@type":"ImageObject","inLanguage":"tr","@id":"https:\/\/distribucionarc.com\/fr\/producto\/agitador-magnetico-placa-caliente\/#primaryimage","url":"https:\/\/distribucionarc.com\/wp-content\/uploads\/2020\/10\/Agitador-magn\u00e9tico-placa-caliente-0.jpg","contentUrl":"https:\/\/distribucionarc.com\/wp-content\/uploads\/2020\/10\/Agitador-magn\u00e9tico-placa-caliente-0.jpg","width":1001,"height":1001,"caption":"Agitador magn\u00e9tico placa caliente"},{"@type":"BreadcrumbList","@id":"https:\/\/distribucionarc.com\/fr\/producto\/agitador-magnetico-placa-caliente\/#breadcrumb","itemListElement":[{"@type":"ListItem","position":1,"name":"Portada","item":"https:\/\/distribucionarc.com\/pl\/"},{"@type":"ListItem","position":2,"name":"Produkty","item":"https:\/\/distribucionarc.com\/pl\/shop\/"},{"@type":"ListItem","position":3,"name":"Agitador magn\u00e9tico placa caliente"}]},{"@type":"WebSite","@id":"https:\/\/distribucionarc.com\/de\/#website","url":"https:\/\/distribucionarc.com\/de\/","name":"ARC da\u011f\u0131t\u0131m\u0131","description":"End\u00fcstriyel makinelerin \u00fcretimi ve da\u011f\u0131t\u0131m\u0131 konusunda uzmanla\u015fm\u0131\u015f \u015firket, kutu m\u00fch\u00fcrleme makineleri, tablet yapma makineleri, et kesme makineleri...","publisher":{"@id":"https:\/\/distribucionarc.com\/de\/#organization"},"potentialAction":[{"@type":"SearchAction","target":{"@type":"EntryPoint","urlTemplate":"https:\/\/distribucionarc.com\/de\/?s={search_term_string}"},"query-input":{"@type":"PropertyValueSpecification","valueRequired":true,"valueName":"search_term_string"}}],"inLanguage":"tr"},{"@type":"Organization","@id":"https:\/\/distribucionarc.com\/de\/#organization","name":"ARC Da\u011f\u0131t\u0131m\u0131","url":"https:\/\/distribucionarc.com\/de\/","logo":{"@type":"ImageObject","inLanguage":"tr","@id":"https:\/\/distribucionarc.com\/de\/#\/schema\/logo\/image\/","url":"https:\/\/distribucionarc.com\/wp-content\/uploads\/2024\/10\/distribucion-ARC-COLOR-SIN-FONDO-e1732295305345.png","contentUrl":"https:\/\/distribucionarc.com\/wp-content\/uploads\/2024\/10\/distribucion-ARC-COLOR-SIN-FONDO-e1732295305345.png","width":1164,"height":558,"caption":"Distribuci\u00f3n ARC"},"image":{"@id":"https:\/\/distribucionarc.com\/de\/#\/schema\/logo\/image\/"},"description":"\u015eirket, g\u0131da ve ila\u00e7 sekt\u00f6rleri i\u00e7in end\u00fcstriyel makine \u00fcretimi ve da\u011f\u0131t\u0131m\u0131 konusunda uzmanla\u015fm\u0131\u015ft\u0131r. Uzmanl\u0131k alanlar\u0131m\u0131z Et kesme makineleri Tablet \u00fcretimi End\u00fcstriyel ta\u015f\u0131ma sistemleri \u015ei\u015feleme hatlar\u0131 Dozajlama makineleri Ve \u00e7ok daha fazlas\u0131... \u015eirketinizin \u00fcretim s\u00fcre\u00e7lerini optimize etmek i\u00e7in yenilik\u00e7i ve \u00f6zelle\u015ftirilmi\u015f \u00e7\u00f6z\u00fcmler sunuyoruz.","email":"Admistracion@distribucionarc.com","telephone":"+34 643496664","legalName":"ARC TECH SOLUTIONS","foundingDate":"2024-04-09","vatID":"B55480172","numberOfEmployees":{"@type":"QuantitativeValue","minValue":"1","maxValue":"10"}}]}},"_links":{"self":[{"href":"https:\/\/distribucionarc.com\/tr\/wp-json\/wp\/v2\/product\/3998","targetHints":{"allow":["GET"]}}],"collection":[{"href":"https:\/\/distribucionarc.com\/tr\/wp-json\/wp\/v2\/product"}],"about":[{"href":"https:\/\/distribucionarc.com\/tr\/wp-json\/wp\/v2\/types\/product"}],"replies":[{"embeddable":true,"href":"https:\/\/distribucionarc.com\/tr\/wp-json\/wp\/v2\/comments?post=3998"}],"version-history":[{"count":0,"href":"https:\/\/distribucionarc.com\/tr\/wp-json\/wp\/v2\/product\/3998\/revisions"}],"wp:featuredmedia":[{"embeddable":true,"href":"https:\/\/distribucionarc.com\/tr\/wp-json\/wp\/v2\/media\/4006"}],"wp:attachment":[{"href":"https:\/\/distribucionarc.com\/tr\/wp-json\/wp\/v2\/media?parent=3998"}],"wp:term":[{"taxonomy":"product_brand","embeddable":true,"href":"https:\/\/distribucionarc.com\/tr\/wp-json\/wp\/v2\/product_brand?post=3998"},{"taxonomy":"product_cat","embeddable":true,"href":"https:\/\/distribucionarc.com\/tr\/wp-json\/wp\/v2\/product_cat?post=3998"},{"taxonomy":"product_tag","embeddable":true,"href":"https:\/\/distribucionarc.com\/tr\/wp-json\/wp\/v2\/product_tag?post=3998"}],"curies":[{"name":"wp","href":"https:\/\/api.w.org\/{rel}","templated":true}]}}