{"id":4012,"date":"2020-10-15T10:29:55","date_gmt":"2020-10-15T10:29:55","guid":{"rendered":"https:\/\/distribucionarc.com\/?post_type=product&#038;p=4012"},"modified":"2020-10-15T10:29:56","modified_gmt":"2020-10-15T10:29:56","slug":"gida-icin-santrifuj-pompa","status":"publish","type":"product","link":"https:\/\/distribucionarc.com\/tr\/producto\/bomba-centrifuga-para-alimentacion\/","title":{"rendered":"Santrif\u00fcj besleme pompas\u0131\u00a0\u00a0"},"content":{"rendered":"<h2>Santrif\u00fcj besleme pompas\u0131<\/h2>\n<p>Bu <strong>santrif\u00fcj pompa <span style=\"color: #ff0000;\">\u0130LE<\/span><span style=\"color: #0000ff;\">R<\/span>C<\/strong> G\u0131da sekt\u00f6r\u00fcne uygun 304 paslanmaz \u00e7elikten \u00fcretilmi\u015ftir. Sa\u011flam ve paslanmaya kar\u015f\u0131 dayan\u0131kl\u0131 olmas\u0131. 80\u00b0C s\u0131cakl\u0131\u011fa kadar olan s\u0131v\u0131lara dayanabilir. Bu makinenin g\u00fc\u00e7l\u00fc g\u00fcc\u00fc saatte 3 tona kadar s\u0131v\u0131 ak\u0131tabilme kapasitesine sahiptir.<\/p>\n<p>Bu makine s\u0131v\u0131 olmadan \u00e7al\u0131\u015famaz. Pompa kafas\u0131n\u0131n s\u0131v\u0131yla dolana kadar beklenmesi ve ard\u0131ndan ba\u011flanmas\u0131 \u00f6nerilir. Bunun sayesinde <b>santrif\u00fcj tahrik cihaz\u0131 <span style=\"color: #ff0000;\">\u0130LE<\/span><span style=\"color: #0000ff;\">R<\/span>CBIC3T<\/b> Su, hayvansal veya bitkisel s\u00fct, meyve sular\u0131 vb. g\u0131da end\u00fcstrisi \u00fcr\u00fcnlerini haz\u0131rlayabilir, filtreleyebilir, temizleyebilir, sterilize edebilir ve doldurabilir. Kozmetik end\u00fcstrisinde de yayg\u0131n olarak kullan\u0131lmaktad\u0131r.<\/p>\n<h6><strong>Garanti\u00a0<span style=\"color: #ff0000;\">\u0130LE<\/span><span style=\"color: #0000ff;\">R<\/span>C<\/strong><strong>\u00a02 YIL<\/strong><\/h6>\n<h6><span style=\"color: #008000;\">Verimli santrif\u00fcj pompa, d\u00fc\u015f\u00fck t\u00fcketim 650w<\/span><\/h6>\n<h6><strong>teknik destek dahil<\/strong><\/h6>\n<p>&nbsp;<\/p>\n<p>&nbsp;<\/p>\n<table role=\"presentation\" width=\"100%\" cellspacing=\"0\" cellpadding=\"0\">\n<tbody>\n<tr>\n<td class=\"attrLabels\">Marka:<\/td>\n<td width=\"50.0%\">ARK<\/td>\n<\/tr>\n<tr>\n<td class=\"attrLabels\">Da\u011f\u0131t\u0131m \u00fclkesi:<\/td>\n<td width=\"50.0%\">\u0130spanya, Almanya, ABD<\/td>\n<td class=\"attrLabels\">Makine boyutlar\u0131:<\/td>\n<td width=\"50.0%\">40 x 28 x 30 cm (U x G x Y)<\/td>\n<\/tr>\n<tr>\n<td class=\"attrLabels\">Garanti:<\/td>\n<td width=\"50.0%\">2 Y\u0131l<\/td>\n<td class=\"attrLabels\">G\u00fc\u00e7:<\/td>\n<td width=\"50.0%\">650W<\/td>\n<\/tr>\n<tr>\n<td class=\"attrLabels\">Renk:<\/td>\n<td width=\"50.0%\">G\u00fcm\u00fc\u015f<\/td>\n<td class=\"attrLabels\">Gerilim:<\/td>\n<td width=\"50.0%\">220V \u2013 50Hz 60Hz<\/td>\n<\/tr>\n<tr>\n<td class=\"attrLabels\">\u00dcr\u00fcn tipi:<\/td>\n<td width=\"50.0%\">santrif\u00fcj pompa<\/td>\n<td class=\"attrLabels\">Ak\u0131\u015f miktar\u0131:<\/td>\n<td width=\"50.0%\">3T\/saat<\/td>\n<\/tr>\n<tr>\n<td class=\"attrLabels\">\u00dcretici numaras\u0131:<\/td>\n<td width=\"50.0%\">ARCBIC3T<\/td>\n<td class=\"attrLabels\">S\u0131v\u0131 s\u0131cakl\u0131\u011f\u0131:<\/td>\n<td width=\"50.0%\">0 \u2013 80\u00b0C<\/td>\n<\/tr>\n<tr>\n<td class=\"attrLabels\">Malzeme:<\/td>\n<td width=\"50.0%\">304 paslanmaz \u00e7elik<\/td>\n<td class=\"attrLabels\">Giri\u015f \u00e7ap\u0131:<\/td>\n<td width=\"50.0%\">38 mm<\/td>\n<\/tr>\n<tr>\n<td class=\"attrLabels\">Kurulum ara\u00e7lar\u0131:<\/td>\n<td width=\"50.0%\">Evet<\/td>\n<td class=\"attrLabels\">\u00c7\u0131k\u0131\u015f \u00e7ap\u0131:<\/td>\n<td width=\"50.0%\">32 mm<\/td>\n<\/tr>\n<tr>\n<td class=\"attrLabels\">A\u011f\u0131rl\u0131k:<\/td>\n<td width=\"50.0%\">26,4 kg<\/td>\n<td class=\"attrLabels\">S\u0131v\u0131 t\u00fcr\u00fc:<\/td>\n<td width=\"50.0%\">a\u015f\u0131nd\u0131r\u0131c\u0131 olmayan<\/td>\n<\/tr>\n<\/tbody>\n<\/table>\n<p>&nbsp;<\/p>","protected":false},"excerpt":{"rendered":"<h2>Santrif\u00fcj besleme pompas\u0131<\/h2>\n<p>Bu <strong>santrif\u00fcj pompa <span style=\"color: #ff0000;\">\u0130LE<\/span><span style=\"color: #0000ff;\">R<\/span>C<\/strong> G\u0131da sekt\u00f6r\u00fcne \u00f6zel paslanmaz \u00e7elikten \u00fcretilmi\u015ftir. S\u00fct \u00fcr\u00fcnleri, i\u00e7ecekler, g\u0131dalar, kozmetikler, g\u0131da katk\u0131 maddeleri, ince kimyasallar vb.nin haz\u0131rlanmas\u0131, filtrelenmesi, temizlenmesi, doldurulmas\u0131 ve sterilizasyonu i\u00e7in tasarlanm\u0131\u015ft\u0131r. Bu pompa, h\u0131z \u00fcretmek i\u00e7in merkezka\u00e7 kuvveti uygular, h\u0131z\u0131 art\u0131rmak i\u00e7in d\u00f6nen bir pervane kullan\u0131r ve s\u0131v\u0131y\u0131 \u00e7\u0131k\u0131\u015f valfinden iter.<\/p>\n<h6><strong>Garanti\u00a0<span style=\"color: #ff0000;\">\u0130LE<\/span><span style=\"color: #0000ff;\">R<\/span>C<\/strong><strong>\u00a02 YIL<\/strong><\/h6>\n<h6><span style=\"color: #008000;\">Verimli santrif\u00fcj pompa, d\u00fc\u015f\u00fck t\u00fcketim 650w<\/span><\/h6>\n<h6><strong>teknik destek dahil<\/strong><\/h6>","protected":false},"featured_media":4020,"comment_status":"open","ping_status":"closed","template":"","meta":{"wds_primary_product_brand":0,"wds_primary_product_cat":0},"product_brand":[],"product_cat":[18,19],"product_tag":[],"class_list":{"0":"post-4012","1":"product","2":"type-product","3":"status-publish","4":"has-post-thumbnail","6":"product_cat-dosificadoras","7":"product_cat-dosificadoras-de-liquidos","8":"product_shipping_class-express","10":"first","11":"instock","12":"sale","13":"taxable","14":"shipping-taxable","15":"purchasable","16":"product-type-simple"},"yoast_head":"<!-- This site is optimized with the Yoast SEO Premium plugin v24.9 (Yoast SEO v26.1) - https:\/\/yoast.com\/wordpress\/plugins\/seo\/ -->\n<title>Bomba centr\u00edfuga para alimentaci\u00f3n\u00a0\u00a0 - distribuci\u00f3n ARC<\/title>\n<meta name=\"robots\" content=\"index, follow, max-snippet:-1, max-image-preview:large, max-video-preview:-1\" \/>\n<link rel=\"canonical\" href=\"https:\/\/distribucionarc.com\/tr\/urun\/gida-icin-santrifuj-pompa\/\" \/>\n<meta property=\"og:locale\" content=\"tr_TR\" \/>\n<meta property=\"og:type\" content=\"article\" \/>\n<meta property=\"og:title\" content=\"Bomba centr\u00edfuga para alimentaci\u00f3n\u00a0\u00a0\" \/>\n<meta property=\"og:description\" content=\"Bomba centr\u00edfuga para alimentaci\u00f3n Esta bomba centrifuga ARC est\u00e1 fabricada de acero inoxidable espec\u00edfico para la industria alimentaria. Est\u00e1 dise\u00f1ada para la elaboraci\u00f3n, filtraci\u00f3n, limpieza, llenado y esterilizaci\u00f3n de productos l\u00e1cteos, bebidas, alimentos, cosm\u00e9ticos, aditivos alimentarios, productos qu\u00edmicos finos, etc. Esta bomba aplica fuerza centr\u00edfuga para producir velocidad, utiliza un impulsor giratorio para aumentar la velocidad y empujar el fluido a trav\u00e9s de la v\u00e1lvula de salida. Garant\u00eda\u00a0ARC\u00a02 A\u00d1OS Bomba centr\u00edfuga eficiente, bajo consumo 650w soporte t\u00e9cnico incluido\" \/>\n<meta property=\"og:url\" content=\"https:\/\/distribucionarc.com\/tr\/urun\/gida-icin-santrifuj-pompa\/\" \/>\n<meta property=\"og:site_name\" content=\"distribuci\u00f3n ARC\" \/>\n<meta property=\"article:modified_time\" content=\"2020-10-15T10:29:56+00:00\" \/>\n<meta property=\"og:image\" content=\"https:\/\/distribucionarc.com\/wp-content\/uploads\/2020\/10\/Bomba-centr\u00edfuga-para-alimentaci\u00f3n-0.jpg\" \/>\n\t<meta property=\"og:image:width\" content=\"1001\" \/>\n\t<meta property=\"og:image:height\" content=\"1001\" \/>\n\t<meta property=\"og:image:type\" content=\"image\/jpeg\" \/>\n<meta name=\"twitter:card\" content=\"summary_large_image\" \/>\n<meta name=\"twitter:label1\" content=\"Tahmini okuma s\u00fcresi\" \/>\n\t<meta name=\"twitter:data1\" content=\"1 dakika\" \/>\n<script type=\"application\/ld+json\" class=\"yoast-schema-graph\">{\"@context\":\"https:\/\/schema.org\",\"@graph\":[{\"@type\":\"WebPage\",\"@id\":\"https:\/\/distribucionarc.com\/nl\/producto\/bomba-centrifuga-para-alimentacion\/\",\"url\":\"https:\/\/distribucionarc.com\/nl\/producto\/bomba-centrifuga-para-alimentacion\/\",\"name\":\"Bomba centr\u00edfuga para alimentaci\u00f3n\u00a0\u00a0 - distribuci\u00f3n ARC\",\"isPartOf\":{\"@id\":\"https:\/\/distribucionarc.com\/bg\/#website\"},\"primaryImageOfPage\":{\"@id\":\"https:\/\/distribucionarc.com\/nl\/producto\/bomba-centrifuga-para-alimentacion\/#primaryimage\"},\"image\":{\"@id\":\"https:\/\/distribucionarc.com\/nl\/producto\/bomba-centrifuga-para-alimentacion\/#primaryimage\"},\"thumbnailUrl\":\"https:\/\/distribucionarc.com\/wp-content\/uploads\/2020\/10\/Bomba-centr\u00edfuga-para-alimentaci\u00f3n-0.jpg\",\"datePublished\":\"2020-10-15T10:29:55+00:00\",\"dateModified\":\"2020-10-15T10:29:56+00:00\",\"breadcrumb\":{\"@id\":\"https:\/\/distribucionarc.com\/nl\/producto\/bomba-centrifuga-para-alimentacion\/#breadcrumb\"},\"inLanguage\":\"tr\",\"potentialAction\":[{\"@type\":\"ReadAction\",\"target\":[\"https:\/\/distribucionarc.com\/nl\/producto\/bomba-centrifuga-para-alimentacion\/\"]}]},{\"@type\":\"ImageObject\",\"inLanguage\":\"tr\",\"@id\":\"https:\/\/distribucionarc.com\/nl\/producto\/bomba-centrifuga-para-alimentacion\/#primaryimage\",\"url\":\"https:\/\/distribucionarc.com\/wp-content\/uploads\/2020\/10\/Bomba-centr\u00edfuga-para-alimentaci\u00f3n-0.jpg\",\"contentUrl\":\"https:\/\/distribucionarc.com\/wp-content\/uploads\/2020\/10\/Bomba-centr\u00edfuga-para-alimentaci\u00f3n-0.jpg\",\"width\":1001,\"height\":1001,\"caption\":\"Bomba centr\u00edfuga para alimentaci\u00f3n\u00a0\u00a0\"},{\"@type\":\"BreadcrumbList\",\"@id\":\"https:\/\/distribucionarc.com\/nl\/producto\/bomba-centrifuga-para-alimentacion\/#breadcrumb\",\"itemListElement\":[{\"@type\":\"ListItem\",\"position\":1,\"name\":\"Portada\",\"item\":\"https:\/\/distribucionarc.com\/nb\/\"},{\"@type\":\"ListItem\",\"position\":2,\"name\":\"Products\",\"item\":\"https:\/\/www.distribucionarc.com\/en\/shop\/\"},{\"@type\":\"ListItem\",\"position\":3,\"name\":\"Bomba centr\u00edfuga para alimentaci\u00f3n\u00a0\u00a0\"}]},{\"@type\":\"WebSite\",\"@id\":\"https:\/\/distribucionarc.com\/bg\/#website\",\"url\":\"https:\/\/distribucionarc.com\/bg\/\",\"name\":\"distribuci\u00f3n ARC\",\"description\":\"Empresa especializada en la fabricaci\u00f3n y distribuci\u00f3n de maquinaria industrial, selladoras de latas, Maquinas de hacer pastillas, Maquinas de cortar carne...\",\"publisher\":{\"@id\":\"https:\/\/distribucionarc.com\/bg\/#organization\"},\"potentialAction\":[{\"@type\":\"SearchAction\",\"target\":{\"@type\":\"EntryPoint\",\"urlTemplate\":\"https:\/\/distribucionarc.com\/bg\/?s={search_term_string}\"},\"query-input\":{\"@type\":\"PropertyValueSpecification\",\"valueRequired\":true,\"valueName\":\"search_term_string\"}}],\"inLanguage\":\"tr\"},{\"@type\":\"Organization\",\"@id\":\"https:\/\/distribucionarc.com\/bg\/#organization\",\"name\":\"Distribuci\u00f3n ARC\",\"url\":\"https:\/\/distribucionarc.com\/bg\/\",\"logo\":{\"@type\":\"ImageObject\",\"inLanguage\":\"tr\",\"@id\":\"https:\/\/distribucionarc.com\/bg\/#\/schema\/logo\/image\/\",\"url\":\"https:\/\/distribucionarc.com\/wp-content\/uploads\/2024\/10\/distribucion-ARC-COLOR-SIN-FONDO-e1732295305345.png\",\"contentUrl\":\"https:\/\/distribucionarc.com\/wp-content\/uploads\/2024\/10\/distribucion-ARC-COLOR-SIN-FONDO-e1732295305345.png\",\"width\":1164,\"height\":558,\"caption\":\"Distribuci\u00f3n ARC\"},\"image\":{\"@id\":\"https:\/\/distribucionarc.com\/bg\/#\/schema\/logo\/image\/\"},\"description\":\"Empresa especializada en la fabricaci\u00f3n y distribuci\u00f3n de maquinaria industrial para los sectores alimentario y farmac\u00e9utico. Nos especializamos en: M\u00e1quinas de cortar carne Fabricaci\u00f3n de comprimidos Sistemas de transporte industrial L\u00edneas de embotellado Dosificadores Y mucho m\u00e1s... Ofrecemos soluciones innovadoras y personalizadas para optimizar los procesos productivos de tu empresa.\",\"email\":\"Admistracion@distribucionarc.com\",\"telephone\":\"+34 643496664\",\"legalName\":\"ARC TECH SOLUTIONS\",\"foundingDate\":\"2024-04-09\",\"vatID\":\"B55480172\",\"numberOfEmployees\":{\"@type\":\"QuantitativeValue\",\"minValue\":\"1\",\"maxValue\":\"10\"}}]}<\/script>\n<!-- \/ Yoast SEO Premium plugin. -->","yoast_head_json":{"title":"Besleme - da\u011f\u0131t\u0131m i\u00e7in santrif\u00fcj pompa ARC","robots":{"index":"index","follow":"follow","max-snippet":"max-snippet:-1","max-image-preview":"max-image-preview:large","max-video-preview":"max-video-preview:-1"},"canonical":"https:\/\/distribucionarc.com\/tr\/urun\/gida-icin-santrifuj-pompa\/","og_locale":"tr_TR","og_type":"article","og_title":"Bomba centr\u00edfuga para alimentaci\u00f3n\u00a0\u00a0","og_description":"Bomba centr\u00edfuga para alimentaci\u00f3n Esta bomba centrifuga ARC est\u00e1 fabricada de acero inoxidable espec\u00edfico para la industria alimentaria. Est\u00e1 dise\u00f1ada para la elaboraci\u00f3n, filtraci\u00f3n, limpieza, llenado y esterilizaci\u00f3n de productos l\u00e1cteos, bebidas, alimentos, cosm\u00e9ticos, aditivos alimentarios, productos qu\u00edmicos finos, etc. Esta bomba aplica fuerza centr\u00edfuga para producir velocidad, utiliza un impulsor giratorio para aumentar la velocidad y empujar el fluido a trav\u00e9s de la v\u00e1lvula de salida. Garant\u00eda\u00a0ARC\u00a02 A\u00d1OS Bomba centr\u00edfuga eficiente, bajo consumo 650w soporte t\u00e9cnico incluido","og_url":"https:\/\/distribucionarc.com\/tr\/urun\/gida-icin-santrifuj-pompa\/","og_site_name":"distribuci\u00f3n ARC","article_modified_time":"2020-10-15T10:29:56+00:00","og_image":[{"width":1001,"height":1001,"url":"https:\/\/distribucionarc.com\/wp-content\/uploads\/2020\/10\/Bomba-centr\u00edfuga-para-alimentaci\u00f3n-0.jpg","type":"image\/jpeg"}],"twitter_card":"summary_large_image","twitter_misc":{"Tahmini okuma s\u00fcresi":"1 dakika"},"schema":{"@context":"https:\/\/schema.org","@graph":[{"@type":"WebPage","@id":"https:\/\/distribucionarc.com\/nl\/producto\/bomba-centrifuga-para-alimentacion\/","url":"https:\/\/distribucionarc.com\/nl\/producto\/bomba-centrifuga-para-alimentacion\/","name":"Besleme - da\u011f\u0131t\u0131m i\u00e7in santrif\u00fcj pompa ARC","isPartOf":{"@id":"https:\/\/distribucionarc.com\/bg\/#website"},"primaryImageOfPage":{"@id":"https:\/\/distribucionarc.com\/nl\/producto\/bomba-centrifuga-para-alimentacion\/#primaryimage"},"image":{"@id":"https:\/\/distribucionarc.com\/nl\/producto\/bomba-centrifuga-para-alimentacion\/#primaryimage"},"thumbnailUrl":"https:\/\/distribucionarc.com\/wp-content\/uploads\/2020\/10\/Bomba-centr\u00edfuga-para-alimentaci\u00f3n-0.jpg","datePublished":"2020-10-15T10:29:55+00:00","dateModified":"2020-10-15T10:29:56+00:00","breadcrumb":{"@id":"https:\/\/distribucionarc.com\/nl\/producto\/bomba-centrifuga-para-alimentacion\/#breadcrumb"},"inLanguage":"tr","potentialAction":[{"@type":"ReadAction","target":["https:\/\/distribucionarc.com\/nl\/producto\/bomba-centrifuga-para-alimentacion\/"]}]},{"@type":"ImageObject","inLanguage":"tr","@id":"https:\/\/distribucionarc.com\/nl\/producto\/bomba-centrifuga-para-alimentacion\/#primaryimage","url":"https:\/\/distribucionarc.com\/wp-content\/uploads\/2020\/10\/Bomba-centr\u00edfuga-para-alimentaci\u00f3n-0.jpg","contentUrl":"https:\/\/distribucionarc.com\/wp-content\/uploads\/2020\/10\/Bomba-centr\u00edfuga-para-alimentaci\u00f3n-0.jpg","width":1001,"height":1001,"caption":"Bomba centr\u00edfuga para alimentaci\u00f3n\u00a0\u00a0"},{"@type":"BreadcrumbList","@id":"https:\/\/distribucionarc.com\/nl\/producto\/bomba-centrifuga-para-alimentacion\/#breadcrumb","itemListElement":[{"@type":"ListItem","position":1,"name":"Portada","item":"https:\/\/distribucionarc.com\/nb\/"},{"@type":"ListItem","position":2,"name":"Products","item":"https:\/\/www.distribucionarc.com\/en\/shop\/"},{"@type":"ListItem","position":3,"name":"Bomba centr\u00edfuga para alimentaci\u00f3n\u00a0\u00a0"}]},{"@type":"WebSite","@id":"https:\/\/distribucionarc.com\/bg\/#website","url":"https:\/\/distribucionarc.com\/bg\/","name":"ARC da\u011f\u0131t\u0131m\u0131","description":"End\u00fcstriyel makinelerin \u00fcretimi ve da\u011f\u0131t\u0131m\u0131 konusunda uzmanla\u015fm\u0131\u015f \u015firket, kutu m\u00fch\u00fcrleme makineleri, tablet yapma makineleri, et kesme makineleri...","publisher":{"@id":"https:\/\/distribucionarc.com\/bg\/#organization"},"potentialAction":[{"@type":"SearchAction","target":{"@type":"EntryPoint","urlTemplate":"https:\/\/distribucionarc.com\/bg\/?s={search_term_string}"},"query-input":{"@type":"PropertyValueSpecification","valueRequired":true,"valueName":"search_term_string"}}],"inLanguage":"tr"},{"@type":"Organization","@id":"https:\/\/distribucionarc.com\/bg\/#organization","name":"ARC Da\u011f\u0131t\u0131m\u0131","url":"https:\/\/distribucionarc.com\/bg\/","logo":{"@type":"ImageObject","inLanguage":"tr","@id":"https:\/\/distribucionarc.com\/bg\/#\/schema\/logo\/image\/","url":"https:\/\/distribucionarc.com\/wp-content\/uploads\/2024\/10\/distribucion-ARC-COLOR-SIN-FONDO-e1732295305345.png","contentUrl":"https:\/\/distribucionarc.com\/wp-content\/uploads\/2024\/10\/distribucion-ARC-COLOR-SIN-FONDO-e1732295305345.png","width":1164,"height":558,"caption":"Distribuci\u00f3n ARC"},"image":{"@id":"https:\/\/distribucionarc.com\/bg\/#\/schema\/logo\/image\/"},"description":"\u015eirket, g\u0131da ve ila\u00e7 sekt\u00f6rleri i\u00e7in end\u00fcstriyel makine \u00fcretimi ve da\u011f\u0131t\u0131m\u0131 konusunda uzmanla\u015fm\u0131\u015ft\u0131r. Uzmanl\u0131k alanlar\u0131m\u0131z Et kesme makineleri Tablet \u00fcretimi End\u00fcstriyel ta\u015f\u0131ma sistemleri \u015ei\u015feleme hatlar\u0131 Dozajlama makineleri Ve \u00e7ok daha fazlas\u0131... \u015eirketinizin \u00fcretim s\u00fcre\u00e7lerini optimize etmek i\u00e7in yenilik\u00e7i ve \u00f6zelle\u015ftirilmi\u015f \u00e7\u00f6z\u00fcmler sunuyoruz.","email":"Admistracion@distribucionarc.com","telephone":"+34 643496664","legalName":"ARC TECH SOLUTIONS","foundingDate":"2024-04-09","vatID":"B55480172","numberOfEmployees":{"@type":"QuantitativeValue","minValue":"1","maxValue":"10"}}]}},"_links":{"self":[{"href":"https:\/\/distribucionarc.com\/tr\/wp-json\/wp\/v2\/product\/4012","targetHints":{"allow":["GET"]}}],"collection":[{"href":"https:\/\/distribucionarc.com\/tr\/wp-json\/wp\/v2\/product"}],"about":[{"href":"https:\/\/distribucionarc.com\/tr\/wp-json\/wp\/v2\/types\/product"}],"replies":[{"embeddable":true,"href":"https:\/\/distribucionarc.com\/tr\/wp-json\/wp\/v2\/comments?post=4012"}],"version-history":[{"count":0,"href":"https:\/\/distribucionarc.com\/tr\/wp-json\/wp\/v2\/product\/4012\/revisions"}],"wp:featuredmedia":[{"embeddable":true,"href":"https:\/\/distribucionarc.com\/tr\/wp-json\/wp\/v2\/media\/4020"}],"wp:attachment":[{"href":"https:\/\/distribucionarc.com\/tr\/wp-json\/wp\/v2\/media?parent=4012"}],"wp:term":[{"taxonomy":"product_brand","embeddable":true,"href":"https:\/\/distribucionarc.com\/tr\/wp-json\/wp\/v2\/product_brand?post=4012"},{"taxonomy":"product_cat","embeddable":true,"href":"https:\/\/distribucionarc.com\/tr\/wp-json\/wp\/v2\/product_cat?post=4012"},{"taxonomy":"product_tag","embeddable":true,"href":"https:\/\/distribucionarc.com\/tr\/wp-json\/wp\/v2\/product_tag?post=4012"}],"curies":[{"name":"wp","href":"https:\/\/api.w.org\/{rel}","templated":true}]}}