{"id":4026,"date":"2020-10-15T14:18:55","date_gmt":"2020-10-15T14:18:55","guid":{"rendered":"https:\/\/distribucionarc.com\/?post_type=product&#038;p=4026"},"modified":"2020-10-15T14:18:55","modified_gmt":"2020-10-15T14:18:55","slug":"makarna-yapmak-icin-elektrikli-makine","status":"publish","type":"product","link":"https:\/\/distribucionarc.com\/tr\/producto\/maquina-electrica-para-hacer-pasta\/","title":{"rendered":"Elektrikli Makarna Makinesi\u00a0"},"content":{"rendered":"<h2>Elektrikli Makarna Makinesi<\/h2>\n<p>Bu <strong>makarna makinesi <span style=\"color: #ff0000;\">\u0130LE<\/span><span style=\"color: #0000ff;\">R<\/span>C<\/strong> G\u0131da s\u0131n\u0131f\u0131 paslanmaz \u00e7elikten yap\u0131lm\u0131\u015f, sa\u011flam ve dayan\u0131kl\u0131d\u0131r. Makinenin tepsi giri\u015fi i\u015flemin daha kolay ve g\u00fcvenli olmas\u0131n\u0131 sa\u011flar. G\u00fc\u00e7l\u00fc 400W motor \u00fcretim kapasitesine sahiptir <strong>15 ila 20 kg makarna <\/strong>ev yap\u0131m\u0131<strong>.<\/strong><\/p>\n<p>D\u00f6ner d\u00fc\u011fme ile farkl\u0131 makarna t\u00fcrleri i\u00e7in hamurun farkl\u0131 kal\u0131nl\u0131klar\u0131n\u0131 0,1 mm ila 20 mm aras\u0131nda ayarlayabilirsiniz. T\u0131pk\u0131 eri\u015ftelerin kal\u0131nl\u0131\u011f\u0131n\u0131 3 mm&#039;den 9 mm&#039;ye kadar ayarlayabilece\u011finiz gibi. Bunun i\u015fleyi\u015fi <strong>makarna makinesi <span style=\"color: #ff0000;\">\u0130LE<\/span><span style=\"color: #0000ff;\">R<\/span>CMP20<\/strong> Ayarlanabilir d\u00fc\u011fmeler ve d\u00fc\u011fme kullan\u0131m\u0131 sayesinde kolayd\u0131r.<\/p>\n<h6><strong>Garanti\u00a0<span style=\"color: #ff0000;\">\u0130LE<\/span><span style=\"color: #0000ff;\">R<\/span>C<\/strong><strong>\u00a02 YIL<\/strong><\/h6>\n<h6><span style=\"color: #008000;\">Verimli makarna makinesi, d\u00fc\u015f\u00fck t\u00fcketim 350 \u2013 550w<\/span><\/h6>\n<h6><strong>teknik destek dahil<\/strong><\/h6>\n<p>&nbsp;<\/p>\n<table role=\"presentation\" width=\"100%\" cellspacing=\"0\" cellpadding=\"0\">\n<tbody>\n<tr>\n<td class=\"attrLabels\">Marka:<\/td>\n<td width=\"50.0%\">ARK<\/td>\n<\/tr>\n<tr>\n<td class=\"attrLabels\">Garanti:<\/td>\n<td width=\"50.0%\">2 Y\u0131l<\/td>\n<td class=\"attrLabels\">A\u011f\u0131rl\u0131k:<\/td>\n<td width=\"50.0%\">20 kg<\/td>\n<\/tr>\n<tr>\n<td class=\"attrLabels\">Da\u011f\u0131t\u0131m \u00fclkesi:<\/td>\n<td width=\"50.0%\">\u0130spanya, Almanya, ABD<\/td>\n<td class=\"attrLabels\">Y\u00fckseklik:<\/td>\n<td width=\"50.0%\">48,1 cm<\/td>\n<\/tr>\n<tr>\n<td class=\"attrLabels\">Renk:<\/td>\n<td width=\"50.0%\">G\u00fcm\u00fc\u015f<\/td>\n<td class=\"attrLabels\">Uzun:<\/td>\n<td width=\"50.0%\">23,6 cm<\/td>\n<\/tr>\n<tr>\n<td class=\"attrLabels\">\u00dcr\u00fcn tipi:<\/td>\n<td width=\"50.0%\">makarna makinesi<\/td>\n<td class=\"attrLabels\">Geni\u015f:<\/td>\n<td width=\"50.0%\">34cm<\/td>\n<\/tr>\n<tr>\n<td class=\"attrLabels\">\u00dcretici numaras\u0131:<\/td>\n<td width=\"50.0%\">ARCMP20<\/td>\n<td class=\"attrLabels\">Hamur b\u0131\u00e7a\u011f\u0131 uzunlu\u011fu:<\/td>\n<td width=\"50.0%\">18cm<\/td>\n<\/tr>\n<tr>\n<td class=\"attrLabels\">Malzeme:<\/td>\n<td width=\"50.0%\">304 g\u0131da paslanmaz \u00e7elik<\/td>\n<td class=\"attrLabels\">Eri\u015fte kal\u0131nl\u0131\u011f\u0131:<\/td>\n<td width=\"50.0%\">3mm \u2013 9mm<\/td>\n<\/tr>\n<tr>\n<td class=\"attrLabels\">Operasyon:<\/td>\n<td width=\"50.0%\">Enerjik<\/td>\n<td class=\"attrLabels\">K\u00fctle kal\u0131nl\u0131\u011f\u0131:<\/td>\n<td width=\"50.0%\">0,1 mm \u2013 20 mm<\/td>\n<\/tr>\n<tr>\n<td class=\"attrLabels\">Elektrik t\u00fcketimi:<\/td>\n<td width=\"50.0%\">350W \u2013 550W<\/td>\n<td class=\"attrLabels\">Gerilim:<\/td>\n<td width=\"50.0%\">220V 50Hz<\/td>\n<\/tr>\n<\/tbody>\n<\/table>","protected":false},"excerpt":{"rendered":"<h2>Elektrikli Makarna Makinesi<\/h2>\n<p>Bu<strong> elektrikli makarna makinesi <span style=\"color: #ff0000;\">\u0130LE<\/span><span style=\"color: #0000ff;\">R<\/span>C<\/strong> G\u0131da sekt\u00f6r\u00fcn\u00fcn yan\u0131 s\u0131ra restoranlar, oteller, b\u00fcfeler vb. yerlerde olduk\u00e7a talep g\u00f6ren kendi ev yap\u0131m\u0131 makarnan\u0131z\u0131 yapmak i\u00e7in uygundur. Makarnan\u0131n kal\u0131nl\u0131\u011f\u0131n\u0131 ihtiya\u00e7lar\u0131n\u0131za g\u00f6re ayarlayabilir, hamuru yerle\u015ftirecek \u015fekilde b\u0131rakabilir ve d\u00fc\u011fmeye basarak lezzetli tagliatelle, spagetti veya eri\u015fte elde edebilirsiniz. G\u00fc\u00e7l\u00fc motor bol miktarda performans sa\u011flar. <strong>Saatte 15 \u2013 20 Kg makarna.<\/strong><\/p>","protected":false},"featured_media":4028,"comment_status":"open","ping_status":"closed","template":"","meta":{"wds_primary_product_brand":0,"wds_primary_product_cat":0},"product_brand":[],"product_cat":[266],"product_tag":[],"class_list":{"0":"post-4026","1":"product","2":"type-product","3":"status-publish","4":"has-post-thumbnail","6":"product_cat-accessories","7":"product_shipping_class-hosteleria","9":"first","10":"instock","11":"sale","12":"taxable","13":"shipping-taxable","14":"purchasable","15":"product-type-simple"},"yoast_head":"<!-- This site is optimized with the Yoast SEO Premium plugin v24.9 (Yoast SEO v26.1) - https:\/\/yoast.com\/wordpress\/plugins\/seo\/ -->\n<title>M\u00e1quina el\u00e9ctrica\u00a0para hacer pasta\u00a0 - distribuci\u00f3n ARC<\/title>\n<meta name=\"robots\" content=\"index, follow, max-snippet:-1, max-image-preview:large, max-video-preview:-1\" \/>\n<link rel=\"canonical\" href=\"https:\/\/distribucionarc.com\/tr\/urun\/makarna-yapmak-icin-elektrikli-makine\/\" \/>\n<meta property=\"og:locale\" content=\"tr_TR\" \/>\n<meta property=\"og:type\" content=\"article\" \/>\n<meta property=\"og:title\" content=\"M\u00e1quina el\u00e9ctrica\u00a0para hacer pasta\u00a0\" \/>\n<meta property=\"og:description\" content=\"M\u00e1quina el\u00e9ctrica para hacer pasta Esta m\u00e1quina para pasta el\u00e9ctrica ARC es la adecuada para elaborar su propia pasta casera muy demandada en industria alimentaria al igual que en restaurantes, hoteles, buf\u00e9s, etc. Puede ajustar el grosor de las pastas seg\u00fan sus necesidades, dejarla configurada para simplemente introducir la masa y accionar el bot\u00f3n para obtener deliciosos tallarines, espaguetis o fideos. El potente motor le asegura bastante rendimiento de 15 \u2013 20 Kg de pasta por hora.\" \/>\n<meta property=\"og:url\" content=\"https:\/\/distribucionarc.com\/tr\/urun\/makarna-yapmak-icin-elektrikli-makine\/\" \/>\n<meta property=\"og:site_name\" content=\"distribuci\u00f3n ARC\" \/>\n<meta property=\"og:image\" content=\"https:\/\/distribucionarc.com\/wp-content\/uploads\/2020\/10\/M\u00e1quina-el\u00e9ctrica-para-hacer-pasta-1.jpg\" \/>\n\t<meta property=\"og:image:width\" content=\"1001\" \/>\n\t<meta property=\"og:image:height\" content=\"1001\" \/>\n\t<meta property=\"og:image:type\" content=\"image\/jpeg\" \/>\n<meta name=\"twitter:card\" content=\"summary_large_image\" \/>\n<meta name=\"twitter:label1\" content=\"Tahmini okuma s\u00fcresi\" \/>\n\t<meta name=\"twitter:data1\" content=\"1 dakika\" \/>\n<script type=\"application\/ld+json\" class=\"yoast-schema-graph\">{\"@context\":\"https:\/\/schema.org\",\"@graph\":[{\"@type\":\"WebPage\",\"@id\":\"https:\/\/distribucionarc.com\/bg\/producto\/maquina-electrica-para-hacer-pasta\/\",\"url\":\"https:\/\/distribucionarc.com\/bg\/producto\/maquina-electrica-para-hacer-pasta\/\",\"name\":\"M\u00e1quina el\u00e9ctrica\u00a0para hacer pasta\u00a0 - distribuci\u00f3n ARC\",\"isPartOf\":{\"@id\":\"https:\/\/distribucionarc.com\/de\/#website\"},\"primaryImageOfPage\":{\"@id\":\"https:\/\/distribucionarc.com\/bg\/producto\/maquina-electrica-para-hacer-pasta\/#primaryimage\"},\"image\":{\"@id\":\"https:\/\/distribucionarc.com\/bg\/producto\/maquina-electrica-para-hacer-pasta\/#primaryimage\"},\"thumbnailUrl\":\"https:\/\/distribucionarc.com\/wp-content\/uploads\/2020\/10\/M\u00e1quina-el\u00e9ctrica-para-hacer-pasta-1.jpg\",\"datePublished\":\"2020-10-15T14:18:55+00:00\",\"breadcrumb\":{\"@id\":\"https:\/\/distribucionarc.com\/bg\/producto\/maquina-electrica-para-hacer-pasta\/#breadcrumb\"},\"inLanguage\":\"tr\",\"potentialAction\":[{\"@type\":\"ReadAction\",\"target\":[\"https:\/\/distribucionarc.com\/bg\/producto\/maquina-electrica-para-hacer-pasta\/\"]}]},{\"@type\":\"ImageObject\",\"inLanguage\":\"tr\",\"@id\":\"https:\/\/distribucionarc.com\/bg\/producto\/maquina-electrica-para-hacer-pasta\/#primaryimage\",\"url\":\"https:\/\/distribucionarc.com\/wp-content\/uploads\/2020\/10\/M\u00e1quina-el\u00e9ctrica-para-hacer-pasta-1.jpg\",\"contentUrl\":\"https:\/\/distribucionarc.com\/wp-content\/uploads\/2020\/10\/M\u00e1quina-el\u00e9ctrica-para-hacer-pasta-1.jpg\",\"width\":1001,\"height\":1001,\"caption\":\"M\u00e1quina el\u00e9ctrica\u00a0para hacer pasta\u00a0\"},{\"@type\":\"BreadcrumbList\",\"@id\":\"https:\/\/distribucionarc.com\/bg\/producto\/maquina-electrica-para-hacer-pasta\/#breadcrumb\",\"itemListElement\":[{\"@type\":\"ListItem\",\"position\":1,\"name\":\"Portada\",\"item\":\"https:\/\/distribucionarc.com\/pl\/\"},{\"@type\":\"ListItem\",\"position\":2,\"name\":\"Produkty\",\"item\":\"https:\/\/distribucionarc.com\/pl\/shop\/\"},{\"@type\":\"ListItem\",\"position\":3,\"name\":\"M\u00e1quina el\u00e9ctrica\u00a0para hacer pasta\u00a0\"}]},{\"@type\":\"WebSite\",\"@id\":\"https:\/\/distribucionarc.com\/de\/#website\",\"url\":\"https:\/\/distribucionarc.com\/de\/\",\"name\":\"distribuci\u00f3n ARC\",\"description\":\"Empresa especializada en la fabricaci\u00f3n y distribuci\u00f3n de maquinaria industrial, selladoras de latas, Maquinas de hacer pastillas, Maquinas de cortar carne...\",\"publisher\":{\"@id\":\"https:\/\/distribucionarc.com\/de\/#organization\"},\"potentialAction\":[{\"@type\":\"SearchAction\",\"target\":{\"@type\":\"EntryPoint\",\"urlTemplate\":\"https:\/\/distribucionarc.com\/de\/?s={search_term_string}\"},\"query-input\":{\"@type\":\"PropertyValueSpecification\",\"valueRequired\":true,\"valueName\":\"search_term_string\"}}],\"inLanguage\":\"tr\"},{\"@type\":\"Organization\",\"@id\":\"https:\/\/distribucionarc.com\/de\/#organization\",\"name\":\"Distribuci\u00f3n ARC\",\"url\":\"https:\/\/distribucionarc.com\/de\/\",\"logo\":{\"@type\":\"ImageObject\",\"inLanguage\":\"tr\",\"@id\":\"https:\/\/distribucionarc.com\/de\/#\/schema\/logo\/image\/\",\"url\":\"https:\/\/distribucionarc.com\/wp-content\/uploads\/2024\/10\/distribucion-ARC-COLOR-SIN-FONDO-e1732295305345.png\",\"contentUrl\":\"https:\/\/distribucionarc.com\/wp-content\/uploads\/2024\/10\/distribucion-ARC-COLOR-SIN-FONDO-e1732295305345.png\",\"width\":1164,\"height\":558,\"caption\":\"Distribuci\u00f3n ARC\"},\"image\":{\"@id\":\"https:\/\/distribucionarc.com\/de\/#\/schema\/logo\/image\/\"},\"description\":\"Empresa especializada en la fabricaci\u00f3n y distribuci\u00f3n de maquinaria industrial para los sectores alimentario y farmac\u00e9utico. Nos especializamos en: M\u00e1quinas de cortar carne Fabricaci\u00f3n de comprimidos Sistemas de transporte industrial L\u00edneas de embotellado Dosificadores Y mucho m\u00e1s... Ofrecemos soluciones innovadoras y personalizadas para optimizar los procesos productivos de tu empresa.\",\"email\":\"Admistracion@distribucionarc.com\",\"telephone\":\"+34 643496664\",\"legalName\":\"ARC TECH SOLUTIONS\",\"foundingDate\":\"2024-04-09\",\"vatID\":\"B55480172\",\"numberOfEmployees\":{\"@type\":\"QuantitativeValue\",\"minValue\":\"1\",\"maxValue\":\"10\"}}]}<\/script>\n<!-- \/ Yoast SEO Premium plugin. -->","yoast_head_json":{"title":"Elektrikli makarna yapma makinesi - ARC da\u011f\u0131t\u0131m\u0131","robots":{"index":"index","follow":"follow","max-snippet":"max-snippet:-1","max-image-preview":"max-image-preview:large","max-video-preview":"max-video-preview:-1"},"canonical":"https:\/\/distribucionarc.com\/tr\/urun\/makarna-yapmak-icin-elektrikli-makine\/","og_locale":"tr_TR","og_type":"article","og_title":"M\u00e1quina el\u00e9ctrica\u00a0para hacer pasta\u00a0","og_description":"M\u00e1quina el\u00e9ctrica para hacer pasta Esta m\u00e1quina para pasta el\u00e9ctrica ARC es la adecuada para elaborar su propia pasta casera muy demandada en industria alimentaria al igual que en restaurantes, hoteles, buf\u00e9s, etc. Puede ajustar el grosor de las pastas seg\u00fan sus necesidades, dejarla configurada para simplemente introducir la masa y accionar el bot\u00f3n para obtener deliciosos tallarines, espaguetis o fideos. El potente motor le asegura bastante rendimiento de 15 \u2013 20 Kg de pasta por hora.","og_url":"https:\/\/distribucionarc.com\/tr\/urun\/makarna-yapmak-icin-elektrikli-makine\/","og_site_name":"distribuci\u00f3n ARC","og_image":[{"width":1001,"height":1001,"url":"https:\/\/distribucionarc.com\/wp-content\/uploads\/2020\/10\/M\u00e1quina-el\u00e9ctrica-para-hacer-pasta-1.jpg","type":"image\/jpeg"}],"twitter_card":"summary_large_image","twitter_misc":{"Tahmini okuma s\u00fcresi":"1 dakika"},"schema":{"@context":"https:\/\/schema.org","@graph":[{"@type":"WebPage","@id":"https:\/\/distribucionarc.com\/bg\/producto\/maquina-electrica-para-hacer-pasta\/","url":"https:\/\/distribucionarc.com\/bg\/producto\/maquina-electrica-para-hacer-pasta\/","name":"Elektrikli makarna yapma makinesi - ARC da\u011f\u0131t\u0131m\u0131","isPartOf":{"@id":"https:\/\/distribucionarc.com\/de\/#website"},"primaryImageOfPage":{"@id":"https:\/\/distribucionarc.com\/bg\/producto\/maquina-electrica-para-hacer-pasta\/#primaryimage"},"image":{"@id":"https:\/\/distribucionarc.com\/bg\/producto\/maquina-electrica-para-hacer-pasta\/#primaryimage"},"thumbnailUrl":"https:\/\/distribucionarc.com\/wp-content\/uploads\/2020\/10\/M\u00e1quina-el\u00e9ctrica-para-hacer-pasta-1.jpg","datePublished":"2020-10-15T14:18:55+00:00","breadcrumb":{"@id":"https:\/\/distribucionarc.com\/bg\/producto\/maquina-electrica-para-hacer-pasta\/#breadcrumb"},"inLanguage":"tr","potentialAction":[{"@type":"ReadAction","target":["https:\/\/distribucionarc.com\/bg\/producto\/maquina-electrica-para-hacer-pasta\/"]}]},{"@type":"ImageObject","inLanguage":"tr","@id":"https:\/\/distribucionarc.com\/bg\/producto\/maquina-electrica-para-hacer-pasta\/#primaryimage","url":"https:\/\/distribucionarc.com\/wp-content\/uploads\/2020\/10\/M\u00e1quina-el\u00e9ctrica-para-hacer-pasta-1.jpg","contentUrl":"https:\/\/distribucionarc.com\/wp-content\/uploads\/2020\/10\/M\u00e1quina-el\u00e9ctrica-para-hacer-pasta-1.jpg","width":1001,"height":1001,"caption":"M\u00e1quina el\u00e9ctrica\u00a0para hacer pasta\u00a0"},{"@type":"BreadcrumbList","@id":"https:\/\/distribucionarc.com\/bg\/producto\/maquina-electrica-para-hacer-pasta\/#breadcrumb","itemListElement":[{"@type":"ListItem","position":1,"name":"Portada","item":"https:\/\/distribucionarc.com\/pl\/"},{"@type":"ListItem","position":2,"name":"Produkty","item":"https:\/\/distribucionarc.com\/pl\/shop\/"},{"@type":"ListItem","position":3,"name":"M\u00e1quina el\u00e9ctrica\u00a0para hacer pasta\u00a0"}]},{"@type":"WebSite","@id":"https:\/\/distribucionarc.com\/de\/#website","url":"https:\/\/distribucionarc.com\/de\/","name":"ARC da\u011f\u0131t\u0131m\u0131","description":"End\u00fcstriyel makinelerin \u00fcretimi ve da\u011f\u0131t\u0131m\u0131 konusunda uzmanla\u015fm\u0131\u015f \u015firket, kutu m\u00fch\u00fcrleme makineleri, tablet yapma makineleri, et kesme makineleri...","publisher":{"@id":"https:\/\/distribucionarc.com\/de\/#organization"},"potentialAction":[{"@type":"SearchAction","target":{"@type":"EntryPoint","urlTemplate":"https:\/\/distribucionarc.com\/de\/?s={search_term_string}"},"query-input":{"@type":"PropertyValueSpecification","valueRequired":true,"valueName":"search_term_string"}}],"inLanguage":"tr"},{"@type":"Organization","@id":"https:\/\/distribucionarc.com\/de\/#organization","name":"ARC Da\u011f\u0131t\u0131m\u0131","url":"https:\/\/distribucionarc.com\/de\/","logo":{"@type":"ImageObject","inLanguage":"tr","@id":"https:\/\/distribucionarc.com\/de\/#\/schema\/logo\/image\/","url":"https:\/\/distribucionarc.com\/wp-content\/uploads\/2024\/10\/distribucion-ARC-COLOR-SIN-FONDO-e1732295305345.png","contentUrl":"https:\/\/distribucionarc.com\/wp-content\/uploads\/2024\/10\/distribucion-ARC-COLOR-SIN-FONDO-e1732295305345.png","width":1164,"height":558,"caption":"Distribuci\u00f3n ARC"},"image":{"@id":"https:\/\/distribucionarc.com\/de\/#\/schema\/logo\/image\/"},"description":"\u015eirket, g\u0131da ve ila\u00e7 sekt\u00f6rleri i\u00e7in end\u00fcstriyel makine \u00fcretimi ve da\u011f\u0131t\u0131m\u0131 konusunda uzmanla\u015fm\u0131\u015ft\u0131r. Uzmanl\u0131k alanlar\u0131m\u0131z Et kesme makineleri Tablet \u00fcretimi End\u00fcstriyel ta\u015f\u0131ma sistemleri \u015ei\u015feleme hatlar\u0131 Dozajlama makineleri Ve \u00e7ok daha fazlas\u0131... \u015eirketinizin \u00fcretim s\u00fcre\u00e7lerini optimize etmek i\u00e7in yenilik\u00e7i ve \u00f6zelle\u015ftirilmi\u015f \u00e7\u00f6z\u00fcmler sunuyoruz.","email":"Admistracion@distribucionarc.com","telephone":"+34 643496664","legalName":"ARC TECH SOLUTIONS","foundingDate":"2024-04-09","vatID":"B55480172","numberOfEmployees":{"@type":"QuantitativeValue","minValue":"1","maxValue":"10"}}]}},"_links":{"self":[{"href":"https:\/\/distribucionarc.com\/tr\/wp-json\/wp\/v2\/product\/4026","targetHints":{"allow":["GET"]}}],"collection":[{"href":"https:\/\/distribucionarc.com\/tr\/wp-json\/wp\/v2\/product"}],"about":[{"href":"https:\/\/distribucionarc.com\/tr\/wp-json\/wp\/v2\/types\/product"}],"replies":[{"embeddable":true,"href":"https:\/\/distribucionarc.com\/tr\/wp-json\/wp\/v2\/comments?post=4026"}],"version-history":[{"count":0,"href":"https:\/\/distribucionarc.com\/tr\/wp-json\/wp\/v2\/product\/4026\/revisions"}],"wp:featuredmedia":[{"embeddable":true,"href":"https:\/\/distribucionarc.com\/tr\/wp-json\/wp\/v2\/media\/4028"}],"wp:attachment":[{"href":"https:\/\/distribucionarc.com\/tr\/wp-json\/wp\/v2\/media?parent=4026"}],"wp:term":[{"taxonomy":"product_brand","embeddable":true,"href":"https:\/\/distribucionarc.com\/tr\/wp-json\/wp\/v2\/product_brand?post=4026"},{"taxonomy":"product_cat","embeddable":true,"href":"https:\/\/distribucionarc.com\/tr\/wp-json\/wp\/v2\/product_cat?post=4026"},{"taxonomy":"product_tag","embeddable":true,"href":"https:\/\/distribucionarc.com\/tr\/wp-json\/wp\/v2\/product_tag?post=4026"}],"curies":[{"name":"wp","href":"https:\/\/api.w.org\/{rel}","templated":true}]}}