{"id":4039,"date":"2020-10-15T15:01:23","date_gmt":"2020-10-15T15:01:23","guid":{"rendered":"https:\/\/distribucionarc.com\/?post_type=product&#038;p=4039"},"modified":"2020-10-15T15:01:45","modified_gmt":"2020-10-15T15:01:45","slug":"manuel-gunluk-kesici","status":"publish","type":"product","link":"https:\/\/distribucionarc.com\/tr\/producto\/cortador-de-troncos-manual\/","title":{"rendered":"manuel g\u00fcnl\u00fck ay\u0131r\u0131c\u0131"},"content":{"rendered":"<h3>manuel g\u00fcnl\u00fck ay\u0131r\u0131c\u0131<\/h3>\n<p>O<strong>\u00a0k\u00fct\u00fck kesici\u00a0<span style=\"color: #ff0000;\">\u0130LE<\/span><span style=\"color: #0000ff;\">R<\/span>C<\/strong> 5 ila 10 ton bas\u0131n\u00e7 uygulayabilen kollar ile harekete ge\u00e7en pn\u00f6matik piston sayesinde \u00e7al\u0131\u015f\u0131r, b\u00f6ylece bas\u0131n\u00e7 ihtiyac\u0131na g\u00f6re tek elle veya her iki elle \u00e7al\u0131\u015ft\u0131r\u0131labilir, sol krank ile 10 ton bas\u0131n\u00e7 uygulayabilir. s\u00fcreci tek elle y\u00fcr\u00fctmek<\/p>\n<p>Bu manuel g\u00fcnl\u00fck ay\u0131r\u0131c\u0131 <strong><span style=\"color: #ff0000;\">\u0130LE<\/span><span style=\"color: #0000ff;\">R<\/span>CATM10<\/strong> Kesimi kolayla\u015ft\u0131rmak ve hassas kesim sa\u011flamak i\u00e7in Duocut b\u0131\u00e7aklara sahiptir, k\u00fct\u00fc\u011f\u00fcn boyutuna g\u00f6re yukar\u0131daki b\u0131\u00e7aklar\u0131 ayarlayabilirsiniz. Kesim ihtiyac\u0131na g\u00f6re i\u015flemi yatay veya dikey olarak ger\u00e7ekle\u015ftirebilirsiniz. Bu makine g\u00fc\u00e7lendirilmi\u015f \u00e7elikten yap\u0131lm\u0131\u015f olup, kolayca b\u00fck\u00fclmesini \u00f6nler, korozyona ve g\u00fcnl\u00fck \u00e7al\u0131\u015fmaya kar\u015f\u0131 dayan\u0131kl\u0131d\u0131r.<\/p>\n<h6><strong>Garanti\u00a0<span style=\"color: #ff0000;\">\u0130LE<\/span><span style=\"color: #0000ff;\">R<\/span>\u00c7 2 YIL<\/strong><\/h6>\n<h6><span style=\"color: #008000;\">manuel g\u00fcnl\u00fck ay\u0131r\u0131c\u0131\u00a0<\/span><\/h6>\n<h6><strong>teknik destek dahil<\/strong><\/h6>\n<p>&nbsp;<\/p>\n<table role=\"presentation\" width=\"100%\" cellspacing=\"0\" cellpadding=\"0\">\n<tbody>\n<tr>\n<td class=\"attrLabels\">Marka:<\/td>\n<td width=\"50.0%\">ARK<\/td>\n<\/tr>\n<tr>\n<td class=\"attrLabels\">Da\u011f\u0131t\u0131m \u00fclkesi:<\/td>\n<td width=\"50.0%\">\u0130spanya, Almanya, ABD<\/td>\n<td class=\"attrLabels\">A\u011f\u0131rl\u0131k:<\/td>\n<td width=\"50.0%\">36 kg<\/td>\n<\/tr>\n<tr>\n<td class=\"attrLabels\">Garanti:<\/td>\n<td width=\"50.0%\">2 YIL<\/td>\n<td class=\"attrLabels\">Y\u00fckseklik:<\/td>\n<td width=\"50.0%\">45cm<\/td>\n<\/tr>\n<tr>\n<td class=\"attrLabels\">Renk:<\/td>\n<td width=\"50.0%\">Turuncu<\/td>\n<td class=\"attrLabels\">Uzun:<\/td>\n<td width=\"50.0%\">100cm<\/td>\n<\/tr>\n<tr>\n<td class=\"attrLabels\">\u00dcr\u00fcn tipi:<\/td>\n<td width=\"50.0%\">manuel g\u00fcnl\u00fck ay\u0131r\u0131c\u0131<\/td>\n<td class=\"attrLabels\">Geni\u015f:<\/td>\n<td width=\"50.0%\">30cm<\/td>\n<\/tr>\n<tr>\n<td class=\"attrLabels\">\u00dcretici numaras\u0131:<\/td>\n<td width=\"50.0%\">ARCATM10<\/td>\n<td class=\"attrLabels\">Dikey \u00e7al\u0131\u015fma:<\/td>\n<td width=\"50.0%\">45 x 30 x 100 (U x G x Y)<\/td>\n<\/tr>\n<tr>\n<td class=\"attrLabels\">Malzeme:<\/td>\n<td width=\"50.0%\">g\u00fc\u00e7lendirilmi\u015f \u00e7elik<\/td>\n<td class=\"attrLabels\">giri\u015f voltaj\u0131<\/td>\n<td width=\"50.0%\">220V \u2013 50\/60Hz<\/td>\n<\/tr>\n<tr>\n<td class=\"attrLabels\">Kurulum ara\u00e7lar\u0131:<\/td>\n<td width=\"50.0%\">Evet<\/td>\n<td class=\"attrLabels\">G\u00f6vde uzunlu\u011fu:<\/td>\n<td width=\"50.0%\">510 mm&#039;den 600 mm&#039;ye<\/td>\n<\/tr>\n<tr>\n<td class=\"attrLabels\">Operasyon:<\/td>\n<td width=\"50.0%\">Hidrolik pistonlu manuel 10 Ton<\/td>\n<td class=\"attrLabels\">Geni\u015f:<\/td>\n<td width=\"50.0%\">300 mm<\/td>\n<\/tr>\n<\/tbody>\n<\/table>\n<p>&nbsp;<\/p>","protected":false},"excerpt":{"rendered":"<h2>manuel g\u00fcnl\u00fck ay\u0131r\u0131c\u0131<\/h2>\n<p>O\u00a0<strong>k\u00fct\u00fck kesici\u00a0<span style=\"color: #ff0000;\">\u0130LE<\/span><span style=\"color: #0000ff;\">R<\/span>C<\/strong> Ye\u015fil veya kuru odunlar\u0131n\u0131z\u0131 k\u0131sa k\u00fct\u00fck par\u00e7alar\u0131na b\u00f6lmek i\u00e7in m\u00fckemmel bir makinedir. Her biri 5 tonluk bas\u0131n\u00e7 uygulayan iki sap\u0131 bulunan bu makinenin yaln\u0131zca soldakini kullanarak kolayca ve h\u0131zl\u0131 bir \u015fekilde 10 tonluk bas\u0131n\u00e7 uygulayabilirsiniz. Bu k\u00fct\u00fck ay\u0131r\u0131c\u0131, pn\u00f6matik sistem sayesinde k\u00fct\u00fckleri kolay ve h\u0131zl\u0131 bir \u015fekilde kesme kapasitesine sahiptir.<\/p>\n<h6><strong>Garanti\u00a0<span style=\"color: #ff0000;\">\u0130LE<\/span><span style=\"color: #0000ff;\">R<\/span>\u00c7 2 YIL<\/strong><\/h6>\n<h6><span style=\"color: #008000;\">manuel g\u00fcnl\u00fck ay\u0131r\u0131c\u0131\u00a0<\/span><\/h6>\n<h6><strong>teknik destek dahil<\/strong><\/h6>","protected":false},"featured_media":4040,"comment_status":"open","ping_status":"closed","template":"","meta":{"wds_primary_product_brand":0,"wds_primary_product_cat":0},"product_brand":[],"product_cat":[72,69],"product_tag":[],"class_list":{"0":"post-4039","1":"product","2":"type-product","3":"status-publish","4":"has-post-thumbnail","6":"product_cat-maquinaria-para-cortar-troncos","7":"product_cat-maquinas-variadas","8":"product_shipping_class-hosteleria","10":"first","11":"instock","12":"sale","13":"taxable","14":"shipping-taxable","15":"purchasable","16":"product-type-simple"},"yoast_head":"<!-- This site is optimized with the Yoast SEO Premium plugin v24.9 (Yoast SEO v26.1) - https:\/\/yoast.com\/wordpress\/plugins\/seo\/ -->\n<title>Cortador de troncos manual - distribuci\u00f3n ARC<\/title>\n<meta name=\"robots\" content=\"index, follow, max-snippet:-1, max-image-preview:large, max-video-preview:-1\" \/>\n<link rel=\"canonical\" href=\"https:\/\/www.distribucionarc.com\/hr\/producto\/cortador-de-troncos-manual\/\" \/>\n<meta property=\"og:locale\" content=\"tr_TR\" \/>\n<meta property=\"og:type\" content=\"article\" \/>\n<meta property=\"og:title\" content=\"Cortador de troncos manual\" \/>\n<meta property=\"og:description\" content=\"Cortador de troncos manual El\u00a0cortador de troncos\u00a0ARC es la m\u00e1quina perfecta para partir su madera verde o seca, en troncos de cortos trozos, esta m\u00e1quina\u00a0 dispone de dos mangos que ejercen 5 toneladas de presi\u00f3n cada uno,\u00a0 utilizando solo izquierdo puede ejercer 10 toneladas de presi\u00f3n de forma sencilla y r\u00e1pida. Este partidor de troncos es capaz de cortar trozos de forma sencilla y r\u00e1pida\u00a0 gracias al sistema neum\u00e1tico. Garant\u00eda\u00a0ARC 2 A\u00d1OS Partidora de troncos manual\u00a0 soporte t\u00e9cnico incluido\" \/>\n<meta property=\"og:url\" content=\"https:\/\/www.distribucionarc.com\/hr\/producto\/cortador-de-troncos-manual\/\" \/>\n<meta property=\"og:site_name\" content=\"distribuci\u00f3n ARC\" \/>\n<meta property=\"article:modified_time\" content=\"2020-10-15T15:01:45+00:00\" \/>\n<meta property=\"og:image\" content=\"https:\/\/www.distribucionarc.com\/wp-content\/uploads\/2020\/10\/Cortador-de-troncos-manual-0.jpg\" \/>\n\t<meta property=\"og:image:width\" content=\"1080\" \/>\n\t<meta property=\"og:image:height\" content=\"1080\" \/>\n\t<meta property=\"og:image:type\" content=\"image\/jpeg\" \/>\n<meta name=\"twitter:card\" content=\"summary_large_image\" \/>\n<meta name=\"twitter:label1\" content=\"Tahmini okuma s\u00fcresi\" \/>\n\t<meta name=\"twitter:data1\" content=\"1 dakika\" \/>\n<script type=\"application\/ld+json\" class=\"yoast-schema-graph\">{\"@context\":\"https:\/\/schema.org\",\"@graph\":[{\"@type\":\"WebPage\",\"@id\":\"https:\/\/www.distribucionarc.com\/hr\/producto\/cortador-de-troncos-manual\/\",\"url\":\"https:\/\/www.distribucionarc.com\/hr\/producto\/cortador-de-troncos-manual\/\",\"name\":\"Cortador de troncos manual - distribuci\u00f3n ARC\",\"isPartOf\":{\"@id\":\"https:\/\/www.distribucionarc.com\/sl\/#website\"},\"primaryImageOfPage\":{\"@id\":\"https:\/\/www.distribucionarc.com\/hr\/producto\/cortador-de-troncos-manual\/#primaryimage\"},\"image\":{\"@id\":\"https:\/\/www.distribucionarc.com\/hr\/producto\/cortador-de-troncos-manual\/#primaryimage\"},\"thumbnailUrl\":\"https:\/\/distribucionarc.com\/wp-content\/uploads\/2020\/10\/Cortador-de-troncos-manual-0.jpg\",\"datePublished\":\"2020-10-15T15:01:23+00:00\",\"dateModified\":\"2020-10-15T15:01:45+00:00\",\"breadcrumb\":{\"@id\":\"https:\/\/www.distribucionarc.com\/hr\/producto\/cortador-de-troncos-manual\/#breadcrumb\"},\"inLanguage\":\"tr\",\"potentialAction\":[{\"@type\":\"ReadAction\",\"target\":[\"https:\/\/www.distribucionarc.com\/hr\/producto\/cortador-de-troncos-manual\/\"]}]},{\"@type\":\"ImageObject\",\"inLanguage\":\"tr\",\"@id\":\"https:\/\/www.distribucionarc.com\/hr\/producto\/cortador-de-troncos-manual\/#primaryimage\",\"url\":\"https:\/\/distribucionarc.com\/wp-content\/uploads\/2020\/10\/Cortador-de-troncos-manual-0.jpg\",\"contentUrl\":\"https:\/\/distribucionarc.com\/wp-content\/uploads\/2020\/10\/Cortador-de-troncos-manual-0.jpg\",\"width\":1080,\"height\":1080,\"caption\":\"Cortador de troncos manual\"},{\"@type\":\"BreadcrumbList\",\"@id\":\"https:\/\/www.distribucionarc.com\/hr\/producto\/cortador-de-troncos-manual\/#breadcrumb\",\"itemListElement\":[{\"@type\":\"ListItem\",\"position\":1,\"name\":\"Portada\",\"item\":\"https:\/\/www.distribucionarc.com\/\"},{\"@type\":\"ListItem\",\"position\":2,\"name\":\"\u00dcr\u00fcnler\",\"item\":\"https:\/\/www.distribucionarc.com\/tr\/magaza\/\"},{\"@type\":\"ListItem\",\"position\":3,\"name\":\"Cortador de troncos manual\"}]},{\"@type\":\"WebSite\",\"@id\":\"https:\/\/www.distribucionarc.com\/sl\/#website\",\"url\":\"https:\/\/www.distribucionarc.com\/sl\/\",\"name\":\"distribuci\u00f3n ARC\",\"description\":\"Empresa especializada en la fabricaci\u00f3n y distribuci\u00f3n de maquinaria industrial, selladoras de latas, Maquinas de hacer pastillas, Maquinas de cortar carne...\",\"publisher\":{\"@id\":\"https:\/\/www.distribucionarc.com\/sl\/#organization\"},\"potentialAction\":[{\"@type\":\"SearchAction\",\"target\":{\"@type\":\"EntryPoint\",\"urlTemplate\":\"https:\/\/www.distribucionarc.com\/sl\/?s={search_term_string}\"},\"query-input\":{\"@type\":\"PropertyValueSpecification\",\"valueRequired\":true,\"valueName\":\"search_term_string\"}}],\"inLanguage\":\"tr\"},{\"@type\":\"Organization\",\"@id\":\"https:\/\/www.distribucionarc.com\/sl\/#organization\",\"name\":\"Distribuci\u00f3n ARC\",\"url\":\"https:\/\/www.distribucionarc.com\/sl\/\",\"logo\":{\"@type\":\"ImageObject\",\"inLanguage\":\"tr\",\"@id\":\"https:\/\/www.distribucionarc.com\/sl\/#\/schema\/logo\/image\/\",\"url\":\"https:\/\/distribucionarc.com\/wp-content\/uploads\/2024\/10\/distribucion-ARC-COLOR-SIN-FONDO-e1732295305345.png\",\"contentUrl\":\"https:\/\/distribucionarc.com\/wp-content\/uploads\/2024\/10\/distribucion-ARC-COLOR-SIN-FONDO-e1732295305345.png\",\"width\":1164,\"height\":558,\"caption\":\"Distribuci\u00f3n ARC\"},\"image\":{\"@id\":\"https:\/\/www.distribucionarc.com\/sl\/#\/schema\/logo\/image\/\"},\"description\":\"Empresa especializada en la fabricaci\u00f3n y distribuci\u00f3n de maquinaria industrial para los sectores alimentario y farmac\u00e9utico. Nos especializamos en: M\u00e1quinas de cortar carne Fabricaci\u00f3n de comprimidos Sistemas de transporte industrial L\u00edneas de embotellado Dosificadores Y mucho m\u00e1s... Ofrecemos soluciones innovadoras y personalizadas para optimizar los procesos productivos de tu empresa.\",\"email\":\"Admistracion@distribucionarc.com\",\"telephone\":\"+34 643496664\",\"legalName\":\"ARC TECH SOLUTIONS\",\"foundingDate\":\"2024-04-09\",\"vatID\":\"B55480172\",\"numberOfEmployees\":{\"@type\":\"QuantitativeValue\",\"minValue\":\"1\",\"maxValue\":\"10\"}}]}<\/script>\n<!-- \/ Yoast SEO Premium plugin. -->","yoast_head_json":{"title":"Manuel g\u00fcnl\u00fck ay\u0131r\u0131c\u0131 - ARC da\u011f\u0131t\u0131m\u0131","robots":{"index":"index","follow":"follow","max-snippet":"max-snippet:-1","max-image-preview":"max-image-preview:large","max-video-preview":"max-video-preview:-1"},"canonical":"https:\/\/www.distribucionarc.com\/hr\/producto\/cortador-de-troncos-manual\/","og_locale":"tr_TR","og_type":"article","og_title":"Cortador de troncos manual","og_description":"Cortador de troncos manual El\u00a0cortador de troncos\u00a0ARC es la m\u00e1quina perfecta para partir su madera verde o seca, en troncos de cortos trozos, esta m\u00e1quina\u00a0 dispone de dos mangos que ejercen 5 toneladas de presi\u00f3n cada uno,\u00a0 utilizando solo izquierdo puede ejercer 10 toneladas de presi\u00f3n de forma sencilla y r\u00e1pida. Este partidor de troncos es capaz de cortar trozos de forma sencilla y r\u00e1pida\u00a0 gracias al sistema neum\u00e1tico. Garant\u00eda\u00a0ARC 2 A\u00d1OS Partidora de troncos manual\u00a0 soporte t\u00e9cnico incluido","og_url":"https:\/\/www.distribucionarc.com\/hr\/producto\/cortador-de-troncos-manual\/","og_site_name":"distribuci\u00f3n ARC","article_modified_time":"2020-10-15T15:01:45+00:00","og_image":[{"width":1080,"height":1080,"url":"https:\/\/www.distribucionarc.com\/wp-content\/uploads\/2020\/10\/Cortador-de-troncos-manual-0.jpg","type":"image\/jpeg"}],"twitter_card":"summary_large_image","twitter_misc":{"Tahmini okuma s\u00fcresi":"1 dakika"},"schema":{"@context":"https:\/\/schema.org","@graph":[{"@type":"WebPage","@id":"https:\/\/www.distribucionarc.com\/hr\/producto\/cortador-de-troncos-manual\/","url":"https:\/\/www.distribucionarc.com\/hr\/producto\/cortador-de-troncos-manual\/","name":"Manuel g\u00fcnl\u00fck ay\u0131r\u0131c\u0131 - ARC da\u011f\u0131t\u0131m\u0131","isPartOf":{"@id":"https:\/\/www.distribucionarc.com\/sl\/#website"},"primaryImageOfPage":{"@id":"https:\/\/www.distribucionarc.com\/hr\/producto\/cortador-de-troncos-manual\/#primaryimage"},"image":{"@id":"https:\/\/www.distribucionarc.com\/hr\/producto\/cortador-de-troncos-manual\/#primaryimage"},"thumbnailUrl":"https:\/\/distribucionarc.com\/wp-content\/uploads\/2020\/10\/Cortador-de-troncos-manual-0.jpg","datePublished":"2020-10-15T15:01:23+00:00","dateModified":"2020-10-15T15:01:45+00:00","breadcrumb":{"@id":"https:\/\/www.distribucionarc.com\/hr\/producto\/cortador-de-troncos-manual\/#breadcrumb"},"inLanguage":"tr","potentialAction":[{"@type":"ReadAction","target":["https:\/\/www.distribucionarc.com\/hr\/producto\/cortador-de-troncos-manual\/"]}]},{"@type":"ImageObject","inLanguage":"tr","@id":"https:\/\/www.distribucionarc.com\/hr\/producto\/cortador-de-troncos-manual\/#primaryimage","url":"https:\/\/distribucionarc.com\/wp-content\/uploads\/2020\/10\/Cortador-de-troncos-manual-0.jpg","contentUrl":"https:\/\/distribucionarc.com\/wp-content\/uploads\/2020\/10\/Cortador-de-troncos-manual-0.jpg","width":1080,"height":1080,"caption":"Cortador de troncos manual"},{"@type":"BreadcrumbList","@id":"https:\/\/www.distribucionarc.com\/hr\/producto\/cortador-de-troncos-manual\/#breadcrumb","itemListElement":[{"@type":"ListItem","position":1,"name":"Portada","item":"https:\/\/www.distribucionarc.com\/"},{"@type":"ListItem","position":2,"name":"\u00dcr\u00fcnler","item":"https:\/\/www.distribucionarc.com\/tr\/magaza\/"},{"@type":"ListItem","position":3,"name":"Cortador de troncos manual"}]},{"@type":"WebSite","@id":"https:\/\/www.distribucionarc.com\/sl\/#website","url":"https:\/\/www.distribucionarc.com\/sl\/","name":"ARC da\u011f\u0131t\u0131m\u0131","description":"End\u00fcstriyel makinelerin \u00fcretimi ve da\u011f\u0131t\u0131m\u0131 konusunda uzmanla\u015fm\u0131\u015f \u015firket, kutu m\u00fch\u00fcrleme makineleri, tablet yapma makineleri, et kesme makineleri...","publisher":{"@id":"https:\/\/www.distribucionarc.com\/sl\/#organization"},"potentialAction":[{"@type":"SearchAction","target":{"@type":"EntryPoint","urlTemplate":"https:\/\/www.distribucionarc.com\/sl\/?s={search_term_string}"},"query-input":{"@type":"PropertyValueSpecification","valueRequired":true,"valueName":"search_term_string"}}],"inLanguage":"tr"},{"@type":"Organization","@id":"https:\/\/www.distribucionarc.com\/sl\/#organization","name":"ARC Da\u011f\u0131t\u0131m\u0131","url":"https:\/\/www.distribucionarc.com\/sl\/","logo":{"@type":"ImageObject","inLanguage":"tr","@id":"https:\/\/www.distribucionarc.com\/sl\/#\/schema\/logo\/image\/","url":"https:\/\/distribucionarc.com\/wp-content\/uploads\/2024\/10\/distribucion-ARC-COLOR-SIN-FONDO-e1732295305345.png","contentUrl":"https:\/\/distribucionarc.com\/wp-content\/uploads\/2024\/10\/distribucion-ARC-COLOR-SIN-FONDO-e1732295305345.png","width":1164,"height":558,"caption":"Distribuci\u00f3n ARC"},"image":{"@id":"https:\/\/www.distribucionarc.com\/sl\/#\/schema\/logo\/image\/"},"description":"\u015eirket, g\u0131da ve ila\u00e7 sekt\u00f6rleri i\u00e7in end\u00fcstriyel makine \u00fcretimi ve da\u011f\u0131t\u0131m\u0131 konusunda uzmanla\u015fm\u0131\u015ft\u0131r. Uzmanl\u0131k alanlar\u0131m\u0131z Et kesme makineleri Tablet \u00fcretimi End\u00fcstriyel ta\u015f\u0131ma sistemleri \u015ei\u015feleme hatlar\u0131 Dozajlama makineleri Ve \u00e7ok daha fazlas\u0131... \u015eirketinizin \u00fcretim s\u00fcre\u00e7lerini optimize etmek i\u00e7in yenilik\u00e7i ve \u00f6zelle\u015ftirilmi\u015f \u00e7\u00f6z\u00fcmler sunuyoruz.","email":"Admistracion@distribucionarc.com","telephone":"+34 643496664","legalName":"ARC TECH SOLUTIONS","foundingDate":"2024-04-09","vatID":"B55480172","numberOfEmployees":{"@type":"QuantitativeValue","minValue":"1","maxValue":"10"}}]}},"_links":{"self":[{"href":"https:\/\/distribucionarc.com\/tr\/wp-json\/wp\/v2\/product\/4039","targetHints":{"allow":["GET"]}}],"collection":[{"href":"https:\/\/distribucionarc.com\/tr\/wp-json\/wp\/v2\/product"}],"about":[{"href":"https:\/\/distribucionarc.com\/tr\/wp-json\/wp\/v2\/types\/product"}],"replies":[{"embeddable":true,"href":"https:\/\/distribucionarc.com\/tr\/wp-json\/wp\/v2\/comments?post=4039"}],"version-history":[{"count":0,"href":"https:\/\/distribucionarc.com\/tr\/wp-json\/wp\/v2\/product\/4039\/revisions"}],"wp:featuredmedia":[{"embeddable":true,"href":"https:\/\/distribucionarc.com\/tr\/wp-json\/wp\/v2\/media\/4040"}],"wp:attachment":[{"href":"https:\/\/distribucionarc.com\/tr\/wp-json\/wp\/v2\/media?parent=4039"}],"wp:term":[{"taxonomy":"product_brand","embeddable":true,"href":"https:\/\/distribucionarc.com\/tr\/wp-json\/wp\/v2\/product_brand?post=4039"},{"taxonomy":"product_cat","embeddable":true,"href":"https:\/\/distribucionarc.com\/tr\/wp-json\/wp\/v2\/product_cat?post=4039"},{"taxonomy":"product_tag","embeddable":true,"href":"https:\/\/distribucionarc.com\/tr\/wp-json\/wp\/v2\/product_tag?post=4039"}],"curies":[{"name":"wp","href":"https:\/\/api.w.org\/{rel}","templated":true}]}}