{"id":4057,"date":"2020-10-28T16:17:57","date_gmt":"2020-10-28T16:17:57","guid":{"rendered":"https:\/\/distribucionarc.com\/?post_type=product&#038;p=4057"},"modified":"2021-01-26T09:21:13","modified_gmt":"2021-01-26T09:21:13","slug":"waffle-makinesi-kabarciklar-waffle-kabarcik","status":"publish","type":"product","link":"https:\/\/distribucionarc.com\/tr\/producto\/gofrera-burbujas-waffle-bubble\/","title":{"rendered":"Kabarc\u0131kl\u0131 waffle makinesi Waffle balonu"},"content":{"rendered":"<h3>Kabarc\u0131kl\u0131 waffle makinesi Waffle balonu<\/h3>\n<p>La\u00a0<strong>Profesyonel waffle makinesi\u00a0<\/strong>\u00a0ile ilgili\u00a0<strong><span style=\"color: #ff0000;\">\u0130LE<\/span><span style=\"color: #0000ff;\">R<\/span>C<\/strong>, pi\u015firme i\u015flemini yapan \u00e7ift kafa tasar\u0131m\u0131n\u0131 benimser\u00a0<strong>Gofretler<\/strong> daha verimli ve karl\u0131 olun. Her kal\u0131p i\u00e7in 1250W yeterli g\u00fc\u00e7, 360 derece s\u00fcrekli \u0131s\u0131tma ve daha iyi pi\u015firme deneyimi sa\u011flar. Onlar da katk\u0131da bulunuyor <span style=\"color: #008000;\">R<strong>verimli enerji performans\u0131<\/strong><\/span>.<\/p>\n<p>Kafa, ah\u015fap d\u00fc\u011fmelerle ba\u011f\u0131ms\u0131z olarak kontrol edilerek \u0131s\u0131nmalar\u0131 \u00f6nlenir. S\u0131cakl\u0131k 50 ile 300\u00b0C aras\u0131nda olup \u00e7al\u0131\u015fma durumunu g\u00f6steren LED \u0131\u015f\u0131kl\u0131d\u0131r. <strong>Profesyonel waffle makinesi <span style=\"color: #ff0000;\">\u0130LE<\/span><span style=\"color: #0000ff;\">R<\/span>CMGEB75<\/strong>\u00a0Maksimum 5 dakikal\u0131k hassas bir zamanlay\u0131c\u0131ya sahiptir ve waffle&#039;lar haz\u0131r oldu\u011funda net ve melodik bir alarm verir.<\/p>\n<p>Her bir kafa\u00a0\u00a0<strong>Waffle makinesi<\/strong>\u00a0\u0130ki kal\u0131p (\u00fcst ve alt) kullan\u0131r. Birlikte lezzetli waffle&#039;lar olu\u015ftururlar. Her iki kal\u0131p da size e\u015fit \u0131s\u0131tma sa\u011flar. Teflon kapl\u0131 pi\u015firme y\u00fczeyi yap\u0131\u015fmaz olup makinenin temizlenmesini kolayla\u015ft\u0131r\u0131r.\u00a0<strong>Gofretler<\/strong>. Kolay tutu\u015f ve zahmetsiz kullan\u0131m i\u00e7in kal\u0131n ah\u015fap \u00e7elik sap seti. \u0130yi \u0131s\u0131 da\u011f\u0131tma malzemesinin kullan\u0131lmas\u0131, s\u0131cakl\u0131\u011f\u0131n\u0131n \u00e7ok y\u00fcksek olmamas\u0131n\u0131 sa\u011flar. Kullan\u0131c\u0131y\u0131 yan\u0131klardan korur.<\/p>\n<p>ile\u00a0<strong>Profesyonel waffle makinesi<\/strong>\u00a0ile ilgili\u00a0<strong><span style=\"color: #ff0000;\">\u0130LE<\/span><span style=\"color: #0000ff;\">R<\/span>C<\/strong>\u00a0biraz alacaks\u0131n\u00a0<strong>Waffle<\/strong> <strong>yuvarlak ve s\u00fcngerimsi kabarc\u0131klarla,<\/strong> A\u011f\u0131zda kal\u0131c\u0131 bir tat b\u0131rakan yumu\u015fak i\u00e7 k\u0131s\u0131m ve canl\u0131 d\u0131\u015f k\u0131s\u0131m. Lezzet katmak i\u00e7in \u00e7ikolata, \u015feker ve di\u011fer s\u00fcslemeler serbest\u00e7e eklenebilir.<\/p>\n<p>&nbsp;<\/p>\n<h6><strong>Garanti\u00a0<span style=\"color: #ff0000;\">\u0130LE<\/span><span style=\"color: #0000ff;\">R<\/span>\u00c7 2 YIL<\/strong><\/h6>\n<h6><span style=\"color: #008000;\">Profesyonel waffle makinesi, d\u00fc\u015f\u00fck t\u00fcketim 1250w<\/span><\/h6>\n<h6><strong>teknik destek dahildir.<\/strong><\/h6>\n<p>&nbsp;<\/p>\n<table role=\"presentation\" width=\"100%\" cellspacing=\"0\" cellpadding=\"0\">\n<tbody>\n<tr>\n<td class=\"attrLabels\">S\u0131cakl\u0131k:<\/td>\n<td width=\"50.0%\">30-300\u00b0C<\/td>\n<\/tr>\n<tr>\n<td class=\"attrLabels\">Da\u011f\u0131t\u0131m \u00fclkesi:<\/td>\n<td width=\"50.0%\">\u0130spanya, Almanya, ABD<\/td>\n<td class=\"attrLabels\">A\u011f\u0131rl\u0131k:<\/td>\n<td width=\"50.0%\">6 kg<\/td>\n<\/tr>\n<tr>\n<td class=\"attrLabels\">Marka:<\/td>\n<td width=\"50.0%\">ARK<\/td>\n<td class=\"attrLabels\">Y\u00fckseklik:<\/td>\n<td width=\"50.0%\">50cm<\/td>\n<\/tr>\n<tr>\n<td class=\"attrLabels\">Renk:<\/td>\n<td width=\"50.0%\">G\u00fcm\u00fc\u015f<\/td>\n<td class=\"attrLabels\">Uzun:<\/td>\n<td width=\"50.0%\">22cm<\/td>\n<\/tr>\n<tr>\n<td class=\"attrLabels\">\u00dcr\u00fcn tipi:<\/td>\n<td width=\"50.0%\">Profesyonel waffle makinesi<\/td>\n<td class=\"attrLabels\">Geni\u015f:<\/td>\n<td width=\"50.0%\">37cm<\/td>\n<\/tr>\n<tr>\n<td class=\"attrLabels\">\u00dcretici numaras\u0131:<\/td>\n<td width=\"50.0%\">ARCMGEB75<\/td>\n<td class=\"attrLabels\">G\u00fc\u00e7:<\/td>\n<td width=\"50.0%\">950W<\/td>\n<\/tr>\n<tr>\n<td class=\"attrLabels\">Malzeme:<\/td>\n<td width=\"50.0%\">paslanmaz \u00e7elik, Teflon plaka, s\u0131cakl\u0131k kontrol\u00fc<\/td>\n<td class=\"attrLabels\">giri\u015f voltaj\u0131<\/td>\n<td width=\"50.0%\">220V \u2013 60Hz<\/td>\n<\/tr>\n<tr>\n<td class=\"attrLabels\">Waffle boyutu:<\/td>\n<td width=\"50.0%\">\u00a020cm \u00e7ap (30mm kabarc\u0131klar)<\/td>\n<td class=\"attrLabels\">Garanti:<\/td>\n<td width=\"50.0%\">2 YIL<\/td>\n<\/tr>\n<tr>\n<td class=\"attrLabels\">Kurulum ara\u00e7lar\u0131:<\/td>\n<td width=\"50.0%\">Evet<\/td>\n<td class=\"attrLabels\">\u00dcretme:<\/td>\n<td width=\"50.0%\">Dakikada 1 adet<\/td>\n<\/tr>\n<\/tbody>\n<\/table>\n<p>&nbsp;<\/p>\n<p>&nbsp;<\/p>\n<p>&nbsp;<\/p>","protected":false},"excerpt":{"rendered":"<h2>Kabarc\u0131kl\u0131 waffle makinesi Waffle balonu<\/h2>\n<p>Bizim\u00a0<strong>Baloncuklu Waffle Makinesi<\/strong>\u00a0ile ilgili\u00a0<strong><span style=\"color: #ff0000;\">\u00a0\u0130LE<\/span><span style=\"color: #0000ff;\">R<\/span>C<\/strong>\u00a0yap\u0131lacak en iyi se\u00e7enektir\u00a0<strong>Gofretler<\/strong>,\u00a0<strong>waffle, gofret<\/strong>, <strong>dondurma k\u00fclahlar\u0131\u00a0<\/strong> \u00e7\u00fcnk\u00fc \u00e7ok fonksiyonludur. Profesyoneller ve k\u00fc\u00e7\u00fck i\u015fletmeler i\u00e7in idealdir.<\/p>\n<p>La\u00a0<strong>Elektrikli waffle makinesi<\/strong>\u00a0ile ilgili\u00a0<strong><span style=\"color: #ff0000;\">\u0130LE<\/span><span style=\"color: #0000ff;\">R<\/span>C<\/strong>\u00a0\u00c7izilmeye kar\u015f\u0131 dayan\u0131kl\u0131 ve dayan\u0131kl\u0131 paslanmaz \u00e7elikten yap\u0131lm\u0131\u015ft\u0131r. D\u00f6kme demir plaka size \u00f6zel yap\u0131\u015fmaz teknoloji sunar.\u00a0<strong>Waffle makinesi <span style=\"color: #ff0000;\">\u0130LE<\/span><span style=\"color: #0000ff;\">R<\/span>CMGEB75<\/strong>\u00a0Kullan\u0131m\u0131 kolayd\u0131r.\u00a0<strong>Kabar\u0131k Waffle Makinesi<\/strong> 1250 watt g\u00fcc\u00fc sayesinde \u00e7abuk \u0131s\u0131n\u0131r, bu da daha fazla g\u00fc\u00e7 sa\u011flar <span style=\"color: #008000;\"><strong>elektrik t\u00fcketimi a\u00e7\u0131s\u0131ndan verimli<\/strong><\/span>. Kolay temizlik i\u00e7in plakan\u0131n alt\u0131nda bir damlama tepsisi vard\u0131r.<\/p>\n<h6><strong>Garanti\u00a0<span style=\"color: #ff0000;\">\u0130LE<\/span><span style=\"color: #0000ff;\">R<\/span>\u00c7 2 YIL<\/strong><\/h6>\n<h6><span style=\"color: #008000;\">Profesyonel waffle makinesi, d\u00fc\u015f\u00fck t\u00fcketim 1250w<\/span><\/h6>\n<h6><strong>teknik destek dahildir.<\/strong><\/h6>\n<p>&nbsp;<\/p>\n<p>&nbsp;<\/p>","protected":false},"featured_media":4064,"comment_status":"open","ping_status":"closed","template":"","meta":{"wds_primary_product_brand":0,"wds_primary_product_cat":0},"product_brand":[],"product_cat":[51],"product_tag":[],"class_list":{"0":"post-4057","1":"product","2":"type-product","3":"status-publish","4":"has-post-thumbnail","6":"product_cat-gofreras-profesionales","7":"product_shipping_class-hosteleria","9":"first","10":"instock","11":"sale","12":"taxable","13":"shipping-taxable","14":"purchasable","15":"product-type-simple"},"yoast_head":"<!-- This site is optimized with the Yoast SEO Premium plugin v24.9 (Yoast SEO v26.1) - https:\/\/yoast.com\/wordpress\/plugins\/seo\/ -->\n<title>Gofrera burbujas Waffle bubble - distribuci\u00f3n ARC<\/title>\n<meta name=\"robots\" content=\"index, follow, max-snippet:-1, max-image-preview:large, max-video-preview:-1\" \/>\n<link rel=\"canonical\" href=\"https:\/\/www.distribucionarc.com\/bg\/producto\/gofrera-burbujas-waffle-bubble\/\" \/>\n<meta property=\"og:locale\" content=\"tr_TR\" \/>\n<meta property=\"og:type\" content=\"article\" \/>\n<meta property=\"og:title\" content=\"Gofrera burbujas Waffle bubble\" \/>\n<meta property=\"og:description\" content=\"Gofrera burbujas Waffle bubble Nuestra\u00a0Gofrera Bubble\u00a0de\u00a0\u00a0ARC\u00a0es la mejor opci\u00f3n para hacer\u00a0gofres,\u00a0waffles, barquillos, conos de helado\u00a0 porque es multifuncional. Es ideal para profesionales y peque\u00f1os comercios .  La\u00a0Maquina de waffles el\u00e9ctrica\u00a0de\u00a0ARC\u00a0est\u00e1 hecha de acero inoxidable, que es resistente a los ara\u00f1azos y duradero. La placa de hierro fundido le proporciona una tecnolog\u00eda especial antiadherente.\u00a0La m\u00e1quina de gofres ARCMGEB75\u00a0es f\u00e1cil de usar. La\u00a0m\u00e1quina para hacer Waffles Esponjosos se calienta r\u00e1pidamente gracias a su potencia de 1250 vatios que la vuelven a su vez m\u00e1s eficiente por su consumo el\u00e9ctrico. Tiene una bandeja de goteo debajo de la placa para facilitar la limpieza. Garant\u00eda\u00a0ARC 2 A\u00d1OS Gofrera profesional , bajo consumo 1250w soporte t\u00e9cnico incluido. &nbsp;  &nbsp;\" \/>\n<meta property=\"og:url\" content=\"https:\/\/www.distribucionarc.com\/bg\/producto\/gofrera-burbujas-waffle-bubble\/\" \/>\n<meta property=\"og:site_name\" content=\"distribuci\u00f3n ARC\" \/>\n<meta property=\"article:modified_time\" content=\"2021-01-26T09:21:13+00:00\" \/>\n<meta property=\"og:image\" content=\"https:\/\/www.distribucionarc.com\/wp-content\/uploads\/2020\/10\/Gofrera-burbujas-Waffle-bubble-0.jpg\" \/>\n\t<meta property=\"og:image:width\" content=\"1600\" \/>\n\t<meta property=\"og:image:height\" content=\"1600\" \/>\n\t<meta property=\"og:image:type\" content=\"image\/jpeg\" \/>\n<meta name=\"twitter:card\" content=\"summary_large_image\" \/>\n<meta name=\"twitter:label1\" content=\"Tahmini okuma s\u00fcresi\" \/>\n\t<meta name=\"twitter:data1\" content=\"2 dakika\" \/>\n<script type=\"application\/ld+json\" class=\"yoast-schema-graph\">{\"@context\":\"https:\/\/schema.org\",\"@graph\":[{\"@type\":\"WebPage\",\"@id\":\"https:\/\/www.distribucionarc.com\/bg\/producto\/gofrera-burbujas-waffle-bubble\/\",\"url\":\"https:\/\/www.distribucionarc.com\/bg\/producto\/gofrera-burbujas-waffle-bubble\/\",\"name\":\"Gofrera burbujas Waffle bubble - distribuci\u00f3n ARC\",\"isPartOf\":{\"@id\":\"https:\/\/distribucionarc.com\/pl\/#website\"},\"primaryImageOfPage\":{\"@id\":\"https:\/\/www.distribucionarc.com\/bg\/producto\/gofrera-burbujas-waffle-bubble\/#primaryimage\"},\"image\":{\"@id\":\"https:\/\/www.distribucionarc.com\/bg\/producto\/gofrera-burbujas-waffle-bubble\/#primaryimage\"},\"thumbnailUrl\":\"https:\/\/distribucionarc.com\/wp-content\/uploads\/2020\/10\/Gofrera-burbujas-Waffle-bubble-0.jpg\",\"datePublished\":\"2020-10-28T16:17:57+00:00\",\"dateModified\":\"2021-01-26T09:21:13+00:00\",\"breadcrumb\":{\"@id\":\"https:\/\/www.distribucionarc.com\/bg\/producto\/gofrera-burbujas-waffle-bubble\/#breadcrumb\"},\"inLanguage\":\"tr\",\"potentialAction\":[{\"@type\":\"ReadAction\",\"target\":[\"https:\/\/www.distribucionarc.com\/bg\/producto\/gofrera-burbujas-waffle-bubble\/\"]}]},{\"@type\":\"ImageObject\",\"inLanguage\":\"tr\",\"@id\":\"https:\/\/www.distribucionarc.com\/bg\/producto\/gofrera-burbujas-waffle-bubble\/#primaryimage\",\"url\":\"https:\/\/distribucionarc.com\/wp-content\/uploads\/2020\/10\/Gofrera-burbujas-Waffle-bubble-0.jpg\",\"contentUrl\":\"https:\/\/distribucionarc.com\/wp-content\/uploads\/2020\/10\/Gofrera-burbujas-Waffle-bubble-0.jpg\",\"width\":1600,\"height\":1600,\"caption\":\"Gofrera burbujas Waffle bubble\"},{\"@type\":\"BreadcrumbList\",\"@id\":\"https:\/\/www.distribucionarc.com\/bg\/producto\/gofrera-burbujas-waffle-bubble\/#breadcrumb\",\"itemListElement\":[{\"@type\":\"ListItem\",\"position\":1,\"name\":\"Portada\",\"item\":\"https:\/\/www.distribucionarc.com\/tr\/\"},{\"@type\":\"ListItem\",\"position\":2,\"name\":\"Izdelki\",\"item\":\"https:\/\/www.distribucionarc.com\/sl\/trgovina\/\"},{\"@type\":\"ListItem\",\"position\":3,\"name\":\"Gofrera burbujas Waffle bubble\"}]},{\"@type\":\"WebSite\",\"@id\":\"https:\/\/distribucionarc.com\/pl\/#website\",\"url\":\"https:\/\/distribucionarc.com\/pl\/\",\"name\":\"distribuci\u00f3n ARC\",\"description\":\"Empresa especializada en la fabricaci\u00f3n y distribuci\u00f3n de maquinaria industrial, selladoras de latas, Maquinas de hacer pastillas, Maquinas de cortar carne...\",\"publisher\":{\"@id\":\"https:\/\/distribucionarc.com\/pl\/#organization\"},\"potentialAction\":[{\"@type\":\"SearchAction\",\"target\":{\"@type\":\"EntryPoint\",\"urlTemplate\":\"https:\/\/distribucionarc.com\/pl\/?s={search_term_string}\"},\"query-input\":{\"@type\":\"PropertyValueSpecification\",\"valueRequired\":true,\"valueName\":\"search_term_string\"}}],\"inLanguage\":\"tr\"},{\"@type\":\"Organization\",\"@id\":\"https:\/\/distribucionarc.com\/pl\/#organization\",\"name\":\"Distribuci\u00f3n ARC\",\"url\":\"https:\/\/distribucionarc.com\/pl\/\",\"logo\":{\"@type\":\"ImageObject\",\"inLanguage\":\"tr\",\"@id\":\"https:\/\/distribucionarc.com\/pl\/#\/schema\/logo\/image\/\",\"url\":\"https:\/\/distribucionarc.com\/wp-content\/uploads\/2024\/10\/distribucion-ARC-COLOR-SIN-FONDO-e1732295305345.png\",\"contentUrl\":\"https:\/\/distribucionarc.com\/wp-content\/uploads\/2024\/10\/distribucion-ARC-COLOR-SIN-FONDO-e1732295305345.png\",\"width\":1164,\"height\":558,\"caption\":\"Distribuci\u00f3n ARC\"},\"image\":{\"@id\":\"https:\/\/distribucionarc.com\/pl\/#\/schema\/logo\/image\/\"},\"description\":\"Empresa especializada en la fabricaci\u00f3n y distribuci\u00f3n de maquinaria industrial para los sectores alimentario y farmac\u00e9utico. Nos especializamos en: M\u00e1quinas de cortar carne Fabricaci\u00f3n de comprimidos Sistemas de transporte industrial L\u00edneas de embotellado Dosificadores Y mucho m\u00e1s... Ofrecemos soluciones innovadoras y personalizadas para optimizar los procesos productivos de tu empresa.\",\"email\":\"Admistracion@distribucionarc.com\",\"telephone\":\"+34 643496664\",\"legalName\":\"ARC TECH SOLUTIONS\",\"foundingDate\":\"2024-04-09\",\"vatID\":\"B55480172\",\"numberOfEmployees\":{\"@type\":\"QuantitativeValue\",\"minValue\":\"1\",\"maxValue\":\"10\"}}]}<\/script>\n<!-- \/ Yoast SEO Premium plugin. -->","yoast_head_json":{"title":"Kabarc\u0131kl\u0131 waffle makinesi Waffle balonu - ARC da\u011f\u0131t\u0131m\u0131","robots":{"index":"index","follow":"follow","max-snippet":"max-snippet:-1","max-image-preview":"max-image-preview:large","max-video-preview":"max-video-preview:-1"},"canonical":"https:\/\/www.distribucionarc.com\/bg\/producto\/gofrera-burbujas-waffle-bubble\/","og_locale":"tr_TR","og_type":"article","og_title":"Gofrera burbujas Waffle bubble","og_description":"Gofrera burbujas Waffle bubble Nuestra\u00a0Gofrera Bubble\u00a0de\u00a0\u00a0ARC\u00a0es la mejor opci\u00f3n para hacer\u00a0gofres,\u00a0waffles, barquillos, conos de helado\u00a0 porque es multifuncional. Es ideal para profesionales y peque\u00f1os comercios .  La\u00a0Maquina de waffles el\u00e9ctrica\u00a0de\u00a0ARC\u00a0est\u00e1 hecha de acero inoxidable, que es resistente a los ara\u00f1azos y duradero. La placa de hierro fundido le proporciona una tecnolog\u00eda especial antiadherente.\u00a0La m\u00e1quina de gofres ARCMGEB75\u00a0es f\u00e1cil de usar. La\u00a0m\u00e1quina para hacer Waffles Esponjosos se calienta r\u00e1pidamente gracias a su potencia de 1250 vatios que la vuelven a su vez m\u00e1s eficiente por su consumo el\u00e9ctrico. Tiene una bandeja de goteo debajo de la placa para facilitar la limpieza. Garant\u00eda\u00a0ARC 2 A\u00d1OS Gofrera profesional , bajo consumo 1250w soporte t\u00e9cnico incluido. &nbsp;  &nbsp;","og_url":"https:\/\/www.distribucionarc.com\/bg\/producto\/gofrera-burbujas-waffle-bubble\/","og_site_name":"distribuci\u00f3n ARC","article_modified_time":"2021-01-26T09:21:13+00:00","og_image":[{"width":1600,"height":1600,"url":"https:\/\/www.distribucionarc.com\/wp-content\/uploads\/2020\/10\/Gofrera-burbujas-Waffle-bubble-0.jpg","type":"image\/jpeg"}],"twitter_card":"summary_large_image","twitter_misc":{"Tahmini okuma s\u00fcresi":"2 dakika"},"schema":{"@context":"https:\/\/schema.org","@graph":[{"@type":"WebPage","@id":"https:\/\/www.distribucionarc.com\/bg\/producto\/gofrera-burbujas-waffle-bubble\/","url":"https:\/\/www.distribucionarc.com\/bg\/producto\/gofrera-burbujas-waffle-bubble\/","name":"Kabarc\u0131kl\u0131 waffle makinesi Waffle balonu - ARC da\u011f\u0131t\u0131m\u0131","isPartOf":{"@id":"https:\/\/distribucionarc.com\/pl\/#website"},"primaryImageOfPage":{"@id":"https:\/\/www.distribucionarc.com\/bg\/producto\/gofrera-burbujas-waffle-bubble\/#primaryimage"},"image":{"@id":"https:\/\/www.distribucionarc.com\/bg\/producto\/gofrera-burbujas-waffle-bubble\/#primaryimage"},"thumbnailUrl":"https:\/\/distribucionarc.com\/wp-content\/uploads\/2020\/10\/Gofrera-burbujas-Waffle-bubble-0.jpg","datePublished":"2020-10-28T16:17:57+00:00","dateModified":"2021-01-26T09:21:13+00:00","breadcrumb":{"@id":"https:\/\/www.distribucionarc.com\/bg\/producto\/gofrera-burbujas-waffle-bubble\/#breadcrumb"},"inLanguage":"tr","potentialAction":[{"@type":"ReadAction","target":["https:\/\/www.distribucionarc.com\/bg\/producto\/gofrera-burbujas-waffle-bubble\/"]}]},{"@type":"ImageObject","inLanguage":"tr","@id":"https:\/\/www.distribucionarc.com\/bg\/producto\/gofrera-burbujas-waffle-bubble\/#primaryimage","url":"https:\/\/distribucionarc.com\/wp-content\/uploads\/2020\/10\/Gofrera-burbujas-Waffle-bubble-0.jpg","contentUrl":"https:\/\/distribucionarc.com\/wp-content\/uploads\/2020\/10\/Gofrera-burbujas-Waffle-bubble-0.jpg","width":1600,"height":1600,"caption":"Gofrera burbujas Waffle bubble"},{"@type":"BreadcrumbList","@id":"https:\/\/www.distribucionarc.com\/bg\/producto\/gofrera-burbujas-waffle-bubble\/#breadcrumb","itemListElement":[{"@type":"ListItem","position":1,"name":"Portada","item":"https:\/\/www.distribucionarc.com\/tr\/"},{"@type":"ListItem","position":2,"name":"Izdelki","item":"https:\/\/www.distribucionarc.com\/sl\/trgovina\/"},{"@type":"ListItem","position":3,"name":"Gofrera burbujas Waffle bubble"}]},{"@type":"WebSite","@id":"https:\/\/distribucionarc.com\/pl\/#website","url":"https:\/\/distribucionarc.com\/pl\/","name":"ARC da\u011f\u0131t\u0131m\u0131","description":"End\u00fcstriyel makinelerin \u00fcretimi ve da\u011f\u0131t\u0131m\u0131 konusunda uzmanla\u015fm\u0131\u015f \u015firket, kutu m\u00fch\u00fcrleme makineleri, tablet yapma makineleri, et kesme makineleri...","publisher":{"@id":"https:\/\/distribucionarc.com\/pl\/#organization"},"potentialAction":[{"@type":"SearchAction","target":{"@type":"EntryPoint","urlTemplate":"https:\/\/distribucionarc.com\/pl\/?s={search_term_string}"},"query-input":{"@type":"PropertyValueSpecification","valueRequired":true,"valueName":"search_term_string"}}],"inLanguage":"tr"},{"@type":"Organization","@id":"https:\/\/distribucionarc.com\/pl\/#organization","name":"ARC Da\u011f\u0131t\u0131m\u0131","url":"https:\/\/distribucionarc.com\/pl\/","logo":{"@type":"ImageObject","inLanguage":"tr","@id":"https:\/\/distribucionarc.com\/pl\/#\/schema\/logo\/image\/","url":"https:\/\/distribucionarc.com\/wp-content\/uploads\/2024\/10\/distribucion-ARC-COLOR-SIN-FONDO-e1732295305345.png","contentUrl":"https:\/\/distribucionarc.com\/wp-content\/uploads\/2024\/10\/distribucion-ARC-COLOR-SIN-FONDO-e1732295305345.png","width":1164,"height":558,"caption":"Distribuci\u00f3n ARC"},"image":{"@id":"https:\/\/distribucionarc.com\/pl\/#\/schema\/logo\/image\/"},"description":"\u015eirket, g\u0131da ve ila\u00e7 sekt\u00f6rleri i\u00e7in end\u00fcstriyel makine \u00fcretimi ve da\u011f\u0131t\u0131m\u0131 konusunda uzmanla\u015fm\u0131\u015ft\u0131r. Uzmanl\u0131k alanlar\u0131m\u0131z Et kesme makineleri Tablet \u00fcretimi End\u00fcstriyel ta\u015f\u0131ma sistemleri \u015ei\u015feleme hatlar\u0131 Dozajlama makineleri Ve \u00e7ok daha fazlas\u0131... \u015eirketinizin \u00fcretim s\u00fcre\u00e7lerini optimize etmek i\u00e7in yenilik\u00e7i ve \u00f6zelle\u015ftirilmi\u015f \u00e7\u00f6z\u00fcmler sunuyoruz.","email":"Admistracion@distribucionarc.com","telephone":"+34 643496664","legalName":"ARC TECH SOLUTIONS","foundingDate":"2024-04-09","vatID":"B55480172","numberOfEmployees":{"@type":"QuantitativeValue","minValue":"1","maxValue":"10"}}]}},"_links":{"self":[{"href":"https:\/\/distribucionarc.com\/tr\/wp-json\/wp\/v2\/product\/4057","targetHints":{"allow":["GET"]}}],"collection":[{"href":"https:\/\/distribucionarc.com\/tr\/wp-json\/wp\/v2\/product"}],"about":[{"href":"https:\/\/distribucionarc.com\/tr\/wp-json\/wp\/v2\/types\/product"}],"replies":[{"embeddable":true,"href":"https:\/\/distribucionarc.com\/tr\/wp-json\/wp\/v2\/comments?post=4057"}],"version-history":[{"count":0,"href":"https:\/\/distribucionarc.com\/tr\/wp-json\/wp\/v2\/product\/4057\/revisions"}],"wp:featuredmedia":[{"embeddable":true,"href":"https:\/\/distribucionarc.com\/tr\/wp-json\/wp\/v2\/media\/4064"}],"wp:attachment":[{"href":"https:\/\/distribucionarc.com\/tr\/wp-json\/wp\/v2\/media?parent=4057"}],"wp:term":[{"taxonomy":"product_brand","embeddable":true,"href":"https:\/\/distribucionarc.com\/tr\/wp-json\/wp\/v2\/product_brand?post=4057"},{"taxonomy":"product_cat","embeddable":true,"href":"https:\/\/distribucionarc.com\/tr\/wp-json\/wp\/v2\/product_cat?post=4057"},{"taxonomy":"product_tag","embeddable":true,"href":"https:\/\/distribucionarc.com\/tr\/wp-json\/wp\/v2\/product_tag?post=4057"}],"curies":[{"name":"wp","href":"https:\/\/api.w.org\/{rel}","templated":true}]}}