{"id":4260,"date":"2021-01-27T09:18:15","date_gmt":"2021-01-27T09:18:15","guid":{"rendered":"https:\/\/distribucionarc.com\/?post_type=product&#038;p=4260"},"modified":"2023-02-24T11:02:56","modified_gmt":"2023-02-24T11:02:56","slug":"poset-icin-otomatik-kapatmali-doldurucu-dagitici","status":"publish","type":"product","link":"https:\/\/distribucionarc.com\/tr\/producto\/llenadora-dosificador-con-sellado-automatico-para-sobres\/","title":{"rendered":"Doldurucu, zarflar i\u00e7in otomatik kapatmal\u0131 da\u011f\u0131t\u0131c\u0131"},"content":{"rendered":"<h3>Doldurucu, zarflar i\u00e7in otomatik kapatmal\u0131 da\u011f\u0131t\u0131c\u0131<\/h3>\n<p>La <strong>s\u0131v\u0131lar i\u00e7in contal\u0131 otomatik doldurucu <span style=\"color: #ff0000;\">\u0130LE<\/span><span style=\"color: #0000ff;\">R<\/span>C<\/strong> 3&#039;ten 100 g&#039;a kadar po\u015fetlerin dozajlanmas\u0131, kapat\u0131lmas\u0131 ve kesilmesinden olu\u015fan zincirleme i\u015flemi ger\u00e7ekle\u015ftirmek i\u00e7in gerekli her \u015feyi i\u00e7erir. Bu <strong>po\u015fet paketleme makinesi<\/strong> \u015funlar\u0131 i\u00e7erir: \u00fcr\u00fcn\u00fcn\u00fcz\u00fcn hijyenini ve kalitesini sa\u011flamak i\u00e7in kendinden emi\u015fli \u00f6zel bir pompa. \u00dcr\u00fcnde hava kabarc\u0131klar\u0131n\u0131n olu\u015fmamas\u0131 i\u00e7in \u00e7alkalama, otomatik doldurma, kapatma ve kesme i\u015flemleri zahmetsizce \u00e7al\u0131\u015fman\u0131za olanak sa\u011flar.<\/p>\n<p>Bu<strong> s\u0131zd\u0131rmazl\u0131k da\u011f\u0131t\u0131c\u0131 <span style=\"color: #ff0000;\">\u0130LE<\/span><span style=\"color: #0000ff;\">R<\/span>CDS3-100<\/strong> Dayan\u0131kl\u0131 paslanmaz \u00e7elik malzemeden yap\u0131lm\u0131\u015ft\u0131r. \u00dcr\u00fcnle temas eden t\u00fcm malzemeler antikorozif ve oksidasyona kar\u015f\u0131 diren\u00e7li olmas\u0131n\u0131n yan\u0131 s\u0131ra ila\u00e7, g\u0131da, kimya vb. sekt\u00f6rlerdeki ambalajlama i\u00e7in d\u00fczenleyici niteliktedir. Buradaki malzemeler sayesinde <strong>milimetre zarf balya makinesi<\/strong> Farkl\u0131 \u00fcr\u00fcnlerin dozajlanmas\u0131 i\u00e7in temizlemeyi ve bak\u0131m\u0131 son derece kolayla\u015ft\u0131r\u0131rlar.<\/p>\n<p>Ba\u015fkalar\u0131yla kar\u015f\u0131la\u015ft\u0131r\u0131ld\u0131\u011f\u0131nda bizim <strong>s\u0131zd\u0131rmazl\u0131k dolgusu <span style=\"color: #ff0000;\">\u0130LE<\/span><span style=\"color: #0000ff;\">R<\/span>CDS3-100<\/strong> 20-40 torba\/dakika gibi daha y\u00fcksek bir h\u0131zda kapatman\u0131n yan\u0131 s\u0131ra, 3-100g dolum aral\u0131klar\u0131yla farkl\u0131 tipte kapaklara sahip daha fazla torbay\u0131 kapatabilen elektrikli k\u0131v\u0131rma \u00f6zelli\u011fine sahiptir. Geli\u015fmi\u015f ithal mikrobilgisayar kontrol teknolojisi buna uygulan\u0131r <strong>s\u0131zd\u0131rmazl\u0131k paketleme makinesi<\/strong> do\u011fru ve otomatik olarak ay\u0131rmak ve paketlemek i\u00e7in. H\u0131z\u0131, dolum aral\u0131\u011f\u0131n\u0131 ve kapatma tipini de\u011fi\u015ftirmek i\u00e7in t\u00fcm bu s\u00fcreci termal olarak kapal\u0131 da\u011f\u0131t\u0131c\u0131n\u0131n kontrol paneli arac\u0131l\u0131\u011f\u0131yla kontrol edebilirsiniz.<\/p>\n<ul>\n<li>Zarf aral\u0131\u011f\u0131: 1-200g<\/li>\n<li>Paketleme h\u0131z\u0131: 20-40 torba\/dak<\/li>\n<li>Filmin Geni\u015fli\u011fi: 12,5cm<\/li>\n<li>\u00c7anta uzunlu\u011fu: 0-15 cm (ayarlanabilir)<\/li>\n<\/ul>\n<h6><strong>Garanti\u00a0<span style=\"color: #ff0000;\">\u0130LE<\/span><span style=\"color: #0000ff;\">R<\/span>\u00c7 2 YIL<\/strong><\/h6>\n<h6><span style=\"color: #008000;\">Verimli do\u011frusal zarf doldurucu, d\u00fc\u015f\u00fck t\u00fcketim 300W<\/span><\/h6>\n<h6><strong>teknik destek dahil<\/strong><\/h6>\n<p>&nbsp;<\/p>\n<table role=\"presentation\" width=\"100%\" cellspacing=\"0\" cellpadding=\"0\">\n<tbody>\n<tr>\n<td class=\"attrLabels\">Marka:<\/td>\n<td width=\"50.0%\">ARK<\/td>\n<\/tr>\n<tr>\n<td class=\"attrLabels\">Garanti:<\/td>\n<td width=\"50.0%\">2 Y\u0131l<\/td>\n<td class=\"attrLabels\">A\u011f\u0131rl\u0131k:<\/td>\n<td width=\"50.0%\">36 kg<\/td>\n<\/tr>\n<tr>\n<td class=\"attrLabels\">Da\u011f\u0131t\u0131m \u00fclkesi:<\/td>\n<td width=\"50.0%\">\u0130spanya, Almanya, ABD<\/td>\n<td class=\"attrLabels\">Y\u00fckseklik:<\/td>\n<td width=\"50.0%\">95cm<\/td>\n<\/tr>\n<tr>\n<td class=\"attrLabels\">Renk:<\/td>\n<td width=\"50.0%\">G\u00fcm\u00fc\u015f<\/td>\n<td class=\"attrLabels\">Uzun:<\/td>\n<td width=\"50.0%\">53cm<\/td>\n<\/tr>\n<tr>\n<td class=\"attrLabels\">\u00dcr\u00fcn tipi:<\/td>\n<td width=\"50.0%\">Is\u0131 yal\u0131t\u0131ml\u0131 da\u011f\u0131t\u0131c\u0131<\/td>\n<td class=\"attrLabels\">Geni\u015f:<\/td>\n<td width=\"50.0%\">42cm<\/td>\n<\/tr>\n<tr>\n<td class=\"attrLabels\">\u00dcretici numaras\u0131:<\/td>\n<td width=\"50.0%\">ARCDS3-100<\/td>\n<td class=\"attrLabels\">Doldurma aral\u0131\u011f\u0131:<\/td>\n<td width=\"50.0%\">1 \u2013 200 gr<\/td>\n<\/tr>\n<tr>\n<td class=\"attrLabels\">Malzeme:<\/td>\n<td width=\"50.0%\">304 g\u0131da paslanmaz \u00e7elik<\/td>\n<td class=\"attrLabels\">Doldurma h\u0131z\u0131:<\/td>\n<td width=\"50.0%\">20 \u2013 40 torba\/dak<\/td>\n<\/tr>\n<tr>\n<td class=\"attrLabels\">Operasyon:<\/td>\n<td width=\"50.0%\">Enerjik<\/td>\n<td class=\"attrLabels\">\u00c7anta uzunlu\u011fu:<\/td>\n<td width=\"50.0%\">0-15cm ayarlanabilir<\/td>\n<\/tr>\n<tr>\n<td class=\"attrLabels\">Elektrik t\u00fcketimi:<\/td>\n<td width=\"50.0%\">300W<\/td>\n<td class=\"attrLabels\">Gerilim:<\/td>\n<td width=\"50.0%\">220V 50Hz<\/td>\n<\/tr>\n<\/tbody>\n<\/table>","protected":false},"excerpt":{"rendered":"<h2>Doldurucu, zarflar i\u00e7in otomatik kapatmal\u0131 da\u011f\u0131t\u0131c\u0131<\/h2>\n<p>Bu <strong>Zarf da\u011f\u0131t\u0131c\u0131s\u0131 <span style=\"color: #ff0000;\">\u0130LE<\/span><span style=\"color: #0000ff;\">R<\/span>C<\/strong> Ya\u011f, ket\u00e7ap, re\u00e7el, bal, salata sosu, sirke, s\u00fctl\u00fc i\u00e7ecek, yo\u011funla\u015ft\u0131r\u0131lm\u0131\u015f s\u00fct, bal gibi s\u0131v\u0131 veya soslar\u0131n milimetrelik ambalajlanmas\u0131 i\u00e7in uygundur.<\/p>\n<p>Bu<strong> krem dolgu<\/strong> Zincir prosesini ve prosesi korumak i\u00e7in hassas bir kesim yapman\u0131n yan\u0131 s\u0131ra, hassas ve y\u00fcksek h\u0131zl\u0131 bir dolum prosesi sa\u011flayan mikrobilgisayarl\u0131 otomatik kontrol sistemini benimsedi\u011finden, \u00fcretiminizi ve konforunuzu artt\u0131rmak i\u00e7in lineer prosesi kolayla\u015ft\u0131r\u0131r. <strong>Dakikada 40 torba<\/strong>. Bu <strong>otomatik s\u0131zd\u0131rmazl\u0131k paketleme makinesi <span style=\"color: #ff0000;\">\u0130LE<\/span><span style=\"color: #0000ff;\">R<\/span>C<\/strong> Farkl\u0131 soslar\u0131n, kremlerin, re\u00e7ellerin, tereya\u011f\u0131n\u0131n, s\u0131v\u0131 ya\u011flar\u0131n, makarnalar\u0131n vb. doldurulmas\u0131n\u0131 ve kapat\u0131lmas\u0131n\u0131 kolayla\u015ft\u0131rmak i\u00e7in farkl\u0131 yo\u011funluklara ve \u00fcr\u00fcnlere uyum sa\u011flayabilir.<\/p>\n<h6><strong>Garanti\u00a0<span style=\"color: #ff0000;\">\u0130LE<\/span><span style=\"color: #0000ff;\">R<\/span>\u00c7 2 YIL<\/strong><\/h6>\n<h6><span style=\"color: #008000;\">Verimli do\u011frusal zarf doldurucu, d\u00fc\u015f\u00fck t\u00fcketim 300W<\/span><\/h6>\n<h6><strong>teknik destek dahil<\/strong><\/h6>\n<p>&nbsp;<\/p>","protected":false},"featured_media":4262,"comment_status":"open","ping_status":"closed","template":"","meta":{"wds_primary_product_brand":0,"wds_primary_product_cat":0},"product_brand":[],"product_cat":[18,19,20,15,27],"product_tag":[],"class_list":{"0":"post-4260","1":"product","2":"type-product","3":"status-publish","4":"has-post-thumbnail","6":"product_cat-dosificadoras","7":"product_cat-dosificadoras-de-liquidos","8":"product_cat-dosificadoras-de-pastosos","9":"product_cat-llenadoras-y-selladoras-automaticas-flow-pack-sachet","10":"product_cat-selladoras-de-bolsas","11":"product_shipping_class-express","13":"first","14":"instock","15":"sale","16":"taxable","17":"shipping-taxable","18":"purchasable","19":"product-type-simple"},"yoast_head":"<!-- This site is optimized with the Yoast SEO Premium plugin v24.9 (Yoast SEO v26.1) - https:\/\/yoast.com\/wordpress\/plugins\/seo\/ -->\n<title>Llenadora, dosificador con sellado autom\u00e1tico para sobres - distribuci\u00f3n ARC<\/title>\n<meta name=\"robots\" content=\"index, follow, max-snippet:-1, max-image-preview:large, max-video-preview:-1\" \/>\n<link rel=\"canonical\" href=\"https:\/\/www.distribucionarc.com\/nb\/producto\/llenadora-dosificador-con-sellado-automatico-para-sobres\/\" \/>\n<meta property=\"og:locale\" content=\"tr_TR\" \/>\n<meta property=\"og:type\" content=\"article\" \/>\n<meta property=\"og:title\" content=\"Llenadora, dosificador con sellado autom\u00e1tico para sobres\" \/>\n<meta property=\"og:description\" content=\"Llenadora, dosificador con sellado autom\u00e1tico para sobres Esta Dosificadora de sobres ARC es adecuada para el envasado milim\u00e9trico de l\u00edquidos o salsas como aceite, k\u00e9tchup, mermelada, miel, aderezo para ensaladas, vinagre, bebida l\u00e1ctea, leche condensada, miel.  Esta llenadora de cremas le facilita el proceso lineal para aumentar su producci\u00f3n y comodidad ya que adopta un sistema de control autom\u00e1tico con microordenadores que le aseguran un proceso de llenado preciso y de alta velocidad, adem\u00e1s, de realizar un corte preciso para conservar el proceso en cadena y procesar hasta 40 bolsas por minuto. Esta envasadora con sellado autom\u00e1tico ARC puede adaptarse a diferentes densidades y productos para facilitar el llenado y sellado de diferentes salsas, cremas, mermeladas, mantequillas, aceites, pastas, etc. Garant\u00eda\u00a0ARC 2 A\u00d1OS Llenadora lineal para sobres eficiente, bajo consumo\u00a0 300W soporte t\u00e9cnico incluido &nbsp;\" \/>\n<meta property=\"og:url\" content=\"https:\/\/www.distribucionarc.com\/nb\/producto\/llenadora-dosificador-con-sellado-automatico-para-sobres\/\" \/>\n<meta property=\"og:site_name\" content=\"distribuci\u00f3n ARC\" \/>\n<meta property=\"article:modified_time\" content=\"2023-02-24T11:02:56+00:00\" \/>\n<meta property=\"og:image\" content=\"https:\/\/www.distribucionarc.com\/wp-content\/uploads\/2021\/01\/Llenadora-dosificador-con-sellado-automatico-para-sobres-0.jpg\" \/>\n\t<meta property=\"og:image:width\" content=\"1600\" \/>\n\t<meta property=\"og:image:height\" content=\"1600\" \/>\n\t<meta property=\"og:image:type\" content=\"image\/jpeg\" \/>\n<meta name=\"twitter:card\" content=\"summary_large_image\" \/>\n<meta name=\"twitter:label1\" content=\"Tahmini okuma s\u00fcresi\" \/>\n\t<meta name=\"twitter:data1\" content=\"2 dakika\" \/>\n<script type=\"application\/ld+json\" class=\"yoast-schema-graph\">{\"@context\":\"https:\/\/schema.org\",\"@graph\":[{\"@type\":\"WebPage\",\"@id\":\"https:\/\/www.distribucionarc.com\/nb\/producto\/llenadora-dosificador-con-sellado-automatico-para-sobres\/\",\"url\":\"https:\/\/www.distribucionarc.com\/nb\/producto\/llenadora-dosificador-con-sellado-automatico-para-sobres\/\",\"name\":\"Llenadora, dosificador con sellado autom\u00e1tico para sobres - distribuci\u00f3n ARC\",\"isPartOf\":{\"@id\":\"https:\/\/www.distribucionarc.com\/#website\"},\"primaryImageOfPage\":{\"@id\":\"https:\/\/www.distribucionarc.com\/nb\/producto\/llenadora-dosificador-con-sellado-automatico-para-sobres\/#primaryimage\"},\"image\":{\"@id\":\"https:\/\/www.distribucionarc.com\/nb\/producto\/llenadora-dosificador-con-sellado-automatico-para-sobres\/#primaryimage\"},\"thumbnailUrl\":\"https:\/\/distribucionarc.com\/wp-content\/uploads\/2021\/01\/Llenadora-dosificador-con-sellado-automatico-para-sobres-0.jpg\",\"datePublished\":\"2021-01-27T09:18:15+00:00\",\"dateModified\":\"2023-02-24T11:02:56+00:00\",\"breadcrumb\":{\"@id\":\"https:\/\/www.distribucionarc.com\/nb\/producto\/llenadora-dosificador-con-sellado-automatico-para-sobres\/#breadcrumb\"},\"inLanguage\":\"tr\",\"potentialAction\":[{\"@type\":\"ReadAction\",\"target\":[\"https:\/\/www.distribucionarc.com\/nb\/producto\/llenadora-dosificador-con-sellado-automatico-para-sobres\/\"]}]},{\"@type\":\"ImageObject\",\"inLanguage\":\"tr\",\"@id\":\"https:\/\/www.distribucionarc.com\/nb\/producto\/llenadora-dosificador-con-sellado-automatico-para-sobres\/#primaryimage\",\"url\":\"https:\/\/distribucionarc.com\/wp-content\/uploads\/2021\/01\/Llenadora-dosificador-con-sellado-automatico-para-sobres-0.jpg\",\"contentUrl\":\"https:\/\/distribucionarc.com\/wp-content\/uploads\/2021\/01\/Llenadora-dosificador-con-sellado-automatico-para-sobres-0.jpg\",\"width\":1600,\"height\":1600,\"caption\":\"automatic liquid sealing machine liquid quantitative dispenser automatic liquid quantitative packaging sealing machine 5ml liquid filling machine sauce packing machine liquid filling machine packing sealing machine liquid filling machine automatic\"},{\"@type\":\"BreadcrumbList\",\"@id\":\"https:\/\/www.distribucionarc.com\/nb\/producto\/llenadora-dosificador-con-sellado-automatico-para-sobres\/#breadcrumb\",\"itemListElement\":[{\"@type\":\"ListItem\",\"position\":1,\"name\":\"Portada\",\"item\":\"https:\/\/distribucionarc.com\/pl\/\"},{\"@type\":\"ListItem\",\"position\":2,\"name\":\"\u0627\u0644\u0645\u0646\u062a\u062c\u0627\u062a\",\"item\":\"https:\/\/www.distribucionarc.com\/ar\/%d9%85%d8%ad%d9%84\/\"},{\"@type\":\"ListItem\",\"position\":3,\"name\":\"Llenadora, dosificador con sellado autom\u00e1tico para sobres\"}]},{\"@type\":\"WebSite\",\"@id\":\"https:\/\/www.distribucionarc.com\/#website\",\"url\":\"https:\/\/www.distribucionarc.com\/\",\"name\":\"distribuci\u00f3n ARC\",\"description\":\"Empresa especializada en la fabricaci\u00f3n y distribuci\u00f3n de maquinaria industrial, selladoras de latas, Maquinas de hacer pastillas, Maquinas de cortar carne...\",\"publisher\":{\"@id\":\"https:\/\/www.distribucionarc.com\/#organization\"},\"potentialAction\":[{\"@type\":\"SearchAction\",\"target\":{\"@type\":\"EntryPoint\",\"urlTemplate\":\"https:\/\/www.distribucionarc.com\/?s={search_term_string}\"},\"query-input\":{\"@type\":\"PropertyValueSpecification\",\"valueRequired\":true,\"valueName\":\"search_term_string\"}}],\"inLanguage\":\"tr\"},{\"@type\":\"Organization\",\"@id\":\"https:\/\/www.distribucionarc.com\/#organization\",\"name\":\"Distribuci\u00f3n ARC\",\"url\":\"https:\/\/www.distribucionarc.com\/\",\"logo\":{\"@type\":\"ImageObject\",\"inLanguage\":\"tr\",\"@id\":\"https:\/\/www.distribucionarc.com\/#\/schema\/logo\/image\/\",\"url\":\"https:\/\/distribucionarc.com\/wp-content\/uploads\/2024\/10\/distribucion-ARC-COLOR-SIN-FONDO-e1732295305345.png\",\"contentUrl\":\"https:\/\/distribucionarc.com\/wp-content\/uploads\/2024\/10\/distribucion-ARC-COLOR-SIN-FONDO-e1732295305345.png\",\"width\":1164,\"height\":558,\"caption\":\"Distribuci\u00f3n ARC\"},\"image\":{\"@id\":\"https:\/\/www.distribucionarc.com\/#\/schema\/logo\/image\/\"},\"description\":\"Empresa especializada en la fabricaci\u00f3n y distribuci\u00f3n de maquinaria industrial para los sectores alimentario y farmac\u00e9utico. Nos especializamos en: M\u00e1quinas de cortar carne Fabricaci\u00f3n de comprimidos Sistemas de transporte industrial L\u00edneas de embotellado Dosificadores Y mucho m\u00e1s... Ofrecemos soluciones innovadoras y personalizadas para optimizar los procesos productivos de tu empresa.\",\"email\":\"Admistracion@distribucionarc.com\",\"telephone\":\"+34 643496664\",\"legalName\":\"ARC TECH SOLUTIONS\",\"foundingDate\":\"2024-04-09\",\"vatID\":\"B55480172\",\"numberOfEmployees\":{\"@type\":\"QuantitativeValue\",\"minValue\":\"1\",\"maxValue\":\"10\"}}]}<\/script>\n<!-- \/ Yoast SEO Premium plugin. -->","yoast_head_json":{"title":"Doldurucu, zarflar i\u00e7in otomatik kapatmal\u0131 da\u011f\u0131t\u0131c\u0131 - ARC da\u011f\u0131t\u0131m\u0131","robots":{"index":"index","follow":"follow","max-snippet":"max-snippet:-1","max-image-preview":"max-image-preview:large","max-video-preview":"max-video-preview:-1"},"canonical":"https:\/\/www.distribucionarc.com\/nb\/producto\/llenadora-dosificador-con-sellado-automatico-para-sobres\/","og_locale":"tr_TR","og_type":"article","og_title":"Llenadora, dosificador con sellado autom\u00e1tico para sobres","og_description":"Llenadora, dosificador con sellado autom\u00e1tico para sobres Esta Dosificadora de sobres ARC es adecuada para el envasado milim\u00e9trico de l\u00edquidos o salsas como aceite, k\u00e9tchup, mermelada, miel, aderezo para ensaladas, vinagre, bebida l\u00e1ctea, leche condensada, miel.  Esta llenadora de cremas le facilita el proceso lineal para aumentar su producci\u00f3n y comodidad ya que adopta un sistema de control autom\u00e1tico con microordenadores que le aseguran un proceso de llenado preciso y de alta velocidad, adem\u00e1s, de realizar un corte preciso para conservar el proceso en cadena y procesar hasta 40 bolsas por minuto. Esta envasadora con sellado autom\u00e1tico ARC puede adaptarse a diferentes densidades y productos para facilitar el llenado y sellado de diferentes salsas, cremas, mermeladas, mantequillas, aceites, pastas, etc. Garant\u00eda\u00a0ARC 2 A\u00d1OS Llenadora lineal para sobres eficiente, bajo consumo\u00a0 300W soporte t\u00e9cnico incluido &nbsp;","og_url":"https:\/\/www.distribucionarc.com\/nb\/producto\/llenadora-dosificador-con-sellado-automatico-para-sobres\/","og_site_name":"distribuci\u00f3n ARC","article_modified_time":"2023-02-24T11:02:56+00:00","og_image":[{"width":1600,"height":1600,"url":"https:\/\/www.distribucionarc.com\/wp-content\/uploads\/2021\/01\/Llenadora-dosificador-con-sellado-automatico-para-sobres-0.jpg","type":"image\/jpeg"}],"twitter_card":"summary_large_image","twitter_misc":{"Tahmini okuma s\u00fcresi":"2 dakika"},"schema":{"@context":"https:\/\/schema.org","@graph":[{"@type":"WebPage","@id":"https:\/\/www.distribucionarc.com\/nb\/producto\/llenadora-dosificador-con-sellado-automatico-para-sobres\/","url":"https:\/\/www.distribucionarc.com\/nb\/producto\/llenadora-dosificador-con-sellado-automatico-para-sobres\/","name":"Doldurucu, zarflar i\u00e7in otomatik kapatmal\u0131 da\u011f\u0131t\u0131c\u0131 - ARC da\u011f\u0131t\u0131m\u0131","isPartOf":{"@id":"https:\/\/www.distribucionarc.com\/#website"},"primaryImageOfPage":{"@id":"https:\/\/www.distribucionarc.com\/nb\/producto\/llenadora-dosificador-con-sellado-automatico-para-sobres\/#primaryimage"},"image":{"@id":"https:\/\/www.distribucionarc.com\/nb\/producto\/llenadora-dosificador-con-sellado-automatico-para-sobres\/#primaryimage"},"thumbnailUrl":"https:\/\/distribucionarc.com\/wp-content\/uploads\/2021\/01\/Llenadora-dosificador-con-sellado-automatico-para-sobres-0.jpg","datePublished":"2021-01-27T09:18:15+00:00","dateModified":"2023-02-24T11:02:56+00:00","breadcrumb":{"@id":"https:\/\/www.distribucionarc.com\/nb\/producto\/llenadora-dosificador-con-sellado-automatico-para-sobres\/#breadcrumb"},"inLanguage":"tr","potentialAction":[{"@type":"ReadAction","target":["https:\/\/www.distribucionarc.com\/nb\/producto\/llenadora-dosificador-con-sellado-automatico-para-sobres\/"]}]},{"@type":"ImageObject","inLanguage":"tr","@id":"https:\/\/www.distribucionarc.com\/nb\/producto\/llenadora-dosificador-con-sellado-automatico-para-sobres\/#primaryimage","url":"https:\/\/distribucionarc.com\/wp-content\/uploads\/2021\/01\/Llenadora-dosificador-con-sellado-automatico-para-sobres-0.jpg","contentUrl":"https:\/\/distribucionarc.com\/wp-content\/uploads\/2021\/01\/Llenadora-dosificador-con-sellado-automatico-para-sobres-0.jpg","width":1600,"height":1600,"caption":"automatic liquid sealing machine liquid quantitative dispenser automatic liquid quantitative packaging sealing machine 5ml liquid filling machine sauce packing machine liquid filling machine packing sealing machine liquid filling machine automatic"},{"@type":"BreadcrumbList","@id":"https:\/\/www.distribucionarc.com\/nb\/producto\/llenadora-dosificador-con-sellado-automatico-para-sobres\/#breadcrumb","itemListElement":[{"@type":"ListItem","position":1,"name":"Portada","item":"https:\/\/distribucionarc.com\/pl\/"},{"@type":"ListItem","position":2,"name":"\u0627\u0644\u0645\u0646\u062a\u062c\u0627\u062a","item":"https:\/\/www.distribucionarc.com\/ar\/%d9%85%d8%ad%d9%84\/"},{"@type":"ListItem","position":3,"name":"Llenadora, dosificador con sellado autom\u00e1tico para sobres"}]},{"@type":"WebSite","@id":"https:\/\/www.distribucionarc.com\/#website","url":"https:\/\/www.distribucionarc.com\/","name":"ARC da\u011f\u0131t\u0131m\u0131","description":"End\u00fcstriyel makinelerin \u00fcretimi ve da\u011f\u0131t\u0131m\u0131 konusunda uzmanla\u015fm\u0131\u015f \u015firket, kutu m\u00fch\u00fcrleme makineleri, tablet yapma makineleri, et kesme makineleri...","publisher":{"@id":"https:\/\/www.distribucionarc.com\/#organization"},"potentialAction":[{"@type":"SearchAction","target":{"@type":"EntryPoint","urlTemplate":"https:\/\/www.distribucionarc.com\/?s={search_term_string}"},"query-input":{"@type":"PropertyValueSpecification","valueRequired":true,"valueName":"search_term_string"}}],"inLanguage":"tr"},{"@type":"Organization","@id":"https:\/\/www.distribucionarc.com\/#organization","name":"ARC Da\u011f\u0131t\u0131m\u0131","url":"https:\/\/www.distribucionarc.com\/","logo":{"@type":"ImageObject","inLanguage":"tr","@id":"https:\/\/www.distribucionarc.com\/#\/schema\/logo\/image\/","url":"https:\/\/distribucionarc.com\/wp-content\/uploads\/2024\/10\/distribucion-ARC-COLOR-SIN-FONDO-e1732295305345.png","contentUrl":"https:\/\/distribucionarc.com\/wp-content\/uploads\/2024\/10\/distribucion-ARC-COLOR-SIN-FONDO-e1732295305345.png","width":1164,"height":558,"caption":"Distribuci\u00f3n ARC"},"image":{"@id":"https:\/\/www.distribucionarc.com\/#\/schema\/logo\/image\/"},"description":"\u015eirket, g\u0131da ve ila\u00e7 sekt\u00f6rleri i\u00e7in end\u00fcstriyel makine \u00fcretimi ve da\u011f\u0131t\u0131m\u0131 konusunda uzmanla\u015fm\u0131\u015ft\u0131r. Uzmanl\u0131k alanlar\u0131m\u0131z Et kesme makineleri Tablet \u00fcretimi End\u00fcstriyel ta\u015f\u0131ma sistemleri \u015ei\u015feleme hatlar\u0131 Dozajlama makineleri Ve \u00e7ok daha fazlas\u0131... \u015eirketinizin \u00fcretim s\u00fcre\u00e7lerini optimize etmek i\u00e7in yenilik\u00e7i ve \u00f6zelle\u015ftirilmi\u015f \u00e7\u00f6z\u00fcmler sunuyoruz.","email":"Admistracion@distribucionarc.com","telephone":"+34 643496664","legalName":"ARC TECH SOLUTIONS","foundingDate":"2024-04-09","vatID":"B55480172","numberOfEmployees":{"@type":"QuantitativeValue","minValue":"1","maxValue":"10"}}]}},"_links":{"self":[{"href":"https:\/\/distribucionarc.com\/tr\/wp-json\/wp\/v2\/product\/4260","targetHints":{"allow":["GET"]}}],"collection":[{"href":"https:\/\/distribucionarc.com\/tr\/wp-json\/wp\/v2\/product"}],"about":[{"href":"https:\/\/distribucionarc.com\/tr\/wp-json\/wp\/v2\/types\/product"}],"replies":[{"embeddable":true,"href":"https:\/\/distribucionarc.com\/tr\/wp-json\/wp\/v2\/comments?post=4260"}],"version-history":[{"count":0,"href":"https:\/\/distribucionarc.com\/tr\/wp-json\/wp\/v2\/product\/4260\/revisions"}],"wp:featuredmedia":[{"embeddable":true,"href":"https:\/\/distribucionarc.com\/tr\/wp-json\/wp\/v2\/media\/4262"}],"wp:attachment":[{"href":"https:\/\/distribucionarc.com\/tr\/wp-json\/wp\/v2\/media?parent=4260"}],"wp:term":[{"taxonomy":"product_brand","embeddable":true,"href":"https:\/\/distribucionarc.com\/tr\/wp-json\/wp\/v2\/product_brand?post=4260"},{"taxonomy":"product_cat","embeddable":true,"href":"https:\/\/distribucionarc.com\/tr\/wp-json\/wp\/v2\/product_cat?post=4260"},{"taxonomy":"product_tag","embeddable":true,"href":"https:\/\/distribucionarc.com\/tr\/wp-json\/wp\/v2\/product_tag?post=4260"}],"curies":[{"name":"wp","href":"https:\/\/api.w.org\/{rel}","templated":true}]}}