{"id":4274,"date":"2021-01-27T11:36:14","date_gmt":"2021-01-27T11:36:14","guid":{"rendered":"https:\/\/distribucionarc.com\/?post_type=product&#038;p=4274"},"modified":"2021-01-27T11:36:14","modified_gmt":"2021-01-27T11:36:14","slug":"otomatik-sarimsak-soyucu","status":"publish","type":"product","link":"https:\/\/distribucionarc.com\/tr\/producto\/peladora-de-ajos-automatica\/","title":{"rendered":"Otomatik sar\u0131msak soyucu"},"content":{"rendered":"<h3>Otomatik sar\u0131msak soyucu<\/h3>\n<p>La<strong> elektrikli soyma makinesi <span style=\"color: #ff0000;\">\u0130LE<\/span><span style=\"color: #0000ff;\">R<\/span>C<\/strong> Y\u00fcksek kaliteli kal\u0131n paslanmaz \u00e7elikten yap\u0131lm\u0131\u015ft\u0131r; g\u0131da end\u00fcstrisinde kullan\u0131m\u0131n\u0131n sa\u011flanmas\u0131n\u0131n yan\u0131 s\u0131ra. Ayr\u0131ca uzun \u00f6m\u00fcrl\u00fc kullan\u0131m sa\u011flamak i\u00e7in dayan\u0131kl\u0131 ve korozyona dayan\u0131kl\u0131d\u0131r.<\/p>\n<p>Bu <strong>sar\u0131msak soyucu <span style=\"color: #ff0000;\">\u0130LE<\/span><span style=\"color: #0000ff;\">R<\/span>CPA25<\/strong> 175 W g\u00fcc\u00fcnde birinci s\u0131n\u0131f bir motora sahiptir, y\u00fcksek rotasyonla soyma h\u0131z\u0131, saatte her 30 dakikada bir 35 kg sar\u0131msak soymay\u0131 ba\u015far\u0131r. Soyulma oran\u0131 95% civar\u0131nda olabilir, sar\u0131msa\u011f\u0131n kabu\u011fu daha kuru oldu\u011funda daha iyi olur.<strong> otomatik sar\u0131msak temizleyici<span style=\"color: #ff0000;\"> \u0130LE<\/span><span style=\"color: #0000ff;\">R<\/span>CPA25<\/strong> daha h\u0131zl\u0131 ve daha verimli peeling ger\u00e7ekle\u015ftirin.<\/p>\n<p>A\u00e7 <strong>soyulmu\u015f sar\u0131msak makinesi<\/strong> ve sar\u0131msak di\u015flerini yerle\u015ftirin. Sar\u0131msak kabu\u011fu ve meyvesi otomatik olarak ayr\u0131l\u0131r. Bununla peeling<strong> sar\u0131msak soyucu<\/strong> \u00c7ok h\u0131zl\u0131. \u00d6zel silikondan yap\u0131lm\u0131\u015f ha\u00e7 \u015feklinde ay\u0131r\u0131c\u0131 ile donat\u0131lm\u0131\u015f olup; Bu, soyulma verimlili\u011fini art\u0131r\u0131r ve sar\u0131msa\u011f\u0131n hasar g\u00f6rmesini, do\u011franmas\u0131n\u0131 veya kesilmesini azalt\u0131r. <strong>otomatik soyucu<\/strong> Monoton sar\u0131msak soyma ay\u0131r\u0131c\u0131s\u0131n\u0131 geli\u015ftirir.<\/p>\n<p>La <strong>sar\u0131msak temizleme makinesi<\/strong> Gerekti\u011finde ta\u015f\u0131nmas\u0131n\u0131 kolayla\u015ft\u0131rmak i\u00e7in iki yan kulp ile hareket ettirmek kolayd\u0131r. Kal\u0131nla\u015ft\u0131r\u0131lm\u0131\u015f bir doldurma a\u011fz\u0131na ve paslanmaz \u00e7elik tapaya sahip olan bu \u00fcr\u00fcn, farkl\u0131 boyutlardaki sar\u0131msaklar\u0131 soymak i\u00e7in kullan\u0131labilir.  Bu <strong>sar\u0131msak soyma cihaz\u0131<\/strong> Restoranlar, \u0131zgaralar, sos \u00fcreticileri, oteller, g\u0131da end\u00fcstrisi vb. i\u00e7in m\u00fckemmeldir.<\/p>\n<p>&nbsp;<\/p>\n<h6><strong>Garanti\u00a0<span style=\"color: #ff0000;\">\u0130LE<\/span><span style=\"color: #0000ff;\">R<\/span>\u00c7 2 YIL<\/strong><\/h6>\n<h6><span style=\"color: #008000;\">Verimli sar\u0131msak soyucu, d\u00fc\u015f\u00fck t\u00fcketim 175W<\/span><\/h6>\n<h6><strong>teknik destek dahil<\/strong><\/h6>\n<p>&nbsp;<\/p>\n<table role=\"presentation\" width=\"100%\" cellspacing=\"0\" cellpadding=\"0\">\n<tbody>\n<tr>\n<td class=\"attrLabels\">Marka:<\/td>\n<td width=\"50.0%\">ARK<\/td>\n<\/tr>\n<tr>\n<td class=\"attrLabels\">Garanti:<\/td>\n<td width=\"50.0%\">2 Y\u0131l<\/td>\n<td class=\"attrLabels\">A\u011f\u0131rl\u0131k:<\/td>\n<td width=\"50.0%\">9 kg<\/td>\n<\/tr>\n<tr>\n<td class=\"attrLabels\">Da\u011f\u0131t\u0131m \u00fclkesi:<\/td>\n<td width=\"50.0%\">\u0130spanya, Almanya, ABD<\/td>\n<td class=\"attrLabels\">Y\u00fckseklik:<\/td>\n<td width=\"50.0%\">52,1 cm<\/td>\n<\/tr>\n<tr>\n<td class=\"attrLabels\">Renk:<\/td>\n<td width=\"50.0%\">G\u00fcm\u00fc\u015f<\/td>\n<td class=\"attrLabels\">Uzun:<\/td>\n<td width=\"50.0%\">20,3 cm<\/td>\n<\/tr>\n<tr>\n<td class=\"attrLabels\">\u00dcr\u00fcn tipi:<\/td>\n<td width=\"50.0%\">otomatik sar\u0131msak temizleyici<\/td>\n<td class=\"attrLabels\">Geni\u015f:<\/td>\n<td width=\"50.0%\">20,3 cm<\/td>\n<\/tr>\n<tr>\n<td class=\"attrLabels\">\u00dcretici numaras\u0131:<\/td>\n<td width=\"50.0%\">ARCPA25<\/td>\n<td class=\"attrLabels\">Hazne kapasitesi:<\/td>\n<td width=\"50.0%\">25kg<\/td>\n<\/tr>\n<tr>\n<td class=\"attrLabels\">Malzeme:<\/td>\n<td width=\"50.0%\">304 g\u0131da paslanmaz \u00e7elik<\/td>\n<td class=\"attrLabels\">Soyma h\u0131z\u0131:<\/td>\n<td width=\"50.0%\">saatte 35 kg<\/td>\n<\/tr>\n<tr>\n<td class=\"attrLabels\">Operasyon:<\/td>\n<td width=\"50.0%\">Enerjik<\/td>\n<td class=\"attrLabels\">Peeling oran\u0131:<\/td>\n<td width=\"50.0%\">95%<\/td>\n<\/tr>\n<tr>\n<td class=\"attrLabels\">Elektrik t\u00fcketimi:<\/td>\n<td width=\"50.0%\">175W<\/td>\n<td class=\"attrLabels\">Gerilim:<\/td>\n<td width=\"50.0%\">220V 50Hz<\/td>\n<\/tr>\n<\/tbody>\n<\/table>\n<p>&nbsp;<\/p>\n<p>&nbsp;<\/p>","protected":false},"excerpt":{"rendered":"<h2>Otomatik sar\u0131msak soyucu<\/h2>\n<p>Bu <strong>sar\u0131msak soyucu <span style=\"color: #ff0000;\">\u0130LE<\/span><span style=\"color: #0000ff;\">R<\/span>C<\/strong> Y\u00fcksek \u00e7ekme ve korozyon direnci ile karakterize edilir. Paslanmaz \u00e7elikten yap\u0131lm\u0131\u015f, dayan\u0131kl\u0131, a\u015f\u0131nmaya dayan\u0131kl\u0131 ve g\u0131da end\u00fcstrisinde kullan\u0131ma \u00f6zel kalitede. <strong>end\u00fcstriyel sar\u0131msak soyma makinesi <span style=\"color: #ff0000;\">\u0130LE<\/span><span style=\"color: #0000ff;\">R<\/span>C<\/strong> 175 W g\u00fcc\u00fcnde birinci s\u0131n\u0131f bir motora sahiptir. Bu sayede bu profesyonel sar\u0131msak soyucu, d\u00f6n\u00fc\u015f ba\u015f\u0131na y\u00fcksek soyma h\u0131z\u0131 sa\u011flar ve 35 kg&#039;a kadar sar\u0131msak soyma kapasitesine sahiptir. Bu <strong>sar\u0131msak temizleyici<\/strong> Soslar, ya\u011flar, kremler, tereya\u011flar vb. haz\u0131rlamak i\u00e7in \u00fcretimi h\u0131zland\u0131rman\u0131za yard\u0131mc\u0131 olacakt\u0131r. Kompakt ve basit tasar\u0131m\u0131 sayesinde makinenin temizlik ve bak\u0131m\u0131n\u0131 kolayla\u015ft\u0131r\u0131r.<strong> otomatik soyucu<\/strong>.<\/p>\n<h6><strong>Garanti\u00a0<span style=\"color: #ff0000;\">\u0130LE<\/span><span style=\"color: #0000ff;\">R<\/span>\u00c7 2 YIL<\/strong><\/h6>\n<h6><span style=\"color: #008000;\">Verimli sar\u0131msak soyucu, d\u00fc\u015f\u00fck t\u00fcketim 175W<\/span><\/h6>\n<h6><strong>teknik destek dahil<\/strong><\/h6>\n<p>&nbsp;<\/p>","protected":false},"featured_media":4275,"comment_status":"open","ping_status":"closed","template":"","meta":{"wds_primary_product_brand":0,"wds_primary_product_cat":0},"product_brand":[],"product_cat":[43,61],"product_tag":[],"class_list":{"0":"post-4274","1":"product","2":"type-product","3":"status-publish","4":"has-post-thumbnail","6":"product_cat-cortadoras-de-alimentos","7":"product_cat-peladoras-de-alimentos","8":"product_shipping_class-hosteleria","10":"first","11":"instock","12":"sale","13":"taxable","14":"shipping-taxable","15":"purchasable","16":"product-type-simple"},"yoast_head":"<!-- This site is optimized with the Yoast SEO Premium plugin v24.9 (Yoast SEO v26.1) - https:\/\/yoast.com\/wordpress\/plugins\/seo\/ -->\n<title>Peladora de ajos autom\u00e1tica - distribuci\u00f3n ARC<\/title>\n<meta name=\"robots\" content=\"index, follow, max-snippet:-1, max-image-preview:large, max-video-preview:-1\" \/>\n<link rel=\"canonical\" href=\"https:\/\/www.distribucionarc.com\/en\/producto\/peladora-de-ajos-automatica\/\" \/>\n<meta property=\"og:locale\" content=\"tr_TR\" \/>\n<meta property=\"og:type\" content=\"article\" \/>\n<meta property=\"og:title\" content=\"Peladora de ajos autom\u00e1tica\" \/>\n<meta property=\"og:description\" content=\"Peladora de ajos autom\u00e1tica Esta peladora de ajos ARC se caracteriza por una alta resistencia a la tracci\u00f3n y a la corrosi\u00f3n. Hecha de acero inoxidable, duradero, resistente al desgaste y de calidad espec\u00edfica para el uso en la industria alimentaria. La m\u00e1quina industrial para pelar ajos ARC cuenta con un motor premium con 175 W de potencia. Gracias a esto esta peladora profesional de ajos le proporciona una alta velocidad de pelado por rotaci\u00f3n siendo capaz de pelar hasta 35kg de ajos. Esta limpiadora de ajos le favorecer\u00e1 a acelerar la producci\u00f3n para elaborar salsas, aceites, cremas, mantequillas, etc. Gracias a su dise\u00f1o compacto y sencillo le facilita la limpieza y mantenimiento de la peladora autom\u00e1tica. Garant\u00eda\u00a0ARC 2 A\u00d1OS Peladora de ajos eficiente, bajo consumo\u00a0 175W soporte t\u00e9cnico incluido &nbsp;\" \/>\n<meta property=\"og:url\" content=\"https:\/\/www.distribucionarc.com\/en\/producto\/peladora-de-ajos-automatica\/\" \/>\n<meta property=\"og:site_name\" content=\"distribuci\u00f3n ARC\" \/>\n<meta property=\"og:image\" content=\"https:\/\/www.distribucionarc.com\/wp-content\/uploads\/2021\/01\/Peladora-de-ajos-automatica-0.jpg\" \/>\n\t<meta property=\"og:image:width\" content=\"1600\" \/>\n\t<meta property=\"og:image:height\" content=\"1600\" \/>\n\t<meta property=\"og:image:type\" content=\"image\/jpeg\" \/>\n<meta name=\"twitter:card\" content=\"summary_large_image\" \/>\n<meta name=\"twitter:label1\" content=\"Tahmini okuma s\u00fcresi\" \/>\n\t<meta name=\"twitter:data1\" content=\"2 dakika\" \/>\n<script type=\"application\/ld+json\" class=\"yoast-schema-graph\">{\"@context\":\"https:\/\/schema.org\",\"@graph\":[{\"@type\":\"WebPage\",\"@id\":\"https:\/\/www.distribucionarc.com\/en\/producto\/peladora-de-ajos-automatica\/\",\"url\":\"https:\/\/www.distribucionarc.com\/en\/producto\/peladora-de-ajos-automatica\/\",\"name\":\"Peladora de ajos autom\u00e1tica - distribuci\u00f3n ARC\",\"isPartOf\":{\"@id\":\"https:\/\/www.distribucionarc.com\/sl\/#website\"},\"primaryImageOfPage\":{\"@id\":\"https:\/\/www.distribucionarc.com\/en\/producto\/peladora-de-ajos-automatica\/#primaryimage\"},\"image\":{\"@id\":\"https:\/\/www.distribucionarc.com\/en\/producto\/peladora-de-ajos-automatica\/#primaryimage\"},\"thumbnailUrl\":\"https:\/\/distribucionarc.com\/wp-content\/uploads\/2021\/01\/Peladora-de-ajos-automatica-0.jpg\",\"datePublished\":\"2021-01-27T11:36:14+00:00\",\"breadcrumb\":{\"@id\":\"https:\/\/www.distribucionarc.com\/en\/producto\/peladora-de-ajos-automatica\/#breadcrumb\"},\"inLanguage\":\"tr\",\"potentialAction\":[{\"@type\":\"ReadAction\",\"target\":[\"https:\/\/www.distribucionarc.com\/en\/producto\/peladora-de-ajos-automatica\/\"]}]},{\"@type\":\"ImageObject\",\"inLanguage\":\"tr\",\"@id\":\"https:\/\/www.distribucionarc.com\/en\/producto\/peladora-de-ajos-automatica\/#primaryimage\",\"url\":\"https:\/\/distribucionarc.com\/wp-content\/uploads\/2021\/01\/Peladora-de-ajos-automatica-0.jpg\",\"contentUrl\":\"https:\/\/distribucionarc.com\/wp-content\/uploads\/2021\/01\/Peladora-de-ajos-automatica-0.jpg\",\"width\":1600,\"height\":1600,\"caption\":\"Peladora de ajos autom\u00e1tica\"},{\"@type\":\"BreadcrumbList\",\"@id\":\"https:\/\/www.distribucionarc.com\/en\/producto\/peladora-de-ajos-automatica\/#breadcrumb\",\"itemListElement\":[{\"@type\":\"ListItem\",\"position\":1,\"name\":\"Portada\",\"item\":\"https:\/\/www.distribucionarc.com\/\"},{\"@type\":\"ListItem\",\"position\":2,\"name\":\"\u00dcr\u00fcnler\",\"item\":\"https:\/\/www.distribucionarc.com\/tr\/magaza\/\"},{\"@type\":\"ListItem\",\"position\":3,\"name\":\"Peladora de ajos autom\u00e1tica\"}]},{\"@type\":\"WebSite\",\"@id\":\"https:\/\/www.distribucionarc.com\/sl\/#website\",\"url\":\"https:\/\/www.distribucionarc.com\/sl\/\",\"name\":\"distribuci\u00f3n ARC\",\"description\":\"Empresa especializada en la fabricaci\u00f3n y distribuci\u00f3n de maquinaria industrial, selladoras de latas, Maquinas de hacer pastillas, Maquinas de cortar carne...\",\"publisher\":{\"@id\":\"https:\/\/www.distribucionarc.com\/sl\/#organization\"},\"potentialAction\":[{\"@type\":\"SearchAction\",\"target\":{\"@type\":\"EntryPoint\",\"urlTemplate\":\"https:\/\/www.distribucionarc.com\/sl\/?s={search_term_string}\"},\"query-input\":{\"@type\":\"PropertyValueSpecification\",\"valueRequired\":true,\"valueName\":\"search_term_string\"}}],\"inLanguage\":\"tr\"},{\"@type\":\"Organization\",\"@id\":\"https:\/\/www.distribucionarc.com\/sl\/#organization\",\"name\":\"Distribuci\u00f3n ARC\",\"url\":\"https:\/\/www.distribucionarc.com\/sl\/\",\"logo\":{\"@type\":\"ImageObject\",\"inLanguage\":\"tr\",\"@id\":\"https:\/\/www.distribucionarc.com\/sl\/#\/schema\/logo\/image\/\",\"url\":\"https:\/\/distribucionarc.com\/wp-content\/uploads\/2024\/10\/distribucion-ARC-COLOR-SIN-FONDO-e1732295305345.png\",\"contentUrl\":\"https:\/\/distribucionarc.com\/wp-content\/uploads\/2024\/10\/distribucion-ARC-COLOR-SIN-FONDO-e1732295305345.png\",\"width\":1164,\"height\":558,\"caption\":\"Distribuci\u00f3n ARC\"},\"image\":{\"@id\":\"https:\/\/www.distribucionarc.com\/sl\/#\/schema\/logo\/image\/\"},\"description\":\"Empresa especializada en la fabricaci\u00f3n y distribuci\u00f3n de maquinaria industrial para los sectores alimentario y farmac\u00e9utico. Nos especializamos en: M\u00e1quinas de cortar carne Fabricaci\u00f3n de comprimidos Sistemas de transporte industrial L\u00edneas de embotellado Dosificadores Y mucho m\u00e1s... Ofrecemos soluciones innovadoras y personalizadas para optimizar los procesos productivos de tu empresa.\",\"email\":\"Admistracion@distribucionarc.com\",\"telephone\":\"+34 643496664\",\"legalName\":\"ARC TECH SOLUTIONS\",\"foundingDate\":\"2024-04-09\",\"vatID\":\"B55480172\",\"numberOfEmployees\":{\"@type\":\"QuantitativeValue\",\"minValue\":\"1\",\"maxValue\":\"10\"}}]}<\/script>\n<!-- \/ Yoast SEO Premium plugin. -->","yoast_head_json":{"title":"Otomatik sar\u0131msak soyucu - ARC da\u011f\u0131t\u0131m\u0131","robots":{"index":"index","follow":"follow","max-snippet":"max-snippet:-1","max-image-preview":"max-image-preview:large","max-video-preview":"max-video-preview:-1"},"canonical":"https:\/\/www.distribucionarc.com\/en\/producto\/peladora-de-ajos-automatica\/","og_locale":"tr_TR","og_type":"article","og_title":"Peladora de ajos autom\u00e1tica","og_description":"Peladora de ajos autom\u00e1tica Esta peladora de ajos ARC se caracteriza por una alta resistencia a la tracci\u00f3n y a la corrosi\u00f3n. Hecha de acero inoxidable, duradero, resistente al desgaste y de calidad espec\u00edfica para el uso en la industria alimentaria. La m\u00e1quina industrial para pelar ajos ARC cuenta con un motor premium con 175 W de potencia. Gracias a esto esta peladora profesional de ajos le proporciona una alta velocidad de pelado por rotaci\u00f3n siendo capaz de pelar hasta 35kg de ajos. Esta limpiadora de ajos le favorecer\u00e1 a acelerar la producci\u00f3n para elaborar salsas, aceites, cremas, mantequillas, etc. Gracias a su dise\u00f1o compacto y sencillo le facilita la limpieza y mantenimiento de la peladora autom\u00e1tica. Garant\u00eda\u00a0ARC 2 A\u00d1OS Peladora de ajos eficiente, bajo consumo\u00a0 175W soporte t\u00e9cnico incluido &nbsp;","og_url":"https:\/\/www.distribucionarc.com\/en\/producto\/peladora-de-ajos-automatica\/","og_site_name":"distribuci\u00f3n ARC","og_image":[{"width":1600,"height":1600,"url":"https:\/\/www.distribucionarc.com\/wp-content\/uploads\/2021\/01\/Peladora-de-ajos-automatica-0.jpg","type":"image\/jpeg"}],"twitter_card":"summary_large_image","twitter_misc":{"Tahmini okuma s\u00fcresi":"2 dakika"},"schema":{"@context":"https:\/\/schema.org","@graph":[{"@type":"WebPage","@id":"https:\/\/www.distribucionarc.com\/en\/producto\/peladora-de-ajos-automatica\/","url":"https:\/\/www.distribucionarc.com\/en\/producto\/peladora-de-ajos-automatica\/","name":"Otomatik sar\u0131msak soyucu - ARC da\u011f\u0131t\u0131m\u0131","isPartOf":{"@id":"https:\/\/www.distribucionarc.com\/sl\/#website"},"primaryImageOfPage":{"@id":"https:\/\/www.distribucionarc.com\/en\/producto\/peladora-de-ajos-automatica\/#primaryimage"},"image":{"@id":"https:\/\/www.distribucionarc.com\/en\/producto\/peladora-de-ajos-automatica\/#primaryimage"},"thumbnailUrl":"https:\/\/distribucionarc.com\/wp-content\/uploads\/2021\/01\/Peladora-de-ajos-automatica-0.jpg","datePublished":"2021-01-27T11:36:14+00:00","breadcrumb":{"@id":"https:\/\/www.distribucionarc.com\/en\/producto\/peladora-de-ajos-automatica\/#breadcrumb"},"inLanguage":"tr","potentialAction":[{"@type":"ReadAction","target":["https:\/\/www.distribucionarc.com\/en\/producto\/peladora-de-ajos-automatica\/"]}]},{"@type":"ImageObject","inLanguage":"tr","@id":"https:\/\/www.distribucionarc.com\/en\/producto\/peladora-de-ajos-automatica\/#primaryimage","url":"https:\/\/distribucionarc.com\/wp-content\/uploads\/2021\/01\/Peladora-de-ajos-automatica-0.jpg","contentUrl":"https:\/\/distribucionarc.com\/wp-content\/uploads\/2021\/01\/Peladora-de-ajos-automatica-0.jpg","width":1600,"height":1600,"caption":"Peladora de ajos autom\u00e1tica"},{"@type":"BreadcrumbList","@id":"https:\/\/www.distribucionarc.com\/en\/producto\/peladora-de-ajos-automatica\/#breadcrumb","itemListElement":[{"@type":"ListItem","position":1,"name":"Portada","item":"https:\/\/www.distribucionarc.com\/"},{"@type":"ListItem","position":2,"name":"\u00dcr\u00fcnler","item":"https:\/\/www.distribucionarc.com\/tr\/magaza\/"},{"@type":"ListItem","position":3,"name":"Peladora de ajos autom\u00e1tica"}]},{"@type":"WebSite","@id":"https:\/\/www.distribucionarc.com\/sl\/#website","url":"https:\/\/www.distribucionarc.com\/sl\/","name":"ARC da\u011f\u0131t\u0131m\u0131","description":"End\u00fcstriyel makinelerin \u00fcretimi ve da\u011f\u0131t\u0131m\u0131 konusunda uzmanla\u015fm\u0131\u015f \u015firket, kutu m\u00fch\u00fcrleme makineleri, tablet yapma makineleri, et kesme makineleri...","publisher":{"@id":"https:\/\/www.distribucionarc.com\/sl\/#organization"},"potentialAction":[{"@type":"SearchAction","target":{"@type":"EntryPoint","urlTemplate":"https:\/\/www.distribucionarc.com\/sl\/?s={search_term_string}"},"query-input":{"@type":"PropertyValueSpecification","valueRequired":true,"valueName":"search_term_string"}}],"inLanguage":"tr"},{"@type":"Organization","@id":"https:\/\/www.distribucionarc.com\/sl\/#organization","name":"ARC Da\u011f\u0131t\u0131m\u0131","url":"https:\/\/www.distribucionarc.com\/sl\/","logo":{"@type":"ImageObject","inLanguage":"tr","@id":"https:\/\/www.distribucionarc.com\/sl\/#\/schema\/logo\/image\/","url":"https:\/\/distribucionarc.com\/wp-content\/uploads\/2024\/10\/distribucion-ARC-COLOR-SIN-FONDO-e1732295305345.png","contentUrl":"https:\/\/distribucionarc.com\/wp-content\/uploads\/2024\/10\/distribucion-ARC-COLOR-SIN-FONDO-e1732295305345.png","width":1164,"height":558,"caption":"Distribuci\u00f3n ARC"},"image":{"@id":"https:\/\/www.distribucionarc.com\/sl\/#\/schema\/logo\/image\/"},"description":"\u015eirket, g\u0131da ve ila\u00e7 sekt\u00f6rleri i\u00e7in end\u00fcstriyel makine \u00fcretimi ve da\u011f\u0131t\u0131m\u0131 konusunda uzmanla\u015fm\u0131\u015ft\u0131r. Uzmanl\u0131k alanlar\u0131m\u0131z Et kesme makineleri Tablet \u00fcretimi End\u00fcstriyel ta\u015f\u0131ma sistemleri \u015ei\u015feleme hatlar\u0131 Dozajlama makineleri Ve \u00e7ok daha fazlas\u0131... \u015eirketinizin \u00fcretim s\u00fcre\u00e7lerini optimize etmek i\u00e7in yenilik\u00e7i ve \u00f6zelle\u015ftirilmi\u015f \u00e7\u00f6z\u00fcmler sunuyoruz.","email":"Admistracion@distribucionarc.com","telephone":"+34 643496664","legalName":"ARC TECH SOLUTIONS","foundingDate":"2024-04-09","vatID":"B55480172","numberOfEmployees":{"@type":"QuantitativeValue","minValue":"1","maxValue":"10"}}]}},"_links":{"self":[{"href":"https:\/\/distribucionarc.com\/tr\/wp-json\/wp\/v2\/product\/4274","targetHints":{"allow":["GET"]}}],"collection":[{"href":"https:\/\/distribucionarc.com\/tr\/wp-json\/wp\/v2\/product"}],"about":[{"href":"https:\/\/distribucionarc.com\/tr\/wp-json\/wp\/v2\/types\/product"}],"replies":[{"embeddable":true,"href":"https:\/\/distribucionarc.com\/tr\/wp-json\/wp\/v2\/comments?post=4274"}],"version-history":[{"count":0,"href":"https:\/\/distribucionarc.com\/tr\/wp-json\/wp\/v2\/product\/4274\/revisions"}],"wp:featuredmedia":[{"embeddable":true,"href":"https:\/\/distribucionarc.com\/tr\/wp-json\/wp\/v2\/media\/4275"}],"wp:attachment":[{"href":"https:\/\/distribucionarc.com\/tr\/wp-json\/wp\/v2\/media?parent=4274"}],"wp:term":[{"taxonomy":"product_brand","embeddable":true,"href":"https:\/\/distribucionarc.com\/tr\/wp-json\/wp\/v2\/product_brand?post=4274"},{"taxonomy":"product_cat","embeddable":true,"href":"https:\/\/distribucionarc.com\/tr\/wp-json\/wp\/v2\/product_cat?post=4274"},{"taxonomy":"product_tag","embeddable":true,"href":"https:\/\/distribucionarc.com\/tr\/wp-json\/wp\/v2\/product_tag?post=4274"}],"curies":[{"name":"wp","href":"https:\/\/api.w.org\/{rel}","templated":true}]}}