{"id":4352,"date":"2021-01-29T11:28:31","date_gmt":"2021-01-29T11:28:31","guid":{"rendered":"https:\/\/distribucionarc.com\/?post_type=product&#038;p=4352"},"modified":"2023-02-24T11:07:34","modified_gmt":"2023-02-24T11:07:34","slug":"dikey-termal-torba-kapatici","status":"publish","type":"product","link":"https:\/\/distribucionarc.com\/tr\/producto\/selladora-termica-de-bolsas-vertical\/","title":{"rendered":"Dikey torba \u0131s\u0131yla yap\u0131\u015ft\u0131rma"},"content":{"rendered":"<h3>Dikey torba \u0131s\u0131yla yap\u0131\u015ft\u0131rma<\/h3>\n<p><strong>Dikey termo m\u00fch\u00fcrleyen <span style=\"color: #ff0000;\">\u0130LE<\/span><span style=\"color: #0000ff;\">R<\/span>CSTV10<\/strong> s\u00fcrekli olarak. i\u00e7in masa\u00fcst\u00fc makine <strong>termal diki\u015f makinesi<\/strong> Paslanmaz \u00e7elikten yap\u0131lm\u0131\u015f olup orta ve b\u00fcy\u00fck \u00fcretimler i\u00e7in idealdir. Yap\u0131land\u0131rmas\u0131 \u00e7ok kolay olup, polietilen (PE), polipropilen (PP) ve laminatlar gibi \u0131s\u0131yla kapat\u0131labilen her t\u00fcrl\u00fc malzemenin m\u00fckemmel \u015fekilde kaynaklanmas\u0131n\u0131 garanti eder. Her t\u00fcrl\u00fc \u00e7antaya uygundur.<\/p>\n<ul>\n<li>Orta ve b\u00fcy\u00fck \u00fcretimler i\u00e7in ideal s\u00fcrekli dikey masa \u00fcst\u00fc torba kayna\u011f\u0131.<\/li>\n<li>Paslanmaz \u00e7elikten yap\u0131lm\u0131\u015ft\u0131r.<\/li>\n<li>Herhangi bir plastik malzemeden yap\u0131lm\u0131\u015f torbalar\u0131 kaynak yapar. Kullan\u0131m\u0131 g\u0131dalardan t\u0131bbi kullan\u0131m i\u00e7in sterilize edilmi\u015f torbalara kadar de\u011fi\u015febilir.<\/li>\n<li>Ayarlanabilir konvey\u00f6r bant h\u0131z\u0131.<\/li>\n<li>Ayarlanabilir lehimleme s\u0131cakl\u0131\u011f\u0131.<\/li>\n<li>\u0130\u015faretleyici i\u00e7erir.<\/li>\n<li>Boyal\u0131 \u00e7elikten yap\u0131lm\u0131\u015f \u00e7ok sa\u011flam bir ekipmand\u0131r, bu s\u00fcrekli bant kapat\u0131c\u0131 end\u00fcstriyel kullan\u0131m i\u00e7in tasarlanm\u0131\u015ft\u0131r.<\/li>\n<li>Bir malzemeden di\u011ferine ge\u00e7i\u015f \u00e7ok basittir ve kaynak tipi ayarlar\u0131 operat\u00f6r taraf\u0131ndan h\u0131zl\u0131 ve kolay bir \u015fekilde yap\u0131labilir: kaynak bas\u0131nc\u0131, s\u0131cakl\u0131k ve h\u0131z. Bu \u015fekilde m\u00fckemmel bir sonu\u00e7 elde edilir.<\/li>\n<li>Elde edilen dolgunun geni\u015fli\u011fi 5 mm ile 17 mm aras\u0131nda de\u011fi\u015fmekte olup, uzunluk s\u0131n\u0131r\u0131 yoktur.<\/li>\n<li>Bu kaynak makinesinin bak\u0131m\u0131 \u00e7ok kolay ve ekonomiktir; kaynak bantlar\u0131n\u0131n de\u011fi\u015ftirilmesi yaln\u0131zca birka\u00e7 dakika s\u00fcrer.<\/li>\n<\/ul>\n<h6><strong>Garanti<span style=\"color: #ff0000;\">\u00a0\u0130LE<\/span><span style=\"color: #0000ff;\">R<\/span>\u00c7 2 YIL<\/strong><\/h6>\n<h6><span style=\"color: #008000;\">Verimli dikey kapat\u0131c\u0131, d\u00fc\u015f\u00fck t\u00fcketim 400W<\/span><\/h6>\n<h6><strong>teknik destek dahil<\/strong><\/h6>\n<p>&nbsp;<\/p>\n<hr \/>\n<div class=\"woocommerce-tabs wc-tabs-wrapper\">\n<div id=\"tab-description\" class=\"woocommerce-Tabs-panel woocommerce-Tabs-panel--description panel entry-content wc-tab\" role=\"tabpanel\" aria-labelledby=\"tab-title-description\">\n<p>&nbsp;<\/p>\n<table border=\"0\" cellspacing=\"0\" cellpadding=\"0\">\n<thead>\n<tr>\n<th>TEKN\u0130K \u00d6ZELL\u0130KLER<\/th>\n<th>AR900 S\u00dcREKL\u0130 KAYNAK MAK\u0130NES\u0130<\/th>\n<\/tr>\n<\/thead>\n<tfoot>\n<tr>\n<td colspan=\"2\"><\/td>\n<\/tr>\n<\/tfoot>\n<tbody>\n<tr>\n<td>Gerilim<\/td>\n<td>220v,50Hz<\/td>\n<\/tr>\n<tr>\n<td>G\u00fc\u00e7<\/td>\n<td>400W<\/td>\n<\/tr>\n<tr>\n<td>Boyutlar<\/td>\n<td>81 x 37 x 62 cm (U x G x Y)<\/td>\n<\/tr>\n<tr>\n<td>Kaynak Geni\u015fli\u011fi<\/td>\n<td>6 mm&#039;den 12 mm&#039;ye<\/td>\n<\/tr>\n<tr>\n<td>S\u0131cakl\u0131k aral\u0131\u011f\u0131<\/td>\n<td>0-300\u00b0C<\/td>\n<\/tr>\n<tr>\n<td>A\u011f\u0131rl\u0131k<\/td>\n<td>30kg<\/td>\n<\/tr>\n<tr>\n<td>Kaynak h\u0131z\u0131<\/td>\n<td>0-12 metre\/dak<\/td>\n<\/tr>\n<\/tbody>\n<\/table>\n<\/div>\n<\/div>\n<section class=\"related products\">\n<div class=\"astra-shop-summary-wrap\"><\/div>\n<\/section>","protected":false},"excerpt":{"rendered":"<h2>Dikey torba \u0131s\u0131yla yap\u0131\u015ft\u0131rma<\/h2>\n<p>Bu <strong>\u00e7anta diki\u015f\u00e7isi <span style=\"color: #ff0000;\">\u0130LE<\/span><span style=\"color: #0000ff;\">R<\/span>C<\/strong> elektronik sabit s\u0131cakl\u0131k kontrol\u00fc ve otomatik bir ta\u015f\u0131ma cihaz\u0131 kullan\u0131r; bununla birlikte <strong>Is\u0131yla yap\u0131\u015ft\u0131rma<\/strong> Farkl\u0131 \u015fekillerdeki plastik film \u015feritlerini bir paketleme hatt\u0131nda kontrol edebilir ve kullanabilirler. <strong>Termoplastik s\u0131zd\u0131rmazl\u0131k maddesi<\/strong> Basit, kullan\u0131c\u0131 dostu ve kullan\u0131c\u0131 dostu bir kontrol paneline sahiptir. Bu<strong> dikey torba diki\u015f makinesi<\/strong> Uzun \u00f6m\u00fcrl\u00fc ve daha stabil \u00e7al\u0131\u015fan, y\u00fcksek performansl\u0131 bir motora sahiptir. Bunun konvey\u00f6r masas\u0131 <strong>\u0131s\u0131 yap\u0131\u015ft\u0131rma makinesi <span style=\"color: #ff0000;\">\u0130LE<\/span><span style=\"color: #0000ff;\">R<\/span>C<\/strong> Yukar\u0131 ve a\u015fa\u011f\u0131 ayarlanabilir ve verimlili\u011fi art\u0131rmak i\u00e7in ger\u00e7ek gereksinimlere g\u00f6re ayarlanabilir.<\/p>\n<h6><strong>Garanti<span style=\"color: #ff0000;\">\u00a0\u0130LE<\/span><span style=\"color: #0000ff;\">R<\/span>\u00c7 2 YIL<\/strong><\/h6>\n<h6><span style=\"color: #008000;\">Verimli dikey kapat\u0131c\u0131, d\u00fc\u015f\u00fck t\u00fcketim 400W<\/span><\/h6>\n<h6><strong>teknik destek dahil<\/strong><\/h6>","protected":false},"featured_media":4353,"comment_status":"open","ping_status":"closed","template":"","meta":{"wds_primary_product_brand":0,"wds_primary_product_cat":0},"product_brand":[],"product_cat":[15,27],"product_tag":[],"class_list":{"0":"post-4352","1":"product","2":"type-product","3":"status-publish","4":"has-post-thumbnail","6":"product_cat-llenadoras-y-selladoras-automaticas-flow-pack-sachet","7":"product_cat-selladoras-de-bolsas","8":"product_shipping_class-express","10":"first","11":"instock","12":"sale","13":"taxable","14":"shipping-taxable","15":"purchasable","16":"product-type-simple"},"yoast_head":"<!-- This site is optimized with the Yoast SEO Premium plugin v24.9 (Yoast SEO v26.1) - https:\/\/yoast.com\/wordpress\/plugins\/seo\/ -->\n<title>Selladora t\u00e9rmica de bolsas vertical - distribuci\u00f3n ARC<\/title>\n<meta name=\"robots\" content=\"index, follow, max-snippet:-1, max-image-preview:large, max-video-preview:-1\" \/>\n<link rel=\"canonical\" href=\"https:\/\/distribucionarc.com\/tr\/urun\/dikey-termal-torba-kapatici\/\" \/>\n<meta property=\"og:locale\" content=\"tr_TR\" \/>\n<meta property=\"og:type\" content=\"article\" \/>\n<meta property=\"og:title\" content=\"Selladora t\u00e9rmica de bolsas vertical\" \/>\n<meta property=\"og:description\" content=\"Selladora t\u00e9rmica de bolsas vertical Esta cerradora de bolsas ARC utiliza control electr\u00f3nico de temperatura constante y un dispositivo de transporte autom\u00e1tico, con el cual con esta Selladora t\u00e9rmica pueden controlar y utilizar tiras de pel\u00edcula pl\u00e1stica de diferentes formas en una l\u00ednea de envasado. La Selladora termopl\u00e1stica cuenta con un panel de control simple, f\u00e1cil de usar y f\u00e1cil de usar. Esta cerradora de bolsas vertical cuenta con un motor de alto rendimiento con una larga vida \u00fatil y un funcionamiento m\u00e1s estable. La mesa del transportador de esta m\u00e1quina de sellado t\u00e9rmico ARC se puede ajustar hacia arriba y hacia abajo, y se puede ajustar de acuerdo con los requisitos reales para mejorar la eficiencia. Garant\u00eda\u00a0ARC 2 A\u00d1OS Selladora vertical eficiente, bajo consumo\u00a0 400W soporte t\u00e9cnico incluido\" \/>\n<meta property=\"og:url\" content=\"https:\/\/distribucionarc.com\/tr\/urun\/dikey-termal-torba-kapatici\/\" \/>\n<meta property=\"og:site_name\" content=\"distribuci\u00f3n ARC\" \/>\n<meta property=\"article:modified_time\" content=\"2023-02-24T11:07:34+00:00\" \/>\n<meta property=\"og:image\" content=\"https:\/\/distribucionarc.com\/wp-content\/uploads\/2021\/01\/Selladora-termica-de-bolsas-vertical-0.jpg\" \/>\n\t<meta property=\"og:image:width\" content=\"1000\" \/>\n\t<meta property=\"og:image:height\" content=\"1000\" \/>\n\t<meta property=\"og:image:type\" content=\"image\/jpeg\" \/>\n<meta name=\"twitter:card\" content=\"summary_large_image\" \/>\n<meta name=\"twitter:label1\" content=\"Tahmini okuma s\u00fcresi\" \/>\n\t<meta name=\"twitter:data1\" content=\"1 dakika\" \/>\n<script type=\"application\/ld+json\" class=\"yoast-schema-graph\">{\"@context\":\"https:\/\/schema.org\",\"@graph\":[{\"@type\":\"WebPage\",\"@id\":\"https:\/\/distribucionarc.com\/en\/producto\/selladora-termica-de-bolsas-vertical\/\",\"url\":\"https:\/\/distribucionarc.com\/en\/producto\/selladora-termica-de-bolsas-vertical\/\",\"name\":\"Selladora t\u00e9rmica de bolsas vertical - distribuci\u00f3n ARC\",\"isPartOf\":{\"@id\":\"https:\/\/distribucionarc.com\/de\/#website\"},\"primaryImageOfPage\":{\"@id\":\"https:\/\/distribucionarc.com\/en\/producto\/selladora-termica-de-bolsas-vertical\/#primaryimage\"},\"image\":{\"@id\":\"https:\/\/distribucionarc.com\/en\/producto\/selladora-termica-de-bolsas-vertical\/#primaryimage\"},\"thumbnailUrl\":\"https:\/\/distribucionarc.com\/wp-content\/uploads\/2021\/01\/Selladora-termica-de-bolsas-vertical-0.jpg\",\"datePublished\":\"2021-01-29T11:28:31+00:00\",\"dateModified\":\"2023-02-24T11:07:34+00:00\",\"breadcrumb\":{\"@id\":\"https:\/\/distribucionarc.com\/en\/producto\/selladora-termica-de-bolsas-vertical\/#breadcrumb\"},\"inLanguage\":\"tr\",\"potentialAction\":[{\"@type\":\"ReadAction\",\"target\":[\"https:\/\/distribucionarc.com\/en\/producto\/selladora-termica-de-bolsas-vertical\/\"]}]},{\"@type\":\"ImageObject\",\"inLanguage\":\"tr\",\"@id\":\"https:\/\/distribucionarc.com\/en\/producto\/selladora-termica-de-bolsas-vertical\/#primaryimage\",\"url\":\"https:\/\/distribucionarc.com\/wp-content\/uploads\/2021\/01\/Selladora-termica-de-bolsas-vertical-0.jpg\",\"contentUrl\":\"https:\/\/distribucionarc.com\/wp-content\/uploads\/2021\/01\/Selladora-termica-de-bolsas-vertical-0.jpg\",\"width\":1000,\"height\":1000,\"caption\":\"Selladora t\u00e9rmica de bolsas vertical\"},{\"@type\":\"BreadcrumbList\",\"@id\":\"https:\/\/distribucionarc.com\/en\/producto\/selladora-termica-de-bolsas-vertical\/#breadcrumb\",\"itemListElement\":[{\"@type\":\"ListItem\",\"position\":1,\"name\":\"Portada\",\"item\":\"https:\/\/distribucionarc.com\/pl\/\"},{\"@type\":\"ListItem\",\"position\":2,\"name\":\"Produkty\",\"item\":\"https:\/\/distribucionarc.com\/pl\/shop\/\"},{\"@type\":\"ListItem\",\"position\":3,\"name\":\"Selladora t\u00e9rmica de bolsas vertical\"}]},{\"@type\":\"WebSite\",\"@id\":\"https:\/\/distribucionarc.com\/de\/#website\",\"url\":\"https:\/\/distribucionarc.com\/de\/\",\"name\":\"distribuci\u00f3n ARC\",\"description\":\"Empresa especializada en la fabricaci\u00f3n y distribuci\u00f3n de maquinaria industrial, selladoras de latas, Maquinas de hacer pastillas, Maquinas de cortar carne...\",\"publisher\":{\"@id\":\"https:\/\/distribucionarc.com\/de\/#organization\"},\"potentialAction\":[{\"@type\":\"SearchAction\",\"target\":{\"@type\":\"EntryPoint\",\"urlTemplate\":\"https:\/\/distribucionarc.com\/de\/?s={search_term_string}\"},\"query-input\":{\"@type\":\"PropertyValueSpecification\",\"valueRequired\":true,\"valueName\":\"search_term_string\"}}],\"inLanguage\":\"tr\"},{\"@type\":\"Organization\",\"@id\":\"https:\/\/distribucionarc.com\/de\/#organization\",\"name\":\"Distribuci\u00f3n ARC\",\"url\":\"https:\/\/distribucionarc.com\/de\/\",\"logo\":{\"@type\":\"ImageObject\",\"inLanguage\":\"tr\",\"@id\":\"https:\/\/distribucionarc.com\/de\/#\/schema\/logo\/image\/\",\"url\":\"https:\/\/distribucionarc.com\/wp-content\/uploads\/2024\/10\/distribucion-ARC-COLOR-SIN-FONDO-e1732295305345.png\",\"contentUrl\":\"https:\/\/distribucionarc.com\/wp-content\/uploads\/2024\/10\/distribucion-ARC-COLOR-SIN-FONDO-e1732295305345.png\",\"width\":1164,\"height\":558,\"caption\":\"Distribuci\u00f3n ARC\"},\"image\":{\"@id\":\"https:\/\/distribucionarc.com\/de\/#\/schema\/logo\/image\/\"},\"description\":\"Empresa especializada en la fabricaci\u00f3n y distribuci\u00f3n de maquinaria industrial para los sectores alimentario y farmac\u00e9utico. Nos especializamos en: M\u00e1quinas de cortar carne Fabricaci\u00f3n de comprimidos Sistemas de transporte industrial L\u00edneas de embotellado Dosificadores Y mucho m\u00e1s... Ofrecemos soluciones innovadoras y personalizadas para optimizar los procesos productivos de tu empresa.\",\"email\":\"Admistracion@distribucionarc.com\",\"telephone\":\"+34 643496664\",\"legalName\":\"ARC TECH SOLUTIONS\",\"foundingDate\":\"2024-04-09\",\"vatID\":\"B55480172\",\"numberOfEmployees\":{\"@type\":\"QuantitativeValue\",\"minValue\":\"1\",\"maxValue\":\"10\"}}]}<\/script>\n<!-- \/ Yoast SEO Premium plugin. -->","yoast_head_json":{"title":"Dikey termal torba kapat\u0131c\u0131 - ARC da\u011f\u0131t\u0131m\u0131","robots":{"index":"index","follow":"follow","max-snippet":"max-snippet:-1","max-image-preview":"max-image-preview:large","max-video-preview":"max-video-preview:-1"},"canonical":"https:\/\/distribucionarc.com\/tr\/urun\/dikey-termal-torba-kapatici\/","og_locale":"tr_TR","og_type":"article","og_title":"Selladora t\u00e9rmica de bolsas vertical","og_description":"Selladora t\u00e9rmica de bolsas vertical Esta cerradora de bolsas ARC utiliza control electr\u00f3nico de temperatura constante y un dispositivo de transporte autom\u00e1tico, con el cual con esta Selladora t\u00e9rmica pueden controlar y utilizar tiras de pel\u00edcula pl\u00e1stica de diferentes formas en una l\u00ednea de envasado. La Selladora termopl\u00e1stica cuenta con un panel de control simple, f\u00e1cil de usar y f\u00e1cil de usar. Esta cerradora de bolsas vertical cuenta con un motor de alto rendimiento con una larga vida \u00fatil y un funcionamiento m\u00e1s estable. La mesa del transportador de esta m\u00e1quina de sellado t\u00e9rmico ARC se puede ajustar hacia arriba y hacia abajo, y se puede ajustar de acuerdo con los requisitos reales para mejorar la eficiencia. Garant\u00eda\u00a0ARC 2 A\u00d1OS Selladora vertical eficiente, bajo consumo\u00a0 400W soporte t\u00e9cnico incluido","og_url":"https:\/\/distribucionarc.com\/tr\/urun\/dikey-termal-torba-kapatici\/","og_site_name":"distribuci\u00f3n ARC","article_modified_time":"2023-02-24T11:07:34+00:00","og_image":[{"width":1000,"height":1000,"url":"https:\/\/distribucionarc.com\/wp-content\/uploads\/2021\/01\/Selladora-termica-de-bolsas-vertical-0.jpg","type":"image\/jpeg"}],"twitter_card":"summary_large_image","twitter_misc":{"Tahmini okuma s\u00fcresi":"1 dakika"},"schema":{"@context":"https:\/\/schema.org","@graph":[{"@type":"WebPage","@id":"https:\/\/distribucionarc.com\/en\/producto\/selladora-termica-de-bolsas-vertical\/","url":"https:\/\/distribucionarc.com\/en\/producto\/selladora-termica-de-bolsas-vertical\/","name":"Dikey termal torba kapat\u0131c\u0131 - ARC da\u011f\u0131t\u0131m\u0131","isPartOf":{"@id":"https:\/\/distribucionarc.com\/de\/#website"},"primaryImageOfPage":{"@id":"https:\/\/distribucionarc.com\/en\/producto\/selladora-termica-de-bolsas-vertical\/#primaryimage"},"image":{"@id":"https:\/\/distribucionarc.com\/en\/producto\/selladora-termica-de-bolsas-vertical\/#primaryimage"},"thumbnailUrl":"https:\/\/distribucionarc.com\/wp-content\/uploads\/2021\/01\/Selladora-termica-de-bolsas-vertical-0.jpg","datePublished":"2021-01-29T11:28:31+00:00","dateModified":"2023-02-24T11:07:34+00:00","breadcrumb":{"@id":"https:\/\/distribucionarc.com\/en\/producto\/selladora-termica-de-bolsas-vertical\/#breadcrumb"},"inLanguage":"tr","potentialAction":[{"@type":"ReadAction","target":["https:\/\/distribucionarc.com\/en\/producto\/selladora-termica-de-bolsas-vertical\/"]}]},{"@type":"ImageObject","inLanguage":"tr","@id":"https:\/\/distribucionarc.com\/en\/producto\/selladora-termica-de-bolsas-vertical\/#primaryimage","url":"https:\/\/distribucionarc.com\/wp-content\/uploads\/2021\/01\/Selladora-termica-de-bolsas-vertical-0.jpg","contentUrl":"https:\/\/distribucionarc.com\/wp-content\/uploads\/2021\/01\/Selladora-termica-de-bolsas-vertical-0.jpg","width":1000,"height":1000,"caption":"Selladora t\u00e9rmica de bolsas vertical"},{"@type":"BreadcrumbList","@id":"https:\/\/distribucionarc.com\/en\/producto\/selladora-termica-de-bolsas-vertical\/#breadcrumb","itemListElement":[{"@type":"ListItem","position":1,"name":"Portada","item":"https:\/\/distribucionarc.com\/pl\/"},{"@type":"ListItem","position":2,"name":"Produkty","item":"https:\/\/distribucionarc.com\/pl\/shop\/"},{"@type":"ListItem","position":3,"name":"Selladora t\u00e9rmica de bolsas vertical"}]},{"@type":"WebSite","@id":"https:\/\/distribucionarc.com\/de\/#website","url":"https:\/\/distribucionarc.com\/de\/","name":"ARC da\u011f\u0131t\u0131m\u0131","description":"End\u00fcstriyel makinelerin \u00fcretimi ve da\u011f\u0131t\u0131m\u0131 konusunda uzmanla\u015fm\u0131\u015f \u015firket, kutu m\u00fch\u00fcrleme makineleri, tablet yapma makineleri, et kesme makineleri...","publisher":{"@id":"https:\/\/distribucionarc.com\/de\/#organization"},"potentialAction":[{"@type":"SearchAction","target":{"@type":"EntryPoint","urlTemplate":"https:\/\/distribucionarc.com\/de\/?s={search_term_string}"},"query-input":{"@type":"PropertyValueSpecification","valueRequired":true,"valueName":"search_term_string"}}],"inLanguage":"tr"},{"@type":"Organization","@id":"https:\/\/distribucionarc.com\/de\/#organization","name":"ARC Da\u011f\u0131t\u0131m\u0131","url":"https:\/\/distribucionarc.com\/de\/","logo":{"@type":"ImageObject","inLanguage":"tr","@id":"https:\/\/distribucionarc.com\/de\/#\/schema\/logo\/image\/","url":"https:\/\/distribucionarc.com\/wp-content\/uploads\/2024\/10\/distribucion-ARC-COLOR-SIN-FONDO-e1732295305345.png","contentUrl":"https:\/\/distribucionarc.com\/wp-content\/uploads\/2024\/10\/distribucion-ARC-COLOR-SIN-FONDO-e1732295305345.png","width":1164,"height":558,"caption":"Distribuci\u00f3n ARC"},"image":{"@id":"https:\/\/distribucionarc.com\/de\/#\/schema\/logo\/image\/"},"description":"\u015eirket, g\u0131da ve ila\u00e7 sekt\u00f6rleri i\u00e7in end\u00fcstriyel makine \u00fcretimi ve da\u011f\u0131t\u0131m\u0131 konusunda uzmanla\u015fm\u0131\u015ft\u0131r. Uzmanl\u0131k alanlar\u0131m\u0131z Et kesme makineleri Tablet \u00fcretimi End\u00fcstriyel ta\u015f\u0131ma sistemleri \u015ei\u015feleme hatlar\u0131 Dozajlama makineleri Ve \u00e7ok daha fazlas\u0131... \u015eirketinizin \u00fcretim s\u00fcre\u00e7lerini optimize etmek i\u00e7in yenilik\u00e7i ve \u00f6zelle\u015ftirilmi\u015f \u00e7\u00f6z\u00fcmler sunuyoruz.","email":"Admistracion@distribucionarc.com","telephone":"+34 643496664","legalName":"ARC TECH SOLUTIONS","foundingDate":"2024-04-09","vatID":"B55480172","numberOfEmployees":{"@type":"QuantitativeValue","minValue":"1","maxValue":"10"}}]}},"_links":{"self":[{"href":"https:\/\/distribucionarc.com\/tr\/wp-json\/wp\/v2\/product\/4352","targetHints":{"allow":["GET"]}}],"collection":[{"href":"https:\/\/distribucionarc.com\/tr\/wp-json\/wp\/v2\/product"}],"about":[{"href":"https:\/\/distribucionarc.com\/tr\/wp-json\/wp\/v2\/types\/product"}],"replies":[{"embeddable":true,"href":"https:\/\/distribucionarc.com\/tr\/wp-json\/wp\/v2\/comments?post=4352"}],"version-history":[{"count":0,"href":"https:\/\/distribucionarc.com\/tr\/wp-json\/wp\/v2\/product\/4352\/revisions"}],"wp:featuredmedia":[{"embeddable":true,"href":"https:\/\/distribucionarc.com\/tr\/wp-json\/wp\/v2\/media\/4353"}],"wp:attachment":[{"href":"https:\/\/distribucionarc.com\/tr\/wp-json\/wp\/v2\/media?parent=4352"}],"wp:term":[{"taxonomy":"product_brand","embeddable":true,"href":"https:\/\/distribucionarc.com\/tr\/wp-json\/wp\/v2\/product_brand?post=4352"},{"taxonomy":"product_cat","embeddable":true,"href":"https:\/\/distribucionarc.com\/tr\/wp-json\/wp\/v2\/product_cat?post=4352"},{"taxonomy":"product_tag","embeddable":true,"href":"https:\/\/distribucionarc.com\/tr\/wp-json\/wp\/v2\/product_tag?post=4352"}],"curies":[{"name":"wp","href":"https:\/\/api.w.org\/{rel}","templated":true}]}}