{"id":4366,"date":"2021-01-29T12:46:54","date_gmt":"2021-01-29T12:46:54","guid":{"rendered":"https:\/\/distribucionarc.com\/?post_type=product&#038;p=4366"},"modified":"2022-11-03T23:48:20","modified_gmt":"2022-11-03T23:48:20","slug":"aninda-taze-icecek-muhurleyen","status":"publish","type":"product","link":"https:\/\/distribucionarc.com\/tr\/producto\/selladora-de-bebidas-frescas-instantanea\/","title":{"rendered":"An\u0131nda Taze \u0130\u00e7ecek Kapat\u0131c\u0131"},"content":{"rendered":"<h3>An\u0131nda Taze \u0130\u00e7ecek Kapat\u0131c\u0131<\/h3>\n<p>ile\u00a0<strong>konteyner kapa\u011f\u0131\u00a0<span style=\"color: #ff0000;\">\u0130LE<\/span><span style=\"color: #0000ff;\">R<\/span>C<\/strong> M\u00fc\u015fterileriniz do\u011fal meyve sular\u0131, shakeler, smoothieler, kahve, incili \u00e7ay, inci aromal\u0131 i\u00e7ecekler vb. i\u00e7in \u00f6nerilen \u00fcr\u00fcn\u00fcn\u00fcz\u00fcn tad\u0131n\u0131 \u00e7\u0131karmak i\u00e7in uzun s\u00fcre beklemeyecekler. Bu <strong>Is\u0131yla yap\u0131\u015ft\u0131rma<\/strong> M\u00fc\u015fterilerinizin her yerde serinlemesi i\u00e7in en iyi alternatif. \u00dcr\u00fcn\u00fcn t\u00fcm lezzetini ve besin de\u011ferlerini koruman\u0131n yan\u0131 s\u0131ra, <strong>damlama \u00f6nleyici conta<\/strong>\u00a0\u00fcr\u00fcn\u00fc her durumda sa\u011flayacakt\u0131r.<\/p>\n<p>ile s\u00fcre\u00e7\u00a0<strong>smoothie kapat\u0131c\u0131\u00a0 <span style=\"color: #ff0000;\">\u0130LE<\/span><span style=\"color: #0000ff;\">R<\/span>CSES225<\/strong> Tamamen otomatik ve ak\u0131ll\u0131d\u0131r, kapatma makinesine haz\u0131rlamak istedi\u011finiz kapatma rulosunu eklemeniz, istedi\u011finiz boyutu ve s\u0131cakl\u0131\u011f\u0131 ayarlaman\u0131z, kab\u0131 konumland\u0131r\u0131p \u00e7al\u0131\u015ft\u0131r butonuna basman\u0131z yeterlidir. Bu\u00a0<strong>yap\u0131\u015ft\u0131rma makinesi<\/strong>\u00a0\u0130htiya\u00e7 duyuldu\u011funda \u00e7al\u0131\u015f\u0131r durumda kalacak, i\u015flevine ihtiya\u00e7 duyulmad\u0131\u011f\u0131nda enerji tasarrufu sa\u011flayacak \u015fekilde tasarlanm\u0131\u015ft\u0131r.<\/p>\n<p>La <strong>meyve sular\u0131 i\u00e7in termal kapaklay\u0131c\u0131<\/strong> Dayan\u0131kl\u0131l\u0131\u011f\u0131n\u0131 ve stabilitesini sa\u011flamak i\u00e7in paslanmaz \u00e7elikten yap\u0131lm\u0131\u015ft\u0131r, motorun a\u015f\u0131r\u0131 \u0131s\u0131nmas\u0131n\u0131 \u00f6nlemek i\u00e7in havaland\u0131rma \u0131zgaralar\u0131n\u0131n yan\u0131 s\u0131ra s\u0131zd\u0131rmazl\u0131k contas\u0131na da sahiptir. O\u00a0 <span style=\"color: #008000;\"><strong>bunun verimli motoru <span style=\"color: #000000;\">Ambalaj \u0131s\u0131yla kapat\u0131c\u0131<\/span> d\u00fc\u015f\u00fck enerji t\u00fcketimine katk\u0131da bulunmaya yard\u0131mc\u0131 olur<\/strong><\/span>.<\/p>\n<h6>Garanti<strong>\u00a0<\/strong><span style=\"color: #ff0000;\"><strong>\u0130LE<\/strong><\/span><span style=\"color: #0000ff;\"><strong>R<\/strong><\/span><strong>\u00c7 2 YIL<\/strong><\/h6>\n<h6><span style=\"color: #008000;\">Verimli \u0131s\u0131 yal\u0131t\u0131m malzemesi, d\u00fc\u015f\u00fck t\u00fcketim 225W<\/span><\/h6>\n<h6>teknik destek dahil<\/h6>\n<p>&nbsp;<\/p>\n<hr \/>\n<ul>\n<li>S\u0131cakl\u0131k kontrol aral\u0131\u011f\u0131: 0\u00b0C-250\u00b0C<\/li>\n<li>Giri\u015f voltaj\u0131: AC220V<\/li>\n<li>Br\u00fct a\u011f\u0131rl\u0131k: 14kg<\/li>\n<li>Uygun kap \u00e7ap\u0131: 9,5 cm<\/li>\n<li>Uygun kap y\u00fcksekli\u011fi: 17 cm&#039;den az<\/li>\n<\/ul>\n<p>&nbsp;<\/p>\n<table role=\"presentation\" width=\"100%\" cellspacing=\"0\" cellpadding=\"0\">\n<tbody>\n<tr>\n<td class=\"attrLabels\">Garanti:<\/td>\n<td width=\"50.0%\">2 YIL<\/td>\n<\/tr>\n<tr>\n<td class=\"attrLabels\">Renk:<\/td>\n<td width=\"50.0%\">G\u00fcm\u00fc\u015f<\/td>\n<td class=\"attrLabels\">Y\u00fckseklik:<\/td>\n<td width=\"50.0%\">65cm<\/td>\n<\/tr>\n<tr>\n<td class=\"attrLabels\">Da\u011f\u0131t\u0131m \u00fclkesi:<\/td>\n<td width=\"50.0%\">\u0130spanya, Almanya, ABD<\/td>\n<td class=\"attrLabels\">Uzun:<\/td>\n<td width=\"50.0%\">27cm<\/td>\n<\/tr>\n<tr>\n<td class=\"attrLabels\">Marka:<\/td>\n<td width=\"50.0%\">ARK<\/td>\n<td class=\"attrLabels\">Geni\u015f:<\/td>\n<td width=\"50.0%\">\u00a027cm<\/td>\n<\/tr>\n<tr>\n<td class=\"attrLabels\">\u00dcr\u00fcn tipi:<\/td>\n<td width=\"50.0%\">Profesyonel i\u00e7ecek m\u00fch\u00fcrleyen<\/td>\n<td class=\"attrLabels\">G\u00fc\u00e7:<\/td>\n<td width=\"50.0%\">225W<\/td>\n<\/tr>\n<tr>\n<td class=\"attrLabels\">\u00dcretici numaras\u0131:<\/td>\n<td width=\"50.0%\">ARCSES225<\/td>\n<td class=\"attrLabels\">Gerilim:<\/td>\n<td width=\"50.0%\">220V 50Hz<\/td>\n<\/tr>\n<tr>\n<td class=\"attrLabels\">Malzeme:<\/td>\n<td width=\"50.0%\">304 paslanmaz \u00e7elik, verimli motor, s\u0131cakl\u0131k kontrol\u00fc<\/td>\n<td class=\"attrLabels\">Fincan \u00e7ap\u0131:<\/td>\n<td width=\"50.0%\">\u00a09,5 cm<\/td>\n<\/tr>\n<tr>\n<td class=\"attrLabels\">Kurulum ara\u00e7lar\u0131:<\/td>\n<td width=\"50.0%\">Evet<\/td>\n<td class=\"attrLabels\">S\u0131zd\u0131rmazl\u0131k h\u0131z\u0131:<\/td>\n<td width=\"50.0%\">Dakikada 10 \u2013 20 (operat\u00f6re ba\u011fl\u0131d\u0131r)<\/td>\n<\/tr>\n<tr>\n<td class=\"attrLabels\">A\u011f\u0131rl\u0131k:<\/td>\n<td width=\"50.0%\">14 kg<\/td>\n<td class=\"attrLabels\">S\u0131cakl\u0131k aral\u0131klar\u0131:<\/td>\n<td width=\"50.0%\">50\u00b0C \u2013 250\u00b0C<\/td>\n<\/tr>\n<\/tbody>\n<\/table>\n<p>&nbsp;<\/p>","protected":false},"excerpt":{"rendered":"<h2>An\u0131nda Taze \u0130\u00e7ecek Kapat\u0131c\u0131<\/h2>\n<p>M\u00fc\u015fterilerinizin meyve sular\u0131n\u0131n, smoothie&#039;lerin, soslu \u00e7aylar\u0131n vb. t\u00fcm \u00f6zelliklerini korumas\u0131n\u0131 istiyorsan\u0131z.\u00a0<strong>yar\u0131 otomatik m\u00fch\u00fcrleyen <span style=\"color: #ff0000;\">\u0130LE<\/span><span style=\"color: #0000ff;\">R<\/span>C<\/strong> H\u0131z\u0131 sayesinde size yard\u0131mc\u0131 olacakt\u0131r. Bununla ilgili s\u00fcre\u00e7 <strong>G\u00fcler y\u00fczl\u00fc diki\u015f makinesi<\/strong> yar\u0131 otomatik kapatma sistemi yaln\u0131zca bir d\u00fc\u011fmenin etkinle\u015ftirilmesine ba\u011fl\u0131d\u0131r <strong>konteyner kapa\u011f\u0131.<\/strong> Bunun termoplastik tahriki <strong>An\u0131nda i\u00e7ecek tepsisi kapat\u0131c\u0131<\/strong> M\u00fc\u015fterilerinizin istedikleri zaman do\u011fal meyve sular\u0131n\u0131n, smoothie&#039;lerin vb. tad\u0131n\u0131 \u00e7\u0131karabilmeleri i\u00e7in idealdir.<\/p>\n<h6>Garanti<strong>\u00a0<\/strong><span style=\"color: #ff0000;\"><strong>\u0130LE<\/strong><\/span><span style=\"color: #0000ff;\"><strong>R<\/strong><\/span><strong>\u00c7 2 YIL<\/strong><\/h6>\n<h6><span style=\"color: #008000;\">Verimli \u0131s\u0131 yal\u0131t\u0131m malzemesi, d\u00fc\u015f\u00fck t\u00fcketim 225W<\/span><\/h6>\n<h6>teknik destek dahil<\/h6>","protected":false},"featured_media":4367,"comment_status":"open","ping_status":"closed","template":"","meta":{"wds_primary_product_brand":0,"wds_primary_product_cat":0},"product_brand":[],"product_cat":[45,28],"product_tag":[],"class_list":{"0":"post-4366","1":"product","2":"type-product","3":"status-publish","4":"has-post-thumbnail","6":"product_cat-selladoras-de-induccion","7":"product_cat-tapadoras","8":"product_shipping_class-express","10":"first","11":"instock","12":"sale","13":"taxable","14":"shipping-taxable","15":"purchasable","16":"product-type-simple"},"yoast_head":"<!-- This site is optimized with the Yoast SEO Premium plugin v24.9 (Yoast SEO v26.1) - https:\/\/yoast.com\/wordpress\/plugins\/seo\/ -->\n<title>Selladora de bebidas frescas instant\u00e1nea - distribuci\u00f3n ARC<\/title>\n<meta name=\"robots\" content=\"index, follow, max-snippet:-1, max-image-preview:large, max-video-preview:-1\" \/>\n<link rel=\"canonical\" href=\"https:\/\/distribucionarc.com\/tr\/urun\/aninda-taze-icecek-muhurleyen\/\" \/>\n<meta property=\"og:locale\" content=\"tr_TR\" \/>\n<meta property=\"og:type\" content=\"article\" \/>\n<meta property=\"og:title\" content=\"Selladora de bebidas frescas instant\u00e1nea\" \/>\n<meta property=\"og:description\" content=\"Selladora de bebidas frescas instant\u00e1nea Si quiere que sus clientes conserven todas las propiedades de sus zumos, batidos, t\u00e9 con toppings, etc. La\u00a0selladora semiautom\u00e1tica ARC le ayudar\u00e1 gracias a su velocidad. El proceso con esta Cerradora de batidos de sellado semiautom\u00e1tico solo depende de un bot\u00f3n para accionar la tapadora de envases. El accionamiento termopl\u00e1stico de esta Termoselladora\u00a0de bebidas instant\u00e1nea es ideal para que sus clientes disfruten de sus zumos naturales, batidos, etc, en cualquier momento. Garant\u00eda\u00a0ARC 2 A\u00d1OS Selladora t\u00e9rmica eficiente, bajo consumo 225W soporte t\u00e9cnico\u00a0incluido\" \/>\n<meta property=\"og:url\" content=\"https:\/\/distribucionarc.com\/tr\/urun\/aninda-taze-icecek-muhurleyen\/\" \/>\n<meta property=\"og:site_name\" content=\"distribuci\u00f3n ARC\" \/>\n<meta property=\"article:modified_time\" content=\"2022-11-03T23:48:20+00:00\" \/>\n<meta property=\"og:image\" content=\"https:\/\/distribucionarc.com\/wp-content\/uploads\/2021\/01\/Selladora-de-bebidas-frescas-instantanea-0.jpg\" \/>\n\t<meta property=\"og:image:width\" content=\"500\" \/>\n\t<meta property=\"og:image:height\" content=\"500\" \/>\n\t<meta property=\"og:image:type\" content=\"image\/jpeg\" \/>\n<meta name=\"twitter:card\" content=\"summary_large_image\" \/>\n<meta name=\"twitter:label1\" content=\"Tahmini okuma s\u00fcresi\" \/>\n\t<meta name=\"twitter:data1\" content=\"2 dakika\" \/>\n<script type=\"application\/ld+json\" class=\"yoast-schema-graph\">{\"@context\":\"https:\/\/schema.org\",\"@graph\":[{\"@type\":\"WebPage\",\"@id\":\"https:\/\/distribucionarc.com\/it\/producto\/selladora-de-bebidas-frescas-instantanea\/\",\"url\":\"https:\/\/distribucionarc.com\/it\/producto\/selladora-de-bebidas-frescas-instantanea\/\",\"name\":\"Selladora de bebidas frescas instant\u00e1nea - distribuci\u00f3n ARC\",\"isPartOf\":{\"@id\":\"https:\/\/distribucionarc.com\/de\/#website\"},\"primaryImageOfPage\":{\"@id\":\"https:\/\/distribucionarc.com\/it\/producto\/selladora-de-bebidas-frescas-instantanea\/#primaryimage\"},\"image\":{\"@id\":\"https:\/\/distribucionarc.com\/it\/producto\/selladora-de-bebidas-frescas-instantanea\/#primaryimage\"},\"thumbnailUrl\":\"https:\/\/distribucionarc.com\/wp-content\/uploads\/2021\/01\/Selladora-de-bebidas-frescas-instantanea-0.jpg\",\"datePublished\":\"2021-01-29T12:46:54+00:00\",\"dateModified\":\"2022-11-03T23:48:20+00:00\",\"breadcrumb\":{\"@id\":\"https:\/\/distribucionarc.com\/it\/producto\/selladora-de-bebidas-frescas-instantanea\/#breadcrumb\"},\"inLanguage\":\"tr\",\"potentialAction\":[{\"@type\":\"ReadAction\",\"target\":[\"https:\/\/distribucionarc.com\/it\/producto\/selladora-de-bebidas-frescas-instantanea\/\"]}]},{\"@type\":\"ImageObject\",\"inLanguage\":\"tr\",\"@id\":\"https:\/\/distribucionarc.com\/it\/producto\/selladora-de-bebidas-frescas-instantanea\/#primaryimage\",\"url\":\"https:\/\/distribucionarc.com\/wp-content\/uploads\/2021\/01\/Selladora-de-bebidas-frescas-instantanea-0.jpg\",\"contentUrl\":\"https:\/\/distribucionarc.com\/wp-content\/uploads\/2021\/01\/Selladora-de-bebidas-frescas-instantanea-0.jpg\",\"width\":500,\"height\":500,\"caption\":\"Selladora de bebidas frescas instant\u00e1nea\"},{\"@type\":\"BreadcrumbList\",\"@id\":\"https:\/\/distribucionarc.com\/it\/producto\/selladora-de-bebidas-frescas-instantanea\/#breadcrumb\",\"itemListElement\":[{\"@type\":\"ListItem\",\"position\":1,\"name\":\"Portada\",\"item\":\"https:\/\/distribucionarc.com\/pl\/\"},{\"@type\":\"ListItem\",\"position\":2,\"name\":\"Produkty\",\"item\":\"https:\/\/distribucionarc.com\/pl\/shop\/\"},{\"@type\":\"ListItem\",\"position\":3,\"name\":\"Selladora de bebidas frescas instant\u00e1nea\"}]},{\"@type\":\"WebSite\",\"@id\":\"https:\/\/distribucionarc.com\/de\/#website\",\"url\":\"https:\/\/distribucionarc.com\/de\/\",\"name\":\"distribuci\u00f3n ARC\",\"description\":\"Empresa especializada en la fabricaci\u00f3n y distribuci\u00f3n de maquinaria industrial, selladoras de latas, Maquinas de hacer pastillas, Maquinas de cortar carne...\",\"publisher\":{\"@id\":\"https:\/\/distribucionarc.com\/de\/#organization\"},\"potentialAction\":[{\"@type\":\"SearchAction\",\"target\":{\"@type\":\"EntryPoint\",\"urlTemplate\":\"https:\/\/distribucionarc.com\/de\/?s={search_term_string}\"},\"query-input\":{\"@type\":\"PropertyValueSpecification\",\"valueRequired\":true,\"valueName\":\"search_term_string\"}}],\"inLanguage\":\"tr\"},{\"@type\":\"Organization\",\"@id\":\"https:\/\/distribucionarc.com\/de\/#organization\",\"name\":\"Distribuci\u00f3n ARC\",\"url\":\"https:\/\/distribucionarc.com\/de\/\",\"logo\":{\"@type\":\"ImageObject\",\"inLanguage\":\"tr\",\"@id\":\"https:\/\/distribucionarc.com\/de\/#\/schema\/logo\/image\/\",\"url\":\"https:\/\/distribucionarc.com\/wp-content\/uploads\/2024\/10\/distribucion-ARC-COLOR-SIN-FONDO-e1732295305345.png\",\"contentUrl\":\"https:\/\/distribucionarc.com\/wp-content\/uploads\/2024\/10\/distribucion-ARC-COLOR-SIN-FONDO-e1732295305345.png\",\"width\":1164,\"height\":558,\"caption\":\"Distribuci\u00f3n ARC\"},\"image\":{\"@id\":\"https:\/\/distribucionarc.com\/de\/#\/schema\/logo\/image\/\"},\"description\":\"Empresa especializada en la fabricaci\u00f3n y distribuci\u00f3n de maquinaria industrial para los sectores alimentario y farmac\u00e9utico. Nos especializamos en: M\u00e1quinas de cortar carne Fabricaci\u00f3n de comprimidos Sistemas de transporte industrial L\u00edneas de embotellado Dosificadores Y mucho m\u00e1s... Ofrecemos soluciones innovadoras y personalizadas para optimizar los procesos productivos de tu empresa.\",\"email\":\"Admistracion@distribucionarc.com\",\"telephone\":\"+34 643496664\",\"legalName\":\"ARC TECH SOLUTIONS\",\"foundingDate\":\"2024-04-09\",\"vatID\":\"B55480172\",\"numberOfEmployees\":{\"@type\":\"QuantitativeValue\",\"minValue\":\"1\",\"maxValue\":\"10\"}}]}<\/script>\n<!-- \/ Yoast SEO Premium plugin. -->","yoast_head_json":{"title":"An\u0131nda taze i\u00e7ecek kapat\u0131c\u0131 - ARC da\u011f\u0131t\u0131m\u0131","robots":{"index":"index","follow":"follow","max-snippet":"max-snippet:-1","max-image-preview":"max-image-preview:large","max-video-preview":"max-video-preview:-1"},"canonical":"https:\/\/distribucionarc.com\/tr\/urun\/aninda-taze-icecek-muhurleyen\/","og_locale":"tr_TR","og_type":"article","og_title":"Selladora de bebidas frescas instant\u00e1nea","og_description":"Selladora de bebidas frescas instant\u00e1nea Si quiere que sus clientes conserven todas las propiedades de sus zumos, batidos, t\u00e9 con toppings, etc. La\u00a0selladora semiautom\u00e1tica ARC le ayudar\u00e1 gracias a su velocidad. El proceso con esta Cerradora de batidos de sellado semiautom\u00e1tico solo depende de un bot\u00f3n para accionar la tapadora de envases. El accionamiento termopl\u00e1stico de esta Termoselladora\u00a0de bebidas instant\u00e1nea es ideal para que sus clientes disfruten de sus zumos naturales, batidos, etc, en cualquier momento. Garant\u00eda\u00a0ARC 2 A\u00d1OS Selladora t\u00e9rmica eficiente, bajo consumo 225W soporte t\u00e9cnico\u00a0incluido","og_url":"https:\/\/distribucionarc.com\/tr\/urun\/aninda-taze-icecek-muhurleyen\/","og_site_name":"distribuci\u00f3n ARC","article_modified_time":"2022-11-03T23:48:20+00:00","og_image":[{"width":500,"height":500,"url":"https:\/\/distribucionarc.com\/wp-content\/uploads\/2021\/01\/Selladora-de-bebidas-frescas-instantanea-0.jpg","type":"image\/jpeg"}],"twitter_card":"summary_large_image","twitter_misc":{"Tahmini okuma s\u00fcresi":"2 dakika"},"schema":{"@context":"https:\/\/schema.org","@graph":[{"@type":"WebPage","@id":"https:\/\/distribucionarc.com\/it\/producto\/selladora-de-bebidas-frescas-instantanea\/","url":"https:\/\/distribucionarc.com\/it\/producto\/selladora-de-bebidas-frescas-instantanea\/","name":"An\u0131nda taze i\u00e7ecek kapat\u0131c\u0131 - ARC da\u011f\u0131t\u0131m\u0131","isPartOf":{"@id":"https:\/\/distribucionarc.com\/de\/#website"},"primaryImageOfPage":{"@id":"https:\/\/distribucionarc.com\/it\/producto\/selladora-de-bebidas-frescas-instantanea\/#primaryimage"},"image":{"@id":"https:\/\/distribucionarc.com\/it\/producto\/selladora-de-bebidas-frescas-instantanea\/#primaryimage"},"thumbnailUrl":"https:\/\/distribucionarc.com\/wp-content\/uploads\/2021\/01\/Selladora-de-bebidas-frescas-instantanea-0.jpg","datePublished":"2021-01-29T12:46:54+00:00","dateModified":"2022-11-03T23:48:20+00:00","breadcrumb":{"@id":"https:\/\/distribucionarc.com\/it\/producto\/selladora-de-bebidas-frescas-instantanea\/#breadcrumb"},"inLanguage":"tr","potentialAction":[{"@type":"ReadAction","target":["https:\/\/distribucionarc.com\/it\/producto\/selladora-de-bebidas-frescas-instantanea\/"]}]},{"@type":"ImageObject","inLanguage":"tr","@id":"https:\/\/distribucionarc.com\/it\/producto\/selladora-de-bebidas-frescas-instantanea\/#primaryimage","url":"https:\/\/distribucionarc.com\/wp-content\/uploads\/2021\/01\/Selladora-de-bebidas-frescas-instantanea-0.jpg","contentUrl":"https:\/\/distribucionarc.com\/wp-content\/uploads\/2021\/01\/Selladora-de-bebidas-frescas-instantanea-0.jpg","width":500,"height":500,"caption":"Selladora de bebidas frescas instant\u00e1nea"},{"@type":"BreadcrumbList","@id":"https:\/\/distribucionarc.com\/it\/producto\/selladora-de-bebidas-frescas-instantanea\/#breadcrumb","itemListElement":[{"@type":"ListItem","position":1,"name":"Portada","item":"https:\/\/distribucionarc.com\/pl\/"},{"@type":"ListItem","position":2,"name":"Produkty","item":"https:\/\/distribucionarc.com\/pl\/shop\/"},{"@type":"ListItem","position":3,"name":"Selladora de bebidas frescas instant\u00e1nea"}]},{"@type":"WebSite","@id":"https:\/\/distribucionarc.com\/de\/#website","url":"https:\/\/distribucionarc.com\/de\/","name":"ARC da\u011f\u0131t\u0131m\u0131","description":"End\u00fcstriyel makinelerin \u00fcretimi ve da\u011f\u0131t\u0131m\u0131 konusunda uzmanla\u015fm\u0131\u015f \u015firket, kutu m\u00fch\u00fcrleme makineleri, tablet yapma makineleri, et kesme makineleri...","publisher":{"@id":"https:\/\/distribucionarc.com\/de\/#organization"},"potentialAction":[{"@type":"SearchAction","target":{"@type":"EntryPoint","urlTemplate":"https:\/\/distribucionarc.com\/de\/?s={search_term_string}"},"query-input":{"@type":"PropertyValueSpecification","valueRequired":true,"valueName":"search_term_string"}}],"inLanguage":"tr"},{"@type":"Organization","@id":"https:\/\/distribucionarc.com\/de\/#organization","name":"ARC Da\u011f\u0131t\u0131m\u0131","url":"https:\/\/distribucionarc.com\/de\/","logo":{"@type":"ImageObject","inLanguage":"tr","@id":"https:\/\/distribucionarc.com\/de\/#\/schema\/logo\/image\/","url":"https:\/\/distribucionarc.com\/wp-content\/uploads\/2024\/10\/distribucion-ARC-COLOR-SIN-FONDO-e1732295305345.png","contentUrl":"https:\/\/distribucionarc.com\/wp-content\/uploads\/2024\/10\/distribucion-ARC-COLOR-SIN-FONDO-e1732295305345.png","width":1164,"height":558,"caption":"Distribuci\u00f3n ARC"},"image":{"@id":"https:\/\/distribucionarc.com\/de\/#\/schema\/logo\/image\/"},"description":"\u015eirket, g\u0131da ve ila\u00e7 sekt\u00f6rleri i\u00e7in end\u00fcstriyel makine \u00fcretimi ve da\u011f\u0131t\u0131m\u0131 konusunda uzmanla\u015fm\u0131\u015ft\u0131r. Uzmanl\u0131k alanlar\u0131m\u0131z Et kesme makineleri Tablet \u00fcretimi End\u00fcstriyel ta\u015f\u0131ma sistemleri \u015ei\u015feleme hatlar\u0131 Dozajlama makineleri Ve \u00e7ok daha fazlas\u0131... \u015eirketinizin \u00fcretim s\u00fcre\u00e7lerini optimize etmek i\u00e7in yenilik\u00e7i ve \u00f6zelle\u015ftirilmi\u015f \u00e7\u00f6z\u00fcmler sunuyoruz.","email":"Admistracion@distribucionarc.com","telephone":"+34 643496664","legalName":"ARC TECH SOLUTIONS","foundingDate":"2024-04-09","vatID":"B55480172","numberOfEmployees":{"@type":"QuantitativeValue","minValue":"1","maxValue":"10"}}]}},"_links":{"self":[{"href":"https:\/\/distribucionarc.com\/tr\/wp-json\/wp\/v2\/product\/4366","targetHints":{"allow":["GET"]}}],"collection":[{"href":"https:\/\/distribucionarc.com\/tr\/wp-json\/wp\/v2\/product"}],"about":[{"href":"https:\/\/distribucionarc.com\/tr\/wp-json\/wp\/v2\/types\/product"}],"replies":[{"embeddable":true,"href":"https:\/\/distribucionarc.com\/tr\/wp-json\/wp\/v2\/comments?post=4366"}],"version-history":[{"count":0,"href":"https:\/\/distribucionarc.com\/tr\/wp-json\/wp\/v2\/product\/4366\/revisions"}],"wp:featuredmedia":[{"embeddable":true,"href":"https:\/\/distribucionarc.com\/tr\/wp-json\/wp\/v2\/media\/4367"}],"wp:attachment":[{"href":"https:\/\/distribucionarc.com\/tr\/wp-json\/wp\/v2\/media?parent=4366"}],"wp:term":[{"taxonomy":"product_brand","embeddable":true,"href":"https:\/\/distribucionarc.com\/tr\/wp-json\/wp\/v2\/product_brand?post=4366"},{"taxonomy":"product_cat","embeddable":true,"href":"https:\/\/distribucionarc.com\/tr\/wp-json\/wp\/v2\/product_cat?post=4366"},{"taxonomy":"product_tag","embeddable":true,"href":"https:\/\/distribucionarc.com\/tr\/wp-json\/wp\/v2\/product_tag?post=4366"}],"curies":[{"name":"wp","href":"https:\/\/api.w.org\/{rel}","templated":true}]}}