{"id":437,"date":"2020-04-18T19:36:10","date_gmt":"2020-04-18T19:36:10","guid":{"rendered":"https:\/\/distribucionarc.com\/?post_type=product&#038;p=437"},"modified":"2022-03-01T16:32:24","modified_gmt":"2022-03-01T16:32:24","slug":"mercimek-sebze-icin-toz-dolum-torba-dozaj-makinesi","status":"publish","type":"product","link":"https:\/\/distribucionarc.com\/tr\/producto\/empaquetadora-llenadora-de-bolsas-dosificadora-para-polvo-lentejas-legumbres\/","title":{"rendered":"Balya Makinesi, Paketleme Makinesi, Torba Dolum Makinesi, Toz, Mercimek ve Bakliyat Dispenseri?"},"content":{"rendered":"<h3 class=\"LC20lb DKV0Md\">Torbalama Makinesi, Balya Makinesi, Paketleme Makinesi, Torba Dolum Makinesi, Toz, Mercimek ve Bakliyat Dispenseri?<\/h3>\n<p>&nbsp;<\/p>\n<p>Paketleme makinas\u0131 10g\u27961000g<\/p>\n<p>Paketleme makinemizle g\u00fcnde 5.000 torbaya kadar etkili ve kaliteli bir \u00e7\u00f6z\u00fcme sahip olabilirsiniz. Bu makine m\u00fckemmeldir. En b\u00fcy\u00fck boyut, soyulmam\u0131\u015f yer f\u0131st\u0131\u011f\u0131n\u0131 da\u011f\u0131tabilir. \u00fcr\u00fcn.<\/p>\n<p>Paketleme sistemi basittir, titre\u015fimli bir sistemdir, \u00fcr\u00fcn\u00fc \u00fcste koyar. Makineyi 3 seviye ile programlayabilirsiniz: yumu\u015fak\/orta\/h\u0131zl\u0131. Baz\u0131 \u00fcr\u00fcnler bir seviye veya di\u011feriyle daha iyi \u00e7al\u0131\u015f\u0131r. \u00fcr\u00fcn\u00fcn\u00fcze en uygun olan\u0131d\u0131r. \u00fcr\u00fcn\u00fcn d\u00fc\u015fmesini sa\u011flayacak \u015fekilde i\u00e7inde vibrat\u00f6r bulunan hazne, operat\u00f6r\u00fcn belirledi\u011fi dolum i\u015faretine ula\u015fana kadar \u00fcr\u00fcn\u00fc tartacak olan di\u011fer hazne, duracak ve po\u015fete dozajlamak i\u00e7in kap\u0131y\u0131 a\u00e7acakt\u0131r.<\/p>\n<p>304 paslanmaz \u00e7elik kaplamalar<\/p>\n<p>Paketleme makinemiz mod\u00fcller halinde tasarlanm\u0131\u015ft\u0131r, herhangi bir ar\u0131za durumunda yaln\u0131zca mod\u00fcl\u00fc de\u011fi\u015ftirmeniz gerekir, 2 y\u0131l garantimiz vard\u0131r, makinelerimiz s\u0131k\u0131 kalite kontrol\u00fcnden ge\u00e7er<\/p>\n<p>\u00d6zellikler:<br \/>\nTip: MG-999g ak\u0131ll\u0131 panel toz dolum makinas\u0131<br \/>\n\u00c7al\u0131\u015fma voltaj\u0131: yaln\u0131zca 220V<br \/>\nG\u00fc\u00e7: 180W<br \/>\nH\u0131z: 10 ila 15 torba\/dakika<br \/>\nAral\u0131k: 10 \u2796 999 g (serbest\u00e7e ayarlanabilir)<br \/>\nBoyut: (30 \u2716\ufe0f 50 \u2716\ufe0f 125cm) 11,8&quot; \u2716\ufe0f 19,68&quot; \u2716\ufe0f 48&quot;<br \/>\nDo\u011fruluk: 2g (doldurdu\u011funuz malzemeye ba\u011fl\u0131 olarak)<br \/>\nMakine malzemesi: Paslanmaz \u00e7elik<br \/>\nNet a\u011f\u0131rl\u0131k: 26Kg<br \/>\nPaket a\u011f\u0131rl\u0131\u011f\u0131: 38Kg (standart ah\u015fap kutu)<br \/>\nKalite garantisi: 2 y\u0131l<\/p>\n<p>CE Belgesi<\/p>\n<p>Burada size makinenin \u00e7al\u0131\u015f\u0131r durumdaki videosunu b\u0131rak\u0131yoruz<\/p>\n<p><iframe loading=\"lazy\" src=\"https:\/\/www.youtube.com\/embed\/G3fXjF5u1L4\" width=\"560\" height=\"315\" frameborder=\"0\" allowfullscreen=\"allowfullscreen\"><\/iframe><\/p>","protected":false},"excerpt":{"rendered":"<p>Paketleme makinas\u0131 10g\u27961000g<\/p>\n<p>2\ufe0f\u20e3 y\u0131l garantili kalite<\/p>\n<p>Ar\u0131za durumunda teknik destek<\/p>\n<p>Paketleme makinemiz ile g\u00fcnde 5000 torbaya kadar etkili ve kaliteli bir \u00e7\u00f6z\u00fcme sahip olabilirsiniz, bu makine m\u00fckemmeldir, soyulmam\u0131\u015f yer f\u0131st\u0131\u011f\u0131n\u0131 dozajlayabilen en b\u00fcy\u00fck boyuttur, bu bize her t\u00fcrl\u00fc baklagil veya di\u011fer t\u00fcrdeki f\u0131st\u0131klar\u0131 dozajlamak i\u00e7in \u00e7e\u015fitli olanaklar sunar. \u00fcr\u00fcnler. .<\/p>","protected":false},"featured_media":445,"comment_status":"open","ping_status":"closed","template":"","meta":{"wds_primary_product_brand":0,"wds_primary_product_cat":0},"product_brand":[],"product_cat":[22,21],"product_tag":[],"class_list":{"0":"post-437","1":"product","2":"type-product","3":"status-publish","4":"has-post-thumbnail","6":"product_cat-llenadora-de-bolsas-granos-y-polvo","7":"product_cat-maquinas-llenadoras","9":"first","10":"instock","11":"sale","12":"taxable","13":"shipping-taxable","14":"purchasable","15":"product-type-simple"},"yoast_head":"<!-- This site is optimized with the Yoast SEO Premium plugin v24.9 (Yoast SEO v26.1) - https:\/\/yoast.com\/wordpress\/plugins\/seo\/ -->\n<title>Empacadora, Empaquetadora, Llenadora de Bolsas, Dosificadora para polvo, Lentejas y Legumbres? - distribuci\u00f3n ARC<\/title>\n<meta name=\"robots\" content=\"index, follow, max-snippet:-1, max-image-preview:large, max-video-preview:-1\" \/>\n<link rel=\"canonical\" href=\"https:\/\/www.distribucionarc.com\/tr\/producto\/empaquetadora-llenadora-de-bolsas-dosificadora-para-polvo-lentejas-legumbres\/\" \/>\n<meta property=\"og:locale\" content=\"tr_TR\" \/>\n<meta property=\"og:type\" content=\"article\" \/>\n<meta property=\"og:title\" content=\"Empacadora, Empaquetadora, Llenadora de Bolsas, Dosificadora para polvo, Lentejas y Legumbres?\" \/>\n<meta property=\"og:description\" content=\"Empaquetadora 10g\u27961000g  Calidad con 2\ufe0f\u20e3 a\u00f1os de garant\u00eda  Soporte t\u00e9cnico en caso de aver\u00eda  Con nuestra m\u00e1quina empaquetadora podr\u00e1 tener un soluci\u00f3n eficaz y de calidad hasta\u00a0 5000 bolsas diarias \u00e9sta m\u00e1quina es perfecta el tama\u00f1o m\u00e1s grande que puede dosificar con cacahuetes sin pelar, esto nos da un abanico de posibilidades para dosificar cualquier tipo de legumbre u otro tipo de productos.\" \/>\n<meta property=\"og:url\" content=\"https:\/\/www.distribucionarc.com\/tr\/producto\/empaquetadora-llenadora-de-bolsas-dosificadora-para-polvo-lentejas-legumbres\/\" \/>\n<meta property=\"og:site_name\" content=\"distribuci\u00f3n ARC\" \/>\n<meta property=\"article:modified_time\" content=\"2022-03-01T16:32:24+00:00\" \/>\n<meta property=\"og:image\" content=\"https:\/\/www.distribucionarc.com\/wp-content\/uploads\/2020\/04\/llenadora_dosificadora_polvos_granos_automatica_0.jpg\" \/>\n\t<meta property=\"og:image:width\" content=\"800\" \/>\n\t<meta property=\"og:image:height\" content=\"800\" \/>\n\t<meta property=\"og:image:type\" content=\"image\/jpeg\" \/>\n<meta name=\"twitter:card\" content=\"summary_large_image\" \/>\n<meta name=\"twitter:label1\" content=\"Tahmini okuma s\u00fcresi\" \/>\n\t<meta name=\"twitter:data1\" content=\"1 dakika\" \/>\n<script type=\"application\/ld+json\" class=\"yoast-schema-graph\">{\"@context\":\"https:\/\/schema.org\",\"@graph\":[{\"@type\":\"WebPage\",\"@id\":\"https:\/\/www.distribucionarc.com\/tr\/producto\/empaquetadora-llenadora-de-bolsas-dosificadora-para-polvo-lentejas-legumbres\/\",\"url\":\"https:\/\/www.distribucionarc.com\/tr\/producto\/empaquetadora-llenadora-de-bolsas-dosificadora-para-polvo-lentejas-legumbres\/\",\"name\":\"Empacadora, Empaquetadora, Llenadora de Bolsas, Dosificadora para polvo, Lentejas y Legumbres? - distribuci\u00f3n ARC\",\"isPartOf\":{\"@id\":\"https:\/\/www.distribucionarc.com\/sl\/#website\"},\"primaryImageOfPage\":{\"@id\":\"https:\/\/www.distribucionarc.com\/tr\/producto\/empaquetadora-llenadora-de-bolsas-dosificadora-para-polvo-lentejas-legumbres\/#primaryimage\"},\"image\":{\"@id\":\"https:\/\/www.distribucionarc.com\/tr\/producto\/empaquetadora-llenadora-de-bolsas-dosificadora-para-polvo-lentejas-legumbres\/#primaryimage\"},\"thumbnailUrl\":\"https:\/\/distribucionarc.com\/wp-content\/uploads\/2020\/04\/llenadora_dosificadora_polvos_granos_automatica_0.jpg\",\"datePublished\":\"2020-04-18T19:36:10+00:00\",\"dateModified\":\"2022-03-01T16:32:24+00:00\",\"breadcrumb\":{\"@id\":\"https:\/\/www.distribucionarc.com\/tr\/producto\/empaquetadora-llenadora-de-bolsas-dosificadora-para-polvo-lentejas-legumbres\/#breadcrumb\"},\"inLanguage\":\"tr\",\"potentialAction\":[{\"@type\":\"ReadAction\",\"target\":[\"https:\/\/www.distribucionarc.com\/tr\/producto\/empaquetadora-llenadora-de-bolsas-dosificadora-para-polvo-lentejas-legumbres\/\"]}]},{\"@type\":\"ImageObject\",\"inLanguage\":\"tr\",\"@id\":\"https:\/\/www.distribucionarc.com\/tr\/producto\/empaquetadora-llenadora-de-bolsas-dosificadora-para-polvo-lentejas-legumbres\/#primaryimage\",\"url\":\"https:\/\/distribucionarc.com\/wp-content\/uploads\/2020\/04\/llenadora_dosificadora_polvos_granos_automatica_0.jpg\",\"contentUrl\":\"https:\/\/distribucionarc.com\/wp-content\/uploads\/2020\/04\/llenadora_dosificadora_polvos_granos_automatica_0.jpg\",\"width\":800,\"height\":800},{\"@type\":\"BreadcrumbList\",\"@id\":\"https:\/\/www.distribucionarc.com\/tr\/producto\/empaquetadora-llenadora-de-bolsas-dosificadora-para-polvo-lentejas-legumbres\/#breadcrumb\",\"itemListElement\":[{\"@type\":\"ListItem\",\"position\":1,\"name\":\"Portada\",\"item\":\"https:\/\/www.distribucionarc.com\/\"},{\"@type\":\"ListItem\",\"position\":2,\"name\":\"\u00dcr\u00fcnler\",\"item\":\"https:\/\/www.distribucionarc.com\/tr\/magaza\/\"},{\"@type\":\"ListItem\",\"position\":3,\"name\":\"Empacadora, Empaquetadora, Llenadora de Bolsas, Dosificadora para polvo, Lentejas y Legumbres?\"}]},{\"@type\":\"WebSite\",\"@id\":\"https:\/\/www.distribucionarc.com\/sl\/#website\",\"url\":\"https:\/\/www.distribucionarc.com\/sl\/\",\"name\":\"distribuci\u00f3n ARC\",\"description\":\"Empresa especializada en la fabricaci\u00f3n y distribuci\u00f3n de maquinaria industrial, selladoras de latas, Maquinas de hacer pastillas, Maquinas de cortar carne...\",\"publisher\":{\"@id\":\"https:\/\/www.distribucionarc.com\/sl\/#organization\"},\"potentialAction\":[{\"@type\":\"SearchAction\",\"target\":{\"@type\":\"EntryPoint\",\"urlTemplate\":\"https:\/\/www.distribucionarc.com\/sl\/?s={search_term_string}\"},\"query-input\":{\"@type\":\"PropertyValueSpecification\",\"valueRequired\":true,\"valueName\":\"search_term_string\"}}],\"inLanguage\":\"tr\"},{\"@type\":\"Organization\",\"@id\":\"https:\/\/www.distribucionarc.com\/sl\/#organization\",\"name\":\"Distribuci\u00f3n ARC\",\"url\":\"https:\/\/www.distribucionarc.com\/sl\/\",\"logo\":{\"@type\":\"ImageObject\",\"inLanguage\":\"tr\",\"@id\":\"https:\/\/www.distribucionarc.com\/sl\/#\/schema\/logo\/image\/\",\"url\":\"https:\/\/distribucionarc.com\/wp-content\/uploads\/2024\/10\/distribucion-ARC-COLOR-SIN-FONDO-e1732295305345.png\",\"contentUrl\":\"https:\/\/distribucionarc.com\/wp-content\/uploads\/2024\/10\/distribucion-ARC-COLOR-SIN-FONDO-e1732295305345.png\",\"width\":1164,\"height\":558,\"caption\":\"Distribuci\u00f3n ARC\"},\"image\":{\"@id\":\"https:\/\/www.distribucionarc.com\/sl\/#\/schema\/logo\/image\/\"},\"description\":\"Empresa especializada en la fabricaci\u00f3n y distribuci\u00f3n de maquinaria industrial para los sectores alimentario y farmac\u00e9utico. Nos especializamos en: M\u00e1quinas de cortar carne Fabricaci\u00f3n de comprimidos Sistemas de transporte industrial L\u00edneas de embotellado Dosificadores Y mucho m\u00e1s... Ofrecemos soluciones innovadoras y personalizadas para optimizar los procesos productivos de tu empresa.\",\"email\":\"Admistracion@distribucionarc.com\",\"telephone\":\"+34 643496664\",\"legalName\":\"ARC TECH SOLUTIONS\",\"foundingDate\":\"2024-04-09\",\"vatID\":\"B55480172\",\"numberOfEmployees\":{\"@type\":\"QuantitativeValue\",\"minValue\":\"1\",\"maxValue\":\"10\"}}]}<\/script>\n<!-- \/ Yoast SEO Premium plugin. -->","yoast_head_json":{"title":"Balya Makinesi, Paketleme Makinesi, Torba Dolum Makinesi, Toz, Mercimek ve Bakliyat Dispenseri? - ARC da\u011f\u0131t\u0131m\u0131","robots":{"index":"index","follow":"follow","max-snippet":"max-snippet:-1","max-image-preview":"max-image-preview:large","max-video-preview":"max-video-preview:-1"},"canonical":"https:\/\/www.distribucionarc.com\/tr\/producto\/empaquetadora-llenadora-de-bolsas-dosificadora-para-polvo-lentejas-legumbres\/","og_locale":"tr_TR","og_type":"article","og_title":"Empacadora, Empaquetadora, Llenadora de Bolsas, Dosificadora para polvo, Lentejas y Legumbres?","og_description":"Empaquetadora 10g\u27961000g  Calidad con 2\ufe0f\u20e3 a\u00f1os de garant\u00eda  Soporte t\u00e9cnico en caso de aver\u00eda  Con nuestra m\u00e1quina empaquetadora podr\u00e1 tener un soluci\u00f3n eficaz y de calidad hasta\u00a0 5000 bolsas diarias \u00e9sta m\u00e1quina es perfecta el tama\u00f1o m\u00e1s grande que puede dosificar con cacahuetes sin pelar, esto nos da un abanico de posibilidades para dosificar cualquier tipo de legumbre u otro tipo de productos.","og_url":"https:\/\/www.distribucionarc.com\/tr\/producto\/empaquetadora-llenadora-de-bolsas-dosificadora-para-polvo-lentejas-legumbres\/","og_site_name":"distribuci\u00f3n ARC","article_modified_time":"2022-03-01T16:32:24+00:00","og_image":[{"width":800,"height":800,"url":"https:\/\/www.distribucionarc.com\/wp-content\/uploads\/2020\/04\/llenadora_dosificadora_polvos_granos_automatica_0.jpg","type":"image\/jpeg"}],"twitter_card":"summary_large_image","twitter_misc":{"Tahmini okuma s\u00fcresi":"1 dakika"},"schema":{"@context":"https:\/\/schema.org","@graph":[{"@type":"WebPage","@id":"https:\/\/www.distribucionarc.com\/tr\/producto\/empaquetadora-llenadora-de-bolsas-dosificadora-para-polvo-lentejas-legumbres\/","url":"https:\/\/www.distribucionarc.com\/tr\/producto\/empaquetadora-llenadora-de-bolsas-dosificadora-para-polvo-lentejas-legumbres\/","name":"Balya Makinesi, Paketleme Makinesi, Torba Dolum Makinesi, Toz, Mercimek ve Bakliyat Dispenseri? - ARC da\u011f\u0131t\u0131m\u0131","isPartOf":{"@id":"https:\/\/www.distribucionarc.com\/sl\/#website"},"primaryImageOfPage":{"@id":"https:\/\/www.distribucionarc.com\/tr\/producto\/empaquetadora-llenadora-de-bolsas-dosificadora-para-polvo-lentejas-legumbres\/#primaryimage"},"image":{"@id":"https:\/\/www.distribucionarc.com\/tr\/producto\/empaquetadora-llenadora-de-bolsas-dosificadora-para-polvo-lentejas-legumbres\/#primaryimage"},"thumbnailUrl":"https:\/\/distribucionarc.com\/wp-content\/uploads\/2020\/04\/llenadora_dosificadora_polvos_granos_automatica_0.jpg","datePublished":"2020-04-18T19:36:10+00:00","dateModified":"2022-03-01T16:32:24+00:00","breadcrumb":{"@id":"https:\/\/www.distribucionarc.com\/tr\/producto\/empaquetadora-llenadora-de-bolsas-dosificadora-para-polvo-lentejas-legumbres\/#breadcrumb"},"inLanguage":"tr","potentialAction":[{"@type":"ReadAction","target":["https:\/\/www.distribucionarc.com\/tr\/producto\/empaquetadora-llenadora-de-bolsas-dosificadora-para-polvo-lentejas-legumbres\/"]}]},{"@type":"ImageObject","inLanguage":"tr","@id":"https:\/\/www.distribucionarc.com\/tr\/producto\/empaquetadora-llenadora-de-bolsas-dosificadora-para-polvo-lentejas-legumbres\/#primaryimage","url":"https:\/\/distribucionarc.com\/wp-content\/uploads\/2020\/04\/llenadora_dosificadora_polvos_granos_automatica_0.jpg","contentUrl":"https:\/\/distribucionarc.com\/wp-content\/uploads\/2020\/04\/llenadora_dosificadora_polvos_granos_automatica_0.jpg","width":800,"height":800},{"@type":"BreadcrumbList","@id":"https:\/\/www.distribucionarc.com\/tr\/producto\/empaquetadora-llenadora-de-bolsas-dosificadora-para-polvo-lentejas-legumbres\/#breadcrumb","itemListElement":[{"@type":"ListItem","position":1,"name":"Portada","item":"https:\/\/www.distribucionarc.com\/"},{"@type":"ListItem","position":2,"name":"\u00dcr\u00fcnler","item":"https:\/\/www.distribucionarc.com\/tr\/magaza\/"},{"@type":"ListItem","position":3,"name":"Empacadora, Empaquetadora, Llenadora de Bolsas, Dosificadora para polvo, Lentejas y Legumbres?"}]},{"@type":"WebSite","@id":"https:\/\/www.distribucionarc.com\/sl\/#website","url":"https:\/\/www.distribucionarc.com\/sl\/","name":"ARC da\u011f\u0131t\u0131m\u0131","description":"End\u00fcstriyel makinelerin \u00fcretimi ve da\u011f\u0131t\u0131m\u0131 konusunda uzmanla\u015fm\u0131\u015f \u015firket, kutu m\u00fch\u00fcrleme makineleri, tablet yapma makineleri, et kesme makineleri...","publisher":{"@id":"https:\/\/www.distribucionarc.com\/sl\/#organization"},"potentialAction":[{"@type":"SearchAction","target":{"@type":"EntryPoint","urlTemplate":"https:\/\/www.distribucionarc.com\/sl\/?s={search_term_string}"},"query-input":{"@type":"PropertyValueSpecification","valueRequired":true,"valueName":"search_term_string"}}],"inLanguage":"tr"},{"@type":"Organization","@id":"https:\/\/www.distribucionarc.com\/sl\/#organization","name":"ARC Da\u011f\u0131t\u0131m\u0131","url":"https:\/\/www.distribucionarc.com\/sl\/","logo":{"@type":"ImageObject","inLanguage":"tr","@id":"https:\/\/www.distribucionarc.com\/sl\/#\/schema\/logo\/image\/","url":"https:\/\/distribucionarc.com\/wp-content\/uploads\/2024\/10\/distribucion-ARC-COLOR-SIN-FONDO-e1732295305345.png","contentUrl":"https:\/\/distribucionarc.com\/wp-content\/uploads\/2024\/10\/distribucion-ARC-COLOR-SIN-FONDO-e1732295305345.png","width":1164,"height":558,"caption":"Distribuci\u00f3n ARC"},"image":{"@id":"https:\/\/www.distribucionarc.com\/sl\/#\/schema\/logo\/image\/"},"description":"\u015eirket, g\u0131da ve ila\u00e7 sekt\u00f6rleri i\u00e7in end\u00fcstriyel makine \u00fcretimi ve da\u011f\u0131t\u0131m\u0131 konusunda uzmanla\u015fm\u0131\u015ft\u0131r. Uzmanl\u0131k alanlar\u0131m\u0131z Et kesme makineleri Tablet \u00fcretimi End\u00fcstriyel ta\u015f\u0131ma sistemleri \u015ei\u015feleme hatlar\u0131 Dozajlama makineleri Ve \u00e7ok daha fazlas\u0131... \u015eirketinizin \u00fcretim s\u00fcre\u00e7lerini optimize etmek i\u00e7in yenilik\u00e7i ve \u00f6zelle\u015ftirilmi\u015f \u00e7\u00f6z\u00fcmler sunuyoruz.","email":"Admistracion@distribucionarc.com","telephone":"+34 643496664","legalName":"ARC TECH SOLUTIONS","foundingDate":"2024-04-09","vatID":"B55480172","numberOfEmployees":{"@type":"QuantitativeValue","minValue":"1","maxValue":"10"}}]}},"_links":{"self":[{"href":"https:\/\/distribucionarc.com\/tr\/wp-json\/wp\/v2\/product\/437","targetHints":{"allow":["GET"]}}],"collection":[{"href":"https:\/\/distribucionarc.com\/tr\/wp-json\/wp\/v2\/product"}],"about":[{"href":"https:\/\/distribucionarc.com\/tr\/wp-json\/wp\/v2\/types\/product"}],"replies":[{"embeddable":true,"href":"https:\/\/distribucionarc.com\/tr\/wp-json\/wp\/v2\/comments?post=437"}],"version-history":[{"count":0,"href":"https:\/\/distribucionarc.com\/tr\/wp-json\/wp\/v2\/product\/437\/revisions"}],"wp:featuredmedia":[{"embeddable":true,"href":"https:\/\/distribucionarc.com\/tr\/wp-json\/wp\/v2\/media\/445"}],"wp:attachment":[{"href":"https:\/\/distribucionarc.com\/tr\/wp-json\/wp\/v2\/media?parent=437"}],"wp:term":[{"taxonomy":"product_brand","embeddable":true,"href":"https:\/\/distribucionarc.com\/tr\/wp-json\/wp\/v2\/product_brand?post=437"},{"taxonomy":"product_cat","embeddable":true,"href":"https:\/\/distribucionarc.com\/tr\/wp-json\/wp\/v2\/product_cat?post=437"},{"taxonomy":"product_tag","embeddable":true,"href":"https:\/\/distribucionarc.com\/tr\/wp-json\/wp\/v2\/product_tag?post=437"}],"curies":[{"name":"wp","href":"https:\/\/api.w.org\/{rel}","templated":true}]}}