{"id":450,"date":"2020-04-18T22:50:14","date_gmt":"2020-04-18T22:50:14","guid":{"rendered":"https:\/\/distribucionarc.com\/?post_type=product&#038;p=450"},"modified":"2020-11-17T07:04:34","modified_gmt":"2020-11-17T07:04:34","slug":"paketleme-makinesi-torba-dolum-toz-dagitici-mercimek-baklagiller%f0%9f%a5%9c","status":"publish","type":"product","link":"https:\/\/distribucionarc.com\/tr\/producto\/empacadora-empaquetadora-llenadora-de-bolsas-dosificadora-para-polvo-lentejas-legumbres%f0%9f%a5%9c\/","title":{"rendered":"Balya Makinas\u0131, Paketleme Makinas\u0131, Torba Dolum Makinas\u0131, Toz Dispenseri, Mercimek, Bakliyat?"},"content":{"rendered":"<h3 class=\"LC20lb DKV0Md\">Torbalama Makinesi, Balya Makinesi, Paketleme Makinesi, Torba Dolum Makinesi, Toz, Mercimek ve Bakliyat Dispenseri?<\/h3>\n<p>&nbsp;<\/p>\n<p>Paketleme makinas\u0131 2g\u2796200g<\/p>\n<p>Paketleme makinemiz ile g\u00fcnde 5.000 torbaya kadar etkili ve kaliteli bir \u00e7\u00f6z\u00fcme sahip olabilirsiniz, bu makine m\u00fckemmeldir, soyulmu\u015f f\u0131st\u0131klar\u0131 da\u011f\u0131tabilen en b\u00fcy\u00fck boyuttur, bu bize her t\u00fcrl\u00fc baklagil veya di\u011fer g\u0131dalar\u0131 da\u011f\u0131tmak i\u00e7in \u00e7e\u015fitli olanaklar sunar \u00fcr\u00fcn t\u00fcr\u00fc.<\/p>\n<p>Paketleme sistemi basittir, titre\u015fim sistemidir, \u00fcr\u00fcn\u00fc \u00fcste koyar, makineyi yumu\u015fak\/orta\/h\u0131zl\u0131 olmak \u00fczere \u00fc\u00e7 seviyede programlayabilirsiniz, baz\u0131 \u00fcr\u00fcnler seviye veya di\u011feriyle daha iyi \u00e7al\u0131\u015f\u0131r, size uygun olan\u0131 se\u00e7meniz gerekir. \u00fcr\u00fcn\u00fcn\u00fcz. \u0130\u00e7erideki hazne titreyerek \u00fcr\u00fcn belirlenen dolum i\u015faretine ula\u015ft\u0131\u011f\u0131nda \u00fcr\u00fcn\u00fc tartacak olan di\u011fer hazneye d\u00fc\u015fecek, duracak ve torba yakla\u015ft\u0131\u011f\u0131nda sens\u00f6r bunu alg\u0131layarak otomatik veya manuel olarak kap\u0131y\u0131 a\u00e7acakt\u0131r. Pedal\u0131.<\/p>\n<ul>\n<li>Geleneksel s\u0131k\u0131c\u0131 paketleme s\u00fcrecini \u00e7\u00f6zmek i\u00e7in optik teknoloji, y\u00fcksek hassasiyet, h\u0131zl\u0131 ve kaliteli mikrobilgisayar kontrol\u00fcn\u00fcn kullan\u0131m\u0131n\u0131 dikkatle inceleyen m\u00fckemmel m\u00fchendisler taraf\u0131ndan tasarlanan yar\u0131 otomatik makine.<\/li>\n<li>Bile\u015fenler a\u015fa\u011f\u0131dakiler i\u00e7in uygundur: g\u0131da, tohumlar, meyveler, tah\u0131l ve farmas\u00f6tik formundaki kimyasallar, yap\u0131\u015fkan olmayan mikro ve k\u00fc\u00e7\u00fck kat\u0131 malzemeler.<\/li>\n<li>\u00d6nerilen Malzemeler: Un, s\u00fct tozu, kimyasal tozlar, yenilebilir tozlar, kahve tozu, tohumlar, fasulye, pirin\u00e7, gran\u00fcller, otlar, tah\u0131llar, tuz, \u015feker, baharatlar, kimyasal bile\u015fikler, elektronik bile\u015fenler, donan\u0131m bile\u015fenleri vb.<\/li>\n<\/ul>\n<p>304 paslanmaz \u00e7elik kaplamalar<\/p>\n<p>Paketleme makinemiz mod\u00fcller halinde tasarlanm\u0131\u015ft\u0131r, herhangi bir ar\u0131za durumunda sadece mod\u00fcl\u00fc de\u011fi\u015ftirmeniz yeterli olacakt\u0131r, makinelerimiz sat\u0131\u015fa \u00e7\u0131kmadan \u00f6nce s\u0131k\u0131 bir kalite kontrol\u00fcnden ge\u00e7en 2 y\u0131ll\u0131k garantiye sahiptir.<\/p>\n<ul>\n<li>Kendi kendine enerji kontrol\u00fcne sahip mikrobilgisayar sayesinde da\u011f\u0131t\u0131m \u00e7ok daha hassas ve do\u011frudur.<\/li>\n<li>Da\u011f\u0131t\u0131m i\u015flemi h\u0131zl\u0131 ve tamamen otomatiktir.<\/li>\n<li>T\u00fcm temas par\u00e7alar\u0131 paslanmaz \u00e7elikten yap\u0131lm\u0131\u015ft\u0131r, dolay\u0131s\u0131yla hi\u00e7bir malzeme kirlenmez.<\/li>\n<li>Makinenin d\u00fc\u015f\u00fck g\u00fcr\u00fclt\u00fcyle sorunsuz \u00e7al\u0131\u015fmas\u0131n\u0131 sa\u011flayan \u00e7ift \u015fok yap\u0131s\u0131.<\/li>\n<li>Boyutu k\u00fc\u00e7\u00fckt\u00fcr ve a\u011f\u0131rl\u0131\u011f\u0131 hafiftir.<\/li>\n<li>Minimum enerji kullan\u0131r.<\/li>\n<li>Malzemeleri s\u0131k\u0131\u015ft\u0131rmayan veya zarar vermeyen e\u011fik at\u0131\u015f beslemesi.<\/li>\n<li>Paketlerin a\u011f\u0131rl\u0131\u011f\u0131n\u0131 ve say\u0131s\u0131n\u0131 g\u00f6sterir.<\/li>\n<li>Ayarlanabilir doldurma h\u0131z\u0131.<\/li>\n<li>A\u015f\u0131r\u0131 kilo alarm\u0131 ayarlayabilirsiniz.<\/li>\n<li>Kapasite: \u0130ndirme ba\u015f\u0131na 2\u2796 200g.<\/li>\n<li>Ortalama h\u0131z: Dakikada 15 indirmeye kadar.<\/li>\n<li>Hazne Boyutu: 20cm \u00e7ap x 16cm y\u00fckseklik.<\/li>\n<li>Giri\u015f voltaj\u0131: 220V\/110V<\/li>\n<\/ul>\n<p>Kalite garantisi: 2 y\u0131l<\/p>\n<p>CE Belgesi<\/p>\n<p>Burada size makinenin \u00e7al\u0131\u015f\u0131r durumdaki videosunu b\u0131rak\u0131yoruz<\/p>\n<p><iframe loading=\"lazy\" src=\"https:\/\/www.youtube.com\/embed\/hWMSdtFaN28\" width=\"560\" height=\"315\" frameborder=\"0\" allowfullscreen=\"allowfullscreen\"><\/iframe><\/p>","protected":false},"excerpt":{"rendered":"<p>Paketleme makinas\u0131 2g\u2796200g<\/p>\n<p>2\ufe0f\u20e3 y\u0131l garantili kalite<\/p>\n<p>Ar\u0131za durumunda teknik destek<\/p>\n<p>Paketleme makinemizle g\u00fcnde 5.000 torbaya kadar etkili ve kaliteli bir \u00e7\u00f6z\u00fcme sahip olabilirsiniz. Bu makine m\u00fckemmeldir. Da\u011f\u0131tabilece\u011fi en b\u00fcy\u00fck boyut soyulmu\u015f f\u0131st\u0131kt\u0131r. Bu bize her t\u00fcrl\u00fc baklagil veya di\u011fer g\u0131dalar\u0131n dozajlanmas\u0131 i\u00e7in \u00e7e\u015fitli olanaklar sunar. \u00fcr\u00fcn\u00fcn t\u00fcr\u00fc.<\/p>","protected":false},"featured_media":458,"comment_status":"open","ping_status":"closed","template":"","meta":{"wds_primary_product_brand":0,"wds_primary_product_cat":0},"product_brand":[],"product_cat":[22,21],"product_tag":[],"class_list":{"0":"post-450","1":"product","2":"type-product","3":"status-publish","4":"has-post-thumbnail","6":"product_cat-llenadora-de-bolsas-granos-y-polvo","7":"product_cat-maquinas-llenadoras","9":"first","10":"instock","11":"sale","12":"taxable","13":"shipping-taxable","14":"purchasable","15":"product-type-simple"},"yoast_head":"<!-- This site is optimized with the Yoast SEO Premium plugin v24.9 (Yoast SEO v26.1) - https:\/\/yoast.com\/wordpress\/plugins\/seo\/ -->\n<title>Empacadora, Empaquetadora, Llenadora de Bolsas, Dosificadora para Polvo, Lentejas, Legumbres? - distribuci\u00f3n ARC<\/title>\n<meta name=\"robots\" content=\"index, follow, max-snippet:-1, max-image-preview:large, max-video-preview:-1\" \/>\n<link rel=\"canonical\" href=\"https:\/\/www.distribucionarc.com\/en\/producto\/empacadora-empaquetadora-llenadora-de-bolsas-dosificadora-para-polvo-lentejas-legumbres\ud83e\udd5c\/\" \/>\n<meta property=\"og:locale\" content=\"tr_TR\" \/>\n<meta property=\"og:type\" content=\"article\" \/>\n<meta property=\"og:title\" content=\"Empacadora, Empaquetadora, Llenadora de Bolsas, Dosificadora para Polvo, Lentejas, Legumbres?\" \/>\n<meta property=\"og:description\" content=\"Empaquetadora 2g\u2796200g  Calidad con 2\ufe0f\u20e3 a\u00f1os de garant\u00eda  Soporte t\u00e9cnico en caso de aver\u00eda  Con nuestra m\u00e1quina empaquetadora podr\u00e1 tener un soluci\u00f3n eficaz y de calidad hasta\u00a0 5000 bolsas diarias Esta m\u00e1quina es perfecta el tama\u00f1o mas grande que puede dosificar son cacahuetes pelados\u00a0 esto nos da un abanico de posibilidades para dosificar cualquier tipo de legumbre u otro tipo de productos.\" \/>\n<meta property=\"og:url\" content=\"https:\/\/www.distribucionarc.com\/en\/producto\/empacadora-empaquetadora-llenadora-de-bolsas-dosificadora-para-polvo-lentejas-legumbres\ud83e\udd5c\/\" \/>\n<meta property=\"og:site_name\" content=\"distribuci\u00f3n ARC\" \/>\n<meta property=\"article:modified_time\" content=\"2020-11-17T07:04:34+00:00\" \/>\n<meta property=\"og:image\" content=\"https:\/\/www.distribucionarc.com\/wp-content\/uploads\/2020\/04\/empaquetadora_llenadora_de_bolsas_dosificadora_para_polvo_0.jpg\" \/>\n\t<meta property=\"og:image:width\" content=\"1600\" \/>\n\t<meta property=\"og:image:height\" content=\"1600\" \/>\n\t<meta property=\"og:image:type\" content=\"image\/jpeg\" \/>\n<meta name=\"twitter:card\" content=\"summary_large_image\" \/>\n<meta name=\"twitter:label1\" content=\"Tahmini okuma s\u00fcresi\" \/>\n\t<meta name=\"twitter:data1\" content=\"2 dakika\" \/>\n<script type=\"application\/ld+json\" class=\"yoast-schema-graph\">{\"@context\":\"https:\/\/schema.org\",\"@graph\":[{\"@type\":\"WebPage\",\"@id\":\"https:\/\/www.distribucionarc.com\/en\/producto\/empacadora-empaquetadora-llenadora-de-bolsas-dosificadora-para-polvo-lentejas-legumbres%f0%9f%a5%9c\/\",\"url\":\"https:\/\/www.distribucionarc.com\/en\/producto\/empacadora-empaquetadora-llenadora-de-bolsas-dosificadora-para-polvo-lentejas-legumbres%f0%9f%a5%9c\/\",\"name\":\"Empacadora, Empaquetadora, Llenadora de Bolsas, Dosificadora para Polvo, Lentejas, Legumbres? - distribuci\u00f3n ARC\",\"isPartOf\":{\"@id\":\"https:\/\/www.distribucionarc.com\/sl\/#website\"},\"primaryImageOfPage\":{\"@id\":\"https:\/\/www.distribucionarc.com\/en\/producto\/empacadora-empaquetadora-llenadora-de-bolsas-dosificadora-para-polvo-lentejas-legumbres%f0%9f%a5%9c\/#primaryimage\"},\"image\":{\"@id\":\"https:\/\/www.distribucionarc.com\/en\/producto\/empacadora-empaquetadora-llenadora-de-bolsas-dosificadora-para-polvo-lentejas-legumbres%f0%9f%a5%9c\/#primaryimage\"},\"thumbnailUrl\":\"https:\/\/distribucionarc.com\/wp-content\/uploads\/2020\/04\/empaquetadora_llenadora_de_bolsas_dosificadora_para_polvo_0.jpg\",\"datePublished\":\"2020-04-18T22:50:14+00:00\",\"dateModified\":\"2020-11-17T07:04:34+00:00\",\"breadcrumb\":{\"@id\":\"https:\/\/www.distribucionarc.com\/en\/producto\/empacadora-empaquetadora-llenadora-de-bolsas-dosificadora-para-polvo-lentejas-legumbres%f0%9f%a5%9c\/#breadcrumb\"},\"inLanguage\":\"tr\",\"potentialAction\":[{\"@type\":\"ReadAction\",\"target\":[\"https:\/\/www.distribucionarc.com\/en\/producto\/empacadora-empaquetadora-llenadora-de-bolsas-dosificadora-para-polvo-lentejas-legumbres%f0%9f%a5%9c\/\"]}]},{\"@type\":\"ImageObject\",\"inLanguage\":\"tr\",\"@id\":\"https:\/\/www.distribucionarc.com\/en\/producto\/empacadora-empaquetadora-llenadora-de-bolsas-dosificadora-para-polvo-lentejas-legumbres%f0%9f%a5%9c\/#primaryimage\",\"url\":\"https:\/\/distribucionarc.com\/wp-content\/uploads\/2020\/04\/empaquetadora_llenadora_de_bolsas_dosificadora_para_polvo_0.jpg\",\"contentUrl\":\"https:\/\/distribucionarc.com\/wp-content\/uploads\/2020\/04\/empaquetadora_llenadora_de_bolsas_dosificadora_para_polvo_0.jpg\",\"width\":1600,\"height\":1600},{\"@type\":\"BreadcrumbList\",\"@id\":\"https:\/\/www.distribucionarc.com\/en\/producto\/empacadora-empaquetadora-llenadora-de-bolsas-dosificadora-para-polvo-lentejas-legumbres%f0%9f%a5%9c\/#breadcrumb\",\"itemListElement\":[{\"@type\":\"ListItem\",\"position\":1,\"name\":\"Portada\",\"item\":\"https:\/\/www.distribucionarc.com\/\"},{\"@type\":\"ListItem\",\"position\":2,\"name\":\"\u00dcr\u00fcnler\",\"item\":\"https:\/\/www.distribucionarc.com\/tr\/magaza\/\"},{\"@type\":\"ListItem\",\"position\":3,\"name\":\"Empacadora, Empaquetadora, Llenadora de Bolsas, Dosificadora para Polvo, Lentejas, Legumbres?\"}]},{\"@type\":\"WebSite\",\"@id\":\"https:\/\/www.distribucionarc.com\/sl\/#website\",\"url\":\"https:\/\/www.distribucionarc.com\/sl\/\",\"name\":\"distribuci\u00f3n ARC\",\"description\":\"Empresa especializada en la fabricaci\u00f3n y distribuci\u00f3n de maquinaria industrial, selladoras de latas, Maquinas de hacer pastillas, Maquinas de cortar carne...\",\"publisher\":{\"@id\":\"https:\/\/www.distribucionarc.com\/sl\/#organization\"},\"potentialAction\":[{\"@type\":\"SearchAction\",\"target\":{\"@type\":\"EntryPoint\",\"urlTemplate\":\"https:\/\/www.distribucionarc.com\/sl\/?s={search_term_string}\"},\"query-input\":{\"@type\":\"PropertyValueSpecification\",\"valueRequired\":true,\"valueName\":\"search_term_string\"}}],\"inLanguage\":\"tr\"},{\"@type\":\"Organization\",\"@id\":\"https:\/\/www.distribucionarc.com\/sl\/#organization\",\"name\":\"Distribuci\u00f3n ARC\",\"url\":\"https:\/\/www.distribucionarc.com\/sl\/\",\"logo\":{\"@type\":\"ImageObject\",\"inLanguage\":\"tr\",\"@id\":\"https:\/\/www.distribucionarc.com\/sl\/#\/schema\/logo\/image\/\",\"url\":\"https:\/\/distribucionarc.com\/wp-content\/uploads\/2024\/10\/distribucion-ARC-COLOR-SIN-FONDO-e1732295305345.png\",\"contentUrl\":\"https:\/\/distribucionarc.com\/wp-content\/uploads\/2024\/10\/distribucion-ARC-COLOR-SIN-FONDO-e1732295305345.png\",\"width\":1164,\"height\":558,\"caption\":\"Distribuci\u00f3n ARC\"},\"image\":{\"@id\":\"https:\/\/www.distribucionarc.com\/sl\/#\/schema\/logo\/image\/\"},\"description\":\"Empresa especializada en la fabricaci\u00f3n y distribuci\u00f3n de maquinaria industrial para los sectores alimentario y farmac\u00e9utico. Nos especializamos en: M\u00e1quinas de cortar carne Fabricaci\u00f3n de comprimidos Sistemas de transporte industrial L\u00edneas de embotellado Dosificadores Y mucho m\u00e1s... Ofrecemos soluciones innovadoras y personalizadas para optimizar los procesos productivos de tu empresa.\",\"email\":\"Admistracion@distribucionarc.com\",\"telephone\":\"+34 643496664\",\"legalName\":\"ARC TECH SOLUTIONS\",\"foundingDate\":\"2024-04-09\",\"vatID\":\"B55480172\",\"numberOfEmployees\":{\"@type\":\"QuantitativeValue\",\"minValue\":\"1\",\"maxValue\":\"10\"}}]}<\/script>\n<!-- \/ Yoast SEO Premium plugin. -->","yoast_head_json":{"title":"Balya Makinesi, Paketleme Makinesi, Torba Dolum Makinesi, Toz Dispenseri, Mercimek, Bakliyat? - ARC da\u011f\u0131t\u0131m\u0131","robots":{"index":"index","follow":"follow","max-snippet":"max-snippet:-1","max-image-preview":"max-image-preview:large","max-video-preview":"max-video-preview:-1"},"canonical":"https:\/\/www.distribucionarc.com\/en\/producto\/empacadora-empaquetadora-llenadora-de-bolsas-dosificadora-para-polvo-lentejas-legumbres\ud83e\udd5c\/","og_locale":"tr_TR","og_type":"article","og_title":"Empacadora, Empaquetadora, Llenadora de Bolsas, Dosificadora para Polvo, Lentejas, Legumbres?","og_description":"Empaquetadora 2g\u2796200g  Calidad con 2\ufe0f\u20e3 a\u00f1os de garant\u00eda  Soporte t\u00e9cnico en caso de aver\u00eda  Con nuestra m\u00e1quina empaquetadora podr\u00e1 tener un soluci\u00f3n eficaz y de calidad hasta\u00a0 5000 bolsas diarias Esta m\u00e1quina es perfecta el tama\u00f1o mas grande que puede dosificar son cacahuetes pelados\u00a0 esto nos da un abanico de posibilidades para dosificar cualquier tipo de legumbre u otro tipo de productos.","og_url":"https:\/\/www.distribucionarc.com\/en\/producto\/empacadora-empaquetadora-llenadora-de-bolsas-dosificadora-para-polvo-lentejas-legumbres\ud83e\udd5c\/","og_site_name":"distribuci\u00f3n ARC","article_modified_time":"2020-11-17T07:04:34+00:00","og_image":[{"width":1600,"height":1600,"url":"https:\/\/www.distribucionarc.com\/wp-content\/uploads\/2020\/04\/empaquetadora_llenadora_de_bolsas_dosificadora_para_polvo_0.jpg","type":"image\/jpeg"}],"twitter_card":"summary_large_image","twitter_misc":{"Tahmini okuma s\u00fcresi":"2 dakika"},"schema":{"@context":"https:\/\/schema.org","@graph":[{"@type":"WebPage","@id":"https:\/\/www.distribucionarc.com\/en\/producto\/empacadora-empaquetadora-llenadora-de-bolsas-dosificadora-para-polvo-lentejas-legumbres%f0%9f%a5%9c\/","url":"https:\/\/www.distribucionarc.com\/en\/producto\/empacadora-empaquetadora-llenadora-de-bolsas-dosificadora-para-polvo-lentejas-legumbres%f0%9f%a5%9c\/","name":"Balya Makinesi, Paketleme Makinesi, Torba Dolum Makinesi, Toz Dispenseri, Mercimek, Bakliyat? - ARC da\u011f\u0131t\u0131m\u0131","isPartOf":{"@id":"https:\/\/www.distribucionarc.com\/sl\/#website"},"primaryImageOfPage":{"@id":"https:\/\/www.distribucionarc.com\/en\/producto\/empacadora-empaquetadora-llenadora-de-bolsas-dosificadora-para-polvo-lentejas-legumbres%f0%9f%a5%9c\/#primaryimage"},"image":{"@id":"https:\/\/www.distribucionarc.com\/en\/producto\/empacadora-empaquetadora-llenadora-de-bolsas-dosificadora-para-polvo-lentejas-legumbres%f0%9f%a5%9c\/#primaryimage"},"thumbnailUrl":"https:\/\/distribucionarc.com\/wp-content\/uploads\/2020\/04\/empaquetadora_llenadora_de_bolsas_dosificadora_para_polvo_0.jpg","datePublished":"2020-04-18T22:50:14+00:00","dateModified":"2020-11-17T07:04:34+00:00","breadcrumb":{"@id":"https:\/\/www.distribucionarc.com\/en\/producto\/empacadora-empaquetadora-llenadora-de-bolsas-dosificadora-para-polvo-lentejas-legumbres%f0%9f%a5%9c\/#breadcrumb"},"inLanguage":"tr","potentialAction":[{"@type":"ReadAction","target":["https:\/\/www.distribucionarc.com\/en\/producto\/empacadora-empaquetadora-llenadora-de-bolsas-dosificadora-para-polvo-lentejas-legumbres%f0%9f%a5%9c\/"]}]},{"@type":"ImageObject","inLanguage":"tr","@id":"https:\/\/www.distribucionarc.com\/en\/producto\/empacadora-empaquetadora-llenadora-de-bolsas-dosificadora-para-polvo-lentejas-legumbres%f0%9f%a5%9c\/#primaryimage","url":"https:\/\/distribucionarc.com\/wp-content\/uploads\/2020\/04\/empaquetadora_llenadora_de_bolsas_dosificadora_para_polvo_0.jpg","contentUrl":"https:\/\/distribucionarc.com\/wp-content\/uploads\/2020\/04\/empaquetadora_llenadora_de_bolsas_dosificadora_para_polvo_0.jpg","width":1600,"height":1600},{"@type":"BreadcrumbList","@id":"https:\/\/www.distribucionarc.com\/en\/producto\/empacadora-empaquetadora-llenadora-de-bolsas-dosificadora-para-polvo-lentejas-legumbres%f0%9f%a5%9c\/#breadcrumb","itemListElement":[{"@type":"ListItem","position":1,"name":"Portada","item":"https:\/\/www.distribucionarc.com\/"},{"@type":"ListItem","position":2,"name":"\u00dcr\u00fcnler","item":"https:\/\/www.distribucionarc.com\/tr\/magaza\/"},{"@type":"ListItem","position":3,"name":"Empacadora, Empaquetadora, Llenadora de Bolsas, Dosificadora para Polvo, Lentejas, Legumbres?"}]},{"@type":"WebSite","@id":"https:\/\/www.distribucionarc.com\/sl\/#website","url":"https:\/\/www.distribucionarc.com\/sl\/","name":"ARC da\u011f\u0131t\u0131m\u0131","description":"End\u00fcstriyel makinelerin \u00fcretimi ve da\u011f\u0131t\u0131m\u0131 konusunda uzmanla\u015fm\u0131\u015f \u015firket, kutu m\u00fch\u00fcrleme makineleri, tablet yapma makineleri, et kesme makineleri...","publisher":{"@id":"https:\/\/www.distribucionarc.com\/sl\/#organization"},"potentialAction":[{"@type":"SearchAction","target":{"@type":"EntryPoint","urlTemplate":"https:\/\/www.distribucionarc.com\/sl\/?s={search_term_string}"},"query-input":{"@type":"PropertyValueSpecification","valueRequired":true,"valueName":"search_term_string"}}],"inLanguage":"tr"},{"@type":"Organization","@id":"https:\/\/www.distribucionarc.com\/sl\/#organization","name":"ARC Da\u011f\u0131t\u0131m\u0131","url":"https:\/\/www.distribucionarc.com\/sl\/","logo":{"@type":"ImageObject","inLanguage":"tr","@id":"https:\/\/www.distribucionarc.com\/sl\/#\/schema\/logo\/image\/","url":"https:\/\/distribucionarc.com\/wp-content\/uploads\/2024\/10\/distribucion-ARC-COLOR-SIN-FONDO-e1732295305345.png","contentUrl":"https:\/\/distribucionarc.com\/wp-content\/uploads\/2024\/10\/distribucion-ARC-COLOR-SIN-FONDO-e1732295305345.png","width":1164,"height":558,"caption":"Distribuci\u00f3n ARC"},"image":{"@id":"https:\/\/www.distribucionarc.com\/sl\/#\/schema\/logo\/image\/"},"description":"\u015eirket, g\u0131da ve ila\u00e7 sekt\u00f6rleri i\u00e7in end\u00fcstriyel makine \u00fcretimi ve da\u011f\u0131t\u0131m\u0131 konusunda uzmanla\u015fm\u0131\u015ft\u0131r. Uzmanl\u0131k alanlar\u0131m\u0131z Et kesme makineleri Tablet \u00fcretimi End\u00fcstriyel ta\u015f\u0131ma sistemleri \u015ei\u015feleme hatlar\u0131 Dozajlama makineleri Ve \u00e7ok daha fazlas\u0131... \u015eirketinizin \u00fcretim s\u00fcre\u00e7lerini optimize etmek i\u00e7in yenilik\u00e7i ve \u00f6zelle\u015ftirilmi\u015f \u00e7\u00f6z\u00fcmler sunuyoruz.","email":"Admistracion@distribucionarc.com","telephone":"+34 643496664","legalName":"ARC TECH SOLUTIONS","foundingDate":"2024-04-09","vatID":"B55480172","numberOfEmployees":{"@type":"QuantitativeValue","minValue":"1","maxValue":"10"}}]}},"_links":{"self":[{"href":"https:\/\/distribucionarc.com\/tr\/wp-json\/wp\/v2\/product\/450","targetHints":{"allow":["GET"]}}],"collection":[{"href":"https:\/\/distribucionarc.com\/tr\/wp-json\/wp\/v2\/product"}],"about":[{"href":"https:\/\/distribucionarc.com\/tr\/wp-json\/wp\/v2\/types\/product"}],"replies":[{"embeddable":true,"href":"https:\/\/distribucionarc.com\/tr\/wp-json\/wp\/v2\/comments?post=450"}],"version-history":[{"count":0,"href":"https:\/\/distribucionarc.com\/tr\/wp-json\/wp\/v2\/product\/450\/revisions"}],"wp:featuredmedia":[{"embeddable":true,"href":"https:\/\/distribucionarc.com\/tr\/wp-json\/wp\/v2\/media\/458"}],"wp:attachment":[{"href":"https:\/\/distribucionarc.com\/tr\/wp-json\/wp\/v2\/media?parent=450"}],"wp:term":[{"taxonomy":"product_brand","embeddable":true,"href":"https:\/\/distribucionarc.com\/tr\/wp-json\/wp\/v2\/product_brand?post=450"},{"taxonomy":"product_cat","embeddable":true,"href":"https:\/\/distribucionarc.com\/tr\/wp-json\/wp\/v2\/product_cat?post=450"},{"taxonomy":"product_tag","embeddable":true,"href":"https:\/\/distribucionarc.com\/tr\/wp-json\/wp\/v2\/product_tag?post=450"}],"curies":[{"name":"wp","href":"https:\/\/api.w.org\/{rel}","templated":true}]}}